{"id":990,"date":"2015-06-22T15:55:52","date_gmt":"2015-06-22T15:55:52","guid":{"rendered":"https:\/\/behostels.com\/?page_id=990"},"modified":"2015-11-30T11:47:18","modified_gmt":"2015-11-30T11:47:18","slug":"free-drink-and-tapa","status":"publish","type":"page","link":"https:\/\/behostels.com\/pt-br\/free-drink-and-tapa\/","title":{"rendered":"Bebida e Tapa gratuito"},"content":{"rendered":"<div class=\"uk-grid uk-text-left uk-flex-middle\">\r\n\t<div class=\"uk-width-medium-1-3\">\r\n\t\t<div class=\"uk-overlay uk-overlay-hover uk-border-circle\">\r\n\t\t\r\n\t\t\t<img loading=\"lazy\" decoding=\"async\" src=\"https:\/\/behostels.com\/wp-content\/uploads\/2015\/07\/free-drink.jpg\" alt=\"Free drink and tapa with check in\" width=\"600\" height=\"600\" class=\"uk-border-circle uk-overlay-scale\" \/>\r\n\t\t<\/div>\r\n\t<\/div>\r\n\t<div class=\"uk-width-medium-2-3\">\r\n<h2>Bebida e Tapa gratuito<\/h2>\r\n<p>Os h\u00f3spedes de <strong>Be Hostels<\/strong> s\u00e3o todos recebidos com uma <a href=\"https:\/\/behostels.com\/pt-br\/bebida-e-tapa-gratuitas-reservando-em-be-hostels-barcelona\/\"><strong>Bebida e Tapa gratuitas<\/strong><\/a> no <strong>Restaurante Mes\u00f3n David<\/strong>. As <strong>Tapas<\/strong> s\u00e3o os tira-gostos t\u00edpicos da <strong>cozinha espanhola<\/strong>. Siga a <strong>tradi\u00e7\u00e3o espanhola<\/strong> e n\u00e3o deixe de experimentar sua variada gastronomia assim que <strong>chegar em Barcelona<\/strong>!<\/p>\r\n\t\t\r\n\t<\/div>\r\n<\/div>\r\n<h3>Ficamos felizes em lhe encaminhar na sua visita a Barcelona<\/h3>\r\n\r\n<p>Por isso, reservamos uma oferta especial totalmente gratuita no ponto gastron\u00f4mico <strong>Mes\u00f3n David<\/strong> como boas-vindas. N\u00e3o hesite em perguntar sobre outros descontos especiais acontecendo no momento da sua chegada.<\/p>\r\n\n\n<div id=\"wk-gridf16\" class=\"uk-grid-width-1-1 uk-grid-width-small-1-2 uk-grid-width-medium-1-5 uk-grid uk-grid-match uk-grid-collapse \" data-uk-grid-match=\"{target:'> div > .uk-panel', row:true}\" data-uk-grid-margin  data-uk-scrollspy=\"{cls:'uk-animation-fade uk-invisible', target:'> div > .uk-panel', delay:300}\">\n\n    \n    <div>\n    \n<div class=\"uk-panel uk-invisible\">\n\n    <div class=\"uk-panel-teaser\">\n\n        <figure class=\"uk-overlay uk-overlay-hover \">\n\n            <img loading=\"lazy\" decoding=\"async\" src=\"\/wp-content\/plugins\/widgetkit\/cache\/Meson-david-02-f8cdfe406ec17c2e724c5fa939a4b9f5.jpg\" class=\"uk-overlay-scale\" alt=\"Meson-david-\" width=\"317\" height=\"211\">\n            \n                        <div class=\"uk-overlay-panel uk-overlay-background uk-overlay-fade\"><\/div>\n            \n                            <div class=\"uk-overlay-panel uk-overlay-icon uk-overlay-fade\"><\/div>\n            \n                                                                        <a class=\"uk-position-cover\" href=\"\/wp-content\/uploads\/meson-david-gallery\/Meson-david-02.jpg\" data-lightbox-type=\"image\" data-uk-lightbox=\"{group:'.wk-1f16'}\" ><\/a>\n                                                \n        <\/figure>\n\n    <\/div>\n\n    \n        \n        \n    \n<\/div>\n    <\/div>\n\n        \n    <div>\n    \n<div class=\"uk-panel uk-invisible\">\n\n    <div class=\"uk-panel-teaser\">\n\n        <figure class=\"uk-overlay uk-overlay-hover \">\n\n            <img loading=\"lazy\" decoding=\"async\" src=\"\/wp-content\/plugins\/widgetkit\/cache\/Meson-david-03-d52862420b355c91cd498ed4e7d06914.jpg\" class=\"uk-overlay-scale\" alt=\"Meson-david-\" width=\"317\" height=\"211\">\n            \n                        <div class=\"uk-overlay-panel uk-overlay-background uk-overlay-fade\"><\/div>\n            \n                            <div class=\"uk-overlay-panel uk-overlay-icon uk-overlay-fade\"><\/div>\n            \n                                                                        <a class=\"uk-position-cover\" href=\"\/wp-content\/uploads\/meson-david-gallery\/Meson-david-03.jpg\" data-lightbox-type=\"image\" data-uk-lightbox=\"{group:'.wk-1f16'}\" ><\/a>\n                                                \n        <\/figure>\n\n    <\/div>\n\n    \n        \n        \n    \n<\/div>\n    <\/div>\n\n        \n    <div>\n    \n<div class=\"uk-panel uk-invisible\">\n\n    <div class=\"uk-panel-teaser\">\n\n        <figure class=\"uk-overlay uk-overlay-hover \">\n\n            <img loading=\"lazy\" decoding=\"async\" src=\"\/wp-content\/plugins\/widgetkit\/cache\/Meson-david-05-c1944957eba91bc9cf29d2c65f006e57.jpg\" class=\"uk-overlay-scale\" alt=\"Meson-david-\" width=\"317\" height=\"211\">\n            \n                        <div class=\"uk-overlay-panel uk-overlay-background uk-overlay-fade\"><\/div>\n            \n                            <div class=\"uk-overlay-panel uk-overlay-icon uk-overlay-fade\"><\/div>\n            \n                                                                        <a class=\"uk-position-cover\" href=\"\/wp-content\/uploads\/meson-david-gallery\/Meson-david-05.jpg\" data-lightbox-type=\"image\" data-uk-lightbox=\"{group:'.wk-1f16'}\" ><\/a>\n                                                \n        <\/figure>\n\n    <\/div>\n\n    \n        \n        \n    \n<\/div>\n    <\/div>\n\n        \n    <div>\n    \n<div class=\"uk-panel uk-invisible\">\n\n    <div class=\"uk-panel-teaser\">\n\n        <figure class=\"uk-overlay uk-overlay-hover \">\n\n            <img loading=\"lazy\" decoding=\"async\" src=\"\/wp-content\/plugins\/widgetkit\/cache\/Meson-david-06-5e2b715ee28532170e4ba81dcf827f17.jpg\" class=\"uk-overlay-scale\" alt=\"Meson-david-\" width=\"317\" height=\"211\">\n            \n                        <div class=\"uk-overlay-panel uk-overlay-background uk-overlay-fade\"><\/div>\n            \n                            <div class=\"uk-overlay-panel uk-overlay-icon uk-overlay-fade\"><\/div>\n            \n                                                                        <a class=\"uk-position-cover\" href=\"\/wp-content\/uploads\/meson-david-gallery\/Meson-david-06.jpg\" data-lightbox-type=\"image\" data-uk-lightbox=\"{group:'.wk-1f16'}\" ><\/a>\n                                                \n        <\/figure>\n\n    <\/div>\n\n    \n        \n        \n    \n<\/div>\n    <\/div>\n\n        \n    <div>\n    \n<div class=\"uk-panel uk-invisible\">\n\n    <div class=\"uk-panel-teaser\">\n\n        <figure class=\"uk-overlay uk-overlay-hover \">\n\n            <img loading=\"lazy\" decoding=\"async\" src=\"\/wp-content\/plugins\/widgetkit\/cache\/Meson-david-07-6fd2aff04bed30a40a677e234572adc7.jpg\" class=\"uk-overlay-scale\" alt=\"Meson-david-\" width=\"317\" height=\"211\">\n            \n                        <div class=\"uk-overlay-panel uk-overlay-background uk-overlay-fade\"><\/div>\n            \n                            <div class=\"uk-overlay-panel uk-overlay-icon uk-overlay-fade\"><\/div>\n            \n                                                                        <a class=\"uk-position-cover\" href=\"\/wp-content\/uploads\/meson-david-gallery\/Meson-david-07.jpg\" data-lightbox-type=\"image\" data-uk-lightbox=\"{group:'.wk-1f16'}\" ><\/a>\n                                                \n        <\/figure>\n\n    <\/div>\n\n    \n        \n        \n    \n<\/div>\n    <\/div>\n\n        \n    <div>\n    \n<div class=\"uk-panel uk-invisible\">\n\n    <div class=\"uk-panel-teaser\">\n\n        <figure class=\"uk-overlay uk-overlay-hover \">\n\n            <img loading=\"lazy\" decoding=\"async\" src=\"\/wp-content\/plugins\/widgetkit\/cache\/Meson-david-08-db6cdd24fae07132a4f00dd99b0f4056.jpg\" class=\"uk-overlay-scale\" alt=\"Meson-david-\" width=\"317\" height=\"211\">\n            \n                        <div class=\"uk-overlay-panel uk-overlay-background uk-overlay-fade\"><\/div>\n            \n                            <div class=\"uk-overlay-panel uk-overlay-icon uk-overlay-fade\"><\/div>\n            \n                                                                        <a class=\"uk-position-cover\" href=\"\/wp-content\/uploads\/meson-david-gallery\/Meson-david-08.jpg\" data-lightbox-type=\"image\" data-uk-lightbox=\"{group:'.wk-1f16'}\" ><\/a>\n                                                \n        <\/figure>\n\n    <\/div>\n\n    \n        \n        \n    \n<\/div>\n    <\/div>\n\n        \n    <div>\n    \n<div class=\"uk-panel uk-invisible\">\n\n    <div class=\"uk-panel-teaser\">\n\n        <figure class=\"uk-overlay uk-overlay-hover \">\n\n            <img loading=\"lazy\" decoding=\"async\" src=\"\/wp-content\/plugins\/widgetkit\/cache\/Meson-david-09-4621b1a980c3649c3176aef12ea47227.jpg\" class=\"uk-overlay-scale\" alt=\"Meson-david-\" width=\"317\" height=\"211\">\n            \n                        <div class=\"uk-overlay-panel uk-overlay-background uk-overlay-fade\"><\/div>\n            \n                            <div class=\"uk-overlay-panel uk-overlay-icon uk-overlay-fade\"><\/div>\n            \n                                                                        <a class=\"uk-position-cover\" href=\"\/wp-content\/uploads\/meson-david-gallery\/Meson-david-09.jpg\" data-lightbox-type=\"image\" data-uk-lightbox=\"{group:'.wk-1f16'}\" ><\/a>\n                                                \n        <\/figure>\n\n    <\/div>\n\n    \n        \n        \n    \n<\/div>\n    <\/div>\n\n        \n    <div>\n    \n<div class=\"uk-panel uk-invisible\">\n\n    <div class=\"uk-panel-teaser\">\n\n        <figure class=\"uk-overlay uk-overlay-hover \">\n\n            <img loading=\"lazy\" decoding=\"async\" src=\"\/wp-content\/plugins\/widgetkit\/cache\/Meson-david-10-3bf6c3251100088f301c1f055be26275.jpg\" class=\"uk-overlay-scale\" alt=\"Meson-david-\" width=\"317\" height=\"211\">\n            \n                        <div class=\"uk-overlay-panel uk-overlay-background uk-overlay-fade\"><\/div>\n            \n                            <div class=\"uk-overlay-panel uk-overlay-icon uk-overlay-fade\"><\/div>\n            \n                                                                        <a class=\"uk-position-cover\" href=\"\/wp-content\/uploads\/meson-david-gallery\/Meson-david-10.jpg\" data-lightbox-type=\"image\" data-uk-lightbox=\"{group:'.wk-1f16'}\" ><\/a>\n                                                \n        <\/figure>\n\n    <\/div>\n\n    \n        \n        \n    \n<\/div>\n    <\/div>\n\n        \n    <div>\n    \n<div class=\"uk-panel uk-invisible\">\n\n    <div class=\"uk-panel-teaser\">\n\n        <figure class=\"uk-overlay uk-overlay-hover \">\n\n            <img loading=\"lazy\" decoding=\"async\" src=\"\/wp-content\/plugins\/widgetkit\/cache\/Meson-david-11-a9c3b130f76412112c704019927c6708.jpg\" class=\"uk-overlay-scale\" alt=\"Meson-david-\" width=\"317\" height=\"211\">\n            \n                        <div class=\"uk-overlay-panel uk-overlay-background uk-overlay-fade\"><\/div>\n            \n                            <div class=\"uk-overlay-panel uk-overlay-icon uk-overlay-fade\"><\/div>\n            \n                                                                        <a class=\"uk-position-cover\" href=\"\/wp-content\/uploads\/meson-david-gallery\/Meson-david-11.jpg\" data-lightbox-type=\"image\" data-uk-lightbox=\"{group:'.wk-1f16'}\" ><\/a>\n                                                \n        <\/figure>\n\n    <\/div>\n\n    \n        \n        \n    \n<\/div>\n    <\/div>\n\n        \n    <div>\n    \n<div class=\"uk-panel uk-invisible\">\n\n    <div class=\"uk-panel-teaser\">\n\n        <figure class=\"uk-overlay uk-overlay-hover \">\n\n            <img loading=\"lazy\" decoding=\"async\" src=\"\/wp-content\/plugins\/widgetkit\/cache\/Meson-david-12-6bb5254aa90f345851a671c110bf1a69.jpg\" class=\"uk-overlay-scale\" alt=\"Meson-david-\" width=\"317\" height=\"211\">\n            \n                        <div class=\"uk-overlay-panel uk-overlay-background uk-overlay-fade\"><\/div>\n            \n                            <div class=\"uk-overlay-panel uk-overlay-icon uk-overlay-fade\"><\/div>\n            \n                                                                        <a class=\"uk-position-cover\" href=\"\/wp-content\/uploads\/meson-david-gallery\/Meson-david-12.jpg\" data-lightbox-type=\"image\" data-uk-lightbox=\"{group:'.wk-1f16'}\" ><\/a>\n                                                \n        <\/figure>\n\n    <\/div>\n\n    \n        \n        \n    \n<\/div>\n    <\/div>\n\n    \n<\/div>\n\n\n<script>\n(function($){\n\n    \/\/ get the images of the gallery and replace it by a canvas of the same size to fix the problem with overlapping images on load.\n    $('img[width][height]:not(.uk-overlay-panel)', $('#wk-gridf16')).each(function() {\n\n        var $img = $(this);\n\n        if (this.width == 'auto' || this.height == 'auto' || !$img.is(':visible')) {\n            return;\n        }\n\n        var $canvas = $('<canvas class=\"uk-responsive-width\"><\/canvas>').attr({width:$img.attr('width'), height:$img.attr('height')}),\n            img = new Image,\n            release = function() {\n                $canvas.remove();\n                $img.css('display', '');\n                release = function(){};\n            };\n\n        $img.css('display', 'none').after($canvas);\n\n        $(img).on('load', function(){ release(); });\n        setTimeout(function(){ release(); }, 1000);\n\n        img.src = this.src;\n\n    });\n\n})(jQuery);\n<\/script>\n","protected":false},"excerpt":{"rendered":"<p>Bebida e Tapa gratuito Os h\u00f3spedes de Be Hostels s\u00e3o todos recebidos com uma Bebida e Tapa gratuitas no Restaurante Mes\u00f3n David. As Tapas s\u00e3o os tira-gostos t\u00edpicos da cozinha espanhola. Siga a tradi\u00e7\u00e3o espanhola e n\u00e3o deixe de experimentar sua variada gastronomia assim que chegar em Barcelona! Ficamos felizes em lhe encaminhar na sua [&hellip;]<\/p>\n","protected":false},"author":1,"featured_media":0,"parent":0,"menu_order":0,"comment_status":"closed","ping_status":"closed","template":"","meta":{"footnotes":""},"yoast_head":"<!-- This site is optimized with the Yoast SEO plugin v22.7 - https:\/\/yoast.com\/wordpress\/plugins\/seo\/ -->\n<title>Free Drink and Tapa<\/title>\n<meta name=\"description\" content=\"Free Drink and Tapa\" \/>\n<meta name=\"robots\" content=\"index, follow, max-snippet:-1, max-image-preview:large, max-video-preview:-1\" \/>\n<link rel=\"canonical\" href=\"https:\/\/behostels.com\/pt-br\/free-drink-and-tapa\/\" \/>\n<meta property=\"og:locale\" content=\"pt_BR\" \/>\n<meta property=\"og:type\" content=\"article\" \/>\n<meta property=\"og:title\" content=\"Free Drink and Tapa\" \/>\n<meta property=\"og:description\" content=\"Free Drink and Tapa\" \/>\n<meta property=\"og:url\" content=\"https:\/\/behostels.com\/pt-br\/free-drink-and-tapa\/\" \/>\n<meta property=\"og:site_name\" content=\"Be Hostels\" \/>\n<meta property=\"article:modified_time\" content=\"2015-11-30T11:47:18+00:00\" \/>\n<meta property=\"og:image\" content=\"https:\/\/behostels.com\/wp-content\/uploads\/2015\/07\/free-drink.jpg\" \/>\n<meta name=\"twitter:card\" content=\"summary_large_image\" \/>\n<script type=\"application\/ld+json\" class=\"yoast-schema-graph\">{\"@context\":\"https:\/\/schema.org\",\"@graph\":[{\"@type\":\"WebPage\",\"@id\":\"https:\/\/behostels.com\/pt-br\/free-drink-and-tapa\/\",\"url\":\"https:\/\/behostels.com\/pt-br\/free-drink-and-tapa\/\",\"name\":\"Free Drink and Tapa\",\"isPartOf\":{\"@id\":\"https:\/\/behostels.com\/pt-br\/#website\"},\"primaryImageOfPage\":{\"@id\":\"https:\/\/behostels.com\/pt-br\/free-drink-and-tapa\/#primaryimage\"},\"image\":{\"@id\":\"https:\/\/behostels.com\/pt-br\/free-drink-and-tapa\/#primaryimage\"},\"thumbnailUrl\":\"https:\/\/behostels.com\/wp-content\/uploads\/2015\/07\/free-drink.jpg\",\"datePublished\":\"2015-06-22T15:55:52+00:00\",\"dateModified\":\"2015-11-30T11:47:18+00:00\",\"description\":\"Free Drink and Tapa\",\"breadcrumb\":{\"@id\":\"https:\/\/behostels.com\/pt-br\/free-drink-and-tapa\/#breadcrumb\"},\"inLanguage\":\"pt-BR\",\"potentialAction\":[{\"@type\":\"ReadAction\",\"target\":[\"https:\/\/behostels.com\/pt-br\/free-drink-and-tapa\/\"]}]},{\"@type\":\"ImageObject\",\"inLanguage\":\"pt-BR\",\"@id\":\"https:\/\/behostels.com\/pt-br\/free-drink-and-tapa\/#primaryimage\",\"url\":\"https:\/\/behostels.com\/wp-content\/uploads\/2015\/07\/free-drink.jpg\",\"contentUrl\":\"https:\/\/behostels.com\/wp-content\/uploads\/2015\/07\/free-drink.jpg\"},{\"@type\":\"BreadcrumbList\",\"@id\":\"https:\/\/behostels.com\/pt-br\/free-drink-and-tapa\/#breadcrumb\",\"itemListElement\":[{\"@type\":\"ListItem\",\"position\":1,\"name\":\"Home\",\"item\":\"https:\/\/behostels.com\/pt-br\/\"},{\"@type\":\"ListItem\",\"position\":2,\"name\":\"Bebida e Tapa gratuito\"}]},{\"@type\":\"WebSite\",\"@id\":\"https:\/\/behostels.com\/pt-br\/#website\",\"url\":\"https:\/\/behostels.com\/pt-br\/\",\"name\":\"Be Hostels\",\"description\":\"\",\"publisher\":{\"@id\":\"https:\/\/behostels.com\/pt-br\/#organization\"},\"potentialAction\":[{\"@type\":\"SearchAction\",\"target\":{\"@type\":\"EntryPoint\",\"urlTemplate\":\"https:\/\/behostels.com\/pt-br\/?s={search_term_string}\"},\"query-input\":\"required name=search_term_string\"}],\"inLanguage\":\"pt-BR\"},{\"@type\":\"Organization\",\"@id\":\"https:\/\/behostels.com\/pt-br\/#organization\",\"name\":\"Be Hostels\",\"url\":\"https:\/\/behostels.com\/pt-br\/\",\"logo\":{\"@type\":\"ImageObject\",\"inLanguage\":\"pt-BR\",\"@id\":\"https:\/\/behostels.com\/pt-br\/#\/schema\/logo\/image\/\",\"url\":\"https:\/\/behostels.com\/wp-content\/uploads\/2015\/06\/be_reservations_logo.jpg\",\"contentUrl\":\"https:\/\/behostels.com\/wp-content\/uploads\/2015\/06\/be_reservations_logo.jpg\",\"width\":130,\"height\":130,\"caption\":\"Be Hostels\"},\"image\":{\"@id\":\"https:\/\/behostels.com\/pt-br\/#\/schema\/logo\/image\/\"}}]}<\/script>\n<!-- \/ Yoast SEO plugin. -->","yoast_head_json":{"title":"Free Drink and Tapa","description":"Free Drink and Tapa","robots":{"index":"index","follow":"follow","max-snippet":"max-snippet:-1","max-image-preview":"max-image-preview:large","max-video-preview":"max-video-preview:-1"},"canonical":"https:\/\/behostels.com\/pt-br\/free-drink-and-tapa\/","og_locale":"pt_BR","og_type":"article","og_title":"Free Drink and Tapa","og_description":"Free Drink and Tapa","og_url":"https:\/\/behostels.com\/pt-br\/free-drink-and-tapa\/","og_site_name":"Be Hostels","article_modified_time":"2015-11-30T11:47:18+00:00","og_image":[{"url":"https:\/\/behostels.com\/wp-content\/uploads\/2015\/07\/free-drink.jpg"}],"twitter_card":"summary_large_image","schema":{"@context":"https:\/\/schema.org","@graph":[{"@type":"WebPage","@id":"https:\/\/behostels.com\/pt-br\/free-drink-and-tapa\/","url":"https:\/\/behostels.com\/pt-br\/free-drink-and-tapa\/","name":"Free Drink and Tapa","isPartOf":{"@id":"https:\/\/behostels.com\/pt-br\/#website"},"primaryImageOfPage":{"@id":"https:\/\/behostels.com\/pt-br\/free-drink-and-tapa\/#primaryimage"},"image":{"@id":"https:\/\/behostels.com\/pt-br\/free-drink-and-tapa\/#primaryimage"},"thumbnailUrl":"https:\/\/behostels.com\/wp-content\/uploads\/2015\/07\/free-drink.jpg","datePublished":"2015-06-22T15:55:52+00:00","dateModified":"2015-11-30T11:47:18+00:00","description":"Free Drink and Tapa","breadcrumb":{"@id":"https:\/\/behostels.com\/pt-br\/free-drink-and-tapa\/#breadcrumb"},"inLanguage":"pt-BR","potentialAction":[{"@type":"ReadAction","target":["https:\/\/behostels.com\/pt-br\/free-drink-and-tapa\/"]}]},{"@type":"ImageObject","inLanguage":"pt-BR","@id":"https:\/\/behostels.com\/pt-br\/free-drink-and-tapa\/#primaryimage","url":"https:\/\/behostels.com\/wp-content\/uploads\/2015\/07\/free-drink.jpg","contentUrl":"https:\/\/behostels.com\/wp-content\/uploads\/2015\/07\/free-drink.jpg"},{"@type":"BreadcrumbList","@id":"https:\/\/behostels.com\/pt-br\/free-drink-and-tapa\/#breadcrumb","itemListElement":[{"@type":"ListItem","position":1,"name":"Home","item":"https:\/\/behostels.com\/pt-br\/"},{"@type":"ListItem","position":2,"name":"Bebida e Tapa gratuito"}]},{"@type":"WebSite","@id":"https:\/\/behostels.com\/pt-br\/#website","url":"https:\/\/behostels.com\/pt-br\/","name":"Be Hostels","description":"","publisher":{"@id":"https:\/\/behostels.com\/pt-br\/#organization"},"potentialAction":[{"@type":"SearchAction","target":{"@type":"EntryPoint","urlTemplate":"https:\/\/behostels.com\/pt-br\/?s={search_term_string}"},"query-input":"required name=search_term_string"}],"inLanguage":"pt-BR"},{"@type":"Organization","@id":"https:\/\/behostels.com\/pt-br\/#organization","name":"Be Hostels","url":"https:\/\/behostels.com\/pt-br\/","logo":{"@type":"ImageObject","inLanguage":"pt-BR","@id":"https:\/\/behostels.com\/pt-br\/#\/schema\/logo\/image\/","url":"https:\/\/behostels.com\/wp-content\/uploads\/2015\/06\/be_reservations_logo.jpg","contentUrl":"https:\/\/behostels.com\/wp-content\/uploads\/2015\/06\/be_reservations_logo.jpg","width":130,"height":130,"caption":"Be Hostels"},"image":{"@id":"https:\/\/behostels.com\/pt-br\/#\/schema\/logo\/image\/"}}]}},"_links":{"self":[{"href":"https:\/\/behostels.com\/pt-br\/wp-json\/wp\/v2\/pages\/990"}],"collection":[{"href":"https:\/\/behostels.com\/pt-br\/wp-json\/wp\/v2\/pages"}],"about":[{"href":"https:\/\/behostels.com\/pt-br\/wp-json\/wp\/v2\/types\/page"}],"author":[{"embeddable":true,"href":"https:\/\/behostels.com\/pt-br\/wp-json\/wp\/v2\/users\/1"}],"replies":[{"embeddable":true,"href":"https:\/\/behostels.com\/pt-br\/wp-json\/wp\/v2\/comments?post=990"}],"version-history":[{"count":0,"href":"https:\/\/behostels.com\/pt-br\/wp-json\/wp\/v2\/pages\/990\/revisions"}],"wp:attachment":[{"href":"https:\/\/behostels.com\/pt-br\/wp-json\/wp\/v2\/media?parent=990"}],"curies":[{"name":"wp","href":"https:\/\/api.w.org\/{rel}","templated":true}]}}