{"id":937,"date":"2015-06-22T14:51:52","date_gmt":"2015-06-22T14:51:52","guid":{"rendered":"https:\/\/behostels.com\/?page_id=937"},"modified":"2015-11-26T13:16:09","modified_gmt":"2015-11-26T13:16:09","slug":"grupos-em-be-hostels-barcelona-e-zaragoza","status":"publish","type":"page","link":"https:\/\/behostels.com\/pt-br\/grupos-em-be-hostels-barcelona-e-zaragoza\/","title":{"rendered":"Grupos em Be Hostels Barcelona e Zaragoza"},"content":{"rendered":"<h2>Se estiver viajando com um grupo para Barcelona ou Zaragoza, Be Hostels oferece a voc\u00ea um desconto especial para grupos!<\/h2>\r\n\r\n<h3>Os grupos ser\u00e3o considerados como tal a partir de 15 pessoas ou mais.<\/h3>\r\n\r\n<p>Se quiser saber mais sobre <strong>tarifas e condi\u00e7\u00f5es especiais para grupos<\/strong>, por favor, preencha o <a href=\"https:\/\/behostels.com\/pt-br\/reserva-de-grupo-be-hostels\/\" title=\"reserva-grupo\">formul\u00e1rio<\/a> ou envie um e-mail para <a href=\"mailto:groups@behostels.com\"><strong>groups@behostels.com<\/strong><\/a><\/p>\r\n\r\n<p><strong>Be Hostels<\/strong> conta com mais de 9 anos de experi\u00eancia trabalhando com grupos. Esfor\u00e7amo-nos em oferecer <strong>servi\u00e7os para grupos<\/strong> como piqueniques, almo\u00e7os, jantas, atividades programadas, caf\u00e9 da manh\u00e3 e condi\u00e7\u00f5es personalizadas para horas de check-in e check-out.<\/p>\r\n<div class=\"uk-grid uk-text-left uk-flex-middle\">\r\n\t<div class=\"uk-width-medium-1-3\">\r\n\t\t<div class=\"uk-overlay uk-overlay-hover uk-border-circle\">\r\n\t\t\t<img loading=\"lazy\" decoding=\"async\" src=\"https:\/\/behostels.com\/wp-content\/uploads\/2015\/07\/be-hostels-groups-contact.jpg\" alt=\"Behostels groups resrvationcontact\" width=\"600\" height=\"600\" class=\"uk-border-circle uk-overlay-scale\"  \/>\r\n\t\t<\/div>\r\n\t<\/div>\r\n\t<div class=\"uk-width-medium-2-3\">\r\n<h3><a href=\"http:\/\/www.behostels.com\" title=\"Hostels Barcelona | Be Hostels\" target=\"_blank\" class=\"invisible\" >Be Hostels<\/a> oferece acomoda\u00e7\u00e3o para os seguintes grupos:<\/h3>\r\n\t\t\r\n<ul class=\"rooms\">\r\n   <li>Col\u00e9gios<\/li>  \r\n    <li>Universidades<\/li>  \r\n    <li>Escolas<\/li>  \r\n    <li>Times Esportivos<\/li> \r\n    <li>Campamento de Ver\u00e3o<\/li>  \r\n    <li>Coletivos<\/li> \r\n    <li>Associa\u00e7\u00f5es<\/li> \r\n<\/ul>\r\n\r\n<p><strong>Be Hostels<\/strong> oferece uma ampla variedade de quartos: dormit\u00f3rios de 4, 6, 8, 10, 12, 14 ou 16 camas al\u00e9m de quartos simples e duplos. Poder\u00e1 reservar <strong>dormit\u00f3rios mistos, quartos femininos ou quartos masculinos<\/strong> de acordo com o seu grupo. Professores, guias e motoristas de \u00f4nibus ter\u00e3o facilidades para reservar quartos simples ou duplos em nossos hostels.<\/p>\r\n\t<\/div>\r\n<\/div>\r\n\r\n<p>Nossa equipe far\u00e1 o poss\u00edvel para atender \u00e0s exig\u00eancias e pedidos dos grupos. A pessoa encarregada desta tarefa \u00e9 a nossa colega Ana.<\/p>\r\n<h3>Convidamos voc\u00ea a entrar em contato com <strong>Be Hostels<\/strong> se quiser <strong>organizar uma viagem em grupo<\/strong>!<\/h3>\r\n","protected":false},"excerpt":{"rendered":"<p>Se estiver viajando com um grupo para Barcelona ou Zaragoza, Be Hostels oferece a voc\u00ea um desconto especial para grupos! Os grupos ser\u00e3o considerados como tal a partir de 15 pessoas ou mais. Se quiser saber mais sobre tarifas e condi\u00e7\u00f5es especiais para grupos, por favor, preencha o formul\u00e1rio ou envie um e-mail para groups@behostels.com [&hellip;]<\/p>\n","protected":false},"author":1,"featured_media":0,"parent":0,"menu_order":0,"comment_status":"closed","ping_status":"closed","template":"","meta":{"footnotes":""},"yoast_head":"<!-- This site is optimized with the Yoast SEO plugin v22.7 - https:\/\/yoast.com\/wordpress\/plugins\/seo\/ -->\n<title>Grupos em Be Hostels Barcelona e Zaragoza<\/title>\n<meta name=\"description\" content=\"Servi\u00e7os para grupos de Be Hostels\" \/>\n<meta name=\"robots\" content=\"index, follow, max-snippet:-1, max-image-preview:large, max-video-preview:-1\" \/>\n<link rel=\"canonical\" href=\"https:\/\/behostels.com\/pt-br\/grupos-em-be-hostels-barcelona-e-zaragoza\/\" \/>\n<meta property=\"og:locale\" content=\"pt_BR\" \/>\n<meta property=\"og:type\" content=\"article\" \/>\n<meta property=\"og:title\" content=\"Grupos em Be Hostels Barcelona e Zaragoza\" \/>\n<meta property=\"og:description\" content=\"Servi\u00e7os para grupos de Be Hostels\" \/>\n<meta property=\"og:url\" content=\"https:\/\/behostels.com\/pt-br\/grupos-em-be-hostels-barcelona-e-zaragoza\/\" \/>\n<meta property=\"og:site_name\" content=\"Be Hostels\" \/>\n<meta property=\"article:modified_time\" content=\"2015-11-26T13:16:09+00:00\" \/>\n<meta property=\"og:image\" content=\"https:\/\/behostels.com\/wp-content\/uploads\/2015\/07\/be-hostels-groups-contact.jpg\" \/>\n<meta name=\"twitter:card\" content=\"summary_large_image\" \/>\n<meta name=\"twitter:label1\" content=\"Est. tempo de leitura\" \/>\n\t<meta name=\"twitter:data1\" content=\"1 minuto\" \/>\n<script type=\"application\/ld+json\" class=\"yoast-schema-graph\">{\"@context\":\"https:\/\/schema.org\",\"@graph\":[{\"@type\":\"WebPage\",\"@id\":\"https:\/\/behostels.com\/pt-br\/grupos-em-be-hostels-barcelona-e-zaragoza\/\",\"url\":\"https:\/\/behostels.com\/pt-br\/grupos-em-be-hostels-barcelona-e-zaragoza\/\",\"name\":\"Grupos em Be Hostels Barcelona e Zaragoza\",\"isPartOf\":{\"@id\":\"https:\/\/behostels.com\/pt-br\/#website\"},\"primaryImageOfPage\":{\"@id\":\"https:\/\/behostels.com\/pt-br\/grupos-em-be-hostels-barcelona-e-zaragoza\/#primaryimage\"},\"image\":{\"@id\":\"https:\/\/behostels.com\/pt-br\/grupos-em-be-hostels-barcelona-e-zaragoza\/#primaryimage\"},\"thumbnailUrl\":\"https:\/\/behostels.com\/wp-content\/uploads\/2015\/07\/be-hostels-groups-contact.jpg\",\"datePublished\":\"2015-06-22T14:51:52+00:00\",\"dateModified\":\"2015-11-26T13:16:09+00:00\",\"description\":\"Servi\u00e7os para grupos de Be Hostels\",\"breadcrumb\":{\"@id\":\"https:\/\/behostels.com\/pt-br\/grupos-em-be-hostels-barcelona-e-zaragoza\/#breadcrumb\"},\"inLanguage\":\"pt-BR\",\"potentialAction\":[{\"@type\":\"ReadAction\",\"target\":[\"https:\/\/behostels.com\/pt-br\/grupos-em-be-hostels-barcelona-e-zaragoza\/\"]}]},{\"@type\":\"ImageObject\",\"inLanguage\":\"pt-BR\",\"@id\":\"https:\/\/behostels.com\/pt-br\/grupos-em-be-hostels-barcelona-e-zaragoza\/#primaryimage\",\"url\":\"https:\/\/behostels.com\/wp-content\/uploads\/2015\/07\/be-hostels-groups-contact.jpg\",\"contentUrl\":\"https:\/\/behostels.com\/wp-content\/uploads\/2015\/07\/be-hostels-groups-contact.jpg\"},{\"@type\":\"BreadcrumbList\",\"@id\":\"https:\/\/behostels.com\/pt-br\/grupos-em-be-hostels-barcelona-e-zaragoza\/#breadcrumb\",\"itemListElement\":[{\"@type\":\"ListItem\",\"position\":1,\"name\":\"Home\",\"item\":\"https:\/\/behostels.com\/pt-br\/\"},{\"@type\":\"ListItem\",\"position\":2,\"name\":\"Grupos em Be Hostels Barcelona e Zaragoza\"}]},{\"@type\":\"WebSite\",\"@id\":\"https:\/\/behostels.com\/pt-br\/#website\",\"url\":\"https:\/\/behostels.com\/pt-br\/\",\"name\":\"Be Hostels\",\"description\":\"\",\"publisher\":{\"@id\":\"https:\/\/behostels.com\/pt-br\/#organization\"},\"potentialAction\":[{\"@type\":\"SearchAction\",\"target\":{\"@type\":\"EntryPoint\",\"urlTemplate\":\"https:\/\/behostels.com\/pt-br\/?s={search_term_string}\"},\"query-input\":\"required name=search_term_string\"}],\"inLanguage\":\"pt-BR\"},{\"@type\":\"Organization\",\"@id\":\"https:\/\/behostels.com\/pt-br\/#organization\",\"name\":\"Be Hostels\",\"url\":\"https:\/\/behostels.com\/pt-br\/\",\"logo\":{\"@type\":\"ImageObject\",\"inLanguage\":\"pt-BR\",\"@id\":\"https:\/\/behostels.com\/pt-br\/#\/schema\/logo\/image\/\",\"url\":\"https:\/\/behostels.com\/wp-content\/uploads\/2015\/06\/be_reservations_logo.jpg\",\"contentUrl\":\"https:\/\/behostels.com\/wp-content\/uploads\/2015\/06\/be_reservations_logo.jpg\",\"width\":130,\"height\":130,\"caption\":\"Be Hostels\"},\"image\":{\"@id\":\"https:\/\/behostels.com\/pt-br\/#\/schema\/logo\/image\/\"}}]}<\/script>\n<!-- \/ Yoast SEO plugin. -->","yoast_head_json":{"title":"Grupos em Be Hostels Barcelona e Zaragoza","description":"Servi\u00e7os para grupos de Be Hostels","robots":{"index":"index","follow":"follow","max-snippet":"max-snippet:-1","max-image-preview":"max-image-preview:large","max-video-preview":"max-video-preview:-1"},"canonical":"https:\/\/behostels.com\/pt-br\/grupos-em-be-hostels-barcelona-e-zaragoza\/","og_locale":"pt_BR","og_type":"article","og_title":"Grupos em Be Hostels Barcelona e Zaragoza","og_description":"Servi\u00e7os para grupos de Be Hostels","og_url":"https:\/\/behostels.com\/pt-br\/grupos-em-be-hostels-barcelona-e-zaragoza\/","og_site_name":"Be Hostels","article_modified_time":"2015-11-26T13:16:09+00:00","og_image":[{"url":"https:\/\/behostels.com\/wp-content\/uploads\/2015\/07\/be-hostels-groups-contact.jpg"}],"twitter_card":"summary_large_image","twitter_misc":{"Est. tempo de leitura":"1 minuto"},"schema":{"@context":"https:\/\/schema.org","@graph":[{"@type":"WebPage","@id":"https:\/\/behostels.com\/pt-br\/grupos-em-be-hostels-barcelona-e-zaragoza\/","url":"https:\/\/behostels.com\/pt-br\/grupos-em-be-hostels-barcelona-e-zaragoza\/","name":"Grupos em Be Hostels Barcelona e Zaragoza","isPartOf":{"@id":"https:\/\/behostels.com\/pt-br\/#website"},"primaryImageOfPage":{"@id":"https:\/\/behostels.com\/pt-br\/grupos-em-be-hostels-barcelona-e-zaragoza\/#primaryimage"},"image":{"@id":"https:\/\/behostels.com\/pt-br\/grupos-em-be-hostels-barcelona-e-zaragoza\/#primaryimage"},"thumbnailUrl":"https:\/\/behostels.com\/wp-content\/uploads\/2015\/07\/be-hostels-groups-contact.jpg","datePublished":"2015-06-22T14:51:52+00:00","dateModified":"2015-11-26T13:16:09+00:00","description":"Servi\u00e7os para grupos de Be Hostels","breadcrumb":{"@id":"https:\/\/behostels.com\/pt-br\/grupos-em-be-hostels-barcelona-e-zaragoza\/#breadcrumb"},"inLanguage":"pt-BR","potentialAction":[{"@type":"ReadAction","target":["https:\/\/behostels.com\/pt-br\/grupos-em-be-hostels-barcelona-e-zaragoza\/"]}]},{"@type":"ImageObject","inLanguage":"pt-BR","@id":"https:\/\/behostels.com\/pt-br\/grupos-em-be-hostels-barcelona-e-zaragoza\/#primaryimage","url":"https:\/\/behostels.com\/wp-content\/uploads\/2015\/07\/be-hostels-groups-contact.jpg","contentUrl":"https:\/\/behostels.com\/wp-content\/uploads\/2015\/07\/be-hostels-groups-contact.jpg"},{"@type":"BreadcrumbList","@id":"https:\/\/behostels.com\/pt-br\/grupos-em-be-hostels-barcelona-e-zaragoza\/#breadcrumb","itemListElement":[{"@type":"ListItem","position":1,"name":"Home","item":"https:\/\/behostels.com\/pt-br\/"},{"@type":"ListItem","position":2,"name":"Grupos em Be Hostels Barcelona e Zaragoza"}]},{"@type":"WebSite","@id":"https:\/\/behostels.com\/pt-br\/#website","url":"https:\/\/behostels.com\/pt-br\/","name":"Be Hostels","description":"","publisher":{"@id":"https:\/\/behostels.com\/pt-br\/#organization"},"potentialAction":[{"@type":"SearchAction","target":{"@type":"EntryPoint","urlTemplate":"https:\/\/behostels.com\/pt-br\/?s={search_term_string}"},"query-input":"required name=search_term_string"}],"inLanguage":"pt-BR"},{"@type":"Organization","@id":"https:\/\/behostels.com\/pt-br\/#organization","name":"Be Hostels","url":"https:\/\/behostels.com\/pt-br\/","logo":{"@type":"ImageObject","inLanguage":"pt-BR","@id":"https:\/\/behostels.com\/pt-br\/#\/schema\/logo\/image\/","url":"https:\/\/behostels.com\/wp-content\/uploads\/2015\/06\/be_reservations_logo.jpg","contentUrl":"https:\/\/behostels.com\/wp-content\/uploads\/2015\/06\/be_reservations_logo.jpg","width":130,"height":130,"caption":"Be Hostels"},"image":{"@id":"https:\/\/behostels.com\/pt-br\/#\/schema\/logo\/image\/"}}]}},"_links":{"self":[{"href":"https:\/\/behostels.com\/pt-br\/wp-json\/wp\/v2\/pages\/937"}],"collection":[{"href":"https:\/\/behostels.com\/pt-br\/wp-json\/wp\/v2\/pages"}],"about":[{"href":"https:\/\/behostels.com\/pt-br\/wp-json\/wp\/v2\/types\/page"}],"author":[{"embeddable":true,"href":"https:\/\/behostels.com\/pt-br\/wp-json\/wp\/v2\/users\/1"}],"replies":[{"embeddable":true,"href":"https:\/\/behostels.com\/pt-br\/wp-json\/wp\/v2\/comments?post=937"}],"version-history":[{"count":0,"href":"https:\/\/behostels.com\/pt-br\/wp-json\/wp\/v2\/pages\/937\/revisions"}],"wp:attachment":[{"href":"https:\/\/behostels.com\/pt-br\/wp-json\/wp\/v2\/media?parent=937"}],"curies":[{"name":"wp","href":"https:\/\/api.w.org\/{rel}","templated":true}]}}