{"id":882,"date":"2015-06-22T14:33:57","date_gmt":"2015-06-22T14:33:57","guid":{"rendered":"https:\/\/behostels.com\/?page_id=882"},"modified":"2015-11-27T14:01:16","modified_gmt":"2015-11-27T14:01:16","slug":"restaurante-be-hostels-em-barcelona-meson-david","status":"publish","type":"page","link":"https:\/\/behostels.com\/pt-br\/restaurante-be-hostels-em-barcelona-meson-david\/","title":{"rendered":"Restaurante Be Hostels em Barcelona: Mes\u00f3n David"},"content":{"rendered":"<h3><strong>Mes\u00f3n David<\/strong> \u00e9 uma das poucas tavernas que restam em Barcelona, servindo pratos tradicionais espanh\u00f3is desde 1908 e historicamente frequentado por artistas das casas noturnas vizinhas.<\/h3>\r\n<p>Aqui poder\u00e1 experimentar a verdadeira cozinha galega e deliciosos pratos caseiros. Os pre\u00e7os s\u00e3o pequenos e os pratos grandes e de qualidade! <\/p>\r\n<div class=\"uk-grid uk-text-left uk-flex-middle\">\r\n\t<div class=\"uk-width-medium-1-3\">\r\n\t\t<div class=\"uk-overlay uk-overlay-hover uk-border-circle\">\r\n\t\t\t<img loading=\"lazy\" decoding=\"async\" src=\"https:\/\/behostels.com\/wp-content\/uploads\/2015\/06\/meson-david-paella.jpg\" alt=\"Meson David is the Be Hostels restaurant\" width=\"800\" height=\"800\" class=\"uk-border-circle uk-overlay-scale\" \/>\r\n\t\t<\/div>\r\n\t<\/div>\r\n\t<div class=\"uk-width-medium-2-3\">\r\n<h3 class=\"fantasy\">As especialidades da casa s\u00e3o:<\/h3>\r\n<ul class=\"rooms\">\r\n <li>Pulpo gallego (polvo \u00e0 galega)<\/li>\r\n <li>Lac\u00f3n (presunto curado)<\/li>\r\n <li>Codillo (pernil de porco)<\/li>\r\n <li>Parrillada de Pescado (peixe grelhado)<\/li>\r\n<\/ul>\r\n\r\n<p>O menu do meio-dia <strong>custa 8.50\u20ac (tudo inclu\u00eddo)<\/strong> e as reservas podem ser feitas por telefone. <\/p>\r\n\r\n\r\n<p>Reservas de grupos para at\u00e9 140 comensais (capacidade m\u00e1x. do local). <\/p>\r\n\r\n<p>O <strong>Mes\u00f3n David<\/strong> funciona todos os dias da semana de 12h00 at\u00e9 01h00.<br\/>\r\nPor\u00e7\u00f5es e deliciosos pratos tamb\u00e9m dispon\u00edveis para viagem satisfar\u00e3o voc\u00ea!<\/p>\r\n<h3>Esperamos pela sua visita!<\/h3>\r\n\t<\/div>\r\n<\/div>\r\n\n\n<div id=\"wk-grid115\" class=\"uk-grid-width-1-1 uk-grid-width-small-1-2 uk-grid-width-medium-1-5 uk-grid uk-grid-match uk-grid-collapse \" data-uk-grid-match=\"{target:'> div > .uk-panel', row:true}\" data-uk-grid-margin  data-uk-scrollspy=\"{cls:'uk-animation-fade uk-invisible', target:'> div > .uk-panel', delay:300}\">\n\n    \n    <div>\n    \n<div class=\"uk-panel uk-invisible\">\n\n    <div class=\"uk-panel-teaser\">\n\n        <figure class=\"uk-overlay uk-overlay-hover \">\n\n            <img loading=\"lazy\" decoding=\"async\" src=\"\/wp-content\/plugins\/widgetkit\/cache\/Meson-david-02-f8cdfe406ec17c2e724c5fa939a4b9f5.jpg\" class=\"uk-overlay-scale\" alt=\"Meson-david-\" width=\"317\" height=\"211\">\n            \n                        <div class=\"uk-overlay-panel uk-overlay-background uk-overlay-fade\"><\/div>\n            \n                            <div class=\"uk-overlay-panel uk-overlay-icon uk-overlay-fade\"><\/div>\n            \n                                                                        <a class=\"uk-position-cover\" href=\"\/wp-content\/uploads\/meson-david-gallery\/Meson-david-02.jpg\" data-lightbox-type=\"image\" data-uk-lightbox=\"{group:'.wk-1115'}\" ><\/a>\n                                                \n        <\/figure>\n\n    <\/div>\n\n    \n        \n        \n    \n<\/div>\n    <\/div>\n\n        \n    <div>\n    \n<div class=\"uk-panel uk-invisible\">\n\n    <div class=\"uk-panel-teaser\">\n\n        <figure class=\"uk-overlay uk-overlay-hover \">\n\n            <img loading=\"lazy\" decoding=\"async\" src=\"\/wp-content\/plugins\/widgetkit\/cache\/Meson-david-03-d52862420b355c91cd498ed4e7d06914.jpg\" class=\"uk-overlay-scale\" alt=\"Meson-david-\" width=\"317\" height=\"211\">\n            \n                        <div class=\"uk-overlay-panel uk-overlay-background uk-overlay-fade\"><\/div>\n            \n                            <div class=\"uk-overlay-panel uk-overlay-icon uk-overlay-fade\"><\/div>\n            \n                                                                        <a class=\"uk-position-cover\" href=\"\/wp-content\/uploads\/meson-david-gallery\/Meson-david-03.jpg\" data-lightbox-type=\"image\" data-uk-lightbox=\"{group:'.wk-1115'}\" ><\/a>\n                                                \n        <\/figure>\n\n    <\/div>\n\n    \n        \n        \n    \n<\/div>\n    <\/div>\n\n        \n    <div>\n    \n<div class=\"uk-panel uk-invisible\">\n\n    <div class=\"uk-panel-teaser\">\n\n        <figure class=\"uk-overlay uk-overlay-hover \">\n\n            <img loading=\"lazy\" decoding=\"async\" src=\"\/wp-content\/plugins\/widgetkit\/cache\/Meson-david-05-c1944957eba91bc9cf29d2c65f006e57.jpg\" class=\"uk-overlay-scale\" alt=\"Meson-david-\" width=\"317\" height=\"211\">\n            \n                        <div class=\"uk-overlay-panel uk-overlay-background uk-overlay-fade\"><\/div>\n            \n                            <div class=\"uk-overlay-panel uk-overlay-icon uk-overlay-fade\"><\/div>\n            \n                                                                        <a class=\"uk-position-cover\" href=\"\/wp-content\/uploads\/meson-david-gallery\/Meson-david-05.jpg\" data-lightbox-type=\"image\" data-uk-lightbox=\"{group:'.wk-1115'}\" ><\/a>\n                                                \n        <\/figure>\n\n    <\/div>\n\n    \n        \n        \n    \n<\/div>\n    <\/div>\n\n        \n    <div>\n    \n<div class=\"uk-panel uk-invisible\">\n\n    <div class=\"uk-panel-teaser\">\n\n        <figure class=\"uk-overlay uk-overlay-hover \">\n\n            <img loading=\"lazy\" decoding=\"async\" src=\"\/wp-content\/plugins\/widgetkit\/cache\/Meson-david-06-5e2b715ee28532170e4ba81dcf827f17.jpg\" class=\"uk-overlay-scale\" alt=\"Meson-david-\" width=\"317\" height=\"211\">\n            \n                        <div class=\"uk-overlay-panel uk-overlay-background uk-overlay-fade\"><\/div>\n            \n                            <div class=\"uk-overlay-panel uk-overlay-icon uk-overlay-fade\"><\/div>\n            \n                                                                        <a class=\"uk-position-cover\" href=\"\/wp-content\/uploads\/meson-david-gallery\/Meson-david-06.jpg\" data-lightbox-type=\"image\" data-uk-lightbox=\"{group:'.wk-1115'}\" ><\/a>\n                                                \n        <\/figure>\n\n    <\/div>\n\n    \n        \n        \n    \n<\/div>\n    <\/div>\n\n        \n    <div>\n    \n<div class=\"uk-panel uk-invisible\">\n\n    <div class=\"uk-panel-teaser\">\n\n        <figure class=\"uk-overlay uk-overlay-hover \">\n\n            <img loading=\"lazy\" decoding=\"async\" src=\"\/wp-content\/plugins\/widgetkit\/cache\/Meson-david-07-6fd2aff04bed30a40a677e234572adc7.jpg\" class=\"uk-overlay-scale\" alt=\"Meson-david-\" width=\"317\" height=\"211\">\n            \n                        <div class=\"uk-overlay-panel uk-overlay-background uk-overlay-fade\"><\/div>\n            \n                            <div class=\"uk-overlay-panel uk-overlay-icon uk-overlay-fade\"><\/div>\n            \n                                                                        <a class=\"uk-position-cover\" href=\"\/wp-content\/uploads\/meson-david-gallery\/Meson-david-07.jpg\" data-lightbox-type=\"image\" data-uk-lightbox=\"{group:'.wk-1115'}\" ><\/a>\n                                                \n        <\/figure>\n\n    <\/div>\n\n    \n        \n        \n    \n<\/div>\n    <\/div>\n\n        \n    <div>\n    \n<div class=\"uk-panel uk-invisible\">\n\n    <div class=\"uk-panel-teaser\">\n\n        <figure class=\"uk-overlay uk-overlay-hover \">\n\n            <img loading=\"lazy\" decoding=\"async\" src=\"\/wp-content\/plugins\/widgetkit\/cache\/Meson-david-08-db6cdd24fae07132a4f00dd99b0f4056.jpg\" class=\"uk-overlay-scale\" alt=\"Meson-david-\" width=\"317\" height=\"211\">\n            \n                        <div class=\"uk-overlay-panel uk-overlay-background uk-overlay-fade\"><\/div>\n            \n                            <div class=\"uk-overlay-panel uk-overlay-icon uk-overlay-fade\"><\/div>\n            \n                                                                        <a class=\"uk-position-cover\" href=\"\/wp-content\/uploads\/meson-david-gallery\/Meson-david-08.jpg\" data-lightbox-type=\"image\" data-uk-lightbox=\"{group:'.wk-1115'}\" ><\/a>\n                                                \n        <\/figure>\n\n    <\/div>\n\n    \n        \n        \n    \n<\/div>\n    <\/div>\n\n        \n    <div>\n    \n<div class=\"uk-panel uk-invisible\">\n\n    <div class=\"uk-panel-teaser\">\n\n        <figure class=\"uk-overlay uk-overlay-hover \">\n\n            <img loading=\"lazy\" decoding=\"async\" src=\"\/wp-content\/plugins\/widgetkit\/cache\/Meson-david-09-4621b1a980c3649c3176aef12ea47227.jpg\" class=\"uk-overlay-scale\" alt=\"Meson-david-\" width=\"317\" height=\"211\">\n            \n                        <div class=\"uk-overlay-panel uk-overlay-background uk-overlay-fade\"><\/div>\n            \n                            <div class=\"uk-overlay-panel uk-overlay-icon uk-overlay-fade\"><\/div>\n            \n                                                                        <a class=\"uk-position-cover\" href=\"\/wp-content\/uploads\/meson-david-gallery\/Meson-david-09.jpg\" data-lightbox-type=\"image\" data-uk-lightbox=\"{group:'.wk-1115'}\" ><\/a>\n                                                \n        <\/figure>\n\n    <\/div>\n\n    \n        \n        \n    \n<\/div>\n    <\/div>\n\n        \n    <div>\n    \n<div class=\"uk-panel uk-invisible\">\n\n    <div class=\"uk-panel-teaser\">\n\n        <figure class=\"uk-overlay uk-overlay-hover \">\n\n            <img loading=\"lazy\" decoding=\"async\" src=\"\/wp-content\/plugins\/widgetkit\/cache\/Meson-david-10-3bf6c3251100088f301c1f055be26275.jpg\" class=\"uk-overlay-scale\" alt=\"Meson-david-\" width=\"317\" height=\"211\">\n            \n                        <div class=\"uk-overlay-panel uk-overlay-background uk-overlay-fade\"><\/div>\n            \n                            <div class=\"uk-overlay-panel uk-overlay-icon uk-overlay-fade\"><\/div>\n            \n                                                                        <a class=\"uk-position-cover\" href=\"\/wp-content\/uploads\/meson-david-gallery\/Meson-david-10.jpg\" data-lightbox-type=\"image\" data-uk-lightbox=\"{group:'.wk-1115'}\" ><\/a>\n                                                \n        <\/figure>\n\n    <\/div>\n\n    \n        \n        \n    \n<\/div>\n    <\/div>\n\n        \n    <div>\n    \n<div class=\"uk-panel uk-invisible\">\n\n    <div class=\"uk-panel-teaser\">\n\n        <figure class=\"uk-overlay uk-overlay-hover \">\n\n            <img loading=\"lazy\" decoding=\"async\" src=\"\/wp-content\/plugins\/widgetkit\/cache\/Meson-david-11-a9c3b130f76412112c704019927c6708.jpg\" class=\"uk-overlay-scale\" alt=\"Meson-david-\" width=\"317\" height=\"211\">\n            \n                        <div class=\"uk-overlay-panel uk-overlay-background uk-overlay-fade\"><\/div>\n            \n                            <div class=\"uk-overlay-panel uk-overlay-icon uk-overlay-fade\"><\/div>\n            \n                                                                        <a class=\"uk-position-cover\" href=\"\/wp-content\/uploads\/meson-david-gallery\/Meson-david-11.jpg\" data-lightbox-type=\"image\" data-uk-lightbox=\"{group:'.wk-1115'}\" ><\/a>\n                                                \n        <\/figure>\n\n    <\/div>\n\n    \n        \n        \n    \n<\/div>\n    <\/div>\n\n        \n    <div>\n    \n<div class=\"uk-panel uk-invisible\">\n\n    <div class=\"uk-panel-teaser\">\n\n        <figure class=\"uk-overlay uk-overlay-hover \">\n\n            <img loading=\"lazy\" decoding=\"async\" src=\"\/wp-content\/plugins\/widgetkit\/cache\/Meson-david-12-6bb5254aa90f345851a671c110bf1a69.jpg\" class=\"uk-overlay-scale\" alt=\"Meson-david-\" width=\"317\" height=\"211\">\n            \n                        <div class=\"uk-overlay-panel uk-overlay-background uk-overlay-fade\"><\/div>\n            \n                            <div class=\"uk-overlay-panel uk-overlay-icon uk-overlay-fade\"><\/div>\n            \n                                                                        <a class=\"uk-position-cover\" href=\"\/wp-content\/uploads\/meson-david-gallery\/Meson-david-12.jpg\" data-lightbox-type=\"image\" data-uk-lightbox=\"{group:'.wk-1115'}\" ><\/a>\n                                                \n        <\/figure>\n\n    <\/div>\n\n    \n        \n        \n    \n<\/div>\n    <\/div>\n\n    \n<\/div>\n\n\n<script>\n(function($){\n\n    \/\/ get the images of the gallery and replace it by a canvas of the same size to fix the problem with overlapping images on load.\n    $('img[width][height]:not(.uk-overlay-panel)', $('#wk-grid115')).each(function() {\n\n        var $img = $(this);\n\n        if (this.width == 'auto' || this.height == 'auto' || !$img.is(':visible')) {\n            return;\n        }\n\n        var $canvas = $('<canvas class=\"uk-responsive-width\"><\/canvas>').attr({width:$img.attr('width'), height:$img.attr('height')}),\n            img = new Image,\n            release = function() {\n                $canvas.remove();\n                $img.css('display', '');\n                release = function(){};\n            };\n\n        $img.css('display', 'none').after($canvas);\n\n        $(img).on('load', function(){ release(); });\n        setTimeout(function(){ release(); }, 1000);\n\n        img.src = this.src;\n\n    });\n\n})(jQuery);\n<\/script>\n\r\n\r\n","protected":false},"excerpt":{"rendered":"<p>Mes\u00f3n David \u00e9 uma das poucas tavernas que restam em Barcelona, servindo pratos tradicionais espanh\u00f3is desde 1908 e historicamente frequentado por artistas das casas noturnas vizinhas. Aqui poder\u00e1 experimentar a verdadeira cozinha galega e deliciosos pratos caseiros. Os pre\u00e7os s\u00e3o pequenos e os pratos grandes e de qualidade! As especialidades da casa s\u00e3o: Pulpo gallego [&hellip;]<\/p>\n","protected":false},"author":1,"featured_media":0,"parent":0,"menu_order":0,"comment_status":"closed","ping_status":"closed","template":"","meta":{"footnotes":""},"yoast_head":"<!-- This site is optimized with the Yoast SEO plugin v22.7 - https:\/\/yoast.com\/wordpress\/plugins\/seo\/ -->\n<title>Restaurante Be Hostels em Barcelona<\/title>\n<meta name=\"description\" content=\"Mes\u00f3n David \u00e9 o restaurante Be Hostels em Barcelona Experimente a aut\u00eantica gastronomia galega\" \/>\n<meta name=\"robots\" content=\"index, follow, max-snippet:-1, max-image-preview:large, max-video-preview:-1\" \/>\n<link rel=\"canonical\" href=\"https:\/\/behostels.com\/pt-br\/restaurante-be-hostels-em-barcelona-meson-david\/\" \/>\n<meta property=\"og:locale\" content=\"pt_BR\" \/>\n<meta property=\"og:type\" content=\"article\" \/>\n<meta property=\"og:title\" content=\"Restaurante Be Hostels em Barcelona\" \/>\n<meta property=\"og:description\" content=\"Mes\u00f3n David \u00e9 o restaurante Be Hostels em Barcelona Experimente a aut\u00eantica gastronomia galega\" \/>\n<meta property=\"og:url\" content=\"https:\/\/behostels.com\/pt-br\/restaurante-be-hostels-em-barcelona-meson-david\/\" \/>\n<meta property=\"og:site_name\" content=\"Be Hostels\" \/>\n<meta property=\"article:modified_time\" content=\"2015-11-27T14:01:16+00:00\" \/>\n<meta property=\"og:image\" content=\"https:\/\/behostels.com\/wp-content\/uploads\/2015\/06\/meson-david-paella.jpg\" \/>\n<meta name=\"twitter:card\" content=\"summary_large_image\" \/>\n<meta name=\"twitter:label1\" content=\"Est. tempo de leitura\" \/>\n\t<meta name=\"twitter:data1\" content=\"1 minuto\" \/>\n<script type=\"application\/ld+json\" class=\"yoast-schema-graph\">{\"@context\":\"https:\/\/schema.org\",\"@graph\":[{\"@type\":\"WebPage\",\"@id\":\"https:\/\/behostels.com\/pt-br\/restaurante-be-hostels-em-barcelona-meson-david\/\",\"url\":\"https:\/\/behostels.com\/pt-br\/restaurante-be-hostels-em-barcelona-meson-david\/\",\"name\":\"Restaurante Be Hostels em Barcelona\",\"isPartOf\":{\"@id\":\"https:\/\/behostels.com\/pt-br\/#website\"},\"primaryImageOfPage\":{\"@id\":\"https:\/\/behostels.com\/pt-br\/restaurante-be-hostels-em-barcelona-meson-david\/#primaryimage\"},\"image\":{\"@id\":\"https:\/\/behostels.com\/pt-br\/restaurante-be-hostels-em-barcelona-meson-david\/#primaryimage\"},\"thumbnailUrl\":\"https:\/\/behostels.com\/wp-content\/uploads\/2015\/06\/meson-david-paella.jpg\",\"datePublished\":\"2015-06-22T14:33:57+00:00\",\"dateModified\":\"2015-11-27T14:01:16+00:00\",\"description\":\"Mes\u00f3n David \u00e9 o restaurante Be Hostels em Barcelona Experimente a aut\u00eantica gastronomia galega\",\"breadcrumb\":{\"@id\":\"https:\/\/behostels.com\/pt-br\/restaurante-be-hostels-em-barcelona-meson-david\/#breadcrumb\"},\"inLanguage\":\"pt-BR\",\"potentialAction\":[{\"@type\":\"ReadAction\",\"target\":[\"https:\/\/behostels.com\/pt-br\/restaurante-be-hostels-em-barcelona-meson-david\/\"]}]},{\"@type\":\"ImageObject\",\"inLanguage\":\"pt-BR\",\"@id\":\"https:\/\/behostels.com\/pt-br\/restaurante-be-hostels-em-barcelona-meson-david\/#primaryimage\",\"url\":\"https:\/\/behostels.com\/wp-content\/uploads\/2015\/06\/meson-david-paella.jpg\",\"contentUrl\":\"https:\/\/behostels.com\/wp-content\/uploads\/2015\/06\/meson-david-paella.jpg\"},{\"@type\":\"BreadcrumbList\",\"@id\":\"https:\/\/behostels.com\/pt-br\/restaurante-be-hostels-em-barcelona-meson-david\/#breadcrumb\",\"itemListElement\":[{\"@type\":\"ListItem\",\"position\":1,\"name\":\"Home\",\"item\":\"https:\/\/behostels.com\/pt-br\/\"},{\"@type\":\"ListItem\",\"position\":2,\"name\":\"Restaurante Be Hostels em Barcelona: Mes\u00f3n David\"}]},{\"@type\":\"WebSite\",\"@id\":\"https:\/\/behostels.com\/pt-br\/#website\",\"url\":\"https:\/\/behostels.com\/pt-br\/\",\"name\":\"Be Hostels\",\"description\":\"\",\"publisher\":{\"@id\":\"https:\/\/behostels.com\/pt-br\/#organization\"},\"potentialAction\":[{\"@type\":\"SearchAction\",\"target\":{\"@type\":\"EntryPoint\",\"urlTemplate\":\"https:\/\/behostels.com\/pt-br\/?s={search_term_string}\"},\"query-input\":\"required name=search_term_string\"}],\"inLanguage\":\"pt-BR\"},{\"@type\":\"Organization\",\"@id\":\"https:\/\/behostels.com\/pt-br\/#organization\",\"name\":\"Be Hostels\",\"url\":\"https:\/\/behostels.com\/pt-br\/\",\"logo\":{\"@type\":\"ImageObject\",\"inLanguage\":\"pt-BR\",\"@id\":\"https:\/\/behostels.com\/pt-br\/#\/schema\/logo\/image\/\",\"url\":\"https:\/\/behostels.com\/wp-content\/uploads\/2015\/06\/be_reservations_logo.jpg\",\"contentUrl\":\"https:\/\/behostels.com\/wp-content\/uploads\/2015\/06\/be_reservations_logo.jpg\",\"width\":130,\"height\":130,\"caption\":\"Be Hostels\"},\"image\":{\"@id\":\"https:\/\/behostels.com\/pt-br\/#\/schema\/logo\/image\/\"}}]}<\/script>\n<!-- \/ Yoast SEO plugin. -->","yoast_head_json":{"title":"Restaurante Be Hostels em Barcelona","description":"Mes\u00f3n David \u00e9 o restaurante Be Hostels em Barcelona Experimente a aut\u00eantica gastronomia galega","robots":{"index":"index","follow":"follow","max-snippet":"max-snippet:-1","max-image-preview":"max-image-preview:large","max-video-preview":"max-video-preview:-1"},"canonical":"https:\/\/behostels.com\/pt-br\/restaurante-be-hostels-em-barcelona-meson-david\/","og_locale":"pt_BR","og_type":"article","og_title":"Restaurante Be Hostels em Barcelona","og_description":"Mes\u00f3n David \u00e9 o restaurante Be Hostels em Barcelona Experimente a aut\u00eantica gastronomia galega","og_url":"https:\/\/behostels.com\/pt-br\/restaurante-be-hostels-em-barcelona-meson-david\/","og_site_name":"Be Hostels","article_modified_time":"2015-11-27T14:01:16+00:00","og_image":[{"url":"https:\/\/behostels.com\/wp-content\/uploads\/2015\/06\/meson-david-paella.jpg"}],"twitter_card":"summary_large_image","twitter_misc":{"Est. tempo de leitura":"1 minuto"},"schema":{"@context":"https:\/\/schema.org","@graph":[{"@type":"WebPage","@id":"https:\/\/behostels.com\/pt-br\/restaurante-be-hostels-em-barcelona-meson-david\/","url":"https:\/\/behostels.com\/pt-br\/restaurante-be-hostels-em-barcelona-meson-david\/","name":"Restaurante Be Hostels em Barcelona","isPartOf":{"@id":"https:\/\/behostels.com\/pt-br\/#website"},"primaryImageOfPage":{"@id":"https:\/\/behostels.com\/pt-br\/restaurante-be-hostels-em-barcelona-meson-david\/#primaryimage"},"image":{"@id":"https:\/\/behostels.com\/pt-br\/restaurante-be-hostels-em-barcelona-meson-david\/#primaryimage"},"thumbnailUrl":"https:\/\/behostels.com\/wp-content\/uploads\/2015\/06\/meson-david-paella.jpg","datePublished":"2015-06-22T14:33:57+00:00","dateModified":"2015-11-27T14:01:16+00:00","description":"Mes\u00f3n David \u00e9 o restaurante Be Hostels em Barcelona Experimente a aut\u00eantica gastronomia galega","breadcrumb":{"@id":"https:\/\/behostels.com\/pt-br\/restaurante-be-hostels-em-barcelona-meson-david\/#breadcrumb"},"inLanguage":"pt-BR","potentialAction":[{"@type":"ReadAction","target":["https:\/\/behostels.com\/pt-br\/restaurante-be-hostels-em-barcelona-meson-david\/"]}]},{"@type":"ImageObject","inLanguage":"pt-BR","@id":"https:\/\/behostels.com\/pt-br\/restaurante-be-hostels-em-barcelona-meson-david\/#primaryimage","url":"https:\/\/behostels.com\/wp-content\/uploads\/2015\/06\/meson-david-paella.jpg","contentUrl":"https:\/\/behostels.com\/wp-content\/uploads\/2015\/06\/meson-david-paella.jpg"},{"@type":"BreadcrumbList","@id":"https:\/\/behostels.com\/pt-br\/restaurante-be-hostels-em-barcelona-meson-david\/#breadcrumb","itemListElement":[{"@type":"ListItem","position":1,"name":"Home","item":"https:\/\/behostels.com\/pt-br\/"},{"@type":"ListItem","position":2,"name":"Restaurante Be Hostels em Barcelona: Mes\u00f3n David"}]},{"@type":"WebSite","@id":"https:\/\/behostels.com\/pt-br\/#website","url":"https:\/\/behostels.com\/pt-br\/","name":"Be Hostels","description":"","publisher":{"@id":"https:\/\/behostels.com\/pt-br\/#organization"},"potentialAction":[{"@type":"SearchAction","target":{"@type":"EntryPoint","urlTemplate":"https:\/\/behostels.com\/pt-br\/?s={search_term_string}"},"query-input":"required name=search_term_string"}],"inLanguage":"pt-BR"},{"@type":"Organization","@id":"https:\/\/behostels.com\/pt-br\/#organization","name":"Be Hostels","url":"https:\/\/behostels.com\/pt-br\/","logo":{"@type":"ImageObject","inLanguage":"pt-BR","@id":"https:\/\/behostels.com\/pt-br\/#\/schema\/logo\/image\/","url":"https:\/\/behostels.com\/wp-content\/uploads\/2015\/06\/be_reservations_logo.jpg","contentUrl":"https:\/\/behostels.com\/wp-content\/uploads\/2015\/06\/be_reservations_logo.jpg","width":130,"height":130,"caption":"Be Hostels"},"image":{"@id":"https:\/\/behostels.com\/pt-br\/#\/schema\/logo\/image\/"}}]}},"_links":{"self":[{"href":"https:\/\/behostels.com\/pt-br\/wp-json\/wp\/v2\/pages\/882"}],"collection":[{"href":"https:\/\/behostels.com\/pt-br\/wp-json\/wp\/v2\/pages"}],"about":[{"href":"https:\/\/behostels.com\/pt-br\/wp-json\/wp\/v2\/types\/page"}],"author":[{"embeddable":true,"href":"https:\/\/behostels.com\/pt-br\/wp-json\/wp\/v2\/users\/1"}],"replies":[{"embeddable":true,"href":"https:\/\/behostels.com\/pt-br\/wp-json\/wp\/v2\/comments?post=882"}],"version-history":[{"count":0,"href":"https:\/\/behostels.com\/pt-br\/wp-json\/wp\/v2\/pages\/882\/revisions"}],"wp:attachment":[{"href":"https:\/\/behostels.com\/pt-br\/wp-json\/wp\/v2\/media?parent=882"}],"curies":[{"name":"wp","href":"https:\/\/api.w.org\/{rel}","templated":true}]}}