{"id":865,"date":"2015-06-22T14:10:33","date_gmt":"2015-06-22T14:10:33","guid":{"rendered":"https:\/\/behostels.com\/?page_id=865"},"modified":"2015-06-22T14:11:11","modified_gmt":"2015-06-22T14:11:11","slug":"informacao-e-precos-do-transporte-de-barcelona","status":"publish","type":"page","link":"https:\/\/behostels.com\/pt-br\/informacao-e-precos-do-transporte-de-barcelona\/","title":{"rendered":"Informa\u00e7\u00e3o e pre\u00e7os do Transporte de Barcelona"},"content":{"rendered":"<h3>Be Hostels oferece uma vis\u00e3o geral da rede de transportes de Barcelona e de seus pre\u00e7os para que sua locomo\u00e7\u00e3o em Barcelona seja uma moleza!<\/h3>\r\n&nbsp;\r\n<h2 class=\"fantasy\">Aerobus desde\/para o aeroporto<\/h2>\r\nEste \u00e9 um servi\u00e7o especial de \u00f4nibus entre o aeroporto e o centro da cidade. O Aerobus faz 2 paradas na cidade; uma em Plaza Catalunya e a outra em Plaza Espanya, desde onde \u00e9 poss\u00edvel fazer transfer\u00eancia com o metr\u00f4 para chegar a outros pontos da cidade. O \u00f4nibus passa por todos os terminais do aeroporto. Sua frequencia de passagem \u00e9 cada 15 minutos durante o dia.\r\n\r\n<strong>Existem duas linhas de \u00f4nibus.<\/strong>\r\n\r\n<strong>A1: A partir de \/ para o Aeroporto Terminal T1<\/strong>, que p\u00e1ra na Pla\u00e7a Catalunya, Sepulveda &#8211; Urgell, Espanha Pla\u00e7a, Terminal 1, a Espanha Plaza, Gran Via Urgell, Pla\u00e7a Universitat, e termina de volta na Pra\u00e7a de Catalunya.\r\n\r\nVoc\u00ea pode pegar este \u00f4nibus a cada 5 minutos ea tarifa \u00e9 de <strong>5,95 \u20ac por pessoa<\/strong> para viagens de e para <strong>9,75 \u20ac por pessoa <\/strong>ida e volta (retornar v\u00e1lido at\u00e9 9 dias ap\u00f3s a compra)\r\n\r\n<strong>A2: de \/ para o terminal do aeroporto T2<\/strong>, que p\u00e1ra na Pla\u00e7a Catalunya, Sepulveda &#8211; Urgell, Espanha Pla\u00e7a, 2B Terminal Terminal 2C, Espanha Plaza, Gran Via de Urgell, e termina de volta na Pra\u00e7a de Catalunya.\r\n\r\nVoc\u00ea pode pegar este \u00f4nibus a cada 10 minutos ea tarifa \u00e9 de <strong>5,95 \u20ac por pessoa<\/strong> para viagens de e para <strong>9,75 \u20ac por pessoa<\/strong> ida e volta. (Voltar v\u00e1lido at\u00e9 9 dias ap\u00f3s a compra)\r\n\r\n<ul class=\"rooms\">\r\n\t<li>T\u00edtulos de viagens integrados (T-10, T-M\u00eas, T-50\/30, T-Bairro T-Jove, T-Fam\u00edlia, T-Day) n\u00e3o s\u00e3o v\u00e1lidos para este servi\u00e7o.<\/li>\r\n\t<li>Todas as crian\u00e7as menores de 4 anos entrada gratuita.<\/li>\r\n\t<li>Voc\u00ea n\u00e3o pode reservar bilhetes com anteced\u00eancia.<\/li>\r\n<\/ul>\r\n\r\n<h3 class=\"fantasy\">Bilhetes de metr\u00f4 e \u00f4nibus<\/h3>\r\nO bilhete unit\u00e1rio v\u00e1lido para uma viagem no metr\u00f4 custa 2.00 \u20ac. Mas se pretende ficar por mais dias ou fazer mais de 5 viagens de metr\u00f4 ou de \u00f4nibus, vale a pena comprar o bilhete T-10. Com um T-10 d\u00e1 para fazer 10 viagens de metr\u00f4, FGC (trens interurbanos), \u00f4nibus, bonde e RENFE, sempre dentro da Zona 1. Todas as \u00e1reas principais da cidade ficam na Zona 1. O bilhete T-10 custa 9.25\u20ac. Al\u00e9m de economizar dinheiro, poder\u00e1 evitar comprar bilhetes unit\u00e1rio para cada viagem.\r\n\r\n<ul class=\"rooms\">\r\n\t<li><a title=\"T-10 Metro Info\" href=\"http:\/\/www.tmb.cat\/en\/bitllets-i-tarifes\/-\/bitllet\/402\" target=\"_blank\">Mais informa\u00e7\u00f5es sobre a T-10 aqui!<\/a><\/li>\r\n<\/ul>\r\n\r\nVoc\u00ea tamb\u00e9m pode comprar um bilhete de um dia que voc\u00ea pode usar em todas as Barcelona transporte (autocarro, metro ou FCG). A tarifa \u00e9 de 6,95 \u20ac.\r\n<ul class=\"rooms\">\r\n\t<li><a title=\"T-Dia Metro Info\" href=\"http:\/\/www.tmb.cat\/en\/bitllets-i-tarifes\/-\/bitllet\/402\" target=\"_blank\">Mais informa\u00e7\u00f5es sobre a T-Day aqui!<\/a><\/li>\r\n<\/ul>\r\n\r\n<h3 class=\"fantasy\">\u00d4nibus noturno do aeroporto: NitBus N17<\/h3>\r\nO NitBus \u00e9 o \u00f4nibus que funciona entre o Aeroporto de Barcelona e o centro da cidade das 23h00 (da T1) at\u00e9 as 4h40 (da T1). A tarifa de um bilhete unit\u00e1rio \u00e9 de 2.00\u20ac. Voc\u00ea pode usar o bilhete T-10 neste \u00f4nibus.\r\n\r\n\r\n<h3 class=\"fantasy\">Trens de\/para o Aeroporto de Barcelona<\/h3>\r\nO servi\u00e7o de trem RENFE tem uma frequencia de passagem de uns 30 minutos de \/ para o Aeroporto at\u00e9 o centro da cidade. O trajeto dura uns 25 minutos.\r\nUm bilhete unit\u00e1rio at\u00e9 a Esta\u00e7\u00e3o de Sants custa 3.60\u20ac. O bilhete T-10 pode ser usado para viagens de \u00f4nibus e metr\u00f4 na cidade.\r\n\r\n<h3 class=\"fantasy\">Do Aeroporto de Girona para Barcelona<\/h3>\r\nO \u00f4nibus \u00e9 provavelmente o meio mais conveniente de traslado entre o Aeroporto de Girona e o centro de Barcelona. A parada de \u00f4nibus fica do lado de fora do aeroporto, e leva voc\u00ea at\u00e9 a Estaci\u00f3 d&#8217;Autobuses Barcelona Nord (a rodovi\u00e1ria de Barcelona) no centro de Barcelona. No centro, voc\u00ea pode usar a rede metropolitana para chegar ao seu destino. A esta\u00e7\u00e3o de metr\u00f4 mais pr\u00f3xima da rodovi\u00e1ria \u00e9 Arc de Trionf (Linha Vermelha, L1).\r\n&nbsp;\r\n\r\n<strong>Voc\u00ea pode baixar<a href=\"https:\/\/behostels.com\/wp-content\/uploads\/girona-barcelona.pdf\" title=\"Timetable Girona Airport to Barcelona\" target=\"_blank\">hor\u00e1rios de \u00f4nibus aqui!<\/a><\/strong>\r\n\r\n<ul class=\"rooms\">\r\n\t<li>Os bilhetes n\u00e3o podem ser reservados com anteced\u00eancia. A tarifa gira em torno a 14\u20ac uma ida, e 23\u20ac para uma volta.<\/li>\r\n<\/ul>\r\n\r\n&nbsp;\r\n<h3>Por favor, revise as informa\u00e7\u00f5es em &#8220;Como chegar al\u00ed&#8221; para o albergue voc\u00ea tem reservado<\/h3>\r\n\r\n<a href=\"https:\/\/behostels.com\/mar\/location\"><img loading=\"lazy\" decoding=\"async\" class=\"alignleft size-full wp-image-7610\" title=\"Be mar Hostel\" alt=\"be-hostels-mar-barcelona\" src=\"https:\/\/behostels.com\/wp-content\/uploads\/be-hostels-mar-barcelona1.jpg\" width=\"53\" height=\"53\" \/><\/a><a href=\"https:\/\/behostels.com\/sound\/location\/\"><img loading=\"lazy\" decoding=\"async\" class=\"alignleft size-full wp-image-7609\" title=\"Be Sound Hostel\" alt=\"be-hostels-sound-barcelona\" src=\"https:\/\/behostels.com\/wp-content\/uploads\/be-hostels-sound-barcelona.jpg\" width=\"53\" height=\"53\" \/><\/a><a href=\"https:\/\/behostels.com\/ramblas\/location\/\"><img loading=\"lazy\" decoding=\"async\" class=\"alignleft size-full wp-image-7608\" title=\"Be Ramblas Hotel\" alt=\"be-hostels-ramblas-barcelona\" src=\"https:\/\/behostels.com\/wp-content\/uploads\/be-hostels-ramblas-barcelona.jpg\" width=\"53\" height=\"53\" \/><\/a><a href=\"https:\/\/behostels.com\/dream\/location\/\"><img loading=\"lazy\" decoding=\"async\" class=\"alignleft size-full wp-image-7611\" title=\"Be Dream Hostel\" alt=\"be-hostels-dreams-barcelona\" src=\"https:\/\/behostels.com\/wp-content\/uploads\/be-hostels-dreams-barcelona.jpg\" width=\"53\" height=\"53\" \/><\/a>","protected":false},"excerpt":{"rendered":"<p>Be Hostels oferece uma vis\u00e3o geral da rede de transportes de Barcelona e de seus pre\u00e7os para que sua locomo\u00e7\u00e3o em Barcelona seja uma moleza! &nbsp; Aerobus desde\/para o aeroporto Este \u00e9 um servi\u00e7o especial de \u00f4nibus entre o aeroporto e o centro da cidade. O Aerobus faz 2 paradas na cidade; uma em Plaza [&hellip;]<\/p>\n","protected":false},"author":1,"featured_media":0,"parent":0,"menu_order":0,"comment_status":"closed","ping_status":"closed","template":"","meta":{"footnotes":""},"yoast_head":"<!-- This site is optimized with the Yoast SEO plugin v22.7 - https:\/\/yoast.com\/wordpress\/plugins\/seo\/ -->\n<title>Transporte de Barcelona Confira informa\u00e7\u00e3o e tarifas<\/title>\n<meta name=\"description\" content=\"Encontre toda a informa\u00e7\u00e3o sobre a rede de transportes de Barcelona: metr\u00f4, aerobus e trens. Confira os hor\u00e1rios e as tarifas.\" \/>\n<meta name=\"robots\" content=\"index, follow, max-snippet:-1, max-image-preview:large, max-video-preview:-1\" \/>\n<link rel=\"canonical\" href=\"https:\/\/behostels.com\/pt-br\/informacao-e-precos-do-transporte-de-barcelona\/\" \/>\n<meta property=\"og:locale\" content=\"pt_BR\" \/>\n<meta property=\"og:type\" content=\"article\" \/>\n<meta property=\"og:title\" content=\"Transporte de Barcelona Confira informa\u00e7\u00e3o e tarifas\" \/>\n<meta property=\"og:description\" content=\"Encontre toda a informa\u00e7\u00e3o sobre a rede de transportes de Barcelona: metr\u00f4, aerobus e trens. Confira os hor\u00e1rios e as tarifas.\" \/>\n<meta property=\"og:url\" content=\"https:\/\/behostels.com\/pt-br\/informacao-e-precos-do-transporte-de-barcelona\/\" \/>\n<meta property=\"og:site_name\" content=\"Be Hostels\" \/>\n<meta property=\"article:modified_time\" content=\"2015-06-22T14:11:11+00:00\" \/>\n<meta property=\"og:image\" content=\"https:\/\/behostels.com\/wp-content\/uploads\/be-hostels-mar-barcelona1.jpg\" \/>\n<meta name=\"twitter:card\" content=\"summary_large_image\" \/>\n<meta name=\"twitter:label1\" content=\"Est. tempo de leitura\" \/>\n\t<meta name=\"twitter:data1\" content=\"3 minutos\" \/>\n<script type=\"application\/ld+json\" class=\"yoast-schema-graph\">{\"@context\":\"https:\/\/schema.org\",\"@graph\":[{\"@type\":\"WebPage\",\"@id\":\"https:\/\/behostels.com\/pt-br\/informacao-e-precos-do-transporte-de-barcelona\/\",\"url\":\"https:\/\/behostels.com\/pt-br\/informacao-e-precos-do-transporte-de-barcelona\/\",\"name\":\"Transporte de Barcelona Confira informa\u00e7\u00e3o e tarifas\",\"isPartOf\":{\"@id\":\"https:\/\/behostels.com\/pt-br\/#website\"},\"primaryImageOfPage\":{\"@id\":\"https:\/\/behostels.com\/pt-br\/informacao-e-precos-do-transporte-de-barcelona\/#primaryimage\"},\"image\":{\"@id\":\"https:\/\/behostels.com\/pt-br\/informacao-e-precos-do-transporte-de-barcelona\/#primaryimage\"},\"thumbnailUrl\":\"https:\/\/behostels.com\/wp-content\/uploads\/be-hostels-mar-barcelona1.jpg\",\"datePublished\":\"2015-06-22T14:10:33+00:00\",\"dateModified\":\"2015-06-22T14:11:11+00:00\",\"description\":\"Encontre toda a informa\u00e7\u00e3o sobre a rede de transportes de Barcelona: metr\u00f4, aerobus e trens. Confira os hor\u00e1rios e as tarifas.\",\"breadcrumb\":{\"@id\":\"https:\/\/behostels.com\/pt-br\/informacao-e-precos-do-transporte-de-barcelona\/#breadcrumb\"},\"inLanguage\":\"pt-BR\",\"potentialAction\":[{\"@type\":\"ReadAction\",\"target\":[\"https:\/\/behostels.com\/pt-br\/informacao-e-precos-do-transporte-de-barcelona\/\"]}]},{\"@type\":\"ImageObject\",\"inLanguage\":\"pt-BR\",\"@id\":\"https:\/\/behostels.com\/pt-br\/informacao-e-precos-do-transporte-de-barcelona\/#primaryimage\",\"url\":\"https:\/\/behostels.com\/wp-content\/uploads\/be-hostels-mar-barcelona1.jpg\",\"contentUrl\":\"https:\/\/behostels.com\/wp-content\/uploads\/be-hostels-mar-barcelona1.jpg\"},{\"@type\":\"BreadcrumbList\",\"@id\":\"https:\/\/behostels.com\/pt-br\/informacao-e-precos-do-transporte-de-barcelona\/#breadcrumb\",\"itemListElement\":[{\"@type\":\"ListItem\",\"position\":1,\"name\":\"Home\",\"item\":\"https:\/\/behostels.com\/pt-br\/\"},{\"@type\":\"ListItem\",\"position\":2,\"name\":\"Informa\u00e7\u00e3o e pre\u00e7os do Transporte de Barcelona\"}]},{\"@type\":\"WebSite\",\"@id\":\"https:\/\/behostels.com\/pt-br\/#website\",\"url\":\"https:\/\/behostels.com\/pt-br\/\",\"name\":\"Be Hostels\",\"description\":\"\",\"publisher\":{\"@id\":\"https:\/\/behostels.com\/pt-br\/#organization\"},\"potentialAction\":[{\"@type\":\"SearchAction\",\"target\":{\"@type\":\"EntryPoint\",\"urlTemplate\":\"https:\/\/behostels.com\/pt-br\/?s={search_term_string}\"},\"query-input\":\"required name=search_term_string\"}],\"inLanguage\":\"pt-BR\"},{\"@type\":\"Organization\",\"@id\":\"https:\/\/behostels.com\/pt-br\/#organization\",\"name\":\"Be Hostels\",\"url\":\"https:\/\/behostels.com\/pt-br\/\",\"logo\":{\"@type\":\"ImageObject\",\"inLanguage\":\"pt-BR\",\"@id\":\"https:\/\/behostels.com\/pt-br\/#\/schema\/logo\/image\/\",\"url\":\"https:\/\/behostels.com\/wp-content\/uploads\/2015\/06\/be_reservations_logo.jpg\",\"contentUrl\":\"https:\/\/behostels.com\/wp-content\/uploads\/2015\/06\/be_reservations_logo.jpg\",\"width\":130,\"height\":130,\"caption\":\"Be Hostels\"},\"image\":{\"@id\":\"https:\/\/behostels.com\/pt-br\/#\/schema\/logo\/image\/\"}}]}<\/script>\n<!-- \/ Yoast SEO plugin. -->","yoast_head_json":{"title":"Transporte de Barcelona Confira informa\u00e7\u00e3o e tarifas","description":"Encontre toda a informa\u00e7\u00e3o sobre a rede de transportes de Barcelona: metr\u00f4, aerobus e trens. Confira os hor\u00e1rios e as tarifas.","robots":{"index":"index","follow":"follow","max-snippet":"max-snippet:-1","max-image-preview":"max-image-preview:large","max-video-preview":"max-video-preview:-1"},"canonical":"https:\/\/behostels.com\/pt-br\/informacao-e-precos-do-transporte-de-barcelona\/","og_locale":"pt_BR","og_type":"article","og_title":"Transporte de Barcelona Confira informa\u00e7\u00e3o e tarifas","og_description":"Encontre toda a informa\u00e7\u00e3o sobre a rede de transportes de Barcelona: metr\u00f4, aerobus e trens. Confira os hor\u00e1rios e as tarifas.","og_url":"https:\/\/behostels.com\/pt-br\/informacao-e-precos-do-transporte-de-barcelona\/","og_site_name":"Be Hostels","article_modified_time":"2015-06-22T14:11:11+00:00","og_image":[{"url":"https:\/\/behostels.com\/wp-content\/uploads\/be-hostels-mar-barcelona1.jpg"}],"twitter_card":"summary_large_image","twitter_misc":{"Est. tempo de leitura":"3 minutos"},"schema":{"@context":"https:\/\/schema.org","@graph":[{"@type":"WebPage","@id":"https:\/\/behostels.com\/pt-br\/informacao-e-precos-do-transporte-de-barcelona\/","url":"https:\/\/behostels.com\/pt-br\/informacao-e-precos-do-transporte-de-barcelona\/","name":"Transporte de Barcelona Confira informa\u00e7\u00e3o e tarifas","isPartOf":{"@id":"https:\/\/behostels.com\/pt-br\/#website"},"primaryImageOfPage":{"@id":"https:\/\/behostels.com\/pt-br\/informacao-e-precos-do-transporte-de-barcelona\/#primaryimage"},"image":{"@id":"https:\/\/behostels.com\/pt-br\/informacao-e-precos-do-transporte-de-barcelona\/#primaryimage"},"thumbnailUrl":"https:\/\/behostels.com\/wp-content\/uploads\/be-hostels-mar-barcelona1.jpg","datePublished":"2015-06-22T14:10:33+00:00","dateModified":"2015-06-22T14:11:11+00:00","description":"Encontre toda a informa\u00e7\u00e3o sobre a rede de transportes de Barcelona: metr\u00f4, aerobus e trens. Confira os hor\u00e1rios e as tarifas.","breadcrumb":{"@id":"https:\/\/behostels.com\/pt-br\/informacao-e-precos-do-transporte-de-barcelona\/#breadcrumb"},"inLanguage":"pt-BR","potentialAction":[{"@type":"ReadAction","target":["https:\/\/behostels.com\/pt-br\/informacao-e-precos-do-transporte-de-barcelona\/"]}]},{"@type":"ImageObject","inLanguage":"pt-BR","@id":"https:\/\/behostels.com\/pt-br\/informacao-e-precos-do-transporte-de-barcelona\/#primaryimage","url":"https:\/\/behostels.com\/wp-content\/uploads\/be-hostels-mar-barcelona1.jpg","contentUrl":"https:\/\/behostels.com\/wp-content\/uploads\/be-hostels-mar-barcelona1.jpg"},{"@type":"BreadcrumbList","@id":"https:\/\/behostels.com\/pt-br\/informacao-e-precos-do-transporte-de-barcelona\/#breadcrumb","itemListElement":[{"@type":"ListItem","position":1,"name":"Home","item":"https:\/\/behostels.com\/pt-br\/"},{"@type":"ListItem","position":2,"name":"Informa\u00e7\u00e3o e pre\u00e7os do Transporte de Barcelona"}]},{"@type":"WebSite","@id":"https:\/\/behostels.com\/pt-br\/#website","url":"https:\/\/behostels.com\/pt-br\/","name":"Be Hostels","description":"","publisher":{"@id":"https:\/\/behostels.com\/pt-br\/#organization"},"potentialAction":[{"@type":"SearchAction","target":{"@type":"EntryPoint","urlTemplate":"https:\/\/behostels.com\/pt-br\/?s={search_term_string}"},"query-input":"required name=search_term_string"}],"inLanguage":"pt-BR"},{"@type":"Organization","@id":"https:\/\/behostels.com\/pt-br\/#organization","name":"Be Hostels","url":"https:\/\/behostels.com\/pt-br\/","logo":{"@type":"ImageObject","inLanguage":"pt-BR","@id":"https:\/\/behostels.com\/pt-br\/#\/schema\/logo\/image\/","url":"https:\/\/behostels.com\/wp-content\/uploads\/2015\/06\/be_reservations_logo.jpg","contentUrl":"https:\/\/behostels.com\/wp-content\/uploads\/2015\/06\/be_reservations_logo.jpg","width":130,"height":130,"caption":"Be Hostels"},"image":{"@id":"https:\/\/behostels.com\/pt-br\/#\/schema\/logo\/image\/"}}]}},"_links":{"self":[{"href":"https:\/\/behostels.com\/pt-br\/wp-json\/wp\/v2\/pages\/865"}],"collection":[{"href":"https:\/\/behostels.com\/pt-br\/wp-json\/wp\/v2\/pages"}],"about":[{"href":"https:\/\/behostels.com\/pt-br\/wp-json\/wp\/v2\/types\/page"}],"author":[{"embeddable":true,"href":"https:\/\/behostels.com\/pt-br\/wp-json\/wp\/v2\/users\/1"}],"replies":[{"embeddable":true,"href":"https:\/\/behostels.com\/pt-br\/wp-json\/wp\/v2\/comments?post=865"}],"version-history":[{"count":0,"href":"https:\/\/behostels.com\/pt-br\/wp-json\/wp\/v2\/pages\/865\/revisions"}],"wp:attachment":[{"href":"https:\/\/behostels.com\/pt-br\/wp-json\/wp\/v2\/media?parent=865"}],"curies":[{"name":"wp","href":"https:\/\/api.w.org\/{rel}","templated":true}]}}