{"id":809,"date":"2015-06-22T13:43:22","date_gmt":"2015-06-22T13:43:22","guid":{"rendered":"https:\/\/behostels.com\/?page_id=809"},"modified":"2015-07-16T10:12:40","modified_gmt":"2015-07-16T10:12:40","slug":"trabalhe-conosco-em-be-hostels","status":"publish","type":"page","link":"https:\/\/behostels.com\/pt-br\/trabalhe-conosco-em-be-hostels\/","title":{"rendered":"Trabalhe conosco em Be Hostels"},"content":{"rendered":"<h3>Estamos orgulhosos do nosso time em <a href=\"https:\/\/behostels.com\/pt-br\/\">Be Hostels<\/a>!<\/h3>\r\n\r\n<p>\r\nO sorriso, a paci\u00eancia e as ideias de nossa equipe s\u00e3o a cara de <strong><a href=\"https:\/\/behostels.com\/pt-br\/\">Be Hostels<\/a><\/strong>! Trabalhar em albergues \u00e9 um barato, e n\u00f3s queremos voc\u00ea! <strong>N\u00e3o perca esta oportunidade<\/strong>!\r\n<\/p>\r\n\r\n<p>\r\nSempre estamos \u00e0 procura de candidatos que queiram fazer parte da equipe de <a href=\"https:\/\/behostels.com\/pt-br\/\"><strong>Be Hostels Barcelona e Zaragoza<\/strong><\/a>.\r\n<\/p>\r\n<div class=\"uk-grid uk-text-left uk-flex-middle\">\r\n\t<div class=\"uk-width-medium-1-3\">\r\n\t\t<div class=\"uk-overlay uk-overlay-hover uk-border-circle\">\r\n\t\t\t<img loading=\"lazy\" decoding=\"async\" src=\"https:\/\/behostels.com\/wp-content\/uploads\/2015\/07\/work-with-us.jpg\" class=\"uk-border-circle uk-overlay-scale\"  alt=\"Work with us at Be Hostels Barcelona\" width=\"600\" height=\"600\" class=\"alignnone size-full wp-image-2557\" srcset=\"https:\/\/behostels.com\/wp-content\/uploads\/2015\/07\/work-with-us.jpg 600w, https:\/\/behostels.com\/wp-content\/uploads\/2015\/07\/work-with-us-150x150.jpg 150w, https:\/\/behostels.com\/wp-content\/uploads\/2015\/07\/work-with-us-300x300.jpg 300w\" sizes=\"(max-width: 600px) 100vw, 600px\" \/>\r\n\t\t<\/div>\r\n\t<\/div>\r\n\t<div class=\"uk-width-medium-2-3\">\r\n\r\n<p>Buscamos pessoas:<\/p>\r\n\r\n<ul>\r\n\t<li><strong><strong>Motivadas<\/strong><\/strong><\/li>\r\n\t<li><strong><strong>Alegres e amistosas<\/strong><\/strong><\/li>\r\n\t<li><strong><strong>Organizadas e respons\u00e1veis<\/strong><\/strong><\/li>\r\n\t<li><strong><strong>Din\u00e2micas e criativas<\/strong><\/strong><\/li>\r\n\t<li><strong><strong>Bil\u00edngues (espanhol e ingl\u00eas de prefer\u00eancia)<\/strong><\/strong><\/li>\r\n\t<li><strong><strong>Com boas capacidades<\/strong><\/strong><\/li>\r\n\t<li><strong><strong>Com vontades de aprender<\/strong><\/strong><\/li>\r\n\t<li><strong><strong>Que trabalhem em equipe<\/strong><\/strong><\/li>\r\n<\/ul>\r\n\r\n<p>Envie seu <strong>curr\u00edculo com foto<\/strong> para:<strong><a href=\"mailto:manager@behostels.com\">manager@behostels.com <\/a><\/strong><\/p>\r\n\t<\/div>\r\n<\/div>","protected":false},"excerpt":{"rendered":"<p>Estamos orgulhosos do nosso time em Be Hostels! O sorriso, a paci\u00eancia e as ideias de nossa equipe s\u00e3o a cara de Be Hostels! Trabalhar em albergues \u00e9 um barato, e n\u00f3s queremos voc\u00ea! N\u00e3o perca esta oportunidade! Sempre estamos \u00e0 procura de candidatos que queiram fazer parte da equipe de Be Hostels Barcelona e [&hellip;]<\/p>\n","protected":false},"author":1,"featured_media":0,"parent":0,"menu_order":0,"comment_status":"closed","ping_status":"closed","template":"","meta":{"footnotes":""},"yoast_head":"<!-- This site is optimized with the Yoast SEO plugin v22.7 - https:\/\/yoast.com\/wordpress\/plugins\/seo\/ -->\n<title>Informa\u00e7\u00e3o de contato de Be Hostels Barcelona e Zaragoza.<\/title>\n<meta name=\"description\" content=\"Oportunidade de trabalho em Be Hostels Barcelona e Zaragoza. Candidate-se j\u00e1!\" \/>\n<meta name=\"robots\" content=\"index, follow, max-snippet:-1, max-image-preview:large, max-video-preview:-1\" \/>\n<link rel=\"canonical\" href=\"https:\/\/behostels.com\/pt-br\/trabalhe-conosco-em-be-hostels\/\" \/>\n<meta property=\"og:locale\" content=\"pt_BR\" \/>\n<meta property=\"og:type\" content=\"article\" \/>\n<meta property=\"og:title\" content=\"Informa\u00e7\u00e3o de contato de Be Hostels Barcelona e Zaragoza.\" \/>\n<meta property=\"og:description\" content=\"Oportunidade de trabalho em Be Hostels Barcelona e Zaragoza. Candidate-se j\u00e1!\" \/>\n<meta property=\"og:url\" content=\"https:\/\/behostels.com\/pt-br\/trabalhe-conosco-em-be-hostels\/\" \/>\n<meta property=\"og:site_name\" content=\"Be Hostels\" \/>\n<meta property=\"article:modified_time\" content=\"2015-07-16T10:12:40+00:00\" \/>\n<meta property=\"og:image\" content=\"https:\/\/behostels.com\/wp-content\/uploads\/2015\/07\/work-with-us.jpg\" \/>\n<meta name=\"twitter:card\" content=\"summary_large_image\" \/>\n<meta name=\"twitter:label1\" content=\"Est. tempo de leitura\" \/>\n\t<meta name=\"twitter:data1\" content=\"1 minuto\" \/>\n<script type=\"application\/ld+json\" class=\"yoast-schema-graph\">{\"@context\":\"https:\/\/schema.org\",\"@graph\":[{\"@type\":\"WebPage\",\"@id\":\"https:\/\/behostels.com\/pt-br\/trabalhe-conosco-em-be-hostels\/\",\"url\":\"https:\/\/behostels.com\/pt-br\/trabalhe-conosco-em-be-hostels\/\",\"name\":\"Informa\u00e7\u00e3o de contato de Be Hostels Barcelona e Zaragoza.\",\"isPartOf\":{\"@id\":\"https:\/\/behostels.com\/pt-br\/#website\"},\"primaryImageOfPage\":{\"@id\":\"https:\/\/behostels.com\/pt-br\/trabalhe-conosco-em-be-hostels\/#primaryimage\"},\"image\":{\"@id\":\"https:\/\/behostels.com\/pt-br\/trabalhe-conosco-em-be-hostels\/#primaryimage\"},\"thumbnailUrl\":\"https:\/\/behostels.com\/wp-content\/uploads\/2015\/07\/work-with-us.jpg\",\"datePublished\":\"2015-06-22T13:43:22+00:00\",\"dateModified\":\"2015-07-16T10:12:40+00:00\",\"description\":\"Oportunidade de trabalho em Be Hostels Barcelona e Zaragoza. Candidate-se j\u00e1!\",\"breadcrumb\":{\"@id\":\"https:\/\/behostels.com\/pt-br\/trabalhe-conosco-em-be-hostels\/#breadcrumb\"},\"inLanguage\":\"pt-BR\",\"potentialAction\":[{\"@type\":\"ReadAction\",\"target\":[\"https:\/\/behostels.com\/pt-br\/trabalhe-conosco-em-be-hostels\/\"]}]},{\"@type\":\"ImageObject\",\"inLanguage\":\"pt-BR\",\"@id\":\"https:\/\/behostels.com\/pt-br\/trabalhe-conosco-em-be-hostels\/#primaryimage\",\"url\":\"https:\/\/behostels.com\/wp-content\/uploads\/2015\/07\/work-with-us.jpg\",\"contentUrl\":\"https:\/\/behostels.com\/wp-content\/uploads\/2015\/07\/work-with-us.jpg\"},{\"@type\":\"BreadcrumbList\",\"@id\":\"https:\/\/behostels.com\/pt-br\/trabalhe-conosco-em-be-hostels\/#breadcrumb\",\"itemListElement\":[{\"@type\":\"ListItem\",\"position\":1,\"name\":\"Home\",\"item\":\"https:\/\/behostels.com\/pt-br\/\"},{\"@type\":\"ListItem\",\"position\":2,\"name\":\"Trabalhe conosco em Be Hostels\"}]},{\"@type\":\"WebSite\",\"@id\":\"https:\/\/behostels.com\/pt-br\/#website\",\"url\":\"https:\/\/behostels.com\/pt-br\/\",\"name\":\"Be Hostels\",\"description\":\"\",\"publisher\":{\"@id\":\"https:\/\/behostels.com\/pt-br\/#organization\"},\"potentialAction\":[{\"@type\":\"SearchAction\",\"target\":{\"@type\":\"EntryPoint\",\"urlTemplate\":\"https:\/\/behostels.com\/pt-br\/?s={search_term_string}\"},\"query-input\":\"required name=search_term_string\"}],\"inLanguage\":\"pt-BR\"},{\"@type\":\"Organization\",\"@id\":\"https:\/\/behostels.com\/pt-br\/#organization\",\"name\":\"Be Hostels\",\"url\":\"https:\/\/behostels.com\/pt-br\/\",\"logo\":{\"@type\":\"ImageObject\",\"inLanguage\":\"pt-BR\",\"@id\":\"https:\/\/behostels.com\/pt-br\/#\/schema\/logo\/image\/\",\"url\":\"https:\/\/behostels.com\/wp-content\/uploads\/2015\/06\/be_reservations_logo.jpg\",\"contentUrl\":\"https:\/\/behostels.com\/wp-content\/uploads\/2015\/06\/be_reservations_logo.jpg\",\"width\":130,\"height\":130,\"caption\":\"Be Hostels\"},\"image\":{\"@id\":\"https:\/\/behostels.com\/pt-br\/#\/schema\/logo\/image\/\"}}]}<\/script>\n<!-- \/ Yoast SEO plugin. -->","yoast_head_json":{"title":"Informa\u00e7\u00e3o de contato de Be Hostels Barcelona e Zaragoza.","description":"Oportunidade de trabalho em Be Hostels Barcelona e Zaragoza. Candidate-se j\u00e1!","robots":{"index":"index","follow":"follow","max-snippet":"max-snippet:-1","max-image-preview":"max-image-preview:large","max-video-preview":"max-video-preview:-1"},"canonical":"https:\/\/behostels.com\/pt-br\/trabalhe-conosco-em-be-hostels\/","og_locale":"pt_BR","og_type":"article","og_title":"Informa\u00e7\u00e3o de contato de Be Hostels Barcelona e Zaragoza.","og_description":"Oportunidade de trabalho em Be Hostels Barcelona e Zaragoza. Candidate-se j\u00e1!","og_url":"https:\/\/behostels.com\/pt-br\/trabalhe-conosco-em-be-hostels\/","og_site_name":"Be Hostels","article_modified_time":"2015-07-16T10:12:40+00:00","og_image":[{"url":"https:\/\/behostels.com\/wp-content\/uploads\/2015\/07\/work-with-us.jpg"}],"twitter_card":"summary_large_image","twitter_misc":{"Est. tempo de leitura":"1 minuto"},"schema":{"@context":"https:\/\/schema.org","@graph":[{"@type":"WebPage","@id":"https:\/\/behostels.com\/pt-br\/trabalhe-conosco-em-be-hostels\/","url":"https:\/\/behostels.com\/pt-br\/trabalhe-conosco-em-be-hostels\/","name":"Informa\u00e7\u00e3o de contato de Be Hostels Barcelona e Zaragoza.","isPartOf":{"@id":"https:\/\/behostels.com\/pt-br\/#website"},"primaryImageOfPage":{"@id":"https:\/\/behostels.com\/pt-br\/trabalhe-conosco-em-be-hostels\/#primaryimage"},"image":{"@id":"https:\/\/behostels.com\/pt-br\/trabalhe-conosco-em-be-hostels\/#primaryimage"},"thumbnailUrl":"https:\/\/behostels.com\/wp-content\/uploads\/2015\/07\/work-with-us.jpg","datePublished":"2015-06-22T13:43:22+00:00","dateModified":"2015-07-16T10:12:40+00:00","description":"Oportunidade de trabalho em Be Hostels Barcelona e Zaragoza. Candidate-se j\u00e1!","breadcrumb":{"@id":"https:\/\/behostels.com\/pt-br\/trabalhe-conosco-em-be-hostels\/#breadcrumb"},"inLanguage":"pt-BR","potentialAction":[{"@type":"ReadAction","target":["https:\/\/behostels.com\/pt-br\/trabalhe-conosco-em-be-hostels\/"]}]},{"@type":"ImageObject","inLanguage":"pt-BR","@id":"https:\/\/behostels.com\/pt-br\/trabalhe-conosco-em-be-hostels\/#primaryimage","url":"https:\/\/behostels.com\/wp-content\/uploads\/2015\/07\/work-with-us.jpg","contentUrl":"https:\/\/behostels.com\/wp-content\/uploads\/2015\/07\/work-with-us.jpg"},{"@type":"BreadcrumbList","@id":"https:\/\/behostels.com\/pt-br\/trabalhe-conosco-em-be-hostels\/#breadcrumb","itemListElement":[{"@type":"ListItem","position":1,"name":"Home","item":"https:\/\/behostels.com\/pt-br\/"},{"@type":"ListItem","position":2,"name":"Trabalhe conosco em Be Hostels"}]},{"@type":"WebSite","@id":"https:\/\/behostels.com\/pt-br\/#website","url":"https:\/\/behostels.com\/pt-br\/","name":"Be Hostels","description":"","publisher":{"@id":"https:\/\/behostels.com\/pt-br\/#organization"},"potentialAction":[{"@type":"SearchAction","target":{"@type":"EntryPoint","urlTemplate":"https:\/\/behostels.com\/pt-br\/?s={search_term_string}"},"query-input":"required name=search_term_string"}],"inLanguage":"pt-BR"},{"@type":"Organization","@id":"https:\/\/behostels.com\/pt-br\/#organization","name":"Be Hostels","url":"https:\/\/behostels.com\/pt-br\/","logo":{"@type":"ImageObject","inLanguage":"pt-BR","@id":"https:\/\/behostels.com\/pt-br\/#\/schema\/logo\/image\/","url":"https:\/\/behostels.com\/wp-content\/uploads\/2015\/06\/be_reservations_logo.jpg","contentUrl":"https:\/\/behostels.com\/wp-content\/uploads\/2015\/06\/be_reservations_logo.jpg","width":130,"height":130,"caption":"Be Hostels"},"image":{"@id":"https:\/\/behostels.com\/pt-br\/#\/schema\/logo\/image\/"}}]}},"_links":{"self":[{"href":"https:\/\/behostels.com\/pt-br\/wp-json\/wp\/v2\/pages\/809"}],"collection":[{"href":"https:\/\/behostels.com\/pt-br\/wp-json\/wp\/v2\/pages"}],"about":[{"href":"https:\/\/behostels.com\/pt-br\/wp-json\/wp\/v2\/types\/page"}],"author":[{"embeddable":true,"href":"https:\/\/behostels.com\/pt-br\/wp-json\/wp\/v2\/users\/1"}],"replies":[{"embeddable":true,"href":"https:\/\/behostels.com\/pt-br\/wp-json\/wp\/v2\/comments?post=809"}],"version-history":[{"count":0,"href":"https:\/\/behostels.com\/pt-br\/wp-json\/wp\/v2\/pages\/809\/revisions"}],"wp:attachment":[{"href":"https:\/\/behostels.com\/pt-br\/wp-json\/wp\/v2\/media?parent=809"}],"curies":[{"name":"wp","href":"https:\/\/api.w.org\/{rel}","templated":true}]}}