{"id":625,"date":"2015-06-18T13:15:22","date_gmt":"2015-06-18T13:15:22","guid":{"rendered":"https:\/\/behostels.com\/?page_id=625"},"modified":"2019-12-12T10:26:01","modified_gmt":"2019-12-12T10:26:01","slug":"apartments-instalacoes","status":"publish","type":"page","link":"https:\/\/behostels.com\/pt-br\/be-apartments\/apartments-instalacoes\/","title":{"rendered":"Estes s\u00e3o os servi\u00e7os que oferecemos no Be Apartments"},"content":{"rendered":"<div class=\"uk-grid\">\r\n<div class=\"uk-width-large-1-2 uk-width-medium-1-2 uk-width-small-1-1\">\r\n<ul>\r\n    <li>Wifi gr\u00e1tis nos quartos<\/li>\r\n    <li>Tour de Barcelona Gr\u00e1tis<\/li>\r\n    <li>Mapas de Barcelona gratuitos<\/li>\r\n    <li>Estacionamento pago<\/li>\r\n<\/ul>\r\n<\/div>\r\n<div class=\"uk-width-large-1-2 uk-width-medium-1-2 uk-width-small-1-1\">\r\n<ul>\r\n    <li>Recep\u00e7\u00e3o aberta das 9 \u00e0s 14:00<\/li>\r\n    <li>A entrada depois das 14:00 \u00e9 no Be Mar Hostel<\/li>\r\n    <li>Ar condicionado e aquecimento<\/li>\r\n    <li>Atividades como passeios a p\u00e9, de bicicleta, Posto de tapas e flamenco, etc<\/li>\r\n    <li>Servi\u00e7o de armazenamento de bagagem<\/li>\r\n<\/ul>\r\n<\/div>\r\n<\/div>","protected":false},"excerpt":{"rendered":"<p>Wifi gr\u00e1tis nos quartos Tour de Barcelona Gr\u00e1tis Mapas de Barcelona gratuitos Estacionamento pago Recep\u00e7\u00e3o aberta das 9 \u00e0s 14:00 A entrada depois das 14:00 \u00e9 no Be Mar Hostel Ar condicionado e aquecimento Atividades como passeios a p\u00e9, de bicicleta, Posto de tapas e flamenco, etc Servi\u00e7o de armazenamento de bagagem<\/p>\n","protected":false},"author":1,"featured_media":0,"parent":428,"menu_order":0,"comment_status":"closed","ping_status":"closed","template":"","meta":{"footnotes":""},"yoast_head":"<!-- This site is optimized with the Yoast SEO plugin v22.7 - https:\/\/yoast.com\/wordpress\/plugins\/seo\/ -->\n<title>Apartments Instala\u00e7\u00f5es<\/title>\n<meta name=\"description\" content=\"Apartments Instala\u00e7\u00f5es\" \/>\n<meta name=\"robots\" content=\"index, follow, max-snippet:-1, max-image-preview:large, max-video-preview:-1\" \/>\n<link rel=\"canonical\" href=\"https:\/\/behostels.com\/pt-br\/be-apartments\/apartments-instalacoes\/\" \/>\n<meta property=\"og:locale\" content=\"pt_BR\" \/>\n<meta property=\"og:type\" content=\"article\" \/>\n<meta property=\"og:title\" content=\"Apartments Instala\u00e7\u00f5es\" \/>\n<meta property=\"og:description\" content=\"Apartments Instala\u00e7\u00f5es\" \/>\n<meta property=\"og:url\" content=\"https:\/\/behostels.com\/pt-br\/be-apartments\/apartments-instalacoes\/\" \/>\n<meta property=\"og:site_name\" content=\"Be Hostels\" \/>\n<meta property=\"article:modified_time\" content=\"2019-12-12T10:26:01+00:00\" \/>\n<meta name=\"twitter:card\" content=\"summary_large_image\" \/>\n<script type=\"application\/ld+json\" class=\"yoast-schema-graph\">{\"@context\":\"https:\/\/schema.org\",\"@graph\":[{\"@type\":\"WebPage\",\"@id\":\"https:\/\/behostels.com\/pt-br\/be-apartments\/apartments-instalacoes\/\",\"url\":\"https:\/\/behostels.com\/pt-br\/be-apartments\/apartments-instalacoes\/\",\"name\":\"Apartments Instala\u00e7\u00f5es\",\"isPartOf\":{\"@id\":\"https:\/\/behostels.com\/pt-br\/#website\"},\"datePublished\":\"2015-06-18T13:15:22+00:00\",\"dateModified\":\"2019-12-12T10:26:01+00:00\",\"description\":\"Apartments Instala\u00e7\u00f5es\",\"breadcrumb\":{\"@id\":\"https:\/\/behostels.com\/pt-br\/be-apartments\/apartments-instalacoes\/#breadcrumb\"},\"inLanguage\":\"pt-BR\",\"potentialAction\":[{\"@type\":\"ReadAction\",\"target\":[\"https:\/\/behostels.com\/pt-br\/be-apartments\/apartments-instalacoes\/\"]}]},{\"@type\":\"BreadcrumbList\",\"@id\":\"https:\/\/behostels.com\/pt-br\/be-apartments\/apartments-instalacoes\/#breadcrumb\",\"itemListElement\":[{\"@type\":\"ListItem\",\"position\":1,\"name\":\"Home\",\"item\":\"https:\/\/behostels.com\/pt-br\/\"},{\"@type\":\"ListItem\",\"position\":2,\"name\":\"Be Apartments\",\"item\":\"https:\/\/behostels.com\/pt-br\/be-apartments\/\"},{\"@type\":\"ListItem\",\"position\":3,\"name\":\"Estes s\u00e3o os servi\u00e7os que oferecemos no Be Apartments\"}]},{\"@type\":\"WebSite\",\"@id\":\"https:\/\/behostels.com\/pt-br\/#website\",\"url\":\"https:\/\/behostels.com\/pt-br\/\",\"name\":\"Be Hostels\",\"description\":\"\",\"publisher\":{\"@id\":\"https:\/\/behostels.com\/pt-br\/#organization\"},\"potentialAction\":[{\"@type\":\"SearchAction\",\"target\":{\"@type\":\"EntryPoint\",\"urlTemplate\":\"https:\/\/behostels.com\/pt-br\/?s={search_term_string}\"},\"query-input\":\"required name=search_term_string\"}],\"inLanguage\":\"pt-BR\"},{\"@type\":\"Organization\",\"@id\":\"https:\/\/behostels.com\/pt-br\/#organization\",\"name\":\"Be Hostels\",\"url\":\"https:\/\/behostels.com\/pt-br\/\",\"logo\":{\"@type\":\"ImageObject\",\"inLanguage\":\"pt-BR\",\"@id\":\"https:\/\/behostels.com\/pt-br\/#\/schema\/logo\/image\/\",\"url\":\"https:\/\/behostels.com\/wp-content\/uploads\/2015\/06\/be_reservations_logo.jpg\",\"contentUrl\":\"https:\/\/behostels.com\/wp-content\/uploads\/2015\/06\/be_reservations_logo.jpg\",\"width\":130,\"height\":130,\"caption\":\"Be Hostels\"},\"image\":{\"@id\":\"https:\/\/behostels.com\/pt-br\/#\/schema\/logo\/image\/\"}}]}<\/script>\n<!-- \/ Yoast SEO plugin. -->","yoast_head_json":{"title":"Apartments Instala\u00e7\u00f5es","description":"Apartments Instala\u00e7\u00f5es","robots":{"index":"index","follow":"follow","max-snippet":"max-snippet:-1","max-image-preview":"max-image-preview:large","max-video-preview":"max-video-preview:-1"},"canonical":"https:\/\/behostels.com\/pt-br\/be-apartments\/apartments-instalacoes\/","og_locale":"pt_BR","og_type":"article","og_title":"Apartments Instala\u00e7\u00f5es","og_description":"Apartments Instala\u00e7\u00f5es","og_url":"https:\/\/behostels.com\/pt-br\/be-apartments\/apartments-instalacoes\/","og_site_name":"Be Hostels","article_modified_time":"2019-12-12T10:26:01+00:00","twitter_card":"summary_large_image","schema":{"@context":"https:\/\/schema.org","@graph":[{"@type":"WebPage","@id":"https:\/\/behostels.com\/pt-br\/be-apartments\/apartments-instalacoes\/","url":"https:\/\/behostels.com\/pt-br\/be-apartments\/apartments-instalacoes\/","name":"Apartments Instala\u00e7\u00f5es","isPartOf":{"@id":"https:\/\/behostels.com\/pt-br\/#website"},"datePublished":"2015-06-18T13:15:22+00:00","dateModified":"2019-12-12T10:26:01+00:00","description":"Apartments Instala\u00e7\u00f5es","breadcrumb":{"@id":"https:\/\/behostels.com\/pt-br\/be-apartments\/apartments-instalacoes\/#breadcrumb"},"inLanguage":"pt-BR","potentialAction":[{"@type":"ReadAction","target":["https:\/\/behostels.com\/pt-br\/be-apartments\/apartments-instalacoes\/"]}]},{"@type":"BreadcrumbList","@id":"https:\/\/behostels.com\/pt-br\/be-apartments\/apartments-instalacoes\/#breadcrumb","itemListElement":[{"@type":"ListItem","position":1,"name":"Home","item":"https:\/\/behostels.com\/pt-br\/"},{"@type":"ListItem","position":2,"name":"Be Apartments","item":"https:\/\/behostels.com\/pt-br\/be-apartments\/"},{"@type":"ListItem","position":3,"name":"Estes s\u00e3o os servi\u00e7os que oferecemos no Be Apartments"}]},{"@type":"WebSite","@id":"https:\/\/behostels.com\/pt-br\/#website","url":"https:\/\/behostels.com\/pt-br\/","name":"Be Hostels","description":"","publisher":{"@id":"https:\/\/behostels.com\/pt-br\/#organization"},"potentialAction":[{"@type":"SearchAction","target":{"@type":"EntryPoint","urlTemplate":"https:\/\/behostels.com\/pt-br\/?s={search_term_string}"},"query-input":"required name=search_term_string"}],"inLanguage":"pt-BR"},{"@type":"Organization","@id":"https:\/\/behostels.com\/pt-br\/#organization","name":"Be Hostels","url":"https:\/\/behostels.com\/pt-br\/","logo":{"@type":"ImageObject","inLanguage":"pt-BR","@id":"https:\/\/behostels.com\/pt-br\/#\/schema\/logo\/image\/","url":"https:\/\/behostels.com\/wp-content\/uploads\/2015\/06\/be_reservations_logo.jpg","contentUrl":"https:\/\/behostels.com\/wp-content\/uploads\/2015\/06\/be_reservations_logo.jpg","width":130,"height":130,"caption":"Be Hostels"},"image":{"@id":"https:\/\/behostels.com\/pt-br\/#\/schema\/logo\/image\/"}}]}},"_links":{"self":[{"href":"https:\/\/behostels.com\/pt-br\/wp-json\/wp\/v2\/pages\/625"}],"collection":[{"href":"https:\/\/behostels.com\/pt-br\/wp-json\/wp\/v2\/pages"}],"about":[{"href":"https:\/\/behostels.com\/pt-br\/wp-json\/wp\/v2\/types\/page"}],"author":[{"embeddable":true,"href":"https:\/\/behostels.com\/pt-br\/wp-json\/wp\/v2\/users\/1"}],"replies":[{"embeddable":true,"href":"https:\/\/behostels.com\/pt-br\/wp-json\/wp\/v2\/comments?post=625"}],"version-history":[{"count":0,"href":"https:\/\/behostels.com\/pt-br\/wp-json\/wp\/v2\/pages\/625\/revisions"}],"up":[{"embeddable":true,"href":"https:\/\/behostels.com\/pt-br\/wp-json\/wp\/v2\/pages\/428"}],"wp:attachment":[{"href":"https:\/\/behostels.com\/pt-br\/wp-json\/wp\/v2\/media?parent=625"}],"curies":[{"name":"wp","href":"https:\/\/api.w.org\/{rel}","templated":true}]}}