{"id":611,"date":"2015-06-18T13:10:33","date_gmt":"2015-06-18T13:10:33","guid":{"rendered":"https:\/\/behostels.com\/?page_id=611"},"modified":"2015-11-09T14:42:37","modified_gmt":"2015-11-09T14:42:37","slug":"apartments-quartos","status":"publish","type":"page","link":"https:\/\/behostels.com\/pt-br\/be-apartments\/apartments-quartos\/","title":{"rendered":"Apartments quartos"},"content":{"rendered":"\n\n<div id=\"wk-gridf1a\" class=\"uk-grid-width-1-1 uk-grid-width-medium-1-3 uk-grid uk-grid-match uk-grid-medium uk-text-center \" data-uk-grid-match=\"{target:'> div > .uk-panel', row:true}\" data-uk-grid-margin  data-uk-scrollspy=\"{cls:'uk-animation-fade uk-invisible', target:'> div > .uk-panel', delay:300}\">\n\n\n    <div>\n        <div class=\"uk-panel uk-invisible\">\n\n            \n            \n                        <div class=\"uk-text-center uk-panel-teaser\"><img loading=\"lazy\" decoding=\"async\" src=\"\/wp-content\/uploads\/2015\/11\/DoubleRoom1.png\" class=\"uk-border-circle uk-overlay-scale\" alt=\"Double Room\" width=\"800\" height=\"800\"><\/div>\n            \n            \n            \n            \n            \n                        <div class=\"uk-margin\"><a class=\"uk-button\" href=\"https:\/\/booking.behostels.com\/?day=23\/04\/2026&#038;nights=7&#038;hotel=apartments\">\n    \n    \n    \n    \n    \n    \n    Quarto Duplo\n\n<\/a><\/div>\n            \n            \n            \n            \n        <\/div>\n    <\/div>\n\n\n    <div>\n        <div class=\"uk-panel uk-invisible\">\n\n            \n            \n                        <div class=\"uk-text-center uk-panel-teaser\"><img loading=\"lazy\" decoding=\"async\" src=\"\/wp-content\/uploads\/2015\/11\/Apartment2.jpg\" class=\"uk-border-circle uk-overlay-scale\" alt=\"Apartment 2 people\" width=\"600\" height=\"600\"><\/div>\n            \n            \n            \n            \n            \n                        <div class=\"uk-margin\"><a class=\"uk-button\" href=\"https:\/\/booking.behostels.com\/?day=23\/04\/2026&#038;nights=7&#038;hotel=apartments\">\n    \n    \n    \n    \n    \n    \n    Apartamento para 2 pessoas\n<\/a><\/div>\n            \n            \n            \n            \n        <\/div>\n    <\/div>\n\n\n    <div>\n        <div class=\"uk-panel uk-invisible\">\n\n            \n            \n                        <div class=\"uk-text-center uk-panel-teaser\"><img loading=\"lazy\" decoding=\"async\" src=\"\/wp-content\/uploads\/2015\/11\/Apartment3.jpg\" class=\"uk-border-circle uk-overlay-scale\" alt=\"Apartment 3 people\" width=\"720\" height=\"720\"><\/div>\n            \n            \n            \n            \n            \n                        <div class=\"uk-margin\"><a class=\"uk-button\" href=\"https:\/\/booking.behostels.com\/?day=23\/04\/2026&#038;nights=7&#038;hotel=apartments\">\n    \n    \n    \n    \n    \n    \n    Apartamento para 3 pessoas\n<\/a><\/div>\n            \n            \n            \n            \n        <\/div>\n    <\/div>\n\n\n<\/div>\n\n<script>\n(function($){\n\n    \/\/ get the images of the gallery and replace it by a canvas of the same size to fix the problem with overlapping images on load.\n    $('img[width][height]:not(.uk-overlay-panel)', $('#wk-gridf1a')).each(function() {\n\n        var $img = $(this);\n\n        if (this.width == 'auto' || this.height == 'auto' || !$img.is(':visible')) {\n            return;\n        }\n\n        var $canvas = $('<canvas class=\"uk-responsive-width\"><\/canvas>').attr({width:$img.attr('width'), height:$img.attr('height')}),\n            img = new Image,\n            release = function() {\n                $canvas.remove();\n                $img.css('display', '');\n                release = function(){};\n            };\n\n        $img.css('display', 'none').after($canvas);\n\n        $(img).on('load', function(){ release(); });\n        setTimeout(function(){ release(); }, 1000);\n\n        img.src = this.src;\n\n    });\n\n})(jQuery);\n<\/script>\n\r\n<br>\r\n<br>\r\n<div class=\"destacado\">\r\n    <h2 class=\"fantasy\">Os tipos de quartos no Be Apartments s\u00e3o:<\/h2>\r\n<ul>\r\n    <li><strong>Apartamento para 2 pessoas com cozinha e casa de banho<\/strong><\/li>\r\n    <li><strong>Apartamento para 3 pessoas, com cozinha e casa de banho<\/strong><\/li>\r\n    <li><strong>Quarto Duplo com casa de banho<\/strong><\/li>\r\n<\/ul>\r\n<\/div>\r\n<h2 class=\"fantasy\">Todos os quartos t\u00eam estes servi\u00e7os:<\/h2>\r\n<ul>\r\n    <li><strong>Internet wireless gratuito in camera<\/strong><\/li>\r\n    <li><strong>TV<\/strong><\/li>\r\n    <li><strong>Ar condicionado<\/strong> e <strong>aquecimento <\/strong> com controle autom\u00e1tico<\/li>\r\n    <li>As casas de banho t\u00eam chuveiros, sabonete e secador de cabelo<\/li>\r\n    <li>Roupa de cama e toalhas<\/li>\r\n<\/ul>","protected":false},"excerpt":{"rendered":"<p>Os tipos de quartos no Be Apartments s\u00e3o: Apartamento para 2 pessoas com cozinha e casa de banho Apartamento para 3 pessoas, com cozinha e casa de banho Quarto Duplo com casa de banho Todos os quartos t\u00eam estes servi\u00e7os: Internet wireless gratuito in camera TV Ar condicionado e aquecimento com controle autom\u00e1tico As casas [&hellip;]<\/p>\n","protected":false},"author":1,"featured_media":0,"parent":428,"menu_order":0,"comment_status":"closed","ping_status":"closed","template":"","meta":{"footnotes":""},"yoast_head":"<!-- This site is optimized with the Yoast SEO plugin v22.7 - https:\/\/yoast.com\/wordpress\/plugins\/seo\/ -->\n<title>Apartments quartos<\/title>\n<meta name=\"description\" content=\"Apartments quartos\" \/>\n<meta name=\"robots\" content=\"index, follow, max-snippet:-1, max-image-preview:large, max-video-preview:-1\" \/>\n<link rel=\"canonical\" href=\"https:\/\/behostels.com\/pt-br\/be-apartments\/apartments-quartos\/\" \/>\n<meta property=\"og:locale\" content=\"pt_BR\" \/>\n<meta property=\"og:type\" content=\"article\" \/>\n<meta property=\"og:title\" content=\"Apartments quartos\" \/>\n<meta property=\"og:description\" content=\"Apartments quartos\" \/>\n<meta property=\"og:url\" content=\"https:\/\/behostels.com\/pt-br\/be-apartments\/apartments-quartos\/\" \/>\n<meta property=\"og:site_name\" content=\"Be Hostels\" \/>\n<meta property=\"article:modified_time\" content=\"2015-11-09T14:42:37+00:00\" \/>\n<meta name=\"twitter:card\" content=\"summary_large_image\" \/>\n<script type=\"application\/ld+json\" class=\"yoast-schema-graph\">{\"@context\":\"https:\/\/schema.org\",\"@graph\":[{\"@type\":\"WebPage\",\"@id\":\"https:\/\/behostels.com\/pt-br\/be-apartments\/apartments-quartos\/\",\"url\":\"https:\/\/behostels.com\/pt-br\/be-apartments\/apartments-quartos\/\",\"name\":\"Apartments quartos\",\"isPartOf\":{\"@id\":\"https:\/\/behostels.com\/pt-br\/#website\"},\"datePublished\":\"2015-06-18T13:10:33+00:00\",\"dateModified\":\"2015-11-09T14:42:37+00:00\",\"description\":\"Apartments quartos\",\"breadcrumb\":{\"@id\":\"https:\/\/behostels.com\/pt-br\/be-apartments\/apartments-quartos\/#breadcrumb\"},\"inLanguage\":\"pt-BR\",\"potentialAction\":[{\"@type\":\"ReadAction\",\"target\":[\"https:\/\/behostels.com\/pt-br\/be-apartments\/apartments-quartos\/\"]}]},{\"@type\":\"BreadcrumbList\",\"@id\":\"https:\/\/behostels.com\/pt-br\/be-apartments\/apartments-quartos\/#breadcrumb\",\"itemListElement\":[{\"@type\":\"ListItem\",\"position\":1,\"name\":\"Home\",\"item\":\"https:\/\/behostels.com\/pt-br\/\"},{\"@type\":\"ListItem\",\"position\":2,\"name\":\"Be Apartments\",\"item\":\"https:\/\/behostels.com\/pt-br\/be-apartments\/\"},{\"@type\":\"ListItem\",\"position\":3,\"name\":\"Apartments quartos\"}]},{\"@type\":\"WebSite\",\"@id\":\"https:\/\/behostels.com\/pt-br\/#website\",\"url\":\"https:\/\/behostels.com\/pt-br\/\",\"name\":\"Be Hostels\",\"description\":\"\",\"publisher\":{\"@id\":\"https:\/\/behostels.com\/pt-br\/#organization\"},\"potentialAction\":[{\"@type\":\"SearchAction\",\"target\":{\"@type\":\"EntryPoint\",\"urlTemplate\":\"https:\/\/behostels.com\/pt-br\/?s={search_term_string}\"},\"query-input\":\"required name=search_term_string\"}],\"inLanguage\":\"pt-BR\"},{\"@type\":\"Organization\",\"@id\":\"https:\/\/behostels.com\/pt-br\/#organization\",\"name\":\"Be Hostels\",\"url\":\"https:\/\/behostels.com\/pt-br\/\",\"logo\":{\"@type\":\"ImageObject\",\"inLanguage\":\"pt-BR\",\"@id\":\"https:\/\/behostels.com\/pt-br\/#\/schema\/logo\/image\/\",\"url\":\"https:\/\/behostels.com\/wp-content\/uploads\/2015\/06\/be_reservations_logo.jpg\",\"contentUrl\":\"https:\/\/behostels.com\/wp-content\/uploads\/2015\/06\/be_reservations_logo.jpg\",\"width\":130,\"height\":130,\"caption\":\"Be Hostels\"},\"image\":{\"@id\":\"https:\/\/behostels.com\/pt-br\/#\/schema\/logo\/image\/\"}}]}<\/script>\n<!-- \/ Yoast SEO plugin. -->","yoast_head_json":{"title":"Apartments quartos","description":"Apartments quartos","robots":{"index":"index","follow":"follow","max-snippet":"max-snippet:-1","max-image-preview":"max-image-preview:large","max-video-preview":"max-video-preview:-1"},"canonical":"https:\/\/behostels.com\/pt-br\/be-apartments\/apartments-quartos\/","og_locale":"pt_BR","og_type":"article","og_title":"Apartments quartos","og_description":"Apartments quartos","og_url":"https:\/\/behostels.com\/pt-br\/be-apartments\/apartments-quartos\/","og_site_name":"Be Hostels","article_modified_time":"2015-11-09T14:42:37+00:00","twitter_card":"summary_large_image","schema":{"@context":"https:\/\/schema.org","@graph":[{"@type":"WebPage","@id":"https:\/\/behostels.com\/pt-br\/be-apartments\/apartments-quartos\/","url":"https:\/\/behostels.com\/pt-br\/be-apartments\/apartments-quartos\/","name":"Apartments quartos","isPartOf":{"@id":"https:\/\/behostels.com\/pt-br\/#website"},"datePublished":"2015-06-18T13:10:33+00:00","dateModified":"2015-11-09T14:42:37+00:00","description":"Apartments quartos","breadcrumb":{"@id":"https:\/\/behostels.com\/pt-br\/be-apartments\/apartments-quartos\/#breadcrumb"},"inLanguage":"pt-BR","potentialAction":[{"@type":"ReadAction","target":["https:\/\/behostels.com\/pt-br\/be-apartments\/apartments-quartos\/"]}]},{"@type":"BreadcrumbList","@id":"https:\/\/behostels.com\/pt-br\/be-apartments\/apartments-quartos\/#breadcrumb","itemListElement":[{"@type":"ListItem","position":1,"name":"Home","item":"https:\/\/behostels.com\/pt-br\/"},{"@type":"ListItem","position":2,"name":"Be Apartments","item":"https:\/\/behostels.com\/pt-br\/be-apartments\/"},{"@type":"ListItem","position":3,"name":"Apartments quartos"}]},{"@type":"WebSite","@id":"https:\/\/behostels.com\/pt-br\/#website","url":"https:\/\/behostels.com\/pt-br\/","name":"Be Hostels","description":"","publisher":{"@id":"https:\/\/behostels.com\/pt-br\/#organization"},"potentialAction":[{"@type":"SearchAction","target":{"@type":"EntryPoint","urlTemplate":"https:\/\/behostels.com\/pt-br\/?s={search_term_string}"},"query-input":"required name=search_term_string"}],"inLanguage":"pt-BR"},{"@type":"Organization","@id":"https:\/\/behostels.com\/pt-br\/#organization","name":"Be Hostels","url":"https:\/\/behostels.com\/pt-br\/","logo":{"@type":"ImageObject","inLanguage":"pt-BR","@id":"https:\/\/behostels.com\/pt-br\/#\/schema\/logo\/image\/","url":"https:\/\/behostels.com\/wp-content\/uploads\/2015\/06\/be_reservations_logo.jpg","contentUrl":"https:\/\/behostels.com\/wp-content\/uploads\/2015\/06\/be_reservations_logo.jpg","width":130,"height":130,"caption":"Be Hostels"},"image":{"@id":"https:\/\/behostels.com\/pt-br\/#\/schema\/logo\/image\/"}}]}},"_links":{"self":[{"href":"https:\/\/behostels.com\/pt-br\/wp-json\/wp\/v2\/pages\/611"}],"collection":[{"href":"https:\/\/behostels.com\/pt-br\/wp-json\/wp\/v2\/pages"}],"about":[{"href":"https:\/\/behostels.com\/pt-br\/wp-json\/wp\/v2\/types\/page"}],"author":[{"embeddable":true,"href":"https:\/\/behostels.com\/pt-br\/wp-json\/wp\/v2\/users\/1"}],"replies":[{"embeddable":true,"href":"https:\/\/behostels.com\/pt-br\/wp-json\/wp\/v2\/comments?post=611"}],"version-history":[{"count":0,"href":"https:\/\/behostels.com\/pt-br\/wp-json\/wp\/v2\/pages\/611\/revisions"}],"up":[{"embeddable":true,"href":"https:\/\/behostels.com\/pt-br\/wp-json\/wp\/v2\/pages\/428"}],"wp:attachment":[{"href":"https:\/\/behostels.com\/pt-br\/wp-json\/wp\/v2\/media?parent=611"}],"curies":[{"name":"wp","href":"https:\/\/api.w.org\/{rel}","templated":true}]}}