{"id":57,"date":"2015-06-08T15:42:33","date_gmt":"2015-06-08T15:42:33","guid":{"rendered":"https:\/\/behostels.com\/?page_id=57"},"modified":"2015-07-16T09:41:45","modified_gmt":"2015-07-16T09:41:45","slug":"um-novo-estilo-de-hostal-em-barcelona-a-historia-de-be-hostels","status":"publish","type":"page","link":"https:\/\/behostels.com\/pt-br\/um-novo-estilo-de-hostal-em-barcelona-a-historia-de-be-hostels\/","title":{"rendered":"Um novo estilo de hostal em Barcelona: A hist\u00f3ria de Be Hostels"},"content":{"rendered":"<h2><a title=\"Barcelona Hostels | Hostels in Barcelona\" href=\"https:\/\/behostels.com\">Be Hostels<\/a> \u00e9 atualmente uma <a href=\"https:\/\/behostels.com\/pt-br\/\">rede de hot\u00e9is<\/a> famosa e bem-conceituada em Barcelona. <\/h2>\r\n<p><\/p>\r\n\r\n<h3><a title=\"Barcelona Hostels | Hostels in Barcelona\" href=\"https:\/\/behostels.com\">Be Hostels<\/a> soube conservar a fun\u00e7\u00e3o tradicional de um albergue, aliando-a, nos \u00faltimos anos, \u00e0s novas tend\u00eancias de viagem! Sempre oferecendo a melhor localiza\u00e7\u00e3o, pre\u00e7os acess\u00edveis e a melhor qualidade!<\/h3>\r\n<p>\r\n<strong>Be Hostels<\/strong> come\u00e7ou em 1999 com um pequeno <strong>hotel pr\u00f3ximo \u00e0 rua principal Las Ramblas<\/strong>, bem no centro de <strong>Barcelona<\/strong>. O homem por tr\u00e1s de <a href=\"https:\/\/behostels.com\/pt-br\/\"><strong>Be Hostels<\/strong><\/a> \u00e9 <strong>Josep Maria Farr\u00e9<\/strong>, fazendo por onde receber visitantes da melhor maneira poss\u00edvel em <strong>Barcelona<\/strong>. Anos mais tarde, seu filho <strong>Adri\u00e0<\/strong> e sua filha <strong>V\u00e0lia<\/strong>, uniram-se a ele neste grande empreendimento. Sua juventude e empolga\u00e7\u00e3o com viagens trouxeram <strong>novas ideias de hotelaria<\/strong>!\r\n<\/p>\r\n<div class=\"uk-grid uk-text-left uk-flex-middle\">\r\n\t<div class=\"uk-width-medium-1-3\">\r\n\t\t<div class=\"uk-overlay uk-overlay-hover uk-border-circle\">\r\n\t\t\t<img loading=\"lazy\" decoding=\"async\" src=\"https:\/\/behostels.com\/wp-content\/uploads\/2015\/07\/be-mar-hostel-barcelona-entrance.jpg\" class=\"uk-border-circle uk-overlay-scale\" alt=\"Be Mar Hostel Barcelona Best Location\" width=\"900\" height=\"900\" class=\"alignnone size-full wp-image-1795\" srcset=\"https:\/\/behostels.com\/wp-content\/uploads\/2015\/07\/be-mar-hostel-barcelona-entrance.jpg 900w, https:\/\/behostels.com\/wp-content\/uploads\/2015\/07\/be-mar-hostel-barcelona-entrance-150x150.jpg 150w, https:\/\/behostels.com\/wp-content\/uploads\/2015\/07\/be-mar-hostel-barcelona-entrance-300x300.jpg 300w\" sizes=\"(max-width: 900px) 100vw, 900px\" \/>\r\n\t\t<\/div>\r\n\t<\/div>\r\n\t<div class=\"uk-width-medium-2-3\">\r\n\t<p>\r\n\tJuntos, inauguramos <a href=\"https:\/\/behostels.com\/pt-br\/?page_id=73\"><strong>Be Mar Hostel<\/strong><\/a> em 2002, um dos poucos <a href=\"https:\/\/behostels.com\/pt-br\/\"><strong>albergues em Barcelona<\/strong><\/a> existentes desse ent\u00e3o. Aqueles tempos foram demais! Tent\u00e1vamos trazer novas ideias para um segmento do turismo bem herm\u00e9tico, como o espanhol daquela \u00e9poca. Passamos horas a fio em recep\u00e7\u00e3o fazendo novos amigos e vendo como <a href=\"https:\/\/behostels.com\/pt-br\/?page_id=73\"><strong>Be Mar Hostel<\/strong><\/a> crescia. Em 2005, <a href=\"https:\/\/behostels.com\/pt-br\/\"><strong>Be Hostels<\/strong><\/a> inaugurava seu segundo hostel, Be Sound Hostel, do lado do primeiro. Al\u00e9m de receber o nome em homenagem a um antigo e famoso armaz\u00e9m de discos da cidade onde foi constru\u00eddo, <a href=\"https:\/\/behostels.com\/pt-br\/sound\/\"><strong>Be Sound Hostel<\/strong><\/a> \u00e9 um lugar onde d\u00e1 para curtir um som ao vivo e a vida musical de <strong>Barcelona<\/strong> em geral.\r\n\t<\/p>\r\n\t\t<p>\r\nEm 2007, chegou <a href=\"https:\/\/behostels.com\/dream\/pt-br\/\"><strong>Be Dream Hostel<\/strong><\/a> para os <strong>mochileiros<\/strong> f\u00e3s da <strong>praia<\/strong> de <strong>Barcelona<\/strong> e da cidade de <strong>Badalona<\/strong>, de onde \u00e9 oriunda a fam\u00edlia Farr\u00e9.\r\n\t\t\t<\/p>\r\n\t\t<p>\r\nFinalmente, <a href=\"https:\/\/behostels.com\/pt-br\/\"><strong>Be Hostels<\/strong><\/a> inaugura um albergue na cidade de <a href=\"https:\/\/behostels.com\/zaragoza\/pt-br\/\"><strong>Zaragoza<\/strong><\/a>, uma cidade entre <strong>Barcelona<\/strong> e Madri, cuja beleza \u00e9 o reflexo do que h\u00e1 de mais aut\u00eantico no norte da Espanha.\r\n<\/p>\r\n\t<\/div>\r\n<\/div>\r\n\r\n<h3>Esperamos que se sinta em casa e que tenha uma \u00f3tima estadia!.<\/h3>\r\n","protected":false},"excerpt":{"rendered":"<p>Be Hostels \u00e9 atualmente uma rede de hot\u00e9is famosa e bem-conceituada em Barcelona. Be Hostels soube conservar a fun\u00e7\u00e3o tradicional de um albergue, aliando-a, nos \u00faltimos anos, \u00e0s novas tend\u00eancias de viagem! Sempre oferecendo a melhor localiza\u00e7\u00e3o, pre\u00e7os acess\u00edveis e a melhor qualidade! Be Hostels come\u00e7ou em 1999 com um pequeno hotel pr\u00f3ximo \u00e0 rua [&hellip;]<\/p>\n","protected":false},"author":1,"featured_media":0,"parent":0,"menu_order":0,"comment_status":"closed","ping_status":"closed","template":"","meta":{"footnotes":""},"yoast_head":"<!-- This site is optimized with the Yoast SEO plugin v22.7 - https:\/\/yoast.com\/wordpress\/plugins\/seo\/ -->\n<title>Um novo estilo de hostal em Barcelona: Curta a cidade com Be Hostels!<\/title>\n<meta name=\"description\" content=\"Sempre tivemos a voca\u00e7\u00e3o de melhorar a estadia de nossos h\u00f3spedes, deixando nossa marca em cada coisa pequena que acontece em Be Hostels.\" \/>\n<meta name=\"robots\" content=\"index, follow, max-snippet:-1, max-image-preview:large, max-video-preview:-1\" \/>\n<link rel=\"canonical\" href=\"https:\/\/behostels.com\/pt-br\/um-novo-estilo-de-hostal-em-barcelona-a-historia-de-be-hostels\/\" \/>\n<meta property=\"og:locale\" content=\"pt_BR\" \/>\n<meta property=\"og:type\" content=\"article\" \/>\n<meta property=\"og:title\" content=\"Um novo estilo de hostal em Barcelona: Curta a cidade com Be Hostels!\" \/>\n<meta property=\"og:description\" content=\"Sempre tivemos a voca\u00e7\u00e3o de melhorar a estadia de nossos h\u00f3spedes, deixando nossa marca em cada coisa pequena que acontece em Be Hostels.\" \/>\n<meta property=\"og:url\" content=\"https:\/\/behostels.com\/pt-br\/um-novo-estilo-de-hostal-em-barcelona-a-historia-de-be-hostels\/\" \/>\n<meta property=\"og:site_name\" content=\"Be Hostels\" \/>\n<meta property=\"article:modified_time\" content=\"2015-07-16T09:41:45+00:00\" \/>\n<meta property=\"og:image\" content=\"https:\/\/behostels.com\/wp-content\/uploads\/2015\/07\/be-mar-hostel-barcelona-entrance.jpg\" \/>\n<meta name=\"twitter:card\" content=\"summary_large_image\" \/>\n<meta name=\"twitter:label1\" content=\"Est. tempo de leitura\" \/>\n\t<meta name=\"twitter:data1\" content=\"2 minutos\" \/>\n<script type=\"application\/ld+json\" class=\"yoast-schema-graph\">{\"@context\":\"https:\/\/schema.org\",\"@graph\":[{\"@type\":\"WebPage\",\"@id\":\"https:\/\/behostels.com\/pt-br\/um-novo-estilo-de-hostal-em-barcelona-a-historia-de-be-hostels\/\",\"url\":\"https:\/\/behostels.com\/pt-br\/um-novo-estilo-de-hostal-em-barcelona-a-historia-de-be-hostels\/\",\"name\":\"Um novo estilo de hostal em Barcelona: Curta a cidade com Be Hostels!\",\"isPartOf\":{\"@id\":\"https:\/\/behostels.com\/pt-br\/#website\"},\"primaryImageOfPage\":{\"@id\":\"https:\/\/behostels.com\/pt-br\/um-novo-estilo-de-hostal-em-barcelona-a-historia-de-be-hostels\/#primaryimage\"},\"image\":{\"@id\":\"https:\/\/behostels.com\/pt-br\/um-novo-estilo-de-hostal-em-barcelona-a-historia-de-be-hostels\/#primaryimage\"},\"thumbnailUrl\":\"https:\/\/behostels.com\/wp-content\/uploads\/2015\/07\/be-mar-hostel-barcelona-entrance.jpg\",\"datePublished\":\"2015-06-08T15:42:33+00:00\",\"dateModified\":\"2015-07-16T09:41:45+00:00\",\"description\":\"Sempre tivemos a voca\u00e7\u00e3o de melhorar a estadia de nossos h\u00f3spedes, deixando nossa marca em cada coisa pequena que acontece em Be Hostels.\",\"breadcrumb\":{\"@id\":\"https:\/\/behostels.com\/pt-br\/um-novo-estilo-de-hostal-em-barcelona-a-historia-de-be-hostels\/#breadcrumb\"},\"inLanguage\":\"pt-BR\",\"potentialAction\":[{\"@type\":\"ReadAction\",\"target\":[\"https:\/\/behostels.com\/pt-br\/um-novo-estilo-de-hostal-em-barcelona-a-historia-de-be-hostels\/\"]}]},{\"@type\":\"ImageObject\",\"inLanguage\":\"pt-BR\",\"@id\":\"https:\/\/behostels.com\/pt-br\/um-novo-estilo-de-hostal-em-barcelona-a-historia-de-be-hostels\/#primaryimage\",\"url\":\"https:\/\/behostels.com\/wp-content\/uploads\/2015\/07\/be-mar-hostel-barcelona-entrance.jpg\",\"contentUrl\":\"https:\/\/behostels.com\/wp-content\/uploads\/2015\/07\/be-mar-hostel-barcelona-entrance.jpg\"},{\"@type\":\"BreadcrumbList\",\"@id\":\"https:\/\/behostels.com\/pt-br\/um-novo-estilo-de-hostal-em-barcelona-a-historia-de-be-hostels\/#breadcrumb\",\"itemListElement\":[{\"@type\":\"ListItem\",\"position\":1,\"name\":\"Home\",\"item\":\"https:\/\/behostels.com\/pt-br\/\"},{\"@type\":\"ListItem\",\"position\":2,\"name\":\"Um novo estilo de hostal em Barcelona: A hist\u00f3ria de Be Hostels\"}]},{\"@type\":\"WebSite\",\"@id\":\"https:\/\/behostels.com\/pt-br\/#website\",\"url\":\"https:\/\/behostels.com\/pt-br\/\",\"name\":\"Be Hostels\",\"description\":\"\",\"publisher\":{\"@id\":\"https:\/\/behostels.com\/pt-br\/#organization\"},\"potentialAction\":[{\"@type\":\"SearchAction\",\"target\":{\"@type\":\"EntryPoint\",\"urlTemplate\":\"https:\/\/behostels.com\/pt-br\/?s={search_term_string}\"},\"query-input\":\"required name=search_term_string\"}],\"inLanguage\":\"pt-BR\"},{\"@type\":\"Organization\",\"@id\":\"https:\/\/behostels.com\/pt-br\/#organization\",\"name\":\"Be Hostels\",\"url\":\"https:\/\/behostels.com\/pt-br\/\",\"logo\":{\"@type\":\"ImageObject\",\"inLanguage\":\"pt-BR\",\"@id\":\"https:\/\/behostels.com\/pt-br\/#\/schema\/logo\/image\/\",\"url\":\"https:\/\/behostels.com\/wp-content\/uploads\/2015\/06\/be_reservations_logo.jpg\",\"contentUrl\":\"https:\/\/behostels.com\/wp-content\/uploads\/2015\/06\/be_reservations_logo.jpg\",\"width\":130,\"height\":130,\"caption\":\"Be Hostels\"},\"image\":{\"@id\":\"https:\/\/behostels.com\/pt-br\/#\/schema\/logo\/image\/\"}}]}<\/script>\n<!-- \/ Yoast SEO plugin. -->","yoast_head_json":{"title":"Um novo estilo de hostal em Barcelona: Curta a cidade com Be Hostels!","description":"Sempre tivemos a voca\u00e7\u00e3o de melhorar a estadia de nossos h\u00f3spedes, deixando nossa marca em cada coisa pequena que acontece em Be Hostels.","robots":{"index":"index","follow":"follow","max-snippet":"max-snippet:-1","max-image-preview":"max-image-preview:large","max-video-preview":"max-video-preview:-1"},"canonical":"https:\/\/behostels.com\/pt-br\/um-novo-estilo-de-hostal-em-barcelona-a-historia-de-be-hostels\/","og_locale":"pt_BR","og_type":"article","og_title":"Um novo estilo de hostal em Barcelona: Curta a cidade com Be Hostels!","og_description":"Sempre tivemos a voca\u00e7\u00e3o de melhorar a estadia de nossos h\u00f3spedes, deixando nossa marca em cada coisa pequena que acontece em Be Hostels.","og_url":"https:\/\/behostels.com\/pt-br\/um-novo-estilo-de-hostal-em-barcelona-a-historia-de-be-hostels\/","og_site_name":"Be Hostels","article_modified_time":"2015-07-16T09:41:45+00:00","og_image":[{"url":"https:\/\/behostels.com\/wp-content\/uploads\/2015\/07\/be-mar-hostel-barcelona-entrance.jpg"}],"twitter_card":"summary_large_image","twitter_misc":{"Est. tempo de leitura":"2 minutos"},"schema":{"@context":"https:\/\/schema.org","@graph":[{"@type":"WebPage","@id":"https:\/\/behostels.com\/pt-br\/um-novo-estilo-de-hostal-em-barcelona-a-historia-de-be-hostels\/","url":"https:\/\/behostels.com\/pt-br\/um-novo-estilo-de-hostal-em-barcelona-a-historia-de-be-hostels\/","name":"Um novo estilo de hostal em Barcelona: Curta a cidade com Be Hostels!","isPartOf":{"@id":"https:\/\/behostels.com\/pt-br\/#website"},"primaryImageOfPage":{"@id":"https:\/\/behostels.com\/pt-br\/um-novo-estilo-de-hostal-em-barcelona-a-historia-de-be-hostels\/#primaryimage"},"image":{"@id":"https:\/\/behostels.com\/pt-br\/um-novo-estilo-de-hostal-em-barcelona-a-historia-de-be-hostels\/#primaryimage"},"thumbnailUrl":"https:\/\/behostels.com\/wp-content\/uploads\/2015\/07\/be-mar-hostel-barcelona-entrance.jpg","datePublished":"2015-06-08T15:42:33+00:00","dateModified":"2015-07-16T09:41:45+00:00","description":"Sempre tivemos a voca\u00e7\u00e3o de melhorar a estadia de nossos h\u00f3spedes, deixando nossa marca em cada coisa pequena que acontece em Be Hostels.","breadcrumb":{"@id":"https:\/\/behostels.com\/pt-br\/um-novo-estilo-de-hostal-em-barcelona-a-historia-de-be-hostels\/#breadcrumb"},"inLanguage":"pt-BR","potentialAction":[{"@type":"ReadAction","target":["https:\/\/behostels.com\/pt-br\/um-novo-estilo-de-hostal-em-barcelona-a-historia-de-be-hostels\/"]}]},{"@type":"ImageObject","inLanguage":"pt-BR","@id":"https:\/\/behostels.com\/pt-br\/um-novo-estilo-de-hostal-em-barcelona-a-historia-de-be-hostels\/#primaryimage","url":"https:\/\/behostels.com\/wp-content\/uploads\/2015\/07\/be-mar-hostel-barcelona-entrance.jpg","contentUrl":"https:\/\/behostels.com\/wp-content\/uploads\/2015\/07\/be-mar-hostel-barcelona-entrance.jpg"},{"@type":"BreadcrumbList","@id":"https:\/\/behostels.com\/pt-br\/um-novo-estilo-de-hostal-em-barcelona-a-historia-de-be-hostels\/#breadcrumb","itemListElement":[{"@type":"ListItem","position":1,"name":"Home","item":"https:\/\/behostels.com\/pt-br\/"},{"@type":"ListItem","position":2,"name":"Um novo estilo de hostal em Barcelona: A hist\u00f3ria de Be Hostels"}]},{"@type":"WebSite","@id":"https:\/\/behostels.com\/pt-br\/#website","url":"https:\/\/behostels.com\/pt-br\/","name":"Be Hostels","description":"","publisher":{"@id":"https:\/\/behostels.com\/pt-br\/#organization"},"potentialAction":[{"@type":"SearchAction","target":{"@type":"EntryPoint","urlTemplate":"https:\/\/behostels.com\/pt-br\/?s={search_term_string}"},"query-input":"required name=search_term_string"}],"inLanguage":"pt-BR"},{"@type":"Organization","@id":"https:\/\/behostels.com\/pt-br\/#organization","name":"Be Hostels","url":"https:\/\/behostels.com\/pt-br\/","logo":{"@type":"ImageObject","inLanguage":"pt-BR","@id":"https:\/\/behostels.com\/pt-br\/#\/schema\/logo\/image\/","url":"https:\/\/behostels.com\/wp-content\/uploads\/2015\/06\/be_reservations_logo.jpg","contentUrl":"https:\/\/behostels.com\/wp-content\/uploads\/2015\/06\/be_reservations_logo.jpg","width":130,"height":130,"caption":"Be Hostels"},"image":{"@id":"https:\/\/behostels.com\/pt-br\/#\/schema\/logo\/image\/"}}]}},"_links":{"self":[{"href":"https:\/\/behostels.com\/pt-br\/wp-json\/wp\/v2\/pages\/57"}],"collection":[{"href":"https:\/\/behostels.com\/pt-br\/wp-json\/wp\/v2\/pages"}],"about":[{"href":"https:\/\/behostels.com\/pt-br\/wp-json\/wp\/v2\/types\/page"}],"author":[{"embeddable":true,"href":"https:\/\/behostels.com\/pt-br\/wp-json\/wp\/v2\/users\/1"}],"replies":[{"embeddable":true,"href":"https:\/\/behostels.com\/pt-br\/wp-json\/wp\/v2\/comments?post=57"}],"version-history":[{"count":0,"href":"https:\/\/behostels.com\/pt-br\/wp-json\/wp\/v2\/pages\/57\/revisions"}],"wp:attachment":[{"href":"https:\/\/behostels.com\/pt-br\/wp-json\/wp\/v2\/media?parent=57"}],"curies":[{"name":"wp","href":"https:\/\/api.w.org\/{rel}","templated":true}]}}