{"id":539,"date":"2015-06-17T15:52:23","date_gmt":"2015-06-17T15:52:23","guid":{"rendered":"https:\/\/behostels.com\/?page_id=539"},"modified":"2015-06-25T13:35:25","modified_gmt":"2015-06-25T13:35:25","slug":"contato-be-hostels","status":"publish","type":"page","link":"https:\/\/behostels.com\/pt-br\/contato-be-hostels\/","title":{"rendered":"Contato Be Hostels"},"content":{"rendered":"Nossa equipe ter\u00e1 gosto em ajudar voc\u00ea a qualquer hora. Se tiver qualquer d\u00favida ou pergunta sobre as <a href=\"https:\/\/behostels.com\/pt-br\/reservas-be-hostels\/\"><strong>reservas<\/strong><\/a>, <strong>Barcelona<\/strong> ou <strong><a href=\"https:\/\/behostels.com\/pt-br\/\">Be Hostels<\/a><\/strong>, n\u00e3o hesite em contatar conosco. A recep\u00e7\u00e3o de todos os <a href=\"https:\/\/behostels.com\/pt-br\/\"><strong>Be Hostels<\/strong><\/a> funcionam as <strong>24 horas atendendo<\/strong> telefone e e-mail.\r\n\n<div  data-uk-scrollspy=\"{target:'> div > [data-uk-scrollspy-cls]', delay:300}\">\n\n\n    \n    <div class=\"uk-grid uk-text-left uk-flex-middle\" data-uk-grid-match data-uk-margin=\"{cls:'uk-margin-top'}\">\n\n                <div class=\"uk-width-medium-3-10 uk-text-center uk-invisible\"  data-uk-scrollspy-cls=\"uk-animation-fade uk-invisible\">\n            <div class=\"uk-overlay uk-overlay-hover uk-border-circle\"><img decoding=\"async\" src=\"\/wp-content\/uploads\/2015\/07\/be-hostels-groups-contact.jpg\" class=\"uk-border-circle uk-overlay-scale\" alt=\"Groups Reservations\"><div class=\"uk-overlay-panel uk-overlay-background uk-overlay-icon uk-overlay-fade\"><\/div><\/div>        <\/div>\n        \n                <div class=\"uk-width-medium-7-10 uk-invisible\"  data-uk-scrollspy-cls=\"uk-animation-slide-right uk-invisible\">\n            <div class=\"uk-panel uk-panel-space uk-width-1-1\">\n\n                \n                \n                                <div class=\"uk-margin\"><h2><a title=\"Groups Reservations\" href=\"http:\/\/behostels.com\/groups-2\/\"><strong>Groups Reservations<\/strong><\/a><\/h2>\n<ul>\n\t<li>Srta. Ana<\/li>\n\t<li>Phone: (+34) 93 324 85 30<\/li>\n\t<li>Fax: (+34) 93 324 85 31<\/li>\n\t<li>Carrer Sant Pau 80<\/li>\n\t<li>08001 Barcelona-Spain<\/li>\n\t<li><a href=\"mailto:groups@behostels.com\">groups@behostels.com<\/a><\/li>\n\t<li><a href=\"http:\/\/behostels.com\/groups-2\/\">www.behostels.com\/groups<\/a><\/li>\n<\/ul><\/div>\n                \n                \n                \n            <\/div>\n        <\/div>\n        \n    <\/div>\n\n    \n\n    \n    <div class=\"uk-grid uk-text-left uk-flex-middle\" data-uk-grid-match data-uk-margin=\"{cls:'uk-margin-top'}\">\n\n                <div class=\"uk-width-medium-3-10 uk-text-center uk-invisible\"  data-uk-scrollspy-cls=\"uk-animation-fade uk-invisible\">\n            <div class=\"uk-overlay uk-overlay-hover uk-border-circle\"><img decoding=\"async\" src=\"\/wp-content\/uploads\/2015\/06\/barcelona-be-dream-01.jpg\" class=\"uk-border-circle uk-overlay-scale\" alt=\"Be Dream Hostel\"><div class=\"uk-overlay-panel uk-overlay-background uk-overlay-icon uk-overlay-fade\"><\/div><\/div>        <\/div>\n        \n                <div class=\"uk-width-medium-7-10 uk-invisible\"  data-uk-scrollspy-cls=\"uk-animation-slide-right uk-invisible\">\n            <div class=\"uk-panel uk-panel-space uk-width-1-1\">\n\n                \n                \n                                <div class=\"uk-margin\"><div itemscope itemtype=\"http:\/\/schema.org\/Hostel\" id=\"content\" class=\"\">\n<h2 itemprop=\"name\"><a href=\"http:\/\/behostels.com\/dream\/\"><strong>Be Dream Hostel<\/strong><\/a><\/h2>\n<ul>\n\t<li itemprop=\"address\">Ave. Alfonso XIII &#8211; 28 B<\/li>\n\t<li>08912 Badalona<\/li>\n\t<li>Barcelona &#8211; Spain<\/li>\n\t<li itemprop=\"telephone\">Tel:(+34) 93 399 14 20<\/li>\n\t<li itemprop=\"faxNumber\">Fax:(+34) 93 398 28 02<\/li>\n\t<li itemprop=\"email\"><a href=\"mailto:dream@behostels.com\">dream@behostels.com<\/a><\/li>\n\t<li itemprop=\" url \"><a href=\"http:\/\/behostels.com\/dream\/\">www.behostels.com\/dream<\/a><\/li>\n<\/ul>\n<\/div><\/div>\n                \n                \n                \n            <\/div>\n        <\/div>\n        \n    <\/div>\n\n    \n\n    \n    <div class=\"uk-grid uk-text-left uk-flex-middle\" data-uk-grid-match data-uk-margin=\"{cls:'uk-margin-top'}\">\n\n                <div class=\"uk-width-medium-3-10 uk-text-center uk-invisible\"  data-uk-scrollspy-cls=\"uk-animation-fade uk-invisible\">\n            <div class=\"uk-overlay uk-overlay-hover uk-border-circle\"><img decoding=\"async\" src=\"\/wp-content\/uploads\/2015\/06\/barcelona-be-sound-01.jpg\" class=\"uk-border-circle uk-overlay-scale\" alt=\"Be Sound Hostel\"><div class=\"uk-overlay-panel uk-overlay-background uk-overlay-icon uk-overlay-fade\"><\/div><\/div>        <\/div>\n        \n                <div class=\"uk-width-medium-7-10 uk-invisible\"  data-uk-scrollspy-cls=\"uk-animation-slide-right uk-invisible\">\n            <div class=\"uk-panel uk-panel-space uk-width-1-1\">\n\n                \n                \n                                <div class=\"uk-margin\"><div itemscope itemtype=\"http:\/\/schema.org\/Hostel\" id=\"content\" class=\"\">\n<h2 itemprop=\"name\"><a href=\"http:\/\/behostels.com\/sound\/\"><strong>Be Sound Hostel<\/strong><\/a><\/h2>\n<ul>\n\t<li itemprop=\"address\">Carrer Nou de La Rambla 91<\/li>\n\t<li>08001 Barcelona-Spain<\/li>\n\t<li itemprop=\"telephone\">Tel:(+34) 93 185 0800<\/li>\n\t<li itemprop=\"faxNumber\">Fax:(+34) 93 185 0803<\/li>\n\t<li itemprop=\"email\"><a href=\"mailto:sound@behostels.com\">sound@behostels.com<\/a><\/li>\n\t<li itemprop=\" url \"><a href=\"http:\/\/behostels.com\/sound\/\">www.behostels.com\/sound<\/a><\/li>\n<\/ul>\n<\/div><\/div>\n                \n                \n                \n            <\/div>\n        <\/div>\n        \n    <\/div>\n\n    \n\n    \n    <div class=\"uk-grid uk-text-left uk-flex-middle\" data-uk-grid-match data-uk-margin=\"{cls:'uk-margin-top'}\">\n\n                <div class=\"uk-width-medium-3-10 uk-text-center uk-invisible\"  data-uk-scrollspy-cls=\"uk-animation-fade uk-invisible\">\n            <div class=\"uk-overlay uk-overlay-hover uk-border-circle\"><img decoding=\"async\" src=\"\/wp-content\/uploads\/2015\/06\/barcelona-be-ramblas-01.jpg\" class=\"uk-border-circle uk-overlay-scale\" alt=\"Be Ramblas Hotel\"><div class=\"uk-overlay-panel uk-overlay-background uk-overlay-icon uk-overlay-fade\"><\/div><\/div>        <\/div>\n        \n                <div class=\"uk-width-medium-7-10 uk-invisible\"  data-uk-scrollspy-cls=\"uk-animation-slide-right uk-invisible\">\n            <div class=\"uk-panel uk-panel-space uk-width-1-1\">\n\n                \n                \n                                <div class=\"uk-margin\"><div itemscope itemtype=\"http:\/\/schema.org\/Hostel\" id=\"content\" class=\"\">\n<h2 itemprop=\"name\"><a href=\"http:\/\/behostels.com\/ramblas\/\"><strong>Be Ramblas Hotel<\/strong><\/a><\/h2>\n<ul>\n\t<li itemprop=\"address\">Carrer Nou de La Rambla 50<\/li>\n\t<li>08001 Barcelona-Spain<\/li>\n\t<li itemprop=\"telephone\">Tel:(+34) 93 442 3669<\/li>\n\t<li itemprop=\"faxNumber\">Fax:(+34) 93 324 8269<\/li>\n\t<li itemprop=\"email\"><a href=\"mailto:ramblas@behostels.com\">ramblas@behostels.com<\/a><\/li>\n\t<li itemprop=\" url \"><a href=\"http:\/\/behostels.com\/ramblas\/\">www.behostels.com\/ramblas<\/a><\/li>\n<\/ul>\n<\/div><\/div>\n                \n                \n                \n            <\/div>\n        <\/div>\n        \n    <\/div>\n\n    \n\n    \n    <div class=\"uk-grid uk-text-left uk-flex-middle\" data-uk-grid-match data-uk-margin=\"{cls:'uk-margin-top'}\">\n\n                <div class=\"uk-width-medium-3-10 uk-text-center uk-invisible\"  data-uk-scrollspy-cls=\"uk-animation-fade uk-invisible\">\n            <div class=\"uk-overlay uk-overlay-hover uk-border-circle\"><img decoding=\"async\" src=\"\/wp-content\/uploads\/2015\/06\/barcelona-be-be-zaragoza-01.jpg\" class=\"uk-border-circle uk-overlay-scale\" alt=\"Be Hostel Zaragoza\"><div class=\"uk-overlay-panel uk-overlay-background uk-overlay-icon uk-overlay-fade\"><\/div><\/div>        <\/div>\n        \n                <div class=\"uk-width-medium-7-10 uk-invisible\"  data-uk-scrollspy-cls=\"uk-animation-slide-right uk-invisible\">\n            <div class=\"uk-panel uk-panel-space uk-width-1-1\">\n\n                \n                \n                                <div class=\"uk-margin\"><div itemscope itemtype=\"http:\/\/schema.org\/Hostel\" id=\"content\" class=\"\">\n<h2 itemprop=\"name\"><a href=\"http:\/\/behostels.com\/zaragoza\/\"><strong>Zaragoza Hostel<\/strong><\/a><\/h2>\n<ul>\n\t<li itemprop=\"address\">Calle Predicadores 70<\/li>\n\t<li>50003 &#8211; Zaragoza, Spain<\/li>\n\t<li itemprop=\"telephone\">Tel: (+34) 976 282 043<\/li>\n\t<li itemprop=\"email\"><a href=\"mailto:info@alberguezaragoza.com\">info@alberguezaragoza.com<\/a><\/li>\n\t<li itemprop=\" url \"><a href=\"http:\/\/behostels.com\/zaragoza\/\">www.behostels.com\/zaragoza<\/a><\/li>\n<\/ul>\n<\/div><\/div>\n                \n                \n                \n            <\/div>\n        <\/div>\n        \n    <\/div>\n\n    \n\n    \n    <div class=\"uk-grid uk-text-left uk-flex-middle\" data-uk-grid-match data-uk-margin=\"{cls:'uk-margin-top'}\">\n\n                <div class=\"uk-width-medium-3-10 uk-text-center uk-invisible\"  data-uk-scrollspy-cls=\"uk-animation-fade uk-invisible\">\n            <div class=\"uk-overlay uk-overlay-hover uk-border-circle\"><img decoding=\"async\" src=\"\/wp-content\/uploads\/2015\/07\/be-apartments-1.jpg\" class=\"uk-border-circle uk-overlay-scale\" alt=\"Be Apartments  Barcelona\"><div class=\"uk-overlay-panel uk-overlay-background uk-overlay-icon uk-overlay-fade\"><\/div><\/div>        <\/div>\n        \n                <div class=\"uk-width-medium-7-10 uk-invisible\"  data-uk-scrollspy-cls=\"uk-animation-slide-right uk-invisible\">\n            <div class=\"uk-panel uk-panel-space uk-width-1-1\">\n\n                \n                \n                                <div class=\"uk-margin\"><div itemscope itemtype=\"http:\/\/schema.org\/Hostel\" id=\"content\" class=\"\">\n<h2 itemprop=\"name\"><a href=\"http:\/\/behostels.com\/apartments\/\"><strong>Be Apartments<\/strong><\/a><\/h2>\n<ul>\n\t<li>Check in at Be Mar Hostel<\/li> \n\t<li itemprop=\"address\">Carrer Sant Pau 80<\/li>\n        <li>08001 Barcelona &#8211; Spain<\/li>\n\t<li itemprop=\"telephone\">Tel:(+34) 93 324 85 30<\/li>\n        <li itemprop=\"faxNumber\">Fax:(+34) 93 324 85 31<\/li>\n\t<li itemprop=\"email\"><a href=\"mailto:ramblas@behostels.com\">ramblas@behostels.com<\/a><\/li>\n\t<li itemprop=\" url \"><a href=\"http:\/\/behostels.com\/apartments\/\">www.behostels.com\/apartments<\/a><\/li>\n<\/div>\n<\/ul><\/div>\n                \n                \n                \n            <\/div>\n        <\/div>\n        \n    <\/div>\n\n    \n\n<\/div>\n","protected":false},"excerpt":{"rendered":"<p>Nossa equipe ter\u00e1 gosto em ajudar voc\u00ea a qualquer hora. Se tiver qualquer d\u00favida ou pergunta sobre as reservas, Barcelona ou Be Hostels, n\u00e3o hesite em contatar conosco. A recep\u00e7\u00e3o de todos os Be Hostels funcionam as 24 horas atendendo telefone e e-mail.<\/p>\n","protected":false},"author":1,"featured_media":0,"parent":0,"menu_order":0,"comment_status":"closed","ping_status":"closed","template":"","meta":{"footnotes":""},"yoast_head":"<!-- This site is optimized with the Yoast SEO plugin v22.7 - https:\/\/yoast.com\/wordpress\/plugins\/seo\/ -->\n<title>Contatos Be Hostels<\/title>\n<meta name=\"description\" content=\"Informa\u00e7\u00e3o de contato de Be Hostels Barcelona e Zaragoza. Nossa equipe ter\u00e1 gosto em ajudar voc\u00ea a qualquer hora. Tel: (+34) 93 324 85 30\" \/>\n<meta name=\"robots\" content=\"index, follow, max-snippet:-1, max-image-preview:large, max-video-preview:-1\" \/>\n<link rel=\"canonical\" href=\"https:\/\/behostels.com\/pt-br\/contato-be-hostels\/\" \/>\n<meta property=\"og:locale\" content=\"pt_BR\" \/>\n<meta property=\"og:type\" content=\"article\" \/>\n<meta property=\"og:title\" content=\"Contatos Be Hostels\" \/>\n<meta property=\"og:description\" content=\"Informa\u00e7\u00e3o de contato de Be Hostels Barcelona e Zaragoza. Nossa equipe ter\u00e1 gosto em ajudar voc\u00ea a qualquer hora. Tel: (+34) 93 324 85 30\" \/>\n<meta property=\"og:url\" content=\"https:\/\/behostels.com\/pt-br\/contato-be-hostels\/\" \/>\n<meta property=\"og:site_name\" content=\"Be Hostels\" \/>\n<meta property=\"article:modified_time\" content=\"2015-06-25T13:35:25+00:00\" \/>\n<meta name=\"twitter:card\" content=\"summary_large_image\" \/>\n<script type=\"application\/ld+json\" class=\"yoast-schema-graph\">{\"@context\":\"https:\/\/schema.org\",\"@graph\":[{\"@type\":\"WebPage\",\"@id\":\"https:\/\/behostels.com\/pt-br\/contato-be-hostels\/\",\"url\":\"https:\/\/behostels.com\/pt-br\/contato-be-hostels\/\",\"name\":\"Contatos Be Hostels\",\"isPartOf\":{\"@id\":\"https:\/\/behostels.com\/pt-br\/#website\"},\"datePublished\":\"2015-06-17T15:52:23+00:00\",\"dateModified\":\"2015-06-25T13:35:25+00:00\",\"description\":\"Informa\u00e7\u00e3o de contato de Be Hostels Barcelona e Zaragoza. Nossa equipe ter\u00e1 gosto em ajudar voc\u00ea a qualquer hora. Tel: (+34) 93 324 85 30\",\"breadcrumb\":{\"@id\":\"https:\/\/behostels.com\/pt-br\/contato-be-hostels\/#breadcrumb\"},\"inLanguage\":\"pt-BR\",\"potentialAction\":[{\"@type\":\"ReadAction\",\"target\":[\"https:\/\/behostels.com\/pt-br\/contato-be-hostels\/\"]}]},{\"@type\":\"BreadcrumbList\",\"@id\":\"https:\/\/behostels.com\/pt-br\/contato-be-hostels\/#breadcrumb\",\"itemListElement\":[{\"@type\":\"ListItem\",\"position\":1,\"name\":\"Home\",\"item\":\"https:\/\/behostels.com\/pt-br\/\"},{\"@type\":\"ListItem\",\"position\":2,\"name\":\"Contato Be Hostels\"}]},{\"@type\":\"WebSite\",\"@id\":\"https:\/\/behostels.com\/pt-br\/#website\",\"url\":\"https:\/\/behostels.com\/pt-br\/\",\"name\":\"Be Hostels\",\"description\":\"\",\"publisher\":{\"@id\":\"https:\/\/behostels.com\/pt-br\/#organization\"},\"potentialAction\":[{\"@type\":\"SearchAction\",\"target\":{\"@type\":\"EntryPoint\",\"urlTemplate\":\"https:\/\/behostels.com\/pt-br\/?s={search_term_string}\"},\"query-input\":\"required name=search_term_string\"}],\"inLanguage\":\"pt-BR\"},{\"@type\":\"Organization\",\"@id\":\"https:\/\/behostels.com\/pt-br\/#organization\",\"name\":\"Be Hostels\",\"url\":\"https:\/\/behostels.com\/pt-br\/\",\"logo\":{\"@type\":\"ImageObject\",\"inLanguage\":\"pt-BR\",\"@id\":\"https:\/\/behostels.com\/pt-br\/#\/schema\/logo\/image\/\",\"url\":\"https:\/\/behostels.com\/wp-content\/uploads\/2015\/06\/be_reservations_logo.jpg\",\"contentUrl\":\"https:\/\/behostels.com\/wp-content\/uploads\/2015\/06\/be_reservations_logo.jpg\",\"width\":130,\"height\":130,\"caption\":\"Be Hostels\"},\"image\":{\"@id\":\"https:\/\/behostels.com\/pt-br\/#\/schema\/logo\/image\/\"}}]}<\/script>\n<!-- \/ Yoast SEO plugin. -->","yoast_head_json":{"title":"Contatos Be Hostels","description":"Informa\u00e7\u00e3o de contato de Be Hostels Barcelona e Zaragoza. Nossa equipe ter\u00e1 gosto em ajudar voc\u00ea a qualquer hora. Tel: (+34) 93 324 85 30","robots":{"index":"index","follow":"follow","max-snippet":"max-snippet:-1","max-image-preview":"max-image-preview:large","max-video-preview":"max-video-preview:-1"},"canonical":"https:\/\/behostels.com\/pt-br\/contato-be-hostels\/","og_locale":"pt_BR","og_type":"article","og_title":"Contatos Be Hostels","og_description":"Informa\u00e7\u00e3o de contato de Be Hostels Barcelona e Zaragoza. Nossa equipe ter\u00e1 gosto em ajudar voc\u00ea a qualquer hora. Tel: (+34) 93 324 85 30","og_url":"https:\/\/behostels.com\/pt-br\/contato-be-hostels\/","og_site_name":"Be Hostels","article_modified_time":"2015-06-25T13:35:25+00:00","twitter_card":"summary_large_image","schema":{"@context":"https:\/\/schema.org","@graph":[{"@type":"WebPage","@id":"https:\/\/behostels.com\/pt-br\/contato-be-hostels\/","url":"https:\/\/behostels.com\/pt-br\/contato-be-hostels\/","name":"Contatos Be Hostels","isPartOf":{"@id":"https:\/\/behostels.com\/pt-br\/#website"},"datePublished":"2015-06-17T15:52:23+00:00","dateModified":"2015-06-25T13:35:25+00:00","description":"Informa\u00e7\u00e3o de contato de Be Hostels Barcelona e Zaragoza. Nossa equipe ter\u00e1 gosto em ajudar voc\u00ea a qualquer hora. Tel: (+34) 93 324 85 30","breadcrumb":{"@id":"https:\/\/behostels.com\/pt-br\/contato-be-hostels\/#breadcrumb"},"inLanguage":"pt-BR","potentialAction":[{"@type":"ReadAction","target":["https:\/\/behostels.com\/pt-br\/contato-be-hostels\/"]}]},{"@type":"BreadcrumbList","@id":"https:\/\/behostels.com\/pt-br\/contato-be-hostels\/#breadcrumb","itemListElement":[{"@type":"ListItem","position":1,"name":"Home","item":"https:\/\/behostels.com\/pt-br\/"},{"@type":"ListItem","position":2,"name":"Contato Be Hostels"}]},{"@type":"WebSite","@id":"https:\/\/behostels.com\/pt-br\/#website","url":"https:\/\/behostels.com\/pt-br\/","name":"Be Hostels","description":"","publisher":{"@id":"https:\/\/behostels.com\/pt-br\/#organization"},"potentialAction":[{"@type":"SearchAction","target":{"@type":"EntryPoint","urlTemplate":"https:\/\/behostels.com\/pt-br\/?s={search_term_string}"},"query-input":"required name=search_term_string"}],"inLanguage":"pt-BR"},{"@type":"Organization","@id":"https:\/\/behostels.com\/pt-br\/#organization","name":"Be Hostels","url":"https:\/\/behostels.com\/pt-br\/","logo":{"@type":"ImageObject","inLanguage":"pt-BR","@id":"https:\/\/behostels.com\/pt-br\/#\/schema\/logo\/image\/","url":"https:\/\/behostels.com\/wp-content\/uploads\/2015\/06\/be_reservations_logo.jpg","contentUrl":"https:\/\/behostels.com\/wp-content\/uploads\/2015\/06\/be_reservations_logo.jpg","width":130,"height":130,"caption":"Be Hostels"},"image":{"@id":"https:\/\/behostels.com\/pt-br\/#\/schema\/logo\/image\/"}}]}},"_links":{"self":[{"href":"https:\/\/behostels.com\/pt-br\/wp-json\/wp\/v2\/pages\/539"}],"collection":[{"href":"https:\/\/behostels.com\/pt-br\/wp-json\/wp\/v2\/pages"}],"about":[{"href":"https:\/\/behostels.com\/pt-br\/wp-json\/wp\/v2\/types\/page"}],"author":[{"embeddable":true,"href":"https:\/\/behostels.com\/pt-br\/wp-json\/wp\/v2\/users\/1"}],"replies":[{"embeddable":true,"href":"https:\/\/behostels.com\/pt-br\/wp-json\/wp\/v2\/comments?post=539"}],"version-history":[{"count":0,"href":"https:\/\/behostels.com\/pt-br\/wp-json\/wp\/v2\/pages\/539\/revisions"}],"wp:attachment":[{"href":"https:\/\/behostels.com\/pt-br\/wp-json\/wp\/v2\/media?parent=539"}],"curies":[{"name":"wp","href":"https:\/\/api.w.org\/{rel}","templated":true}]}}