{"id":517,"date":"2015-06-17T14:50:57","date_gmt":"2015-06-17T14:50:57","guid":{"rendered":"https:\/\/behostels.com\/?page_id=517"},"modified":"2015-06-17T15:33:03","modified_gmt":"2015-06-17T15:33:03","slug":"be-hostels-barcelona-faq","status":"publish","type":"page","link":"https:\/\/behostels.com\/pt-br\/be-hostels-barcelona-faq\/","title":{"rendered":"Be Hostels Barcelona: FAQ"},"content":{"rendered":"Aqui voc\u00ea encontra um resumo das perguntas mais frequentes feitas pelos h\u00f3spedes de <a href=\"https:\/\/behostels.com\/pt-br\/\"><strong>Be Hostels<\/strong><\/a>. Se tiver alguma outra pergunta, n\u00e3o hesite em nos escrever! Teremos o maior prazer em ajudar para qualquer informa\u00e7\u00e3o sobre <strong>Barcelona<\/strong> ou<a href=\"https:\/\/behostels.com\/pt-br\/\"><strong> Be Hostels<\/strong><\/a>.\r\n\n<div class=\"uk-accordion uk-text-left \" data-uk-accordion=\"{collapse: false,showfirst: false}\">\n\n\n    <h3 class=\"uk-accordion-title\">Quando \u00e9 a hora do Check-in?<\/h3>\n\n    <div class=\"uk-accordion-content\">\n\n        \n        \n        \n                <div class=\"uk-margin\"><p>12:00 PM.<\/p><\/div>\n        \n        \n        \n        \n    <\/div>\n\n\n    <h3 class=\"uk-accordion-title\">Quando \u00e9 a hora do Check-out?<\/h3>\n\n    <div class=\"uk-accordion-content\">\n\n        \n        \n        \n                <div class=\"uk-margin\"><p>11:00 AM.<\/p><\/div>\n        \n        \n        \n        \n    <\/div>\n\n\n    <h3 class=\"uk-accordion-title\">At\u00e9 quando funciona a recep\u00e7\u00e3o?<\/h3>\n\n    <div class=\"uk-accordion-content\">\n\n        \n        \n        \n                <div class=\"uk-margin\"><p>A recep\u00e7\u00e3o de todos os <a href=\"http:\/\/behostels.com\/pt-br\/\"><strong>Be Hostels<\/strong><\/a> funcionam as 24 horas.<\/p><\/div>\n        \n        \n        \n        \n    <\/div>\n\n\n    <h3 class=\"uk-accordion-title\">Tem toque de recolher?<\/h3>\n\n    <div class=\"uk-accordion-content\">\n\n        \n        \n        \n                <div class=\"uk-margin\"><p>N\u00e3o h\u00e1 toque de recolher em nenhum dos Be Hostels de Barcelona e Zaragoza.<\/p><\/div>\n        \n        \n        \n        \n    <\/div>\n\n\n    <h3 class=\"uk-accordion-title\">Aceitam cart\u00e3o de cr\u00e9dito?<\/h3>\n\n    <div class=\"uk-accordion-content\">\n\n        \n        \n        \n                <div class=\"uk-margin\"><p>Sim, aceitamos cart\u00e3o de cr\u00e9dito.<\/p><\/div>\n        \n        \n        \n        \n    <\/div>\n\n\n    <h3 class=\"uk-accordion-title\">Voc\u00eas t\u00eam guarda-volumes?<\/h3>\n\n    <div class=\"uk-accordion-content\">\n\n        \n        \n        \n                <div class=\"uk-margin\"><p>Temos lockers para os que viajam mais tarde ap\u00f3s o check-out.<\/p><\/div>\n        \n        \n        \n        \n    <\/div>\n\n\n    <h3 class=\"uk-accordion-title\">Qual \u00e9 a sua pol\u00edtica de cancelamento?<\/h3>\n\n    <div class=\"uk-accordion-content\">\n\n        \n        \n        \n                <div class=\"uk-margin\"><p>Os cancelamentos ser\u00e3o feitos via e-mail. Os cancelamentos por telefone n\u00e3o ser\u00e3o aceitos. Os cancelamentos n\u00e3o ser\u00e3o penalizados sempre que estes forem notificados antes das 12h00 do dia da entrada. Se uma reserva for cancelada ap\u00f3s 12h00 do dia da entrada, o valor da primeira di\u00e1ria ser\u00e1 debitada no cart\u00e3o de cr\u00e9dito. Em caso de \u201cno-show\u201d, se o h\u00f3spede n\u00e3o se apresentar no hotel no dia da entrada, o valor da primeira noite ser\u00e1 debitado no cart\u00e3o de cr\u00e9dito.<\/p><\/div>\n        \n        \n        \n        \n    <\/div>\n\n\n    <h3 class=\"uk-accordion-title\">Voc\u00eas aceitam modifica\u00e7\u00f5es na minha reserva?<\/h3>\n\n    <div class=\"uk-accordion-content\">\n\n        \n        \n        \n                <div class=\"uk-margin\"><p>Sim, aceitamos modifica\u00e7\u00f5es na sua reserva s\u00f3 at\u00e9 24 horas antes do dia do check-in. A pol\u00edtica de cancelamento ser\u00e1 aplicada para modifica\u00e7\u00f5es tamb\u00e9m. Modifica\u00e7\u00f5es da sua reserva e cancelamentos ser\u00e3o feitos por e-mail. Modifica\u00e7\u00f5es ou cancelamentos n\u00e3o ser\u00e3o tramitados por telefone.<\/p><\/div>\n        \n        \n        \n        \n    <\/div>\n\n\n    <h3 class=\"uk-accordion-title\">H\u00e1 uma restri\u00e7\u00e3o de idade?<\/h3>\n\n    <div class=\"uk-accordion-content\">\n\n        \n        \n        \n                <div class=\"uk-margin\"><p>N\u00e3o h\u00e1 restri\u00e7\u00e3o de idade.<\/p><\/div>\n        \n        \n        \n        \n    <\/div>\n\n\n    <h3 class=\"uk-accordion-title\">Voc\u00eas oferecem caf\u00e9 da manh\u00e3?<\/h3>\n\n    <div class=\"uk-accordion-content\">\n\n        \n        \n        \n                <div class=\"uk-margin\"><p><span id=\"result_box\" class=\"\" lang=\"pt\"><span class=\"hps\">N\u00e3o,<\/span> <span class=\"hps\">Be Hostels<\/span> <span class=\"hps\">n\u00e3o oferece<\/span> <span class=\"hps\">caf\u00e9 da manh\u00e3.<\/span><\/span><\/p><\/div>\n        \n        \n        \n        \n    <\/div>\n\n\n    <h3 class=\"uk-accordion-title\">Os quartos t\u00eam lavat\u00f3rio e banheiro?<\/h3>\n\n    <div class=\"uk-accordion-content\">\n\n        \n        \n        \n                <div class=\"uk-margin\"><p>Depende do tipo de quarto e do albergue:<br \/> <a href=\"http:\/\/behostels.com\/mar\/pt-br\/\"><strong>Be Mar Hostel<\/strong><\/a> tem dormit\u00f3rios de 6, 8, 10, 14 ou 16 camas com banheiro dividido.<br \/> <a href=\"http:\/\/behostels.com\/sound\/pt-br\/\"><strong>Be Sound Hostel<\/strong><\/a> tem dormit\u00f3rios de 6 ou 8 camas com banheiro dividido.<br \/> <a href=\"http:\/\/behostels.com\/dream\/pt-br\/\"><strong>Be Dream Hostel<\/strong><\/a> tem dormit\u00f3rios de 4, 6, 8 ou 12 camas com banheiro dividido e quartos duplos com banheiro privativo.<br \/> <a href=\"http:\/\/behostels.com\/ramblas\/pt-br\/\"><strong>Be Ramblas Hostel<\/strong><\/a> tem quartos simples, duplos e triples com banheiro dividido ou privativo.<br \/> <a href=\"http:\/\/behostels.com\/zaragoza\/pt-br\/\"><strong>Be Zaragoza Hostel<\/strong><\/a> tem dormit\u00f3rios de 4, 6, 8 ou 12 camas com banheiro dividido e quartos duplos com banheiro privativo.<\/p><\/div>\n        \n        \n        \n        \n    <\/div>\n\n\n    <h3 class=\"uk-accordion-title\">Que tipos de quarto voc\u00eas t\u00eam?<\/h3>\n\n    <div class=\"uk-accordion-content\">\n\n        \n        \n        \n                <div class=\"uk-margin\"><p>Os Hostels t\u00eam dormit\u00f3rios de 4, 6, 8, 10 e 12 camas e quartos duplos ou twin. Em Be <a href=\"http:\/\/behostels.com\/ramblas\/pt-br\/\"><strong>Be Ramblas Hostel<\/strong><\/a> h\u00e1 quartos simples, duplos e triples com banheiro privativo. Em <a href=\"http:\/\/behostels.com\/dream\/pt-br\/\"><strong>Be Dream Hostel<\/strong><\/a> h\u00e1 quartos duplos com banheiro privativo.<\/p><\/div>\n        \n        \n        \n        \n    <\/div>\n\n\n    <h3 class=\"uk-accordion-title\">Devo levar saco de dormir ou roupa de cama?<\/h3>\n\n    <div class=\"uk-accordion-content\">\n\n        \n        \n        \n                <div class=\"uk-margin\"><p>S\u00f3 os quartos duplos de Be Ramblas Hotel e Be Dream Hostel t\u00eam roupa de cama.<br \/> Nos dormit\u00f3rios n\u00e3o h\u00e1 roupa de cama. As camas possuem travesseiro, edredom e cobertor.<br \/> Na recep\u00e7\u00e3o, podem-se alugar toalhas (2,5\u20ac) e len\u00e7\u00f3is (2,5\u20ac) ou os dois por 3,5\u20ac.<\/p><\/div>\n        \n        \n        \n        \n    <\/div>\n\n\n    <h3 class=\"uk-accordion-title\">Como fa\u00e7o uma reserva?<\/h3>\n\n    <div class=\"uk-accordion-content\">\n\n        \n        \n        \n                <div class=\"uk-margin\"><p>Poder\u00e1 fazer uma reserva usando nosso sistema de reservas on-line, atrav\u00e9s de um e-mail, de um telefonema ou in situ.<\/p><\/div>\n        \n        \n        \n        \n    <\/div>\n\n\n    <h3 class=\"uk-accordion-title\">Aceitam reservas de grupos?<\/h3>\n\n    <div class=\"uk-accordion-content\">\n\n        \n        \n        \n                <div class=\"uk-margin\"><p>Sim, aceitamos reservas de grupos. Para reservas de grupos, use nosso formul\u00e1rio on-line de reserva de grupo, ligue para 0034 933248530 ou escreva para  <a href=\"mailto:groups@behostels.com\">groups@behostels.com<\/a> fazendo uma solicita\u00e7\u00e3o.<\/p><\/div>\n        \n        \n        \n        \n    <\/div>\n\n\n<\/div>\n","protected":false},"excerpt":{"rendered":"<p>Aqui voc\u00ea encontra um resumo das perguntas mais frequentes feitas pelos h\u00f3spedes de Be Hostels. Se tiver alguma outra pergunta, n\u00e3o hesite em nos escrever! Teremos o maior prazer em ajudar para qualquer informa\u00e7\u00e3o sobre Barcelona ou Be Hostels.<\/p>\n","protected":false},"author":1,"featured_media":0,"parent":0,"menu_order":0,"comment_status":"closed","ping_status":"closed","template":"","meta":{"footnotes":""},"yoast_head":"<!-- This site is optimized with the Yoast SEO plugin v22.7 - https:\/\/yoast.com\/wordpress\/plugins\/seo\/ -->\n<title>FAQ Be Hostels<\/title>\n<meta name=\"description\" content=\"Perguntas frequentes de Be Hostels\" \/>\n<meta name=\"robots\" content=\"index, follow, max-snippet:-1, max-image-preview:large, max-video-preview:-1\" \/>\n<link rel=\"canonical\" href=\"https:\/\/behostels.com\/pt-br\/be-hostels-barcelona-faq\/\" \/>\n<meta property=\"og:locale\" content=\"pt_BR\" \/>\n<meta property=\"og:type\" content=\"article\" \/>\n<meta property=\"og:title\" content=\"FAQ Be Hostels\" \/>\n<meta property=\"og:description\" content=\"Perguntas frequentes de Be Hostels\" \/>\n<meta property=\"og:url\" content=\"https:\/\/behostels.com\/pt-br\/be-hostels-barcelona-faq\/\" \/>\n<meta property=\"og:site_name\" content=\"Be Hostels\" \/>\n<meta property=\"article:modified_time\" content=\"2015-06-17T15:33:03+00:00\" \/>\n<meta name=\"twitter:card\" content=\"summary_large_image\" \/>\n<script type=\"application\/ld+json\" class=\"yoast-schema-graph\">{\"@context\":\"https:\/\/schema.org\",\"@graph\":[{\"@type\":\"WebPage\",\"@id\":\"https:\/\/behostels.com\/pt-br\/be-hostels-barcelona-faq\/\",\"url\":\"https:\/\/behostels.com\/pt-br\/be-hostels-barcelona-faq\/\",\"name\":\"FAQ Be Hostels\",\"isPartOf\":{\"@id\":\"https:\/\/behostels.com\/pt-br\/#website\"},\"datePublished\":\"2015-06-17T14:50:57+00:00\",\"dateModified\":\"2015-06-17T15:33:03+00:00\",\"description\":\"Perguntas frequentes de Be Hostels\",\"breadcrumb\":{\"@id\":\"https:\/\/behostels.com\/pt-br\/be-hostels-barcelona-faq\/#breadcrumb\"},\"inLanguage\":\"pt-BR\",\"potentialAction\":[{\"@type\":\"ReadAction\",\"target\":[\"https:\/\/behostels.com\/pt-br\/be-hostels-barcelona-faq\/\"]}]},{\"@type\":\"BreadcrumbList\",\"@id\":\"https:\/\/behostels.com\/pt-br\/be-hostels-barcelona-faq\/#breadcrumb\",\"itemListElement\":[{\"@type\":\"ListItem\",\"position\":1,\"name\":\"Home\",\"item\":\"https:\/\/behostels.com\/pt-br\/\"},{\"@type\":\"ListItem\",\"position\":2,\"name\":\"Be Hostels Barcelona: FAQ\"}]},{\"@type\":\"WebSite\",\"@id\":\"https:\/\/behostels.com\/pt-br\/#website\",\"url\":\"https:\/\/behostels.com\/pt-br\/\",\"name\":\"Be Hostels\",\"description\":\"\",\"publisher\":{\"@id\":\"https:\/\/behostels.com\/pt-br\/#organization\"},\"potentialAction\":[{\"@type\":\"SearchAction\",\"target\":{\"@type\":\"EntryPoint\",\"urlTemplate\":\"https:\/\/behostels.com\/pt-br\/?s={search_term_string}\"},\"query-input\":\"required name=search_term_string\"}],\"inLanguage\":\"pt-BR\"},{\"@type\":\"Organization\",\"@id\":\"https:\/\/behostels.com\/pt-br\/#organization\",\"name\":\"Be Hostels\",\"url\":\"https:\/\/behostels.com\/pt-br\/\",\"logo\":{\"@type\":\"ImageObject\",\"inLanguage\":\"pt-BR\",\"@id\":\"https:\/\/behostels.com\/pt-br\/#\/schema\/logo\/image\/\",\"url\":\"https:\/\/behostels.com\/wp-content\/uploads\/2015\/06\/be_reservations_logo.jpg\",\"contentUrl\":\"https:\/\/behostels.com\/wp-content\/uploads\/2015\/06\/be_reservations_logo.jpg\",\"width\":130,\"height\":130,\"caption\":\"Be Hostels\"},\"image\":{\"@id\":\"https:\/\/behostels.com\/pt-br\/#\/schema\/logo\/image\/\"}}]}<\/script>\n<!-- \/ Yoast SEO plugin. -->","yoast_head_json":{"title":"FAQ Be Hostels","description":"Perguntas frequentes de Be Hostels","robots":{"index":"index","follow":"follow","max-snippet":"max-snippet:-1","max-image-preview":"max-image-preview:large","max-video-preview":"max-video-preview:-1"},"canonical":"https:\/\/behostels.com\/pt-br\/be-hostels-barcelona-faq\/","og_locale":"pt_BR","og_type":"article","og_title":"FAQ Be Hostels","og_description":"Perguntas frequentes de Be Hostels","og_url":"https:\/\/behostels.com\/pt-br\/be-hostels-barcelona-faq\/","og_site_name":"Be Hostels","article_modified_time":"2015-06-17T15:33:03+00:00","twitter_card":"summary_large_image","schema":{"@context":"https:\/\/schema.org","@graph":[{"@type":"WebPage","@id":"https:\/\/behostels.com\/pt-br\/be-hostels-barcelona-faq\/","url":"https:\/\/behostels.com\/pt-br\/be-hostels-barcelona-faq\/","name":"FAQ Be Hostels","isPartOf":{"@id":"https:\/\/behostels.com\/pt-br\/#website"},"datePublished":"2015-06-17T14:50:57+00:00","dateModified":"2015-06-17T15:33:03+00:00","description":"Perguntas frequentes de Be Hostels","breadcrumb":{"@id":"https:\/\/behostels.com\/pt-br\/be-hostels-barcelona-faq\/#breadcrumb"},"inLanguage":"pt-BR","potentialAction":[{"@type":"ReadAction","target":["https:\/\/behostels.com\/pt-br\/be-hostels-barcelona-faq\/"]}]},{"@type":"BreadcrumbList","@id":"https:\/\/behostels.com\/pt-br\/be-hostels-barcelona-faq\/#breadcrumb","itemListElement":[{"@type":"ListItem","position":1,"name":"Home","item":"https:\/\/behostels.com\/pt-br\/"},{"@type":"ListItem","position":2,"name":"Be Hostels Barcelona: FAQ"}]},{"@type":"WebSite","@id":"https:\/\/behostels.com\/pt-br\/#website","url":"https:\/\/behostels.com\/pt-br\/","name":"Be Hostels","description":"","publisher":{"@id":"https:\/\/behostels.com\/pt-br\/#organization"},"potentialAction":[{"@type":"SearchAction","target":{"@type":"EntryPoint","urlTemplate":"https:\/\/behostels.com\/pt-br\/?s={search_term_string}"},"query-input":"required name=search_term_string"}],"inLanguage":"pt-BR"},{"@type":"Organization","@id":"https:\/\/behostels.com\/pt-br\/#organization","name":"Be Hostels","url":"https:\/\/behostels.com\/pt-br\/","logo":{"@type":"ImageObject","inLanguage":"pt-BR","@id":"https:\/\/behostels.com\/pt-br\/#\/schema\/logo\/image\/","url":"https:\/\/behostels.com\/wp-content\/uploads\/2015\/06\/be_reservations_logo.jpg","contentUrl":"https:\/\/behostels.com\/wp-content\/uploads\/2015\/06\/be_reservations_logo.jpg","width":130,"height":130,"caption":"Be Hostels"},"image":{"@id":"https:\/\/behostels.com\/pt-br\/#\/schema\/logo\/image\/"}}]}},"_links":{"self":[{"href":"https:\/\/behostels.com\/pt-br\/wp-json\/wp\/v2\/pages\/517"}],"collection":[{"href":"https:\/\/behostels.com\/pt-br\/wp-json\/wp\/v2\/pages"}],"about":[{"href":"https:\/\/behostels.com\/pt-br\/wp-json\/wp\/v2\/types\/page"}],"author":[{"embeddable":true,"href":"https:\/\/behostels.com\/pt-br\/wp-json\/wp\/v2\/users\/1"}],"replies":[{"embeddable":true,"href":"https:\/\/behostels.com\/pt-br\/wp-json\/wp\/v2\/comments?post=517"}],"version-history":[{"count":0,"href":"https:\/\/behostels.com\/pt-br\/wp-json\/wp\/v2\/pages\/517\/revisions"}],"wp:attachment":[{"href":"https:\/\/behostels.com\/pt-br\/wp-json\/wp\/v2\/media?parent=517"}],"curies":[{"name":"wp","href":"https:\/\/api.w.org\/{rel}","templated":true}]}}