{"id":468,"date":"2015-06-15T15:49:44","date_gmt":"2015-06-15T15:49:44","guid":{"rendered":"https:\/\/behostels.com\/?page_id=468"},"modified":"2017-06-20T10:28:23","modified_gmt":"2017-06-20T10:28:23","slug":"atividades-hostels-em-barcelona","status":"publish","type":"page","link":"https:\/\/behostels.com\/pt-br\/atividades-hostels-em-barcelona\/","title":{"rendered":"Atividades Be Hostels em Barcelona"},"content":{"rendered":"<h3>Voc\u00ea quer se divertir? Participe das atividades que Be Hostels organiza para voc\u00ea!<\/h3>\r\n<h3>Em primeiro lugar, queremos que fique \u00e0 vontade durante sua estadia e n\u00e3o tenha nada com que se preocupar. Afinal, voc\u00ea est\u00e1 de f\u00e9rias! Por isso, preparamos uma s\u00e9rie de tours pela cidade e atividades bacanas para que voc\u00ea possa se entrosar com gente nova e interessante. Apenas v\u00e1 para a recep\u00e7\u00e3o e diga-nos qual atividade lhe interessa, que n\u00f3s organizamos para voc\u00ea!<\/h3>\n<div  data-uk-scrollspy=\"{target:'> div > [data-uk-scrollspy-cls]', delay:300}\">\n\n\n    \n    <div class=\"uk-grid uk-text-left uk-flex-middle\" data-uk-grid-match data-uk-margin=\"{cls:'uk-margin-top'}\">\n\n                <div class=\"uk-width-medium-3-10 uk-text-center uk-invisible\"  data-uk-scrollspy-cls=\"uk-animation-fade uk-invisible\">\n            <div class=\"uk-overlay uk-overlay-hover uk-border-circle\"><img decoding=\"async\" src=\"\/wp-content\/uploads\/2015\/07\/historic-city-barcelona.jpg\" class=\"uk-border-circle uk-overlay-scale\" alt=\"Tour a P\u00e9 Gratuito pela cidade de Barcelona\"><div class=\"uk-overlay-panel uk-overlay-background uk-overlay-icon uk-overlay-fade\"><\/div><\/div>        <\/div>\n        \n                <div class=\"uk-width-medium-7-10 uk-invisible\"  data-uk-scrollspy-cls=\"uk-animation-slide-right uk-invisible\">\n            <div class=\"uk-panel uk-panel-space uk-width-1-1\">\n\n                \n                                <h3 class=\"uk-panel-title\">\n\n                                            Tour a P\u00e9 Gratuito pela cidade de Barcelona                    \n                    \n                <\/h3>\n                \n                                <div class=\"uk-margin\">Com as atra\u00e7\u00f5es da cidade como pano de fundo, descubra a esplendorosa e interessante hist\u00f3ria de Barcelona atrav\u00e9s de nossos empolgantes e tarimbados guias urbanos.\n \nHora: Todos os dias \u00e0s 11h45 (Tour de 2 horas).\nPonto de Encontro: Recep\u00e7\u00e3o Be Mar, Be Sound ou Be Ramblas.<\/div>\n                \n                \n                \n            <\/div>\n        <\/div>\n        \n    <\/div>\n\n    \n\n    \n    <div class=\"uk-grid uk-text-left uk-flex-middle\" data-uk-grid-match data-uk-margin=\"{cls:'uk-margin-top'}\">\n\n                <div class=\"uk-width-medium-3-10 uk-text-center uk-float-right uk-flex-order-last-medium uk-invisible\"  data-uk-scrollspy-cls=\"uk-animation-fade uk-invisible\">\n            <div class=\"uk-overlay uk-overlay-hover uk-border-circle\"><img decoding=\"async\" src=\"\/wp-content\/uploads\/2015\/07\/activities-gaudi-tour-barcelona.jpg\" class=\"uk-border-circle uk-overlay-scale\" alt=\"Tour Gaud\u00ed Gratuito\"><div class=\"uk-overlay-panel uk-overlay-background uk-overlay-icon uk-overlay-fade\"><\/div><\/div>        <\/div>\n        \n                <div class=\"uk-width-medium-7-10 uk-invisible\"  data-uk-scrollspy-cls=\"uk-animation-slide-left uk-invisible\">\n            <div class=\"uk-panel uk-panel-space uk-width-1-1\">\n\n                \n                                <h3 class=\"uk-panel-title\">\n\n                                            Tour Gaud\u00ed Gratuito                    \n                    \n                <\/h3>\n                \n                                <div class=\"uk-margin\">Tour a p\u00e9 gratuito de 2 horas visitando os revolucion\u00e1rios pr\u00e9dios concebidos pelo maior arquiteto de Barcelona, Gaud\u00ed.\nHora: Todos os dias \u00e0s 11h45 (Tour de 2 horas).\nPonto de Encontro: Recep\u00e7\u00e3o Be Mar, Be Sound ou Be Ramblas.<\/div>\n                \n                \n                \n            <\/div>\n        <\/div>\n        \n    <\/div>\n\n    \n\n    \n    <div class=\"uk-grid uk-text-left uk-flex-middle\" data-uk-grid-match data-uk-margin=\"{cls:'uk-margin-top'}\">\n\n                <div class=\"uk-width-medium-3-10 uk-text-center uk-invisible\"  data-uk-scrollspy-cls=\"uk-animation-fade uk-invisible\">\n            <div class=\"uk-overlay uk-overlay-hover uk-border-circle\"><img decoding=\"async\" src=\"\/wp-content\/uploads\/2015\/07\/activities-tapas-barcelona.jpg\" class=\"uk-border-circle uk-overlay-scale\" alt=\"Tapas &amp; Flamenco\"><div class=\"uk-overlay-panel uk-overlay-background uk-overlay-icon uk-overlay-fade\"><\/div><\/div>        <\/div>\n        \n                <div class=\"uk-width-medium-7-10 uk-invisible\"  data-uk-scrollspy-cls=\"uk-animation-slide-right uk-invisible\">\n            <div class=\"uk-panel uk-panel-space uk-width-1-1\">\n\n                \n                                <h3 class=\"uk-panel-title\">\n\n                                            Tapas & Flamenco                    \n                    \n                <\/h3>\n                \n                                <div class=\"uk-margin\">N\u00e3o h\u00e1 visita completa na Espanha sem assistir a um show de Flamenco! Venha tomar um drinque e saborear as tapas espanholas (5 tapas com Sangria), seguido de um show ao vivo de flamenco tradicional no cora\u00e7\u00e3o da cidade!\nPre\u00e7o: 20\u20ac\nDias: Quintas &#8211; Sextas &#8211; S\u00e1bados \u00e0s 21h\nPonto de Encontro: Est\u00e1tua de Colombo<\/div>\n                \n                \n                \n            <\/div>\n        <\/div>\n        \n    <\/div>\n\n    \n\n    \n    <div class=\"uk-grid uk-text-left uk-flex-middle\" data-uk-grid-match data-uk-margin=\"{cls:'uk-margin-top'}\">\n\n                <div class=\"uk-width-medium-3-10 uk-text-center uk-float-right uk-flex-order-last-medium uk-invisible\"  data-uk-scrollspy-cls=\"uk-animation-fade uk-invisible\">\n            <div class=\"uk-overlay uk-overlay-hover uk-border-circle\"><img decoding=\"async\" src=\"\/wp-content\/uploads\/2015\/07\/activities-pubcrawl-barcelona.jpg\" class=\"uk-border-circle uk-overlay-scale\" alt=\"Pub Crawl \/ Tour Festas\"><div class=\"uk-overlay-panel uk-overlay-background uk-overlay-icon uk-overlay-fade\"><\/div><\/div>        <\/div>\n        \n                <div class=\"uk-width-medium-7-10 uk-invisible\"  data-uk-scrollspy-cls=\"uk-animation-slide-left uk-invisible\">\n            <div class=\"uk-panel uk-panel-space uk-width-1-1\">\n\n                \n                                <h3 class=\"uk-panel-title\">\n\n                                            Pub Crawl \/ Tour Festas                    \n                    \n                <\/h3>\n                \n                                <div class=\"uk-margin\">Quer sair a noite em uma das cidades mais badaladas da Europa? N\u00e3o procure mais! Experimente a vida noturna de Barcelona com uma galera alto-astral no centro da cidade. Voc\u00ea ainda ganha uma bebida gratuita por cada bar (3 bares), o ingresso, fotos e jogos.\nPre\u00e7o: 12\u20ac\nHora: Todos os dias \u00e0s 23h\nPonto de Encontro: Recep\u00e7\u00e3o Be Mar ou Be Sound.<\/div>\n                \n                \n                \n            <\/div>\n        <\/div>\n        \n    <\/div>\n\n    \n\n<\/div>\n\r\n \r\n \r\n","protected":false},"excerpt":{"rendered":"<p>Voc\u00ea quer se divertir? Participe das atividades que Be Hostels organiza para voc\u00ea! Em primeiro lugar, queremos que fique \u00e0 vontade durante sua estadia e n\u00e3o tenha nada com que se preocupar. Afinal, voc\u00ea est\u00e1 de f\u00e9rias! Por isso, preparamos uma s\u00e9rie de tours pela cidade e atividades bacanas para que voc\u00ea possa se entrosar [&hellip;]<\/p>\n","protected":false},"author":1,"featured_media":0,"parent":0,"menu_order":0,"comment_status":"closed","ping_status":"closed","template":"","meta":{"footnotes":""},"yoast_head":"<!-- This site is optimized with the Yoast SEO plugin v22.7 - https:\/\/yoast.com\/wordpress\/plugins\/seo\/ -->\n<title>Atividades Be Hostels em Barcelona - Be Hostels<\/title>\n<meta name=\"robots\" content=\"index, follow, max-snippet:-1, max-image-preview:large, max-video-preview:-1\" \/>\n<link rel=\"canonical\" href=\"https:\/\/behostels.com\/pt-br\/atividades-hostels-em-barcelona\/\" \/>\n<meta property=\"og:locale\" content=\"pt_BR\" \/>\n<meta property=\"og:type\" content=\"article\" \/>\n<meta property=\"og:title\" content=\"Atividades Be Hostels em Barcelona - Be Hostels\" \/>\n<meta property=\"og:description\" content=\"Voc\u00ea quer se divertir? Participe das atividades que Be Hostels organiza para voc\u00ea! Em primeiro lugar, queremos que fique \u00e0 vontade durante sua estadia e n\u00e3o tenha nada com que se preocupar. Afinal, voc\u00ea est\u00e1 de f\u00e9rias! Por isso, preparamos uma s\u00e9rie de tours pela cidade e atividades bacanas para que voc\u00ea possa se entrosar [&hellip;]\" \/>\n<meta property=\"og:url\" content=\"https:\/\/behostels.com\/pt-br\/atividades-hostels-em-barcelona\/\" \/>\n<meta property=\"og:site_name\" content=\"Be Hostels\" \/>\n<meta property=\"article:modified_time\" content=\"2017-06-20T10:28:23+00:00\" \/>\n<meta name=\"twitter:card\" content=\"summary_large_image\" \/>\n<script type=\"application\/ld+json\" class=\"yoast-schema-graph\">{\"@context\":\"https:\/\/schema.org\",\"@graph\":[{\"@type\":\"WebPage\",\"@id\":\"https:\/\/behostels.com\/pt-br\/atividades-hostels-em-barcelona\/\",\"url\":\"https:\/\/behostels.com\/pt-br\/atividades-hostels-em-barcelona\/\",\"name\":\"Atividades Be Hostels em Barcelona - Be Hostels\",\"isPartOf\":{\"@id\":\"https:\/\/behostels.com\/pt-br\/#website\"},\"datePublished\":\"2015-06-15T15:49:44+00:00\",\"dateModified\":\"2017-06-20T10:28:23+00:00\",\"breadcrumb\":{\"@id\":\"https:\/\/behostels.com\/pt-br\/atividades-hostels-em-barcelona\/#breadcrumb\"},\"inLanguage\":\"pt-BR\",\"potentialAction\":[{\"@type\":\"ReadAction\",\"target\":[\"https:\/\/behostels.com\/pt-br\/atividades-hostels-em-barcelona\/\"]}]},{\"@type\":\"BreadcrumbList\",\"@id\":\"https:\/\/behostels.com\/pt-br\/atividades-hostels-em-barcelona\/#breadcrumb\",\"itemListElement\":[{\"@type\":\"ListItem\",\"position\":1,\"name\":\"Home\",\"item\":\"https:\/\/behostels.com\/pt-br\/\"},{\"@type\":\"ListItem\",\"position\":2,\"name\":\"Atividades Be Hostels em Barcelona\"}]},{\"@type\":\"WebSite\",\"@id\":\"https:\/\/behostels.com\/pt-br\/#website\",\"url\":\"https:\/\/behostels.com\/pt-br\/\",\"name\":\"Be Hostels\",\"description\":\"\",\"publisher\":{\"@id\":\"https:\/\/behostels.com\/pt-br\/#organization\"},\"potentialAction\":[{\"@type\":\"SearchAction\",\"target\":{\"@type\":\"EntryPoint\",\"urlTemplate\":\"https:\/\/behostels.com\/pt-br\/?s={search_term_string}\"},\"query-input\":\"required name=search_term_string\"}],\"inLanguage\":\"pt-BR\"},{\"@type\":\"Organization\",\"@id\":\"https:\/\/behostels.com\/pt-br\/#organization\",\"name\":\"Be Hostels\",\"url\":\"https:\/\/behostels.com\/pt-br\/\",\"logo\":{\"@type\":\"ImageObject\",\"inLanguage\":\"pt-BR\",\"@id\":\"https:\/\/behostels.com\/pt-br\/#\/schema\/logo\/image\/\",\"url\":\"https:\/\/behostels.com\/wp-content\/uploads\/2015\/06\/be_reservations_logo.jpg\",\"contentUrl\":\"https:\/\/behostels.com\/wp-content\/uploads\/2015\/06\/be_reservations_logo.jpg\",\"width\":130,\"height\":130,\"caption\":\"Be Hostels\"},\"image\":{\"@id\":\"https:\/\/behostels.com\/pt-br\/#\/schema\/logo\/image\/\"}}]}<\/script>\n<!-- \/ Yoast SEO plugin. -->","yoast_head_json":{"title":"Atividades Be Hostels em Barcelona - Be Hostels","robots":{"index":"index","follow":"follow","max-snippet":"max-snippet:-1","max-image-preview":"max-image-preview:large","max-video-preview":"max-video-preview:-1"},"canonical":"https:\/\/behostels.com\/pt-br\/atividades-hostels-em-barcelona\/","og_locale":"pt_BR","og_type":"article","og_title":"Atividades Be Hostels em Barcelona - Be Hostels","og_description":"Voc\u00ea quer se divertir? Participe das atividades que Be Hostels organiza para voc\u00ea! Em primeiro lugar, queremos que fique \u00e0 vontade durante sua estadia e n\u00e3o tenha nada com que se preocupar. Afinal, voc\u00ea est\u00e1 de f\u00e9rias! Por isso, preparamos uma s\u00e9rie de tours pela cidade e atividades bacanas para que voc\u00ea possa se entrosar [&hellip;]","og_url":"https:\/\/behostels.com\/pt-br\/atividades-hostels-em-barcelona\/","og_site_name":"Be Hostels","article_modified_time":"2017-06-20T10:28:23+00:00","twitter_card":"summary_large_image","schema":{"@context":"https:\/\/schema.org","@graph":[{"@type":"WebPage","@id":"https:\/\/behostels.com\/pt-br\/atividades-hostels-em-barcelona\/","url":"https:\/\/behostels.com\/pt-br\/atividades-hostels-em-barcelona\/","name":"Atividades Be Hostels em Barcelona - Be Hostels","isPartOf":{"@id":"https:\/\/behostels.com\/pt-br\/#website"},"datePublished":"2015-06-15T15:49:44+00:00","dateModified":"2017-06-20T10:28:23+00:00","breadcrumb":{"@id":"https:\/\/behostels.com\/pt-br\/atividades-hostels-em-barcelona\/#breadcrumb"},"inLanguage":"pt-BR","potentialAction":[{"@type":"ReadAction","target":["https:\/\/behostels.com\/pt-br\/atividades-hostels-em-barcelona\/"]}]},{"@type":"BreadcrumbList","@id":"https:\/\/behostels.com\/pt-br\/atividades-hostels-em-barcelona\/#breadcrumb","itemListElement":[{"@type":"ListItem","position":1,"name":"Home","item":"https:\/\/behostels.com\/pt-br\/"},{"@type":"ListItem","position":2,"name":"Atividades Be Hostels em Barcelona"}]},{"@type":"WebSite","@id":"https:\/\/behostels.com\/pt-br\/#website","url":"https:\/\/behostels.com\/pt-br\/","name":"Be Hostels","description":"","publisher":{"@id":"https:\/\/behostels.com\/pt-br\/#organization"},"potentialAction":[{"@type":"SearchAction","target":{"@type":"EntryPoint","urlTemplate":"https:\/\/behostels.com\/pt-br\/?s={search_term_string}"},"query-input":"required name=search_term_string"}],"inLanguage":"pt-BR"},{"@type":"Organization","@id":"https:\/\/behostels.com\/pt-br\/#organization","name":"Be Hostels","url":"https:\/\/behostels.com\/pt-br\/","logo":{"@type":"ImageObject","inLanguage":"pt-BR","@id":"https:\/\/behostels.com\/pt-br\/#\/schema\/logo\/image\/","url":"https:\/\/behostels.com\/wp-content\/uploads\/2015\/06\/be_reservations_logo.jpg","contentUrl":"https:\/\/behostels.com\/wp-content\/uploads\/2015\/06\/be_reservations_logo.jpg","width":130,"height":130,"caption":"Be Hostels"},"image":{"@id":"https:\/\/behostels.com\/pt-br\/#\/schema\/logo\/image\/"}}]}},"_links":{"self":[{"href":"https:\/\/behostels.com\/pt-br\/wp-json\/wp\/v2\/pages\/468"}],"collection":[{"href":"https:\/\/behostels.com\/pt-br\/wp-json\/wp\/v2\/pages"}],"about":[{"href":"https:\/\/behostels.com\/pt-br\/wp-json\/wp\/v2\/types\/page"}],"author":[{"embeddable":true,"href":"https:\/\/behostels.com\/pt-br\/wp-json\/wp\/v2\/users\/1"}],"replies":[{"embeddable":true,"href":"https:\/\/behostels.com\/pt-br\/wp-json\/wp\/v2\/comments?post=468"}],"version-history":[{"count":0,"href":"https:\/\/behostels.com\/pt-br\/wp-json\/wp\/v2\/pages\/468\/revisions"}],"wp:attachment":[{"href":"https:\/\/behostels.com\/pt-br\/wp-json\/wp\/v2\/media?parent=468"}],"curies":[{"name":"wp","href":"https:\/\/api.w.org\/{rel}","templated":true}]}}