{"id":428,"date":"2015-06-15T15:37:40","date_gmt":"2015-06-15T15:37:40","guid":{"rendered":"https:\/\/behostels.com\/?page_id=428"},"modified":"2019-12-12T10:47:51","modified_gmt":"2019-12-12T10:47:51","slug":"be-apartments","status":"publish","type":"page","link":"https:\/\/behostels.com\/pt-br\/be-apartments\/","title":{"rendered":"Be Apartments"},"content":{"rendered":"<h2>Be Apartments est\u00e3o localizados no centro de Barcelona, apenas um minuto de la Rambla, apenas onde voc\u00ea quer estar.<\/h2>\r\n\n\n<div id=\"wk-grid6cd\" class=\"uk-grid-width-1-1 uk-grid-width-medium-1-3 uk-grid uk-grid-match uk-grid-medium uk-text-center \" data-uk-grid-match=\"{target:'> div > .uk-panel', row:true}\" data-uk-grid-margin  data-uk-scrollspy=\"{cls:'uk-animation-fade uk-invisible', target:'> div > .uk-panel', delay:300}\">\n\n\n    <div>\n        <div class=\"uk-panel uk-invisible\">\n\n            \n            \n                        <div class=\"uk-text-center uk-panel-teaser\"><div class=\"uk-overlay uk-overlay-hover uk-border-circle\"><img loading=\"lazy\" decoding=\"async\" src=\"\/wp-content\/uploads\/2015\/07\/be-apartments-barcelona-next-ramblas.jpg\" class=\"uk-border-circle uk-overlay-scale\" alt=\"Ao lado de Las Ramblas\" width=\"600\" height=\"600\"><div class=\"uk-overlay-panel uk-overlay-background uk-overlay-icon uk-overlay-fade\"><\/div><a class=\"uk-position-cover\" href=\"http:\/\/behostels.com\/pt-br\/be-apartments\/apartments-localizacao\/\" title=\"Ao lado de Las Ramblas\"><\/a><\/div><\/div>\n            \n            \n            \n            \n            \n                        <div class=\"uk-margin\">Ao lado de Las Ramblas<\/div>\n            \n            \n            \n            \n        <\/div>\n    <\/div>\n\n\n    <div>\n        <div class=\"uk-panel uk-invisible\">\n\n            \n            \n                        <div class=\"uk-text-center uk-panel-teaser\"><div class=\"uk-overlay uk-overlay-hover uk-border-circle\"><img loading=\"lazy\" decoding=\"async\" src=\"\/wp-content\/uploads\/2015\/07\/be-apartments-barcelona-next-ramblas-double-rooms.jpg\" class=\"uk-border-circle uk-overlay-scale\" alt=\"Escolha o seu Quarto Duplo\" width=\"600\" height=\"600\"><div class=\"uk-overlay-panel uk-overlay-background uk-overlay-icon uk-overlay-fade\"><\/div><a class=\"uk-position-cover\" href=\"http:\/\/behostels.com\/pt-br\/be-apartments\/apartments-quartos\/\" title=\"Escolha o seu Quarto Duplo\"><\/a><\/div><\/div>\n            \n            \n            \n            \n            \n                        <div class=\"uk-margin\">Escolha o seu Quarto Duplo<\/div>\n            \n            \n            \n            \n        <\/div>\n    <\/div>\n\n\n    <div>\n        <div class=\"uk-panel uk-invisible\">\n\n            \n            \n                        <div class=\"uk-text-center uk-panel-teaser\"><div class=\"uk-overlay uk-overlay-hover uk-border-circle\"><img loading=\"lazy\" decoding=\"async\" src=\"\/wp-content\/uploads\/2015\/07\/be-apartments-barcelona-next-ramblas-double-rooms-choose-apartment.jpg\" class=\"uk-border-circle uk-overlay-scale\" alt=\"Escolha o seu Apartamento\" width=\"450\" height=\"450\"><div class=\"uk-overlay-panel uk-overlay-background uk-overlay-icon uk-overlay-fade\"><\/div><a class=\"uk-position-cover\" href=\"http:\/\/behostels.com\/pt-br\/be-apartments\/apartments-quartos\/\" title=\"Escolha o seu Apartamento\"><\/a><\/div><\/div>\n            \n            \n            \n            \n            \n                        <div class=\"uk-margin\">Escolha o seu Apartamento<\/div>\n            \n            \n            \n            \n        <\/div>\n    <\/div>\n\n\n<\/div>\n\n<script>\n(function($){\n\n    \/\/ get the images of the gallery and replace it by a canvas of the same size to fix the problem with overlapping images on load.\n    $('img[width][height]:not(.uk-overlay-panel)', $('#wk-grid6cd')).each(function() {\n\n        var $img = $(this);\n\n        if (this.width == 'auto' || this.height == 'auto' || !$img.is(':visible')) {\n            return;\n        }\n\n        var $canvas = $('<canvas class=\"uk-responsive-width\"><\/canvas>').attr({width:$img.attr('width'), height:$img.attr('height')}),\n            img = new Image,\n            release = function() {\n                $canvas.remove();\n                $img.css('display', '');\n                release = function(){};\n            };\n\n        $img.css('display', 'none').after($canvas);\n\n        $(img).on('load', function(){ release(); });\n        setTimeout(function(){ release(); }, 1000);\n\n        img.src = this.src;\n\n    });\n\n})(jQuery);\n<\/script>\n\r\n<p>Um edif\u00edcio inteiro, completamente renovado, com 10 apartamentos localizados no neightbourghood hist\u00f3rico de Barcelona. Apartamentos confort\u00e1veis, equipados com tudo que voc\u00ea precisa: cozinha, geladeira, ar condicionado, televis\u00e3o e elevador.<\/p>\r\n<p>Be Apartments oferece-lhe uma recep\u00e7\u00e3o aberta para receb\u00ea-lo e ajud\u00e1-lo com qualquer coisa que voc\u00ea precisa durante a sua estadia. Equipe Be Apartments asist-lo e dar-lhe qualquer informa\u00e7\u00e3o que quiser sobre Barcelona e ajud\u00e1-lo a organizar a sua visita em nossa bela cidade.<\/p>\r\n<h3>Estes s\u00e3o os servi\u00e7os que oferecemos no Be Apartments<\/h3> \r\n<div class=\"uk-grid\">\r\n<div class=\"uk-width-large-1-2 uk-width-medium-1-2 uk-width-small-1-1\">\r\n<ul>\r\n    <li>Wifi gr\u00e1tis nos quartos<\/li>\r\n    <li>Tour de Barcelona Gr\u00e1tis<\/li>\r\n    <li>Mapas de Barcelona gratuitos<\/li>\r\n    <li>Estacionamento pago<\/li>\r\n<\/ul>\r\n<\/div>\r\n<div class=\"uk-width-large-1-2 uk-width-medium-1-2 uk-width-small-1-1\">\r\n<ul>\r\n    <li>Recep\u00e7\u00e3o aberta das 9 \u00e0s 14:00<\/li>\r\n    <li>A entrada depois das 14:00 \u00e9 no Be Sound Hostel<\/li>\r\n    <li>Ar condicionado e aquecimento<\/li>\r\n    <li>Atividades como passeios a p\u00e9, de bicicleta, Posto de tapas e flamenco, etc<\/li>\r\n    <li>Servi\u00e7o de armazenamento de bagagem<\/li>\r\n<\/ul>\r\n<\/div>\r\n<\/div>","protected":false},"excerpt":{"rendered":"<p>Be Apartments est\u00e3o localizados no centro de Barcelona, apenas um minuto de la Rambla, apenas onde voc\u00ea quer estar. Um edif\u00edcio inteiro, completamente renovado, com 10 apartamentos localizados no neightbourghood hist\u00f3rico de Barcelona. Apartamentos confort\u00e1veis, equipados com tudo que voc\u00ea precisa: cozinha, geladeira, ar condicionado, televis\u00e3o e elevador. Be Apartments oferece-lhe uma recep\u00e7\u00e3o aberta para [&hellip;]<\/p>\n","protected":false},"author":1,"featured_media":0,"parent":0,"menu_order":0,"comment_status":"closed","ping_status":"closed","template":"","meta":{"footnotes":""},"yoast_head":"<!-- This site is optimized with the Yoast SEO plugin v22.7 - https:\/\/yoast.com\/wordpress\/plugins\/seo\/ -->\n<title>Be Apartments<\/title>\n<meta name=\"robots\" content=\"index, follow, max-snippet:-1, max-image-preview:large, max-video-preview:-1\" \/>\n<link rel=\"canonical\" href=\"https:\/\/behostels.com\/pt-br\/be-apartments\/\" \/>\n<meta property=\"og:locale\" content=\"pt_BR\" \/>\n<meta property=\"og:type\" content=\"article\" \/>\n<meta property=\"og:title\" content=\"Be Apartments\" \/>\n<meta property=\"og:description\" content=\"Be Apartments est\u00e3o localizados no centro de Barcelona, apenas um minuto de la Rambla, apenas onde voc\u00ea quer estar. Um edif\u00edcio inteiro, completamente renovado, com 10 apartamentos localizados no neightbourghood hist\u00f3rico de Barcelona. Apartamentos confort\u00e1veis, equipados com tudo que voc\u00ea precisa: cozinha, geladeira, ar condicionado, televis\u00e3o e elevador. Be Apartments oferece-lhe uma recep\u00e7\u00e3o aberta para [&hellip;]\" \/>\n<meta property=\"og:url\" content=\"https:\/\/behostels.com\/pt-br\/be-apartments\/\" \/>\n<meta property=\"og:site_name\" content=\"Be Hostels\" \/>\n<meta property=\"article:modified_time\" content=\"2019-12-12T10:47:51+00:00\" \/>\n<meta name=\"twitter:card\" content=\"summary_large_image\" \/>\n<meta name=\"twitter:label1\" content=\"Est. tempo de leitura\" \/>\n\t<meta name=\"twitter:data1\" content=\"1 minuto\" \/>\n<script type=\"application\/ld+json\" class=\"yoast-schema-graph\">{\"@context\":\"https:\/\/schema.org\",\"@graph\":[{\"@type\":\"WebPage\",\"@id\":\"https:\/\/behostels.com\/pt-br\/be-apartments\/\",\"url\":\"https:\/\/behostels.com\/pt-br\/be-apartments\/\",\"name\":\"Be Apartments\",\"isPartOf\":{\"@id\":\"https:\/\/behostels.com\/pt-br\/#website\"},\"datePublished\":\"2015-06-15T15:37:40+00:00\",\"dateModified\":\"2019-12-12T10:47:51+00:00\",\"breadcrumb\":{\"@id\":\"https:\/\/behostels.com\/pt-br\/be-apartments\/#breadcrumb\"},\"inLanguage\":\"pt-BR\",\"potentialAction\":[{\"@type\":\"ReadAction\",\"target\":[\"https:\/\/behostels.com\/pt-br\/be-apartments\/\"]}]},{\"@type\":\"BreadcrumbList\",\"@id\":\"https:\/\/behostels.com\/pt-br\/be-apartments\/#breadcrumb\",\"itemListElement\":[{\"@type\":\"ListItem\",\"position\":1,\"name\":\"Home\",\"item\":\"https:\/\/behostels.com\/pt-br\/\"},{\"@type\":\"ListItem\",\"position\":2,\"name\":\"Be Apartments\"}]},{\"@type\":\"WebSite\",\"@id\":\"https:\/\/behostels.com\/pt-br\/#website\",\"url\":\"https:\/\/behostels.com\/pt-br\/\",\"name\":\"Be Hostels\",\"description\":\"\",\"publisher\":{\"@id\":\"https:\/\/behostels.com\/pt-br\/#organization\"},\"potentialAction\":[{\"@type\":\"SearchAction\",\"target\":{\"@type\":\"EntryPoint\",\"urlTemplate\":\"https:\/\/behostels.com\/pt-br\/?s={search_term_string}\"},\"query-input\":\"required name=search_term_string\"}],\"inLanguage\":\"pt-BR\"},{\"@type\":\"Organization\",\"@id\":\"https:\/\/behostels.com\/pt-br\/#organization\",\"name\":\"Be Hostels\",\"url\":\"https:\/\/behostels.com\/pt-br\/\",\"logo\":{\"@type\":\"ImageObject\",\"inLanguage\":\"pt-BR\",\"@id\":\"https:\/\/behostels.com\/pt-br\/#\/schema\/logo\/image\/\",\"url\":\"https:\/\/behostels.com\/wp-content\/uploads\/2015\/06\/be_reservations_logo.jpg\",\"contentUrl\":\"https:\/\/behostels.com\/wp-content\/uploads\/2015\/06\/be_reservations_logo.jpg\",\"width\":130,\"height\":130,\"caption\":\"Be Hostels\"},\"image\":{\"@id\":\"https:\/\/behostels.com\/pt-br\/#\/schema\/logo\/image\/\"}}]}<\/script>\n<!-- \/ Yoast SEO plugin. -->","yoast_head_json":{"title":"Be Apartments","robots":{"index":"index","follow":"follow","max-snippet":"max-snippet:-1","max-image-preview":"max-image-preview:large","max-video-preview":"max-video-preview:-1"},"canonical":"https:\/\/behostels.com\/pt-br\/be-apartments\/","og_locale":"pt_BR","og_type":"article","og_title":"Be Apartments","og_description":"Be Apartments est\u00e3o localizados no centro de Barcelona, apenas um minuto de la Rambla, apenas onde voc\u00ea quer estar. Um edif\u00edcio inteiro, completamente renovado, com 10 apartamentos localizados no neightbourghood hist\u00f3rico de Barcelona. Apartamentos confort\u00e1veis, equipados com tudo que voc\u00ea precisa: cozinha, geladeira, ar condicionado, televis\u00e3o e elevador. Be Apartments oferece-lhe uma recep\u00e7\u00e3o aberta para [&hellip;]","og_url":"https:\/\/behostels.com\/pt-br\/be-apartments\/","og_site_name":"Be Hostels","article_modified_time":"2019-12-12T10:47:51+00:00","twitter_card":"summary_large_image","twitter_misc":{"Est. tempo de leitura":"1 minuto"},"schema":{"@context":"https:\/\/schema.org","@graph":[{"@type":"WebPage","@id":"https:\/\/behostels.com\/pt-br\/be-apartments\/","url":"https:\/\/behostels.com\/pt-br\/be-apartments\/","name":"Be Apartments","isPartOf":{"@id":"https:\/\/behostels.com\/pt-br\/#website"},"datePublished":"2015-06-15T15:37:40+00:00","dateModified":"2019-12-12T10:47:51+00:00","breadcrumb":{"@id":"https:\/\/behostels.com\/pt-br\/be-apartments\/#breadcrumb"},"inLanguage":"pt-BR","potentialAction":[{"@type":"ReadAction","target":["https:\/\/behostels.com\/pt-br\/be-apartments\/"]}]},{"@type":"BreadcrumbList","@id":"https:\/\/behostels.com\/pt-br\/be-apartments\/#breadcrumb","itemListElement":[{"@type":"ListItem","position":1,"name":"Home","item":"https:\/\/behostels.com\/pt-br\/"},{"@type":"ListItem","position":2,"name":"Be Apartments"}]},{"@type":"WebSite","@id":"https:\/\/behostels.com\/pt-br\/#website","url":"https:\/\/behostels.com\/pt-br\/","name":"Be Hostels","description":"","publisher":{"@id":"https:\/\/behostels.com\/pt-br\/#organization"},"potentialAction":[{"@type":"SearchAction","target":{"@type":"EntryPoint","urlTemplate":"https:\/\/behostels.com\/pt-br\/?s={search_term_string}"},"query-input":"required name=search_term_string"}],"inLanguage":"pt-BR"},{"@type":"Organization","@id":"https:\/\/behostels.com\/pt-br\/#organization","name":"Be Hostels","url":"https:\/\/behostels.com\/pt-br\/","logo":{"@type":"ImageObject","inLanguage":"pt-BR","@id":"https:\/\/behostels.com\/pt-br\/#\/schema\/logo\/image\/","url":"https:\/\/behostels.com\/wp-content\/uploads\/2015\/06\/be_reservations_logo.jpg","contentUrl":"https:\/\/behostels.com\/wp-content\/uploads\/2015\/06\/be_reservations_logo.jpg","width":130,"height":130,"caption":"Be Hostels"},"image":{"@id":"https:\/\/behostels.com\/pt-br\/#\/schema\/logo\/image\/"}}]}},"_links":{"self":[{"href":"https:\/\/behostels.com\/pt-br\/wp-json\/wp\/v2\/pages\/428"}],"collection":[{"href":"https:\/\/behostels.com\/pt-br\/wp-json\/wp\/v2\/pages"}],"about":[{"href":"https:\/\/behostels.com\/pt-br\/wp-json\/wp\/v2\/types\/page"}],"author":[{"embeddable":true,"href":"https:\/\/behostels.com\/pt-br\/wp-json\/wp\/v2\/users\/1"}],"replies":[{"embeddable":true,"href":"https:\/\/behostels.com\/pt-br\/wp-json\/wp\/v2\/comments?post=428"}],"version-history":[{"count":0,"href":"https:\/\/behostels.com\/pt-br\/wp-json\/wp\/v2\/pages\/428\/revisions"}],"wp:attachment":[{"href":"https:\/\/behostels.com\/pt-br\/wp-json\/wp\/v2\/media?parent=428"}],"curies":[{"name":"wp","href":"https:\/\/api.w.org\/{rel}","templated":true}]}}