{"id":370,"date":"2015-06-11T11:08:30","date_gmt":"2015-06-11T11:08:30","guid":{"rendered":"https:\/\/behostels.com\/?page_id=370"},"modified":"2015-07-08T14:33:55","modified_gmt":"2015-07-08T14:33:55","slug":"instalacoes","status":"publish","type":"page","link":"https:\/\/behostels.com\/pt-br\/zaragoza\/instalacoes\/","title":{"rendered":"Be Hostels Zaragoza Instala\u00e7\u00f5es"},"content":{"rendered":"<h2 class=\"fantasy\">Todas as atividades perfeita e gratuito voc\u00ea pode encontrar no <a href=\"http:\/\/www.behostels.com\/zaragoza\">Be Hostels Zaragoza<\/a> para desfrutar a sua estadia:<\/h2>\r\n<div class=\"uk-grid\">\r\n<div class=\"uk-width-large-1-2 uk-width-medium-1-2 uk-width-small-1-1\">\r\n<ul>\r\n    <li>Cacifo com chave magn\u00e9tica gratuito<\/li>\r\n    <li>Edred\u00f3n gr\u00e1tis.<\/li>\r\n    <li>Acesso gratuito \u00e0 Internet<\/li>\r\n    <li>Wi-Fi gr\u00e1tis<\/li>\r\n    <li>Mapas gratuitos da cidade.<\/li>\r\n    <li>Sala de estar com TV e DVD.<\/li>\r\n    <li>Jogos de tabuleiro.<\/li>\r\n    <li>Aluguer de len\u00e7ois e toalhas<\/li>\r\n    <li>Servi\u00e7o de lavandaria.<\/li>\r\n<\/ul>\r\n<\/div>\r\n<div class=\"uk-width-large-1-2 uk-width-medium-1-2 uk-width-small-1-1\">\r\n<ul>\r\n   <li>Todos os tipos de m\u00e1quinas de comida e bebida.<\/li>\r\n   <li>Todos os tipos de actividades de aventura e lazer<\/li>\r\n   <li>Descontos nos teatros de Zaragoza<\/li>\r\n   <li>Concertos e encontros liter\u00e1rios<\/li>\r\n   <li>Exposi\u00e7\u00f5es<\/li>\r\n   <li>Jantares com teatro<\/li>\r\n   <li>Descontos em Festas DJ&#8217;s<\/li>\r\n   <li>Jam session<\/li>\r\n<\/ul>\r\n<\/div>\r\n<\/div>\r\n","protected":false},"excerpt":{"rendered":"<p>Todas as atividades perfeita e gratuito voc\u00ea pode encontrar no Be Hostels Zaragoza para desfrutar a sua estadia: Cacifo com chave magn\u00e9tica gratuito Edred\u00f3n gr\u00e1tis. Acesso gratuito \u00e0 Internet Wi-Fi gr\u00e1tis Mapas gratuitos da cidade. Sala de estar com TV e DVD. Jogos de tabuleiro. Aluguer de len\u00e7ois e toalhas Servi\u00e7o de lavandaria. Todos os [&hellip;]<\/p>\n","protected":false},"author":1,"featured_media":0,"parent":330,"menu_order":0,"comment_status":"closed","ping_status":"open","template":"","meta":{"footnotes":""},"yoast_head":"<!-- This site is optimized with the Yoast SEO plugin v22.7 - https:\/\/yoast.com\/wordpress\/plugins\/seo\/ -->\n<title>Instala\u00e7\u00f5es<\/title>\n<meta name=\"robots\" content=\"index, follow, max-snippet:-1, max-image-preview:large, max-video-preview:-1\" \/>\n<link rel=\"canonical\" href=\"https:\/\/behostels.com\/pt-br\/zaragoza\/instalacoes\/\" \/>\n<meta property=\"og:locale\" content=\"pt_BR\" \/>\n<meta property=\"og:type\" content=\"article\" \/>\n<meta property=\"og:title\" content=\"Instala\u00e7\u00f5es\" \/>\n<meta property=\"og:description\" content=\"Todas as atividades perfeita e gratuito voc\u00ea pode encontrar no Be Hostels Zaragoza para desfrutar a sua estadia: Cacifo com chave magn\u00e9tica gratuito Edred\u00f3n gr\u00e1tis. Acesso gratuito \u00e0 Internet Wi-Fi gr\u00e1tis Mapas gratuitos da cidade. Sala de estar com TV e DVD. Jogos de tabuleiro. Aluguer de len\u00e7ois e toalhas Servi\u00e7o de lavandaria. Todos os [&hellip;]\" \/>\n<meta property=\"og:url\" content=\"https:\/\/behostels.com\/pt-br\/zaragoza\/instalacoes\/\" \/>\n<meta property=\"og:site_name\" content=\"Be Hostels\" \/>\n<meta property=\"article:modified_time\" content=\"2015-07-08T14:33:55+00:00\" \/>\n<meta name=\"twitter:card\" content=\"summary_large_image\" \/>\n<script type=\"application\/ld+json\" class=\"yoast-schema-graph\">{\"@context\":\"https:\/\/schema.org\",\"@graph\":[{\"@type\":\"WebPage\",\"@id\":\"https:\/\/behostels.com\/pt-br\/zaragoza\/instalacoes\/\",\"url\":\"https:\/\/behostels.com\/pt-br\/zaragoza\/instalacoes\/\",\"name\":\"Instala\u00e7\u00f5es\",\"isPartOf\":{\"@id\":\"https:\/\/behostels.com\/pt-br\/#website\"},\"datePublished\":\"2015-06-11T11:08:30+00:00\",\"dateModified\":\"2015-07-08T14:33:55+00:00\",\"breadcrumb\":{\"@id\":\"https:\/\/behostels.com\/pt-br\/zaragoza\/instalacoes\/#breadcrumb\"},\"inLanguage\":\"pt-BR\",\"potentialAction\":[{\"@type\":\"ReadAction\",\"target\":[\"https:\/\/behostels.com\/pt-br\/zaragoza\/instalacoes\/\"]}]},{\"@type\":\"BreadcrumbList\",\"@id\":\"https:\/\/behostels.com\/pt-br\/zaragoza\/instalacoes\/#breadcrumb\",\"itemListElement\":[{\"@type\":\"ListItem\",\"position\":1,\"name\":\"Home\",\"item\":\"https:\/\/behostels.com\/pt-br\/\"},{\"@type\":\"ListItem\",\"position\":2,\"name\":\"Be Hostels Zaragoza, seu hostel perto da Plaza del Pilar\",\"item\":\"https:\/\/behostels.com\/pt-br\/zaragoza\/\"},{\"@type\":\"ListItem\",\"position\":3,\"name\":\"Be Hostels Zaragoza Instala\u00e7\u00f5es\"}]},{\"@type\":\"WebSite\",\"@id\":\"https:\/\/behostels.com\/pt-br\/#website\",\"url\":\"https:\/\/behostels.com\/pt-br\/\",\"name\":\"Be Hostels\",\"description\":\"\",\"publisher\":{\"@id\":\"https:\/\/behostels.com\/pt-br\/#organization\"},\"potentialAction\":[{\"@type\":\"SearchAction\",\"target\":{\"@type\":\"EntryPoint\",\"urlTemplate\":\"https:\/\/behostels.com\/pt-br\/?s={search_term_string}\"},\"query-input\":\"required name=search_term_string\"}],\"inLanguage\":\"pt-BR\"},{\"@type\":\"Organization\",\"@id\":\"https:\/\/behostels.com\/pt-br\/#organization\",\"name\":\"Be Hostels\",\"url\":\"https:\/\/behostels.com\/pt-br\/\",\"logo\":{\"@type\":\"ImageObject\",\"inLanguage\":\"pt-BR\",\"@id\":\"https:\/\/behostels.com\/pt-br\/#\/schema\/logo\/image\/\",\"url\":\"https:\/\/behostels.com\/wp-content\/uploads\/2015\/06\/be_reservations_logo.jpg\",\"contentUrl\":\"https:\/\/behostels.com\/wp-content\/uploads\/2015\/06\/be_reservations_logo.jpg\",\"width\":130,\"height\":130,\"caption\":\"Be Hostels\"},\"image\":{\"@id\":\"https:\/\/behostels.com\/pt-br\/#\/schema\/logo\/image\/\"}}]}<\/script>\n<!-- \/ Yoast SEO plugin. -->","yoast_head_json":{"title":"Instala\u00e7\u00f5es","robots":{"index":"index","follow":"follow","max-snippet":"max-snippet:-1","max-image-preview":"max-image-preview:large","max-video-preview":"max-video-preview:-1"},"canonical":"https:\/\/behostels.com\/pt-br\/zaragoza\/instalacoes\/","og_locale":"pt_BR","og_type":"article","og_title":"Instala\u00e7\u00f5es","og_description":"Todas as atividades perfeita e gratuito voc\u00ea pode encontrar no Be Hostels Zaragoza para desfrutar a sua estadia: Cacifo com chave magn\u00e9tica gratuito Edred\u00f3n gr\u00e1tis. Acesso gratuito \u00e0 Internet Wi-Fi gr\u00e1tis Mapas gratuitos da cidade. Sala de estar com TV e DVD. Jogos de tabuleiro. Aluguer de len\u00e7ois e toalhas Servi\u00e7o de lavandaria. Todos os [&hellip;]","og_url":"https:\/\/behostels.com\/pt-br\/zaragoza\/instalacoes\/","og_site_name":"Be Hostels","article_modified_time":"2015-07-08T14:33:55+00:00","twitter_card":"summary_large_image","schema":{"@context":"https:\/\/schema.org","@graph":[{"@type":"WebPage","@id":"https:\/\/behostels.com\/pt-br\/zaragoza\/instalacoes\/","url":"https:\/\/behostels.com\/pt-br\/zaragoza\/instalacoes\/","name":"Instala\u00e7\u00f5es","isPartOf":{"@id":"https:\/\/behostels.com\/pt-br\/#website"},"datePublished":"2015-06-11T11:08:30+00:00","dateModified":"2015-07-08T14:33:55+00:00","breadcrumb":{"@id":"https:\/\/behostels.com\/pt-br\/zaragoza\/instalacoes\/#breadcrumb"},"inLanguage":"pt-BR","potentialAction":[{"@type":"ReadAction","target":["https:\/\/behostels.com\/pt-br\/zaragoza\/instalacoes\/"]}]},{"@type":"BreadcrumbList","@id":"https:\/\/behostels.com\/pt-br\/zaragoza\/instalacoes\/#breadcrumb","itemListElement":[{"@type":"ListItem","position":1,"name":"Home","item":"https:\/\/behostels.com\/pt-br\/"},{"@type":"ListItem","position":2,"name":"Be Hostels Zaragoza, seu hostel perto da Plaza del Pilar","item":"https:\/\/behostels.com\/pt-br\/zaragoza\/"},{"@type":"ListItem","position":3,"name":"Be Hostels Zaragoza Instala\u00e7\u00f5es"}]},{"@type":"WebSite","@id":"https:\/\/behostels.com\/pt-br\/#website","url":"https:\/\/behostels.com\/pt-br\/","name":"Be Hostels","description":"","publisher":{"@id":"https:\/\/behostels.com\/pt-br\/#organization"},"potentialAction":[{"@type":"SearchAction","target":{"@type":"EntryPoint","urlTemplate":"https:\/\/behostels.com\/pt-br\/?s={search_term_string}"},"query-input":"required name=search_term_string"}],"inLanguage":"pt-BR"},{"@type":"Organization","@id":"https:\/\/behostels.com\/pt-br\/#organization","name":"Be Hostels","url":"https:\/\/behostels.com\/pt-br\/","logo":{"@type":"ImageObject","inLanguage":"pt-BR","@id":"https:\/\/behostels.com\/pt-br\/#\/schema\/logo\/image\/","url":"https:\/\/behostels.com\/wp-content\/uploads\/2015\/06\/be_reservations_logo.jpg","contentUrl":"https:\/\/behostels.com\/wp-content\/uploads\/2015\/06\/be_reservations_logo.jpg","width":130,"height":130,"caption":"Be Hostels"},"image":{"@id":"https:\/\/behostels.com\/pt-br\/#\/schema\/logo\/image\/"}}]}},"_links":{"self":[{"href":"https:\/\/behostels.com\/pt-br\/wp-json\/wp\/v2\/pages\/370"}],"collection":[{"href":"https:\/\/behostels.com\/pt-br\/wp-json\/wp\/v2\/pages"}],"about":[{"href":"https:\/\/behostels.com\/pt-br\/wp-json\/wp\/v2\/types\/page"}],"author":[{"embeddable":true,"href":"https:\/\/behostels.com\/pt-br\/wp-json\/wp\/v2\/users\/1"}],"replies":[{"embeddable":true,"href":"https:\/\/behostels.com\/pt-br\/wp-json\/wp\/v2\/comments?post=370"}],"version-history":[{"count":0,"href":"https:\/\/behostels.com\/pt-br\/wp-json\/wp\/v2\/pages\/370\/revisions"}],"up":[{"embeddable":true,"href":"https:\/\/behostels.com\/pt-br\/wp-json\/wp\/v2\/pages\/330"}],"wp:attachment":[{"href":"https:\/\/behostels.com\/pt-br\/wp-json\/wp\/v2\/media?parent=370"}],"curies":[{"name":"wp","href":"https:\/\/api.w.org\/{rel}","templated":true}]}}