{"id":343,"date":"2015-06-11T10:46:59","date_gmt":"2015-06-11T10:46:59","guid":{"rendered":"https:\/\/behostels.com\/?page_id=343"},"modified":"2015-07-27T10:09:01","modified_gmt":"2015-07-27T10:09:01","slug":"localizacao","status":"publish","type":"page","link":"https:\/\/behostels.com\/pt-br\/zaragoza\/localizacao\/","title":{"rendered":"Be Hostel Zaragoza Localiza\u00e7\u00e3o"},"content":{"rendered":"<h3>A pousada Zaragoza est\u00e1 situada no cora\u00e7\u00e3o da cidade, na parte antiga e das mais importantes da cidade, e \u00e9 tamb\u00e9m um dos edif\u00edcios marcos da cidade.<\/h3>\r\n\n<script type=\"widgetkit\/map\" data-id=\"wk-map69d7723e6516d\" data-class=\" uk-img-preserve\" data-style=\"width:auto;height:600px;\">\n    {\"width\":\"auto\",\"height\":\"600\",\"maptypeid\":\"roadmap\",\"maptypecontrol\":false,\"mapctrl\":true,\"zoom\":\"16\",\"marker\":\"3\",\"marker_icon\":\"\",\"markercluster\":false,\"popup_max_width\":\"400\",\"zoomwheel\":false,\"draggable\":false,\"directions\":false,\"disabledefaultui\":false,\"styler_invert_lightness\":false,\"styler_hue\":\"\",\"styler_saturation\":0,\"styler_lightness\":0,\"styler_gamma\":0,\"media\":true,\"image_width\":\"auto\",\"image_height\":\"auto\",\"media_align\":\"top\",\"media_width\":\"1-2\",\"media_breakpoint\":\"medium\",\"media_border\":\"none\",\"media_overlay\":\"none\",\"overlay_animation\":\"fade\",\"media_animation\":\"none\",\"title\":false,\"content\":true,\"social_buttons\":true,\"title_size\":\"h4\",\"text_align\":\"left\",\"link\":true,\"link_style\":\"button\",\"link_text\":\"Read more\",\"link_target\":false,\"class\":\"\",\"markers\":[{\"lat\":41.6576429,\"lng\":-0.8859076,\"icon\":\"\",\"title\":\"BE ZARAGOZA HOTEL BARCELONA\",\"content\":\"\\n<div class=\\\"uk-text-left\\\">\\n\\n    \\n    \\n    \\n    \\n        <div class=\\\"uk-margin\\\"><img decoding=\\\"async\\\" src=\\\"\\\/wp-content\\\/uploads\\\/2015\\\/06\\\/be-zaragoza-hostel.png\\\" style=\\\"height:36px ; width:auto;\\\"\\\/><br\\\/>\\n<p class=\\\"uk-text-small\\\">Calle Predicadores 70<br>\\n50003 \\u2013 Zaragoza, Spain<br>\\nTel: (+34) 976 282 043<br>\\ninfo@alberguezaragoza.com<br>\\n<\\\/p><\\\/div>\\n    \\n    \\n    \\n    \\n<\\\/div>\\n\"}],\"directionsText\":\"Get Directions\"}<\/script>\n\r\n<br>\r\n<div class=\"uk-grid\">\r\n<div class=\"uk-width-large-1-2 uk-width-medium-1-2 uk-width-small-1-1\">\r\n<ul>\r\n    <li>2 minutos da Plaza del Pilar<\/li>  \r\n    <li>2 minutos da \u00c1rea &#8220;Casco Viejo&#8221; (\u00e1rea de festa)<\/li>  \r\n    <li>Junto ao Rio Ebro<\/li>  \r\n    <li>3 minutos do Tubo (Zona de Tapas)<\/li> \r\n    <li>A 3 minutos del Tubo (Zona de Tapas)<\/li>  \r\n\t\t<\/ul>\r\n<\/div>\r\n<div class=\"uk-width-large-1-2 uk-width-medium-1-2 uk-width-small-1-1\">\r\n<ul>\r\n    <li>10 minutos da Universidade<\/li>  \r\n    <li>A 10 minutos da Expo<\/li>\r\n    <li>5 minutos da Pra\u00e7a de Espanha.<\/li>\r\n    <li>NO CORA\u00c7\u00c3O DA CIDADE.<\/li>\r\n<\/ul>\r\n<\/div>\r\n<\/div>\r\n<p>Localizado num pal\u00e1cio renascentista do s\u00e9culo XV, que foi a resid\u00eancia do Grande Inquisitor da Coroa de Arag\u00e3o, Pedro Arbuckle, que a quando da sua morte, foi declarado santo e tem uma capela na Catedral de Sarago\u00e7a &#8220;La Seo&#8221;.<\/p>\r\n\r\n<p>Este distingue-se pelo seu tamanho e riqueza art\u00edstica, combinando perfeitamente um perfil de alojamento confort\u00e1vel, moderno e acolhedo. Mas o melhor de tudo \u00e9 que est\u00e1 perfeitamente localizado e acess\u00edvel pelos diferentes meios de transporte.<\/p>\r\n\r\n<h2 class=\"fantasy\">Como chegar ao BeHostels Zaragoza<\/h2>\r\n\n<div  data-uk-scrollspy=\"{target:'> div > [data-uk-scrollspy-cls]', delay:300}\">\n\n\n    \n    <div class=\"uk-grid uk-text-left uk-flex-middle\" data-uk-grid-match data-uk-margin=\"{cls:'uk-margin-top'}\">\n\n                <div class=\"uk-width-medium-1-3 uk-text-center uk-invisible\"  data-uk-scrollspy-cls=\"uk-animation-fade uk-invisible\">\n            <div class=\"uk-overlay uk-overlay-hover uk-border-circle\"><img decoding=\"async\" src=\"\/wp-content\/uploads\/2015\/07\/zaragozaBus2.jpg\" class=\"uk-border-circle uk-overlay-scale\" alt=\"Autocarro e Comboio\"><div class=\"uk-overlay-panel uk-overlay-background uk-overlay-icon uk-overlay-fade\"><\/div><\/div>        <\/div>\n        \n                <div class=\"uk-width-medium-2-3 uk-invisible\"  data-uk-scrollspy-cls=\"uk-animation-slide-right uk-invisible\">\n            <div class=\"uk-panel uk-panel-space uk-width-1-1\">\n\n                \n                                <h3 class=\"uk-panel-title\">\n\n                                            Autocarro e Comboio                    \n                    \n                <\/h3>\n                \n                                <div class=\"uk-margin\"><p>Apanhe o autocarro n\u00famero 34, saido em Paseo Echegaray y Caballero, 34. Ao descer do autocarro vire \u00e0 direita na primeira rua \u00e0 sua esquerda chamada Postigo del Ebro. Chegados ao final dessa rua, vai desembocar na Calle Predicadores, onde virando \u00e0 esquerda vai encontrar-nos no n\u00famero 70.\nFrequ\u00eancia Autocarro 34: dias de semana entre 6-7 min,\nS\u00e1bado entre 7-10 min,\nFeriados entre 8-12 min.<\/p><\/div>\n                \n                \n                \n            <\/div>\n        <\/div>\n        \n    <\/div>\n\n    \n\n    \n    <div class=\"uk-grid uk-text-left uk-flex-middle\" data-uk-grid-match data-uk-margin=\"{cls:'uk-margin-top'}\">\n\n                <div class=\"uk-width-medium-1-3 uk-text-center uk-float-right uk-flex-order-last-medium uk-invisible\"  data-uk-scrollspy-cls=\"uk-animation-fade uk-invisible\">\n            <div class=\"uk-overlay uk-overlay-hover uk-border-circle\"><img decoding=\"async\" src=\"\/wp-content\/uploads\/2015\/07\/Aeropuerto-de-Zaragoza1.jpg\" class=\"uk-border-circle uk-overlay-scale\" alt=\"Aeroporto\"><div class=\"uk-overlay-panel uk-overlay-background uk-overlay-icon uk-overlay-fade\"><\/div><\/div>        <\/div>\n        \n                <div class=\"uk-width-medium-2-3 uk-invisible\"  data-uk-scrollspy-cls=\"uk-animation-slide-left uk-invisible\">\n            <div class=\"uk-panel uk-panel-space uk-width-1-1\">\n\n                \n                                <h3 class=\"uk-panel-title\">\n\n                                            Aeroporto                    \n                    \n                <\/h3>\n                \n                                <div class=\"uk-margin\"><p>Apanhe o autocarro do aeroporto at\u00e9 \u00e0 sua \u00faltima parada, no Paseo de Pamplona 19 e da\u00ed apanhe o autocarro n\u00famero 34 ou ent\u00e3o da Pra\u00e7a Para\u00edso pode apanhar o autocarro 23, ambos em direc\u00e7\u00e3o ao centro. Ambos param nas paragem das paredes romanas de Sarago\u00e7a, onde do outro lado da rua come\u00e7a a cale Predicadores onde n\u00f3s estamos localizados no n\u00famero 70.<\/p><\/div>\n                \n                \n                \n            <\/div>\n        <\/div>\n        \n    <\/div>\n\n    \n\n    \n    <div class=\"uk-grid uk-text-left uk-flex-middle\" data-uk-grid-match data-uk-margin=\"{cls:'uk-margin-top'}\">\n\n                <div class=\"uk-width-medium-1-3 uk-text-center uk-invisible\"  data-uk-scrollspy-cls=\"uk-animation-fade uk-invisible\">\n            <div class=\"uk-overlay uk-overlay-hover uk-border-circle\"><img decoding=\"async\" src=\"\/wp-content\/uploads\/2015\/07\/zaragoza_car1.jpg\" class=\"uk-border-circle uk-overlay-scale\" alt=\"De Carro\"><div class=\"uk-overlay-panel uk-overlay-background uk-overlay-icon uk-overlay-fade\"><\/div><\/div>        <\/div>\n        \n                <div class=\"uk-width-medium-2-3 uk-invisible\"  data-uk-scrollspy-cls=\"uk-animation-slide-right uk-invisible\">\n            <div class=\"uk-panel uk-panel-space uk-width-1-1\">\n\n                \n                                <h3 class=\"uk-panel-title\">\n\n                                            De Carro                    \n                    \n                <\/h3>\n                \n                                <div class=\"uk-margin\"><p>Caso venha de carro ou autocarro privado, \u00e9 igualmente f\u00e1cil, pois n\u00f3s estamos na sa\u00edda da autoestrada &#8220;\u00e1rea do Pilar Santiago&#8221; que \u00e9 a entrada natural de Zaragoza. Agora s\u00f3 tem que fixar a Bas\u00edlica del Pilar e ir dirigir-vos at\u00e9 ela. Na ponte que entra em Zaragoza vai ver um sinal a sinalizar a Calle Predicadores, onde o esperamos no n\u00famero 70. Estacionamento gratuito para carros e autocarros \u00e9 igualmente f\u00e1cil, pois h\u00e1 estacionamento gratuito a apenas 2 minutos. Poder\u00e1 mesmo chegar at\u00e9 a porta grande do hostel de autocarro e par\u00e1-lo \u00e0 frente.<\/p><\/div>\n                \n                \n                \n            <\/div>\n        <\/div>\n        \n    <\/div>\n\n    \n\n<\/div>\n\r\n","protected":false},"excerpt":{"rendered":"<p>A pousada Zaragoza est\u00e1 situada no cora\u00e7\u00e3o da cidade, na parte antiga e das mais importantes da cidade, e \u00e9 tamb\u00e9m um dos edif\u00edcios marcos da cidade. 2 minutos da Plaza del Pilar 2 minutos da \u00c1rea &#8220;Casco Viejo&#8221; (\u00e1rea de festa) Junto ao Rio Ebro 3 minutos do Tubo (Zona de Tapas) A 3 [&hellip;]<\/p>\n","protected":false},"author":1,"featured_media":0,"parent":330,"menu_order":0,"comment_status":"closed","ping_status":"open","template":"","meta":{"footnotes":""},"yoast_head":"<!-- This site is optimized with the Yoast SEO plugin v22.7 - https:\/\/yoast.com\/wordpress\/plugins\/seo\/ -->\n<title>Localiza\u00e7\u00e3o<\/title>\n<meta name=\"robots\" content=\"index, follow, max-snippet:-1, max-image-preview:large, max-video-preview:-1\" \/>\n<link rel=\"canonical\" href=\"https:\/\/behostels.com\/pt-br\/zaragoza\/localizacao\/\" \/>\n<meta property=\"og:locale\" content=\"pt_BR\" \/>\n<meta property=\"og:type\" content=\"article\" \/>\n<meta property=\"og:title\" content=\"Localiza\u00e7\u00e3o\" \/>\n<meta property=\"og:description\" content=\"A pousada Zaragoza est\u00e1 situada no cora\u00e7\u00e3o da cidade, na parte antiga e das mais importantes da cidade, e \u00e9 tamb\u00e9m um dos edif\u00edcios marcos da cidade. 2 minutos da Plaza del Pilar 2 minutos da \u00c1rea &#8220;Casco Viejo&#8221; (\u00e1rea de festa) Junto ao Rio Ebro 3 minutos do Tubo (Zona de Tapas) A 3 [&hellip;]\" \/>\n<meta property=\"og:url\" content=\"https:\/\/behostels.com\/pt-br\/zaragoza\/localizacao\/\" \/>\n<meta property=\"og:site_name\" content=\"Be Hostels\" \/>\n<meta property=\"article:modified_time\" content=\"2015-07-27T10:09:01+00:00\" \/>\n<meta name=\"twitter:card\" content=\"summary_large_image\" \/>\n<meta name=\"twitter:label1\" content=\"Est. tempo de leitura\" \/>\n\t<meta name=\"twitter:data1\" content=\"1 minuto\" \/>\n<script type=\"application\/ld+json\" class=\"yoast-schema-graph\">{\"@context\":\"https:\/\/schema.org\",\"@graph\":[{\"@type\":\"WebPage\",\"@id\":\"https:\/\/behostels.com\/pt-br\/zaragoza\/localizacao\/\",\"url\":\"https:\/\/behostels.com\/pt-br\/zaragoza\/localizacao\/\",\"name\":\"Localiza\u00e7\u00e3o\",\"isPartOf\":{\"@id\":\"https:\/\/behostels.com\/pt-br\/#website\"},\"datePublished\":\"2015-06-11T10:46:59+00:00\",\"dateModified\":\"2015-07-27T10:09:01+00:00\",\"breadcrumb\":{\"@id\":\"https:\/\/behostels.com\/pt-br\/zaragoza\/localizacao\/#breadcrumb\"},\"inLanguage\":\"pt-BR\",\"potentialAction\":[{\"@type\":\"ReadAction\",\"target\":[\"https:\/\/behostels.com\/pt-br\/zaragoza\/localizacao\/\"]}]},{\"@type\":\"BreadcrumbList\",\"@id\":\"https:\/\/behostels.com\/pt-br\/zaragoza\/localizacao\/#breadcrumb\",\"itemListElement\":[{\"@type\":\"ListItem\",\"position\":1,\"name\":\"Home\",\"item\":\"https:\/\/behostels.com\/pt-br\/\"},{\"@type\":\"ListItem\",\"position\":2,\"name\":\"Be Hostels Zaragoza, seu hostel perto da Plaza del Pilar\",\"item\":\"https:\/\/behostels.com\/pt-br\/zaragoza\/\"},{\"@type\":\"ListItem\",\"position\":3,\"name\":\"Be Hostel Zaragoza Localiza\u00e7\u00e3o\"}]},{\"@type\":\"WebSite\",\"@id\":\"https:\/\/behostels.com\/pt-br\/#website\",\"url\":\"https:\/\/behostels.com\/pt-br\/\",\"name\":\"Be Hostels\",\"description\":\"\",\"publisher\":{\"@id\":\"https:\/\/behostels.com\/pt-br\/#organization\"},\"potentialAction\":[{\"@type\":\"SearchAction\",\"target\":{\"@type\":\"EntryPoint\",\"urlTemplate\":\"https:\/\/behostels.com\/pt-br\/?s={search_term_string}\"},\"query-input\":\"required name=search_term_string\"}],\"inLanguage\":\"pt-BR\"},{\"@type\":\"Organization\",\"@id\":\"https:\/\/behostels.com\/pt-br\/#organization\",\"name\":\"Be Hostels\",\"url\":\"https:\/\/behostels.com\/pt-br\/\",\"logo\":{\"@type\":\"ImageObject\",\"inLanguage\":\"pt-BR\",\"@id\":\"https:\/\/behostels.com\/pt-br\/#\/schema\/logo\/image\/\",\"url\":\"https:\/\/behostels.com\/wp-content\/uploads\/2015\/06\/be_reservations_logo.jpg\",\"contentUrl\":\"https:\/\/behostels.com\/wp-content\/uploads\/2015\/06\/be_reservations_logo.jpg\",\"width\":130,\"height\":130,\"caption\":\"Be Hostels\"},\"image\":{\"@id\":\"https:\/\/behostels.com\/pt-br\/#\/schema\/logo\/image\/\"}}]}<\/script>\n<!-- \/ Yoast SEO plugin. -->","yoast_head_json":{"title":"Localiza\u00e7\u00e3o","robots":{"index":"index","follow":"follow","max-snippet":"max-snippet:-1","max-image-preview":"max-image-preview:large","max-video-preview":"max-video-preview:-1"},"canonical":"https:\/\/behostels.com\/pt-br\/zaragoza\/localizacao\/","og_locale":"pt_BR","og_type":"article","og_title":"Localiza\u00e7\u00e3o","og_description":"A pousada Zaragoza est\u00e1 situada no cora\u00e7\u00e3o da cidade, na parte antiga e das mais importantes da cidade, e \u00e9 tamb\u00e9m um dos edif\u00edcios marcos da cidade. 2 minutos da Plaza del Pilar 2 minutos da \u00c1rea &#8220;Casco Viejo&#8221; (\u00e1rea de festa) Junto ao Rio Ebro 3 minutos do Tubo (Zona de Tapas) A 3 [&hellip;]","og_url":"https:\/\/behostels.com\/pt-br\/zaragoza\/localizacao\/","og_site_name":"Be Hostels","article_modified_time":"2015-07-27T10:09:01+00:00","twitter_card":"summary_large_image","twitter_misc":{"Est. tempo de leitura":"1 minuto"},"schema":{"@context":"https:\/\/schema.org","@graph":[{"@type":"WebPage","@id":"https:\/\/behostels.com\/pt-br\/zaragoza\/localizacao\/","url":"https:\/\/behostels.com\/pt-br\/zaragoza\/localizacao\/","name":"Localiza\u00e7\u00e3o","isPartOf":{"@id":"https:\/\/behostels.com\/pt-br\/#website"},"datePublished":"2015-06-11T10:46:59+00:00","dateModified":"2015-07-27T10:09:01+00:00","breadcrumb":{"@id":"https:\/\/behostels.com\/pt-br\/zaragoza\/localizacao\/#breadcrumb"},"inLanguage":"pt-BR","potentialAction":[{"@type":"ReadAction","target":["https:\/\/behostels.com\/pt-br\/zaragoza\/localizacao\/"]}]},{"@type":"BreadcrumbList","@id":"https:\/\/behostels.com\/pt-br\/zaragoza\/localizacao\/#breadcrumb","itemListElement":[{"@type":"ListItem","position":1,"name":"Home","item":"https:\/\/behostels.com\/pt-br\/"},{"@type":"ListItem","position":2,"name":"Be Hostels Zaragoza, seu hostel perto da Plaza del Pilar","item":"https:\/\/behostels.com\/pt-br\/zaragoza\/"},{"@type":"ListItem","position":3,"name":"Be Hostel Zaragoza Localiza\u00e7\u00e3o"}]},{"@type":"WebSite","@id":"https:\/\/behostels.com\/pt-br\/#website","url":"https:\/\/behostels.com\/pt-br\/","name":"Be Hostels","description":"","publisher":{"@id":"https:\/\/behostels.com\/pt-br\/#organization"},"potentialAction":[{"@type":"SearchAction","target":{"@type":"EntryPoint","urlTemplate":"https:\/\/behostels.com\/pt-br\/?s={search_term_string}"},"query-input":"required name=search_term_string"}],"inLanguage":"pt-BR"},{"@type":"Organization","@id":"https:\/\/behostels.com\/pt-br\/#organization","name":"Be Hostels","url":"https:\/\/behostels.com\/pt-br\/","logo":{"@type":"ImageObject","inLanguage":"pt-BR","@id":"https:\/\/behostels.com\/pt-br\/#\/schema\/logo\/image\/","url":"https:\/\/behostels.com\/wp-content\/uploads\/2015\/06\/be_reservations_logo.jpg","contentUrl":"https:\/\/behostels.com\/wp-content\/uploads\/2015\/06\/be_reservations_logo.jpg","width":130,"height":130,"caption":"Be Hostels"},"image":{"@id":"https:\/\/behostels.com\/pt-br\/#\/schema\/logo\/image\/"}}]}},"_links":{"self":[{"href":"https:\/\/behostels.com\/pt-br\/wp-json\/wp\/v2\/pages\/343"}],"collection":[{"href":"https:\/\/behostels.com\/pt-br\/wp-json\/wp\/v2\/pages"}],"about":[{"href":"https:\/\/behostels.com\/pt-br\/wp-json\/wp\/v2\/types\/page"}],"author":[{"embeddable":true,"href":"https:\/\/behostels.com\/pt-br\/wp-json\/wp\/v2\/users\/1"}],"replies":[{"embeddable":true,"href":"https:\/\/behostels.com\/pt-br\/wp-json\/wp\/v2\/comments?post=343"}],"version-history":[{"count":0,"href":"https:\/\/behostels.com\/pt-br\/wp-json\/wp\/v2\/pages\/343\/revisions"}],"up":[{"embeddable":true,"href":"https:\/\/behostels.com\/pt-br\/wp-json\/wp\/v2\/pages\/330"}],"wp:attachment":[{"href":"https:\/\/behostels.com\/pt-br\/wp-json\/wp\/v2\/media?parent=343"}],"curies":[{"name":"wp","href":"https:\/\/api.w.org\/{rel}","templated":true}]}}