{"id":330,"date":"2015-06-10T14:43:53","date_gmt":"2015-06-10T14:43:53","guid":{"rendered":"https:\/\/behostels.com\/?page_id=330"},"modified":"2015-11-25T13:39:52","modified_gmt":"2015-11-25T13:39:52","slug":"zaragoza","status":"publish","type":"page","link":"https:\/\/behostels.com\/pt-br\/zaragoza\/","title":{"rendered":"Be Hostels Zaragoza, seu hostel perto da Plaza del Pilar"},"content":{"rendered":"<div class=\"uk-grid\">\r\n<div class=\"uk-width-large-1-2 uk-width-medium-1-2 uk-width-small-1-1\">\r\n<h2><strong>Zaragoza<\/strong> \u00e9 uma cidade importante entre Madri e Barcelona, com in\u00fameras atra\u00e7\u00f5es para saciar sua curiosidade em cultura, gastronomia, estilo de vida e hist\u00f3ria.<\/h2>\r\n\t<\/div>\r\n<div class=\"uk-width-large-1-2 uk-width-medium-1-2 uk-width-small-1-1\">\r\n\t<a href=\"https:\/\/behostels.com\/wp-content\/uploads\/2015\/11\/zaragozamap.jpg\"><img loading=\"lazy\" decoding=\"async\" width=\"460\" height=\"300\" src=\"https:\/\/behostels.com\/wp-content\/uploads\/2015\/11\/zaragozamap.jpg\" alt=\"zaragozamap\" class=\"alignnone size-full wp-image-3201\" srcset=\"https:\/\/behostels.com\/wp-content\/uploads\/2015\/11\/zaragozamap.jpg 460w, https:\/\/behostels.com\/wp-content\/uploads\/2015\/11\/zaragozamap-300x196.jpg 300w\" sizes=\"(max-width: 460px) 100vw, 460px\" \/><\/a>\r\n<\/div>\r\n<\/div>\r\n<p>No n\u00facleo hist\u00f3rico, <strong>perto da Plaza del Pilar<\/strong>, a situa\u00e7\u00e3o de <a href=\"http:\/\/www.behostels.com\/zaragoza\" title=\"Be Zaragoza Hostel\"><strong>Be Hostel Zaragoza<\/strong><\/a> \u00e9 ideal para fazer turismo pela cidade.<\/p>\r\n<p>Mas tem muito mais do que s\u00f3 a localiza\u00e7\u00e3o. No por\u00e3o, voc\u00ea poder\u00e1 desfrutar de pe\u00e7as de teatro, apresenta\u00e7\u00f5es, shows e muito mais de gra\u00e7a.\r\nO <strong>hostel<\/strong> foi estabelecido num <strong>pal\u00e1cio renascentista do sXV primorosamente decorado e renovado<\/strong> para o conforto dos h\u00f3spedes com todos os servi\u00e7os e equipe qualificada necess\u00e1rios.<\/p>\r\n\n\n<div id=\"wk-gridc80\" class=\"uk-grid-width-1-1 uk-grid-width-medium-1-3 uk-grid uk-grid-match uk-grid-medium uk-text-center \" data-uk-grid-match=\"{target:'> div > .uk-panel', row:true}\" data-uk-grid-margin  data-uk-scrollspy=\"{cls:'uk-animation-fade uk-invisible', target:'> div > .uk-panel', delay:300}\">\n\n\n    <div>\n        <div class=\"uk-panel uk-invisible\">\n\n            \n            \n                        <div class=\"uk-text-center uk-panel-teaser\"><div class=\"uk-overlay uk-overlay-hover uk-border-circle\"><img loading=\"lazy\" decoding=\"async\" src=\"\/wp-content\/uploads\/2015\/07\/discover-zaragoza.jpg\" class=\"uk-border-circle uk-overlay-scale\" alt=\"Descubra Zaragoza Cidade\" width=\"600\" height=\"600\"><div class=\"uk-overlay-panel uk-overlay-background uk-overlay-icon uk-overlay-fade\"><\/div><a class=\"uk-position-cover\" href=\"http:\/\/behostels.com\/pt-br\/zaragoza\/localizacao\/\" title=\"Descubra Zaragoza Cidade\"><\/a><\/div><\/div>\n            \n            \n            \n            \n            \n                        <div class=\"uk-margin\">Descubra Zaragoza Cidade<\/div>\n            \n            \n            \n            \n        <\/div>\n    <\/div>\n\n\n    <div>\n        <div class=\"uk-panel uk-invisible\">\n\n            \n            \n                        <div class=\"uk-text-center uk-panel-teaser\"><div class=\"uk-overlay uk-overlay-hover uk-border-circle\"><img loading=\"lazy\" decoding=\"async\" src=\"\/wp-content\/uploads\/2015\/07\/zaragoza-concerts.jpg\" class=\"uk-border-circle uk-overlay-scale\" alt=\"Participe do nosso concertos e eventos!\" width=\"600\" height=\"600\"><div class=\"uk-overlay-panel uk-overlay-background uk-overlay-icon uk-overlay-fade\"><\/div><a class=\"uk-position-cover\" href=\"http:\/\/behostels.com\/pt-br\/zaragoza\/instalacoes\/\" title=\"Participe do nosso concertos e eventos!\"><\/a><\/div><\/div>\n            \n            \n            \n            \n            \n                        <div class=\"uk-margin\">Participe do nosso concertos e eventos!<\/div>\n            \n            \n            \n            \n        <\/div>\n    <\/div>\n\n\n    <div>\n        <div class=\"uk-panel uk-invisible\">\n\n            \n            \n                        <div class=\"uk-text-center uk-panel-teaser\"><div class=\"uk-overlay uk-overlay-hover uk-border-circle\"><img loading=\"lazy\" decoding=\"async\" src=\"\/wp-content\/uploads\/2015\/07\/historic-building.jpg\" class=\"uk-border-circle uk-overlay-scale\" alt=\"Edif\u00edcio hist\u00f3rico de 1500\" width=\"600\" height=\"600\"><div class=\"uk-overlay-panel uk-overlay-background uk-overlay-icon uk-overlay-fade\"><\/div><a class=\"uk-position-cover\" href=\"http:\/\/behostels.com\/pt-br\/zaragoza\/localizacao\/\" title=\"Edif\u00edcio hist\u00f3rico de 1500\"><\/a><\/div><\/div>\n            \n            \n            \n            \n            \n                        <div class=\"uk-margin\">Edif\u00edcio hist\u00f3rico de 1500<\/div>\n            \n            \n            \n            \n        <\/div>\n    <\/div>\n\n\n<\/div>\n\n<script>\n(function($){\n\n    \/\/ get the images of the gallery and replace it by a canvas of the same size to fix the problem with overlapping images on load.\n    $('img[width][height]:not(.uk-overlay-panel)', $('#wk-gridc80')).each(function() {\n\n        var $img = $(this);\n\n        if (this.width == 'auto' || this.height == 'auto' || !$img.is(':visible')) {\n            return;\n        }\n\n        var $canvas = $('<canvas class=\"uk-responsive-width\"><\/canvas>').attr({width:$img.attr('width'), height:$img.attr('height')}),\n            img = new Image,\n            release = function() {\n                $canvas.remove();\n                $img.css('display', '');\n                release = function(){};\n            };\n\n        $img.css('display', 'none').after($canvas);\n\n        $(img).on('load', function(){ release(); });\n        setTimeout(function(){ release(); }, 1000);\n\n        img.src = this.src;\n\n    });\n\n})(jQuery);\n<\/script>\n\r\n<h3 class=\"fantasy\">O prazer de hospedar-se em <a href=\"http:\/\/www.behostels.com\/zaragoza\" title=\"Be Zaragoza Hostel\">Be Hostels Zaragoza<\/a> inclui:\r\n<\/h3>\r\n<div class=\"uk-grid\">\r\n<div class=\"uk-width-large-1-2 uk-width-medium-1-2 uk-width-small-1-1\">\r\n<ul>\r\n    <li>Cacifo com chave magn\u00e9tica gratuito<\/li>\r\n    <li>Edred\u00f3n gr\u00e1tis.<\/li>\r\n    <li>Acesso gratuito \u00e0 Internet<\/li>\r\n    <li>Wi-Fi gr\u00e1tis<\/li>\r\n    <li>Mapas gratuitos da cidade.<\/li>\r\n    <li>Sala de estar com TV e DVD.<\/li>\r\n    <li>Jogos de tabuleiro.<\/li>\r\n    <li>Aluguer de len\u00e7ois e toalhas<\/li>\r\n    <li>Servi\u00e7o de lavandaria.<\/li>\r\n<\/ul>\r\n<\/div>\r\n<div class=\"uk-width-large-1-2 uk-width-medium-1-2 uk-width-small-1-1\">\r\n<ul>\r\n   <li>Todos os tipos de m\u00e1quinas de comida e bebida.<\/li>\r\n   <li>Todos os tipos de actividades de aventura e lazer<\/li>\r\n   <li>Descontos nos teatros de Zaragoza<\/li>\r\n   <li>Concertos e encontros liter\u00e1rios<\/li>\r\n   <li>Exposi\u00e7\u00f5es<\/li>\r\n   <li>Jantares com teatro<\/li>\r\n   <li>Descontos em Festas DJ&#8217;s<\/li>\r\n   <li>Jam session<\/li>\r\n<\/ul>\r\n<\/div>\r\n<\/div>\r\n<div class=\"uk-margin-large-top uk-text-center\">Em <a href=\"https:\/\/behostels.com\/zaragoza\/\"><strong>Be Hostels Zaragoza<\/strong><\/a> envidamos todos nossos esfor\u00e7os para que voc\u00ea se sinta em casa e assim possa voltar ao hostel de Zaragoza.<\/strong><\/a>.<\/div>","protected":false},"excerpt":{"rendered":"<p>Zaragoza \u00e9 uma cidade importante entre Madri e Barcelona, com in\u00fameras atra\u00e7\u00f5es para saciar sua curiosidade em cultura, gastronomia, estilo de vida e hist\u00f3ria. No n\u00facleo hist\u00f3rico, perto da Plaza del Pilar, a situa\u00e7\u00e3o de Be Hostel Zaragoza \u00e9 ideal para fazer turismo pela cidade. Mas tem muito mais do que s\u00f3 a localiza\u00e7\u00e3o. No [&hellip;]<\/p>\n","protected":false},"author":1,"featured_media":0,"parent":0,"menu_order":0,"comment_status":"closed","ping_status":"open","template":"","meta":{"footnotes":""},"yoast_head":"<!-- This site is optimized with the Yoast SEO plugin v22.7 - https:\/\/yoast.com\/wordpress\/plugins\/seo\/ -->\n<title>Hospede-se em Be Hostel Zaragoza<\/title>\n<meta name=\"description\" content=\"Hospede-se em Be Hostels Zaragoza e vivenciar\u00e1 o \u201chostel\u201d de Zaragoza\" \/>\n<meta name=\"robots\" content=\"index, follow, max-snippet:-1, max-image-preview:large, max-video-preview:-1\" \/>\n<link rel=\"canonical\" href=\"https:\/\/behostels.com\/pt-br\/zaragoza\/\" \/>\n<meta property=\"og:locale\" content=\"pt_BR\" \/>\n<meta property=\"og:type\" content=\"article\" \/>\n<meta property=\"og:title\" content=\"Hospede-se em Be Hostel Zaragoza\" \/>\n<meta property=\"og:description\" content=\"Hospede-se em Be Hostels Zaragoza e vivenciar\u00e1 o \u201chostel\u201d de Zaragoza\" \/>\n<meta property=\"og:url\" content=\"https:\/\/behostels.com\/pt-br\/zaragoza\/\" \/>\n<meta property=\"og:site_name\" content=\"Be Hostels\" \/>\n<meta property=\"article:modified_time\" content=\"2015-11-25T13:39:52+00:00\" \/>\n<meta property=\"og:image\" content=\"https:\/\/behostels.com\/wp-content\/uploads\/2015\/11\/zaragozamap.jpg\" \/>\n<meta name=\"twitter:card\" content=\"summary_large_image\" \/>\n<meta name=\"twitter:label1\" content=\"Est. tempo de leitura\" \/>\n\t<meta name=\"twitter:data1\" content=\"1 minuto\" \/>\n<script type=\"application\/ld+json\" class=\"yoast-schema-graph\">{\"@context\":\"https:\/\/schema.org\",\"@graph\":[{\"@type\":\"WebPage\",\"@id\":\"https:\/\/behostels.com\/pt-br\/zaragoza\/\",\"url\":\"https:\/\/behostels.com\/pt-br\/zaragoza\/\",\"name\":\"Hospede-se em Be Hostel Zaragoza\",\"isPartOf\":{\"@id\":\"https:\/\/behostels.com\/pt-br\/#website\"},\"primaryImageOfPage\":{\"@id\":\"https:\/\/behostels.com\/pt-br\/zaragoza\/#primaryimage\"},\"image\":{\"@id\":\"https:\/\/behostels.com\/pt-br\/zaragoza\/#primaryimage\"},\"thumbnailUrl\":\"https:\/\/behostels.com\/wp-content\/uploads\/2015\/11\/zaragozamap.jpg\",\"datePublished\":\"2015-06-10T14:43:53+00:00\",\"dateModified\":\"2015-11-25T13:39:52+00:00\",\"description\":\"Hospede-se em Be Hostels Zaragoza e vivenciar\u00e1 o \u201chostel\u201d de Zaragoza\",\"breadcrumb\":{\"@id\":\"https:\/\/behostels.com\/pt-br\/zaragoza\/#breadcrumb\"},\"inLanguage\":\"pt-BR\",\"potentialAction\":[{\"@type\":\"ReadAction\",\"target\":[\"https:\/\/behostels.com\/pt-br\/zaragoza\/\"]}]},{\"@type\":\"ImageObject\",\"inLanguage\":\"pt-BR\",\"@id\":\"https:\/\/behostels.com\/pt-br\/zaragoza\/#primaryimage\",\"url\":\"https:\/\/behostels.com\/wp-content\/uploads\/2015\/11\/zaragozamap.jpg\",\"contentUrl\":\"https:\/\/behostels.com\/wp-content\/uploads\/2015\/11\/zaragozamap.jpg\"},{\"@type\":\"BreadcrumbList\",\"@id\":\"https:\/\/behostels.com\/pt-br\/zaragoza\/#breadcrumb\",\"itemListElement\":[{\"@type\":\"ListItem\",\"position\":1,\"name\":\"Home\",\"item\":\"https:\/\/behostels.com\/pt-br\/\"},{\"@type\":\"ListItem\",\"position\":2,\"name\":\"Be Hostels Zaragoza, seu hostel perto da Plaza del Pilar\"}]},{\"@type\":\"WebSite\",\"@id\":\"https:\/\/behostels.com\/pt-br\/#website\",\"url\":\"https:\/\/behostels.com\/pt-br\/\",\"name\":\"Be Hostels\",\"description\":\"\",\"publisher\":{\"@id\":\"https:\/\/behostels.com\/pt-br\/#organization\"},\"potentialAction\":[{\"@type\":\"SearchAction\",\"target\":{\"@type\":\"EntryPoint\",\"urlTemplate\":\"https:\/\/behostels.com\/pt-br\/?s={search_term_string}\"},\"query-input\":\"required name=search_term_string\"}],\"inLanguage\":\"pt-BR\"},{\"@type\":\"Organization\",\"@id\":\"https:\/\/behostels.com\/pt-br\/#organization\",\"name\":\"Be Hostels\",\"url\":\"https:\/\/behostels.com\/pt-br\/\",\"logo\":{\"@type\":\"ImageObject\",\"inLanguage\":\"pt-BR\",\"@id\":\"https:\/\/behostels.com\/pt-br\/#\/schema\/logo\/image\/\",\"url\":\"https:\/\/behostels.com\/wp-content\/uploads\/2015\/06\/be_reservations_logo.jpg\",\"contentUrl\":\"https:\/\/behostels.com\/wp-content\/uploads\/2015\/06\/be_reservations_logo.jpg\",\"width\":130,\"height\":130,\"caption\":\"Be Hostels\"},\"image\":{\"@id\":\"https:\/\/behostels.com\/pt-br\/#\/schema\/logo\/image\/\"}}]}<\/script>\n<!-- \/ Yoast SEO plugin. -->","yoast_head_json":{"title":"Hospede-se em Be Hostel Zaragoza","description":"Hospede-se em Be Hostels Zaragoza e vivenciar\u00e1 o \u201chostel\u201d de Zaragoza","robots":{"index":"index","follow":"follow","max-snippet":"max-snippet:-1","max-image-preview":"max-image-preview:large","max-video-preview":"max-video-preview:-1"},"canonical":"https:\/\/behostels.com\/pt-br\/zaragoza\/","og_locale":"pt_BR","og_type":"article","og_title":"Hospede-se em Be Hostel Zaragoza","og_description":"Hospede-se em Be Hostels Zaragoza e vivenciar\u00e1 o \u201chostel\u201d de Zaragoza","og_url":"https:\/\/behostels.com\/pt-br\/zaragoza\/","og_site_name":"Be Hostels","article_modified_time":"2015-11-25T13:39:52+00:00","og_image":[{"url":"https:\/\/behostels.com\/wp-content\/uploads\/2015\/11\/zaragozamap.jpg"}],"twitter_card":"summary_large_image","twitter_misc":{"Est. tempo de leitura":"1 minuto"},"schema":{"@context":"https:\/\/schema.org","@graph":[{"@type":"WebPage","@id":"https:\/\/behostels.com\/pt-br\/zaragoza\/","url":"https:\/\/behostels.com\/pt-br\/zaragoza\/","name":"Hospede-se em Be Hostel Zaragoza","isPartOf":{"@id":"https:\/\/behostels.com\/pt-br\/#website"},"primaryImageOfPage":{"@id":"https:\/\/behostels.com\/pt-br\/zaragoza\/#primaryimage"},"image":{"@id":"https:\/\/behostels.com\/pt-br\/zaragoza\/#primaryimage"},"thumbnailUrl":"https:\/\/behostels.com\/wp-content\/uploads\/2015\/11\/zaragozamap.jpg","datePublished":"2015-06-10T14:43:53+00:00","dateModified":"2015-11-25T13:39:52+00:00","description":"Hospede-se em Be Hostels Zaragoza e vivenciar\u00e1 o \u201chostel\u201d de Zaragoza","breadcrumb":{"@id":"https:\/\/behostels.com\/pt-br\/zaragoza\/#breadcrumb"},"inLanguage":"pt-BR","potentialAction":[{"@type":"ReadAction","target":["https:\/\/behostels.com\/pt-br\/zaragoza\/"]}]},{"@type":"ImageObject","inLanguage":"pt-BR","@id":"https:\/\/behostels.com\/pt-br\/zaragoza\/#primaryimage","url":"https:\/\/behostels.com\/wp-content\/uploads\/2015\/11\/zaragozamap.jpg","contentUrl":"https:\/\/behostels.com\/wp-content\/uploads\/2015\/11\/zaragozamap.jpg"},{"@type":"BreadcrumbList","@id":"https:\/\/behostels.com\/pt-br\/zaragoza\/#breadcrumb","itemListElement":[{"@type":"ListItem","position":1,"name":"Home","item":"https:\/\/behostels.com\/pt-br\/"},{"@type":"ListItem","position":2,"name":"Be Hostels Zaragoza, seu hostel perto da Plaza del Pilar"}]},{"@type":"WebSite","@id":"https:\/\/behostels.com\/pt-br\/#website","url":"https:\/\/behostels.com\/pt-br\/","name":"Be Hostels","description":"","publisher":{"@id":"https:\/\/behostels.com\/pt-br\/#organization"},"potentialAction":[{"@type":"SearchAction","target":{"@type":"EntryPoint","urlTemplate":"https:\/\/behostels.com\/pt-br\/?s={search_term_string}"},"query-input":"required name=search_term_string"}],"inLanguage":"pt-BR"},{"@type":"Organization","@id":"https:\/\/behostels.com\/pt-br\/#organization","name":"Be Hostels","url":"https:\/\/behostels.com\/pt-br\/","logo":{"@type":"ImageObject","inLanguage":"pt-BR","@id":"https:\/\/behostels.com\/pt-br\/#\/schema\/logo\/image\/","url":"https:\/\/behostels.com\/wp-content\/uploads\/2015\/06\/be_reservations_logo.jpg","contentUrl":"https:\/\/behostels.com\/wp-content\/uploads\/2015\/06\/be_reservations_logo.jpg","width":130,"height":130,"caption":"Be Hostels"},"image":{"@id":"https:\/\/behostels.com\/pt-br\/#\/schema\/logo\/image\/"}}]}},"_links":{"self":[{"href":"https:\/\/behostels.com\/pt-br\/wp-json\/wp\/v2\/pages\/330"}],"collection":[{"href":"https:\/\/behostels.com\/pt-br\/wp-json\/wp\/v2\/pages"}],"about":[{"href":"https:\/\/behostels.com\/pt-br\/wp-json\/wp\/v2\/types\/page"}],"author":[{"embeddable":true,"href":"https:\/\/behostels.com\/pt-br\/wp-json\/wp\/v2\/users\/1"}],"replies":[{"embeddable":true,"href":"https:\/\/behostels.com\/pt-br\/wp-json\/wp\/v2\/comments?post=330"}],"version-history":[{"count":0,"href":"https:\/\/behostels.com\/pt-br\/wp-json\/wp\/v2\/pages\/330\/revisions"}],"wp:attachment":[{"href":"https:\/\/behostels.com\/pt-br\/wp-json\/wp\/v2\/media?parent=330"}],"curies":[{"name":"wp","href":"https:\/\/api.w.org\/{rel}","templated":true}]}}