{"id":315,"date":"2015-06-10T14:26:58","date_gmt":"2015-06-10T14:26:58","guid":{"rendered":"https:\/\/behostels.com\/?page_id=315"},"modified":"2015-09-17T15:38:04","modified_gmt":"2015-09-17T15:38:04","slug":"instalacoes","status":"publish","type":"page","link":"https:\/\/behostels.com\/pt-br\/ramblas\/instalacoes\/","title":{"rendered":"Be Ramblas Hotel Instala\u00e7\u00f5es"},"content":{"rendered":"<h2 class=\"fantasy\">Todas as atividades perfeita e gratuito voc\u00ea pode encontrar no <a href=\"http:\/\/www.behostels.com\/ramblas\" class=\"invisible\">Be Ramblas Hotel<\/a> para desfrutar a sua estadia em Barcelona! Ao fazer o check-in disp\u00f5em de:<\/h2>\r\n<div class=\"uk-grid\">\r\n<div class=\"uk-width-large-1-2 uk-width-medium-1-2 uk-width-small-1-1\">\r\n<ul>\r\n    <li>Passeio Pedestre gratuito<\/li> \r\n    <li>Acesso gratuito \u00e0 Internet nos computadores <\/li> \r\n    <li>Wi-Fi Gratuita<\/li> \r\n    <li>Cacifos com chave electr\u00f3nica<\/li> \r\n    <li>Mapas de Barcelona gr\u00e1tis<\/li> \r\n    <li>Cozinha dispon\u00edvel<\/li>\r\n<\/ul>\r\n<\/div>\r\n<div class=\"uk-width-large-1-2 uk-width-medium-1-2 uk-width-small-1-1\">\r\n<ul>\r\n    <li>Recep\u00e7\u00e3o 24 horas<\/li>  \r\n    <li>Sala de conv\u00edvio bonita e confort\u00e1vel<\/li>   \r\n    <li>Ar condicionado e aquecimento<\/li>  \r\n    <li>Actividades dispon\u00edveis: Pub crawls, tapas e flamenco<\/li>  \r\n    <li>Recepcionistas Internacionais e prest\u00e1veis<\/li>   \r\n    <li>Cacifos para guardar bagagem<\/li>\r\n<\/ul>\r\n<\/div>\r\n<\/div>\r\n<br \/>\r\n<br \/>\r\n<iframe loading=\"lazy\" width=\"920\" height=\"600\" frameborder=\"0\" scrolling=\"no\" marginheight=\"0\" marginwidth=\"0\" src=\"https:\/\/www.google.es\/maps?layer=c&amp;sll=41.37755000000001,2.172612&amp;cid=-3426556670947118056&amp;panoid=bvfH1JYdJHcAAAAGOixlwg&amp;cbp=13,324.81,,0,0&amp;q=be+ramblas&amp;ie=UTF8&amp;hq=be+ramblas&amp;hnear=&amp;t=m&amp;cbll=41.377549,2.172486&amp;source=embed&amp;ll=41.373532,2.173769&amp;spn=0.009661,0.019741&amp;z=16&amp;output=svembed\"><\/iframe><br \/>","protected":false},"excerpt":{"rendered":"<p>Todas as atividades perfeita e gratuito voc\u00ea pode encontrar no Be Ramblas Hotel para desfrutar a sua estadia em Barcelona! Ao fazer o check-in disp\u00f5em de: Passeio Pedestre gratuito Acesso gratuito \u00e0 Internet nos computadores Wi-Fi Gratuita Cacifos com chave electr\u00f3nica Mapas de Barcelona gr\u00e1tis Cozinha dispon\u00edvel Recep\u00e7\u00e3o 24 horas Sala de conv\u00edvio bonita e [&hellip;]<\/p>\n","protected":false},"author":1,"featured_media":0,"parent":270,"menu_order":0,"comment_status":"closed","ping_status":"closed","template":"","meta":{"footnotes":""},"yoast_head":"<!-- This site is optimized with the Yoast SEO plugin v22.7 - https:\/\/yoast.com\/wordpress\/plugins\/seo\/ -->\n<title>Instala\u00e7\u00f5es Be Ramblas Hotel<\/title>\n<meta name=\"description\" content=\"Voc\u00ea pode encontrar tudo que precisa em Be Ramblas Hotel em Barcelona!\" \/>\n<meta name=\"robots\" content=\"index, follow, max-snippet:-1, max-image-preview:large, max-video-preview:-1\" \/>\n<link rel=\"canonical\" href=\"https:\/\/behostels.com\/pt-br\/ramblas\/instalacoes\/\" \/>\n<meta property=\"og:locale\" content=\"pt_BR\" \/>\n<meta property=\"og:type\" content=\"article\" \/>\n<meta property=\"og:title\" content=\"Instala\u00e7\u00f5es Be Ramblas Hotel\" \/>\n<meta property=\"og:description\" content=\"Voc\u00ea pode encontrar tudo que precisa em Be Ramblas Hotel em Barcelona!\" \/>\n<meta property=\"og:url\" content=\"https:\/\/behostels.com\/pt-br\/ramblas\/instalacoes\/\" \/>\n<meta property=\"og:site_name\" content=\"Be Hostels\" \/>\n<meta property=\"article:modified_time\" content=\"2015-09-17T15:38:04+00:00\" \/>\n<meta name=\"twitter:card\" content=\"summary_large_image\" \/>\n<script type=\"application\/ld+json\" class=\"yoast-schema-graph\">{\"@context\":\"https:\/\/schema.org\",\"@graph\":[{\"@type\":\"WebPage\",\"@id\":\"https:\/\/behostels.com\/pt-br\/ramblas\/instalacoes\/\",\"url\":\"https:\/\/behostels.com\/pt-br\/ramblas\/instalacoes\/\",\"name\":\"Instala\u00e7\u00f5es Be Ramblas Hotel\",\"isPartOf\":{\"@id\":\"https:\/\/behostels.com\/pt-br\/#website\"},\"datePublished\":\"2015-06-10T14:26:58+00:00\",\"dateModified\":\"2015-09-17T15:38:04+00:00\",\"description\":\"Voc\u00ea pode encontrar tudo que precisa em Be Ramblas Hotel em Barcelona!\",\"breadcrumb\":{\"@id\":\"https:\/\/behostels.com\/pt-br\/ramblas\/instalacoes\/#breadcrumb\"},\"inLanguage\":\"pt-BR\",\"potentialAction\":[{\"@type\":\"ReadAction\",\"target\":[\"https:\/\/behostels.com\/pt-br\/ramblas\/instalacoes\/\"]}]},{\"@type\":\"BreadcrumbList\",\"@id\":\"https:\/\/behostels.com\/pt-br\/ramblas\/instalacoes\/#breadcrumb\",\"itemListElement\":[{\"@type\":\"ListItem\",\"position\":1,\"name\":\"Home\",\"item\":\"https:\/\/behostels.com\/pt-br\/\"},{\"@type\":\"ListItem\",\"position\":2,\"name\":\"Hotel econ\u00f4mico bem no centro de Barcelona: Be Ramblas Hotel Barcelona\",\"item\":\"https:\/\/behostels.com\/pt-br\/ramblas\/\"},{\"@type\":\"ListItem\",\"position\":3,\"name\":\"Be Ramblas Hotel Instala\u00e7\u00f5es\"}]},{\"@type\":\"WebSite\",\"@id\":\"https:\/\/behostels.com\/pt-br\/#website\",\"url\":\"https:\/\/behostels.com\/pt-br\/\",\"name\":\"Be Hostels\",\"description\":\"\",\"publisher\":{\"@id\":\"https:\/\/behostels.com\/pt-br\/#organization\"},\"potentialAction\":[{\"@type\":\"SearchAction\",\"target\":{\"@type\":\"EntryPoint\",\"urlTemplate\":\"https:\/\/behostels.com\/pt-br\/?s={search_term_string}\"},\"query-input\":\"required name=search_term_string\"}],\"inLanguage\":\"pt-BR\"},{\"@type\":\"Organization\",\"@id\":\"https:\/\/behostels.com\/pt-br\/#organization\",\"name\":\"Be Hostels\",\"url\":\"https:\/\/behostels.com\/pt-br\/\",\"logo\":{\"@type\":\"ImageObject\",\"inLanguage\":\"pt-BR\",\"@id\":\"https:\/\/behostels.com\/pt-br\/#\/schema\/logo\/image\/\",\"url\":\"https:\/\/behostels.com\/wp-content\/uploads\/2015\/06\/be_reservations_logo.jpg\",\"contentUrl\":\"https:\/\/behostels.com\/wp-content\/uploads\/2015\/06\/be_reservations_logo.jpg\",\"width\":130,\"height\":130,\"caption\":\"Be Hostels\"},\"image\":{\"@id\":\"https:\/\/behostels.com\/pt-br\/#\/schema\/logo\/image\/\"}}]}<\/script>\n<!-- \/ Yoast SEO plugin. -->","yoast_head_json":{"title":"Instala\u00e7\u00f5es Be Ramblas Hotel","description":"Voc\u00ea pode encontrar tudo que precisa em Be Ramblas Hotel em Barcelona!","robots":{"index":"index","follow":"follow","max-snippet":"max-snippet:-1","max-image-preview":"max-image-preview:large","max-video-preview":"max-video-preview:-1"},"canonical":"https:\/\/behostels.com\/pt-br\/ramblas\/instalacoes\/","og_locale":"pt_BR","og_type":"article","og_title":"Instala\u00e7\u00f5es Be Ramblas Hotel","og_description":"Voc\u00ea pode encontrar tudo que precisa em Be Ramblas Hotel em Barcelona!","og_url":"https:\/\/behostels.com\/pt-br\/ramblas\/instalacoes\/","og_site_name":"Be Hostels","article_modified_time":"2015-09-17T15:38:04+00:00","twitter_card":"summary_large_image","schema":{"@context":"https:\/\/schema.org","@graph":[{"@type":"WebPage","@id":"https:\/\/behostels.com\/pt-br\/ramblas\/instalacoes\/","url":"https:\/\/behostels.com\/pt-br\/ramblas\/instalacoes\/","name":"Instala\u00e7\u00f5es Be Ramblas Hotel","isPartOf":{"@id":"https:\/\/behostels.com\/pt-br\/#website"},"datePublished":"2015-06-10T14:26:58+00:00","dateModified":"2015-09-17T15:38:04+00:00","description":"Voc\u00ea pode encontrar tudo que precisa em Be Ramblas Hotel em Barcelona!","breadcrumb":{"@id":"https:\/\/behostels.com\/pt-br\/ramblas\/instalacoes\/#breadcrumb"},"inLanguage":"pt-BR","potentialAction":[{"@type":"ReadAction","target":["https:\/\/behostels.com\/pt-br\/ramblas\/instalacoes\/"]}]},{"@type":"BreadcrumbList","@id":"https:\/\/behostels.com\/pt-br\/ramblas\/instalacoes\/#breadcrumb","itemListElement":[{"@type":"ListItem","position":1,"name":"Home","item":"https:\/\/behostels.com\/pt-br\/"},{"@type":"ListItem","position":2,"name":"Hotel econ\u00f4mico bem no centro de Barcelona: Be Ramblas Hotel Barcelona","item":"https:\/\/behostels.com\/pt-br\/ramblas\/"},{"@type":"ListItem","position":3,"name":"Be Ramblas Hotel Instala\u00e7\u00f5es"}]},{"@type":"WebSite","@id":"https:\/\/behostels.com\/pt-br\/#website","url":"https:\/\/behostels.com\/pt-br\/","name":"Be Hostels","description":"","publisher":{"@id":"https:\/\/behostels.com\/pt-br\/#organization"},"potentialAction":[{"@type":"SearchAction","target":{"@type":"EntryPoint","urlTemplate":"https:\/\/behostels.com\/pt-br\/?s={search_term_string}"},"query-input":"required name=search_term_string"}],"inLanguage":"pt-BR"},{"@type":"Organization","@id":"https:\/\/behostels.com\/pt-br\/#organization","name":"Be Hostels","url":"https:\/\/behostels.com\/pt-br\/","logo":{"@type":"ImageObject","inLanguage":"pt-BR","@id":"https:\/\/behostels.com\/pt-br\/#\/schema\/logo\/image\/","url":"https:\/\/behostels.com\/wp-content\/uploads\/2015\/06\/be_reservations_logo.jpg","contentUrl":"https:\/\/behostels.com\/wp-content\/uploads\/2015\/06\/be_reservations_logo.jpg","width":130,"height":130,"caption":"Be Hostels"},"image":{"@id":"https:\/\/behostels.com\/pt-br\/#\/schema\/logo\/image\/"}}]}},"_links":{"self":[{"href":"https:\/\/behostels.com\/pt-br\/wp-json\/wp\/v2\/pages\/315"}],"collection":[{"href":"https:\/\/behostels.com\/pt-br\/wp-json\/wp\/v2\/pages"}],"about":[{"href":"https:\/\/behostels.com\/pt-br\/wp-json\/wp\/v2\/types\/page"}],"author":[{"embeddable":true,"href":"https:\/\/behostels.com\/pt-br\/wp-json\/wp\/v2\/users\/1"}],"replies":[{"embeddable":true,"href":"https:\/\/behostels.com\/pt-br\/wp-json\/wp\/v2\/comments?post=315"}],"version-history":[{"count":0,"href":"https:\/\/behostels.com\/pt-br\/wp-json\/wp\/v2\/pages\/315\/revisions"}],"up":[{"embeddable":true,"href":"https:\/\/behostels.com\/pt-br\/wp-json\/wp\/v2\/pages\/270"}],"wp:attachment":[{"href":"https:\/\/behostels.com\/pt-br\/wp-json\/wp\/v2\/media?parent=315"}],"curies":[{"name":"wp","href":"https:\/\/api.w.org\/{rel}","templated":true}]}}