{"id":270,"date":"2015-06-10T13:29:54","date_gmt":"2015-06-10T13:29:54","guid":{"rendered":"https:\/\/behostels.com\/?page_id=270"},"modified":"2016-05-04T10:45:52","modified_gmt":"2016-05-04T10:45:52","slug":"ramblas","status":"publish","type":"page","link":"https:\/\/behostels.com\/pt-br\/ramblas\/","title":{"rendered":"Hotel econ\u00f4mico bem no centro de Barcelona: Be Ramblas Hotel Barcelona"},"content":{"rendered":"<h2><strong>Seja bem-vindo ao primeiro dos hot\u00e9is da fam\u00edlia Be Hostels, o Be Ramblas Hotel Barcelona, sua melhor op\u00e7\u00e3o bem no centro de Barcelona. <\/strong><\/h2>\r\n\n\n<div id=\"wk-grid900\" class=\"uk-grid-width-1-1 uk-grid-width-medium-1-3 uk-grid uk-grid-match uk-grid-medium uk-text-center \" data-uk-grid-match=\"{target:'> div > .uk-panel', row:true}\" data-uk-grid-margin  data-uk-scrollspy=\"{cls:'uk-animation-fade uk-invisible', target:'> div > .uk-panel', delay:300}\">\n\n\n    <div>\n        <div class=\"uk-panel uk-invisible\">\n\n            \n            \n                        <div class=\"uk-text-center uk-panel-teaser\"><div class=\"uk-overlay uk-overlay-hover uk-border-circle\"><img loading=\"lazy\" decoding=\"async\" src=\"\/wp-content\/uploads\/2015\/07\/be-ramblas-hostel-best-location.jpg\" class=\"uk-border-circle uk-overlay-scale\" alt=\"Melhor localiza\u00e7\u00e3o\" width=\"600\" height=\"600\"><div class=\"uk-overlay-panel uk-overlay-background uk-overlay-icon uk-overlay-fade\"><\/div><a class=\"uk-position-cover\" href=\"http:\/\/behostels.com\/pt-br\/ramblas\/localizacao\/\" title=\"Melhor localiza\u00e7\u00e3o\"><\/a><\/div><\/div>\n            \n            \n            \n            \n            \n                        <div class=\"uk-margin\">melhor localiza\u00e7\u00e3o<\/div>\n            \n            \n            \n            \n        <\/div>\n    <\/div>\n\n\n    <div>\n        <div class=\"uk-panel uk-invisible\">\n\n            \n            \n                        <div class=\"uk-text-center uk-panel-teaser\"><div class=\"uk-overlay uk-overlay-hover uk-border-circle\"><img loading=\"lazy\" decoding=\"async\" src=\"\/wp-content\/uploads\/2015\/07\/be-ramblas-hostel-best-location-kitchen.jpg\" class=\"uk-border-circle uk-overlay-scale\" alt=\"Cozinha dispon\u00edvel\" width=\"600\" height=\"600\"><div class=\"uk-overlay-panel uk-overlay-background uk-overlay-icon uk-overlay-fade\"><\/div><a class=\"uk-position-cover\" href=\"http:\/\/behostels.com\/pt-br\/ramblas\/instalacoes\/\" title=\"Cozinha dispon\u00edvel\"><\/a><\/div><\/div>\n            \n            \n            \n            \n            \n                        <div class=\"uk-margin\">Cozinha dispon\u00edvel<\/div>\n            \n            \n            \n            \n        <\/div>\n    <\/div>\n\n\n    <div>\n        <div class=\"uk-panel uk-invisible\">\n\n            \n            \n                        <div class=\"uk-text-center uk-panel-teaser\"><div class=\"uk-overlay uk-overlay-hover uk-border-circle\"><img loading=\"lazy\" decoding=\"async\" src=\"\/wp-content\/uploads\/2015\/07\/be-ramblas-hostel-best-location-single-double-room.jpg\" class=\"uk-border-circle uk-overlay-scale\" alt=\"Single, Double e salas privadas.\" width=\"600\" height=\"600\"><div class=\"uk-overlay-panel uk-overlay-background uk-overlay-icon uk-overlay-fade\"><\/div><a class=\"uk-position-cover\" href=\"http:\/\/behostels.com\/pt-br\/ramblas\/quartos\/\" title=\"Single, Double e salas privadas.\"><\/a><\/div><\/div>\n            \n            \n            \n            \n            \n                        <div class=\"uk-margin\">Single, Double e salas privadas.<\/div>\n            \n            \n            \n            \n        <\/div>\n    <\/div>\n\n\n<\/div>\n\n<script>\n(function($){\n\n    \/\/ get the images of the gallery and replace it by a canvas of the same size to fix the problem with overlapping images on load.\n    $('img[width][height]:not(.uk-overlay-panel)', $('#wk-grid900')).each(function() {\n\n        var $img = $(this);\n\n        if (this.width == 'auto' || this.height == 'auto' || !$img.is(':visible')) {\n            return;\n        }\n\n        var $canvas = $('<canvas class=\"uk-responsive-width\"><\/canvas>').attr({width:$img.attr('width'), height:$img.attr('height')}),\n            img = new Image,\n            release = function() {\n                $canvas.remove();\n                $img.css('display', '');\n                release = function(){};\n            };\n\n        $img.css('display', 'none').after($canvas);\n\n        $(img).on('load', function(){ release(); });\n        setTimeout(function(){ release(); }, 1000);\n\n        img.src = this.src;\n\n    });\n\n})(jQuery);\n<\/script>\n\r\n\r\nDesfrute de uma estada tranquila e agrad\u00e1vel num lugar adaptado para todo tipo de viajantes, com uma grande v<strong>ariedade de op\u00e7\u00f5es e servi\u00e7os de quarto<\/strong> para satisfazer suas necessidades.\r\n\r\nAproveite uma localiza\u00e7\u00e3o conveniente perto de <strong>Liceu<\/strong> e <strong>Ramblas<\/strong>, bem como a pr\u00f3xima <strong>Plaza Real<\/strong>, com todas as regalias que tem para oferecer. E, se voc\u00ea quiser, ainda poder\u00e1 nos acompanhar num <strong>tour a p\u00e9 gratuito para se familiarizar com o centro da cidade<\/strong>.\r\n\r\nAdmire-se com todos os servi\u00e7os ao seu dispor durante sua perman\u00eancia, como <strong>cozinha<\/strong> para os h\u00f3spedes, <strong>conex\u00e3o Wi-Fi nos quartos<\/strong> e todo tipo de <strong>tours e atividades<\/strong>.\r\n\r\nDesfrute de Barcelona conosco em <a title=\"Be Ramblas Hotel\" href=\"http:\/\/www.behostels.com\/ramblas\"><strong> Be Ramblas Hotel<\/strong><\/a> <strong>Barcelona<\/strong>, nosso hotel econ\u00f4mico no centro de Barcelona.\r\n<h3 class=\"fantasy\"><a class=\"invisible\" href=\"http:\/\/www.behostels.com\/ramblas\">Be Ramblas Hotel<\/a> est\u00e1 localizado:<\/h3>\r\n<ul class=\"rooms\">\r\n \t<li>a 1 minuto de La Rambla<\/li>\r\n \t<li>a 1 minuto do Palau G\u00fcell (edif\u00edcio de Gaudi)<\/li>\r\n \t<li>a 5 minutos da esta\u00e7\u00e3o de metr\u00f4 Liceu<\/li>\r\n \t<li>a 5 minutos do Porto<\/li>\r\n \t<li>a 5 minutos de La Boquer\u00eda (mercado principal)<\/li>\r\n \t<li>a 5 minutos do Teatro El Liceu<\/li>\r\n \t<li>a 3 minutos de Plaza Real<\/li>\r\n \t<li>a 15 minutos da Plaza Catalunya<\/li>\r\n \t<li>a 10 minutos do MACBA (Museu de Arte Contempor\u00e2nea de Barcelona)<\/li>\r\n \t<li>Dentro do distrito hist\u00f3rico de Barcelona<\/li>\r\n \t<li>Dentro do setor cultural e de compras<\/li>\r\n<\/ul>\r\n<h2 class=\"fantasy\">Todas as atividades perfeita e gratuito voc\u00ea pode encontrar no <a class=\"invisible\" href=\"http:\/\/www.behostels.com\/ramblas\">Be Ramblas Hotel<\/a> para desfrutar a sua estadia em Barcelona! Ao fazer o check-in disp\u00f5em de:<\/h2>\r\n<div class=\"uk-grid\">\r\n<div class=\"uk-width-large-1-2 uk-width-medium-1-2 uk-width-small-1-1\">\r\n<ul>\r\n \t<li>Passeio Pedestre gratuito<\/li>\r\n \t<li>Acesso gratuito \u00e0 Internet nos computadores<\/li>\r\n \t<li>Wi-Fi Gratuita<\/li>\r\n \t<li>Cacifos com chave electr\u00f3nica<\/li>\r\n \t<li>Mapas de Barcelona gr\u00e1tis<\/li>\r\n \t<li>Cozinha dispon\u00edvel<\/li>\r\n<\/ul>\r\n<\/div>\r\n<div class=\"uk-width-large-1-2 uk-width-medium-1-2 uk-width-small-1-1\">\r\n<ul>\r\n \t<li>Recep\u00e7\u00e3o 24 horas<\/li>\r\n \t<li>Sala de conv\u00edvio bonita e confort\u00e1vel<\/li>\r\n \t<li>Ar condicionado e aquecimento<\/li>\r\n \t<li>Actividades dispon\u00edveis: Pub crawls, tapas e flamenco<\/li>\r\n \t<li>Recepcionistas Internacionais e prest\u00e1veis<\/li>\r\n \t<li>Cacifos para guardar bagagem<\/li>\r\n<\/ul>\r\n<\/div>\r\n<\/div>","protected":false},"excerpt":{"rendered":"<p>Seja bem-vindo ao primeiro dos hot\u00e9is da fam\u00edlia Be Hostels, o Be Ramblas Hotel Barcelona, sua melhor op\u00e7\u00e3o bem no centro de Barcelona. Desfrute de uma estada tranquila e agrad\u00e1vel num lugar adaptado para todo tipo de viajantes, com uma grande variedade de op\u00e7\u00f5es e servi\u00e7os de quarto para satisfazer suas necessidades. Aproveite uma localiza\u00e7\u00e3o [&hellip;]<\/p>\n","protected":false},"author":1,"featured_media":0,"parent":0,"menu_order":0,"comment_status":"closed","ping_status":"closed","template":"","meta":{"footnotes":""},"yoast_head":"<!-- This site is optimized with the Yoast SEO plugin v22.7 - https:\/\/yoast.com\/wordpress\/plugins\/seo\/ -->\n<title>Be Ramblas Hotel Barcelona \u00e9 um hotel econ\u00f4mico numa situa\u00e7\u00e3o central<\/title>\n<meta name=\"description\" content=\"Be Ramblas Hotel Barcelona \u00e9 a sua melhor op\u00e7\u00e3o junto a Las Ramblas\" \/>\n<meta name=\"robots\" content=\"index, follow, max-snippet:-1, max-image-preview:large, max-video-preview:-1\" \/>\n<link rel=\"canonical\" href=\"https:\/\/behostels.com\/pt-br\/ramblas\/\" \/>\n<meta property=\"og:locale\" content=\"pt_BR\" \/>\n<meta property=\"og:type\" content=\"article\" \/>\n<meta property=\"og:title\" content=\"Be Ramblas Hotel Barcelona \u00e9 um hotel econ\u00f4mico numa situa\u00e7\u00e3o central\" \/>\n<meta property=\"og:description\" content=\"Be Ramblas Hotel Barcelona \u00e9 a sua melhor op\u00e7\u00e3o junto a Las Ramblas\" \/>\n<meta property=\"og:url\" content=\"https:\/\/behostels.com\/pt-br\/ramblas\/\" \/>\n<meta property=\"og:site_name\" content=\"Be Hostels\" \/>\n<meta property=\"article:modified_time\" content=\"2016-05-04T10:45:52+00:00\" \/>\n<meta name=\"twitter:card\" content=\"summary_large_image\" \/>\n<meta name=\"twitter:label1\" content=\"Est. tempo de leitura\" \/>\n\t<meta name=\"twitter:data1\" content=\"2 minutos\" \/>\n<script type=\"application\/ld+json\" class=\"yoast-schema-graph\">{\"@context\":\"https:\/\/schema.org\",\"@graph\":[{\"@type\":\"WebPage\",\"@id\":\"https:\/\/behostels.com\/pt-br\/ramblas\/\",\"url\":\"https:\/\/behostels.com\/pt-br\/ramblas\/\",\"name\":\"Be Ramblas Hotel Barcelona \u00e9 um hotel econ\u00f4mico numa situa\u00e7\u00e3o central\",\"isPartOf\":{\"@id\":\"https:\/\/behostels.com\/pt-br\/#website\"},\"datePublished\":\"2015-06-10T13:29:54+00:00\",\"dateModified\":\"2016-05-04T10:45:52+00:00\",\"description\":\"Be Ramblas Hotel Barcelona \u00e9 a sua melhor op\u00e7\u00e3o junto a Las Ramblas\",\"breadcrumb\":{\"@id\":\"https:\/\/behostels.com\/pt-br\/ramblas\/#breadcrumb\"},\"inLanguage\":\"pt-BR\",\"potentialAction\":[{\"@type\":\"ReadAction\",\"target\":[\"https:\/\/behostels.com\/pt-br\/ramblas\/\"]}]},{\"@type\":\"BreadcrumbList\",\"@id\":\"https:\/\/behostels.com\/pt-br\/ramblas\/#breadcrumb\",\"itemListElement\":[{\"@type\":\"ListItem\",\"position\":1,\"name\":\"Home\",\"item\":\"https:\/\/behostels.com\/pt-br\/\"},{\"@type\":\"ListItem\",\"position\":2,\"name\":\"Hotel econ\u00f4mico bem no centro de Barcelona: Be Ramblas Hotel Barcelona\"}]},{\"@type\":\"WebSite\",\"@id\":\"https:\/\/behostels.com\/pt-br\/#website\",\"url\":\"https:\/\/behostels.com\/pt-br\/\",\"name\":\"Be Hostels\",\"description\":\"\",\"publisher\":{\"@id\":\"https:\/\/behostels.com\/pt-br\/#organization\"},\"potentialAction\":[{\"@type\":\"SearchAction\",\"target\":{\"@type\":\"EntryPoint\",\"urlTemplate\":\"https:\/\/behostels.com\/pt-br\/?s={search_term_string}\"},\"query-input\":\"required name=search_term_string\"}],\"inLanguage\":\"pt-BR\"},{\"@type\":\"Organization\",\"@id\":\"https:\/\/behostels.com\/pt-br\/#organization\",\"name\":\"Be Hostels\",\"url\":\"https:\/\/behostels.com\/pt-br\/\",\"logo\":{\"@type\":\"ImageObject\",\"inLanguage\":\"pt-BR\",\"@id\":\"https:\/\/behostels.com\/pt-br\/#\/schema\/logo\/image\/\",\"url\":\"https:\/\/behostels.com\/wp-content\/uploads\/2015\/06\/be_reservations_logo.jpg\",\"contentUrl\":\"https:\/\/behostels.com\/wp-content\/uploads\/2015\/06\/be_reservations_logo.jpg\",\"width\":130,\"height\":130,\"caption\":\"Be Hostels\"},\"image\":{\"@id\":\"https:\/\/behostels.com\/pt-br\/#\/schema\/logo\/image\/\"}}]}<\/script>\n<!-- \/ Yoast SEO plugin. -->","yoast_head_json":{"title":"Be Ramblas Hotel Barcelona \u00e9 um hotel econ\u00f4mico numa situa\u00e7\u00e3o central","description":"Be Ramblas Hotel Barcelona \u00e9 a sua melhor op\u00e7\u00e3o junto a Las Ramblas","robots":{"index":"index","follow":"follow","max-snippet":"max-snippet:-1","max-image-preview":"max-image-preview:large","max-video-preview":"max-video-preview:-1"},"canonical":"https:\/\/behostels.com\/pt-br\/ramblas\/","og_locale":"pt_BR","og_type":"article","og_title":"Be Ramblas Hotel Barcelona \u00e9 um hotel econ\u00f4mico numa situa\u00e7\u00e3o central","og_description":"Be Ramblas Hotel Barcelona \u00e9 a sua melhor op\u00e7\u00e3o junto a Las Ramblas","og_url":"https:\/\/behostels.com\/pt-br\/ramblas\/","og_site_name":"Be Hostels","article_modified_time":"2016-05-04T10:45:52+00:00","twitter_card":"summary_large_image","twitter_misc":{"Est. tempo de leitura":"2 minutos"},"schema":{"@context":"https:\/\/schema.org","@graph":[{"@type":"WebPage","@id":"https:\/\/behostels.com\/pt-br\/ramblas\/","url":"https:\/\/behostels.com\/pt-br\/ramblas\/","name":"Be Ramblas Hotel Barcelona \u00e9 um hotel econ\u00f4mico numa situa\u00e7\u00e3o central","isPartOf":{"@id":"https:\/\/behostels.com\/pt-br\/#website"},"datePublished":"2015-06-10T13:29:54+00:00","dateModified":"2016-05-04T10:45:52+00:00","description":"Be Ramblas Hotel Barcelona \u00e9 a sua melhor op\u00e7\u00e3o junto a Las Ramblas","breadcrumb":{"@id":"https:\/\/behostels.com\/pt-br\/ramblas\/#breadcrumb"},"inLanguage":"pt-BR","potentialAction":[{"@type":"ReadAction","target":["https:\/\/behostels.com\/pt-br\/ramblas\/"]}]},{"@type":"BreadcrumbList","@id":"https:\/\/behostels.com\/pt-br\/ramblas\/#breadcrumb","itemListElement":[{"@type":"ListItem","position":1,"name":"Home","item":"https:\/\/behostels.com\/pt-br\/"},{"@type":"ListItem","position":2,"name":"Hotel econ\u00f4mico bem no centro de Barcelona: Be Ramblas Hotel Barcelona"}]},{"@type":"WebSite","@id":"https:\/\/behostels.com\/pt-br\/#website","url":"https:\/\/behostels.com\/pt-br\/","name":"Be Hostels","description":"","publisher":{"@id":"https:\/\/behostels.com\/pt-br\/#organization"},"potentialAction":[{"@type":"SearchAction","target":{"@type":"EntryPoint","urlTemplate":"https:\/\/behostels.com\/pt-br\/?s={search_term_string}"},"query-input":"required name=search_term_string"}],"inLanguage":"pt-BR"},{"@type":"Organization","@id":"https:\/\/behostels.com\/pt-br\/#organization","name":"Be Hostels","url":"https:\/\/behostels.com\/pt-br\/","logo":{"@type":"ImageObject","inLanguage":"pt-BR","@id":"https:\/\/behostels.com\/pt-br\/#\/schema\/logo\/image\/","url":"https:\/\/behostels.com\/wp-content\/uploads\/2015\/06\/be_reservations_logo.jpg","contentUrl":"https:\/\/behostels.com\/wp-content\/uploads\/2015\/06\/be_reservations_logo.jpg","width":130,"height":130,"caption":"Be Hostels"},"image":{"@id":"https:\/\/behostels.com\/pt-br\/#\/schema\/logo\/image\/"}}]}},"_links":{"self":[{"href":"https:\/\/behostels.com\/pt-br\/wp-json\/wp\/v2\/pages\/270"}],"collection":[{"href":"https:\/\/behostels.com\/pt-br\/wp-json\/wp\/v2\/pages"}],"about":[{"href":"https:\/\/behostels.com\/pt-br\/wp-json\/wp\/v2\/types\/page"}],"author":[{"embeddable":true,"href":"https:\/\/behostels.com\/pt-br\/wp-json\/wp\/v2\/users\/1"}],"replies":[{"embeddable":true,"href":"https:\/\/behostels.com\/pt-br\/wp-json\/wp\/v2\/comments?post=270"}],"version-history":[{"count":0,"href":"https:\/\/behostels.com\/pt-br\/wp-json\/wp\/v2\/pages\/270\/revisions"}],"wp:attachment":[{"href":"https:\/\/behostels.com\/pt-br\/wp-json\/wp\/v2\/media?parent=270"}],"curies":[{"name":"wp","href":"https:\/\/api.w.org\/{rel}","templated":true}]}}