{"id":253,"date":"2015-06-10T13:02:42","date_gmt":"2015-06-10T13:02:42","guid":{"rendered":"https:\/\/behostels.com\/?page_id=253"},"modified":"2015-07-07T13:59:38","modified_gmt":"2015-07-07T13:59:38","slug":"instalacoes","status":"publish","type":"page","link":"https:\/\/behostels.com\/pt-br\/dream\/instalacoes\/","title":{"rendered":"Be Dream Hostel Instala\u00e7\u00f5es"},"content":{"rendered":"<h2 class=\"fantasy\">Ao fazer o check-in no <a class=\"invisible\" href=\"http:\/\/www.behostels.com\/dream\">Be Dream Hostel<\/a> disp\u00f5em de:<\/h2>\r\n<div class=\"uk-grid\">\r\n<div class=\"uk-width-large-1-2 uk-width-medium-1-2 uk-width-small-1-1\">\r\n<ul>\r\n\t<li>Passeio Pedestre gratuito<\/li>\r\n\t<li>Acesso gratuito \u00e0 Internet nos computadores<\/li>\r\n\t<li>Wi-Fi Gratuita<\/li>\r\n\t<li>Cacifos com chave electr\u00f3nica<\/li>\r\n\t<li>Mapas de Barcelona gr\u00e1tis<\/li>\r\n\t<li>Cozinha dispon\u00edvel<\/li>\r\n\t<li>Recep\u00e7\u00e3o 24 horas<\/li>\r\n\t<li>Terra\u00e7o exterior com sofas, puffs e mesa de ping-pong<\/li>\r\n\t<li>Sala com Tv, DVD, Nintendo Wii e jogos de mesa<\/li>\r\n<\/ul>\r\n<\/div>\r\n<div class=\"uk-width-large-1-2 uk-width-medium-1-2 uk-width-small-1-1\">\r\n<ul>\r\n\t<li>Sala de conv\u00edvio bonita e confort\u00e1vel<\/li>\r\n\t<li>Ar condicionado e aquecimento<\/li>\r\n\t<li>Actividades dispon\u00edveis: Pub crawls, tapas e flamenco &#8230;<\/li>\r\n\t<li>Recepcionistas Internacionais e prest\u00e1veis<\/li>\r\n\t<li>Cacifos para guardar bagagem<\/li>\r\n\t<li>M\u00e1quinas de lavar e secar roupa operadas por moedas<\/li>\r\n\t<li>Len\u00e7ois ou toalhas podem ser alugadas por 2,5 \u20ac<\/li>\r\n\t<li>Estacionamento para bicicletas<\/li>\r\n<\/ul>\r\n<\/div>\r\n<\/div>","protected":false},"excerpt":{"rendered":"<p>Ao fazer o check-in no Be Dream Hostel disp\u00f5em de: Passeio Pedestre gratuito Acesso gratuito \u00e0 Internet nos computadores Wi-Fi Gratuita Cacifos com chave electr\u00f3nica Mapas de Barcelona gr\u00e1tis Cozinha dispon\u00edvel Recep\u00e7\u00e3o 24 horas Terra\u00e7o exterior com sofas, puffs e mesa de ping-pong Sala com Tv, DVD, Nintendo Wii e jogos de mesa Sala de [&hellip;]<\/p>\n","protected":false},"author":1,"featured_media":0,"parent":199,"menu_order":0,"comment_status":"closed","ping_status":"open","template":"","meta":{"footnotes":""},"yoast_head":"<!-- This site is optimized with the Yoast SEO plugin v22.7 - https:\/\/yoast.com\/wordpress\/plugins\/seo\/ -->\n<title>Instala\u00e7\u00f5es Be Dream Hostel<\/title>\n<meta name=\"description\" content=\"Voc\u00ea pode encontrar tudo que precisa em Be Mar Hostel em Barcelona!\" \/>\n<meta name=\"robots\" content=\"index, follow, max-snippet:-1, max-image-preview:large, max-video-preview:-1\" \/>\n<link rel=\"canonical\" href=\"https:\/\/behostels.com\/pt-br\/dream\/instalacoes\/\" \/>\n<meta property=\"og:locale\" content=\"pt_BR\" \/>\n<meta property=\"og:type\" content=\"article\" \/>\n<meta property=\"og:title\" content=\"Instala\u00e7\u00f5es Be Dream Hostel\" \/>\n<meta property=\"og:description\" content=\"Voc\u00ea pode encontrar tudo que precisa em Be Mar Hostel em Barcelona!\" \/>\n<meta property=\"og:url\" content=\"https:\/\/behostels.com\/pt-br\/dream\/instalacoes\/\" \/>\n<meta property=\"og:site_name\" content=\"Be Hostels\" \/>\n<meta property=\"article:modified_time\" content=\"2015-07-07T13:59:38+00:00\" \/>\n<meta name=\"twitter:card\" content=\"summary_large_image\" \/>\n<meta name=\"twitter:label1\" content=\"Est. tempo de leitura\" \/>\n\t<meta name=\"twitter:data1\" content=\"1 minuto\" \/>\n<script type=\"application\/ld+json\" class=\"yoast-schema-graph\">{\"@context\":\"https:\/\/schema.org\",\"@graph\":[{\"@type\":\"WebPage\",\"@id\":\"https:\/\/behostels.com\/pt-br\/dream\/instalacoes\/\",\"url\":\"https:\/\/behostels.com\/pt-br\/dream\/instalacoes\/\",\"name\":\"Instala\u00e7\u00f5es Be Dream Hostel\",\"isPartOf\":{\"@id\":\"https:\/\/behostels.com\/pt-br\/#website\"},\"datePublished\":\"2015-06-10T13:02:42+00:00\",\"dateModified\":\"2015-07-07T13:59:38+00:00\",\"description\":\"Voc\u00ea pode encontrar tudo que precisa em Be Mar Hostel em Barcelona!\",\"breadcrumb\":{\"@id\":\"https:\/\/behostels.com\/pt-br\/dream\/instalacoes\/#breadcrumb\"},\"inLanguage\":\"pt-BR\",\"potentialAction\":[{\"@type\":\"ReadAction\",\"target\":[\"https:\/\/behostels.com\/pt-br\/dream\/instalacoes\/\"]}]},{\"@type\":\"BreadcrumbList\",\"@id\":\"https:\/\/behostels.com\/pt-br\/dream\/instalacoes\/#breadcrumb\",\"itemListElement\":[{\"@type\":\"ListItem\",\"position\":1,\"name\":\"Home\",\"item\":\"https:\/\/behostels.com\/pt-br\/\"},{\"@type\":\"ListItem\",\"position\":2,\"name\":\"Be Dream Hostel Barcelona\",\"item\":\"https:\/\/behostels.com\/pt-br\/dream\/\"},{\"@type\":\"ListItem\",\"position\":3,\"name\":\"Be Dream Hostel Instala\u00e7\u00f5es\"}]},{\"@type\":\"WebSite\",\"@id\":\"https:\/\/behostels.com\/pt-br\/#website\",\"url\":\"https:\/\/behostels.com\/pt-br\/\",\"name\":\"Be Hostels\",\"description\":\"\",\"publisher\":{\"@id\":\"https:\/\/behostels.com\/pt-br\/#organization\"},\"potentialAction\":[{\"@type\":\"SearchAction\",\"target\":{\"@type\":\"EntryPoint\",\"urlTemplate\":\"https:\/\/behostels.com\/pt-br\/?s={search_term_string}\"},\"query-input\":\"required name=search_term_string\"}],\"inLanguage\":\"pt-BR\"},{\"@type\":\"Organization\",\"@id\":\"https:\/\/behostels.com\/pt-br\/#organization\",\"name\":\"Be Hostels\",\"url\":\"https:\/\/behostels.com\/pt-br\/\",\"logo\":{\"@type\":\"ImageObject\",\"inLanguage\":\"pt-BR\",\"@id\":\"https:\/\/behostels.com\/pt-br\/#\/schema\/logo\/image\/\",\"url\":\"https:\/\/behostels.com\/wp-content\/uploads\/2015\/06\/be_reservations_logo.jpg\",\"contentUrl\":\"https:\/\/behostels.com\/wp-content\/uploads\/2015\/06\/be_reservations_logo.jpg\",\"width\":130,\"height\":130,\"caption\":\"Be Hostels\"},\"image\":{\"@id\":\"https:\/\/behostels.com\/pt-br\/#\/schema\/logo\/image\/\"}}]}<\/script>\n<!-- \/ Yoast SEO plugin. -->","yoast_head_json":{"title":"Instala\u00e7\u00f5es Be Dream Hostel","description":"Voc\u00ea pode encontrar tudo que precisa em Be Mar Hostel em Barcelona!","robots":{"index":"index","follow":"follow","max-snippet":"max-snippet:-1","max-image-preview":"max-image-preview:large","max-video-preview":"max-video-preview:-1"},"canonical":"https:\/\/behostels.com\/pt-br\/dream\/instalacoes\/","og_locale":"pt_BR","og_type":"article","og_title":"Instala\u00e7\u00f5es Be Dream Hostel","og_description":"Voc\u00ea pode encontrar tudo que precisa em Be Mar Hostel em Barcelona!","og_url":"https:\/\/behostels.com\/pt-br\/dream\/instalacoes\/","og_site_name":"Be Hostels","article_modified_time":"2015-07-07T13:59:38+00:00","twitter_card":"summary_large_image","twitter_misc":{"Est. tempo de leitura":"1 minuto"},"schema":{"@context":"https:\/\/schema.org","@graph":[{"@type":"WebPage","@id":"https:\/\/behostels.com\/pt-br\/dream\/instalacoes\/","url":"https:\/\/behostels.com\/pt-br\/dream\/instalacoes\/","name":"Instala\u00e7\u00f5es Be Dream Hostel","isPartOf":{"@id":"https:\/\/behostels.com\/pt-br\/#website"},"datePublished":"2015-06-10T13:02:42+00:00","dateModified":"2015-07-07T13:59:38+00:00","description":"Voc\u00ea pode encontrar tudo que precisa em Be Mar Hostel em Barcelona!","breadcrumb":{"@id":"https:\/\/behostels.com\/pt-br\/dream\/instalacoes\/#breadcrumb"},"inLanguage":"pt-BR","potentialAction":[{"@type":"ReadAction","target":["https:\/\/behostels.com\/pt-br\/dream\/instalacoes\/"]}]},{"@type":"BreadcrumbList","@id":"https:\/\/behostels.com\/pt-br\/dream\/instalacoes\/#breadcrumb","itemListElement":[{"@type":"ListItem","position":1,"name":"Home","item":"https:\/\/behostels.com\/pt-br\/"},{"@type":"ListItem","position":2,"name":"Be Dream Hostel Barcelona","item":"https:\/\/behostels.com\/pt-br\/dream\/"},{"@type":"ListItem","position":3,"name":"Be Dream Hostel Instala\u00e7\u00f5es"}]},{"@type":"WebSite","@id":"https:\/\/behostels.com\/pt-br\/#website","url":"https:\/\/behostels.com\/pt-br\/","name":"Be Hostels","description":"","publisher":{"@id":"https:\/\/behostels.com\/pt-br\/#organization"},"potentialAction":[{"@type":"SearchAction","target":{"@type":"EntryPoint","urlTemplate":"https:\/\/behostels.com\/pt-br\/?s={search_term_string}"},"query-input":"required name=search_term_string"}],"inLanguage":"pt-BR"},{"@type":"Organization","@id":"https:\/\/behostels.com\/pt-br\/#organization","name":"Be Hostels","url":"https:\/\/behostels.com\/pt-br\/","logo":{"@type":"ImageObject","inLanguage":"pt-BR","@id":"https:\/\/behostels.com\/pt-br\/#\/schema\/logo\/image\/","url":"https:\/\/behostels.com\/wp-content\/uploads\/2015\/06\/be_reservations_logo.jpg","contentUrl":"https:\/\/behostels.com\/wp-content\/uploads\/2015\/06\/be_reservations_logo.jpg","width":130,"height":130,"caption":"Be Hostels"},"image":{"@id":"https:\/\/behostels.com\/pt-br\/#\/schema\/logo\/image\/"}}]}},"_links":{"self":[{"href":"https:\/\/behostels.com\/pt-br\/wp-json\/wp\/v2\/pages\/253"}],"collection":[{"href":"https:\/\/behostels.com\/pt-br\/wp-json\/wp\/v2\/pages"}],"about":[{"href":"https:\/\/behostels.com\/pt-br\/wp-json\/wp\/v2\/types\/page"}],"author":[{"embeddable":true,"href":"https:\/\/behostels.com\/pt-br\/wp-json\/wp\/v2\/users\/1"}],"replies":[{"embeddable":true,"href":"https:\/\/behostels.com\/pt-br\/wp-json\/wp\/v2\/comments?post=253"}],"version-history":[{"count":0,"href":"https:\/\/behostels.com\/pt-br\/wp-json\/wp\/v2\/pages\/253\/revisions"}],"up":[{"embeddable":true,"href":"https:\/\/behostels.com\/pt-br\/wp-json\/wp\/v2\/pages\/199"}],"wp:attachment":[{"href":"https:\/\/behostels.com\/pt-br\/wp-json\/wp\/v2\/media?parent=253"}],"curies":[{"name":"wp","href":"https:\/\/api.w.org\/{rel}","templated":true}]}}