{"id":215,"date":"2015-06-10T12:35:09","date_gmt":"2015-06-10T12:35:09","guid":{"rendered":"https:\/\/behostels.com\/?page_id=215"},"modified":"2015-09-17T16:14:38","modified_gmt":"2015-09-17T16:14:38","slug":"localizacao","status":"publish","type":"page","link":"https:\/\/behostels.com\/pt-br\/dream\/localizacao\/","title":{"rendered":"Be Dream Hostel Barcelona Localiza\u00e7\u00e3o"},"content":{"rendered":"<h2>Be Dream Hostel \u00e9 o Hostel perfeita junto \u00e0 praia!<\/h2>\r\n\n<script type=\"widgetkit\/map\" data-id=\"wk-map69d61f52228f3\" data-class=\" uk-img-preserve\" data-style=\"width:auto;height:600px;\">\n    {\"width\":\"auto\",\"height\":\"600\",\"maptypeid\":\"roadmap\",\"maptypecontrol\":false,\"mapctrl\":true,\"zoom\":\"16\",\"marker\":\"3\",\"marker_icon\":\"\",\"markercluster\":false,\"popup_max_width\":\"400\",\"zoomwheel\":false,\"draggable\":false,\"directions\":false,\"disabledefaultui\":false,\"styler_invert_lightness\":false,\"styler_hue\":\"\",\"styler_saturation\":0,\"styler_lightness\":0,\"styler_gamma\":0,\"media\":false,\"image_width\":\"auto\",\"image_height\":\"auto\",\"media_align\":\"top\",\"media_width\":\"1-4\",\"media_breakpoint\":\"medium\",\"media_border\":\"none\",\"media_overlay\":\"none\",\"overlay_animation\":\"fade\",\"media_animation\":\"none\",\"title\":false,\"content\":true,\"social_buttons\":true,\"title_size\":\"h4\",\"text_align\":\"left\",\"link\":true,\"link_style\":\"button\",\"link_text\":\"Read more\",\"link_target\":false,\"class\":\"\",\"markers\":[{\"lat\":41.444102,\"lng\":2.236906,\"icon\":\"\",\"title\":\"BE DREAM HOSTEL BARCELONA\",\"content\":\"\\n<div class=\\\"uk-text-left\\\">\\n\\n    \\n    \\n    \\n    \\n        <div class=\\\"uk-margin\\\"><img decoding=\\\"async\\\" src=\\\"\\\/wp-content\\\/uploads\\\/2015\\\/06\\\/be-dream-hostel.png\\\" style=\\\"height:36px ; width:auto;\\\" \\\/><br\\\/>\\n<p class=\\\"uk-text-small\\\">Ave. Alfonso XIII \\u2013 28 B,<br\\\/>\\n08912 Badalona, Barcelona \\u2013 Spain<br>\\nTel:(+34) 93 399 14 20 <br\\\/>\\ndream@behostels.com<br>\\n<\\\/p><\\\/div>\\n    \\n    \\n    \\n    \\n<\\\/div>\\n\"},{\"lat\":41.3775039,\"lng\":2.172548,\"icon\":\"\",\"title\":\"BE RAMBLAS HOTEL BARCELONA\",\"content\":\"\\n<div class=\\\"uk-text-left\\\">\\n\\n    \\n    \\n    \\n    \\n        <div class=\\\"uk-margin\\\"><img decoding=\\\"async\\\" src=\\\"\\\/wp-content\\\/uploads\\\/2015\\\/06\\\/be-ramblas-hotel-private-rooms.png\\\" style=\\\"height:36px ; width:auto;\\\"\\\/><br\\\/>\\n<p class=\\\"uk-text-small\\\">Carrer Nou de La Rambla 50<br>\\n08001 Barcelona-Spain<br>\\nTel:(+34) 93 442 3669<br>\\nramblas@behostels.com<br>\\n<\\\/p><\\\/div>\\n    \\n    \\n    \\n    \\n<\\\/div>\\n\"},{\"lat\":41.3773651,\"lng\":2.1701548999999,\"icon\":\"\",\"title\":\"BE MAR HOSTEL BARCELONA\",\"content\":\"\\n<div class=\\\"uk-text-left\\\">\\n\\n    \\n    \\n    \\n    \\n        <div class=\\\"uk-margin\\\"><img decoding=\\\"async\\\" src=\\\"\\\/wp-content\\\/uploads\\\/2015\\\/06\\\/be-mar-hostel.png\\\" style=\\\"height:36px ; width:auto;\\\" \\\/><br\\\/>\\n<p class=\\\"uk-text-small\\\">Carrer Sant Pau 80<br>\\n08001 Barcelona-Spain<br>\\nTel:(+34) 93 324 85 30<br>\\nmar@behostels.com<br>\\n<\\\/p><\\\/div>\\n    \\n    \\n    \\n    \\n<\\\/div>\\n\"},{\"lat\":41.3758458,\"lng\":2.1709845,\"icon\":\"\",\"title\":\"BE SOUND HOSTEL BARCELONA\",\"content\":\"\\n<div class=\\\"uk-text-left\\\">\\n\\n    \\n    \\n    \\n    \\n        <div class=\\\"uk-margin\\\"><img decoding=\\\"async\\\" src=\\\"\\\/wp-content\\\/uploads\\\/2015\\\/06\\\/be-sound-hostel.png\\\" style=\\\"height:36px ; width:auto;\\\" \\\/><br\\\/>\\n<p class=\\\"uk-text-small\\\">Carrer Nou de La Rambla 91<br>\\n08001 Barcelona-Spain<br>\\nTel:(+34) 93 185 0800<br>\\nsound@behostels.com<br>\\n<\\\/p><\\\/div>\\n    \\n    \\n    \\n    \\n<\\\/div>\\n\"},{\"lat\":41.3791501,\"lng\":2.1721979,\"icon\":\"\",\"title\":\"BE APARTMENTS BARCELONA\",\"content\":\"\\n<div class=\\\"uk-text-left\\\">\\n\\n    \\n    \\n    \\n    \\n        <div class=\\\"uk-margin\\\"><img decoding=\\\"async\\\" src=\\\"\\\/wp-content\\\/uploads\\\/2015\\\/06\\\/be-hostels-apartments-barcelona.png\\\" style=\\\"height:36px ; width:auto;\\\"  \\\/><br\\\/>\\n<p class=\\\"uk-text-small\\\">Carrer Sant Pau 29<br\\\/>\\n08001 Barcelona-Spain<br>\\nTel:(+34) 93 185 0800<br>\\nsound@behostels.com<br>\\n<\\\/p><\\\/div>\\n    \\n    \\n    \\n    \\n<\\\/div>\\n\"}],\"directionsText\":\"Get Directions\"}<\/script>\n\r\n<br>\r\n<ul class=\"rooms\">\r\n\t<li>5m a p\u00e9 da praia<\/li>\r\n\t<li>2m a p\u00e9 at\u00e9 ao metro<\/li>\r\n\t<li>15m viagem de metro do centro da cidade<\/li>\r\n\t<li>10m da Sagrada Fam\u00edlia<\/li>\r\n\t<li>Supermercados pr\u00f3ximos<\/li>\r\n<\/ul>\r\n<div class=\"uk-text-center uk-margin\">\r\n<div class=\"download\">\r\n<a href=\"https:\/\/behostels.com\/wp-content\/uploads\/PDF-Be-Hostels-Dream.pdf\" target=\"_blank\"> \r\n\t<i class=\"uk-icon-file-pdf-o uk-icon-large\"><\/i>\r\n\t\t<strong>Fa\u00e7a o download<\/strong> do nosso mapa amigo do ambiente de como chegar at\u00e9 n\u00f3s\r\n<\/a>\r\n<\/div>\r\n\t<\/div>\r\n&nbsp;\r\n\r\n<h2 class=\"fantasy\">Como chegar ao <a class=\"invisible\" href=\"http:\/\/www.behostels.com\/dream\">Be Dream Hostel<\/a>?<\/h2>\r\n<p>Ol\u00e1 pessoal! Chegar ao <a class=\"invisible\" href=\"http:\/\/www.behostels.com\/dream\">Be Dream Hostel<\/a> \u00e9 muito f\u00e1cil! Estas s\u00e3o as indica\u00e7\u00f5es de como chegar at\u00e9 n\u00f3s dependendo de onde vens. Faz boa viagem e vemo-nos em Badalona brevemente!\r\n<\/p>\r\n<p>\r\nO Be Hostels Dream esta mesmo em frente da esta\u00e7\u00e3o de metro Pep Ventura na linha roxa (L2). Estamos localizados a apenas 15 minutos de dist\u00e2ncia em metro da maioria das atrac\u00e7\u00f5es tur\u00edstica de Barcelona (Sagrada Fam\u00edlia). Para chegar at\u00e9 n\u00f3s, a coisa mais importante \u00e9 chegar \u00e0 paragem de metro Pep Ventura na linha roxa (L2).\r\n<\/p>\r\n<p>\r\nUma vez na esta\u00e7\u00e3o de Pep Ventura, saia pela sa\u00edda Avenida Alfonso XIII. Quando voc\u00ea estiver fora da  esta\u00e7\u00e3o, siga pela Avenida Afonso XIII em direc\u00e7\u00e3o aoo sinal laranja &#8220;UNI DENTAL&#8221;. Estamos localizados mesmo em frente ao dentista na Avenida Alfonso XIII n \u00ba 28 B (ver mapa).\r\n<\/p>\r\n&nbsp;\r\n\n<div  data-uk-scrollspy=\"{target:'> div > [data-uk-scrollspy-cls]', delay:300}\">\n\n\n    \n    <div class=\"uk-grid uk-text-left uk-flex-middle\" data-uk-grid-match data-uk-margin=\"{cls:'uk-margin-top'}\">\n\n                <div class=\"uk-width-medium-3-10 uk-text-center uk-invisible\"  data-uk-scrollspy-cls=\"uk-animation-fade uk-invisible\">\n            <div class=\"uk-overlay uk-overlay-hover uk-border-circle\"><img decoding=\"async\" src=\"\/wp-content\/uploads\/2015\/07\/aerobus-barcelona.jpg\" class=\"uk-border-circle uk-overlay-scale\" alt=\"Aeroporto de Barcelona El Prat\"><div class=\"uk-overlay-panel uk-overlay-background uk-overlay-icon uk-overlay-fade\"><\/div><\/div>        <\/div>\n        \n                <div class=\"uk-width-medium-7-10 uk-invisible\"  data-uk-scrollspy-cls=\"uk-animation-slide-right uk-invisible\">\n            <div class=\"uk-panel uk-panel-space uk-width-1-1\">\n\n                \n                                <h3 class=\"uk-panel-title\">\n\n                                            Aeroporto de Barcelona El Prat                    \n                    \n                <\/h3>\n                \n                                <div class=\"uk-margin\"><p>Vindo do Aeroporto de Barcelona apanhe o Aerobus. O Aerobus vai at\u00e9 ao centro da cidade. Saia do Aerobus na Plaza Universitat e entre na esta\u00e7\u00e3o de metro. Apanhe a linha roxa (L2) em direc\u00e7\u00e3o a Badalona e des\u00e7a na esta\u00e7\u00e3o Pep Ventura, onde o hostel est\u00e1 localizado.<strong><a title=\"Barcelona Transport\" href=\"http:\/\/behostels.com\/barcelona-transport-system-how-to-get-be-hostels\/\"> Pre\u00e7os e Cronograma Aqui (Vers\u00e3o em Ingl\u00eas)<\/a><\/strong><\/p><\/div>\n                \n                \n                \n            <\/div>\n        <\/div>\n        \n    <\/div>\n\n    \n\n    \n    <div class=\"uk-grid uk-text-left uk-flex-middle\" data-uk-grid-match data-uk-margin=\"{cls:'uk-margin-top'}\">\n\n                <div class=\"uk-width-medium-3-10 uk-text-center uk-float-right uk-flex-order-last-medium uk-invisible\"  data-uk-scrollspy-cls=\"uk-animation-fade uk-invisible\">\n            <div class=\"uk-overlay uk-overlay-hover uk-border-circle\"><img decoding=\"async\" src=\"\/wp-content\/uploads\/2015\/07\/shuttle-girona-airport.jpg\" class=\"uk-border-circle uk-overlay-scale\" alt=\"Aeroporto de Girona ou Estaci\u00f3 del Nord (autocarros)\"><div class=\"uk-overlay-panel uk-overlay-background uk-overlay-icon uk-overlay-fade\"><\/div><\/div>        <\/div>\n        \n                <div class=\"uk-width-medium-7-10 uk-invisible\"  data-uk-scrollspy-cls=\"uk-animation-slide-left uk-invisible\">\n            <div class=\"uk-panel uk-panel-space uk-width-1-1\">\n\n                \n                                <h3 class=\"uk-panel-title\">\n\n                                            Aeroporto de Girona ou Estaci\u00f3 del Nord (autocarros)                    \n                    \n                <\/h3>\n                \n                                <div class=\"uk-margin\"><p>Caso venha do Aeroporto de Girona, necessita de apanhar o autocarro que o leva para a Estaci\u00f3 del Nord em Barcleona. A viagem dura 1 hora e 15 minutos. Quando estiver na Estaci\u00f3 del Nord, apanhe a linha de metro vermelha (Arc de Triumph). Apanhe o metro at\u00e9 \u00e0 esta\u00e7\u00e3o de Clot. Uma vez na esta\u00e7\u00e3o de Clot apanhe a linha roxa (L2) em direc\u00e7\u00e3o a Badalona. Saia na esta\u00e7\u00e3o Pep Ventura onde nos encontramos.<strong><a title=\"Barcelona Transport\" href=\"http:\/\/behostels.com\/barcelona-transport-system-how-to-get-be-hostels\/\"> Pre\u00e7os e Cronograma Aqui (Vers\u00e3o em Ingl\u00eas)<\/a><\/strong><\/p><\/div>\n                \n                \n                \n            <\/div>\n        <\/div>\n        \n    <\/div>\n\n    \n\n<\/div>\n\r\n\r\n<div class=\"destacado\">\r\n<h2 class=\"fantasy\">Prestar aten\u00e7\u00e3o<\/h2>\r\n<ul>\r\n\t<li>Esta informa\u00e7\u00e3o n\u00e3o inclui os pre\u00e7os. Para mais informa\u00e7\u00f5es sobre pre\u00e7os e detalhes por favor, verifique<strong><a title=\"Barcelona Transport\" href=\"https:\/\/behostels.com\/barcelona-transport-system-how-to-get-be-hostels\/\"> Barcelona transporte<\/a><\/strong><\/li>\r\n<\/ul>\r\n<\/div>\r\n<div class=\"uk-grid\">\r\n\t<div class=\"uk-width-1-2 uk-container-center\">\r\n\n<div data-uk-slideshow=\"{autoplay: true ,autoplayInterval: 3000}\">\n\n    <div class=\"uk-slidenav-position\">\n\n        <ul class=\"uk-slideshow\">\n        \n            <li style=\"min-height: 100px;\">\n\n                \n                    <img decoding=\"async\" src=\"\/wp-content\/plugins\/widgetkit\/cache\/pic1-0702a17f4c7d02197c6adb9a5d5ea4cc.png\" alt=\"Pic1\" height=\"400\">\n                    \n                    \n                    \n                \n            <\/li>\n\n        \n            <li style=\"min-height: 100px;\">\n\n                \n                    <img decoding=\"async\" src=\"\/wp-content\/plugins\/widgetkit\/cache\/pic2-28a4ad5acab9863dd0757aa115a95c39.png\" alt=\"Pic2\" height=\"400\">\n                    \n                    \n                    \n                \n            <\/li>\n\n        \n            <li style=\"min-height: 100px;\">\n\n                \n                    <img decoding=\"async\" src=\"\/wp-content\/plugins\/widgetkit\/cache\/pic3-2708a0df01c2881fbe82aff523f2ee3a.png\" alt=\"Pic3\" height=\"400\">\n                    \n                    \n                    \n                \n            <\/li>\n\n        \n            <li style=\"min-height: 100px;\">\n\n                \n                    <img decoding=\"async\" src=\"\/wp-content\/plugins\/widgetkit\/cache\/pic4-9719e26af783f67dc40862ade9b82d27.png\" alt=\"Pic4\" height=\"400\">\n                    \n                    \n                    \n                \n            <\/li>\n\n        \n            <li style=\"min-height: 100px;\">\n\n                \n                    <img decoding=\"async\" src=\"\/wp-content\/plugins\/widgetkit\/cache\/pic5-b61d9d1806d4bcf57bd41eaddfe96509.png\" alt=\"Pic5\" height=\"400\">\n                    \n                    \n                    \n                \n            <\/li>\n\n        \n            <li style=\"min-height: 100px;\">\n\n                \n                    <img decoding=\"async\" src=\"\/wp-content\/plugins\/widgetkit\/cache\/pic6-322e0e57ed4161b2552fd3b883ca10e0.png\" alt=\"Pic6\" height=\"400\">\n                    \n                    \n                    \n                \n            <\/li>\n\n        \n            <li style=\"min-height: 100px;\">\n\n                \n                    <img decoding=\"async\" src=\"\/wp-content\/plugins\/widgetkit\/cache\/pic8-45cf1a4fde25da257bd39789adff6b67.png\" alt=\"Pic8\" height=\"400\">\n                    \n                    \n                    \n                \n            <\/li>\n\n                <\/ul>\n\n                <a href=\"#\" class=\"uk-slidenav uk-slidenav-contrast uk-slidenav-previous uk-hidden-touch\" data-uk-slideshow-item=\"previous\"><\/a>\n        <a href=\"#\" class=\"uk-slidenav uk-slidenav-contrast uk-slidenav-next uk-hidden-touch\" data-uk-slideshow-item=\"next\"><\/a>\n        \n                <div class=\"uk-overlay-panel uk-overlay-bottom\">\n            \n<ul class=\"uk-dotnav uk-dotnav-contrast uk-flex-center\">\n    <li data-uk-slideshow-item=\"0\"><a href=\"#\">Pic1<\/a><\/li>\n    <li data-uk-slideshow-item=\"1\"><a href=\"#\">Pic2<\/a><\/li>\n    <li data-uk-slideshow-item=\"2\"><a href=\"#\">Pic3<\/a><\/li>\n    <li data-uk-slideshow-item=\"3\"><a href=\"#\">Pic4<\/a><\/li>\n    <li data-uk-slideshow-item=\"4\"><a href=\"#\">Pic5<\/a><\/li>\n    <li data-uk-slideshow-item=\"5\"><a href=\"#\">Pic6<\/a><\/li>\n    <li data-uk-slideshow-item=\"6\"><a href=\"#\">Pic8<\/a><\/li>\n<\/ul>\n        <\/div>\n        \n    <\/div>\n\n    \n<\/div>\n\r\n\t<\/div>\r\n<\/div>","protected":false},"excerpt":{"rendered":"<p>Be Dream Hostel \u00e9 o Hostel perfeita junto \u00e0 praia! 5m a p\u00e9 da praia 2m a p\u00e9 at\u00e9 ao metro 15m viagem de metro do centro da cidade 10m da Sagrada Fam\u00edlia Supermercados pr\u00f3ximos Fa\u00e7a o download do nosso mapa amigo do ambiente de como chegar at\u00e9 n\u00f3s &nbsp; Como chegar ao Be Dream [&hellip;]<\/p>\n","protected":false},"author":1,"featured_media":0,"parent":199,"menu_order":0,"comment_status":"closed","ping_status":"open","template":"","meta":{"footnotes":""},"yoast_head":"<!-- This site is optimized with the Yoast SEO plugin v22.7 - https:\/\/yoast.com\/wordpress\/plugins\/seo\/ -->\n<title>Localiza\u00e7\u00e3o Be Dream Hostel em Barcelona perto da praia!<\/title>\n<meta name=\"robots\" content=\"index, follow, max-snippet:-1, max-image-preview:large, max-video-preview:-1\" \/>\n<link rel=\"canonical\" href=\"https:\/\/behostels.com\/pt-br\/dream\/localizacao\/\" \/>\n<meta property=\"og:locale\" content=\"pt_BR\" \/>\n<meta property=\"og:type\" content=\"article\" \/>\n<meta property=\"og:title\" content=\"Localiza\u00e7\u00e3o Be Dream Hostel em Barcelona perto da praia!\" \/>\n<meta property=\"og:description\" content=\"Be Dream Hostel \u00e9 o Hostel perfeita junto \u00e0 praia! 5m a p\u00e9 da praia 2m a p\u00e9 at\u00e9 ao metro 15m viagem de metro do centro da cidade 10m da Sagrada Fam\u00edlia Supermercados pr\u00f3ximos Fa\u00e7a o download do nosso mapa amigo do ambiente de como chegar at\u00e9 n\u00f3s &nbsp; Como chegar ao Be Dream [&hellip;]\" \/>\n<meta property=\"og:url\" content=\"https:\/\/behostels.com\/pt-br\/dream\/localizacao\/\" \/>\n<meta property=\"og:site_name\" content=\"Be Hostels\" \/>\n<meta property=\"article:modified_time\" content=\"2015-09-17T16:14:38+00:00\" \/>\n<meta name=\"twitter:card\" content=\"summary_large_image\" \/>\n<meta name=\"twitter:label1\" content=\"Est. tempo de leitura\" \/>\n\t<meta name=\"twitter:data1\" content=\"1 minuto\" \/>\n<script type=\"application\/ld+json\" class=\"yoast-schema-graph\">{\"@context\":\"https:\/\/schema.org\",\"@graph\":[{\"@type\":\"WebPage\",\"@id\":\"https:\/\/behostels.com\/pt-br\/dream\/localizacao\/\",\"url\":\"https:\/\/behostels.com\/pt-br\/dream\/localizacao\/\",\"name\":\"Localiza\u00e7\u00e3o Be Dream Hostel em Barcelona perto da praia!\",\"isPartOf\":{\"@id\":\"https:\/\/behostels.com\/pt-br\/#website\"},\"datePublished\":\"2015-06-10T12:35:09+00:00\",\"dateModified\":\"2015-09-17T16:14:38+00:00\",\"breadcrumb\":{\"@id\":\"https:\/\/behostels.com\/pt-br\/dream\/localizacao\/#breadcrumb\"},\"inLanguage\":\"pt-BR\",\"potentialAction\":[{\"@type\":\"ReadAction\",\"target\":[\"https:\/\/behostels.com\/pt-br\/dream\/localizacao\/\"]}]},{\"@type\":\"BreadcrumbList\",\"@id\":\"https:\/\/behostels.com\/pt-br\/dream\/localizacao\/#breadcrumb\",\"itemListElement\":[{\"@type\":\"ListItem\",\"position\":1,\"name\":\"Home\",\"item\":\"https:\/\/behostels.com\/pt-br\/\"},{\"@type\":\"ListItem\",\"position\":2,\"name\":\"Be Dream Hostel Barcelona\",\"item\":\"https:\/\/behostels.com\/pt-br\/dream\/\"},{\"@type\":\"ListItem\",\"position\":3,\"name\":\"Be Dream Hostel Barcelona Localiza\u00e7\u00e3o\"}]},{\"@type\":\"WebSite\",\"@id\":\"https:\/\/behostels.com\/pt-br\/#website\",\"url\":\"https:\/\/behostels.com\/pt-br\/\",\"name\":\"Be Hostels\",\"description\":\"\",\"publisher\":{\"@id\":\"https:\/\/behostels.com\/pt-br\/#organization\"},\"potentialAction\":[{\"@type\":\"SearchAction\",\"target\":{\"@type\":\"EntryPoint\",\"urlTemplate\":\"https:\/\/behostels.com\/pt-br\/?s={search_term_string}\"},\"query-input\":\"required name=search_term_string\"}],\"inLanguage\":\"pt-BR\"},{\"@type\":\"Organization\",\"@id\":\"https:\/\/behostels.com\/pt-br\/#organization\",\"name\":\"Be Hostels\",\"url\":\"https:\/\/behostels.com\/pt-br\/\",\"logo\":{\"@type\":\"ImageObject\",\"inLanguage\":\"pt-BR\",\"@id\":\"https:\/\/behostels.com\/pt-br\/#\/schema\/logo\/image\/\",\"url\":\"https:\/\/behostels.com\/wp-content\/uploads\/2015\/06\/be_reservations_logo.jpg\",\"contentUrl\":\"https:\/\/behostels.com\/wp-content\/uploads\/2015\/06\/be_reservations_logo.jpg\",\"width\":130,\"height\":130,\"caption\":\"Be Hostels\"},\"image\":{\"@id\":\"https:\/\/behostels.com\/pt-br\/#\/schema\/logo\/image\/\"}}]}<\/script>\n<!-- \/ Yoast SEO plugin. -->","yoast_head_json":{"title":"Localiza\u00e7\u00e3o Be Dream Hostel em Barcelona perto da praia!","robots":{"index":"index","follow":"follow","max-snippet":"max-snippet:-1","max-image-preview":"max-image-preview:large","max-video-preview":"max-video-preview:-1"},"canonical":"https:\/\/behostels.com\/pt-br\/dream\/localizacao\/","og_locale":"pt_BR","og_type":"article","og_title":"Localiza\u00e7\u00e3o Be Dream Hostel em Barcelona perto da praia!","og_description":"Be Dream Hostel \u00e9 o Hostel perfeita junto \u00e0 praia! 5m a p\u00e9 da praia 2m a p\u00e9 at\u00e9 ao metro 15m viagem de metro do centro da cidade 10m da Sagrada Fam\u00edlia Supermercados pr\u00f3ximos Fa\u00e7a o download do nosso mapa amigo do ambiente de como chegar at\u00e9 n\u00f3s &nbsp; Como chegar ao Be Dream [&hellip;]","og_url":"https:\/\/behostels.com\/pt-br\/dream\/localizacao\/","og_site_name":"Be Hostels","article_modified_time":"2015-09-17T16:14:38+00:00","twitter_card":"summary_large_image","twitter_misc":{"Est. tempo de leitura":"1 minuto"},"schema":{"@context":"https:\/\/schema.org","@graph":[{"@type":"WebPage","@id":"https:\/\/behostels.com\/pt-br\/dream\/localizacao\/","url":"https:\/\/behostels.com\/pt-br\/dream\/localizacao\/","name":"Localiza\u00e7\u00e3o Be Dream Hostel em Barcelona perto da praia!","isPartOf":{"@id":"https:\/\/behostels.com\/pt-br\/#website"},"datePublished":"2015-06-10T12:35:09+00:00","dateModified":"2015-09-17T16:14:38+00:00","breadcrumb":{"@id":"https:\/\/behostels.com\/pt-br\/dream\/localizacao\/#breadcrumb"},"inLanguage":"pt-BR","potentialAction":[{"@type":"ReadAction","target":["https:\/\/behostels.com\/pt-br\/dream\/localizacao\/"]}]},{"@type":"BreadcrumbList","@id":"https:\/\/behostels.com\/pt-br\/dream\/localizacao\/#breadcrumb","itemListElement":[{"@type":"ListItem","position":1,"name":"Home","item":"https:\/\/behostels.com\/pt-br\/"},{"@type":"ListItem","position":2,"name":"Be Dream Hostel Barcelona","item":"https:\/\/behostels.com\/pt-br\/dream\/"},{"@type":"ListItem","position":3,"name":"Be Dream Hostel Barcelona Localiza\u00e7\u00e3o"}]},{"@type":"WebSite","@id":"https:\/\/behostels.com\/pt-br\/#website","url":"https:\/\/behostels.com\/pt-br\/","name":"Be Hostels","description":"","publisher":{"@id":"https:\/\/behostels.com\/pt-br\/#organization"},"potentialAction":[{"@type":"SearchAction","target":{"@type":"EntryPoint","urlTemplate":"https:\/\/behostels.com\/pt-br\/?s={search_term_string}"},"query-input":"required name=search_term_string"}],"inLanguage":"pt-BR"},{"@type":"Organization","@id":"https:\/\/behostels.com\/pt-br\/#organization","name":"Be Hostels","url":"https:\/\/behostels.com\/pt-br\/","logo":{"@type":"ImageObject","inLanguage":"pt-BR","@id":"https:\/\/behostels.com\/pt-br\/#\/schema\/logo\/image\/","url":"https:\/\/behostels.com\/wp-content\/uploads\/2015\/06\/be_reservations_logo.jpg","contentUrl":"https:\/\/behostels.com\/wp-content\/uploads\/2015\/06\/be_reservations_logo.jpg","width":130,"height":130,"caption":"Be Hostels"},"image":{"@id":"https:\/\/behostels.com\/pt-br\/#\/schema\/logo\/image\/"}}]}},"_links":{"self":[{"href":"https:\/\/behostels.com\/pt-br\/wp-json\/wp\/v2\/pages\/215"}],"collection":[{"href":"https:\/\/behostels.com\/pt-br\/wp-json\/wp\/v2\/pages"}],"about":[{"href":"https:\/\/behostels.com\/pt-br\/wp-json\/wp\/v2\/types\/page"}],"author":[{"embeddable":true,"href":"https:\/\/behostels.com\/pt-br\/wp-json\/wp\/v2\/users\/1"}],"replies":[{"embeddable":true,"href":"https:\/\/behostels.com\/pt-br\/wp-json\/wp\/v2\/comments?post=215"}],"version-history":[{"count":0,"href":"https:\/\/behostels.com\/pt-br\/wp-json\/wp\/v2\/pages\/215\/revisions"}],"up":[{"embeddable":true,"href":"https:\/\/behostels.com\/pt-br\/wp-json\/wp\/v2\/pages\/199"}],"wp:attachment":[{"href":"https:\/\/behostels.com\/pt-br\/wp-json\/wp\/v2\/media?parent=215"}],"curies":[{"name":"wp","href":"https:\/\/api.w.org\/{rel}","templated":true}]}}