{"id":199,"date":"2015-06-10T12:23:43","date_gmt":"2015-06-10T12:23:43","guid":{"rendered":"https:\/\/behostels.com\/?page_id=199"},"modified":"2015-07-08T17:40:07","modified_gmt":"2015-07-08T17:40:07","slug":"dream","status":"publish","type":"page","link":"https:\/\/behostels.com\/pt-br\/dream\/","title":{"rendered":"Be Dream Hostel Barcelona"},"content":{"rendered":"<h2>Viajantes do mundo, preparem-se! Be Hostels oferece a voc\u00ea um lugar para desfrutar de toda Barcelona al\u00e9m de uma \u00f3tima localiza\u00e7\u00e3o do lado da praia.<\/h2>\r\n\n\n<div id=\"wk-grid9ae\" class=\"uk-grid-width-1-1 uk-grid-width-medium-1-3 uk-grid uk-grid-match uk-grid-medium uk-text-center \" data-uk-grid-match=\"{target:'> div > .uk-panel', row:true}\" data-uk-grid-margin  data-uk-scrollspy=\"{cls:'uk-animation-fade uk-invisible', target:'> div > .uk-panel', delay:300}\">\n\n\n    <div>\n        <div class=\"uk-panel uk-invisible\">\n\n            \n            \n                        <div class=\"uk-text-center uk-panel-teaser\"><div class=\"uk-overlay uk-overlay-hover uk-border-circle\"><img loading=\"lazy\" decoding=\"async\" src=\"\/wp-content\/uploads\/2015\/07\/be-hostels-badalona-beach.jpg\" class=\"uk-border-circle uk-overlay-scale\" alt=\"Desfrute de um Hostel, perto da Praia\" width=\"359\" height=\"359\"><div class=\"uk-overlay-panel uk-overlay-background uk-overlay-icon uk-overlay-fade\"><\/div><a class=\"uk-position-cover\" href=\"http:\/\/behostels.com\/pt-br\/dream\/localizacao\/\" title=\"Desfrute de um Hostel, perto da Praia\"><\/a><\/div><\/div>\n            \n            \n            \n            \n            \n                        <div class=\"uk-margin\">Desfrute de um Hostel, perto da Praia<\/div>\n            \n            \n            \n            \n        <\/div>\n    <\/div>\n\n\n    <div>\n        <div class=\"uk-panel uk-invisible\">\n\n            \n            \n                        <div class=\"uk-text-center uk-panel-teaser\"><div class=\"uk-overlay uk-overlay-hover uk-border-circle\"><img loading=\"lazy\" decoding=\"async\" src=\"\/wp-content\/uploads\/2015\/07\/be-dream-barcelona-hostel-rooms-and-dorms.jpg\" class=\"uk-border-circle uk-overlay-scale\" alt=\"Escolha o seu dormit\u00f3rio\" width=\"613\" height=\"613\"><div class=\"uk-overlay-panel uk-overlay-background uk-overlay-icon uk-overlay-fade\"><\/div><a class=\"uk-position-cover\" href=\"http:\/\/behostels.com\/pt-br\/dream\/quartos\/\" title=\"Escolha o seu dormit\u00f3rio\"><\/a><\/div><\/div>\n            \n            \n            \n            \n            \n                        <div class=\"uk-margin\">Escolha o seu dormit\u00f3rio<\/div>\n            \n            \n            \n            \n        <\/div>\n    <\/div>\n\n\n    <div>\n        <div class=\"uk-panel uk-invisible\">\n\n            \n            \n                        <div class=\"uk-text-center uk-panel-teaser\"><div class=\"uk-overlay uk-overlay-hover uk-border-circle\"><img loading=\"lazy\" decoding=\"async\" src=\"\/wp-content\/uploads\/2015\/07\/be-dream-barcelona-hostel-private-rooms.jpg\" class=\"uk-border-circle uk-overlay-scale\" alt=\"Escolha o seu Quarto Duplo\" width=\"900\" height=\"900\"><div class=\"uk-overlay-panel uk-overlay-background uk-overlay-icon uk-overlay-fade\"><\/div><a class=\"uk-position-cover\" href=\"http:\/\/behostels.com\/pt-br\/dream\/quartos\/\" title=\"Escolha o seu Quarto Duplo\"><\/a><\/div><\/div>\n            \n            \n            \n            \n            \n                        <div class=\"uk-margin\">Escolha o seu Quarto Duplo<\/div>\n            \n            \n            \n            \n        <\/div>\n    <\/div>\n\n\n<\/div>\n\n<script>\n(function($){\n\n    \/\/ get the images of the gallery and replace it by a canvas of the same size to fix the problem with overlapping images on load.\n    $('img[width][height]:not(.uk-overlay-panel)', $('#wk-grid9ae')).each(function() {\n\n        var $img = $(this);\n\n        if (this.width == 'auto' || this.height == 'auto' || !$img.is(':visible')) {\n            return;\n        }\n\n        var $canvas = $('<canvas class=\"uk-responsive-width\"><\/canvas>').attr({width:$img.attr('width'), height:$img.attr('height')}),\n            img = new Image,\n            release = function() {\n                $canvas.remove();\n                $img.css('display', '');\n                release = function(){};\n            };\n\n        $img.css('display', 'none').after($canvas);\n\n        $(img).on('load', function(){ release(); });\n        setTimeout(function(){ release(); }, 1000);\n\n        img.src = this.src;\n\n    });\n\n})(jQuery);\n<\/script>\n\r\n<h3 style=\"text-align: left;\">Este \u00e9 o lugar perfeito para relaxar, fazer amigos, ser criativo e descobrir um pouco mais sobre <strong>Barcelona<\/strong> e seu centro, a apenas 15 minutos da rede de metr\u00f4.<\/h3>\r\n\r\n<h2 class=\"fantasy\">Sinta-se em casa com os servi\u00e7os ao seu dispor em Be Dream Hostel:<\/h2>\r\n<div class=\"uk-grid\">\r\n<div class=\"uk-width-large-1-2 uk-width-medium-1-2 uk-width-small-1-1\">\r\n<ul>\r\n\t<li>Passeio Pedestre gratuito<\/li>\r\n\t<li>Acesso gratuito \u00e0 Internet nos computadores<\/li>\r\n\t<li>Wi-Fi Gratuita<\/li>\r\n\t<li>Cacifos com chave electr\u00f3nica<\/li>\r\n\t<li>Mapas de Barcelona gr\u00e1tis<\/li>\r\n\t<li>Cozinha dispon\u00edvel<\/li>\r\n\t<li>Recep\u00e7\u00e3o 24 horas<\/li>\r\n\t<li>Terra\u00e7o exterior com sofas, puffs e mesa de ping-pong<\/li>\r\n\t<li>Sala com Tv, DVD, Nintendo Wii e jogos de mesa<\/li>\r\n<\/ul>\r\n<\/div>\r\n<div class=\"uk-width-large-1-2 uk-width-medium-1-2 uk-width-small-1-1\">\r\n<ul>\r\n\t<li>Sala de conv\u00edvio bonita e confort\u00e1vel<\/li>\r\n\t<li>Ar condicionado e aquecimento<\/li>\r\n\t<li>Actividades dispon\u00edveis: Pub crawls, tapas e flamenco &#8230;<\/li>\r\n\t<li>Recepcionistas Internacionais e prest\u00e1veis<\/li>\r\n\t<li>Cacifos para guardar bagagem<\/li>\r\n\t<li>M\u00e1quinas de lavar e secar roupa operadas por moedas<\/li>\r\n\t<li>Len\u00e7ois ou toalhas podem ser alugadas por 2,5 \u20ac<\/li>\r\n\t<li>Estacionamento para bicicletas<\/li>\r\n<\/ul>\r\n<\/div>\r\n<\/div>","protected":false},"excerpt":{"rendered":"<p>Viajantes do mundo, preparem-se! Be Hostels oferece a voc\u00ea um lugar para desfrutar de toda Barcelona al\u00e9m de uma \u00f3tima localiza\u00e7\u00e3o do lado da praia. Este \u00e9 o lugar perfeito para relaxar, fazer amigos, ser criativo e descobrir um pouco mais sobre Barcelona e seu centro, a apenas 15 minutos da rede de metr\u00f4. Sinta-se [&hellip;]<\/p>\n","protected":false},"author":1,"featured_media":0,"parent":0,"menu_order":0,"comment_status":"closed","ping_status":"closed","template":"","meta":{"footnotes":""},"yoast_head":"<!-- This site is optimized with the Yoast SEO plugin v22.7 - https:\/\/yoast.com\/wordpress\/plugins\/seo\/ -->\n<title>Be Dream Hostel Barcelona fica do lado da praia<\/title>\n<meta name=\"description\" content=\"Escolha Be Dream Hostel Barcelona para hospedar-se e desfrutar da proximidade da praia. A apenas 15 minutos do centro com o metr\u00f4\" \/>\n<meta name=\"robots\" content=\"index, follow, max-snippet:-1, max-image-preview:large, max-video-preview:-1\" \/>\n<link rel=\"canonical\" href=\"https:\/\/behostels.com\/pt-br\/dream\/\" \/>\n<meta property=\"og:locale\" content=\"pt_BR\" \/>\n<meta property=\"og:type\" content=\"article\" \/>\n<meta property=\"og:title\" content=\"Be Dream Hostel Barcelona fica do lado da praia\" \/>\n<meta property=\"og:description\" content=\"Escolha Be Dream Hostel Barcelona para hospedar-se e desfrutar da proximidade da praia. A apenas 15 minutos do centro com o metr\u00f4\" \/>\n<meta property=\"og:url\" content=\"https:\/\/behostels.com\/pt-br\/dream\/\" \/>\n<meta property=\"og:site_name\" content=\"Be Hostels\" \/>\n<meta property=\"article:modified_time\" content=\"2015-07-08T17:40:07+00:00\" \/>\n<meta name=\"twitter:card\" content=\"summary_large_image\" \/>\n<meta name=\"twitter:label1\" content=\"Est. tempo de leitura\" \/>\n\t<meta name=\"twitter:data1\" content=\"1 minuto\" \/>\n<script type=\"application\/ld+json\" class=\"yoast-schema-graph\">{\"@context\":\"https:\/\/schema.org\",\"@graph\":[{\"@type\":\"WebPage\",\"@id\":\"https:\/\/behostels.com\/pt-br\/dream\/\",\"url\":\"https:\/\/behostels.com\/pt-br\/dream\/\",\"name\":\"Be Dream Hostel Barcelona fica do lado da praia\",\"isPartOf\":{\"@id\":\"https:\/\/behostels.com\/pt-br\/#website\"},\"datePublished\":\"2015-06-10T12:23:43+00:00\",\"dateModified\":\"2015-07-08T17:40:07+00:00\",\"description\":\"Escolha Be Dream Hostel Barcelona para hospedar-se e desfrutar da proximidade da praia. A apenas 15 minutos do centro com o metr\u00f4\",\"breadcrumb\":{\"@id\":\"https:\/\/behostels.com\/pt-br\/dream\/#breadcrumb\"},\"inLanguage\":\"pt-BR\",\"potentialAction\":[{\"@type\":\"ReadAction\",\"target\":[\"https:\/\/behostels.com\/pt-br\/dream\/\"]}]},{\"@type\":\"BreadcrumbList\",\"@id\":\"https:\/\/behostels.com\/pt-br\/dream\/#breadcrumb\",\"itemListElement\":[{\"@type\":\"ListItem\",\"position\":1,\"name\":\"Home\",\"item\":\"https:\/\/behostels.com\/pt-br\/\"},{\"@type\":\"ListItem\",\"position\":2,\"name\":\"Be Dream Hostel Barcelona\"}]},{\"@type\":\"WebSite\",\"@id\":\"https:\/\/behostels.com\/pt-br\/#website\",\"url\":\"https:\/\/behostels.com\/pt-br\/\",\"name\":\"Be Hostels\",\"description\":\"\",\"publisher\":{\"@id\":\"https:\/\/behostels.com\/pt-br\/#organization\"},\"potentialAction\":[{\"@type\":\"SearchAction\",\"target\":{\"@type\":\"EntryPoint\",\"urlTemplate\":\"https:\/\/behostels.com\/pt-br\/?s={search_term_string}\"},\"query-input\":\"required name=search_term_string\"}],\"inLanguage\":\"pt-BR\"},{\"@type\":\"Organization\",\"@id\":\"https:\/\/behostels.com\/pt-br\/#organization\",\"name\":\"Be Hostels\",\"url\":\"https:\/\/behostels.com\/pt-br\/\",\"logo\":{\"@type\":\"ImageObject\",\"inLanguage\":\"pt-BR\",\"@id\":\"https:\/\/behostels.com\/pt-br\/#\/schema\/logo\/image\/\",\"url\":\"https:\/\/behostels.com\/wp-content\/uploads\/2015\/06\/be_reservations_logo.jpg\",\"contentUrl\":\"https:\/\/behostels.com\/wp-content\/uploads\/2015\/06\/be_reservations_logo.jpg\",\"width\":130,\"height\":130,\"caption\":\"Be Hostels\"},\"image\":{\"@id\":\"https:\/\/behostels.com\/pt-br\/#\/schema\/logo\/image\/\"}}]}<\/script>\n<!-- \/ Yoast SEO plugin. -->","yoast_head_json":{"title":"Be Dream Hostel Barcelona fica do lado da praia","description":"Escolha Be Dream Hostel Barcelona para hospedar-se e desfrutar da proximidade da praia. A apenas 15 minutos do centro com o metr\u00f4","robots":{"index":"index","follow":"follow","max-snippet":"max-snippet:-1","max-image-preview":"max-image-preview:large","max-video-preview":"max-video-preview:-1"},"canonical":"https:\/\/behostels.com\/pt-br\/dream\/","og_locale":"pt_BR","og_type":"article","og_title":"Be Dream Hostel Barcelona fica do lado da praia","og_description":"Escolha Be Dream Hostel Barcelona para hospedar-se e desfrutar da proximidade da praia. A apenas 15 minutos do centro com o metr\u00f4","og_url":"https:\/\/behostels.com\/pt-br\/dream\/","og_site_name":"Be Hostels","article_modified_time":"2015-07-08T17:40:07+00:00","twitter_card":"summary_large_image","twitter_misc":{"Est. tempo de leitura":"1 minuto"},"schema":{"@context":"https:\/\/schema.org","@graph":[{"@type":"WebPage","@id":"https:\/\/behostels.com\/pt-br\/dream\/","url":"https:\/\/behostels.com\/pt-br\/dream\/","name":"Be Dream Hostel Barcelona fica do lado da praia","isPartOf":{"@id":"https:\/\/behostels.com\/pt-br\/#website"},"datePublished":"2015-06-10T12:23:43+00:00","dateModified":"2015-07-08T17:40:07+00:00","description":"Escolha Be Dream Hostel Barcelona para hospedar-se e desfrutar da proximidade da praia. A apenas 15 minutos do centro com o metr\u00f4","breadcrumb":{"@id":"https:\/\/behostels.com\/pt-br\/dream\/#breadcrumb"},"inLanguage":"pt-BR","potentialAction":[{"@type":"ReadAction","target":["https:\/\/behostels.com\/pt-br\/dream\/"]}]},{"@type":"BreadcrumbList","@id":"https:\/\/behostels.com\/pt-br\/dream\/#breadcrumb","itemListElement":[{"@type":"ListItem","position":1,"name":"Home","item":"https:\/\/behostels.com\/pt-br\/"},{"@type":"ListItem","position":2,"name":"Be Dream Hostel Barcelona"}]},{"@type":"WebSite","@id":"https:\/\/behostels.com\/pt-br\/#website","url":"https:\/\/behostels.com\/pt-br\/","name":"Be Hostels","description":"","publisher":{"@id":"https:\/\/behostels.com\/pt-br\/#organization"},"potentialAction":[{"@type":"SearchAction","target":{"@type":"EntryPoint","urlTemplate":"https:\/\/behostels.com\/pt-br\/?s={search_term_string}"},"query-input":"required name=search_term_string"}],"inLanguage":"pt-BR"},{"@type":"Organization","@id":"https:\/\/behostels.com\/pt-br\/#organization","name":"Be Hostels","url":"https:\/\/behostels.com\/pt-br\/","logo":{"@type":"ImageObject","inLanguage":"pt-BR","@id":"https:\/\/behostels.com\/pt-br\/#\/schema\/logo\/image\/","url":"https:\/\/behostels.com\/wp-content\/uploads\/2015\/06\/be_reservations_logo.jpg","contentUrl":"https:\/\/behostels.com\/wp-content\/uploads\/2015\/06\/be_reservations_logo.jpg","width":130,"height":130,"caption":"Be Hostels"},"image":{"@id":"https:\/\/behostels.com\/pt-br\/#\/schema\/logo\/image\/"}}]}},"_links":{"self":[{"href":"https:\/\/behostels.com\/pt-br\/wp-json\/wp\/v2\/pages\/199"}],"collection":[{"href":"https:\/\/behostels.com\/pt-br\/wp-json\/wp\/v2\/pages"}],"about":[{"href":"https:\/\/behostels.com\/pt-br\/wp-json\/wp\/v2\/types\/page"}],"author":[{"embeddable":true,"href":"https:\/\/behostels.com\/pt-br\/wp-json\/wp\/v2\/users\/1"}],"replies":[{"embeddable":true,"href":"https:\/\/behostels.com\/pt-br\/wp-json\/wp\/v2\/comments?post=199"}],"version-history":[{"count":0,"href":"https:\/\/behostels.com\/pt-br\/wp-json\/wp\/v2\/pages\/199\/revisions"}],"wp:attachment":[{"href":"https:\/\/behostels.com\/pt-br\/wp-json\/wp\/v2\/media?parent=199"}],"curies":[{"name":"wp","href":"https:\/\/api.w.org\/{rel}","templated":true}]}}