{"id":19,"date":"2015-06-08T14:57:07","date_gmt":"2015-06-08T14:57:07","guid":{"rendered":"https:\/\/behostels.com\/?page_id=19"},"modified":"2015-06-08T15:16:04","modified_gmt":"2015-06-08T15:16:04","slug":"reservas-be-hostels","status":"publish","type":"page","link":"https:\/\/behostels.com\/pt-br\/reservas-be-hostels\/","title":{"rendered":"Reservas Be Hostels"},"content":{"rendered":"Se voc\u00ea quiser fazer uma reserva connosco, utilize Be Hostels <a title=\"Go Booking Engine Be Hostels\" href=\"https:\/\/booking.behostels.com\" target=\"_blank\"><strong><span style=\"color: #3366ff;\">Booking Engine<\/span><\/strong><\/a>\r\n\r\n<h2>Condi\u00e7\u00f5es de albergues<\/h2>\r\n<p><\/p>\r\n\r\n<h3>Condi\u00e7\u00f5es de pagamento da reserva:<\/h3>\r\nNenhum d\u00e9bito ser\u00e1 realizado no seu cart\u00e3o por quaisquer itens pr\u00e9-pagos. O valor total da reserva ser\u00e1 pago no dia da entrada.\r\n\r\n<strong>Para reservas que chegam a partir de 1 de novembro de 2012 voc\u00ea ter\u00e1 que pagar uma taxa de turismo. Este imposto tur\u00edstico n\u00e3o est\u00e1 inclu\u00eddo na sua reserva. Para Be Mar Hostel, Be Sound Hostel e Be Ramblas Hotel, o imposto \u00e9 de 0,75 \u20ac por pessoa, por noite durante os primeiros 7 noites. E ser\u00e1 pago no momento da chegada. Seja para Dream Hostel o imposto \u00e9 de 0,50 \u20ac por pessoa, por noite durante os primeiros 7 noites. E ser\u00e1 pago no momento da chegada.<\/strong>\r\n\r\nSe o cancelamento n\u00e3o for abrangido pela nossa pol\u00edtica ou se o h\u00f3spede n\u00e3o comparecer no hotel no dia da entrada, o valor da primeira noite ser\u00e1 debitado no cart\u00e3o.\r\n\r\nSe o cart\u00e3o fornecido for falso e um erro do sistema for registrado, a reserva ser\u00e1 inv\u00e1lida e, por tanto, automaticamente cancelada sem aviso pr\u00e9vio.\r\n\r\n&nbsp;\r\n<h3>Pol\u00edtica de cancelamento<\/h3>\r\n\r\n\r\nOs cancelamentos ser\u00e3o feitos via e-mail. Os cancelamentos por telefone n\u00e3o ser\u00e3o aceitos.\r\n\r\nOs cancelamentos n\u00e3o ser\u00e3o penalizados sempre que estes forem notificados antes das 12h00 do dia da entrada.\r\n\r\nSe uma reserva for cancelada ap\u00f3s 12h00 do dia da entrada, o valor da primeira di\u00e1ria ser\u00e1 debitada no cart\u00e3o de cr\u00e9dito.\r\n\r\nEm caso de \u201cno-show\u201d, a reserva ser\u00e1 debitada no cart\u00e3o de cr\u00e9dito.\r\n\r\nPara reservas realizadas em outros sites, por favor, contate diretamente conosco a respeito das taxas e dep\u00f3sitos da reserva.\r\n\r\n&nbsp;\r\n<h3>Modifica\u00e7\u00e3o e condi\u00e7\u00f5es de cancelamento:<\/h3>\r\n\r\nToda modifica\u00e7\u00e3o de reserva ser\u00e1 realizada unicamente via e-mail, aplicando-se a pol\u00edtica de cancelamento se for o caso.\r\n\r\nQuaisquer controv\u00e9rsias que venham a surgir em decorr\u00eancia dos servi\u00e7os contratados e recebidos ser\u00e3o dirimidas diretamente na recep\u00e7\u00e3o do hotel durante a hospedagem.\r\n\r\nEm caso de reembolso, toda taxa banc\u00e1ria incidente na transfer\u00eancia ficar\u00e1 a cargo do cliente.\r\n\r\n&nbsp;\r\n<h3>Informa\u00e7\u00e3o dos albergues:<\/h3>\r\n\r\n\r\nO caf\u00e9 da manh\u00e3, a conex\u00e3o \u00e0 Internet, os cobertores e os mapas est\u00e3o inclu\u00eddos na tarifa.\r\n\r\nAs toalhas e a roupa de cama podem ser alugadas por 2,5 \u20ac por estadia.\r\n\r\nA hora do check-out \u00e9 11h00. Se o check-out ocorrer ap\u00f3s 12h00, uma di\u00e1ria extra ser\u00e1 debitada.\r\n\r\nSe o check-out ocorrer ap\u00f3s 12h00 sem ser notificado na recep\u00e7\u00e3o, o pessoal do albergue estar\u00e1 autorizado a retirar os pertences do h\u00f3spede do quarto.\r\n\r\n\r\nDurante o check-in, dever\u00e1 apresentar um documento de identidade com foto, uma carteira de motorista ou passaporte.\r\n\r\nDurante o check-in, o valor total da reserva dever\u00e1 ser pago. Ao realizar o check-out, o h\u00f3spede se obriga a devolver os len\u00e7\u00f3is e a chave do locker.\r\n\r\nSe o h\u00f3spede quiser realizar o check-out antes da data estabelecida na reserva, aplicar-se-\u00e1 a pol\u00edtica de cancelamento.\r\n\r\nProibida a entrada de animais de estima\u00e7\u00e3o.\r\n\r\nO albergue reserva-se expressamente o direito de entrada ou de terminar a estada de h\u00f3spedes \u00e0 sua discri\u00e7\u00e3o.\r\n\r\n\r\nOs clientes obrigam-se a tratar com respeito os outros h\u00f3spedes ou funcion\u00e1rios do hostal e a responsabilizar-se pelos seus atos durante sua estada em nossas instala\u00e7\u00f5es.\r\n\r\nSe os dados fornecidos no momento de fazer a reserva forem incorretos, a reserva n\u00e3o ser\u00e1 confirmada.\r\n\r\n&nbsp;\r\n<h3>Condi\u00e7\u00f5es de uso do Sistema de Reservas online de Be Hostels:<\/h3>\r\nOs usu\u00e1rios dever\u00e3o ter a maioridade (18 anos) e a personalidade jur\u00eddica para contratar os servi\u00e7os oferecidos neste website.\r\n\r\nA informa\u00e7\u00e3o pessoal ser\u00e1 verdadeira e ser\u00e1 gerida de acordo com a lei.\r\n\r\nOs pre\u00e7os e as condi\u00e7\u00f5es das reservas s\u00e3o os especificados neste website.\r\n\r\nAs ofertas ser\u00e3o v\u00e1lidas durante o tempo especificado nas mesmas.\r\n\r\nEm caso de erros inform\u00e1ticos ou tipogr\u00e1ficos nos pre\u00e7os, tomar-se-\u00e3o as devidas provid\u00eancias para corrigi-los enquanto forem detectados.\r\n\r\nO <strong>I.V.A. <\/strong>est\u00e1 inclu\u00eddo na tarifa da reserva.\r\n\r\n&nbsp;","protected":false},"excerpt":{"rendered":"<p>Se voc\u00ea quiser fazer uma reserva connosco, utilize Be Hostels Booking Engine Condi\u00e7\u00f5es de albergues Condi\u00e7\u00f5es de pagamento da reserva: Nenhum d\u00e9bito ser\u00e1 realizado no seu cart\u00e3o por quaisquer itens pr\u00e9-pagos. O valor total da reserva ser\u00e1 pago no dia da entrada. Para reservas que chegam a partir de 1 de novembro de 2012 voc\u00ea [&hellip;]<\/p>\n","protected":false},"author":1,"featured_media":0,"parent":0,"menu_order":0,"comment_status":"closed","ping_status":"open","template":"","meta":{"footnotes":""},"yoast_head":"<!-- This site is optimized with the Yoast SEO plugin v22.7 - https:\/\/yoast.com\/wordpress\/plugins\/seo\/ -->\n<title>Be Hostels Barcelona: Reservas<\/title>\n<meta name=\"description\" content=\"Pol\u00edticas de reserva e cancelamento de Be Hostels\" \/>\n<meta name=\"robots\" content=\"index, follow, max-snippet:-1, max-image-preview:large, max-video-preview:-1\" \/>\n<link rel=\"canonical\" href=\"https:\/\/behostels.com\/pt-br\/reservas-be-hostels\/\" \/>\n<meta property=\"og:locale\" content=\"pt_BR\" \/>\n<meta property=\"og:type\" content=\"article\" \/>\n<meta property=\"og:title\" content=\"Be Hostels Barcelona: Reservas\" \/>\n<meta property=\"og:description\" content=\"Pol\u00edticas de reserva e cancelamento de Be Hostels\" \/>\n<meta property=\"og:url\" content=\"https:\/\/behostels.com\/pt-br\/reservas-be-hostels\/\" \/>\n<meta property=\"og:site_name\" content=\"Be Hostels\" \/>\n<meta property=\"article:modified_time\" content=\"2015-06-08T15:16:04+00:00\" \/>\n<meta name=\"twitter:card\" content=\"summary_large_image\" \/>\n<meta name=\"twitter:label1\" content=\"Est. tempo de leitura\" \/>\n\t<meta name=\"twitter:data1\" content=\"3 minutos\" \/>\n<script type=\"application\/ld+json\" class=\"yoast-schema-graph\">{\"@context\":\"https:\/\/schema.org\",\"@graph\":[{\"@type\":\"WebPage\",\"@id\":\"https:\/\/behostels.com\/pt-br\/reservas-be-hostels\/\",\"url\":\"https:\/\/behostels.com\/pt-br\/reservas-be-hostels\/\",\"name\":\"Be Hostels Barcelona: Reservas\",\"isPartOf\":{\"@id\":\"https:\/\/behostels.com\/pt-br\/#website\"},\"datePublished\":\"2015-06-08T14:57:07+00:00\",\"dateModified\":\"2015-06-08T15:16:04+00:00\",\"description\":\"Pol\u00edticas de reserva e cancelamento de Be Hostels\",\"breadcrumb\":{\"@id\":\"https:\/\/behostels.com\/pt-br\/reservas-be-hostels\/#breadcrumb\"},\"inLanguage\":\"pt-BR\",\"potentialAction\":[{\"@type\":\"ReadAction\",\"target\":[\"https:\/\/behostels.com\/pt-br\/reservas-be-hostels\/\"]}]},{\"@type\":\"BreadcrumbList\",\"@id\":\"https:\/\/behostels.com\/pt-br\/reservas-be-hostels\/#breadcrumb\",\"itemListElement\":[{\"@type\":\"ListItem\",\"position\":1,\"name\":\"Home\",\"item\":\"https:\/\/behostels.com\/pt-br\/\"},{\"@type\":\"ListItem\",\"position\":2,\"name\":\"Reservas Be Hostels\"}]},{\"@type\":\"WebSite\",\"@id\":\"https:\/\/behostels.com\/pt-br\/#website\",\"url\":\"https:\/\/behostels.com\/pt-br\/\",\"name\":\"Be Hostels\",\"description\":\"\",\"publisher\":{\"@id\":\"https:\/\/behostels.com\/pt-br\/#organization\"},\"potentialAction\":[{\"@type\":\"SearchAction\",\"target\":{\"@type\":\"EntryPoint\",\"urlTemplate\":\"https:\/\/behostels.com\/pt-br\/?s={search_term_string}\"},\"query-input\":\"required name=search_term_string\"}],\"inLanguage\":\"pt-BR\"},{\"@type\":\"Organization\",\"@id\":\"https:\/\/behostels.com\/pt-br\/#organization\",\"name\":\"Be Hostels\",\"url\":\"https:\/\/behostels.com\/pt-br\/\",\"logo\":{\"@type\":\"ImageObject\",\"inLanguage\":\"pt-BR\",\"@id\":\"https:\/\/behostels.com\/pt-br\/#\/schema\/logo\/image\/\",\"url\":\"https:\/\/behostels.com\/wp-content\/uploads\/2015\/06\/be_reservations_logo.jpg\",\"contentUrl\":\"https:\/\/behostels.com\/wp-content\/uploads\/2015\/06\/be_reservations_logo.jpg\",\"width\":130,\"height\":130,\"caption\":\"Be Hostels\"},\"image\":{\"@id\":\"https:\/\/behostels.com\/pt-br\/#\/schema\/logo\/image\/\"}}]}<\/script>\n<!-- \/ Yoast SEO plugin. -->","yoast_head_json":{"title":"Be Hostels Barcelona: Reservas","description":"Pol\u00edticas de reserva e cancelamento de Be Hostels","robots":{"index":"index","follow":"follow","max-snippet":"max-snippet:-1","max-image-preview":"max-image-preview:large","max-video-preview":"max-video-preview:-1"},"canonical":"https:\/\/behostels.com\/pt-br\/reservas-be-hostels\/","og_locale":"pt_BR","og_type":"article","og_title":"Be Hostels Barcelona: Reservas","og_description":"Pol\u00edticas de reserva e cancelamento de Be Hostels","og_url":"https:\/\/behostels.com\/pt-br\/reservas-be-hostels\/","og_site_name":"Be Hostels","article_modified_time":"2015-06-08T15:16:04+00:00","twitter_card":"summary_large_image","twitter_misc":{"Est. tempo de leitura":"3 minutos"},"schema":{"@context":"https:\/\/schema.org","@graph":[{"@type":"WebPage","@id":"https:\/\/behostels.com\/pt-br\/reservas-be-hostels\/","url":"https:\/\/behostels.com\/pt-br\/reservas-be-hostels\/","name":"Be Hostels Barcelona: Reservas","isPartOf":{"@id":"https:\/\/behostels.com\/pt-br\/#website"},"datePublished":"2015-06-08T14:57:07+00:00","dateModified":"2015-06-08T15:16:04+00:00","description":"Pol\u00edticas de reserva e cancelamento de Be Hostels","breadcrumb":{"@id":"https:\/\/behostels.com\/pt-br\/reservas-be-hostels\/#breadcrumb"},"inLanguage":"pt-BR","potentialAction":[{"@type":"ReadAction","target":["https:\/\/behostels.com\/pt-br\/reservas-be-hostels\/"]}]},{"@type":"BreadcrumbList","@id":"https:\/\/behostels.com\/pt-br\/reservas-be-hostels\/#breadcrumb","itemListElement":[{"@type":"ListItem","position":1,"name":"Home","item":"https:\/\/behostels.com\/pt-br\/"},{"@type":"ListItem","position":2,"name":"Reservas Be Hostels"}]},{"@type":"WebSite","@id":"https:\/\/behostels.com\/pt-br\/#website","url":"https:\/\/behostels.com\/pt-br\/","name":"Be Hostels","description":"","publisher":{"@id":"https:\/\/behostels.com\/pt-br\/#organization"},"potentialAction":[{"@type":"SearchAction","target":{"@type":"EntryPoint","urlTemplate":"https:\/\/behostels.com\/pt-br\/?s={search_term_string}"},"query-input":"required name=search_term_string"}],"inLanguage":"pt-BR"},{"@type":"Organization","@id":"https:\/\/behostels.com\/pt-br\/#organization","name":"Be Hostels","url":"https:\/\/behostels.com\/pt-br\/","logo":{"@type":"ImageObject","inLanguage":"pt-BR","@id":"https:\/\/behostels.com\/pt-br\/#\/schema\/logo\/image\/","url":"https:\/\/behostels.com\/wp-content\/uploads\/2015\/06\/be_reservations_logo.jpg","contentUrl":"https:\/\/behostels.com\/wp-content\/uploads\/2015\/06\/be_reservations_logo.jpg","width":130,"height":130,"caption":"Be Hostels"},"image":{"@id":"https:\/\/behostels.com\/pt-br\/#\/schema\/logo\/image\/"}}]}},"_links":{"self":[{"href":"https:\/\/behostels.com\/pt-br\/wp-json\/wp\/v2\/pages\/19"}],"collection":[{"href":"https:\/\/behostels.com\/pt-br\/wp-json\/wp\/v2\/pages"}],"about":[{"href":"https:\/\/behostels.com\/pt-br\/wp-json\/wp\/v2\/types\/page"}],"author":[{"embeddable":true,"href":"https:\/\/behostels.com\/pt-br\/wp-json\/wp\/v2\/users\/1"}],"replies":[{"embeddable":true,"href":"https:\/\/behostels.com\/pt-br\/wp-json\/wp\/v2\/comments?post=19"}],"version-history":[{"count":0,"href":"https:\/\/behostels.com\/pt-br\/wp-json\/wp\/v2\/pages\/19\/revisions"}],"wp:attachment":[{"href":"https:\/\/behostels.com\/pt-br\/wp-json\/wp\/v2\/media?parent=19"}],"curies":[{"name":"wp","href":"https:\/\/api.w.org\/{rel}","templated":true}]}}