{"id":185,"date":"2015-06-09T16:15:48","date_gmt":"2015-06-09T16:15:48","guid":{"rendered":"https:\/\/behostels.com\/?page_id=185"},"modified":"2015-09-17T15:44:16","modified_gmt":"2015-09-17T15:44:16","slug":"instalacoes","status":"publish","type":"page","link":"https:\/\/behostels.com\/pt-br\/sound\/instalacoes\/","title":{"rendered":"N\u00f3s oferecemos-lhe as melhores instala\u00e7\u00f5es em Be Sound Hostel Barcelona"},"content":{"rendered":"<h2 class=\"fantasy\">Todas as atividades perfeita e gratuito voc\u00ea pode encontrar no Be Sound Hostel para desfrutar a sua estadia em Barcelona! Ao fazer o check-in disp\u00f5em de:<\/h2>\r\n<div class=\"uk-grid\">\r\n<div class=\"uk-width-large-1-2 uk-width-medium-1-2 uk-width-small-1-1\">\r\n<ul>\r\n\t<li>Passeio Pedestre gratuito<\/li>\r\n\t<li>Acesso gratuito \u00e0 Internet nos computadores<\/li>\r\n\t<li>Wi-Fi Gratuita<\/li>\r\n\t<li>Cacifos com chave electr\u00f3nica<\/li>\r\n\t<li>Mapas de Barcelona gr\u00e1tis<\/li>\r\n\t<li>Cozinha dispon\u00edvel<\/li>\r\n        <li>Actividades dispon\u00edveis: Pub crawls, tapas e flamenco &#8230;<\/li>\r\n\t<li>Recep\u00e7\u00e3o 24 horas<\/li>\r\n\t\r\n<\/ul>\r\n<\/div>\r\n<div class=\"uk-width-large-1-2 uk-width-medium-1-2 uk-width-small-1-1\">\r\n<ul>\r\n\t<li>Terra\u00e7o lindo<\/li>\r\n\t<li>Sala de conv\u00edvio bonita e confort\u00e1vel<\/li>\r\n\t<li>Ar condicionado e aquecimento<\/li>\r\n\t<li>Recepcionistas Internacionais e prest\u00e1veis<\/li>\r\n\t<li>Cacifos para guardar bagagem<\/li>\r\n\t<li>M\u00e1quinas de lavar e secar roupa operadas por moedas<\/li>\r\n\t<li>Len\u00e7ois ou toalhas podem ser alugadas por 2,5 \u20ac<\/li>\r\n\t<li>Estacionamento para bicicletas<\/li>\r\n<\/ul>\r\n<\/div>\r\n<\/div>\r\n<br \/>\r\n<br \/>\r\n<iframe loading=\"lazy\" width=\"920\" height=\"600\" frameborder=\"0\" scrolling=\"no\" marginheight=\"0\" marginwidth=\"0\" src=\"https:\/\/www.google.es\/maps?q=be+sound+hostel&amp;layer=c&amp;sll=41.375885,2.171036&amp;cid=17286067778879946973&amp;panoid=XObqsOZxnYAAAAQIt85OOw&amp;cbp=13,303.51,,0,0.47&amp;ie=UTF8&amp;hq=be+sound+hostel&amp;hnear=&amp;t=m&amp;cbll=41.375784,2.171174&amp;source=embed&amp;ll=41.373,2.171173&amp;spn=0.009661,0.019741&amp;z=16&amp;output=svembed\"><\/iframe>","protected":false},"excerpt":{"rendered":"<p>Todas as atividades perfeita e gratuito voc\u00ea pode encontrar no Be Sound Hostel para desfrutar a sua estadia em Barcelona! Ao fazer o check-in disp\u00f5em de: Passeio Pedestre gratuito Acesso gratuito \u00e0 Internet nos computadores Wi-Fi Gratuita Cacifos com chave electr\u00f3nica Mapas de Barcelona gr\u00e1tis Cozinha dispon\u00edvel Actividades dispon\u00edveis: Pub crawls, tapas e flamenco &#8230; [&hellip;]<\/p>\n","protected":false},"author":1,"featured_media":0,"parent":134,"menu_order":0,"comment_status":"closed","ping_status":"open","template":"","meta":{"footnotes":""},"yoast_head":"<!-- This site is optimized with the Yoast SEO plugin v22.7 - https:\/\/yoast.com\/wordpress\/plugins\/seo\/ -->\n<title>Instala\u00e7\u00f5es Be Sound Hostel<\/title>\n<meta name=\"description\" content=\"Voc\u00ea pode encontrar tudo que precisa em Be Sound Hostel em Barcelona!\" \/>\n<meta name=\"robots\" content=\"index, follow, max-snippet:-1, max-image-preview:large, max-video-preview:-1\" \/>\n<link rel=\"canonical\" href=\"https:\/\/behostels.com\/pt-br\/sound\/instalacoes\/\" \/>\n<meta property=\"og:locale\" content=\"pt_BR\" \/>\n<meta property=\"og:type\" content=\"article\" \/>\n<meta property=\"og:title\" content=\"Instala\u00e7\u00f5es Be Sound Hostel\" \/>\n<meta property=\"og:description\" content=\"Voc\u00ea pode encontrar tudo que precisa em Be Sound Hostel em Barcelona!\" \/>\n<meta property=\"og:url\" content=\"https:\/\/behostels.com\/pt-br\/sound\/instalacoes\/\" \/>\n<meta property=\"og:site_name\" content=\"Be Hostels\" \/>\n<meta property=\"article:modified_time\" content=\"2015-09-17T15:44:16+00:00\" \/>\n<meta name=\"twitter:card\" content=\"summary_large_image\" \/>\n<meta name=\"twitter:label1\" content=\"Est. tempo de leitura\" \/>\n\t<meta name=\"twitter:data1\" content=\"1 minuto\" \/>\n<script type=\"application\/ld+json\" class=\"yoast-schema-graph\">{\"@context\":\"https:\/\/schema.org\",\"@graph\":[{\"@type\":\"WebPage\",\"@id\":\"https:\/\/behostels.com\/pt-br\/sound\/instalacoes\/\",\"url\":\"https:\/\/behostels.com\/pt-br\/sound\/instalacoes\/\",\"name\":\"Instala\u00e7\u00f5es Be Sound Hostel\",\"isPartOf\":{\"@id\":\"https:\/\/behostels.com\/pt-br\/#website\"},\"datePublished\":\"2015-06-09T16:15:48+00:00\",\"dateModified\":\"2015-09-17T15:44:16+00:00\",\"description\":\"Voc\u00ea pode encontrar tudo que precisa em Be Sound Hostel em Barcelona!\",\"breadcrumb\":{\"@id\":\"https:\/\/behostels.com\/pt-br\/sound\/instalacoes\/#breadcrumb\"},\"inLanguage\":\"pt-BR\",\"potentialAction\":[{\"@type\":\"ReadAction\",\"target\":[\"https:\/\/behostels.com\/pt-br\/sound\/instalacoes\/\"]}]},{\"@type\":\"BreadcrumbList\",\"@id\":\"https:\/\/behostels.com\/pt-br\/sound\/instalacoes\/#breadcrumb\",\"itemListElement\":[{\"@type\":\"ListItem\",\"position\":1,\"name\":\"Home\",\"item\":\"https:\/\/behostels.com\/pt-br\/\"},{\"@type\":\"ListItem\",\"position\":2,\"name\":\"Be Sound Hostel Barcelona: hostel barato, confort\u00e1vel e original na cidade\",\"item\":\"https:\/\/behostels.com\/pt-br\/sound\/\"},{\"@type\":\"ListItem\",\"position\":3,\"name\":\"N\u00f3s oferecemos-lhe as melhores instala\u00e7\u00f5es em Be Sound Hostel Barcelona\"}]},{\"@type\":\"WebSite\",\"@id\":\"https:\/\/behostels.com\/pt-br\/#website\",\"url\":\"https:\/\/behostels.com\/pt-br\/\",\"name\":\"Be Hostels\",\"description\":\"\",\"publisher\":{\"@id\":\"https:\/\/behostels.com\/pt-br\/#organization\"},\"potentialAction\":[{\"@type\":\"SearchAction\",\"target\":{\"@type\":\"EntryPoint\",\"urlTemplate\":\"https:\/\/behostels.com\/pt-br\/?s={search_term_string}\"},\"query-input\":\"required name=search_term_string\"}],\"inLanguage\":\"pt-BR\"},{\"@type\":\"Organization\",\"@id\":\"https:\/\/behostels.com\/pt-br\/#organization\",\"name\":\"Be Hostels\",\"url\":\"https:\/\/behostels.com\/pt-br\/\",\"logo\":{\"@type\":\"ImageObject\",\"inLanguage\":\"pt-BR\",\"@id\":\"https:\/\/behostels.com\/pt-br\/#\/schema\/logo\/image\/\",\"url\":\"https:\/\/behostels.com\/wp-content\/uploads\/2015\/06\/be_reservations_logo.jpg\",\"contentUrl\":\"https:\/\/behostels.com\/wp-content\/uploads\/2015\/06\/be_reservations_logo.jpg\",\"width\":130,\"height\":130,\"caption\":\"Be Hostels\"},\"image\":{\"@id\":\"https:\/\/behostels.com\/pt-br\/#\/schema\/logo\/image\/\"}}]}<\/script>\n<!-- \/ Yoast SEO plugin. -->","yoast_head_json":{"title":"Instala\u00e7\u00f5es Be Sound Hostel","description":"Voc\u00ea pode encontrar tudo que precisa em Be Sound Hostel em Barcelona!","robots":{"index":"index","follow":"follow","max-snippet":"max-snippet:-1","max-image-preview":"max-image-preview:large","max-video-preview":"max-video-preview:-1"},"canonical":"https:\/\/behostels.com\/pt-br\/sound\/instalacoes\/","og_locale":"pt_BR","og_type":"article","og_title":"Instala\u00e7\u00f5es Be Sound Hostel","og_description":"Voc\u00ea pode encontrar tudo que precisa em Be Sound Hostel em Barcelona!","og_url":"https:\/\/behostels.com\/pt-br\/sound\/instalacoes\/","og_site_name":"Be Hostels","article_modified_time":"2015-09-17T15:44:16+00:00","twitter_card":"summary_large_image","twitter_misc":{"Est. tempo de leitura":"1 minuto"},"schema":{"@context":"https:\/\/schema.org","@graph":[{"@type":"WebPage","@id":"https:\/\/behostels.com\/pt-br\/sound\/instalacoes\/","url":"https:\/\/behostels.com\/pt-br\/sound\/instalacoes\/","name":"Instala\u00e7\u00f5es Be Sound Hostel","isPartOf":{"@id":"https:\/\/behostels.com\/pt-br\/#website"},"datePublished":"2015-06-09T16:15:48+00:00","dateModified":"2015-09-17T15:44:16+00:00","description":"Voc\u00ea pode encontrar tudo que precisa em Be Sound Hostel em Barcelona!","breadcrumb":{"@id":"https:\/\/behostels.com\/pt-br\/sound\/instalacoes\/#breadcrumb"},"inLanguage":"pt-BR","potentialAction":[{"@type":"ReadAction","target":["https:\/\/behostels.com\/pt-br\/sound\/instalacoes\/"]}]},{"@type":"BreadcrumbList","@id":"https:\/\/behostels.com\/pt-br\/sound\/instalacoes\/#breadcrumb","itemListElement":[{"@type":"ListItem","position":1,"name":"Home","item":"https:\/\/behostels.com\/pt-br\/"},{"@type":"ListItem","position":2,"name":"Be Sound Hostel Barcelona: hostel barato, confort\u00e1vel e original na cidade","item":"https:\/\/behostels.com\/pt-br\/sound\/"},{"@type":"ListItem","position":3,"name":"N\u00f3s oferecemos-lhe as melhores instala\u00e7\u00f5es em Be Sound Hostel Barcelona"}]},{"@type":"WebSite","@id":"https:\/\/behostels.com\/pt-br\/#website","url":"https:\/\/behostels.com\/pt-br\/","name":"Be Hostels","description":"","publisher":{"@id":"https:\/\/behostels.com\/pt-br\/#organization"},"potentialAction":[{"@type":"SearchAction","target":{"@type":"EntryPoint","urlTemplate":"https:\/\/behostels.com\/pt-br\/?s={search_term_string}"},"query-input":"required name=search_term_string"}],"inLanguage":"pt-BR"},{"@type":"Organization","@id":"https:\/\/behostels.com\/pt-br\/#organization","name":"Be Hostels","url":"https:\/\/behostels.com\/pt-br\/","logo":{"@type":"ImageObject","inLanguage":"pt-BR","@id":"https:\/\/behostels.com\/pt-br\/#\/schema\/logo\/image\/","url":"https:\/\/behostels.com\/wp-content\/uploads\/2015\/06\/be_reservations_logo.jpg","contentUrl":"https:\/\/behostels.com\/wp-content\/uploads\/2015\/06\/be_reservations_logo.jpg","width":130,"height":130,"caption":"Be Hostels"},"image":{"@id":"https:\/\/behostels.com\/pt-br\/#\/schema\/logo\/image\/"}}]}},"_links":{"self":[{"href":"https:\/\/behostels.com\/pt-br\/wp-json\/wp\/v2\/pages\/185"}],"collection":[{"href":"https:\/\/behostels.com\/pt-br\/wp-json\/wp\/v2\/pages"}],"about":[{"href":"https:\/\/behostels.com\/pt-br\/wp-json\/wp\/v2\/types\/page"}],"author":[{"embeddable":true,"href":"https:\/\/behostels.com\/pt-br\/wp-json\/wp\/v2\/users\/1"}],"replies":[{"embeddable":true,"href":"https:\/\/behostels.com\/pt-br\/wp-json\/wp\/v2\/comments?post=185"}],"version-history":[{"count":0,"href":"https:\/\/behostels.com\/pt-br\/wp-json\/wp\/v2\/pages\/185\/revisions"}],"up":[{"embeddable":true,"href":"https:\/\/behostels.com\/pt-br\/wp-json\/wp\/v2\/pages\/134"}],"wp:attachment":[{"href":"https:\/\/behostels.com\/pt-br\/wp-json\/wp\/v2\/media?parent=185"}],"curies":[{"name":"wp","href":"https:\/\/api.w.org\/{rel}","templated":true}]}}