{"id":17,"date":"2015-06-08T14:51:40","date_gmt":"2015-06-08T14:51:40","guid":{"rendered":"https:\/\/behostels.com\/?page_id=17"},"modified":"2015-07-15T13:11:58","modified_gmt":"2015-07-15T13:11:58","slug":"acomodacao-em-barcelona-por-que-escolher-be-hostels","status":"publish","type":"page","link":"https:\/\/behostels.com\/pt-br\/acomodacao-em-barcelona-por-que-escolher-be-hostels\/","title":{"rendered":"Acomoda\u00e7\u00e3o em Barcelona: Por que escolher Be Hostels?"},"content":{"rendered":"<h3><a href=\"https:\/\/behostels.com\/pt-br\/\">Be Hostels<\/a> segue a linha dos albergues tradicionais, tornando-o num espa\u00e7o convidativo para entrosar-se com outros viajantes, e, eventualmente, voltar para casa fazendo novas amizades.<\/h3>\r\n\r\n<h2 class=\"fantasy\">Be Hostels Barcelona: melhores instala\u00e7\u00f5es, pre\u00e7os baratos<\/h2>\r\n<div class=\"uk-grid uk-text-left uk-flex-middle\">\r\n\t<div class=\"uk-width-medium-1-3\">\r\n\t\t<div class=\"uk-overlay uk-overlay-hover uk-border-circle\">\r\n\t\t\t<img decoding=\"async\" src=\"\/wp-content\/uploads\/2015\/06\/why-choose-be-hostels1.jpg\" class=\"uk-border-circle uk-overlay-scale\" alt=\"Why choose Be hostels?\">\r\n\t\t<\/div>\r\n\t<\/div>\r\n\t<div class=\"uk-width-medium-2-3\">\r\n\t<p>Conhe\u00e7a pessoas do mundo inteiro nas \u00e1reas comunit\u00e1rias durante as atividades organizadas. <a href=\"https:\/\/behostels.com\/pt-br\/\"><strong>Be Hostels<\/strong><\/a> ainda oferece as novas ferramentas de viagem: <strong>wi-fi gratuita<\/strong>, pontos de <strong>Internet gratuitos<\/strong> nas \u00e1reas comunit\u00e1rias, o mais avan\u00e7ado sistema de <strong>reservas online<\/strong>, e as novidades mais quentes atrav\u00e9s do nosso <a href=\"https:\/\/behostels.com\/barcelona-news\/\"><strong>blog<\/strong><\/a><\/p>\r\n\r\n<p><strong><a title=\"Al\u00e9m\" href=\"https:\/\/behostels.com\/pt-br\/\"><strong>Be Hostels<\/strong><\/a> oferece <strong>caf\u00e9 da manh\u00e3 por cortesia<\/strong> e <strong>um tour a p\u00e9 ou em bicicleta gratuito<\/strong>!<\/strong><\/p>\r\n\r\n<p>Quer mais? Ap\u00f3s seu check-in em <a href=\"https:\/\/behostels.com\/pt-br\/\"><strong>Be Hostels<\/strong><\/a>, leve uma &#8220;tapa&#8221; gratuita acompanhada de uma ta\u00e7a de vinho ou cerveja no <a href=\"https:\/\/behostels.com\/pt-br\/restaurante-be-hostels-em-barcelona-meson-david\/\"><strong>Restaurante Be Hostels: Mes\u00f3n David<\/strong><\/a>!<\/p>\r\n\r\n\t<\/div>\r\n<\/div>\r\n\r\n<p>Os melhores lugares da pulsante <strong>Barcelona<\/strong> s\u00e3o recomendados na nossa recep\u00e7\u00e3o. Receba as melhores dicas para descobrir nossa vibrante cidade! <a href=\"https:\/\/behostels.com\/pt-br\/\"><strong>Be Hostels<\/strong><\/a> possui a melhor localiza\u00e7\u00e3o; <a href=\"https:\/\/behostels.com\/pt-br\/?page_id=73\"><strong>Be Mar Hostel<\/strong><\/a>, <a href=\"https:\/\/behostels.com\/pt-br\/sound\/\"><strong>Be Sound Hostel<\/strong><\/a> e <a href=\"https:\/\/behostels.com\/pt-br\/ramblas\/\"><strong>Be Ramblas Hotel<\/strong><\/a> ficam no centro de <strong>Barcelona<\/strong>, e <a href=\"https:\/\/behostels.com\/dream\/pt-br\/\"><strong>Be Dream Hostel<\/strong><\/a> \u00e9 o nosso <a href=\"https:\/\/behostels.com\/pt-br\/?page_id=73\"><strong>albergue de praia Be Hostel<\/strong><\/a>!<\/p>\r\n<div class=\"destacado\"><strong><strong><a title=\"Enjoy Barcelona\u2019s best affordable lodging at Be Hostels!\" href=\"https:\/\/behostels.com\/pt-br\/\">Be Hostels<\/a><\/strong><\/strong> \u00e9 a garantia de uma <strong>hospedagem de qualidade<\/strong>, uma <strong>localiza\u00e7\u00e3o \u00fanica<\/strong> e <strong>\u00f3timos pre\u00e7os<\/strong>! Fique conosco em <strong><strong><strong><a title=\"Enjoy Barcelona\u2019s best affordable lodging at Be Hostels!\" href=\"https:\/\/behostels.com\/pt-br\/\">Be Hostels<\/a><\/strong><\/strong><\/strong> e viva uma <strong>hospedagem<\/strong> \u00fanica em <strong>Barcelona<\/strong>!<\/div>\r\n&nbsp;\r\n<span class=\"frase\"><p>Continuar viajando Continue sorrindo!<\/p><\/span>\r\n","protected":false},"excerpt":{"rendered":"<p>Be Hostels segue a linha dos albergues tradicionais, tornando-o num espa\u00e7o convidativo para entrosar-se com outros viajantes, e, eventualmente, voltar para casa fazendo novas amizades. Be Hostels Barcelona: melhores instala\u00e7\u00f5es, pre\u00e7os baratos Conhe\u00e7a pessoas do mundo inteiro nas \u00e1reas comunit\u00e1rias durante as atividades organizadas. Be Hostels ainda oferece as novas ferramentas de viagem: wi-fi gratuita, [&hellip;]<\/p>\n","protected":false},"author":1,"featured_media":0,"parent":0,"menu_order":0,"comment_status":"closed","ping_status":"closed","template":"","meta":{"footnotes":""},"yoast_head":"<!-- This site is optimized with the Yoast SEO plugin v22.7 - https:\/\/yoast.com\/wordpress\/plugins\/seo\/ -->\n<title>Acomoda\u00e7\u00e3o em Barcelona: Por que escolher Be Hostels?<\/title>\n<meta name=\"description\" content=\"As instala\u00e7\u00f5es de Be Hostels j\u00e1 s\u00e3o um atrativo para o viajante alternativo. Barcelona \u00e9 um sonho que n\u00e3o se acaba, realize-o em Be Hostels!\" \/>\n<meta name=\"robots\" content=\"index, follow, max-snippet:-1, max-image-preview:large, max-video-preview:-1\" \/>\n<link rel=\"canonical\" href=\"https:\/\/behostels.com\/pt-br\/acomodacao-em-barcelona-por-que-escolher-be-hostels\/\" \/>\n<meta property=\"og:locale\" content=\"pt_BR\" \/>\n<meta property=\"og:type\" content=\"article\" \/>\n<meta property=\"og:title\" content=\"Acomoda\u00e7\u00e3o em Barcelona: Por que escolher Be Hostels?\" \/>\n<meta property=\"og:description\" content=\"As instala\u00e7\u00f5es de Be Hostels j\u00e1 s\u00e3o um atrativo para o viajante alternativo. Barcelona \u00e9 um sonho que n\u00e3o se acaba, realize-o em Be Hostels!\" \/>\n<meta property=\"og:url\" content=\"https:\/\/behostels.com\/pt-br\/acomodacao-em-barcelona-por-que-escolher-be-hostels\/\" \/>\n<meta property=\"og:site_name\" content=\"Be Hostels\" \/>\n<meta property=\"article:modified_time\" content=\"2015-07-15T13:11:58+00:00\" \/>\n<meta property=\"og:image\" content=\"https:\/\/behostels.com\/wp-content\/uploads\/2015\/06\/why-choose-be-hostels1.jpg\" \/>\n<meta name=\"twitter:card\" content=\"summary_large_image\" \/>\n<meta name=\"twitter:label1\" content=\"Est. tempo de leitura\" \/>\n\t<meta name=\"twitter:data1\" content=\"1 minuto\" \/>\n<script type=\"application\/ld+json\" class=\"yoast-schema-graph\">{\"@context\":\"https:\/\/schema.org\",\"@graph\":[{\"@type\":\"WebPage\",\"@id\":\"https:\/\/behostels.com\/pt-br\/acomodacao-em-barcelona-por-que-escolher-be-hostels\/\",\"url\":\"https:\/\/behostels.com\/pt-br\/acomodacao-em-barcelona-por-que-escolher-be-hostels\/\",\"name\":\"Acomoda\u00e7\u00e3o em Barcelona: Por que escolher Be Hostels?\",\"isPartOf\":{\"@id\":\"https:\/\/behostels.com\/pt-br\/#website\"},\"datePublished\":\"2015-06-08T14:51:40+00:00\",\"dateModified\":\"2015-07-15T13:11:58+00:00\",\"description\":\"As instala\u00e7\u00f5es de Be Hostels j\u00e1 s\u00e3o um atrativo para o viajante alternativo. Barcelona \u00e9 um sonho que n\u00e3o se acaba, realize-o em Be Hostels!\",\"breadcrumb\":{\"@id\":\"https:\/\/behostels.com\/pt-br\/acomodacao-em-barcelona-por-que-escolher-be-hostels\/#breadcrumb\"},\"inLanguage\":\"pt-BR\",\"potentialAction\":[{\"@type\":\"ReadAction\",\"target\":[\"https:\/\/behostels.com\/pt-br\/acomodacao-em-barcelona-por-que-escolher-be-hostels\/\"]}]},{\"@type\":\"BreadcrumbList\",\"@id\":\"https:\/\/behostels.com\/pt-br\/acomodacao-em-barcelona-por-que-escolher-be-hostels\/#breadcrumb\",\"itemListElement\":[{\"@type\":\"ListItem\",\"position\":1,\"name\":\"Home\",\"item\":\"https:\/\/behostels.com\/pt-br\/\"},{\"@type\":\"ListItem\",\"position\":2,\"name\":\"Acomoda\u00e7\u00e3o em Barcelona: Por que escolher Be Hostels?\"}]},{\"@type\":\"WebSite\",\"@id\":\"https:\/\/behostels.com\/pt-br\/#website\",\"url\":\"https:\/\/behostels.com\/pt-br\/\",\"name\":\"Be Hostels\",\"description\":\"\",\"publisher\":{\"@id\":\"https:\/\/behostels.com\/pt-br\/#organization\"},\"potentialAction\":[{\"@type\":\"SearchAction\",\"target\":{\"@type\":\"EntryPoint\",\"urlTemplate\":\"https:\/\/behostels.com\/pt-br\/?s={search_term_string}\"},\"query-input\":\"required name=search_term_string\"}],\"inLanguage\":\"pt-BR\"},{\"@type\":\"Organization\",\"@id\":\"https:\/\/behostels.com\/pt-br\/#organization\",\"name\":\"Be Hostels\",\"url\":\"https:\/\/behostels.com\/pt-br\/\",\"logo\":{\"@type\":\"ImageObject\",\"inLanguage\":\"pt-BR\",\"@id\":\"https:\/\/behostels.com\/pt-br\/#\/schema\/logo\/image\/\",\"url\":\"https:\/\/behostels.com\/wp-content\/uploads\/2015\/06\/be_reservations_logo.jpg\",\"contentUrl\":\"https:\/\/behostels.com\/wp-content\/uploads\/2015\/06\/be_reservations_logo.jpg\",\"width\":130,\"height\":130,\"caption\":\"Be Hostels\"},\"image\":{\"@id\":\"https:\/\/behostels.com\/pt-br\/#\/schema\/logo\/image\/\"}}]}<\/script>\n<!-- \/ Yoast SEO plugin. -->","yoast_head_json":{"title":"Acomoda\u00e7\u00e3o em Barcelona: Por que escolher Be Hostels?","description":"As instala\u00e7\u00f5es de Be Hostels j\u00e1 s\u00e3o um atrativo para o viajante alternativo. Barcelona \u00e9 um sonho que n\u00e3o se acaba, realize-o em Be Hostels!","robots":{"index":"index","follow":"follow","max-snippet":"max-snippet:-1","max-image-preview":"max-image-preview:large","max-video-preview":"max-video-preview:-1"},"canonical":"https:\/\/behostels.com\/pt-br\/acomodacao-em-barcelona-por-que-escolher-be-hostels\/","og_locale":"pt_BR","og_type":"article","og_title":"Acomoda\u00e7\u00e3o em Barcelona: Por que escolher Be Hostels?","og_description":"As instala\u00e7\u00f5es de Be Hostels j\u00e1 s\u00e3o um atrativo para o viajante alternativo. Barcelona \u00e9 um sonho que n\u00e3o se acaba, realize-o em Be Hostels!","og_url":"https:\/\/behostels.com\/pt-br\/acomodacao-em-barcelona-por-que-escolher-be-hostels\/","og_site_name":"Be Hostels","article_modified_time":"2015-07-15T13:11:58+00:00","og_image":[{"url":"https:\/\/behostels.com\/wp-content\/uploads\/2015\/06\/why-choose-be-hostels1.jpg"}],"twitter_card":"summary_large_image","twitter_misc":{"Est. tempo de leitura":"1 minuto"},"schema":{"@context":"https:\/\/schema.org","@graph":[{"@type":"WebPage","@id":"https:\/\/behostels.com\/pt-br\/acomodacao-em-barcelona-por-que-escolher-be-hostels\/","url":"https:\/\/behostels.com\/pt-br\/acomodacao-em-barcelona-por-que-escolher-be-hostels\/","name":"Acomoda\u00e7\u00e3o em Barcelona: Por que escolher Be Hostels?","isPartOf":{"@id":"https:\/\/behostels.com\/pt-br\/#website"},"datePublished":"2015-06-08T14:51:40+00:00","dateModified":"2015-07-15T13:11:58+00:00","description":"As instala\u00e7\u00f5es de Be Hostels j\u00e1 s\u00e3o um atrativo para o viajante alternativo. Barcelona \u00e9 um sonho que n\u00e3o se acaba, realize-o em Be Hostels!","breadcrumb":{"@id":"https:\/\/behostels.com\/pt-br\/acomodacao-em-barcelona-por-que-escolher-be-hostels\/#breadcrumb"},"inLanguage":"pt-BR","potentialAction":[{"@type":"ReadAction","target":["https:\/\/behostels.com\/pt-br\/acomodacao-em-barcelona-por-que-escolher-be-hostels\/"]}]},{"@type":"BreadcrumbList","@id":"https:\/\/behostels.com\/pt-br\/acomodacao-em-barcelona-por-que-escolher-be-hostels\/#breadcrumb","itemListElement":[{"@type":"ListItem","position":1,"name":"Home","item":"https:\/\/behostels.com\/pt-br\/"},{"@type":"ListItem","position":2,"name":"Acomoda\u00e7\u00e3o em Barcelona: Por que escolher Be Hostels?"}]},{"@type":"WebSite","@id":"https:\/\/behostels.com\/pt-br\/#website","url":"https:\/\/behostels.com\/pt-br\/","name":"Be Hostels","description":"","publisher":{"@id":"https:\/\/behostels.com\/pt-br\/#organization"},"potentialAction":[{"@type":"SearchAction","target":{"@type":"EntryPoint","urlTemplate":"https:\/\/behostels.com\/pt-br\/?s={search_term_string}"},"query-input":"required name=search_term_string"}],"inLanguage":"pt-BR"},{"@type":"Organization","@id":"https:\/\/behostels.com\/pt-br\/#organization","name":"Be Hostels","url":"https:\/\/behostels.com\/pt-br\/","logo":{"@type":"ImageObject","inLanguage":"pt-BR","@id":"https:\/\/behostels.com\/pt-br\/#\/schema\/logo\/image\/","url":"https:\/\/behostels.com\/wp-content\/uploads\/2015\/06\/be_reservations_logo.jpg","contentUrl":"https:\/\/behostels.com\/wp-content\/uploads\/2015\/06\/be_reservations_logo.jpg","width":130,"height":130,"caption":"Be Hostels"},"image":{"@id":"https:\/\/behostels.com\/pt-br\/#\/schema\/logo\/image\/"}}]}},"_links":{"self":[{"href":"https:\/\/behostels.com\/pt-br\/wp-json\/wp\/v2\/pages\/17"}],"collection":[{"href":"https:\/\/behostels.com\/pt-br\/wp-json\/wp\/v2\/pages"}],"about":[{"href":"https:\/\/behostels.com\/pt-br\/wp-json\/wp\/v2\/types\/page"}],"author":[{"embeddable":true,"href":"https:\/\/behostels.com\/pt-br\/wp-json\/wp\/v2\/users\/1"}],"replies":[{"embeddable":true,"href":"https:\/\/behostels.com\/pt-br\/wp-json\/wp\/v2\/comments?post=17"}],"version-history":[{"count":0,"href":"https:\/\/behostels.com\/pt-br\/wp-json\/wp\/v2\/pages\/17\/revisions"}],"wp:attachment":[{"href":"https:\/\/behostels.com\/pt-br\/wp-json\/wp\/v2\/media?parent=17"}],"curies":[{"name":"wp","href":"https:\/\/api.w.org\/{rel}","templated":true}]}}