{"id":167,"date":"2015-06-09T15:58:57","date_gmt":"2015-06-09T15:58:57","guid":{"rendered":"https:\/\/behostels.com\/?page_id=167"},"modified":"2015-11-09T14:22:22","modified_gmt":"2015-11-09T14:22:22","slug":"quartos","status":"publish","type":"page","link":"https:\/\/behostels.com\/pt-br\/sound\/quartos\/","title":{"rendered":"Quartos"},"content":{"rendered":"\n\n<div id=\"wk-gridb96\" class=\"uk-grid-width-1-1 uk-grid-width-medium-1-3 uk-grid uk-grid-match uk-grid-medium uk-text-center \" data-uk-grid-match=\"{target:'> div > .uk-panel', row:true}\" data-uk-grid-margin  data-uk-scrollspy=\"{cls:'uk-animation-fade uk-invisible', target:'> div > .uk-panel', delay:300}\">\n\n\n    <div>\n        <div class=\"uk-panel uk-invisible\">\n\n            \n            \n                        <div class=\"uk-text-center uk-panel-teaser\"><img loading=\"lazy\" decoding=\"async\" src=\"\/wp-content\/uploads\/2015\/11\/SharedRoom8Beds.jpg\" class=\"uk-border-circle uk-overlay-scale\" alt=\"Shared Room 8 Beds\" width=\"600\" height=\"600\"><\/div>\n            \n            \n            \n            \n            \n                        <div class=\"uk-margin\"><a class=\"uk-button\" href=\"https:\/\/booking.behostels.com\/?day=08\/04\/2026&#038;nights=7&#038;hotel=sound\">Dormit\u00f3rios de 8 camas<\/a><\/div>\n            \n            \n            \n            \n        <\/div>\n    <\/div>\n\n\n    <div>\n        <div class=\"uk-panel uk-invisible\">\n\n            \n            \n                        <div class=\"uk-text-center uk-panel-teaser\"><img loading=\"lazy\" decoding=\"async\" src=\"\/wp-content\/uploads\/2015\/11\/SharedRoom6Beds.jpg\" class=\"uk-border-circle uk-overlay-scale\" alt=\"Shared Room 6 Beds\" width=\"600\" height=\"600\"><\/div>\n            \n            \n            \n            \n            \n                        <div class=\"uk-margin\"><a class=\"uk-button\" href=\"https:\/\/booking.behostels.com\/?day=08\/04\/2026&#038;nights=7&#038;hotel=sound\">Dormit\u00f3rios de 6 camas<\/a><\/div>\n            \n            \n            \n            \n        <\/div>\n    <\/div>\n\n\n    <div>\n        <div class=\"uk-panel uk-invisible\">\n\n            \n            \n                        <div class=\"uk-text-center uk-panel-teaser\"><img loading=\"lazy\" decoding=\"async\" src=\"\/wp-content\/uploads\/2015\/11\/PrivateRoom4Beds.jpg\" class=\"uk-border-circle uk-overlay-scale\" alt=\"Private Room 4 beds\" width=\"600\" height=\"600\"><\/div>\n            \n            \n            \n            \n            \n                        <div class=\"uk-margin\"><a class=\"uk-button\" href=\"https:\/\/booking.behostels.com\/?day=08\/04\/2026&#038;nights=7&#038;hotel=sound\">Quartos privados de 4 camas<\/a><\/div>\n            \n            \n            \n            \n        <\/div>\n    <\/div>\n\n\n<\/div>\n\n<script>\n(function($){\n\n    \/\/ get the images of the gallery and replace it by a canvas of the same size to fix the problem with overlapping images on load.\n    $('img[width][height]:not(.uk-overlay-panel)', $('#wk-gridb96')).each(function() {\n\n        var $img = $(this);\n\n        if (this.width == 'auto' || this.height == 'auto' || !$img.is(':visible')) {\n            return;\n        }\n\n        var $canvas = $('<canvas class=\"uk-responsive-width\"><\/canvas>').attr({width:$img.attr('width'), height:$img.attr('height')}),\n            img = new Image,\n            release = function() {\n                $canvas.remove();\n                $img.css('display', '');\n                release = function(){};\n            };\n\n        $img.css('display', 'none').after($canvas);\n\n        $(img).on('load', function(){ release(); });\n        setTimeout(function(){ release(); }, 1000);\n\n        img.src = this.src;\n\n    });\n\n})(jQuery);\n<\/script>\n\r\n<br>\r\n<br>\r\n<div class=\"destacado\">\r\n\t<h2 class=\"fantasy\">Os quartos no Be Mar Hostel<\/h2>\r\n<ul>\r\n\t<li><strong>Dormit\u00f3rios de beliches com 6 ou 8 camas<\/strong> com casa de banho partilhada<\/li>\r\n\t<li><strong>4 pessoa quarto <\/strong>com casa de banho partilhada<\/li>\r\n\r\n<\/ul>\r\n<\/div>\r\n<h2 class=\"fantasy\">Os dormit\u00f3rios disp\u00f5em do seguinte:<\/h2>\r\n<ul class=\"rooms\">\r\n\t<li><strong>Cacifos grandes<\/strong> ao lado de sua cama gratuitos<\/li>\r\n\t<li>O cacifo funciona com <strong>chave eletr\u00f4nica pessoal<\/strong>. Esta chave abre a porta principal, a porta do seu quarto e a porta do seu cacifo. F\u00e1cil e seguro!<\/li>\r\n\t<li><strong>Ar condicionado<\/strong> e <strong>aquecimento<\/strong><\/li>\r\n\t<li><strong>Edredom, cobertor e almofada<\/strong> gratuitos<\/li>\r\n\t<li>Len\u00e7ois e toalhas podem ser alugados na recep\u00e7\u00e3o por 2,5 \u20ac<\/li>\r\n<\/ul>\r\n* O quarto com 4 camas deve ser reservado por 4 pessoas\r\n\r\n","protected":false},"excerpt":{"rendered":"<p>Os quartos no Be Mar Hostel Dormit\u00f3rios de beliches com 6 ou 8 camas com casa de banho partilhada 4 pessoa quarto com casa de banho partilhada Os dormit\u00f3rios disp\u00f5em do seguinte: Cacifos grandes ao lado de sua cama gratuitos O cacifo funciona com chave eletr\u00f4nica pessoal. Esta chave abre a porta principal, a porta [&hellip;]<\/p>\n","protected":false},"author":1,"featured_media":0,"parent":134,"menu_order":0,"comment_status":"closed","ping_status":"open","template":"","meta":{"footnotes":""},"yoast_head":"<!-- This site is optimized with the Yoast SEO plugin v22.7 - https:\/\/yoast.com\/wordpress\/plugins\/seo\/ -->\n<title>Quartos Be Sound Hostel em Barcelona centro<\/title>\n<meta name=\"description\" content=\"Veja os nossos quartos agrad\u00e1veis \u200b\u200be confort\u00e1veis \u200b\u200bno Be Sound Hostel em Barcelona.\" \/>\n<meta name=\"robots\" content=\"index, follow, max-snippet:-1, max-image-preview:large, max-video-preview:-1\" \/>\n<link rel=\"canonical\" href=\"https:\/\/behostels.com\/pt-br\/sound\/quartos\/\" \/>\n<meta property=\"og:locale\" content=\"pt_BR\" \/>\n<meta property=\"og:type\" content=\"article\" \/>\n<meta property=\"og:title\" content=\"Quartos Be Sound Hostel em Barcelona centro\" \/>\n<meta property=\"og:description\" content=\"Veja os nossos quartos agrad\u00e1veis \u200b\u200be confort\u00e1veis \u200b\u200bno Be Sound Hostel em Barcelona.\" \/>\n<meta property=\"og:url\" content=\"https:\/\/behostels.com\/pt-br\/sound\/quartos\/\" \/>\n<meta property=\"og:site_name\" content=\"Be Hostels\" \/>\n<meta property=\"article:modified_time\" content=\"2015-11-09T14:22:22+00:00\" \/>\n<meta name=\"twitter:card\" content=\"summary_large_image\" \/>\n<meta name=\"twitter:label1\" content=\"Est. tempo de leitura\" \/>\n\t<meta name=\"twitter:data1\" content=\"1 minuto\" \/>\n<script type=\"application\/ld+json\" class=\"yoast-schema-graph\">{\"@context\":\"https:\/\/schema.org\",\"@graph\":[{\"@type\":\"WebPage\",\"@id\":\"https:\/\/behostels.com\/pt-br\/sound\/quartos\/\",\"url\":\"https:\/\/behostels.com\/pt-br\/sound\/quartos\/\",\"name\":\"Quartos Be Sound Hostel em Barcelona centro\",\"isPartOf\":{\"@id\":\"https:\/\/behostels.com\/pt-br\/#website\"},\"datePublished\":\"2015-06-09T15:58:57+00:00\",\"dateModified\":\"2015-11-09T14:22:22+00:00\",\"description\":\"Veja os nossos quartos agrad\u00e1veis \u200b\u200be confort\u00e1veis \u200b\u200bno Be Sound Hostel em Barcelona.\",\"breadcrumb\":{\"@id\":\"https:\/\/behostels.com\/pt-br\/sound\/quartos\/#breadcrumb\"},\"inLanguage\":\"pt-BR\",\"potentialAction\":[{\"@type\":\"ReadAction\",\"target\":[\"https:\/\/behostels.com\/pt-br\/sound\/quartos\/\"]}]},{\"@type\":\"BreadcrumbList\",\"@id\":\"https:\/\/behostels.com\/pt-br\/sound\/quartos\/#breadcrumb\",\"itemListElement\":[{\"@type\":\"ListItem\",\"position\":1,\"name\":\"Home\",\"item\":\"https:\/\/behostels.com\/pt-br\/\"},{\"@type\":\"ListItem\",\"position\":2,\"name\":\"Be Sound Hostel Barcelona: hostel barato, confort\u00e1vel e original na cidade\",\"item\":\"https:\/\/behostels.com\/pt-br\/sound\/\"},{\"@type\":\"ListItem\",\"position\":3,\"name\":\"Quartos\"}]},{\"@type\":\"WebSite\",\"@id\":\"https:\/\/behostels.com\/pt-br\/#website\",\"url\":\"https:\/\/behostels.com\/pt-br\/\",\"name\":\"Be Hostels\",\"description\":\"\",\"publisher\":{\"@id\":\"https:\/\/behostels.com\/pt-br\/#organization\"},\"potentialAction\":[{\"@type\":\"SearchAction\",\"target\":{\"@type\":\"EntryPoint\",\"urlTemplate\":\"https:\/\/behostels.com\/pt-br\/?s={search_term_string}\"},\"query-input\":\"required name=search_term_string\"}],\"inLanguage\":\"pt-BR\"},{\"@type\":\"Organization\",\"@id\":\"https:\/\/behostels.com\/pt-br\/#organization\",\"name\":\"Be Hostels\",\"url\":\"https:\/\/behostels.com\/pt-br\/\",\"logo\":{\"@type\":\"ImageObject\",\"inLanguage\":\"pt-BR\",\"@id\":\"https:\/\/behostels.com\/pt-br\/#\/schema\/logo\/image\/\",\"url\":\"https:\/\/behostels.com\/wp-content\/uploads\/2015\/06\/be_reservations_logo.jpg\",\"contentUrl\":\"https:\/\/behostels.com\/wp-content\/uploads\/2015\/06\/be_reservations_logo.jpg\",\"width\":130,\"height\":130,\"caption\":\"Be Hostels\"},\"image\":{\"@id\":\"https:\/\/behostels.com\/pt-br\/#\/schema\/logo\/image\/\"}}]}<\/script>\n<!-- \/ Yoast SEO plugin. -->","yoast_head_json":{"title":"Quartos Be Sound Hostel em Barcelona centro","description":"Veja os nossos quartos agrad\u00e1veis \u200b\u200be confort\u00e1veis \u200b\u200bno Be Sound Hostel em Barcelona.","robots":{"index":"index","follow":"follow","max-snippet":"max-snippet:-1","max-image-preview":"max-image-preview:large","max-video-preview":"max-video-preview:-1"},"canonical":"https:\/\/behostels.com\/pt-br\/sound\/quartos\/","og_locale":"pt_BR","og_type":"article","og_title":"Quartos Be Sound Hostel em Barcelona centro","og_description":"Veja os nossos quartos agrad\u00e1veis \u200b\u200be confort\u00e1veis \u200b\u200bno Be Sound Hostel em Barcelona.","og_url":"https:\/\/behostels.com\/pt-br\/sound\/quartos\/","og_site_name":"Be Hostels","article_modified_time":"2015-11-09T14:22:22+00:00","twitter_card":"summary_large_image","twitter_misc":{"Est. tempo de leitura":"1 minuto"},"schema":{"@context":"https:\/\/schema.org","@graph":[{"@type":"WebPage","@id":"https:\/\/behostels.com\/pt-br\/sound\/quartos\/","url":"https:\/\/behostels.com\/pt-br\/sound\/quartos\/","name":"Quartos Be Sound Hostel em Barcelona centro","isPartOf":{"@id":"https:\/\/behostels.com\/pt-br\/#website"},"datePublished":"2015-06-09T15:58:57+00:00","dateModified":"2015-11-09T14:22:22+00:00","description":"Veja os nossos quartos agrad\u00e1veis \u200b\u200be confort\u00e1veis \u200b\u200bno Be Sound Hostel em Barcelona.","breadcrumb":{"@id":"https:\/\/behostels.com\/pt-br\/sound\/quartos\/#breadcrumb"},"inLanguage":"pt-BR","potentialAction":[{"@type":"ReadAction","target":["https:\/\/behostels.com\/pt-br\/sound\/quartos\/"]}]},{"@type":"BreadcrumbList","@id":"https:\/\/behostels.com\/pt-br\/sound\/quartos\/#breadcrumb","itemListElement":[{"@type":"ListItem","position":1,"name":"Home","item":"https:\/\/behostels.com\/pt-br\/"},{"@type":"ListItem","position":2,"name":"Be Sound Hostel Barcelona: hostel barato, confort\u00e1vel e original na cidade","item":"https:\/\/behostels.com\/pt-br\/sound\/"},{"@type":"ListItem","position":3,"name":"Quartos"}]},{"@type":"WebSite","@id":"https:\/\/behostels.com\/pt-br\/#website","url":"https:\/\/behostels.com\/pt-br\/","name":"Be Hostels","description":"","publisher":{"@id":"https:\/\/behostels.com\/pt-br\/#organization"},"potentialAction":[{"@type":"SearchAction","target":{"@type":"EntryPoint","urlTemplate":"https:\/\/behostels.com\/pt-br\/?s={search_term_string}"},"query-input":"required name=search_term_string"}],"inLanguage":"pt-BR"},{"@type":"Organization","@id":"https:\/\/behostels.com\/pt-br\/#organization","name":"Be Hostels","url":"https:\/\/behostels.com\/pt-br\/","logo":{"@type":"ImageObject","inLanguage":"pt-BR","@id":"https:\/\/behostels.com\/pt-br\/#\/schema\/logo\/image\/","url":"https:\/\/behostels.com\/wp-content\/uploads\/2015\/06\/be_reservations_logo.jpg","contentUrl":"https:\/\/behostels.com\/wp-content\/uploads\/2015\/06\/be_reservations_logo.jpg","width":130,"height":130,"caption":"Be Hostels"},"image":{"@id":"https:\/\/behostels.com\/pt-br\/#\/schema\/logo\/image\/"}}]}},"_links":{"self":[{"href":"https:\/\/behostels.com\/pt-br\/wp-json\/wp\/v2\/pages\/167"}],"collection":[{"href":"https:\/\/behostels.com\/pt-br\/wp-json\/wp\/v2\/pages"}],"about":[{"href":"https:\/\/behostels.com\/pt-br\/wp-json\/wp\/v2\/types\/page"}],"author":[{"embeddable":true,"href":"https:\/\/behostels.com\/pt-br\/wp-json\/wp\/v2\/users\/1"}],"replies":[{"embeddable":true,"href":"https:\/\/behostels.com\/pt-br\/wp-json\/wp\/v2\/comments?post=167"}],"version-history":[{"count":0,"href":"https:\/\/behostels.com\/pt-br\/wp-json\/wp\/v2\/pages\/167\/revisions"}],"up":[{"embeddable":true,"href":"https:\/\/behostels.com\/pt-br\/wp-json\/wp\/v2\/pages\/134"}],"wp:attachment":[{"href":"https:\/\/behostels.com\/pt-br\/wp-json\/wp\/v2\/media?parent=167"}],"curies":[{"name":"wp","href":"https:\/\/api.w.org\/{rel}","templated":true}]}}