{"id":134,"date":"2015-06-09T15:20:38","date_gmt":"2015-06-09T15:20:38","guid":{"rendered":"https:\/\/behostels.com\/?page_id=134"},"modified":"2015-07-08T17:01:02","modified_gmt":"2015-07-08T17:01:02","slug":"sound","status":"publish","type":"page","link":"https:\/\/behostels.com\/pt-br\/sound\/","title":{"rendered":"Be Sound Hostel Barcelona: hostel barato, confort\u00e1vel e original na cidade"},"content":{"rendered":"<h2><strong>Desfrute ao m\u00e1ximo da sua perman\u00eancia em Barcelona hospedando-se no hostel mais original e econ\u00f4mico: Be Sound Hostel Barcelona<\/strong><\/h2>\r\n\n\n<div id=\"wk-grid8c7\" class=\"uk-grid-width-1-1 uk-grid-width-medium-1-3 uk-grid uk-grid-match uk-grid-medium uk-text-center \" data-uk-grid-match=\"{target:'> div > .uk-panel', row:true}\" data-uk-grid-margin  data-uk-scrollspy=\"{cls:'uk-animation-fade uk-invisible', target:'> div > .uk-panel', delay:300}\">\n\n\n    <div>\n        <div class=\"uk-panel uk-invisible\">\n\n            \n            \n                        <div class=\"uk-text-center uk-panel-teaser\"><div class=\"uk-overlay uk-overlay-hover uk-border-circle\"><img loading=\"lazy\" decoding=\"async\" src=\"\/wp-content\/uploads\/2015\/07\/be-sound-hostel-barcelona-big-terrace.jpg\" class=\"uk-border-circle uk-overlay-scale\" alt=\"Grande Terra\u00e7o\" width=\"360\" height=\"360\"><div class=\"uk-overlay-panel uk-overlay-background uk-overlay-icon uk-overlay-fade\"><\/div><a class=\"uk-position-cover\" href=\"http:\/\/behostels.com\/pt-br\/sound\/instalacoes\/\" title=\"Grande Terra\u00e7o\"><\/a><\/div><\/div>\n            \n            \n            \n            \n            \n                        <div class=\"uk-margin\">Grande Terra\u00e7o<\/div>\n            \n            \n            \n            \n        <\/div>\n    <\/div>\n\n\n    <div>\n        <div class=\"uk-panel uk-invisible\">\n\n            \n            \n                        <div class=\"uk-text-center uk-panel-teaser\"><div class=\"uk-overlay uk-overlay-hover uk-border-circle\"><img loading=\"lazy\" decoding=\"async\" src=\"\/wp-content\/uploads\/2015\/07\/be-sound-hostel-barcelona-nightlife-2.jpg\" class=\"uk-border-circle uk-overlay-scale\" alt=\"Aproveite a vida noturna de Barcelona!\" width=\"360\" height=\"360\"><div class=\"uk-overlay-panel uk-overlay-background uk-overlay-icon uk-overlay-fade\"><\/div><a class=\"uk-position-cover\" href=\"http:\/\/behostels.com\/whats-this-about-activities-at-be-hostels\/\" title=\"Aproveite a vida noturna de Barcelona!\"><\/a><\/div><\/div>\n            \n            \n            \n            \n            \n                        <div class=\"uk-margin\">Aproveite a vida noturna de Barcelona!<\/div>\n            \n            \n            \n            \n        <\/div>\n    <\/div>\n\n\n    <div>\n        <div class=\"uk-panel uk-invisible\">\n\n            \n            \n                        <div class=\"uk-text-center uk-panel-teaser\"><div class=\"uk-overlay uk-overlay-hover uk-border-circle\"><img loading=\"lazy\" decoding=\"async\" src=\"\/wp-content\/uploads\/2015\/07\/be-sound-hostel-barcelona-choose-your-dorm.jpg\" class=\"uk-border-circle uk-overlay-scale\" alt=\"Escolha o seu dormit\u00f3rio\" width=\"360\" height=\"360\"><div class=\"uk-overlay-panel uk-overlay-background uk-overlay-icon uk-overlay-fade\"><\/div><a class=\"uk-position-cover\" href=\"http:\/\/behostels.com\/pt-br\/sound\/quartos\/\" title=\"Escolha o seu dormit\u00f3rio\"><\/a><\/div><\/div>\n            \n            \n            \n            \n            \n                        <div class=\"uk-margin\">Escolha o seu dormit\u00f3rio<\/div>\n            \n            \n            \n            \n        <\/div>\n    <\/div>\n\n\n<\/div>\n\n<script>\n(function($){\n\n    \/\/ get the images of the gallery and replace it by a canvas of the same size to fix the problem with overlapping images on load.\n    $('img[width][height]:not(.uk-overlay-panel)', $('#wk-grid8c7')).each(function() {\n\n        var $img = $(this);\n\n        if (this.width == 'auto' || this.height == 'auto' || !$img.is(':visible')) {\n            return;\n        }\n\n        var $canvas = $('<canvas class=\"uk-responsive-width\"><\/canvas>').attr({width:$img.attr('width'), height:$img.attr('height')}),\n            img = new Image,\n            release = function() {\n                $canvas.remove();\n                $img.css('display', '');\n                release = function(){};\n            };\n\n        $img.css('display', 'none').after($canvas);\n\n        $(img).on('load', function(){ release(); });\n        setTimeout(function(){ release(); }, 1000);\n\n        img.src = this.src;\n\n    });\n\n})(jQuery);\n<\/script>\n\r\n<h3>Reservar noBe Sound Hostel \u00e9 garantia de melhores facilidades ao <strong>pre\u00e7o mais barato<\/strong>. Assim, voc\u00ea poder\u00e1 descobrir o lado bom de <strong>Barcelona<\/strong>.<\/h3>\r\n<h3>Divirta-se durante a sua visita hospedando-se na Rua Nou de la Rambla, bem no centro de Barcelona.<\/h3>\r\n<h2 class=\"fantasy\">Todas as atividades perfeita e gratuito voc\u00ea pode encontrar no Be Sound Hostel para desfrutar a sua estadia em Barcelona! Ao fazer o check-in disp\u00f5em de:<\/h2>\r\n<div class=\"uk-grid\">\r\n<div class=\"uk-width-large-1-2 uk-width-medium-1-2 uk-width-small-1-1\">\r\n<ul>\r\n\t<li>Passeio Pedestre gratuito<\/li>\r\n\t<li>Acesso gratuito \u00e0 Internet nos computadores<\/li>\r\n\t<li>Wi-Fi Gratuita<\/li>\r\n\t<li>Cacifos com chave electr\u00f3nica<\/li>\r\n\t<li>Mapas de Barcelona gr\u00e1tis<\/li>\r\n\t<li>Cozinha dispon\u00edvel<\/li>\r\n        <li>Actividades dispon\u00edveis: Pub crawls, tapas e flamenco &#8230;<\/li>\r\n\t<li>Recep\u00e7\u00e3o 24 horas<\/li>\r\n\t\r\n<\/ul>\r\n<\/div>\r\n<div class=\"uk-width-large-1-2 uk-width-medium-1-2 uk-width-small-1-1\">\r\n<ul>\r\n\t<li>Terra\u00e7o lindo<\/li>\r\n\t<li>Sala de conv\u00edvio bonita e confort\u00e1vel<\/li>\r\n\t<li>Ar condicionado e aquecimento<\/li>\r\n\t<li>Recepcionistas Internacionais e prest\u00e1veis<\/li>\r\n\t<li>Cacifos para guardar bagagem<\/li>\r\n\t<li>M\u00e1quinas de lavar e secar roupa operadas por moedas<\/li>\r\n\t<li>Len\u00e7ois ou toalhas podem ser alugadas por 2,5 \u20ac<\/li>\r\n\t<li>Estacionamento para bicicletas<\/li>\r\n<\/ul>\r\n<\/div>\r\n<\/div>\r\n&nbsp;\r\n\n<div >\n\n\n    \n    <div class=\"uk-grid uk-text-left uk-flex-middle\" data-uk-grid-match data-uk-margin=\"{cls:'uk-margin-top'}\">\n\n                <div class=\"uk-width-medium-1-3 uk-text-center\" >\n            <div class=\"uk-overlay uk-overlay-hover uk-border-circle\"><img decoding=\"async\" src=\"\/wp-content\/uploads\/2015\/07\/be-sound-hostel-barcelona-party.jpg\" class=\"uk-border-circle uk-overlay-scale\" alt=\"A melhor localiza\u00e7\u00e3o para o festa!\"><div class=\"uk-overlay-panel uk-overlay-background uk-overlay-icon uk-overlay-fade\"><\/div><\/div>        <\/div>\n        \n                <div class=\"uk-width-medium-2-3\" >\n            <div class=\"uk-panel uk-panel-space uk-width-1-1\">\n\n                \n                                <h3 class=\"uk-h2\">\n\n                                            A melhor localiza\u00e7\u00e3o para o festa!                    \n                    \n                <\/h3>\n                \n                                <div class=\"uk-margin\"><p>Oferecendo horas de divers\u00e3o a fio dia e noite, esta rua comunica Las Ramblas \u00e0 Avenida Paral\u2022lel, a qual oferece \u00f3timas op\u00e7\u00f5es gastron\u00f4micas, lojas, bares e um longo etc. Venha conferir a mais din\u00e2mica vida noturna da cidade!<\/p>\n<p>Este Be Hostel ocupa um pr\u00e9dio renovado com um amplo e ensolarado terra\u00e7o e sacadas em cada andar com vistas para o bairro do Raval. O interior est\u00e1 disposto confortavelmente, tornando-o no melhor lugar para fazer amizades e relaxar quando n\u00e3o se est\u00e1 visitando a cidade ou saindo \u00e0 noite.<\/p><\/div>\n                \n                \n                \n            <\/div>\n        <\/div>\n        \n    <\/div>\n\n    \n\n    \n    <div class=\"uk-grid uk-text-left uk-flex-middle\" data-uk-grid-match data-uk-margin=\"{cls:'uk-margin-top'}\">\n\n                <div class=\"uk-width-medium-1-3 uk-text-center uk-float-right uk-flex-order-last-medium\" >\n            <div class=\"uk-overlay uk-overlay-hover uk-border-circle\"><img decoding=\"async\" src=\"\/wp-content\/uploads\/2015\/07\/be-sound-hostel-barcelona-surroundings.jpg\" class=\"uk-border-circle uk-overlay-scale\" alt=\"Arredores de Be Sound Hostel\"><div class=\"uk-overlay-panel uk-overlay-background uk-overlay-icon uk-overlay-fade\"><\/div><\/div>        <\/div>\n        \n                <div class=\"uk-width-medium-2-3\" >\n            <div class=\"uk-panel uk-panel-space uk-width-1-1\">\n\n                \n                                <h3 class=\"uk-h2\">\n\n                                            Arredores de Be Sound Hostel                    \n                    \n                <\/h3>\n                \n                                <div class=\"uk-margin\"><p>A uma curta dist\u00e2ncia encontrar\u00e1 uma das atra\u00e7\u00f5es de <strong>Barcelona<\/strong>, uma obra de arte de Gaudi, o <strong>Palau G\u00fcell<\/strong>. Outros lugares de interesse pr\u00f3ximos ao hostel s\u00e3o o Centro de <strong>Arte Santa Monica<\/strong>, as <strong>Ramblas<\/strong>, o <strong>Monumento de Col\u00f3n<\/strong>, o shopping <strong>Maremagnum<\/strong> e o <strong>Porto Velho<\/strong>.<\/p>\n<p>Por outro lado, mas tamb\u00e9m muito pr\u00f3ximos, ficam as boates e bares mais badalados da cidade. Lugares como Moog (uma sala de m\u00fasica eletr\u00f4nica), London Bar, Boulevard Club, Manolo Bar (bar de skatistas), Apollo (aberto todos os dias), e muitos outros mais, far\u00e3o voc\u00ea vibrar at\u00e9 onde o chegar o seu pique.<\/p><\/div>\n                \n                \n                \n            <\/div>\n        <\/div>\n        \n    <\/div>\n\n    \n\n<\/div>\n\r\n","protected":false},"excerpt":{"rendered":"<p>Desfrute ao m\u00e1ximo da sua perman\u00eancia em Barcelona hospedando-se no hostel mais original e econ\u00f4mico: Be Sound Hostel Barcelona Reservar noBe Sound Hostel \u00e9 garantia de melhores facilidades ao pre\u00e7o mais barato. Assim, voc\u00ea poder\u00e1 descobrir o lado bom de Barcelona. Divirta-se durante a sua visita hospedando-se na Rua Nou de la Rambla, bem no [&hellip;]<\/p>\n","protected":false},"author":1,"featured_media":0,"parent":0,"menu_order":0,"comment_status":"closed","ping_status":"open","template":"","meta":{"footnotes":""},"yoast_head":"<!-- This site is optimized with the Yoast SEO plugin v22.7 - https:\/\/yoast.com\/wordpress\/plugins\/seo\/ -->\n<title>Hospede-se em Be Sound Hostel Barcelona<\/title>\n<meta name=\"description\" content=\"Be Sound Hostel Barcelona: hospede-se em um hostel original, barato e confort\u00e1vel em Barcelona\" \/>\n<meta name=\"robots\" content=\"index, follow, max-snippet:-1, max-image-preview:large, max-video-preview:-1\" \/>\n<link rel=\"canonical\" href=\"https:\/\/behostels.com\/pt-br\/sound\/\" \/>\n<meta property=\"og:locale\" content=\"pt_BR\" \/>\n<meta property=\"og:type\" content=\"article\" \/>\n<meta property=\"og:title\" content=\"Hospede-se em Be Sound Hostel Barcelona\" \/>\n<meta property=\"og:description\" content=\"Be Sound Hostel Barcelona: hospede-se em um hostel original, barato e confort\u00e1vel em Barcelona\" \/>\n<meta property=\"og:url\" content=\"https:\/\/behostels.com\/pt-br\/sound\/\" \/>\n<meta property=\"og:site_name\" content=\"Be Hostels\" \/>\n<meta property=\"article:modified_time\" content=\"2015-07-08T17:01:02+00:00\" \/>\n<meta name=\"twitter:card\" content=\"summary_large_image\" \/>\n<meta name=\"twitter:label1\" content=\"Est. tempo de leitura\" \/>\n\t<meta name=\"twitter:data1\" content=\"1 minuto\" \/>\n<script type=\"application\/ld+json\" class=\"yoast-schema-graph\">{\"@context\":\"https:\/\/schema.org\",\"@graph\":[{\"@type\":\"WebPage\",\"@id\":\"https:\/\/behostels.com\/pt-br\/sound\/\",\"url\":\"https:\/\/behostels.com\/pt-br\/sound\/\",\"name\":\"Hospede-se em Be Sound Hostel Barcelona\",\"isPartOf\":{\"@id\":\"https:\/\/behostels.com\/pt-br\/#website\"},\"datePublished\":\"2015-06-09T15:20:38+00:00\",\"dateModified\":\"2015-07-08T17:01:02+00:00\",\"description\":\"Be Sound Hostel Barcelona: hospede-se em um hostel original, barato e confort\u00e1vel em Barcelona\",\"breadcrumb\":{\"@id\":\"https:\/\/behostels.com\/pt-br\/sound\/#breadcrumb\"},\"inLanguage\":\"pt-BR\",\"potentialAction\":[{\"@type\":\"ReadAction\",\"target\":[\"https:\/\/behostels.com\/pt-br\/sound\/\"]}]},{\"@type\":\"BreadcrumbList\",\"@id\":\"https:\/\/behostels.com\/pt-br\/sound\/#breadcrumb\",\"itemListElement\":[{\"@type\":\"ListItem\",\"position\":1,\"name\":\"Home\",\"item\":\"https:\/\/behostels.com\/pt-br\/\"},{\"@type\":\"ListItem\",\"position\":2,\"name\":\"Be Sound Hostel Barcelona: hostel barato, confort\u00e1vel e original na cidade\"}]},{\"@type\":\"WebSite\",\"@id\":\"https:\/\/behostels.com\/pt-br\/#website\",\"url\":\"https:\/\/behostels.com\/pt-br\/\",\"name\":\"Be Hostels\",\"description\":\"\",\"publisher\":{\"@id\":\"https:\/\/behostels.com\/pt-br\/#organization\"},\"potentialAction\":[{\"@type\":\"SearchAction\",\"target\":{\"@type\":\"EntryPoint\",\"urlTemplate\":\"https:\/\/behostels.com\/pt-br\/?s={search_term_string}\"},\"query-input\":\"required name=search_term_string\"}],\"inLanguage\":\"pt-BR\"},{\"@type\":\"Organization\",\"@id\":\"https:\/\/behostels.com\/pt-br\/#organization\",\"name\":\"Be Hostels\",\"url\":\"https:\/\/behostels.com\/pt-br\/\",\"logo\":{\"@type\":\"ImageObject\",\"inLanguage\":\"pt-BR\",\"@id\":\"https:\/\/behostels.com\/pt-br\/#\/schema\/logo\/image\/\",\"url\":\"https:\/\/behostels.com\/wp-content\/uploads\/2015\/06\/be_reservations_logo.jpg\",\"contentUrl\":\"https:\/\/behostels.com\/wp-content\/uploads\/2015\/06\/be_reservations_logo.jpg\",\"width\":130,\"height\":130,\"caption\":\"Be Hostels\"},\"image\":{\"@id\":\"https:\/\/behostels.com\/pt-br\/#\/schema\/logo\/image\/\"}}]}<\/script>\n<!-- \/ Yoast SEO plugin. -->","yoast_head_json":{"title":"Hospede-se em Be Sound Hostel Barcelona","description":"Be Sound Hostel Barcelona: hospede-se em um hostel original, barato e confort\u00e1vel em Barcelona","robots":{"index":"index","follow":"follow","max-snippet":"max-snippet:-1","max-image-preview":"max-image-preview:large","max-video-preview":"max-video-preview:-1"},"canonical":"https:\/\/behostels.com\/pt-br\/sound\/","og_locale":"pt_BR","og_type":"article","og_title":"Hospede-se em Be Sound Hostel Barcelona","og_description":"Be Sound Hostel Barcelona: hospede-se em um hostel original, barato e confort\u00e1vel em Barcelona","og_url":"https:\/\/behostels.com\/pt-br\/sound\/","og_site_name":"Be Hostels","article_modified_time":"2015-07-08T17:01:02+00:00","twitter_card":"summary_large_image","twitter_misc":{"Est. tempo de leitura":"1 minuto"},"schema":{"@context":"https:\/\/schema.org","@graph":[{"@type":"WebPage","@id":"https:\/\/behostels.com\/pt-br\/sound\/","url":"https:\/\/behostels.com\/pt-br\/sound\/","name":"Hospede-se em Be Sound Hostel Barcelona","isPartOf":{"@id":"https:\/\/behostels.com\/pt-br\/#website"},"datePublished":"2015-06-09T15:20:38+00:00","dateModified":"2015-07-08T17:01:02+00:00","description":"Be Sound Hostel Barcelona: hospede-se em um hostel original, barato e confort\u00e1vel em Barcelona","breadcrumb":{"@id":"https:\/\/behostels.com\/pt-br\/sound\/#breadcrumb"},"inLanguage":"pt-BR","potentialAction":[{"@type":"ReadAction","target":["https:\/\/behostels.com\/pt-br\/sound\/"]}]},{"@type":"BreadcrumbList","@id":"https:\/\/behostels.com\/pt-br\/sound\/#breadcrumb","itemListElement":[{"@type":"ListItem","position":1,"name":"Home","item":"https:\/\/behostels.com\/pt-br\/"},{"@type":"ListItem","position":2,"name":"Be Sound Hostel Barcelona: hostel barato, confort\u00e1vel e original na cidade"}]},{"@type":"WebSite","@id":"https:\/\/behostels.com\/pt-br\/#website","url":"https:\/\/behostels.com\/pt-br\/","name":"Be Hostels","description":"","publisher":{"@id":"https:\/\/behostels.com\/pt-br\/#organization"},"potentialAction":[{"@type":"SearchAction","target":{"@type":"EntryPoint","urlTemplate":"https:\/\/behostels.com\/pt-br\/?s={search_term_string}"},"query-input":"required name=search_term_string"}],"inLanguage":"pt-BR"},{"@type":"Organization","@id":"https:\/\/behostels.com\/pt-br\/#organization","name":"Be Hostels","url":"https:\/\/behostels.com\/pt-br\/","logo":{"@type":"ImageObject","inLanguage":"pt-BR","@id":"https:\/\/behostels.com\/pt-br\/#\/schema\/logo\/image\/","url":"https:\/\/behostels.com\/wp-content\/uploads\/2015\/06\/be_reservations_logo.jpg","contentUrl":"https:\/\/behostels.com\/wp-content\/uploads\/2015\/06\/be_reservations_logo.jpg","width":130,"height":130,"caption":"Be Hostels"},"image":{"@id":"https:\/\/behostels.com\/pt-br\/#\/schema\/logo\/image\/"}}]}},"_links":{"self":[{"href":"https:\/\/behostels.com\/pt-br\/wp-json\/wp\/v2\/pages\/134"}],"collection":[{"href":"https:\/\/behostels.com\/pt-br\/wp-json\/wp\/v2\/pages"}],"about":[{"href":"https:\/\/behostels.com\/pt-br\/wp-json\/wp\/v2\/types\/page"}],"author":[{"embeddable":true,"href":"https:\/\/behostels.com\/pt-br\/wp-json\/wp\/v2\/users\/1"}],"replies":[{"embeddable":true,"href":"https:\/\/behostels.com\/pt-br\/wp-json\/wp\/v2\/comments?post=134"}],"version-history":[{"count":0,"href":"https:\/\/behostels.com\/pt-br\/wp-json\/wp\/v2\/pages\/134\/revisions"}],"wp:attachment":[{"href":"https:\/\/behostels.com\/pt-br\/wp-json\/wp\/v2\/media?parent=134"}],"curies":[{"name":"wp","href":"https:\/\/api.w.org\/{rel}","templated":true}]}}