{"id":859,"date":"2015-06-22T14:07:04","date_gmt":"2015-06-22T14:07:04","guid":{"rendered":"https:\/\/behostels.com\/?page_id=859"},"modified":"2015-06-22T14:07:04","modified_gmt":"2015-06-22T14:07:04","slug":"informazioni-basiche-sul-trasporto-a-barcelona","status":"publish","type":"page","link":"https:\/\/behostels.com\/it\/informazioni-basiche-sul-trasporto-a-barcelona\/","title":{"rendered":"Informazioni basiche sul Trasporto a Barcelona"},"content":{"rendered":"<h3>Be Hostels ti offre una visione d&#8217;insieme riguardo al sistema di trasporto a Barcelona e i suoi prezzi, per aiutarti a raggiungere i nostri ostelli e a muoverti a Barcelona come un autoctono!<\/h3>\r\n&nbsp;\r\n<h2 class=\"fantasy\">Aerobus da\/per l&#8217;aeroporto El Prat<\/h2>\r\nL&#8217;Aerobus \u00e8 una navetta che comunica l&#8217;aeroporto con il centro della citt\u00e0. L&#8217;Aerobus si ferma in Plaza Catalunya e in Plaza Espanya. In entrambe le piazze sono presenti fermate della metropolitana che ti permetterano di raggiungere varie destinazioni all&#8217;interno della citt\u00e0. Il bus passa e si ferma in entrambi i terminal dell&#8217;aeroporto. I bus partono ogni 15 minuti durante tutto il giorno.\r\n\r\n<strong>Ci sono due linee di autobus.<\/strong>\r\n\r\n<strong>A1: Da \/ per l&#8217;aeroporto Terminal T1<\/strong>, che si ferma in Pla\u00e7a Catalunya, Sepulveda &#8211; Urgell, Pla\u00e7a Espanya, Terminal 1, Plaza Espa\u00f1a, Gran V\u00eda Urgell, Pla\u00e7a Universitat, di nuovo e finisce a Plaza Catalunya.\r\n\r\nPotete prendere questo autobus <strong>ogni 5-10 minuti<\/strong>, e il prezzo del biglietto \u00e8 di \u20ac 5.90 a persona per un modo di viaggiare, e <strong>\u20ac 10,20 a persona<\/strong> andata e ritorno ritorno (valido fino a 9 giorni dopo l&#8217;acquisto)\r\n\r\n<strong>A2: Da \/ per l&#8217;aeroporto Terminal T2<\/strong>, che si ferma in Pla\u00e7a Catalunya, Sepulveda &#8211; Urgell, Pla\u00e7a Espanya, Terminal 2B Terminal 2C, Plaza Espa\u00f1a, Gran V\u00eda Urgell, e finisce di nuovo a Pla\u00e7a Catalunya.\r\n\r\nPotete prendere questo autobus <strong>ogni 10-20 minuti<\/strong>, e il prezzo del biglietto \u00e8 di <strong>\u20ac 5.90 a persona<\/strong> per un modo di viaggiare e ritornare <strong>\u20ac 10,20 a persona<\/strong> e andare. Ritorno (valido fino a 9 giorni dopo l&#8217;acquisto)\r\n\r\n\r\n<ul class=\"rooms\">\r\n\t<li>Biglietti di viaggio integrati (T-10, T-Mes T-50\/30, T-Trimestre T-Giove, D-familiare, T-slide) non sono validi per questo servizio.<\/li>\r\n\t<li>Tutti i bambini di et\u00e0 inferiore a 4 anni biglietto gratuito.<\/li>\r\n\t<li>Non \u00e8 possibile prenotare i biglietti in anticipo.<\/li>\r\n<\/ul>\r\n\r\n<h3 class=\"fantasy\">Biglietti della Metropolitana e del l&#8217;Autobus<\/h3>\r\nPuoi comprare biglietti per viaggi singoli in metropolitana <strong>a 2,15 \u20ac<\/strong>. Se invece rimani a Barcelona per pi\u00f9 di un giorno o hai intenzione di prendere la metropolitana o il bus pi\u00f9 di 5 volte, ti conviene acquistare <strong>il biglietto T10.<\/strong> Con questo biglietto potrai viaggiare <strong>10 volte in metropolitana<\/strong>, FGC (passante ferroviario che collega varie parti della citt\u00e0), bus, tram e RENFE, (le ferrovie spagnole), zona 1. Il centro della citt\u00e0 si trova nella Zona 1. Il prezzo del biglietto <strong>T10 \u00e8 di solo 10,30 \u20ac<\/strong> e ti far\u00e0 risparmiare energia, tempo e denaro.\r\n<ul class=\"rooms\">\r\n\t<li><a href=\"http:\/\/www.tmb.cat\/en\/bitllets-i-tarifes\/-\/bitllet\/402\" title=\"Informazione\" target=\"_blank\">Ulteriori informazioni su T-10 qui!<\/a><\/li>\r\n\t\r\n<\/ul>\r\n\u00c8 inoltre possibile acquistare un biglietto giornaliero, e si pu\u00f2 utilizzare in tutta la Barcellona di trasporto (bus, metro o FCG). Il costo del biglietto \u00e8 \u20ac 7,60\r\n<ul class=\"rooms\">\r\n\t<li><a href=\"http:\/\/www.tmb.cat\/en\/bitllets-i-tarifes\/-\/bitllet\/402\" title=\"Informazione\" target=\"_blank\">Ulteriori informazioni su T-Dia qui!<\/a><\/li>\r\n\t\r\n<\/ul>\r\n\r\n<h3 class=\"fantasy\">Bus notturno per l&#8217;Aeroporto: NitBus N17<\/h3>\r\nIl NitBus circola fra l&#8217;aeroporto di Barcelona e il centro della citt\u00e0 fra le 23:00 e le 4:40 e parte dalla T1. Il prezzo di un <strong>biglietto \u00e8 di 2,15 \u20ac<\/strong>. Il biglietto T10 \u00e8 valido per questo bus.\r\n\r\n\r\n<h3 class=\"fantasy\">Treni da\/per l&#8217;Aeroporto di Barcelona<\/h3>\r\nIl treno RENFE ogni 30 minuti circa unisce l&#8217;aeroporto di Barcelona con il centro della citt\u00e0. Il tragitto \u00e8 di circa 25 minuti.\r\nUn biglietto singolo per la stazione Sants costa <strong>4,10 \u20ac<\/strong>, in alternativa puoi utilizzare il tuo biglietto T10. Il biglietto T10 pu\u00f2 essere usato anche per altri viaggi in metro o bus.\r\n\r\n<h3 class=\"fantasy\">Come raggiungere Barcelona dall&#8217;aeroporto di Girona<\/h3>\r\nIl Barcelona Bus \u00e8 probabilmente il mezzo pi\u00f9 comodo per raggiungere Barcelona dall&#8217;aeroporto di Girona. Il bus si ferma appena fuori dall&#8217;aeroporto e arriva all&#8217;Estaci\u00f2 d&#8217;Autobuses Barcelona Nord (la stazione degli autobus pi\u00f9 importante di Barcelona), nel centro di Barcelona. Da qui potrai viaggiare in metropolitana per raggiungere la tua destinazione. La fermata della Metropolitana pi\u00f9 vicina alla stazione Nord si chiama Arc de Triomf (Linea rossa, L1).\r\n\r\n\r\n&nbsp;\r\n<a href=\"http:\/\/www.behostels.com\/wp-content\/uploads\/girona-barcelona.pdf\" title=\"Girona-Barcelona\" target=\"_blank\"><strong>\u00c8 possibile scaricare il calendario qui!<\/strong><\/a>\r\n\r\n<ul class=\"rooms\">\r\n\t<li>I biglietti non si possono prenotare e il prezzo \u00e8 di 16,00 \u20ac per un biglietto di sola andata e 25,00 \u20ac per un biglietto di andata\/ritorno.<\/li>\r\n\t\r\n<\/ul>\r\n\r\n&nbsp;\r\n<h3>Si prega di leggere le informazioni in &#8220;Come arrivare&#8221; l&#8217;ostello che avete prenotato<\/h3>\r\n\r\n<a href=\"https:\/\/behostels.com\/mar\/location\"><img loading=\"lazy\" decoding=\"async\" class=\"alignleft size-full wp-image-7610\" title=\"Be mar Hostel\" alt=\"be-hostels-mar-barcelona\" src=\"https:\/\/behostels.com\/wp-content\/uploads\/be-hostels-mar-barcelona1.jpg\" width=\"53\" height=\"53\" \/><\/a><a href=\"https:\/\/behostels.com\/sound\/location\/\"><img loading=\"lazy\" decoding=\"async\" class=\"alignleft size-full wp-image-7609\" title=\"Be Sound Hostel\" alt=\"be-hostels-sound-barcelona\" src=\"https:\/\/behostels.com\/wp-content\/uploads\/be-hostels-sound-barcelona.jpg\" width=\"53\" height=\"53\" \/><\/a><a href=\"https:\/\/behostels.com\/ramblas\/location\/\"><img loading=\"lazy\" decoding=\"async\" class=\"alignleft size-full wp-image-7608\" title=\"Be Ramblas Hotel\" alt=\"be-hostels-ramblas-barcelona\" src=\"https:\/\/behostels.com\/wp-content\/uploads\/be-hostels-ramblas-barcelona.jpg\" width=\"53\" height=\"53\" \/><\/a><a href=\"https:\/\/behostels.com\/dream\/location\/\"><img loading=\"lazy\" decoding=\"async\" class=\"alignleft size-full wp-image-7611\" title=\"Be Dream Hostel\" alt=\"be-hostels-dreams-barcelona\" src=\"https:\/\/behostels.com\/wp-content\/uploads\/be-hostels-dreams-barcelona.jpg\" width=\"53\" height=\"53\" \/><\/a>","protected":false},"excerpt":{"rendered":"<p>Be Hostels ti offre una visione d&#8217;insieme riguardo al sistema di trasporto a Barcelona e i suoi prezzi, per aiutarti a raggiungere i nostri ostelli e a muoverti a Barcelona come un autoctono! &nbsp; Aerobus da\/per l&#8217;aeroporto El Prat L&#8217;Aerobus \u00e8 una navetta che comunica l&#8217;aeroporto con il centro della citt\u00e0. L&#8217;Aerobus si ferma in [&hellip;]<\/p>\n","protected":false},"author":1,"featured_media":0,"parent":0,"menu_order":0,"comment_status":"closed","ping_status":"closed","template":"","meta":{"footnotes":""},"yoast_head":"<!-- This site is optimized with the Yoast SEO plugin v22.7 - https:\/\/yoast.com\/wordpress\/plugins\/seo\/ -->\n<title>Mezzi di Trasporto a Barcelona Informazioni e Prezzi<\/title>\n<meta name=\"description\" content=\"Trova tutte le informazioni di cui hai bisogno sui mezzi di trasporto di Barcelona: metro, airbus e treni. Controlla orari e prezzi.\" \/>\n<meta name=\"robots\" content=\"index, follow, max-snippet:-1, max-image-preview:large, max-video-preview:-1\" \/>\n<link rel=\"canonical\" href=\"https:\/\/behostels.com\/it\/informazioni-basiche-sul-trasporto-a-barcelona\/\" \/>\n<meta property=\"og:locale\" content=\"it_IT\" \/>\n<meta property=\"og:type\" content=\"article\" \/>\n<meta property=\"og:title\" content=\"Mezzi di Trasporto a Barcelona Informazioni e Prezzi\" \/>\n<meta property=\"og:description\" content=\"Trova tutte le informazioni di cui hai bisogno sui mezzi di trasporto di Barcelona: metro, airbus e treni. Controlla orari e prezzi.\" \/>\n<meta property=\"og:url\" content=\"https:\/\/behostels.com\/it\/informazioni-basiche-sul-trasporto-a-barcelona\/\" \/>\n<meta property=\"og:site_name\" content=\"Be Hostels\" \/>\n<meta property=\"og:image\" content=\"https:\/\/behostels.com\/wp-content\/uploads\/be-hostels-mar-barcelona1.jpg\" \/>\n<meta name=\"twitter:card\" content=\"summary_large_image\" \/>\n<meta name=\"twitter:label1\" content=\"Tempo di lettura stimato\" \/>\n\t<meta name=\"twitter:data1\" content=\"3 minuti\" \/>\n<script type=\"application\/ld+json\" class=\"yoast-schema-graph\">{\"@context\":\"https:\/\/schema.org\",\"@graph\":[{\"@type\":\"WebPage\",\"@id\":\"https:\/\/behostels.com\/it\/informazioni-basiche-sul-trasporto-a-barcelona\/\",\"url\":\"https:\/\/behostels.com\/it\/informazioni-basiche-sul-trasporto-a-barcelona\/\",\"name\":\"Mezzi di Trasporto a Barcelona Informazioni e Prezzi\",\"isPartOf\":{\"@id\":\"https:\/\/behostels.com\/it\/#website\"},\"primaryImageOfPage\":{\"@id\":\"https:\/\/behostels.com\/it\/informazioni-basiche-sul-trasporto-a-barcelona\/#primaryimage\"},\"image\":{\"@id\":\"https:\/\/behostels.com\/it\/informazioni-basiche-sul-trasporto-a-barcelona\/#primaryimage\"},\"thumbnailUrl\":\"https:\/\/behostels.com\/wp-content\/uploads\/be-hostels-mar-barcelona1.jpg\",\"datePublished\":\"2015-06-22T14:07:04+00:00\",\"dateModified\":\"2015-06-22T14:07:04+00:00\",\"description\":\"Trova tutte le informazioni di cui hai bisogno sui mezzi di trasporto di Barcelona: metro, airbus e treni. Controlla orari e prezzi.\",\"breadcrumb\":{\"@id\":\"https:\/\/behostels.com\/it\/informazioni-basiche-sul-trasporto-a-barcelona\/#breadcrumb\"},\"inLanguage\":\"it-IT\",\"potentialAction\":[{\"@type\":\"ReadAction\",\"target\":[\"https:\/\/behostels.com\/it\/informazioni-basiche-sul-trasporto-a-barcelona\/\"]}]},{\"@type\":\"ImageObject\",\"inLanguage\":\"it-IT\",\"@id\":\"https:\/\/behostels.com\/it\/informazioni-basiche-sul-trasporto-a-barcelona\/#primaryimage\",\"url\":\"https:\/\/behostels.com\/wp-content\/uploads\/be-hostels-mar-barcelona1.jpg\",\"contentUrl\":\"https:\/\/behostels.com\/wp-content\/uploads\/be-hostels-mar-barcelona1.jpg\"},{\"@type\":\"BreadcrumbList\",\"@id\":\"https:\/\/behostels.com\/it\/informazioni-basiche-sul-trasporto-a-barcelona\/#breadcrumb\",\"itemListElement\":[{\"@type\":\"ListItem\",\"position\":1,\"name\":\"Home\",\"item\":\"https:\/\/behostels.com\/it\/\"},{\"@type\":\"ListItem\",\"position\":2,\"name\":\"Informazioni basiche sul Trasporto a Barcelona\"}]},{\"@type\":\"WebSite\",\"@id\":\"https:\/\/behostels.com\/it\/#website\",\"url\":\"https:\/\/behostels.com\/it\/\",\"name\":\"Be Hostels\",\"description\":\"\",\"publisher\":{\"@id\":\"https:\/\/behostels.com\/it\/#organization\"},\"potentialAction\":[{\"@type\":\"SearchAction\",\"target\":{\"@type\":\"EntryPoint\",\"urlTemplate\":\"https:\/\/behostels.com\/it\/?s={search_term_string}\"},\"query-input\":\"required name=search_term_string\"}],\"inLanguage\":\"it-IT\"},{\"@type\":\"Organization\",\"@id\":\"https:\/\/behostels.com\/it\/#organization\",\"name\":\"Be Hostels\",\"url\":\"https:\/\/behostels.com\/it\/\",\"logo\":{\"@type\":\"ImageObject\",\"inLanguage\":\"it-IT\",\"@id\":\"https:\/\/behostels.com\/it\/#\/schema\/logo\/image\/\",\"url\":\"https:\/\/behostels.com\/wp-content\/uploads\/2015\/06\/be_reservations_logo.jpg\",\"contentUrl\":\"https:\/\/behostels.com\/wp-content\/uploads\/2015\/06\/be_reservations_logo.jpg\",\"width\":130,\"height\":130,\"caption\":\"Be Hostels\"},\"image\":{\"@id\":\"https:\/\/behostels.com\/it\/#\/schema\/logo\/image\/\"}}]}<\/script>\n<!-- \/ Yoast SEO plugin. -->","yoast_head_json":{"title":"Mezzi di Trasporto a Barcelona Informazioni e Prezzi","description":"Trova tutte le informazioni di cui hai bisogno sui mezzi di trasporto di Barcelona: metro, airbus e treni. Controlla orari e prezzi.","robots":{"index":"index","follow":"follow","max-snippet":"max-snippet:-1","max-image-preview":"max-image-preview:large","max-video-preview":"max-video-preview:-1"},"canonical":"https:\/\/behostels.com\/it\/informazioni-basiche-sul-trasporto-a-barcelona\/","og_locale":"it_IT","og_type":"article","og_title":"Mezzi di Trasporto a Barcelona Informazioni e Prezzi","og_description":"Trova tutte le informazioni di cui hai bisogno sui mezzi di trasporto di Barcelona: metro, airbus e treni. Controlla orari e prezzi.","og_url":"https:\/\/behostels.com\/it\/informazioni-basiche-sul-trasporto-a-barcelona\/","og_site_name":"Be Hostels","og_image":[{"url":"https:\/\/behostels.com\/wp-content\/uploads\/be-hostels-mar-barcelona1.jpg"}],"twitter_card":"summary_large_image","twitter_misc":{"Tempo di lettura stimato":"3 minuti"},"schema":{"@context":"https:\/\/schema.org","@graph":[{"@type":"WebPage","@id":"https:\/\/behostels.com\/it\/informazioni-basiche-sul-trasporto-a-barcelona\/","url":"https:\/\/behostels.com\/it\/informazioni-basiche-sul-trasporto-a-barcelona\/","name":"Mezzi di Trasporto a Barcelona Informazioni e Prezzi","isPartOf":{"@id":"https:\/\/behostels.com\/it\/#website"},"primaryImageOfPage":{"@id":"https:\/\/behostels.com\/it\/informazioni-basiche-sul-trasporto-a-barcelona\/#primaryimage"},"image":{"@id":"https:\/\/behostels.com\/it\/informazioni-basiche-sul-trasporto-a-barcelona\/#primaryimage"},"thumbnailUrl":"https:\/\/behostels.com\/wp-content\/uploads\/be-hostels-mar-barcelona1.jpg","datePublished":"2015-06-22T14:07:04+00:00","dateModified":"2015-06-22T14:07:04+00:00","description":"Trova tutte le informazioni di cui hai bisogno sui mezzi di trasporto di Barcelona: metro, airbus e treni. Controlla orari e prezzi.","breadcrumb":{"@id":"https:\/\/behostels.com\/it\/informazioni-basiche-sul-trasporto-a-barcelona\/#breadcrumb"},"inLanguage":"it-IT","potentialAction":[{"@type":"ReadAction","target":["https:\/\/behostels.com\/it\/informazioni-basiche-sul-trasporto-a-barcelona\/"]}]},{"@type":"ImageObject","inLanguage":"it-IT","@id":"https:\/\/behostels.com\/it\/informazioni-basiche-sul-trasporto-a-barcelona\/#primaryimage","url":"https:\/\/behostels.com\/wp-content\/uploads\/be-hostels-mar-barcelona1.jpg","contentUrl":"https:\/\/behostels.com\/wp-content\/uploads\/be-hostels-mar-barcelona1.jpg"},{"@type":"BreadcrumbList","@id":"https:\/\/behostels.com\/it\/informazioni-basiche-sul-trasporto-a-barcelona\/#breadcrumb","itemListElement":[{"@type":"ListItem","position":1,"name":"Home","item":"https:\/\/behostels.com\/it\/"},{"@type":"ListItem","position":2,"name":"Informazioni basiche sul Trasporto a Barcelona"}]},{"@type":"WebSite","@id":"https:\/\/behostels.com\/it\/#website","url":"https:\/\/behostels.com\/it\/","name":"Be Hostels","description":"","publisher":{"@id":"https:\/\/behostels.com\/it\/#organization"},"potentialAction":[{"@type":"SearchAction","target":{"@type":"EntryPoint","urlTemplate":"https:\/\/behostels.com\/it\/?s={search_term_string}"},"query-input":"required name=search_term_string"}],"inLanguage":"it-IT"},{"@type":"Organization","@id":"https:\/\/behostels.com\/it\/#organization","name":"Be Hostels","url":"https:\/\/behostels.com\/it\/","logo":{"@type":"ImageObject","inLanguage":"it-IT","@id":"https:\/\/behostels.com\/it\/#\/schema\/logo\/image\/","url":"https:\/\/behostels.com\/wp-content\/uploads\/2015\/06\/be_reservations_logo.jpg","contentUrl":"https:\/\/behostels.com\/wp-content\/uploads\/2015\/06\/be_reservations_logo.jpg","width":130,"height":130,"caption":"Be Hostels"},"image":{"@id":"https:\/\/behostels.com\/it\/#\/schema\/logo\/image\/"}}]}},"_links":{"self":[{"href":"https:\/\/behostels.com\/it\/wp-json\/wp\/v2\/pages\/859"}],"collection":[{"href":"https:\/\/behostels.com\/it\/wp-json\/wp\/v2\/pages"}],"about":[{"href":"https:\/\/behostels.com\/it\/wp-json\/wp\/v2\/types\/page"}],"author":[{"embeddable":true,"href":"https:\/\/behostels.com\/it\/wp-json\/wp\/v2\/users\/1"}],"replies":[{"embeddable":true,"href":"https:\/\/behostels.com\/it\/wp-json\/wp\/v2\/comments?post=859"}],"version-history":[{"count":0,"href":"https:\/\/behostels.com\/it\/wp-json\/wp\/v2\/pages\/859\/revisions"}],"wp:attachment":[{"href":"https:\/\/behostels.com\/it\/wp-json\/wp\/v2\/media?parent=859"}],"curies":[{"name":"wp","href":"https:\/\/api.w.org\/{rel}","templated":true}]}}