{"id":803,"date":"2015-06-22T13:39:52","date_gmt":"2015-06-22T13:39:52","guid":{"rendered":"https:\/\/behostels.com\/?page_id=803"},"modified":"2015-07-16T09:59:04","modified_gmt":"2015-07-16T09:59:04","slug":"lavora-con-noi-a-be-hostels","status":"publish","type":"page","link":"https:\/\/behostels.com\/it\/lavora-con-noi-a-be-hostels\/","title":{"rendered":"Lavora con noi a Be Hostels Barcellona e Saragozza"},"content":{"rendered":"<h3>Siamo orgogliosi del nostro team, a Be Hostels!<\/h3>\r\n<p>\r\n\r\nIl personale, i loro sorrisi, la loro pazienza, le loro idee, tutto ci\u00f2 rende <a href=\"https:\/\/behostels.com\/it\/\"><strong>Be Hostels<\/strong><\/a> ci\u00f2 che \u00e8! Lavorare con noi \u00e8 divertente, ti stiamo aspettando! Cogli questa <strong>opportunit\u00e0 di lavoro<\/strong>!\r\n<\/p>\r\n<p>\r\nSiamo sempre alla ricerca di gente che voglia far parte del personale di <a href=\"https:\/\/behostels.com\/it\/\"><strong>Be Hostels Barcelona<\/strong> e <strong>Zaragoza<\/strong><\/a>.\r\n<\/p>\r\n<div class=\"uk-grid uk-text-left uk-flex-middle\">\r\n\t<div class=\"uk-width-medium-1-3\">\r\n\t\t<div class=\"uk-overlay uk-overlay-hover uk-border-circle\">\r\n\t\t\t<img loading=\"lazy\" decoding=\"async\" src=\"https:\/\/behostels.com\/wp-content\/uploads\/2015\/07\/work-with-us.jpg\" class=\"uk-border-circle uk-overlay-scale\"  alt=\"Work with us at Be Hostels Barcelona\" width=\"600\" height=\"600\" class=\"alignnone size-full wp-image-2557\" srcset=\"https:\/\/behostels.com\/wp-content\/uploads\/2015\/07\/work-with-us.jpg 600w, https:\/\/behostels.com\/wp-content\/uploads\/2015\/07\/work-with-us-150x150.jpg 150w, https:\/\/behostels.com\/wp-content\/uploads\/2015\/07\/work-with-us-300x300.jpg 300w\" sizes=\"(max-width: 600px) 100vw, 600px\" \/>\r\n\t\t<\/div>\r\n\t<\/div>\r\n\t<div class=\"uk-width-medium-2-3\">\r\n\r\n<p>Cerchiamo gente:<\/p>\r\n\r\n<ul>\r\n\t<li><strong><strong>Motivata<\/strong><\/strong><\/li>\r\n\t<li><strong><strong>Felice e amichevole<\/strong><\/strong><\/li>\r\n\t<li><strong><strong>Organizzata e responsabile<\/strong><\/strong><\/li>\r\n\t<li><strong><strong>Proattiva e creativa<\/strong><\/strong><\/li>\r\n\t<li><strong><strong>Che parli almeno due lingue (preferibilmente spagnolo e inglese)<\/strong><\/strong><\/li>\r\n\t<li><strong><strong>Buone doti comunicative<\/strong><\/strong><\/li>\r\n\t<li><strong><strong>Con voglia di imparare<\/strong><\/strong><\/li>\r\n\t<li><strong><strong>Che sappia lavorare in squadra<\/strong><\/strong><\/li>\r\n<\/ul>\r\n\r\n\r\n<p>Mandaci il tuo <strong>CV<\/strong> con foto a : <strong><a href=\"mailto:manager@behostels.com\">manager@behostels.com <\/a><\/strong><\/p>\r\n\t<\/div>\r\n<\/div>","protected":false},"excerpt":{"rendered":"<p>Siamo orgogliosi del nostro team, a Be Hostels! Il personale, i loro sorrisi, la loro pazienza, le loro idee, tutto ci\u00f2 rende Be Hostels ci\u00f2 che \u00e8! Lavorare con noi \u00e8 divertente, ti stiamo aspettando! Cogli questa opportunit\u00e0 di lavoro! Siamo sempre alla ricerca di gente che voglia far parte del personale di Be Hostels [&hellip;]<\/p>\n","protected":false},"author":1,"featured_media":0,"parent":0,"menu_order":0,"comment_status":"closed","ping_status":"closed","template":"","meta":{"footnotes":""},"yoast_head":"<!-- This site is optimized with the Yoast SEO plugin v22.7 - https:\/\/yoast.com\/wordpress\/plugins\/seo\/ -->\n<title>Lavora con noi a Be Hostels Barcelona e Zaragoza.<\/title>\n<meta name=\"description\" content=\"Opportunit\u00e0 di lavoro a Be Hostels Barcelona Zaragoza. Candidati ora!\" \/>\n<meta name=\"robots\" content=\"index, follow, max-snippet:-1, max-image-preview:large, max-video-preview:-1\" \/>\n<link rel=\"canonical\" href=\"https:\/\/behostels.com\/it\/lavora-con-noi-a-be-hostels\/\" \/>\n<meta property=\"og:locale\" content=\"it_IT\" \/>\n<meta property=\"og:type\" content=\"article\" \/>\n<meta property=\"og:title\" content=\"Lavora con noi a Be Hostels Barcelona e Zaragoza.\" \/>\n<meta property=\"og:description\" content=\"Opportunit\u00e0 di lavoro a Be Hostels Barcelona Zaragoza. Candidati ora!\" \/>\n<meta property=\"og:url\" content=\"https:\/\/behostels.com\/it\/lavora-con-noi-a-be-hostels\/\" \/>\n<meta property=\"og:site_name\" content=\"Be Hostels\" \/>\n<meta property=\"article:modified_time\" content=\"2015-07-16T09:59:04+00:00\" \/>\n<meta property=\"og:image\" content=\"https:\/\/behostels.com\/wp-content\/uploads\/2015\/07\/work-with-us.jpg\" \/>\n<meta name=\"twitter:card\" content=\"summary_large_image\" \/>\n<script type=\"application\/ld+json\" class=\"yoast-schema-graph\">{\"@context\":\"https:\/\/schema.org\",\"@graph\":[{\"@type\":\"WebPage\",\"@id\":\"https:\/\/behostels.com\/it\/lavora-con-noi-a-be-hostels\/\",\"url\":\"https:\/\/behostels.com\/it\/lavora-con-noi-a-be-hostels\/\",\"name\":\"Lavora con noi a Be Hostels Barcelona e Zaragoza.\",\"isPartOf\":{\"@id\":\"https:\/\/behostels.com\/it\/#website\"},\"primaryImageOfPage\":{\"@id\":\"https:\/\/behostels.com\/it\/lavora-con-noi-a-be-hostels\/#primaryimage\"},\"image\":{\"@id\":\"https:\/\/behostels.com\/it\/lavora-con-noi-a-be-hostels\/#primaryimage\"},\"thumbnailUrl\":\"https:\/\/behostels.com\/wp-content\/uploads\/2015\/07\/work-with-us.jpg\",\"datePublished\":\"2015-06-22T13:39:52+00:00\",\"dateModified\":\"2015-07-16T09:59:04+00:00\",\"description\":\"Opportunit\u00e0 di lavoro a Be Hostels Barcelona Zaragoza. Candidati ora!\",\"breadcrumb\":{\"@id\":\"https:\/\/behostels.com\/it\/lavora-con-noi-a-be-hostels\/#breadcrumb\"},\"inLanguage\":\"it-IT\",\"potentialAction\":[{\"@type\":\"ReadAction\",\"target\":[\"https:\/\/behostels.com\/it\/lavora-con-noi-a-be-hostels\/\"]}]},{\"@type\":\"ImageObject\",\"inLanguage\":\"it-IT\",\"@id\":\"https:\/\/behostels.com\/it\/lavora-con-noi-a-be-hostels\/#primaryimage\",\"url\":\"https:\/\/behostels.com\/wp-content\/uploads\/2015\/07\/work-with-us.jpg\",\"contentUrl\":\"https:\/\/behostels.com\/wp-content\/uploads\/2015\/07\/work-with-us.jpg\"},{\"@type\":\"BreadcrumbList\",\"@id\":\"https:\/\/behostels.com\/it\/lavora-con-noi-a-be-hostels\/#breadcrumb\",\"itemListElement\":[{\"@type\":\"ListItem\",\"position\":1,\"name\":\"Home\",\"item\":\"https:\/\/behostels.com\/it\/\"},{\"@type\":\"ListItem\",\"position\":2,\"name\":\"Lavora con noi a Be Hostels Barcellona e Saragozza\"}]},{\"@type\":\"WebSite\",\"@id\":\"https:\/\/behostels.com\/it\/#website\",\"url\":\"https:\/\/behostels.com\/it\/\",\"name\":\"Be Hostels\",\"description\":\"\",\"publisher\":{\"@id\":\"https:\/\/behostels.com\/it\/#organization\"},\"potentialAction\":[{\"@type\":\"SearchAction\",\"target\":{\"@type\":\"EntryPoint\",\"urlTemplate\":\"https:\/\/behostels.com\/it\/?s={search_term_string}\"},\"query-input\":\"required name=search_term_string\"}],\"inLanguage\":\"it-IT\"},{\"@type\":\"Organization\",\"@id\":\"https:\/\/behostels.com\/it\/#organization\",\"name\":\"Be Hostels\",\"url\":\"https:\/\/behostels.com\/it\/\",\"logo\":{\"@type\":\"ImageObject\",\"inLanguage\":\"it-IT\",\"@id\":\"https:\/\/behostels.com\/it\/#\/schema\/logo\/image\/\",\"url\":\"https:\/\/behostels.com\/wp-content\/uploads\/2015\/06\/be_reservations_logo.jpg\",\"contentUrl\":\"https:\/\/behostels.com\/wp-content\/uploads\/2015\/06\/be_reservations_logo.jpg\",\"width\":130,\"height\":130,\"caption\":\"Be Hostels\"},\"image\":{\"@id\":\"https:\/\/behostels.com\/it\/#\/schema\/logo\/image\/\"}}]}<\/script>\n<!-- \/ Yoast SEO plugin. -->","yoast_head_json":{"title":"Lavora con noi a Be Hostels Barcelona e Zaragoza.","description":"Opportunit\u00e0 di lavoro a Be Hostels Barcelona Zaragoza. Candidati ora!","robots":{"index":"index","follow":"follow","max-snippet":"max-snippet:-1","max-image-preview":"max-image-preview:large","max-video-preview":"max-video-preview:-1"},"canonical":"https:\/\/behostels.com\/it\/lavora-con-noi-a-be-hostels\/","og_locale":"it_IT","og_type":"article","og_title":"Lavora con noi a Be Hostels Barcelona e Zaragoza.","og_description":"Opportunit\u00e0 di lavoro a Be Hostels Barcelona Zaragoza. Candidati ora!","og_url":"https:\/\/behostels.com\/it\/lavora-con-noi-a-be-hostels\/","og_site_name":"Be Hostels","article_modified_time":"2015-07-16T09:59:04+00:00","og_image":[{"url":"https:\/\/behostels.com\/wp-content\/uploads\/2015\/07\/work-with-us.jpg"}],"twitter_card":"summary_large_image","schema":{"@context":"https:\/\/schema.org","@graph":[{"@type":"WebPage","@id":"https:\/\/behostels.com\/it\/lavora-con-noi-a-be-hostels\/","url":"https:\/\/behostels.com\/it\/lavora-con-noi-a-be-hostels\/","name":"Lavora con noi a Be Hostels Barcelona e Zaragoza.","isPartOf":{"@id":"https:\/\/behostels.com\/it\/#website"},"primaryImageOfPage":{"@id":"https:\/\/behostels.com\/it\/lavora-con-noi-a-be-hostels\/#primaryimage"},"image":{"@id":"https:\/\/behostels.com\/it\/lavora-con-noi-a-be-hostels\/#primaryimage"},"thumbnailUrl":"https:\/\/behostels.com\/wp-content\/uploads\/2015\/07\/work-with-us.jpg","datePublished":"2015-06-22T13:39:52+00:00","dateModified":"2015-07-16T09:59:04+00:00","description":"Opportunit\u00e0 di lavoro a Be Hostels Barcelona Zaragoza. Candidati ora!","breadcrumb":{"@id":"https:\/\/behostels.com\/it\/lavora-con-noi-a-be-hostels\/#breadcrumb"},"inLanguage":"it-IT","potentialAction":[{"@type":"ReadAction","target":["https:\/\/behostels.com\/it\/lavora-con-noi-a-be-hostels\/"]}]},{"@type":"ImageObject","inLanguage":"it-IT","@id":"https:\/\/behostels.com\/it\/lavora-con-noi-a-be-hostels\/#primaryimage","url":"https:\/\/behostels.com\/wp-content\/uploads\/2015\/07\/work-with-us.jpg","contentUrl":"https:\/\/behostels.com\/wp-content\/uploads\/2015\/07\/work-with-us.jpg"},{"@type":"BreadcrumbList","@id":"https:\/\/behostels.com\/it\/lavora-con-noi-a-be-hostels\/#breadcrumb","itemListElement":[{"@type":"ListItem","position":1,"name":"Home","item":"https:\/\/behostels.com\/it\/"},{"@type":"ListItem","position":2,"name":"Lavora con noi a Be Hostels Barcellona e Saragozza"}]},{"@type":"WebSite","@id":"https:\/\/behostels.com\/it\/#website","url":"https:\/\/behostels.com\/it\/","name":"Be Hostels","description":"","publisher":{"@id":"https:\/\/behostels.com\/it\/#organization"},"potentialAction":[{"@type":"SearchAction","target":{"@type":"EntryPoint","urlTemplate":"https:\/\/behostels.com\/it\/?s={search_term_string}"},"query-input":"required name=search_term_string"}],"inLanguage":"it-IT"},{"@type":"Organization","@id":"https:\/\/behostels.com\/it\/#organization","name":"Be Hostels","url":"https:\/\/behostels.com\/it\/","logo":{"@type":"ImageObject","inLanguage":"it-IT","@id":"https:\/\/behostels.com\/it\/#\/schema\/logo\/image\/","url":"https:\/\/behostels.com\/wp-content\/uploads\/2015\/06\/be_reservations_logo.jpg","contentUrl":"https:\/\/behostels.com\/wp-content\/uploads\/2015\/06\/be_reservations_logo.jpg","width":130,"height":130,"caption":"Be Hostels"},"image":{"@id":"https:\/\/behostels.com\/it\/#\/schema\/logo\/image\/"}}]}},"_links":{"self":[{"href":"https:\/\/behostels.com\/it\/wp-json\/wp\/v2\/pages\/803"}],"collection":[{"href":"https:\/\/behostels.com\/it\/wp-json\/wp\/v2\/pages"}],"about":[{"href":"https:\/\/behostels.com\/it\/wp-json\/wp\/v2\/types\/page"}],"author":[{"embeddable":true,"href":"https:\/\/behostels.com\/it\/wp-json\/wp\/v2\/users\/1"}],"replies":[{"embeddable":true,"href":"https:\/\/behostels.com\/it\/wp-json\/wp\/v2\/comments?post=803"}],"version-history":[{"count":0,"href":"https:\/\/behostels.com\/it\/wp-json\/wp\/v2\/pages\/803\/revisions"}],"wp:attachment":[{"href":"https:\/\/behostels.com\/it\/wp-json\/wp\/v2\/media?parent=803"}],"curies":[{"name":"wp","href":"https:\/\/api.w.org\/{rel}","templated":true}]}}