{"id":591,"date":"2015-06-18T12:59:13","date_gmt":"2015-06-18T12:59:13","guid":{"rendered":"https:\/\/behostels.com\/?page_id=591"},"modified":"2017-06-22T12:04:51","modified_gmt":"2017-06-22T12:04:51","slug":"apartments-ubicazione","status":"publish","type":"page","link":"https:\/\/behostels.com\/it\/be-apartments\/apartments-ubicazione\/","title":{"rendered":"Be Apartments ubicazione"},"content":{"rendered":"\n<script type=\"widgetkit\/map\" data-id=\"wk-map69dd27da5e9d2\" data-class=\" uk-img-preserve\" data-style=\"width:auto;height:600px;\">\n    {\"width\":\"auto\",\"height\":\"600\",\"maptypeid\":\"roadmap\",\"maptypecontrol\":false,\"mapctrl\":true,\"zoom\":\"16\",\"marker\":\"3\",\"marker_icon\":\"\",\"markercluster\":false,\"popup_max_width\":\"400\",\"zoomwheel\":false,\"draggable\":false,\"directions\":false,\"disabledefaultui\":false,\"styler_invert_lightness\":false,\"styler_hue\":\"\",\"styler_saturation\":0,\"styler_lightness\":0,\"styler_gamma\":0,\"media\":false,\"image_width\":\"auto\",\"image_height\":\"auto\",\"media_align\":\"top\",\"media_width\":\"1-4\",\"media_breakpoint\":\"medium\",\"media_border\":\"none\",\"media_overlay\":\"none\",\"overlay_animation\":\"fade\",\"media_animation\":\"none\",\"title\":false,\"content\":true,\"social_buttons\":true,\"title_size\":\"h4\",\"text_align\":\"left\",\"link\":true,\"link_style\":\"button\",\"link_text\":\"Read more\",\"link_target\":false,\"class\":\"\",\"markers\":[{\"lat\":41.3791501,\"lng\":2.1721979,\"icon\":\"\",\"title\":\"BE APARTMENTS BARCELONA\",\"content\":\"\\n<div class=\\\"uk-text-left\\\">\\n\\n    \\n    \\n    \\n    \\n        <div class=\\\"uk-margin\\\"><img decoding=\\\"async\\\" src=\\\"\\\/wp-content\\\/uploads\\\/2015\\\/06\\\/be-hostels-apartments-barcelona.png\\\" style=\\\"height:36px ; width:auto;\\\"  \\\/><br\\\/>\\n<p class=\\\"uk-text-small\\\">Carrer Sant Pau 29<br\\\/>\\n08001 Barcelona-Spain<br>\\nTel:(+34) 93 185 0800<br>\\nsound@behostels.com<br>\\n<\\\/p><\\\/div>\\n    \\n    \\n    \\n    \\n<\\\/div>\\n\"},{\"lat\":41.444102,\"lng\":2.236906,\"icon\":\"\",\"title\":\"BE DREAM HOSTEL BARCELONA\",\"content\":\"\\n<div class=\\\"uk-text-left\\\">\\n\\n    \\n    \\n    \\n    \\n        <div class=\\\"uk-margin\\\"><img decoding=\\\"async\\\" src=\\\"\\\/wp-content\\\/uploads\\\/2015\\\/06\\\/be-dream-hostel.png\\\" style=\\\"height:36px ; width:auto;\\\" \\\/><br\\\/>\\n<p class=\\\"uk-text-small\\\">Ave. Alfonso XIII \\u2013 28 B,<br\\\/>\\n08912 Badalona, Barcelona \\u2013 Spain<br>\\nTel:(+34) 93 399 14 20 <br\\\/>\\ndream@behostels.com<br>\\n<\\\/p><\\\/div>\\n    \\n    \\n    \\n    \\n<\\\/div>\\n\"},{\"lat\":41.3775039,\"lng\":2.172548,\"icon\":\"\",\"title\":\"BE RAMBLAS HOTEL BARCELONA\",\"content\":\"\\n<div class=\\\"uk-text-left\\\">\\n\\n    \\n    \\n    \\n    \\n        <div class=\\\"uk-margin\\\"><img decoding=\\\"async\\\" src=\\\"\\\/wp-content\\\/uploads\\\/2015\\\/06\\\/be-ramblas-hotel-private-rooms.png\\\" style=\\\"height:36px ; width:auto;\\\"\\\/><br\\\/>\\n<p class=\\\"uk-text-small\\\">Carrer Nou de La Rambla 50<br>\\n08001 Barcelona-Spain<br>\\nTel:(+34) 93 442 3669<br>\\nramblas@behostels.com<br>\\n<\\\/p><\\\/div>\\n    \\n    \\n    \\n    \\n<\\\/div>\\n\"},{\"lat\":41.3773651,\"lng\":2.1701548999999,\"icon\":\"\",\"title\":\"BE MAR HOSTEL BARCELONA\",\"content\":\"\\n<div class=\\\"uk-text-left\\\">\\n\\n    \\n    \\n    \\n    \\n        <div class=\\\"uk-margin\\\"><img decoding=\\\"async\\\" src=\\\"\\\/wp-content\\\/uploads\\\/2015\\\/06\\\/be-mar-hostel.png\\\" style=\\\"height:36px ; width:auto;\\\" \\\/><br\\\/>\\n<p class=\\\"uk-text-small\\\">Carrer Sant Pau 80<br>\\n08001 Barcelona-Spain<br>\\nTel:(+34) 93 324 85 30<br>\\nmar@behostels.com<br>\\n<\\\/p><\\\/div>\\n    \\n    \\n    \\n    \\n<\\\/div>\\n\"},{\"lat\":41.3758458,\"lng\":2.1709845,\"icon\":\"\",\"title\":\"BE SOUND HOSTEL BARCELONA\",\"content\":\"\\n<div class=\\\"uk-text-left\\\">\\n\\n    \\n    \\n    \\n    \\n        <div class=\\\"uk-margin\\\"><img decoding=\\\"async\\\" src=\\\"\\\/wp-content\\\/uploads\\\/2015\\\/06\\\/be-sound-hostel.png\\\" style=\\\"height:36px ; width:auto;\\\" \\\/><br\\\/>\\n<p class=\\\"uk-text-small\\\">Carrer Nou de La Rambla 91<br>\\n08001 Barcelona-Spain<br>\\nTel:(+34) 93 185 0800<br>\\nsound@behostels.com<br>\\n<\\\/p><\\\/div>\\n    \\n    \\n    \\n    \\n<\\\/div>\\n\"}],\"directionsText\":\"Get Directions\"}<\/script>\n\r\n\r\n&nbsp;\r\n<div class=\"uk-grid\">\r\n<div class=\"uk-width-large-1-2 uk-width-medium-1-2 uk-width-small-1-1\">\r\n<ul>\r\n \t<li>1 min dalla Rambla<\/li>\r\n \t<li>1 minuto dal Metro Liceu<\/li>\r\n \t<li>1 minuto dal Teatro Liceu<\/li>\r\n \t<li>2 minuti dalla Boqueria (il famoso mercato)<\/li>\r\n \t<li>5 minuti dalla Plaza Real<\/li>\r\n \t<li>1 minuti dal Teatro Liceu<\/li>\r\n<\/ul>\r\n<\/div>\r\n<div class=\"uk-width-large-1-2 uk-width-medium-1-2 uk-width-small-1-1\">\r\n<ul>\r\n \t<li>5 minuti dal MACBA (Contemporary Art Museum of Barcelona)<\/li>\r\n \t<li>10 minuti dal porto<\/li>\r\n \t<li>10 minuti dalla Plaza Catalunya<\/li>\r\n \t<li>All\u2019interno della parte vecchia della citt\u00e0<\/li>\r\n \t<li>Nella zona del shopping e cultura<\/li>\r\n<\/ul>\r\n<\/div>\r\n<\/div>\r\n<div class=\"uk-text-center uk-margin\">\r\n<div class=\"download\"><a href=\"https:\/\/behostels.com\/wp-content\/uploads\/PDF-Be-Hostels-Sound.pdf\" target=\"_blank\" rel=\"noopener\">\r\n<i class=\"uk-icon-file-pdf-o uk-icon-large\"><\/i>\r\n<strong>Scarica<\/strong> la nostra mappa per arrivare ( versione ingles )\r\n<\/a><\/div>\r\n<\/div>\r\n<h2 class=\"fantasy\">Come arrivare a Be Aparments?<\/h2>\r\nTI check-in de Be Appartaments sono realizzati in ricezione di Be Sound Hostel. Per\r\nfavore, vai a Nou de la rambla numero 91. Queste sono le informazioni su come\r\narrivare a Be Sound Hostel:\r\n\r\n\n<div  data-uk-scrollspy=\"{target:'> div > [data-uk-scrollspy-cls]', delay:300}\">\n\n\n    \n    <div class=\"uk-grid uk-text-left uk-flex-middle\" data-uk-grid-match data-uk-margin=\"{cls:'uk-margin-top'}\">\n\n                <div class=\"uk-width-medium-3-10 uk-text-center uk-invisible\"  data-uk-scrollspy-cls=\"uk-animation-fade uk-invisible\">\n            <div class=\"uk-overlay uk-overlay-hover uk-border-circle\"><img decoding=\"async\" src=\"\/wp-content\/uploads\/2015\/07\/aerobus-barcelona.jpg\" class=\"uk-border-circle uk-overlay-scale\" alt=\"Aeroporto di Barcellona, El Prat\"><div class=\"uk-overlay-panel uk-overlay-background uk-overlay-icon uk-overlay-fade\"><\/div><\/div>        <\/div>\n        \n                <div class=\"uk-width-medium-7-10 uk-invisible\"  data-uk-scrollspy-cls=\"uk-animation-slide-right uk-invisible\">\n            <div class=\"uk-panel uk-panel-space uk-width-1-1\">\n\n                \n                                <h3 class=\"uk-panel-title\">\n\n                                            Aeroporto di Barcellona, El Prat                    \n                    \n                <\/h3>\n                \n                                <div class=\"uk-margin\"><p><strong>In autobus<\/strong>: Durata: 30 minuti. Prendete l&#8217;Aerobus di fronte al terminal 1 e 2 e scendete al capolinea, che \u00e8 Pla\u00e7a Catalunya. Da Pla\u00e7a Catalunya ci sono 2 possibilit\u00e0 per raggiungere l&#8217;ostello:<\/p>\n<p>A) 10-15 minuti a piedi. Scendete lungo Las Ramblas verso il mare per 10 minuti. Vedrete sulla vostra destra la via Nou de la Rambla; siamo al numero 91.<\/p>\n<p> B) In metropolitana: Durata: 5 minut. Prendete la linea verde e scendete alla fermata Paral\u2022lel. Uscite dalla stazione e potrete vedere la via Nou de la Rambla; siamo al numero 91.<\/p>\n<p><strong>In treno:<\/strong> Durata: 30 minuti. Prendete a la terminal 2, l&#8217;unico treno dall&#8217;aeroporto della linea RENFE e scendete a Sants Estaci\u00f3. A questo punto dovete cambiare e prendere la metropolitana. Prendete la linea verde della metropolitana in direzione Trinitat Nova e scendete a Paral\u2022lel (tempo: 5 minuti). Uscite dalla stazione e potrete vedere la via Nou de la Rambla; siamo al numero 91.<strong><a title=\"Barcelona Transport\" href=\"http:\/\/behostels.com\/barcelona-transport-system-how-to-get-be-hostels\/\"> Prezzi e orari qui ( versione inglese )<\/a><\/strong><\/p><\/div>\n                \n                \n                \n            <\/div>\n        <\/div>\n        \n    <\/div>\n\n    \n\n    \n    <div class=\"uk-grid uk-text-left uk-flex-middle\" data-uk-grid-match data-uk-margin=\"{cls:'uk-margin-top'}\">\n\n                <div class=\"uk-width-medium-3-10 uk-text-center uk-float-right uk-flex-order-last-medium uk-invisible\"  data-uk-scrollspy-cls=\"uk-animation-fade uk-invisible\">\n            <div class=\"uk-overlay uk-overlay-hover uk-border-circle\"><img decoding=\"async\" src=\"\/wp-content\/uploads\/2015\/07\/shuttle-girona-airport.jpg\" class=\"uk-border-circle uk-overlay-scale\" alt=\"Aeroporto di Girona\"><div class=\"uk-overlay-panel uk-overlay-background uk-overlay-icon uk-overlay-fade\"><\/div><\/div>        <\/div>\n        \n                <div class=\"uk-width-medium-7-10 uk-invisible\"  data-uk-scrollspy-cls=\"uk-animation-slide-left uk-invisible\">\n            <div class=\"uk-panel uk-panel-space uk-width-1-1\">\n\n                \n                                <h3 class=\"uk-panel-title\">\n\n                                            Aeroporto di Girona                    \n                    \n                <\/h3>\n                \n                                <div class=\"uk-margin\"><p>Se si proviene dall&#8217;aeroporto di Girona \u00e8 necessario prendere l&#8217;unico autobus che arriva all&#8217;Estaci\u00f3 del Nord nel centro di Barcellona. Ryanair gestisce e coordina questi autobus con ogni volo. L&#8217;autobus impiega 1 ora e 15 minuti. Una volta che siete all&#8217;Estaci\u00f3 del Nord (la principale stazione degli autobus della citt\u00e0) dovete uscire dalla stazione per trovare la metropolitana. Prendete la linea rossa della metropolitana e scendete a Pla\u00e7a Catalunya, dove si cambia alla linea verde. Prendete la linea verde in direzione di Zona Universitaria e scendete a Paral\u2022lel. Il viaggio in metropolitana dura 15 minuti. Uscite dalla stazione e potrete vedere la via Nou de la Rambla; siamo al numero 91.<\/p><\/div>\n                \n                \n                \n            <\/div>\n        <\/div>\n        \n    <\/div>\n\n    \n\n    \n    <div class=\"uk-grid uk-text-left uk-flex-middle\" data-uk-grid-match data-uk-margin=\"{cls:'uk-margin-top'}\">\n\n                <div class=\"uk-width-medium-3-10 uk-text-center uk-invisible\"  data-uk-scrollspy-cls=\"uk-animation-fade uk-invisible\">\n            <div class=\"uk-overlay uk-overlay-hover uk-border-circle\"><img decoding=\"async\" src=\"\/wp-content\/uploads\/2015\/07\/barcelona-sants.jpg\" class=\"uk-border-circle uk-overlay-scale\" alt=\"Sants Estaci\u00f3, stazione principale dei treni\"><div class=\"uk-overlay-panel uk-overlay-background uk-overlay-icon uk-overlay-fade\"><\/div><\/div>        <\/div>\n        \n                <div class=\"uk-width-medium-7-10 uk-invisible\"  data-uk-scrollspy-cls=\"uk-animation-slide-right uk-invisible\">\n            <div class=\"uk-panel uk-panel-space uk-width-1-1\">\n\n                \n                                <h3 class=\"uk-panel-title\">\n\n                                            Sants Estaci\u00f3, stazione principale dei treni                    \n                    \n                <\/h3>\n                \n                                <div class=\"uk-margin\"><p>Prendete la linea verde della metropolitana in direzione Canyelles e scendete a Paral\u2022lel (tempo: 5 minuti). Uscite dalla stazione e potrete vedere la via Nou de la Rambla; siamo al numero 91.\n<strong><a title=\"Barcelona Transport\" href=\"http:\/\/behostels.com\/barcelona-transport-system-how-to-get-be-hostels\/\"> Prezzi e orari qui ( versione inglese )<\/a><\/strong><\/p><\/div>\n                \n                \n                \n            <\/div>\n        <\/div>\n        \n    <\/div>\n\n    \n\n    \n    <div class=\"uk-grid uk-text-left uk-flex-middle\" data-uk-grid-match data-uk-margin=\"{cls:'uk-margin-top'}\">\n\n                <div class=\"uk-width-medium-3-10 uk-text-center uk-float-right uk-flex-order-last-medium uk-invisible\"  data-uk-scrollspy-cls=\"uk-animation-fade uk-invisible\">\n            <div class=\"uk-overlay uk-overlay-hover uk-border-circle\"><img decoding=\"async\" src=\"\/wp-content\/uploads\/2015\/07\/estacion-nord-barcelona.jpg\" class=\"uk-border-circle uk-overlay-scale\" alt=\"Estaci\u00f3 del Nord, stazione principale degli autobus\"><div class=\"uk-overlay-panel uk-overlay-background uk-overlay-icon uk-overlay-fade\"><\/div><\/div>        <\/div>\n        \n                <div class=\"uk-width-medium-7-10 uk-invisible\"  data-uk-scrollspy-cls=\"uk-animation-slide-left uk-invisible\">\n            <div class=\"uk-panel uk-panel-space uk-width-1-1\">\n\n                \n                                <h3 class=\"uk-panel-title\">\n\n                                            Estaci\u00f3 del Nord, stazione principale degli autobus                    \n                    \n                <\/h3>\n                \n                                <div class=\"uk-margin\"><p>Dovete uscire dalla stazione per trovare la metropolitana. Prendete la linea rossa della metropolitana e scendete a Pla\u00e7a Catalunya, dove si cambia alla linea verde. Prendete la linea verde in direzione di Zona Universitaria e scendete a Paral\u2022lel. Il viaggio in metropolitana dura 15 minuti. Uscite dalla stazione e potrete vedere la via Nou de la Rambla; siamo al numero 91.\n<strong><a title=\"Barcelona Transport\" href=\"http:\/\/behostels.com\/barcelona-transport-system-how-to-get-be-hostels\/\"> Prezzi e orari qui ( versione inglese )<\/a><\/strong><\/p><\/div>\n                \n                \n                \n            <\/div>\n        <\/div>\n        \n    <\/div>\n\n    \n\n    \n    <div class=\"uk-grid uk-text-left uk-flex-middle\" data-uk-grid-match data-uk-margin=\"{cls:'uk-margin-top'}\">\n\n                <div class=\"uk-width-medium-3-10 uk-text-center uk-invisible\"  data-uk-scrollspy-cls=\"uk-animation-fade uk-invisible\">\n            <div class=\"uk-overlay uk-overlay-hover uk-border-circle\"><img decoding=\"async\" src=\"\/wp-content\/uploads\/2015\/07\/plaza-catalunya.jpg\" class=\"uk-border-circle uk-overlay-scale\" alt=\"Pla\u00e7a Catalunya\"><div class=\"uk-overlay-panel uk-overlay-background uk-overlay-icon uk-overlay-fade\"><\/div><\/div>        <\/div>\n        \n                <div class=\"uk-width-medium-7-10 uk-invisible\"  data-uk-scrollspy-cls=\"uk-animation-slide-right uk-invisible\">\n            <div class=\"uk-panel uk-panel-space uk-width-1-1\">\n\n                \n                                <h3 class=\"uk-panel-title\">\n\n                                            Pla\u00e7a Catalunya                    \n                    \n                <\/h3>\n                \n                                <div class=\"uk-margin\"><p>Ci sono due possibilit\u00e0:\nA) 10-15 minuti a piedi. Scendete lungo Las Ramblas verso il mare per 10 minuti. Vedrete sulla vostra destra la via Nou de la Rambla; siamo al numero 50.\n B) In metropolitana: Durata: 5 minuti. Prendete la linea verde e scendere alla fermata Paral\u2022lel. Uscite dalla stazione e potrete vedere la via Nou de la Rambla sulla vostra destra; siamo al numero 91.\n<\/p>\n<p><strong>NOTA:<\/strong> \u00c8 possibile acquistare i biglietti singoli per i viaggi in metropolitana. Ma se si rimane per pi\u00f9 di un giorno o si far\u00e0 pi\u00f9 di 5 viaggi in metropolitana o in autobus da Barcellona, \u00e8 meglio acquistare il T10, valido per la metropolitana, autobus e treno.<\/p><\/div>\n                \n                \n                \n            <\/div>\n        <\/div>\n        \n    <\/div>\n\n    \n\n    \n    <div class=\"uk-grid uk-text-left uk-flex-middle\" data-uk-grid-match data-uk-margin=\"{cls:'uk-margin-top'}\">\n\n                <div class=\"uk-width-medium-3-10 uk-text-center uk-float-right uk-flex-order-last-medium uk-invisible\"  data-uk-scrollspy-cls=\"uk-animation-fade uk-invisible\">\n            <div class=\"uk-overlay uk-overlay-hover uk-border-circle\"><img decoding=\"async\" src=\"\/wp-content\/uploads\/2015\/07\/ronda-litoral.jpg\" class=\"uk-border-circle uk-overlay-scale\" alt=\"In auto\"><div class=\"uk-overlay-panel uk-overlay-background uk-overlay-icon uk-overlay-fade\"><\/div><\/div>        <\/div>\n        \n                <div class=\"uk-width-medium-7-10 uk-invisible\"  data-uk-scrollspy-cls=\"uk-animation-slide-left uk-invisible\">\n            <div class=\"uk-panel uk-panel-space uk-width-1-1\">\n\n                \n                                <h3 class=\"uk-panel-title\">\n\n                                            In auto                    \n                    \n                <\/h3>\n                \n                                <div class=\"uk-margin\">Indipendentemente dall&#8217;autostrada attraverso cui entrate a Barcellona, dovete prendere la tangenziale detta \u201cRonda del Litoral\u201d per raggiungere il centro della citt\u00e0. Quando vi trovate sulla Ronda del Litoral prendete l&#8217;uscita 21. Percorrete la rotonda e prendete l&#8217;Avinguda del Paral\u2022lel. Dopo aver girato la seconda via a destra, che \u00e8 la via Nou de la Rambla, siamo al numero 91.<\/div>\n                \n                \n                \n            <\/div>\n        <\/div>\n        \n    <\/div>\n\n    \n\n    \n    <div class=\"uk-grid uk-text-left uk-flex-middle\" data-uk-grid-match data-uk-margin=\"{cls:'uk-margin-top'}\">\n\n                <div class=\"uk-width-medium-3-10 uk-text-center uk-invisible\"  data-uk-scrollspy-cls=\"uk-animation-fade uk-invisible\">\n            <div class=\"uk-overlay uk-overlay-hover uk-border-circle\"><img decoding=\"async\" src=\"\/wp-content\/uploads\/2015\/07\/port-vell.jpg\" class=\"uk-border-circle uk-overlay-scale\" alt=\"Dal Porto di Barcellona\"><div class=\"uk-overlay-panel uk-overlay-background uk-overlay-icon uk-overlay-fade\"><\/div><\/div>        <\/div>\n        \n                <div class=\"uk-width-medium-7-10 uk-invisible\"  data-uk-scrollspy-cls=\"uk-animation-slide-right uk-invisible\">\n            <div class=\"uk-panel uk-panel-space uk-width-1-1\">\n\n                \n                                <h3 class=\"uk-panel-title\">\n\n                                            Dal Porto di Barcellona                    \n                    \n                <\/h3>\n                \n                                <div class=\"uk-margin\">La piazza accanto al porto \u00e8 Pla\u00e7a Col\u00f3n. Da l\u00ec prendete l&#8217;Avinguda Drassanes. Dopo aver girato la seconda via a sinistra, che \u00e8 la via Nou de la Rambla, siamo al numero 91.<\/div>\n                \n                \n                \n            <\/div>\n        <\/div>\n        \n    <\/div>\n\n    \n\n<\/div>\n\r\n<div class=\"destacado\">\r\n<h2 class=\"fantasy\">Prestare attenzione<\/h2>\r\n<ul>\r\n \t<li>Queste informazioni non include i prezzi. Per ulteriori informazioni su prezzi e dettagli si prega di consultare <strong><a title=\"Barcelona Transport\" href=\"https:\/\/behostels.com\/barcelona-transport-system-how-to-get-be-hostels\/\">Barcelona transport ( versione inglese )<\/a><\/strong><\/li>\r\n<\/ul>\r\n<\/div>","protected":false},"excerpt":{"rendered":"<p>&nbsp; 1 min dalla Rambla 1 minuto dal Metro Liceu 1 minuto dal Teatro Liceu 2 minuti dalla Boqueria (il famoso mercato) 5 minuti dalla Plaza Real 1 minuti dal Teatro Liceu 5 minuti dal MACBA (Contemporary Art Museum of Barcelona) 10 minuti dal porto 10 minuti dalla Plaza Catalunya All\u2019interno della parte vecchia della [&hellip;]<\/p>\n","protected":false},"author":1,"featured_media":0,"parent":422,"menu_order":0,"comment_status":"closed","ping_status":"closed","template":"","meta":{"footnotes":""},"yoast_head":"<!-- This site is optimized with the Yoast SEO plugin v22.7 - https:\/\/yoast.com\/wordpress\/plugins\/seo\/ -->\n<title>Apartments ubicazione<\/title>\n<meta name=\"description\" content=\"Apartments ubicazione\" \/>\n<meta name=\"robots\" content=\"index, follow, max-snippet:-1, max-image-preview:large, max-video-preview:-1\" \/>\n<link rel=\"canonical\" href=\"https:\/\/behostels.com\/it\/be-apartments\/apartments-ubicazione\/\" \/>\n<meta property=\"og:locale\" content=\"it_IT\" \/>\n<meta property=\"og:type\" content=\"article\" \/>\n<meta property=\"og:title\" content=\"Apartments ubicazione\" \/>\n<meta property=\"og:description\" content=\"Apartments ubicazione\" \/>\n<meta property=\"og:url\" content=\"https:\/\/behostels.com\/it\/be-apartments\/apartments-ubicazione\/\" \/>\n<meta property=\"og:site_name\" content=\"Be Hostels\" \/>\n<meta property=\"article:modified_time\" content=\"2017-06-22T12:04:51+00:00\" \/>\n<meta name=\"twitter:card\" content=\"summary_large_image\" \/>\n<meta name=\"twitter:label1\" content=\"Tempo di lettura stimato\" \/>\n\t<meta name=\"twitter:data1\" content=\"1 minuto\" \/>\n<script type=\"application\/ld+json\" class=\"yoast-schema-graph\">{\"@context\":\"https:\/\/schema.org\",\"@graph\":[{\"@type\":\"WebPage\",\"@id\":\"https:\/\/behostels.com\/it\/be-apartments\/apartments-ubicazione\/\",\"url\":\"https:\/\/behostels.com\/it\/be-apartments\/apartments-ubicazione\/\",\"name\":\"Apartments ubicazione\",\"isPartOf\":{\"@id\":\"https:\/\/behostels.com\/it\/#website\"},\"datePublished\":\"2015-06-18T12:59:13+00:00\",\"dateModified\":\"2017-06-22T12:04:51+00:00\",\"description\":\"Apartments ubicazione\",\"breadcrumb\":{\"@id\":\"https:\/\/behostels.com\/it\/be-apartments\/apartments-ubicazione\/#breadcrumb\"},\"inLanguage\":\"it-IT\",\"potentialAction\":[{\"@type\":\"ReadAction\",\"target\":[\"https:\/\/behostels.com\/it\/be-apartments\/apartments-ubicazione\/\"]}]},{\"@type\":\"BreadcrumbList\",\"@id\":\"https:\/\/behostels.com\/it\/be-apartments\/apartments-ubicazione\/#breadcrumb\",\"itemListElement\":[{\"@type\":\"ListItem\",\"position\":1,\"name\":\"Home\",\"item\":\"https:\/\/behostels.com\/it\/\"},{\"@type\":\"ListItem\",\"position\":2,\"name\":\"Be Apartments\",\"item\":\"https:\/\/behostels.com\/it\/be-apartments\/\"},{\"@type\":\"ListItem\",\"position\":3,\"name\":\"Be Apartments ubicazione\"}]},{\"@type\":\"WebSite\",\"@id\":\"https:\/\/behostels.com\/it\/#website\",\"url\":\"https:\/\/behostels.com\/it\/\",\"name\":\"Be Hostels\",\"description\":\"\",\"publisher\":{\"@id\":\"https:\/\/behostels.com\/it\/#organization\"},\"potentialAction\":[{\"@type\":\"SearchAction\",\"target\":{\"@type\":\"EntryPoint\",\"urlTemplate\":\"https:\/\/behostels.com\/it\/?s={search_term_string}\"},\"query-input\":\"required name=search_term_string\"}],\"inLanguage\":\"it-IT\"},{\"@type\":\"Organization\",\"@id\":\"https:\/\/behostels.com\/it\/#organization\",\"name\":\"Be Hostels\",\"url\":\"https:\/\/behostels.com\/it\/\",\"logo\":{\"@type\":\"ImageObject\",\"inLanguage\":\"it-IT\",\"@id\":\"https:\/\/behostels.com\/it\/#\/schema\/logo\/image\/\",\"url\":\"https:\/\/behostels.com\/wp-content\/uploads\/2015\/06\/be_reservations_logo.jpg\",\"contentUrl\":\"https:\/\/behostels.com\/wp-content\/uploads\/2015\/06\/be_reservations_logo.jpg\",\"width\":130,\"height\":130,\"caption\":\"Be Hostels\"},\"image\":{\"@id\":\"https:\/\/behostels.com\/it\/#\/schema\/logo\/image\/\"}}]}<\/script>\n<!-- \/ Yoast SEO plugin. -->","yoast_head_json":{"title":"Apartments ubicazione","description":"Apartments ubicazione","robots":{"index":"index","follow":"follow","max-snippet":"max-snippet:-1","max-image-preview":"max-image-preview:large","max-video-preview":"max-video-preview:-1"},"canonical":"https:\/\/behostels.com\/it\/be-apartments\/apartments-ubicazione\/","og_locale":"it_IT","og_type":"article","og_title":"Apartments ubicazione","og_description":"Apartments ubicazione","og_url":"https:\/\/behostels.com\/it\/be-apartments\/apartments-ubicazione\/","og_site_name":"Be Hostels","article_modified_time":"2017-06-22T12:04:51+00:00","twitter_card":"summary_large_image","twitter_misc":{"Tempo di lettura stimato":"1 minuto"},"schema":{"@context":"https:\/\/schema.org","@graph":[{"@type":"WebPage","@id":"https:\/\/behostels.com\/it\/be-apartments\/apartments-ubicazione\/","url":"https:\/\/behostels.com\/it\/be-apartments\/apartments-ubicazione\/","name":"Apartments ubicazione","isPartOf":{"@id":"https:\/\/behostels.com\/it\/#website"},"datePublished":"2015-06-18T12:59:13+00:00","dateModified":"2017-06-22T12:04:51+00:00","description":"Apartments ubicazione","breadcrumb":{"@id":"https:\/\/behostels.com\/it\/be-apartments\/apartments-ubicazione\/#breadcrumb"},"inLanguage":"it-IT","potentialAction":[{"@type":"ReadAction","target":["https:\/\/behostels.com\/it\/be-apartments\/apartments-ubicazione\/"]}]},{"@type":"BreadcrumbList","@id":"https:\/\/behostels.com\/it\/be-apartments\/apartments-ubicazione\/#breadcrumb","itemListElement":[{"@type":"ListItem","position":1,"name":"Home","item":"https:\/\/behostels.com\/it\/"},{"@type":"ListItem","position":2,"name":"Be Apartments","item":"https:\/\/behostels.com\/it\/be-apartments\/"},{"@type":"ListItem","position":3,"name":"Be Apartments ubicazione"}]},{"@type":"WebSite","@id":"https:\/\/behostels.com\/it\/#website","url":"https:\/\/behostels.com\/it\/","name":"Be Hostels","description":"","publisher":{"@id":"https:\/\/behostels.com\/it\/#organization"},"potentialAction":[{"@type":"SearchAction","target":{"@type":"EntryPoint","urlTemplate":"https:\/\/behostels.com\/it\/?s={search_term_string}"},"query-input":"required name=search_term_string"}],"inLanguage":"it-IT"},{"@type":"Organization","@id":"https:\/\/behostels.com\/it\/#organization","name":"Be Hostels","url":"https:\/\/behostels.com\/it\/","logo":{"@type":"ImageObject","inLanguage":"it-IT","@id":"https:\/\/behostels.com\/it\/#\/schema\/logo\/image\/","url":"https:\/\/behostels.com\/wp-content\/uploads\/2015\/06\/be_reservations_logo.jpg","contentUrl":"https:\/\/behostels.com\/wp-content\/uploads\/2015\/06\/be_reservations_logo.jpg","width":130,"height":130,"caption":"Be Hostels"},"image":{"@id":"https:\/\/behostels.com\/it\/#\/schema\/logo\/image\/"}}]}},"_links":{"self":[{"href":"https:\/\/behostels.com\/it\/wp-json\/wp\/v2\/pages\/591"}],"collection":[{"href":"https:\/\/behostels.com\/it\/wp-json\/wp\/v2\/pages"}],"about":[{"href":"https:\/\/behostels.com\/it\/wp-json\/wp\/v2\/types\/page"}],"author":[{"embeddable":true,"href":"https:\/\/behostels.com\/it\/wp-json\/wp\/v2\/users\/1"}],"replies":[{"embeddable":true,"href":"https:\/\/behostels.com\/it\/wp-json\/wp\/v2\/comments?post=591"}],"version-history":[{"count":0,"href":"https:\/\/behostels.com\/it\/wp-json\/wp\/v2\/pages\/591\/revisions"}],"up":[{"embeddable":true,"href":"https:\/\/behostels.com\/it\/wp-json\/wp\/v2\/pages\/422"}],"wp:attachment":[{"href":"https:\/\/behostels.com\/it\/wp-json\/wp\/v2\/media?parent=591"}],"curies":[{"name":"wp","href":"https:\/\/api.w.org\/{rel}","templated":true}]}}