{"id":462,"date":"2015-06-15T15:49:18","date_gmt":"2015-06-15T15:49:18","guid":{"rendered":"https:\/\/behostels.com\/?page_id=462"},"modified":"2017-06-20T10:21:10","modified_gmt":"2017-06-20T10:21:10","slug":"attivita-hostels-barcelona","status":"publish","type":"page","link":"https:\/\/behostels.com\/it\/attivita-hostels-barcelona\/","title":{"rendered":"Attivit\u00e0 Be Hostels a Barcelona"},"content":{"rendered":"<h3>Hai voglia di divertiti? Partecipa alle attivit\u00e0 che Be Hostels organizza per te!<\/h3>\r\n<h3>Desideriamo che tu stia bene durante la tua permanenza e non abbia niente di cui preoccuparti: in fondo, sei in vacanza! Per questo offriamo diversi tour per la citt\u00e0 e divertenti attivit\u00e0, per farti conoscere gente nuova e interessante. Comunica alla reception a quale attivit\u00e0 vuoi partecipare e la organizzeremo proprio per te!<\/h3>\r\n\n<div  data-uk-scrollspy=\"{target:'> div > [data-uk-scrollspy-cls]', delay:300}\">\n\n\n    \n    <div class=\"uk-grid uk-text-left uk-flex-middle\" data-uk-grid-match data-uk-margin=\"{cls:'uk-margin-top'}\">\n\n                <div class=\"uk-width-medium-3-10 uk-text-center uk-invisible\"  data-uk-scrollspy-cls=\"uk-animation-fade uk-invisible\">\n            <div class=\"uk-overlay uk-overlay-hover uk-border-circle\"><img decoding=\"async\" src=\"\/wp-content\/uploads\/2015\/07\/historic-city-barcelona.jpg\" class=\"uk-border-circle uk-overlay-scale\" alt=\"Tour a piedi gratuiti per la citt\u00e0 di Barcelona\"><div class=\"uk-overlay-panel uk-overlay-background uk-overlay-icon uk-overlay-fade\"><\/div><\/div>        <\/div>\n        \n                <div class=\"uk-width-medium-7-10 uk-invisible\"  data-uk-scrollspy-cls=\"uk-animation-slide-right uk-invisible\">\n            <div class=\"uk-panel uk-panel-space uk-width-1-1\">\n\n                \n                                <h3 class=\"uk-panel-title\">\n\n                                            Tour a piedi gratuiti per la citt\u00e0 di Barcelona                    \n                    \n                <\/h3>\n                \n                                <div class=\"uk-margin\">Scopri lo splendore di Barcelona e la sua interessante storia, mentre conosci i punti di riferimento della citt\u00e0, guidato dalle nostre sapienti ed entusiaste guide.\n \nOrario: Ogni giorno alle 11:45 (durata: 2 ore)\nPunto d&#8217;incontro: reception degli ostelli Be Mar e Sound e del Ramblas Hotel.<\/div>\n                \n                \n                \n            <\/div>\n        <\/div>\n        \n    <\/div>\n\n    \n\n    \n    <div class=\"uk-grid uk-text-left uk-flex-middle\" data-uk-grid-match data-uk-margin=\"{cls:'uk-margin-top'}\">\n\n                <div class=\"uk-width-medium-3-10 uk-text-center uk-float-right uk-flex-order-last-medium uk-invisible\"  data-uk-scrollspy-cls=\"uk-animation-fade uk-invisible\">\n            <div class=\"uk-overlay uk-overlay-hover uk-border-circle\"><img decoding=\"async\" src=\"\/wp-content\/uploads\/2015\/07\/activities-gaudi-tour-barcelona.jpg\" class=\"uk-border-circle uk-overlay-scale\" alt=\"Gaudi Tour Gratuito\"><div class=\"uk-overlay-panel uk-overlay-background uk-overlay-icon uk-overlay-fade\"><\/div><\/div>        <\/div>\n        \n                <div class=\"uk-width-medium-7-10 uk-invisible\"  data-uk-scrollspy-cls=\"uk-animation-slide-left uk-invisible\">\n            <div class=\"uk-panel uk-panel-space uk-width-1-1\">\n\n                \n                                <h3 class=\"uk-panel-title\">\n\n                                            Gaudi Tour Gratuito                    \n                    \n                <\/h3>\n                \n                                <div class=\"uk-margin\">Giro gratuito a piedi di due ore, durante il quale si visiteranno gli edifici del pi\u00f9 grande architetto di Barcelona, Gaud\u00ed.\nOrario: Ogni giorno alle 11:45 (durata: 2 ore)\nPunto d&#8217;incontro: reception degli ostelli Be Mar e Sound e del Ramblas Hotel.<\/div>\n                \n                \n                \n            <\/div>\n        <\/div>\n        \n    <\/div>\n\n    \n\n    \n    <div class=\"uk-grid uk-text-left uk-flex-middle\" data-uk-grid-match data-uk-margin=\"{cls:'uk-margin-top'}\">\n\n                <div class=\"uk-width-medium-3-10 uk-text-center uk-invisible\"  data-uk-scrollspy-cls=\"uk-animation-fade uk-invisible\">\n            <div class=\"uk-overlay uk-overlay-hover uk-border-circle\"><img decoding=\"async\" src=\"\/wp-content\/uploads\/2015\/07\/activities-tapas-barcelona.jpg\" class=\"uk-border-circle uk-overlay-scale\" alt=\"Tapas &amp; Flamenco\"><div class=\"uk-overlay-panel uk-overlay-background uk-overlay-icon uk-overlay-fade\"><\/div><\/div>        <\/div>\n        \n                <div class=\"uk-width-medium-7-10 uk-invisible\"  data-uk-scrollspy-cls=\"uk-animation-slide-right uk-invisible\">\n            <div class=\"uk-panel uk-panel-space uk-width-1-1\">\n\n                \n                                <h3 class=\"uk-panel-title\">\n\n                                            Tapas & Flamenco                    \n                    \n                <\/h3>\n                \n                                <div class=\"uk-margin\">Un viaggio in Spagna non \u00e8 completo senza uno spettacolo di Flamenco! Quindi, unisciti per un drink e un assaggio delle tapas spagnole (5 tapas e sangria), seguito da uno spettacolo dal vivo di flamenco tradizionale, nel cuore della citt\u00e0! \nPrezzo: 20\u20ac\nGiorni: Gioved\u00ec &#8211; Venerd\u00ec &#8211; Domenica alle 21:00.\nPunto d&#8217;incontro: Statua di Colombo<\/div>\n                \n                \n                \n            <\/div>\n        <\/div>\n        \n    <\/div>\n\n    \n\n    \n    <div class=\"uk-grid uk-text-left uk-flex-middle\" data-uk-grid-match data-uk-margin=\"{cls:'uk-margin-top'}\">\n\n                <div class=\"uk-width-medium-3-10 uk-text-center uk-float-right uk-flex-order-last-medium uk-invisible\"  data-uk-scrollspy-cls=\"uk-animation-fade uk-invisible\">\n            <div class=\"uk-overlay uk-overlay-hover uk-border-circle\"><img decoding=\"async\" src=\"\/wp-content\/uploads\/2015\/07\/activities-pubcrawl-barcelona.jpg\" class=\"uk-border-circle uk-overlay-scale\" alt=\"Pub Crawl\/Party Tour\"><div class=\"uk-overlay-panel uk-overlay-background uk-overlay-icon uk-overlay-fade\"><\/div><\/div>        <\/div>\n        \n                <div class=\"uk-width-medium-7-10 uk-invisible\"  data-uk-scrollspy-cls=\"uk-animation-slide-left uk-invisible\">\n            <div class=\"uk-panel uk-panel-space uk-width-1-1\">\n\n                \n                                <h3 class=\"uk-panel-title\">\n\n                                            Pub Crawl\/Party Tour                    \n                    \n                <\/h3>\n                \n                                <div class=\"uk-margin\">Hai voglia di una grande serata in una delle destinazioni europee pi\u00f9 conosciute per la sua &#8220;fiesta&#8221;? Ci pensiamo noi! Vivi la vita notturna di Barcelona assieme a gente simpatica, in alcuni dei migliori locali del centro della citt\u00e0. Ti offriremo un drink in ogni bar (3 bar), l&#8217;entrata al club, foto e giochi.\nPrezzo: 12\u20ac\nOrario: Ogni giorno alle 23:00.\nPunto d&#8217;incontro: reception degli ostelli Be Mar o Be Sound.<\/div>\n                \n                \n                \n            <\/div>\n        <\/div>\n        \n    <\/div>\n\n    \n\n<\/div>\n","protected":false},"excerpt":{"rendered":"<p>Hai voglia di divertiti? Partecipa alle attivit\u00e0 che Be Hostels organizza per te! Desideriamo che tu stia bene durante la tua permanenza e non abbia niente di cui preoccuparti: in fondo, sei in vacanza! Per questo offriamo diversi tour per la citt\u00e0 e divertenti attivit\u00e0, per farti conoscere gente nuova e interessante. Comunica alla reception [&hellip;]<\/p>\n","protected":false},"author":1,"featured_media":0,"parent":0,"menu_order":0,"comment_status":"closed","ping_status":"closed","template":"","meta":{"footnotes":""},"yoast_head":"<!-- This site is optimized with the Yoast SEO plugin v22.7 - https:\/\/yoast.com\/wordpress\/plugins\/seo\/ -->\n<title>Attivit\u00e0 Be Hostels a Barcelona - Be Hostels<\/title>\n<meta name=\"robots\" content=\"index, follow, max-snippet:-1, max-image-preview:large, max-video-preview:-1\" \/>\n<link rel=\"canonical\" href=\"https:\/\/behostels.com\/it\/attivita-hostels-barcelona\/\" \/>\n<meta property=\"og:locale\" content=\"it_IT\" \/>\n<meta property=\"og:type\" content=\"article\" \/>\n<meta property=\"og:title\" content=\"Attivit\u00e0 Be Hostels a Barcelona - Be Hostels\" \/>\n<meta property=\"og:description\" content=\"Hai voglia di divertiti? Partecipa alle attivit\u00e0 che Be Hostels organizza per te! Desideriamo che tu stia bene durante la tua permanenza e non abbia niente di cui preoccuparti: in fondo, sei in vacanza! Per questo offriamo diversi tour per la citt\u00e0 e divertenti attivit\u00e0, per farti conoscere gente nuova e interessante. Comunica alla reception [&hellip;]\" \/>\n<meta property=\"og:url\" content=\"https:\/\/behostels.com\/it\/attivita-hostels-barcelona\/\" \/>\n<meta property=\"og:site_name\" content=\"Be Hostels\" \/>\n<meta property=\"article:modified_time\" content=\"2017-06-20T10:21:10+00:00\" \/>\n<meta name=\"twitter:card\" content=\"summary_large_image\" \/>\n<script type=\"application\/ld+json\" class=\"yoast-schema-graph\">{\"@context\":\"https:\/\/schema.org\",\"@graph\":[{\"@type\":\"WebPage\",\"@id\":\"https:\/\/behostels.com\/it\/attivita-hostels-barcelona\/\",\"url\":\"https:\/\/behostels.com\/it\/attivita-hostels-barcelona\/\",\"name\":\"Attivit\u00e0 Be Hostels a Barcelona - Be Hostels\",\"isPartOf\":{\"@id\":\"https:\/\/behostels.com\/it\/#website\"},\"datePublished\":\"2015-06-15T15:49:18+00:00\",\"dateModified\":\"2017-06-20T10:21:10+00:00\",\"breadcrumb\":{\"@id\":\"https:\/\/behostels.com\/it\/attivita-hostels-barcelona\/#breadcrumb\"},\"inLanguage\":\"it-IT\",\"potentialAction\":[{\"@type\":\"ReadAction\",\"target\":[\"https:\/\/behostels.com\/it\/attivita-hostels-barcelona\/\"]}]},{\"@type\":\"BreadcrumbList\",\"@id\":\"https:\/\/behostels.com\/it\/attivita-hostels-barcelona\/#breadcrumb\",\"itemListElement\":[{\"@type\":\"ListItem\",\"position\":1,\"name\":\"Home\",\"item\":\"https:\/\/behostels.com\/it\/\"},{\"@type\":\"ListItem\",\"position\":2,\"name\":\"Attivit\u00e0 Be Hostels a Barcelona\"}]},{\"@type\":\"WebSite\",\"@id\":\"https:\/\/behostels.com\/it\/#website\",\"url\":\"https:\/\/behostels.com\/it\/\",\"name\":\"Be Hostels\",\"description\":\"\",\"publisher\":{\"@id\":\"https:\/\/behostels.com\/it\/#organization\"},\"potentialAction\":[{\"@type\":\"SearchAction\",\"target\":{\"@type\":\"EntryPoint\",\"urlTemplate\":\"https:\/\/behostels.com\/it\/?s={search_term_string}\"},\"query-input\":\"required name=search_term_string\"}],\"inLanguage\":\"it-IT\"},{\"@type\":\"Organization\",\"@id\":\"https:\/\/behostels.com\/it\/#organization\",\"name\":\"Be Hostels\",\"url\":\"https:\/\/behostels.com\/it\/\",\"logo\":{\"@type\":\"ImageObject\",\"inLanguage\":\"it-IT\",\"@id\":\"https:\/\/behostels.com\/it\/#\/schema\/logo\/image\/\",\"url\":\"https:\/\/behostels.com\/wp-content\/uploads\/2015\/06\/be_reservations_logo.jpg\",\"contentUrl\":\"https:\/\/behostels.com\/wp-content\/uploads\/2015\/06\/be_reservations_logo.jpg\",\"width\":130,\"height\":130,\"caption\":\"Be Hostels\"},\"image\":{\"@id\":\"https:\/\/behostels.com\/it\/#\/schema\/logo\/image\/\"}}]}<\/script>\n<!-- \/ Yoast SEO plugin. -->","yoast_head_json":{"title":"Attivit\u00e0 Be Hostels a Barcelona - Be Hostels","robots":{"index":"index","follow":"follow","max-snippet":"max-snippet:-1","max-image-preview":"max-image-preview:large","max-video-preview":"max-video-preview:-1"},"canonical":"https:\/\/behostels.com\/it\/attivita-hostels-barcelona\/","og_locale":"it_IT","og_type":"article","og_title":"Attivit\u00e0 Be Hostels a Barcelona - Be Hostels","og_description":"Hai voglia di divertiti? Partecipa alle attivit\u00e0 che Be Hostels organizza per te! Desideriamo che tu stia bene durante la tua permanenza e non abbia niente di cui preoccuparti: in fondo, sei in vacanza! Per questo offriamo diversi tour per la citt\u00e0 e divertenti attivit\u00e0, per farti conoscere gente nuova e interessante. Comunica alla reception [&hellip;]","og_url":"https:\/\/behostels.com\/it\/attivita-hostels-barcelona\/","og_site_name":"Be Hostels","article_modified_time":"2017-06-20T10:21:10+00:00","twitter_card":"summary_large_image","schema":{"@context":"https:\/\/schema.org","@graph":[{"@type":"WebPage","@id":"https:\/\/behostels.com\/it\/attivita-hostels-barcelona\/","url":"https:\/\/behostels.com\/it\/attivita-hostels-barcelona\/","name":"Attivit\u00e0 Be Hostels a Barcelona - Be Hostels","isPartOf":{"@id":"https:\/\/behostels.com\/it\/#website"},"datePublished":"2015-06-15T15:49:18+00:00","dateModified":"2017-06-20T10:21:10+00:00","breadcrumb":{"@id":"https:\/\/behostels.com\/it\/attivita-hostels-barcelona\/#breadcrumb"},"inLanguage":"it-IT","potentialAction":[{"@type":"ReadAction","target":["https:\/\/behostels.com\/it\/attivita-hostels-barcelona\/"]}]},{"@type":"BreadcrumbList","@id":"https:\/\/behostels.com\/it\/attivita-hostels-barcelona\/#breadcrumb","itemListElement":[{"@type":"ListItem","position":1,"name":"Home","item":"https:\/\/behostels.com\/it\/"},{"@type":"ListItem","position":2,"name":"Attivit\u00e0 Be Hostels a Barcelona"}]},{"@type":"WebSite","@id":"https:\/\/behostels.com\/it\/#website","url":"https:\/\/behostels.com\/it\/","name":"Be Hostels","description":"","publisher":{"@id":"https:\/\/behostels.com\/it\/#organization"},"potentialAction":[{"@type":"SearchAction","target":{"@type":"EntryPoint","urlTemplate":"https:\/\/behostels.com\/it\/?s={search_term_string}"},"query-input":"required name=search_term_string"}],"inLanguage":"it-IT"},{"@type":"Organization","@id":"https:\/\/behostels.com\/it\/#organization","name":"Be Hostels","url":"https:\/\/behostels.com\/it\/","logo":{"@type":"ImageObject","inLanguage":"it-IT","@id":"https:\/\/behostels.com\/it\/#\/schema\/logo\/image\/","url":"https:\/\/behostels.com\/wp-content\/uploads\/2015\/06\/be_reservations_logo.jpg","contentUrl":"https:\/\/behostels.com\/wp-content\/uploads\/2015\/06\/be_reservations_logo.jpg","width":130,"height":130,"caption":"Be Hostels"},"image":{"@id":"https:\/\/behostels.com\/it\/#\/schema\/logo\/image\/"}}]}},"_links":{"self":[{"href":"https:\/\/behostels.com\/it\/wp-json\/wp\/v2\/pages\/462"}],"collection":[{"href":"https:\/\/behostels.com\/it\/wp-json\/wp\/v2\/pages"}],"about":[{"href":"https:\/\/behostels.com\/it\/wp-json\/wp\/v2\/types\/page"}],"author":[{"embeddable":true,"href":"https:\/\/behostels.com\/it\/wp-json\/wp\/v2\/users\/1"}],"replies":[{"embeddable":true,"href":"https:\/\/behostels.com\/it\/wp-json\/wp\/v2\/comments?post=462"}],"version-history":[{"count":0,"href":"https:\/\/behostels.com\/it\/wp-json\/wp\/v2\/pages\/462\/revisions"}],"wp:attachment":[{"href":"https:\/\/behostels.com\/it\/wp-json\/wp\/v2\/media?parent=462"}],"curies":[{"name":"wp","href":"https:\/\/api.w.org\/{rel}","templated":true}]}}