{"id":422,"date":"2015-06-15T15:36:55","date_gmt":"2015-06-15T15:36:55","guid":{"rendered":"https:\/\/behostels.com\/?page_id=422"},"modified":"2019-12-12T10:47:20","modified_gmt":"2019-12-12T10:47:20","slug":"be-apartments","status":"publish","type":"page","link":"https:\/\/behostels.com\/it\/be-apartments\/","title":{"rendered":"Be Apartments"},"content":{"rendered":"<h2>Be Apartments sono situati nel centro di Barcellona, a solo un minuto dalla Rambla, proprio dove si vuole essere.<\/h2>\r\n\n\n<div id=\"wk-gridcd6\" class=\"uk-grid-width-1-1 uk-grid-width-medium-1-3 uk-grid uk-grid-match uk-grid-medium uk-text-center \" data-uk-grid-match=\"{target:'> div > .uk-panel', row:true}\" data-uk-grid-margin  data-uk-scrollspy=\"{cls:'uk-animation-fade uk-invisible', target:'> div > .uk-panel', delay:300}\">\n\n\n    <div>\n        <div class=\"uk-panel uk-invisible\">\n\n            \n            \n                        <div class=\"uk-text-center uk-panel-teaser\"><div class=\"uk-overlay uk-overlay-hover uk-border-circle\"><img loading=\"lazy\" decoding=\"async\" src=\"\/wp-content\/uploads\/2015\/07\/be-apartments-barcelona-next-ramblas.jpg\" class=\"uk-border-circle uk-overlay-scale\" alt=\"Accanto a Las Ramblas\" width=\"600\" height=\"600\"><div class=\"uk-overlay-panel uk-overlay-background uk-overlay-icon uk-overlay-fade\"><\/div><a class=\"uk-position-cover\" href=\"http:\/\/behostels.com\/it\/be-apartments\/apartments-ubicazione\/\" title=\"Accanto a Las Ramblas\"><\/a><\/div><\/div>\n            \n            \n            \n            \n            \n                        <div class=\"uk-margin\">Accanto a Las Ramblas<\/div>\n            \n            \n            \n            \n        <\/div>\n    <\/div>\n\n\n    <div>\n        <div class=\"uk-panel uk-invisible\">\n\n            \n            \n                        <div class=\"uk-text-center uk-panel-teaser\"><div class=\"uk-overlay uk-overlay-hover uk-border-circle\"><img loading=\"lazy\" decoding=\"async\" src=\"\/wp-content\/uploads\/2015\/07\/be-apartments-barcelona-next-ramblas-double-rooms.jpg\" class=\"uk-border-circle uk-overlay-scale\" alt=\"Scegli il tuo Camera Matrimoniale\" width=\"600\" height=\"600\"><div class=\"uk-overlay-panel uk-overlay-background uk-overlay-icon uk-overlay-fade\"><\/div><a class=\"uk-position-cover\" href=\"http:\/\/behostels.com\/it\/be-apartments\/apartments-stanze\/\" title=\"Scegli il tuo Camera Matrimoniale\"><\/a><\/div><\/div>\n            \n            \n            \n            \n            \n                        <div class=\"uk-margin\">Scegli il tuo Camera Matrimoniale<\/div>\n            \n            \n            \n            \n        <\/div>\n    <\/div>\n\n\n    <div>\n        <div class=\"uk-panel uk-invisible\">\n\n            \n            \n                        <div class=\"uk-text-center uk-panel-teaser\"><div class=\"uk-overlay uk-overlay-hover uk-border-circle\"><img loading=\"lazy\" decoding=\"async\" src=\"\/wp-content\/uploads\/2015\/07\/be-apartments-barcelona-next-ramblas-double-rooms-choose-apartment.jpg\" class=\"uk-border-circle uk-overlay-scale\" alt=\"Scegli il tuo appartamento\" width=\"450\" height=\"450\"><div class=\"uk-overlay-panel uk-overlay-background uk-overlay-icon uk-overlay-fade\"><\/div><a class=\"uk-position-cover\" href=\"http:\/\/behostels.com\/it\/be-apartments\/apartments-stanze\/\" title=\"Scegli il tuo appartamento\"><\/a><\/div><\/div>\n            \n            \n            \n            \n            \n                        <div class=\"uk-margin\">Scegli il tuo appartamento<\/div>\n            \n            \n            \n            \n        <\/div>\n    <\/div>\n\n\n<\/div>\n\n<script>\n(function($){\n\n    \/\/ get the images of the gallery and replace it by a canvas of the same size to fix the problem with overlapping images on load.\n    $('img[width][height]:not(.uk-overlay-panel)', $('#wk-gridcd6')).each(function() {\n\n        var $img = $(this);\n\n        if (this.width == 'auto' || this.height == 'auto' || !$img.is(':visible')) {\n            return;\n        }\n\n        var $canvas = $('<canvas class=\"uk-responsive-width\"><\/canvas>').attr({width:$img.attr('width'), height:$img.attr('height')}),\n            img = new Image,\n            release = function() {\n                $canvas.remove();\n                $img.css('display', '');\n                release = function(){};\n            };\n\n        $img.css('display', 'none').after($canvas);\n\n        $(img).on('load', function(){ release(); });\n        setTimeout(function(){ release(); }, 1000);\n\n        img.src = this.src;\n\n    });\n\n})(jQuery);\n<\/script>\n\r\n<p>Un edificio intero, completamente ristrutturato con 10 appartamenti situati nel neightbourghood storico di Barcellona. Appartamenti confortevoli, dotate di tutto il necessario: cucina, frigorifero, aria condizionata, TV e ascensore.<\/p>\r\n<p>Be Apartments vi offre una reception aperta ad accogliervi e vi aiutano con tutto il necessario durante il vostro soggiorno. Personale Be Apartments vi ASIST e vi dar\u00e0 tutte le informazioni che desiderate su Barcellona e vi aiuter\u00e0 ad organizzare la vostra visita nella nostra bella citt\u00e0.<\/p>\r\n<h3>Questi sono i servizi che offriamo in Be Apartments<\/h3> \r\n<div class=\"uk-grid\">\r\n<div class=\"uk-width-large-1-2 uk-width-medium-1-2 uk-width-small-1-1\">\r\n<ul>\r\n    <li>Free Wifi nelle camere<\/li>\r\n    <li>Free Tour di Barcellona<\/li>\r\n    <li>Mappe gratuita di Barcellona<\/li>\r\n    <li>Parcheggio a pagamento<\/li>\r\n<\/ul>\r\n<\/div>\r\n<div class=\"uk-width-large-1-2 uk-width-medium-1-2 uk-width-small-1-1\">\r\n<ul>\r\n    <li>Reception aperta dalle 9 alle 14:00<\/li>\r\n    <li>L&#8217;ingresso dopo le 14:00 \u00e8 a Be Sound Hostel<\/li>\r\n    <li>Aria condizionata e riscaldamento<\/li>\r\n    <li>Attivit\u00e0 come Tours a piedi, in bicicletta, Tour de tapas e flamenco, etc<\/li>\r\n    <li>Servizio di deposito bagagli<\/li>\r\n<\/ul>\r\n<\/div>\r\n<\/div>","protected":false},"excerpt":{"rendered":"<p>Be Apartments sono situati nel centro di Barcellona, a solo un minuto dalla Rambla, proprio dove si vuole essere. Un edificio intero, completamente ristrutturato con 10 appartamenti situati nel neightbourghood storico di Barcellona. Appartamenti confortevoli, dotate di tutto il necessario: cucina, frigorifero, aria condizionata, TV e ascensore. Be Apartments vi offre una reception aperta ad [&hellip;]<\/p>\n","protected":false},"author":1,"featured_media":0,"parent":0,"menu_order":0,"comment_status":"closed","ping_status":"closed","template":"","meta":{"footnotes":""},"yoast_head":"<!-- This site is optimized with the Yoast SEO plugin v22.7 - https:\/\/yoast.com\/wordpress\/plugins\/seo\/ -->\n<title>Be Apartments<\/title>\n<meta name=\"robots\" content=\"index, follow, max-snippet:-1, max-image-preview:large, max-video-preview:-1\" \/>\n<link rel=\"canonical\" href=\"https:\/\/behostels.com\/it\/be-apartments\/\" \/>\n<meta property=\"og:locale\" content=\"it_IT\" \/>\n<meta property=\"og:type\" content=\"article\" \/>\n<meta property=\"og:title\" content=\"Be Apartments\" \/>\n<meta property=\"og:description\" content=\"Be Apartments sono situati nel centro di Barcellona, a solo un minuto dalla Rambla, proprio dove si vuole essere. Un edificio intero, completamente ristrutturato con 10 appartamenti situati nel neightbourghood storico di Barcellona. Appartamenti confortevoli, dotate di tutto il necessario: cucina, frigorifero, aria condizionata, TV e ascensore. Be Apartments vi offre una reception aperta ad [&hellip;]\" \/>\n<meta property=\"og:url\" content=\"https:\/\/behostels.com\/it\/be-apartments\/\" \/>\n<meta property=\"og:site_name\" content=\"Be Hostels\" \/>\n<meta property=\"article:modified_time\" content=\"2019-12-12T10:47:20+00:00\" \/>\n<meta name=\"twitter:card\" content=\"summary_large_image\" \/>\n<meta name=\"twitter:label1\" content=\"Tempo di lettura stimato\" \/>\n\t<meta name=\"twitter:data1\" content=\"1 minuto\" \/>\n<script type=\"application\/ld+json\" class=\"yoast-schema-graph\">{\"@context\":\"https:\/\/schema.org\",\"@graph\":[{\"@type\":\"WebPage\",\"@id\":\"https:\/\/behostels.com\/it\/be-apartments\/\",\"url\":\"https:\/\/behostels.com\/it\/be-apartments\/\",\"name\":\"Be Apartments\",\"isPartOf\":{\"@id\":\"https:\/\/behostels.com\/it\/#website\"},\"datePublished\":\"2015-06-15T15:36:55+00:00\",\"dateModified\":\"2019-12-12T10:47:20+00:00\",\"breadcrumb\":{\"@id\":\"https:\/\/behostels.com\/it\/be-apartments\/#breadcrumb\"},\"inLanguage\":\"it-IT\",\"potentialAction\":[{\"@type\":\"ReadAction\",\"target\":[\"https:\/\/behostels.com\/it\/be-apartments\/\"]}]},{\"@type\":\"BreadcrumbList\",\"@id\":\"https:\/\/behostels.com\/it\/be-apartments\/#breadcrumb\",\"itemListElement\":[{\"@type\":\"ListItem\",\"position\":1,\"name\":\"Home\",\"item\":\"https:\/\/behostels.com\/it\/\"},{\"@type\":\"ListItem\",\"position\":2,\"name\":\"Be Apartments\"}]},{\"@type\":\"WebSite\",\"@id\":\"https:\/\/behostels.com\/it\/#website\",\"url\":\"https:\/\/behostels.com\/it\/\",\"name\":\"Be Hostels\",\"description\":\"\",\"publisher\":{\"@id\":\"https:\/\/behostels.com\/it\/#organization\"},\"potentialAction\":[{\"@type\":\"SearchAction\",\"target\":{\"@type\":\"EntryPoint\",\"urlTemplate\":\"https:\/\/behostels.com\/it\/?s={search_term_string}\"},\"query-input\":\"required name=search_term_string\"}],\"inLanguage\":\"it-IT\"},{\"@type\":\"Organization\",\"@id\":\"https:\/\/behostels.com\/it\/#organization\",\"name\":\"Be Hostels\",\"url\":\"https:\/\/behostels.com\/it\/\",\"logo\":{\"@type\":\"ImageObject\",\"inLanguage\":\"it-IT\",\"@id\":\"https:\/\/behostels.com\/it\/#\/schema\/logo\/image\/\",\"url\":\"https:\/\/behostels.com\/wp-content\/uploads\/2015\/06\/be_reservations_logo.jpg\",\"contentUrl\":\"https:\/\/behostels.com\/wp-content\/uploads\/2015\/06\/be_reservations_logo.jpg\",\"width\":130,\"height\":130,\"caption\":\"Be Hostels\"},\"image\":{\"@id\":\"https:\/\/behostels.com\/it\/#\/schema\/logo\/image\/\"}}]}<\/script>\n<!-- \/ Yoast SEO plugin. -->","yoast_head_json":{"title":"Be Apartments","robots":{"index":"index","follow":"follow","max-snippet":"max-snippet:-1","max-image-preview":"max-image-preview:large","max-video-preview":"max-video-preview:-1"},"canonical":"https:\/\/behostels.com\/it\/be-apartments\/","og_locale":"it_IT","og_type":"article","og_title":"Be Apartments","og_description":"Be Apartments sono situati nel centro di Barcellona, a solo un minuto dalla Rambla, proprio dove si vuole essere. Un edificio intero, completamente ristrutturato con 10 appartamenti situati nel neightbourghood storico di Barcellona. Appartamenti confortevoli, dotate di tutto il necessario: cucina, frigorifero, aria condizionata, TV e ascensore. Be Apartments vi offre una reception aperta ad [&hellip;]","og_url":"https:\/\/behostels.com\/it\/be-apartments\/","og_site_name":"Be Hostels","article_modified_time":"2019-12-12T10:47:20+00:00","twitter_card":"summary_large_image","twitter_misc":{"Tempo di lettura stimato":"1 minuto"},"schema":{"@context":"https:\/\/schema.org","@graph":[{"@type":"WebPage","@id":"https:\/\/behostels.com\/it\/be-apartments\/","url":"https:\/\/behostels.com\/it\/be-apartments\/","name":"Be Apartments","isPartOf":{"@id":"https:\/\/behostels.com\/it\/#website"},"datePublished":"2015-06-15T15:36:55+00:00","dateModified":"2019-12-12T10:47:20+00:00","breadcrumb":{"@id":"https:\/\/behostels.com\/it\/be-apartments\/#breadcrumb"},"inLanguage":"it-IT","potentialAction":[{"@type":"ReadAction","target":["https:\/\/behostels.com\/it\/be-apartments\/"]}]},{"@type":"BreadcrumbList","@id":"https:\/\/behostels.com\/it\/be-apartments\/#breadcrumb","itemListElement":[{"@type":"ListItem","position":1,"name":"Home","item":"https:\/\/behostels.com\/it\/"},{"@type":"ListItem","position":2,"name":"Be Apartments"}]},{"@type":"WebSite","@id":"https:\/\/behostels.com\/it\/#website","url":"https:\/\/behostels.com\/it\/","name":"Be Hostels","description":"","publisher":{"@id":"https:\/\/behostels.com\/it\/#organization"},"potentialAction":[{"@type":"SearchAction","target":{"@type":"EntryPoint","urlTemplate":"https:\/\/behostels.com\/it\/?s={search_term_string}"},"query-input":"required name=search_term_string"}],"inLanguage":"it-IT"},{"@type":"Organization","@id":"https:\/\/behostels.com\/it\/#organization","name":"Be Hostels","url":"https:\/\/behostels.com\/it\/","logo":{"@type":"ImageObject","inLanguage":"it-IT","@id":"https:\/\/behostels.com\/it\/#\/schema\/logo\/image\/","url":"https:\/\/behostels.com\/wp-content\/uploads\/2015\/06\/be_reservations_logo.jpg","contentUrl":"https:\/\/behostels.com\/wp-content\/uploads\/2015\/06\/be_reservations_logo.jpg","width":130,"height":130,"caption":"Be Hostels"},"image":{"@id":"https:\/\/behostels.com\/it\/#\/schema\/logo\/image\/"}}]}},"_links":{"self":[{"href":"https:\/\/behostels.com\/it\/wp-json\/wp\/v2\/pages\/422"}],"collection":[{"href":"https:\/\/behostels.com\/it\/wp-json\/wp\/v2\/pages"}],"about":[{"href":"https:\/\/behostels.com\/it\/wp-json\/wp\/v2\/types\/page"}],"author":[{"embeddable":true,"href":"https:\/\/behostels.com\/it\/wp-json\/wp\/v2\/users\/1"}],"replies":[{"embeddable":true,"href":"https:\/\/behostels.com\/it\/wp-json\/wp\/v2\/comments?post=422"}],"version-history":[{"count":0,"href":"https:\/\/behostels.com\/it\/wp-json\/wp\/v2\/pages\/422\/revisions"}],"wp:attachment":[{"href":"https:\/\/behostels.com\/it\/wp-json\/wp\/v2\/media?parent=422"}],"curies":[{"name":"wp","href":"https:\/\/api.w.org\/{rel}","templated":true}]}}