{"id":339,"date":"2015-06-11T10:43:53","date_gmt":"2015-06-11T10:43:53","guid":{"rendered":"https:\/\/behostels.com\/?page_id=339"},"modified":"2015-07-27T10:05:49","modified_gmt":"2015-07-27T10:05:49","slug":"ubicazione","status":"publish","type":"page","link":"https:\/\/behostels.com\/it\/zaragoza\/ubicazione\/","title":{"rendered":"Be Hostel Zaragoza Ubicazione"},"content":{"rendered":"<h3>Be Hostels Zaragoza \u00e8 situato nel centro della citt\u00e0 di Zaragoza, i pieno centro storico!! La sua ubicazione \u00e8 insuperabile per scoprire la citt\u00e1:<\/h3>\r\n\n<script type=\"widgetkit\/map\" data-id=\"wk-map69dd27d978470\" data-class=\" uk-img-preserve\" data-style=\"width:auto;height:600px;\">\n    {\"width\":\"auto\",\"height\":\"600\",\"maptypeid\":\"roadmap\",\"maptypecontrol\":false,\"mapctrl\":true,\"zoom\":\"16\",\"marker\":\"3\",\"marker_icon\":\"\",\"markercluster\":false,\"popup_max_width\":\"400\",\"zoomwheel\":false,\"draggable\":false,\"directions\":false,\"disabledefaultui\":false,\"styler_invert_lightness\":false,\"styler_hue\":\"\",\"styler_saturation\":0,\"styler_lightness\":0,\"styler_gamma\":0,\"media\":true,\"image_width\":\"auto\",\"image_height\":\"auto\",\"media_align\":\"top\",\"media_width\":\"1-2\",\"media_breakpoint\":\"medium\",\"media_border\":\"none\",\"media_overlay\":\"none\",\"overlay_animation\":\"fade\",\"media_animation\":\"none\",\"title\":false,\"content\":true,\"social_buttons\":true,\"title_size\":\"h4\",\"text_align\":\"left\",\"link\":true,\"link_style\":\"button\",\"link_text\":\"Read more\",\"link_target\":false,\"class\":\"\",\"markers\":[{\"lat\":41.6576429,\"lng\":-0.8859076,\"icon\":\"\",\"title\":\"BE ZARAGOZA HOTEL BARCELONA\",\"content\":\"\\n<div class=\\\"uk-text-left\\\">\\n\\n    \\n    \\n    \\n    \\n        <div class=\\\"uk-margin\\\"><img decoding=\\\"async\\\" src=\\\"\\\/wp-content\\\/uploads\\\/2015\\\/06\\\/be-zaragoza-hostel.png\\\" style=\\\"height:36px ; width:auto;\\\"\\\/><br\\\/>\\n<p class=\\\"uk-text-small\\\">Calle Predicadores 70<br>\\n50003 \\u2013 Zaragoza, Spain<br>\\nTel: (+34) 976 282 043<br>\\ninfo@alberguezaragoza.com<br>\\n<\\\/p><\\\/div>\\n    \\n    \\n    \\n    \\n<\\\/div>\\n\"}],\"directionsText\":\"Get Directions\"}<\/script>\n\r\n<br>\r\n<div class=\"uk-grid\">\r\n<div class=\"uk-width-large-1-2 uk-width-medium-1-2 uk-width-small-1-1\">\r\n<ul>\r\n    <li>2 minuti da la Plaza del Pilar.<\/li>  \r\n    <li>2 minuti dalla zona \u201cCasco Viejo\u201d (zona di festa!)<\/li>  \r\n    <li>al lato del fiume Ebro.<\/li>  \r\n    <li>3 minuti dalTubo (Zona di Tapas)<\/li> \r\n    <li>10 minuti dal recinto dell\u2019 expo.<\/li>  \r\n\t\t<\/ul>\r\n<\/div>\r\n<div class=\"uk-width-large-1-2 uk-width-medium-1-2 uk-width-small-1-1\">\r\n<ul>\r\n    <li>10 minuti dall\u2019 Universidad.<\/li>  \r\n    <li>A 10 minutos de la Universidad<\/li>\r\n    <li>5 minuti da la Plaza de Espa\u00f1a.<\/li>\r\n    <li>5 minuti del centro de la citta<\/li>\r\n<\/ul>\r\n<\/div>\r\n<\/div>\r\n\r\n<p>L\u2019albergo di  Zaragoza, \u00e8 nel cuore della citt\u00e0, nella zona storica ed \u00e8 parte integrante di essa,ed \u00e8 uno degli edifici emblematici della citt\u00e0.<\/p>\r\n\r\n<p>\u00c8 ubicado in unpalazo rinascimentale del XV secolo, che fu la residenza del grande inquisitore de la Corona di Arag\u00f3n, Pedro de Arbues, il quale alla sua morte fu dichiarato santo e dedicata a lui c\u2019\u00e8 una cappella nella Cattedrale di Zaragoza \u201cLa Seo\u201d.<\/p>\r\n<p>Si distingue per la sua monumentalit\u00e1 e ricchezza art\u00edstica, abbinando perfettamente questo profilo con una sistemazione comoda, moderna e soprattutto accogliente.<\/p>\r\n<h2 class=\"fantasy\">Como arrivare al Be Hostels Zaragoza:<\/h2>\r\n\n<div  data-uk-scrollspy=\"{target:'> div > [data-uk-scrollspy-cls]', delay:300}\">\n\n\n    \n    <div class=\"uk-grid uk-text-left uk-flex-middle\" data-uk-grid-match data-uk-margin=\"{cls:'uk-margin-top'}\">\n\n                <div class=\"uk-width-medium-1-3 uk-text-center uk-invisible\"  data-uk-scrollspy-cls=\"uk-animation-fade uk-invisible\">\n            <div class=\"uk-overlay uk-overlay-hover uk-border-circle\"><img decoding=\"async\" src=\"\/wp-content\/uploads\/2015\/07\/zaragozaBus2.jpg\" class=\"uk-border-circle uk-overlay-scale\" alt=\"Autobus e Treni\"><div class=\"uk-overlay-panel uk-overlay-background uk-overlay-icon uk-overlay-fade\"><\/div><\/div>        <\/div>\n        \n                <div class=\"uk-width-medium-2-3 uk-invisible\"  data-uk-scrollspy-cls=\"uk-animation-slide-right uk-invisible\">\n            <div class=\"uk-panel uk-panel-space uk-width-1-1\">\n\n                \n                                <h3 class=\"uk-panel-title\">\n\n                                            Autobus e Treni                    \n                    \n                <\/h3>\n                \n                                <div class=\"uk-margin\"><p>Prendere l\u2019 autobus numero 34, scendendo  in Paseo Echegaray y Caballero n.34. Una volta scesi dall\u2019autobus sulla destra, prendiamo la prima strada sulla sinistra che si chiama Postigo del Ebro, la percorriamo fino alla fine e usciamo in Calle Predicadores,dove girando a sinistra troviamo il numero 70.\nFrequenza dell\u2019autobus 34: giorni lavorativi 6\/7 min.\nSabato 7\/10 min. Festivi 8\/12 min.<\/p><\/div>\n                \n                \n                \n            <\/div>\n        <\/div>\n        \n    <\/div>\n\n    \n\n    \n    <div class=\"uk-grid uk-text-left uk-flex-middle\" data-uk-grid-match data-uk-margin=\"{cls:'uk-margin-top'}\">\n\n                <div class=\"uk-width-medium-1-3 uk-text-center uk-float-right uk-flex-order-last-medium uk-invisible\"  data-uk-scrollspy-cls=\"uk-animation-fade uk-invisible\">\n            <div class=\"uk-overlay uk-overlay-hover uk-border-circle\"><img decoding=\"async\" src=\"\/wp-content\/uploads\/2015\/07\/Aeropuerto-de-Zaragoza1.jpg\" class=\"uk-border-circle uk-overlay-scale\" alt=\"Aeroporto\"><div class=\"uk-overlay-panel uk-overlay-background uk-overlay-icon uk-overlay-fade\"><\/div><\/div>        <\/div>\n        \n                <div class=\"uk-width-medium-2-3 uk-invisible\"  data-uk-scrollspy-cls=\"uk-animation-slide-left uk-invisible\">\n            <div class=\"uk-panel uk-panel-space uk-width-1-1\">\n\n                \n                                <h3 class=\"uk-panel-title\">\n\n                                            Aeroporto                    \n                    \n                <\/h3>\n                \n                                <div class=\"uk-margin\"><p>Prendere l\u2019autobus dell\u2019aeroporto fino alla sua ultima fermata in Paseo de Pamplona 19, da l\u00ec di fronte prendere l\u2019autobus 34 o da Plaza Para\u00edso l\u2019autobus 23,entrambe in direzione centro ed entrambe fermano alla fermata delle mura romane di Zaragoza, di fronte alla quale inizia Calle Predicadores dove al numero 70 stiamo noi!<\/p><\/div>\n                \n                \n                \n            <\/div>\n        <\/div>\n        \n    <\/div>\n\n    \n\n    \n    <div class=\"uk-grid uk-text-left uk-flex-middle\" data-uk-grid-match data-uk-margin=\"{cls:'uk-margin-top'}\">\n\n                <div class=\"uk-width-medium-1-3 uk-text-center uk-invisible\"  data-uk-scrollspy-cls=\"uk-animation-fade uk-invisible\">\n            <div class=\"uk-overlay uk-overlay-hover uk-border-circle\"><img decoding=\"async\" src=\"\/wp-content\/uploads\/2015\/07\/zaragoza_car1.jpg\" class=\"uk-border-circle uk-overlay-scale\" alt=\"Auto\"><div class=\"uk-overlay-panel uk-overlay-background uk-overlay-icon uk-overlay-fade\"><\/div><\/div>        <\/div>\n        \n                <div class=\"uk-width-medium-2-3 uk-invisible\"  data-uk-scrollspy-cls=\"uk-animation-slide-right uk-invisible\">\n            <div class=\"uk-panel uk-panel-space uk-width-1-1\">\n\n                \n                                <h3 class=\"uk-panel-title\">\n\n                                            Auto                    \n                    \n                <\/h3>\n                \n                                <div class=\"uk-margin\"><p>Pero se arrivate in macchina, \u00e8 molto facile, siamo all\u2019uscita dell\u2019autostrada \u201cPilar zona de Santiago\u201d, all\u2019ingresso di Zaragoza, dovete solo guardare verso la Basilica del Pilar e dirigervi, nel ponte d\u2019entrata in Zaragoza, vedrete l\u2019indicazione per Calle Predicadores, e al numero 70 vi aspettiamo. Parcheggiare gratuitamente macchine o bus \u00e8 facile, c\u2019\u00e8 un parcheggio gratis a 2 minuti dall\u2019albergo. E si pu\u00f2 raggiungere la porta dell\u2019albergo in auto.<\/p><\/div>\n                \n                \n                \n            <\/div>\n        <\/div>\n        \n    <\/div>\n\n    \n\n<\/div>\n\r\n\r\n","protected":false},"excerpt":{"rendered":"<p>Be Hostels Zaragoza \u00e8 situato nel centro della citt\u00e0 di Zaragoza, i pieno centro storico!! La sua ubicazione \u00e8 insuperabile per scoprire la citt\u00e1: 2 minuti da la Plaza del Pilar. 2 minuti dalla zona \u201cCasco Viejo\u201d (zona di festa!) al lato del fiume Ebro. 3 minuti dalTubo (Zona di Tapas) 10 minuti dal recinto [&hellip;]<\/p>\n","protected":false},"author":1,"featured_media":0,"parent":324,"menu_order":0,"comment_status":"closed","ping_status":"open","template":"","meta":{"footnotes":""},"yoast_head":"<!-- This site is optimized with the Yoast SEO plugin v22.7 - https:\/\/yoast.com\/wordpress\/plugins\/seo\/ -->\n<title>Ubicazione<\/title>\n<meta name=\"robots\" content=\"index, follow, max-snippet:-1, max-image-preview:large, max-video-preview:-1\" \/>\n<link rel=\"canonical\" href=\"https:\/\/behostels.com\/it\/zaragoza\/ubicazione\/\" \/>\n<meta property=\"og:locale\" content=\"it_IT\" \/>\n<meta property=\"og:type\" content=\"article\" \/>\n<meta property=\"og:title\" content=\"Ubicazione\" \/>\n<meta property=\"og:description\" content=\"Be Hostels Zaragoza \u00e8 situato nel centro della citt\u00e0 di Zaragoza, i pieno centro storico!! La sua ubicazione \u00e8 insuperabile per scoprire la citt\u00e1: 2 minuti da la Plaza del Pilar. 2 minuti dalla zona \u201cCasco Viejo\u201d (zona di festa!) al lato del fiume Ebro. 3 minuti dalTubo (Zona di Tapas) 10 minuti dal recinto [&hellip;]\" \/>\n<meta property=\"og:url\" content=\"https:\/\/behostels.com\/it\/zaragoza\/ubicazione\/\" \/>\n<meta property=\"og:site_name\" content=\"Be Hostels\" \/>\n<meta property=\"article:modified_time\" content=\"2015-07-27T10:05:49+00:00\" \/>\n<meta name=\"twitter:card\" content=\"summary_large_image\" \/>\n<meta name=\"twitter:label1\" content=\"Tempo di lettura stimato\" \/>\n\t<meta name=\"twitter:data1\" content=\"1 minuto\" \/>\n<script type=\"application\/ld+json\" class=\"yoast-schema-graph\">{\"@context\":\"https:\/\/schema.org\",\"@graph\":[{\"@type\":\"WebPage\",\"@id\":\"https:\/\/behostels.com\/it\/zaragoza\/ubicazione\/\",\"url\":\"https:\/\/behostels.com\/it\/zaragoza\/ubicazione\/\",\"name\":\"Ubicazione\",\"isPartOf\":{\"@id\":\"https:\/\/behostels.com\/it\/#website\"},\"datePublished\":\"2015-06-11T10:43:53+00:00\",\"dateModified\":\"2015-07-27T10:05:49+00:00\",\"breadcrumb\":{\"@id\":\"https:\/\/behostels.com\/it\/zaragoza\/ubicazione\/#breadcrumb\"},\"inLanguage\":\"it-IT\",\"potentialAction\":[{\"@type\":\"ReadAction\",\"target\":[\"https:\/\/behostels.com\/it\/zaragoza\/ubicazione\/\"]}]},{\"@type\":\"BreadcrumbList\",\"@id\":\"https:\/\/behostels.com\/it\/zaragoza\/ubicazione\/#breadcrumb\",\"itemListElement\":[{\"@type\":\"ListItem\",\"position\":1,\"name\":\"Home\",\"item\":\"https:\/\/behostels.com\/it\/\"},{\"@type\":\"ListItem\",\"position\":2,\"name\":\"Be Hostel Zaragoza, il tuo ostello a Zaragoza citt\u00e0\",\"item\":\"https:\/\/behostels.com\/it\/zaragoza\/\"},{\"@type\":\"ListItem\",\"position\":3,\"name\":\"Be Hostel Zaragoza Ubicazione\"}]},{\"@type\":\"WebSite\",\"@id\":\"https:\/\/behostels.com\/it\/#website\",\"url\":\"https:\/\/behostels.com\/it\/\",\"name\":\"Be Hostels\",\"description\":\"\",\"publisher\":{\"@id\":\"https:\/\/behostels.com\/it\/#organization\"},\"potentialAction\":[{\"@type\":\"SearchAction\",\"target\":{\"@type\":\"EntryPoint\",\"urlTemplate\":\"https:\/\/behostels.com\/it\/?s={search_term_string}\"},\"query-input\":\"required name=search_term_string\"}],\"inLanguage\":\"it-IT\"},{\"@type\":\"Organization\",\"@id\":\"https:\/\/behostels.com\/it\/#organization\",\"name\":\"Be Hostels\",\"url\":\"https:\/\/behostels.com\/it\/\",\"logo\":{\"@type\":\"ImageObject\",\"inLanguage\":\"it-IT\",\"@id\":\"https:\/\/behostels.com\/it\/#\/schema\/logo\/image\/\",\"url\":\"https:\/\/behostels.com\/wp-content\/uploads\/2015\/06\/be_reservations_logo.jpg\",\"contentUrl\":\"https:\/\/behostels.com\/wp-content\/uploads\/2015\/06\/be_reservations_logo.jpg\",\"width\":130,\"height\":130,\"caption\":\"Be Hostels\"},\"image\":{\"@id\":\"https:\/\/behostels.com\/it\/#\/schema\/logo\/image\/\"}}]}<\/script>\n<!-- \/ Yoast SEO plugin. -->","yoast_head_json":{"title":"Ubicazione","robots":{"index":"index","follow":"follow","max-snippet":"max-snippet:-1","max-image-preview":"max-image-preview:large","max-video-preview":"max-video-preview:-1"},"canonical":"https:\/\/behostels.com\/it\/zaragoza\/ubicazione\/","og_locale":"it_IT","og_type":"article","og_title":"Ubicazione","og_description":"Be Hostels Zaragoza \u00e8 situato nel centro della citt\u00e0 di Zaragoza, i pieno centro storico!! La sua ubicazione \u00e8 insuperabile per scoprire la citt\u00e1: 2 minuti da la Plaza del Pilar. 2 minuti dalla zona \u201cCasco Viejo\u201d (zona di festa!) al lato del fiume Ebro. 3 minuti dalTubo (Zona di Tapas) 10 minuti dal recinto [&hellip;]","og_url":"https:\/\/behostels.com\/it\/zaragoza\/ubicazione\/","og_site_name":"Be Hostels","article_modified_time":"2015-07-27T10:05:49+00:00","twitter_card":"summary_large_image","twitter_misc":{"Tempo di lettura stimato":"1 minuto"},"schema":{"@context":"https:\/\/schema.org","@graph":[{"@type":"WebPage","@id":"https:\/\/behostels.com\/it\/zaragoza\/ubicazione\/","url":"https:\/\/behostels.com\/it\/zaragoza\/ubicazione\/","name":"Ubicazione","isPartOf":{"@id":"https:\/\/behostels.com\/it\/#website"},"datePublished":"2015-06-11T10:43:53+00:00","dateModified":"2015-07-27T10:05:49+00:00","breadcrumb":{"@id":"https:\/\/behostels.com\/it\/zaragoza\/ubicazione\/#breadcrumb"},"inLanguage":"it-IT","potentialAction":[{"@type":"ReadAction","target":["https:\/\/behostels.com\/it\/zaragoza\/ubicazione\/"]}]},{"@type":"BreadcrumbList","@id":"https:\/\/behostels.com\/it\/zaragoza\/ubicazione\/#breadcrumb","itemListElement":[{"@type":"ListItem","position":1,"name":"Home","item":"https:\/\/behostels.com\/it\/"},{"@type":"ListItem","position":2,"name":"Be Hostel Zaragoza, il tuo ostello a Zaragoza citt\u00e0","item":"https:\/\/behostels.com\/it\/zaragoza\/"},{"@type":"ListItem","position":3,"name":"Be Hostel Zaragoza Ubicazione"}]},{"@type":"WebSite","@id":"https:\/\/behostels.com\/it\/#website","url":"https:\/\/behostels.com\/it\/","name":"Be Hostels","description":"","publisher":{"@id":"https:\/\/behostels.com\/it\/#organization"},"potentialAction":[{"@type":"SearchAction","target":{"@type":"EntryPoint","urlTemplate":"https:\/\/behostels.com\/it\/?s={search_term_string}"},"query-input":"required name=search_term_string"}],"inLanguage":"it-IT"},{"@type":"Organization","@id":"https:\/\/behostels.com\/it\/#organization","name":"Be Hostels","url":"https:\/\/behostels.com\/it\/","logo":{"@type":"ImageObject","inLanguage":"it-IT","@id":"https:\/\/behostels.com\/it\/#\/schema\/logo\/image\/","url":"https:\/\/behostels.com\/wp-content\/uploads\/2015\/06\/be_reservations_logo.jpg","contentUrl":"https:\/\/behostels.com\/wp-content\/uploads\/2015\/06\/be_reservations_logo.jpg","width":130,"height":130,"caption":"Be Hostels"},"image":{"@id":"https:\/\/behostels.com\/it\/#\/schema\/logo\/image\/"}}]}},"_links":{"self":[{"href":"https:\/\/behostels.com\/it\/wp-json\/wp\/v2\/pages\/339"}],"collection":[{"href":"https:\/\/behostels.com\/it\/wp-json\/wp\/v2\/pages"}],"about":[{"href":"https:\/\/behostels.com\/it\/wp-json\/wp\/v2\/types\/page"}],"author":[{"embeddable":true,"href":"https:\/\/behostels.com\/it\/wp-json\/wp\/v2\/users\/1"}],"replies":[{"embeddable":true,"href":"https:\/\/behostels.com\/it\/wp-json\/wp\/v2\/comments?post=339"}],"version-history":[{"count":0,"href":"https:\/\/behostels.com\/it\/wp-json\/wp\/v2\/pages\/339\/revisions"}],"up":[{"embeddable":true,"href":"https:\/\/behostels.com\/it\/wp-json\/wp\/v2\/pages\/324"}],"wp:attachment":[{"href":"https:\/\/behostels.com\/it\/wp-json\/wp\/v2\/media?parent=339"}],"curies":[{"name":"wp","href":"https:\/\/api.w.org\/{rel}","templated":true}]}}