{"id":33,"date":"2015-06-08T15:07:31","date_gmt":"2015-06-08T15:07:31","guid":{"rendered":"https:\/\/behostels.com\/?page_id=33"},"modified":"2015-06-08T15:07:41","modified_gmt":"2015-06-08T15:07:41","slug":"prenotare-a-be-hostels","status":"publish","type":"page","link":"https:\/\/behostels.com\/it\/prenotare-a-be-hostels\/","title":{"rendered":"Prenotare a Be Hostels"},"content":{"rendered":"Se si desidera effettuare una prenotazione con noi, utilizzare Be Hostels <a title=\"Go Booking Engine Be Hostels\" href=\"https:\/\/booking.behostels.com\" target=\"_blank\"><strong><span style=\"color: #3366ff;\">Booking Engine<\/span><\/strong><\/a>\r\n\r\n<h2>Ostelli condizioni<\/h2>\r\n<p><\/p>\r\n\r\n<h3>Condizioni di Pagamento al momento della prenotazione:<\/h3>\r\nNessun importo verr\u00e0 addebitato sulla tua carta di credito come pre pagamento. Il valore totale della prenotazione si paga all&#8217;arrivo.\r\n\r\n<strong>Per le prenotazioni che arrivano dal 1 novembre 2012 \u00e8 necessario pagare una tassa di soggiorno. La tassa di soggiorno non \u00e8 inclusa nella tariffa della camera. Per Be Mar Hostel, Be Sound Hostel e Be Ramblas Hotel, l&#8217;imposta \u00e8 0,75 \u20ac per persona a notte per i primi 7 notti. E sar\u00e0 pagato al momento dell&#8217;arrivo. Per Be Dream Hostel l&#8217;imposta \u00e8 0,50 \u20ac per persona a notte per i primi 7 notti. E sar\u00e0 pagato al momento dell&#8217;arrivo.<\/strong>\r\n\r\nIn caso di cancellazioni che non sono contemplate nel nostro contratto, o in caso di no-show, si addebiter\u00e0 l&#8217;ammontare della prima notte sulla carta di credito.\r\n\r\nSe la carta di credito fornita \u00e8 falsa e si scopre un errore nella prenotazione, la prenotazione non \u00e8 valida.\r\n\r\n&nbsp;\r\n<h3>Politica di Cancellazione<\/h3>\r\n<img loading=\"lazy\" decoding=\"async\" class=\"alignleft size-full wp-image-4452\" title=\"Hostels Reservations\" alt=\"Politica di Cancellazione\" src=\"https:\/\/behostels.com\/wp-content\/uploads\/bye-04.png\" width=\"190\" height=\"158\" \/>\r\n\r\nLe cancellazioni si devono fare via e-mail. Non si accettano cancellazioni fatte per telefono.\r\n\r\nLe cancellazioni notificate fino al giorno anteriore all&#8217;arrivo (prima di mezzogiorno), non saranno soggette a penalizzazione o addebito.\r\n\r\nLe cancellazioni notificate dopo mezzogiorno del giorno anteriore all&#8217;arrivo, saranno penalizzate con il pagamento della prima notte sulla carta di credito fornita.\r\n\r\nIn caso di &#8220;no-show&#8221;, la prenotazione verr\u00e0 addebitata sulla carta di credito.\r\n\r\nIn caso di prenotazioni fatte tramite altre pagine web, si prega di contattare ? direttamente riguardo la tassa di prenotazione e il deposito.\r\n\r\n&nbsp;\r\n<h3>Rettifiche e Condizioni di Cancellazione:<\/h3>\r\n<img loading=\"lazy\" decoding=\"async\" class=\"alignright size-full wp-image-4452\" title=\"Hostels Reservations\" src=\"https:\/\/behostels.com\/wp-content\/uploads\/bye-04.png\" alt=\"Rettifiche e Condizioni di Cancellazione\" width=\"190\" height=\"158\" \/>\r\nLe rettifiche di una prenotazione devono essere fatte esclusivamente via e-mail e se necessario si applicheranno le politiche di cancellazione.\r\n\r\nQualsiasi discrepanza fra i servizi riservati e ricevuti, si deve risolvere direttamente nella reception dell&#8217;hotel, durante la vostra permanenza nell\u2019ostello.\r\n\r\nIn caso di rimborso, sar\u00e0 il cliente a farsi carico delle eventuali spese bancarie relative al bonifico.\r\n\r\n&nbsp;\r\n<h3>Informazioni sugli Ostelli:<\/h3>\r\n<img loading=\"lazy\" decoding=\"async\" class=\"alignleft size-full wp-image-4448\" title=\"Be Hostels Reservations\" alt=\"Informazioni sugli Ostelli\" src=\"https:\/\/behostels.com\/wp-content\/uploads\/bye-021.png\" width=\"190\" height=\"158\" \/>\r\n\r\nColazione, Internet, coperte e mappe sono inclusi nel prezzo.\r\n\r\nAsciugamani e lenzuola si possono affittare alla reception, a soli 2.5 \u20ac per tutto il periodo in cui vi alloggerete in queste strutture.\r\n\r\nIl Check-out \u00e8 alle 11:00. Se il check-out avviene dopo mezzogiorno, si addebiter\u00e0 una notte in pi\u00f9.\r\n\r\nSe il check out avviene dopo mezzogiorno senza aver anteriormente avvisato la reception, il personale dell&#8217;hotel ha il diritto di spostare i bagagli personali dalla stanza.\r\n\r\n<img loading=\"lazy\" decoding=\"async\" class=\"alignright size-full wp-image-4450\" title=\"Be Hostels Reservations\" alt=\"Informazioni sugli Ostelli\" src=\"https:\/\/behostels.com\/wp-content\/uploads\/bye-011.png\" width=\"190\" height=\"158\" \/>\r\n\r\nDurante il check-in dovrete mostrare un documento d&#8217;identit\u00e0, patente o passaporto.\r\n\r\nDurante il check-in si dovr\u00e0 pagare l&#8217;ammontare totale della permanenza. Durante il check-out, si dovr\u00e0 restituire la chiave magnetica e le lenzuola.\r\n\r\nIl clienti che lasciano l\u2019ostello anteriormente alla data stabilita, verranno penalizzati secondo la politica di cancellazione.\r\n\r\nNon si ammettono animali domestici.\r\n\r\nL&#8217;ostello si riserva il diritto di rifiutare l&#8217;ammissione o anticipare la fine della permanenza dei clienti, a sua discrezione.\r\n\r\n<img loading=\"lazy\" decoding=\"async\" class=\"size-full wp-image-4451 alignleft\" title=\"Hostels Reservations\" alt=\"Informazioni sugli Ostelli\" src=\"https:\/\/behostels.com\/wp-content\/uploads\/bye-031.png\" width=\"190\" height=\"158\" \/>\r\n\r\nTutti i clienti sono tenuti a comportarsi con il dovuto rispetto con\/verso gli altri ospiti o il personale dell&#8217;ostello e sono resposabili delle loro azioni durante la permanenza nelle nostre strutture.\r\n\r\nSe i dettagli forniti durante la prenotazione sono incorretti, la prenotazione non verr\u00e0 confermata.\r\n\r\n&nbsp;\r\n<h3>Condizioni di uso del Sistema di Prenotazione on-line di Be Hostels:<\/h3>\r\nGli utenti devono essere maggiorenni (maggiori di 18 anni) e devono avere la capacit\u00e0 giuridica di contrattare i servizi offerti dal nostro sito web.\r\n\r\nLe informazioni personali fornite devono essere veritiere e verranno trattate secondo la legge.\r\n\r\nI prezzi e le condizioni della prenotazione sono quelli specificati in questo sito web.\r\n\r\nLe offerte sono valide durante il periodo specificato in questo sito web.\r\nNel caso in cui si produca un errore informatico o un errore nei prezzi, l\u2019impresa s\u2019impegna a correggerli e a ristabilire il corretto funzionamento del servizio, il prima possibile.\r\n\r\nl&#8217;<strong>IVA<\/strong> \u00e8 inclusa nel prezzo della prenotazione.","protected":false},"excerpt":{"rendered":"<p>Se si desidera effettuare una prenotazione con noi, utilizzare Be Hostels Booking Engine Ostelli condizioni Condizioni di Pagamento al momento della prenotazione: Nessun importo verr\u00e0 addebitato sulla tua carta di credito come pre pagamento. Il valore totale della prenotazione si paga all&#8217;arrivo. Per le prenotazioni che arrivano dal 1 novembre 2012 \u00e8 necessario pagare una [&hellip;]<\/p>\n","protected":false},"author":1,"featured_media":0,"parent":0,"menu_order":0,"comment_status":"closed","ping_status":"open","template":"","meta":{"footnotes":""},"yoast_head":"<!-- This site is optimized with the Yoast SEO plugin v22.7 - https:\/\/yoast.com\/wordpress\/plugins\/seo\/ -->\n<title>Be Hostels Barcelona Prenotazioni<\/title>\n<meta name=\"description\" content=\"Condizioni di prenotazione e cancellazione a Be Hostels\" \/>\n<meta name=\"robots\" content=\"index, follow, max-snippet:-1, max-image-preview:large, max-video-preview:-1\" \/>\n<link rel=\"canonical\" href=\"https:\/\/behostels.com\/it\/prenotare-a-be-hostels\/\" \/>\n<meta property=\"og:locale\" content=\"it_IT\" \/>\n<meta property=\"og:type\" content=\"article\" \/>\n<meta property=\"og:title\" content=\"Be Hostels Barcelona Prenotazioni\" \/>\n<meta property=\"og:description\" content=\"Condizioni di prenotazione e cancellazione a Be Hostels\" \/>\n<meta property=\"og:url\" content=\"https:\/\/behostels.com\/it\/prenotare-a-be-hostels\/\" \/>\n<meta property=\"og:site_name\" content=\"Be Hostels\" \/>\n<meta property=\"article:modified_time\" content=\"2015-06-08T15:07:41+00:00\" \/>\n<meta property=\"og:image\" content=\"https:\/\/behostels.com\/wp-content\/uploads\/bye-04.png\" \/>\n<meta name=\"twitter:card\" content=\"summary_large_image\" \/>\n<meta name=\"twitter:label1\" content=\"Tempo di lettura stimato\" \/>\n\t<meta name=\"twitter:data1\" content=\"3 minuti\" \/>\n<script type=\"application\/ld+json\" class=\"yoast-schema-graph\">{\"@context\":\"https:\/\/schema.org\",\"@graph\":[{\"@type\":\"WebPage\",\"@id\":\"https:\/\/behostels.com\/it\/prenotare-a-be-hostels\/\",\"url\":\"https:\/\/behostels.com\/it\/prenotare-a-be-hostels\/\",\"name\":\"Be Hostels Barcelona Prenotazioni\",\"isPartOf\":{\"@id\":\"https:\/\/behostels.com\/it\/#website\"},\"primaryImageOfPage\":{\"@id\":\"https:\/\/behostels.com\/it\/prenotare-a-be-hostels\/#primaryimage\"},\"image\":{\"@id\":\"https:\/\/behostels.com\/it\/prenotare-a-be-hostels\/#primaryimage\"},\"thumbnailUrl\":\"https:\/\/behostels.com\/wp-content\/uploads\/bye-04.png\",\"datePublished\":\"2015-06-08T15:07:31+00:00\",\"dateModified\":\"2015-06-08T15:07:41+00:00\",\"description\":\"Condizioni di prenotazione e cancellazione a Be Hostels\",\"breadcrumb\":{\"@id\":\"https:\/\/behostels.com\/it\/prenotare-a-be-hostels\/#breadcrumb\"},\"inLanguage\":\"it-IT\",\"potentialAction\":[{\"@type\":\"ReadAction\",\"target\":[\"https:\/\/behostels.com\/it\/prenotare-a-be-hostels\/\"]}]},{\"@type\":\"ImageObject\",\"inLanguage\":\"it-IT\",\"@id\":\"https:\/\/behostels.com\/it\/prenotare-a-be-hostels\/#primaryimage\",\"url\":\"https:\/\/behostels.com\/wp-content\/uploads\/bye-04.png\",\"contentUrl\":\"https:\/\/behostels.com\/wp-content\/uploads\/bye-04.png\"},{\"@type\":\"BreadcrumbList\",\"@id\":\"https:\/\/behostels.com\/it\/prenotare-a-be-hostels\/#breadcrumb\",\"itemListElement\":[{\"@type\":\"ListItem\",\"position\":1,\"name\":\"Home\",\"item\":\"https:\/\/behostels.com\/it\/\"},{\"@type\":\"ListItem\",\"position\":2,\"name\":\"Prenotare a Be Hostels\"}]},{\"@type\":\"WebSite\",\"@id\":\"https:\/\/behostels.com\/it\/#website\",\"url\":\"https:\/\/behostels.com\/it\/\",\"name\":\"Be Hostels\",\"description\":\"\",\"publisher\":{\"@id\":\"https:\/\/behostels.com\/it\/#organization\"},\"potentialAction\":[{\"@type\":\"SearchAction\",\"target\":{\"@type\":\"EntryPoint\",\"urlTemplate\":\"https:\/\/behostels.com\/it\/?s={search_term_string}\"},\"query-input\":\"required name=search_term_string\"}],\"inLanguage\":\"it-IT\"},{\"@type\":\"Organization\",\"@id\":\"https:\/\/behostels.com\/it\/#organization\",\"name\":\"Be Hostels\",\"url\":\"https:\/\/behostels.com\/it\/\",\"logo\":{\"@type\":\"ImageObject\",\"inLanguage\":\"it-IT\",\"@id\":\"https:\/\/behostels.com\/it\/#\/schema\/logo\/image\/\",\"url\":\"https:\/\/behostels.com\/wp-content\/uploads\/2015\/06\/be_reservations_logo.jpg\",\"contentUrl\":\"https:\/\/behostels.com\/wp-content\/uploads\/2015\/06\/be_reservations_logo.jpg\",\"width\":130,\"height\":130,\"caption\":\"Be Hostels\"},\"image\":{\"@id\":\"https:\/\/behostels.com\/it\/#\/schema\/logo\/image\/\"}}]}<\/script>\n<!-- \/ Yoast SEO plugin. -->","yoast_head_json":{"title":"Be Hostels Barcelona Prenotazioni","description":"Condizioni di prenotazione e cancellazione a Be Hostels","robots":{"index":"index","follow":"follow","max-snippet":"max-snippet:-1","max-image-preview":"max-image-preview:large","max-video-preview":"max-video-preview:-1"},"canonical":"https:\/\/behostels.com\/it\/prenotare-a-be-hostels\/","og_locale":"it_IT","og_type":"article","og_title":"Be Hostels Barcelona Prenotazioni","og_description":"Condizioni di prenotazione e cancellazione a Be Hostels","og_url":"https:\/\/behostels.com\/it\/prenotare-a-be-hostels\/","og_site_name":"Be Hostels","article_modified_time":"2015-06-08T15:07:41+00:00","og_image":[{"url":"https:\/\/behostels.com\/wp-content\/uploads\/bye-04.png"}],"twitter_card":"summary_large_image","twitter_misc":{"Tempo di lettura stimato":"3 minuti"},"schema":{"@context":"https:\/\/schema.org","@graph":[{"@type":"WebPage","@id":"https:\/\/behostels.com\/it\/prenotare-a-be-hostels\/","url":"https:\/\/behostels.com\/it\/prenotare-a-be-hostels\/","name":"Be Hostels Barcelona Prenotazioni","isPartOf":{"@id":"https:\/\/behostels.com\/it\/#website"},"primaryImageOfPage":{"@id":"https:\/\/behostels.com\/it\/prenotare-a-be-hostels\/#primaryimage"},"image":{"@id":"https:\/\/behostels.com\/it\/prenotare-a-be-hostels\/#primaryimage"},"thumbnailUrl":"https:\/\/behostels.com\/wp-content\/uploads\/bye-04.png","datePublished":"2015-06-08T15:07:31+00:00","dateModified":"2015-06-08T15:07:41+00:00","description":"Condizioni di prenotazione e cancellazione a Be Hostels","breadcrumb":{"@id":"https:\/\/behostels.com\/it\/prenotare-a-be-hostels\/#breadcrumb"},"inLanguage":"it-IT","potentialAction":[{"@type":"ReadAction","target":["https:\/\/behostels.com\/it\/prenotare-a-be-hostels\/"]}]},{"@type":"ImageObject","inLanguage":"it-IT","@id":"https:\/\/behostels.com\/it\/prenotare-a-be-hostels\/#primaryimage","url":"https:\/\/behostels.com\/wp-content\/uploads\/bye-04.png","contentUrl":"https:\/\/behostels.com\/wp-content\/uploads\/bye-04.png"},{"@type":"BreadcrumbList","@id":"https:\/\/behostels.com\/it\/prenotare-a-be-hostels\/#breadcrumb","itemListElement":[{"@type":"ListItem","position":1,"name":"Home","item":"https:\/\/behostels.com\/it\/"},{"@type":"ListItem","position":2,"name":"Prenotare a Be Hostels"}]},{"@type":"WebSite","@id":"https:\/\/behostels.com\/it\/#website","url":"https:\/\/behostels.com\/it\/","name":"Be Hostels","description":"","publisher":{"@id":"https:\/\/behostels.com\/it\/#organization"},"potentialAction":[{"@type":"SearchAction","target":{"@type":"EntryPoint","urlTemplate":"https:\/\/behostels.com\/it\/?s={search_term_string}"},"query-input":"required name=search_term_string"}],"inLanguage":"it-IT"},{"@type":"Organization","@id":"https:\/\/behostels.com\/it\/#organization","name":"Be Hostels","url":"https:\/\/behostels.com\/it\/","logo":{"@type":"ImageObject","inLanguage":"it-IT","@id":"https:\/\/behostels.com\/it\/#\/schema\/logo\/image\/","url":"https:\/\/behostels.com\/wp-content\/uploads\/2015\/06\/be_reservations_logo.jpg","contentUrl":"https:\/\/behostels.com\/wp-content\/uploads\/2015\/06\/be_reservations_logo.jpg","width":130,"height":130,"caption":"Be Hostels"},"image":{"@id":"https:\/\/behostels.com\/it\/#\/schema\/logo\/image\/"}}]}},"_links":{"self":[{"href":"https:\/\/behostels.com\/it\/wp-json\/wp\/v2\/pages\/33"}],"collection":[{"href":"https:\/\/behostels.com\/it\/wp-json\/wp\/v2\/pages"}],"about":[{"href":"https:\/\/behostels.com\/it\/wp-json\/wp\/v2\/types\/page"}],"author":[{"embeddable":true,"href":"https:\/\/behostels.com\/it\/wp-json\/wp\/v2\/users\/1"}],"replies":[{"embeddable":true,"href":"https:\/\/behostels.com\/it\/wp-json\/wp\/v2\/comments?post=33"}],"version-history":[{"count":0,"href":"https:\/\/behostels.com\/it\/wp-json\/wp\/v2\/pages\/33\/revisions"}],"wp:attachment":[{"href":"https:\/\/behostels.com\/it\/wp-json\/wp\/v2\/media?parent=33"}],"curies":[{"name":"wp","href":"https:\/\/api.w.org\/{rel}","templated":true}]}}