{"id":324,"date":"2015-06-10T14:37:54","date_gmt":"2015-06-10T14:37:54","guid":{"rendered":"https:\/\/behostels.com\/?page_id=324"},"modified":"2015-11-25T13:27:16","modified_gmt":"2015-11-25T13:27:16","slug":"zaragoza","status":"publish","type":"page","link":"https:\/\/behostels.com\/it\/zaragoza\/","title":{"rendered":"Be Hostel Zaragoza, il tuo ostello a Zaragoza citt\u00e0"},"content":{"rendered":"<div class=\"uk-grid\">\r\n<div class=\"uk-width-large-1-2 uk-width-medium-1-2 uk-width-small-1-1\">\r\n<h2>Zaragoza \u00e8 un&#8217;importante citt\u00e0, a met\u00e0 strada fra Madrid e Barcelona, una citt\u00e0 che offre molto al turista: cultura, gastronomia, storia e vita notturna.<\/h2>\r\n<\/div>\r\n<div class=\"uk-width-large-1-2 uk-width-medium-1-2 uk-width-small-1-1\">\r\n<a href=\"https:\/\/behostels.com\/wp-content\/uploads\/2015\/11\/zaragozamap.jpg\"><img loading=\"lazy\" decoding=\"async\" width=\"460\" height=\"300\" src=\"https:\/\/behostels.com\/wp-content\/uploads\/2015\/11\/zaragozamap.jpg\" alt=\"zaragozamap\" class=\"alignnone size-full wp-image-3201\" srcset=\"https:\/\/behostels.com\/wp-content\/uploads\/2015\/11\/zaragozamap.jpg 460w, https:\/\/behostels.com\/wp-content\/uploads\/2015\/11\/zaragozamap-300x196.jpg 300w\" sizes=\"(max-width: 460px) 100vw, 460px\" \/><\/a>\r\n<\/div>\r\n<\/div>\r\n\r\n<p>La posizione del <a title=\"Be Zaragoza Hostel\" href=\"http:\/\/www.behostels.com\/zaragoza\" target=\"_blank\"><strong>Be Hostels Zaragoza<\/strong><\/a>, vicino alla <strong>Plaza del Pilar<\/strong>, \u00e8 ideale per visitare il centro della citt\u00e0.<\/p>\r\n\r\n<p>Oltre alla posizione, questo <strong>ostello<\/strong> offre molto di pi\u00f9. Al pianoterra potrai vedere spettacoli teatrali, concerti e quant\u2019altro, gratuitamente. \r\nL&#8217;ostello si trova in un <strong>edificio rinascimentale del XV secolo, riccamente decorato e fornito di tutto<\/strong> ci\u00f2 di cui i nostri ospiti hanno bisogno e con un personale simpatico e attento a ogni necessit\u00e0.<\/p>\r\n\n\n<div id=\"wk-grid107\" class=\"uk-grid-width-1-1 uk-grid-width-medium-1-3 uk-grid uk-grid-match uk-grid-medium uk-text-center \" data-uk-grid-match=\"{target:'> div > .uk-panel', row:true}\" data-uk-grid-margin  data-uk-scrollspy=\"{cls:'uk-animation-fade uk-invisible', target:'> div > .uk-panel', delay:300}\">\n\n\n    <div>\n        <div class=\"uk-panel uk-invisible\">\n\n            \n            \n                        <div class=\"uk-text-center uk-panel-teaser\"><div class=\"uk-overlay uk-overlay-hover uk-border-circle\"><img loading=\"lazy\" decoding=\"async\" src=\"\/wp-content\/uploads\/2015\/07\/discover-zaragoza.jpg\" class=\"uk-border-circle uk-overlay-scale\" alt=\"Scopri Saragozza\" width=\"600\" height=\"600\"><div class=\"uk-overlay-panel uk-overlay-background uk-overlay-icon uk-overlay-fade\"><\/div><a class=\"uk-position-cover\" href=\"http:\/\/behostels.com\/it\/zaragoza\/ubicazione\/\" title=\"Scopri Saragozza\"><\/a><\/div><\/div>\n            \n            \n            \n            \n            \n                        <div class=\"uk-margin\">Scopri  Saragozza<\/div>\n            \n            \n            \n            \n        <\/div>\n    <\/div>\n\n\n    <div>\n        <div class=\"uk-panel uk-invisible\">\n\n            \n            \n                        <div class=\"uk-text-center uk-panel-teaser\"><div class=\"uk-overlay uk-overlay-hover uk-border-circle\"><img loading=\"lazy\" decoding=\"async\" src=\"\/wp-content\/uploads\/2015\/07\/zaragoza-concerts.jpg\" class=\"uk-border-circle uk-overlay-scale\" alt=\"Iscriviti alla nostra concerti ed eventi!\" width=\"600\" height=\"600\"><div class=\"uk-overlay-panel uk-overlay-background uk-overlay-icon uk-overlay-fade\"><\/div><a class=\"uk-position-cover\" href=\"http:\/\/behostels.com\/it\/zaragoza\/servizi\/\" title=\"Iscriviti alla nostra concerti ed eventi!\"><\/a><\/div><\/div>\n            \n            \n            \n            \n            \n                        <div class=\"uk-margin\">Iscriviti alla nostra concerti ed eventi!<\/div>\n            \n            \n            \n            \n        <\/div>\n    <\/div>\n\n\n    <div>\n        <div class=\"uk-panel uk-invisible\">\n\n            \n            \n                        <div class=\"uk-text-center uk-panel-teaser\"><div class=\"uk-overlay uk-overlay-hover uk-border-circle\"><img loading=\"lazy\" decoding=\"async\" src=\"\/wp-content\/uploads\/2015\/07\/historic-building.jpg\" class=\"uk-border-circle uk-overlay-scale\" alt=\"Edificio storico del 1500\" width=\"600\" height=\"600\"><div class=\"uk-overlay-panel uk-overlay-background uk-overlay-icon uk-overlay-fade\"><\/div><a class=\"uk-position-cover\" href=\"http:\/\/behostels.com\/it\/zaragoza\/ubicazione\/\" title=\"Edificio storico del 1500\"><\/a><\/div><\/div>\n            \n            \n            \n            \n            \n                        <div class=\"uk-margin\">Edificio storico del 1500<\/div>\n            \n            \n            \n            \n        <\/div>\n    <\/div>\n\n\n<\/div>\n\n<script>\n(function($){\n\n    \/\/ get the images of the gallery and replace it by a canvas of the same size to fix the problem with overlapping images on load.\n    $('img[width][height]:not(.uk-overlay-panel)', $('#wk-grid107')).each(function() {\n\n        var $img = $(this);\n\n        if (this.width == 'auto' || this.height == 'auto' || !$img.is(':visible')) {\n            return;\n        }\n\n        var $canvas = $('<canvas class=\"uk-responsive-width\"><\/canvas>').attr({width:$img.attr('width'), height:$img.attr('height')}),\n            img = new Image,\n            release = function() {\n                $canvas.remove();\n                $img.css('display', '');\n                release = function(){};\n            };\n\n        $img.css('display', 'none').after($canvas);\n\n        $(img).on('load', function(){ release(); });\n        setTimeout(function(){ release(); }, 1000);\n\n        img.src = this.src;\n\n    });\n\n})(jQuery);\n<\/script>\n\r\n<h3 class=\"fantasy\">Alloggiandoti nel <a title=\"Be Zaragoza Hostel\" href=\"http:\/\/www.behostels.com\/zaragoza\" target=\"_blank\">Be Hostels Zaragoza<\/a> troverai:<\/h3>\r\n<div class=\"uk-grid\">\r\n<div class=\"uk-width-large-1-2 uk-width-medium-1-2 uk-width-small-1-1\">\r\n<ul>\r\n    <li>Armadio personale con chiusura magnetica gratis.<\/li>\r\n    <li>Internet gratis<\/li>\r\n    <li>Wifi Gratis<\/li>\r\n    <li>Trapunta\/coperta gratis.<\/li>\r\n    <li>Mappa della citt\u00e1 gratis.<\/li>\r\n    <li>Acceso a una Cucina completamente equipaggiata.<\/li>\r\n    <li>Sala comune con televisione e DVD.<\/li>\r\n    <li>Giochi da tavola.<\/li>\r\n    <li>Servizio di  lavanderia.<\/li>\r\n<\/ul>\r\n<\/div>\r\n<div class=\"uk-width-large-1-2 uk-width-medium-1-2 uk-width-small-1-1\">\r\n<ul>\r\n    <li>Affitto di lenzuola e asciugamani.<\/li>\r\n    <li>Tutti i tipi di utensili da cucina e elettrodomestici.<\/li>\r\n    <li>Tutti i tipi di attivit\u00e0 d\u2019avventura e ozio!<\/li>\r\n    <li>Sconti per i teatri Zaragoza.<\/li>\r\n    <li>Concerti e riunioni letterarie.<\/li>\r\n    <li>Mostre.<\/li>\r\n    <li>Cene teatrali.<\/li>\r\n    <li>Sconti per Fiestas DJ\u2019s.<\/li>\r\n    <li>Jam session.<\/li>\r\n<\/ul>\r\n<\/div>\r\n<\/div>\r\n<div class=\"uk-margin-large-top uk-text-center\">Al <a title=\"Be Zaragoza Hostel\" href=\"http:\/\/www.behostels.com\/zaragoza\" target=\"_blank\"><strong>Be Hostels Zaragoza<\/strong><\/a> cerchiamo di farti sentire come se fossi a casa: speriamo che ti ricorderai di noi e che ritornerai nel nostro ostello la prossima volta che passi <a title=\"Be Zaragoza Hostel\" href=\"http:\/\/www.behostels.com\/zaragoza\" target=\"_blank\">da <strong>Zaragoza<\/strong><\/a>.<\/div>","protected":false},"excerpt":{"rendered":"<p>Zaragoza \u00e8 un&#8217;importante citt\u00e0, a met\u00e0 strada fra Madrid e Barcelona, una citt\u00e0 che offre molto al turista: cultura, gastronomia, storia e vita notturna. La posizione del Be Hostels Zaragoza, vicino alla Plaza del Pilar, \u00e8 ideale per visitare il centro della citt\u00e0. Oltre alla posizione, questo ostello offre molto di pi\u00f9. Al pianoterra potrai [&hellip;]<\/p>\n","protected":false},"author":1,"featured_media":0,"parent":0,"menu_order":0,"comment_status":"closed","ping_status":"open","template":"","meta":{"footnotes":""},"yoast_head":"<!-- This site is optimized with the Yoast SEO plugin v22.7 - https:\/\/yoast.com\/wordpress\/plugins\/seo\/ -->\n<title>Alloggiati al Be Hostel Zaragoza<\/title>\n<meta name=\"description\" content=\"Alloggiati nel Be Hostels Zaragoza e vivrai l&#039;esperienza unica di alloggiarti in un ostello a Zaragoza\" \/>\n<meta name=\"robots\" content=\"index, follow, max-snippet:-1, max-image-preview:large, max-video-preview:-1\" \/>\n<link rel=\"canonical\" href=\"https:\/\/behostels.com\/it\/zaragoza\/\" \/>\n<meta property=\"og:locale\" content=\"it_IT\" \/>\n<meta property=\"og:type\" content=\"article\" \/>\n<meta property=\"og:title\" content=\"Alloggiati al Be Hostel Zaragoza\" \/>\n<meta property=\"og:description\" content=\"Alloggiati nel Be Hostels Zaragoza e vivrai l&#039;esperienza unica di alloggiarti in un ostello a Zaragoza\" \/>\n<meta property=\"og:url\" content=\"https:\/\/behostels.com\/it\/zaragoza\/\" \/>\n<meta property=\"og:site_name\" content=\"Be Hostels\" \/>\n<meta property=\"article:modified_time\" content=\"2015-11-25T13:27:16+00:00\" \/>\n<meta property=\"og:image\" content=\"https:\/\/behostels.com\/wp-content\/uploads\/2015\/11\/zaragozamap.jpg\" \/>\n<meta name=\"twitter:card\" content=\"summary_large_image\" \/>\n<meta name=\"twitter:label1\" content=\"Tempo di lettura stimato\" \/>\n\t<meta name=\"twitter:data1\" content=\"1 minuto\" \/>\n<script type=\"application\/ld+json\" class=\"yoast-schema-graph\">{\"@context\":\"https:\/\/schema.org\",\"@graph\":[{\"@type\":\"WebPage\",\"@id\":\"https:\/\/behostels.com\/it\/zaragoza\/\",\"url\":\"https:\/\/behostels.com\/it\/zaragoza\/\",\"name\":\"Alloggiati al Be Hostel Zaragoza\",\"isPartOf\":{\"@id\":\"https:\/\/behostels.com\/it\/#website\"},\"primaryImageOfPage\":{\"@id\":\"https:\/\/behostels.com\/it\/zaragoza\/#primaryimage\"},\"image\":{\"@id\":\"https:\/\/behostels.com\/it\/zaragoza\/#primaryimage\"},\"thumbnailUrl\":\"https:\/\/behostels.com\/wp-content\/uploads\/2015\/11\/zaragozamap.jpg\",\"datePublished\":\"2015-06-10T14:37:54+00:00\",\"dateModified\":\"2015-11-25T13:27:16+00:00\",\"description\":\"Alloggiati nel Be Hostels Zaragoza e vivrai l'esperienza unica di alloggiarti in un ostello a Zaragoza\",\"breadcrumb\":{\"@id\":\"https:\/\/behostels.com\/it\/zaragoza\/#breadcrumb\"},\"inLanguage\":\"it-IT\",\"potentialAction\":[{\"@type\":\"ReadAction\",\"target\":[\"https:\/\/behostels.com\/it\/zaragoza\/\"]}]},{\"@type\":\"ImageObject\",\"inLanguage\":\"it-IT\",\"@id\":\"https:\/\/behostels.com\/it\/zaragoza\/#primaryimage\",\"url\":\"https:\/\/behostels.com\/wp-content\/uploads\/2015\/11\/zaragozamap.jpg\",\"contentUrl\":\"https:\/\/behostels.com\/wp-content\/uploads\/2015\/11\/zaragozamap.jpg\"},{\"@type\":\"BreadcrumbList\",\"@id\":\"https:\/\/behostels.com\/it\/zaragoza\/#breadcrumb\",\"itemListElement\":[{\"@type\":\"ListItem\",\"position\":1,\"name\":\"Home\",\"item\":\"https:\/\/behostels.com\/it\/\"},{\"@type\":\"ListItem\",\"position\":2,\"name\":\"Be Hostel Zaragoza, il tuo ostello a Zaragoza citt\u00e0\"}]},{\"@type\":\"WebSite\",\"@id\":\"https:\/\/behostels.com\/it\/#website\",\"url\":\"https:\/\/behostels.com\/it\/\",\"name\":\"Be Hostels\",\"description\":\"\",\"publisher\":{\"@id\":\"https:\/\/behostels.com\/it\/#organization\"},\"potentialAction\":[{\"@type\":\"SearchAction\",\"target\":{\"@type\":\"EntryPoint\",\"urlTemplate\":\"https:\/\/behostels.com\/it\/?s={search_term_string}\"},\"query-input\":\"required name=search_term_string\"}],\"inLanguage\":\"it-IT\"},{\"@type\":\"Organization\",\"@id\":\"https:\/\/behostels.com\/it\/#organization\",\"name\":\"Be Hostels\",\"url\":\"https:\/\/behostels.com\/it\/\",\"logo\":{\"@type\":\"ImageObject\",\"inLanguage\":\"it-IT\",\"@id\":\"https:\/\/behostels.com\/it\/#\/schema\/logo\/image\/\",\"url\":\"https:\/\/behostels.com\/wp-content\/uploads\/2015\/06\/be_reservations_logo.jpg\",\"contentUrl\":\"https:\/\/behostels.com\/wp-content\/uploads\/2015\/06\/be_reservations_logo.jpg\",\"width\":130,\"height\":130,\"caption\":\"Be Hostels\"},\"image\":{\"@id\":\"https:\/\/behostels.com\/it\/#\/schema\/logo\/image\/\"}}]}<\/script>\n<!-- \/ Yoast SEO plugin. -->","yoast_head_json":{"title":"Alloggiati al Be Hostel Zaragoza","description":"Alloggiati nel Be Hostels Zaragoza e vivrai l'esperienza unica di alloggiarti in un ostello a Zaragoza","robots":{"index":"index","follow":"follow","max-snippet":"max-snippet:-1","max-image-preview":"max-image-preview:large","max-video-preview":"max-video-preview:-1"},"canonical":"https:\/\/behostels.com\/it\/zaragoza\/","og_locale":"it_IT","og_type":"article","og_title":"Alloggiati al Be Hostel Zaragoza","og_description":"Alloggiati nel Be Hostels Zaragoza e vivrai l'esperienza unica di alloggiarti in un ostello a Zaragoza","og_url":"https:\/\/behostels.com\/it\/zaragoza\/","og_site_name":"Be Hostels","article_modified_time":"2015-11-25T13:27:16+00:00","og_image":[{"url":"https:\/\/behostels.com\/wp-content\/uploads\/2015\/11\/zaragozamap.jpg"}],"twitter_card":"summary_large_image","twitter_misc":{"Tempo di lettura stimato":"1 minuto"},"schema":{"@context":"https:\/\/schema.org","@graph":[{"@type":"WebPage","@id":"https:\/\/behostels.com\/it\/zaragoza\/","url":"https:\/\/behostels.com\/it\/zaragoza\/","name":"Alloggiati al Be Hostel Zaragoza","isPartOf":{"@id":"https:\/\/behostels.com\/it\/#website"},"primaryImageOfPage":{"@id":"https:\/\/behostels.com\/it\/zaragoza\/#primaryimage"},"image":{"@id":"https:\/\/behostels.com\/it\/zaragoza\/#primaryimage"},"thumbnailUrl":"https:\/\/behostels.com\/wp-content\/uploads\/2015\/11\/zaragozamap.jpg","datePublished":"2015-06-10T14:37:54+00:00","dateModified":"2015-11-25T13:27:16+00:00","description":"Alloggiati nel Be Hostels Zaragoza e vivrai l'esperienza unica di alloggiarti in un ostello a Zaragoza","breadcrumb":{"@id":"https:\/\/behostels.com\/it\/zaragoza\/#breadcrumb"},"inLanguage":"it-IT","potentialAction":[{"@type":"ReadAction","target":["https:\/\/behostels.com\/it\/zaragoza\/"]}]},{"@type":"ImageObject","inLanguage":"it-IT","@id":"https:\/\/behostels.com\/it\/zaragoza\/#primaryimage","url":"https:\/\/behostels.com\/wp-content\/uploads\/2015\/11\/zaragozamap.jpg","contentUrl":"https:\/\/behostels.com\/wp-content\/uploads\/2015\/11\/zaragozamap.jpg"},{"@type":"BreadcrumbList","@id":"https:\/\/behostels.com\/it\/zaragoza\/#breadcrumb","itemListElement":[{"@type":"ListItem","position":1,"name":"Home","item":"https:\/\/behostels.com\/it\/"},{"@type":"ListItem","position":2,"name":"Be Hostel Zaragoza, il tuo ostello a Zaragoza citt\u00e0"}]},{"@type":"WebSite","@id":"https:\/\/behostels.com\/it\/#website","url":"https:\/\/behostels.com\/it\/","name":"Be Hostels","description":"","publisher":{"@id":"https:\/\/behostels.com\/it\/#organization"},"potentialAction":[{"@type":"SearchAction","target":{"@type":"EntryPoint","urlTemplate":"https:\/\/behostels.com\/it\/?s={search_term_string}"},"query-input":"required name=search_term_string"}],"inLanguage":"it-IT"},{"@type":"Organization","@id":"https:\/\/behostels.com\/it\/#organization","name":"Be Hostels","url":"https:\/\/behostels.com\/it\/","logo":{"@type":"ImageObject","inLanguage":"it-IT","@id":"https:\/\/behostels.com\/it\/#\/schema\/logo\/image\/","url":"https:\/\/behostels.com\/wp-content\/uploads\/2015\/06\/be_reservations_logo.jpg","contentUrl":"https:\/\/behostels.com\/wp-content\/uploads\/2015\/06\/be_reservations_logo.jpg","width":130,"height":130,"caption":"Be Hostels"},"image":{"@id":"https:\/\/behostels.com\/it\/#\/schema\/logo\/image\/"}}]}},"_links":{"self":[{"href":"https:\/\/behostels.com\/it\/wp-json\/wp\/v2\/pages\/324"}],"collection":[{"href":"https:\/\/behostels.com\/it\/wp-json\/wp\/v2\/pages"}],"about":[{"href":"https:\/\/behostels.com\/it\/wp-json\/wp\/v2\/types\/page"}],"author":[{"embeddable":true,"href":"https:\/\/behostels.com\/it\/wp-json\/wp\/v2\/users\/1"}],"replies":[{"embeddable":true,"href":"https:\/\/behostels.com\/it\/wp-json\/wp\/v2\/comments?post=324"}],"version-history":[{"count":0,"href":"https:\/\/behostels.com\/it\/wp-json\/wp\/v2\/pages\/324\/revisions"}],"wp:attachment":[{"href":"https:\/\/behostels.com\/it\/wp-json\/wp\/v2\/media?parent=324"}],"curies":[{"name":"wp","href":"https:\/\/api.w.org\/{rel}","templated":true}]}}