{"id":262,"date":"2015-06-10T13:26:32","date_gmt":"2015-06-10T13:26:32","guid":{"rendered":"https:\/\/behostels.com\/?page_id=262"},"modified":"2016-05-04T10:45:16","modified_gmt":"2016-05-04T10:45:16","slug":"ramblas","status":"publish","type":"page","link":"https:\/\/behostels.com\/it\/ramblas\/","title":{"rendered":"Hotel economico in pieno centro di Barcelona: Be Ramblas Hotel Barcelona"},"content":{"rendered":"<h2><strong>Benvenuto nel primo e pi\u00f9 autentico ostello della famiglia Be Hostel, il Be Ramblas Hotel Barcelona, la pi\u00f9 conveniente scelta di alloggio nel centro di Barcelona. <\/strong><\/h2>\r\n\n\n<div id=\"wk-grid67c\" class=\"uk-grid-width-1-1 uk-grid-width-medium-1-3 uk-grid uk-grid-match uk-grid-medium uk-text-center \" data-uk-grid-match=\"{target:'> div > .uk-panel', row:true}\" data-uk-grid-margin  data-uk-scrollspy=\"{cls:'uk-animation-fade uk-invisible', target:'> div > .uk-panel', delay:300}\">\n\n\n    <div>\n        <div class=\"uk-panel uk-invisible\">\n\n            \n            \n                        <div class=\"uk-text-center uk-panel-teaser\"><div class=\"uk-overlay uk-overlay-hover uk-border-circle\"><img loading=\"lazy\" decoding=\"async\" src=\"\/wp-content\/uploads\/2015\/07\/be-ramblas-hostel-best-location.jpg\" class=\"uk-border-circle uk-overlay-scale\" alt=\"Migliore posizione\" width=\"600\" height=\"600\"><div class=\"uk-overlay-panel uk-overlay-background uk-overlay-icon uk-overlay-fade\"><\/div><a class=\"uk-position-cover\" href=\"http:\/\/behostels.com\/it\/ramblas\/ubicazione\/\" title=\"Migliore posizione\"><\/a><\/div><\/div>\n            \n            \n            \n            \n            \n                        <div class=\"uk-margin\">Migliore posizione<\/div>\n            \n            \n            \n            \n        <\/div>\n    <\/div>\n\n\n    <div>\n        <div class=\"uk-panel uk-invisible\">\n\n            \n            \n                        <div class=\"uk-text-center uk-panel-teaser\"><div class=\"uk-overlay uk-overlay-hover uk-border-circle\"><img loading=\"lazy\" decoding=\"async\" src=\"\/wp-content\/uploads\/2015\/07\/be-ramblas-hostel-best-location-kitchen.jpg\" class=\"uk-border-circle uk-overlay-scale\" alt=\"Cucina disponibile\" width=\"600\" height=\"600\"><div class=\"uk-overlay-panel uk-overlay-background uk-overlay-icon uk-overlay-fade\"><\/div><a class=\"uk-position-cover\" href=\"http:\/\/behostels.com\/it\/ramblas\/servizi\/\" title=\"Cucina disponibile\"><\/a><\/div><\/div>\n            \n            \n            \n            \n            \n                        <div class=\"uk-margin\">Cucina disponibile<\/div>\n            \n            \n            \n            \n        <\/div>\n    <\/div>\n\n\n    <div>\n        <div class=\"uk-panel uk-invisible\">\n\n            \n            \n                        <div class=\"uk-text-center uk-panel-teaser\"><div class=\"uk-overlay uk-overlay-hover uk-border-circle\"><img loading=\"lazy\" decoding=\"async\" src=\"\/wp-content\/uploads\/2015\/07\/be-ramblas-hostel-best-location-single-double-room.jpg\" class=\"uk-border-circle uk-overlay-scale\" alt=\"Singolo, Doppio e affittacamere.\" width=\"600\" height=\"600\"><div class=\"uk-overlay-panel uk-overlay-background uk-overlay-icon uk-overlay-fade\"><\/div><a class=\"uk-position-cover\" href=\"http:\/\/behostels.com\/it\/ramblas\/stanze\/\" title=\"Singolo, Doppio e affittacamere.\"><\/a><\/div><\/div>\n            \n            \n            \n            \n            \n                        <div class=\"uk-margin\">Singolo, Doppio e affittacamere.<\/div>\n            \n            \n            \n            \n        <\/div>\n    <\/div>\n\n\n<\/div>\n\n<script>\n(function($){\n\n    \/\/ get the images of the gallery and replace it by a canvas of the same size to fix the problem with overlapping images on load.\n    $('img[width][height]:not(.uk-overlay-panel)', $('#wk-grid67c')).each(function() {\n\n        var $img = $(this);\n\n        if (this.width == 'auto' || this.height == 'auto' || !$img.is(':visible')) {\n            return;\n        }\n\n        var $canvas = $('<canvas class=\"uk-responsive-width\"><\/canvas>').attr({width:$img.attr('width'), height:$img.attr('height')}),\n            img = new Image,\n            release = function() {\n                $canvas.remove();\n                $img.css('display', '');\n                release = function(){};\n            };\n\n        $img.css('display', 'none').after($canvas);\n\n        $(img).on('load', function(){ release(); });\n        setTimeout(function(){ release(); }, 1000);\n\n        img.src = this.src;\n\n    });\n\n})(jQuery);\n<\/script>\n\r\n\r\nGoditi una permanenza rilassante e piacevole in un luogo adatto a ogni tipo di viaggiatore, con una <strong>grande variet\u00e0 di stanze<\/strong> per soddisfare ogni tua esigenza.\r\n\r\nSfrutta la sua posizione strategica, a due <strong>passi dal Liceu<\/strong>, dalle <strong>Ramblas<\/strong> e dalla vicina <strong>Plaza Real<\/strong>, che ti offre moltissime piacevoli distrazioni. E, se ti va, partecipa a una delle nostre visite turistiche guidate, per cominciare a conoscere la citt\u00e0.\r\n\r\nTi sorprender\u00e0 la quantit\u00e0 di servizi di cui potrai godere durante la tua permanenza nel nostro hotel: <strong>cucina<\/strong> comune, <strong>connessione wireless <\/strong>nelle stanze e una quantit\u00e0 di <strong>visite turistiche e attivit\u00e0<\/strong>.\r\n\r\nInnamorati di Barcelona nel <a title=\"Be Ramblas Hotel\" href=\"http:\/\/www.behostels.com\/ramblas\"><strong>Be Ramblas Hotel Barcelona<\/strong><\/a>, il nostro hotel economico nel centro di <strong>Barcelona<\/strong>.\r\n<h3 class=\"fantasy\"><a class=\"invisible\" href=\"http:\/\/www.behostels.com\/ramblas\">Be Ramblas Hotel<\/a> si trova:<\/h3>\r\n<ul class=\"rooms\">\r\n \t<li>a 1 minuto dalla Rambla<\/li>\r\n \t<li>a 1 minuto dal Palau Guell (un palazzo costruito da Gaudi)<\/li>\r\n \t<li>a 5 minuti dalla stazione della metropolitana \u201cLiceu\u201d<\/li>\r\n \t<li>a 5 minuti dal Porto<\/li>\r\n \t<li>a 5 minuti dalla Boqueria (un mercato coperto di frutta, verdura, carne e pesce)<\/li>\r\n \t<li>a 5 minuti dal Teatro El Liceu<\/li>\r\n \t<li>a 3 minuti da Plaza Real<\/li>\r\n \t<li>a 15 minuti da Plaza Catalu\u00f1a<\/li>\r\n \t<li>a 10 minuti dal MACBA, Museo di Arte Contemporanea di Barcelona<\/li>\r\n \t<li>Nel centro storico di Barcelona<\/li>\r\n \t<li>Nella zona dello shopping e della cultur<\/li>\r\n<\/ul>\r\n<h2 class=\"fantasy\">Tutte le attivit\u00e0 perfetto e gratuiti che potete trovare presso <a href=\"http:\/\/www.behostels.com\/ramblas\">Be Ramblas Hotel<\/a> per godere il vostro soggiorno a Barcellona! Il check-in include:<\/h2>\r\n<div class=\"uk-grid\">\r\n<div class=\"uk-width-large-1-2 uk-width-medium-1-2 uk-width-small-1-1\">\r\n<ul>\r\n \t<li>Tour a piedi Gratuito<\/li>\r\n \t<li>Accesso a Internet en PC Gratuito<\/li>\r\n \t<li>Wifi Gratuito<\/li>\r\n \t<li>Cartina della citt\u00e0 Gratuita<\/li>\r\n \t<li>Cucina Comunitaria<\/li>\r\n \t<li>Una sala comune fantastica<\/li>\r\n<\/ul>\r\n<\/div>\r\n<div class=\"uk-width-large-1-2 uk-width-medium-1-2 uk-width-small-1-1\">\r\n<ul>\r\n \t<li>Aria condizionata e riscaldamento<\/li>\r\n \t<li>Organizziamo attivit\u00e0 tutti i giorni: La notte delle \u201ctapas\u201d, la notte del Flamenco, Pub Crawls<\/li>\r\n \t<li>Staff internazionale e di grande disponibilit\u00e0<\/li>\r\n \t<li>Disponibilit\u00e0 di un posto sicuro all\u2019interno dell\u2019albergo per poter lasciare i bagagli il giorno in cui si lascia la stanza<\/li>\r\n<\/ul>\r\n<\/div>\r\n<\/div>","protected":false},"excerpt":{"rendered":"<p>Benvenuto nel primo e pi\u00f9 autentico ostello della famiglia Be Hostel, il Be Ramblas Hotel Barcelona, la pi\u00f9 conveniente scelta di alloggio nel centro di Barcelona. Goditi una permanenza rilassante e piacevole in un luogo adatto a ogni tipo di viaggiatore, con una grande variet\u00e0 di stanze per soddisfare ogni tua esigenza. Sfrutta la sua [&hellip;]<\/p>\n","protected":false},"author":1,"featured_media":0,"parent":0,"menu_order":0,"comment_status":"closed","ping_status":"closed","template":"","meta":{"footnotes":""},"yoast_head":"<!-- This site is optimized with the Yoast SEO plugin v22.7 - https:\/\/yoast.com\/wordpress\/plugins\/seo\/ -->\n<title>Be Ramblas Hotel \u00e8 un hotel economico nel centro di Barcelona<\/title>\n<meta name=\"description\" content=\"Be Ramblas Hotel Barcelona \u00e8 la pi\u00f9 conveniente scelta di alloggio a due passi dalle Ramblas\" \/>\n<meta name=\"robots\" content=\"index, follow, max-snippet:-1, max-image-preview:large, max-video-preview:-1\" \/>\n<link rel=\"canonical\" href=\"https:\/\/behostels.com\/it\/ramblas\/\" \/>\n<meta property=\"og:locale\" content=\"it_IT\" \/>\n<meta property=\"og:type\" content=\"article\" \/>\n<meta property=\"og:title\" content=\"Be Ramblas Hotel \u00e8 un hotel economico nel centro di Barcelona\" \/>\n<meta property=\"og:description\" content=\"Be Ramblas Hotel Barcelona \u00e8 la pi\u00f9 conveniente scelta di alloggio a due passi dalle Ramblas\" \/>\n<meta property=\"og:url\" content=\"https:\/\/behostels.com\/it\/ramblas\/\" \/>\n<meta property=\"og:site_name\" content=\"Be Hostels\" \/>\n<meta property=\"article:modified_time\" content=\"2016-05-04T10:45:16+00:00\" \/>\n<meta name=\"twitter:card\" content=\"summary_large_image\" \/>\n<meta name=\"twitter:label1\" content=\"Tempo di lettura stimato\" \/>\n\t<meta name=\"twitter:data1\" content=\"2 minuti\" \/>\n<script type=\"application\/ld+json\" class=\"yoast-schema-graph\">{\"@context\":\"https:\/\/schema.org\",\"@graph\":[{\"@type\":\"WebPage\",\"@id\":\"https:\/\/behostels.com\/it\/ramblas\/\",\"url\":\"https:\/\/behostels.com\/it\/ramblas\/\",\"name\":\"Be Ramblas Hotel \u00e8 un hotel economico nel centro di Barcelona\",\"isPartOf\":{\"@id\":\"https:\/\/behostels.com\/it\/#website\"},\"datePublished\":\"2015-06-10T13:26:32+00:00\",\"dateModified\":\"2016-05-04T10:45:16+00:00\",\"description\":\"Be Ramblas Hotel Barcelona \u00e8 la pi\u00f9 conveniente scelta di alloggio a due passi dalle Ramblas\",\"breadcrumb\":{\"@id\":\"https:\/\/behostels.com\/it\/ramblas\/#breadcrumb\"},\"inLanguage\":\"it-IT\",\"potentialAction\":[{\"@type\":\"ReadAction\",\"target\":[\"https:\/\/behostels.com\/it\/ramblas\/\"]}]},{\"@type\":\"BreadcrumbList\",\"@id\":\"https:\/\/behostels.com\/it\/ramblas\/#breadcrumb\",\"itemListElement\":[{\"@type\":\"ListItem\",\"position\":1,\"name\":\"Home\",\"item\":\"https:\/\/behostels.com\/it\/\"},{\"@type\":\"ListItem\",\"position\":2,\"name\":\"Hotel economico in pieno centro di Barcelona: Be Ramblas Hotel Barcelona\"}]},{\"@type\":\"WebSite\",\"@id\":\"https:\/\/behostels.com\/it\/#website\",\"url\":\"https:\/\/behostels.com\/it\/\",\"name\":\"Be Hostels\",\"description\":\"\",\"publisher\":{\"@id\":\"https:\/\/behostels.com\/it\/#organization\"},\"potentialAction\":[{\"@type\":\"SearchAction\",\"target\":{\"@type\":\"EntryPoint\",\"urlTemplate\":\"https:\/\/behostels.com\/it\/?s={search_term_string}\"},\"query-input\":\"required name=search_term_string\"}],\"inLanguage\":\"it-IT\"},{\"@type\":\"Organization\",\"@id\":\"https:\/\/behostels.com\/it\/#organization\",\"name\":\"Be Hostels\",\"url\":\"https:\/\/behostels.com\/it\/\",\"logo\":{\"@type\":\"ImageObject\",\"inLanguage\":\"it-IT\",\"@id\":\"https:\/\/behostels.com\/it\/#\/schema\/logo\/image\/\",\"url\":\"https:\/\/behostels.com\/wp-content\/uploads\/2015\/06\/be_reservations_logo.jpg\",\"contentUrl\":\"https:\/\/behostels.com\/wp-content\/uploads\/2015\/06\/be_reservations_logo.jpg\",\"width\":130,\"height\":130,\"caption\":\"Be Hostels\"},\"image\":{\"@id\":\"https:\/\/behostels.com\/it\/#\/schema\/logo\/image\/\"}}]}<\/script>\n<!-- \/ Yoast SEO plugin. -->","yoast_head_json":{"title":"Be Ramblas Hotel \u00e8 un hotel economico nel centro di Barcelona","description":"Be Ramblas Hotel Barcelona \u00e8 la pi\u00f9 conveniente scelta di alloggio a due passi dalle Ramblas","robots":{"index":"index","follow":"follow","max-snippet":"max-snippet:-1","max-image-preview":"max-image-preview:large","max-video-preview":"max-video-preview:-1"},"canonical":"https:\/\/behostels.com\/it\/ramblas\/","og_locale":"it_IT","og_type":"article","og_title":"Be Ramblas Hotel \u00e8 un hotel economico nel centro di Barcelona","og_description":"Be Ramblas Hotel Barcelona \u00e8 la pi\u00f9 conveniente scelta di alloggio a due passi dalle Ramblas","og_url":"https:\/\/behostels.com\/it\/ramblas\/","og_site_name":"Be Hostels","article_modified_time":"2016-05-04T10:45:16+00:00","twitter_card":"summary_large_image","twitter_misc":{"Tempo di lettura stimato":"2 minuti"},"schema":{"@context":"https:\/\/schema.org","@graph":[{"@type":"WebPage","@id":"https:\/\/behostels.com\/it\/ramblas\/","url":"https:\/\/behostels.com\/it\/ramblas\/","name":"Be Ramblas Hotel \u00e8 un hotel economico nel centro di Barcelona","isPartOf":{"@id":"https:\/\/behostels.com\/it\/#website"},"datePublished":"2015-06-10T13:26:32+00:00","dateModified":"2016-05-04T10:45:16+00:00","description":"Be Ramblas Hotel Barcelona \u00e8 la pi\u00f9 conveniente scelta di alloggio a due passi dalle Ramblas","breadcrumb":{"@id":"https:\/\/behostels.com\/it\/ramblas\/#breadcrumb"},"inLanguage":"it-IT","potentialAction":[{"@type":"ReadAction","target":["https:\/\/behostels.com\/it\/ramblas\/"]}]},{"@type":"BreadcrumbList","@id":"https:\/\/behostels.com\/it\/ramblas\/#breadcrumb","itemListElement":[{"@type":"ListItem","position":1,"name":"Home","item":"https:\/\/behostels.com\/it\/"},{"@type":"ListItem","position":2,"name":"Hotel economico in pieno centro di Barcelona: Be Ramblas Hotel Barcelona"}]},{"@type":"WebSite","@id":"https:\/\/behostels.com\/it\/#website","url":"https:\/\/behostels.com\/it\/","name":"Be Hostels","description":"","publisher":{"@id":"https:\/\/behostels.com\/it\/#organization"},"potentialAction":[{"@type":"SearchAction","target":{"@type":"EntryPoint","urlTemplate":"https:\/\/behostels.com\/it\/?s={search_term_string}"},"query-input":"required name=search_term_string"}],"inLanguage":"it-IT"},{"@type":"Organization","@id":"https:\/\/behostels.com\/it\/#organization","name":"Be Hostels","url":"https:\/\/behostels.com\/it\/","logo":{"@type":"ImageObject","inLanguage":"it-IT","@id":"https:\/\/behostels.com\/it\/#\/schema\/logo\/image\/","url":"https:\/\/behostels.com\/wp-content\/uploads\/2015\/06\/be_reservations_logo.jpg","contentUrl":"https:\/\/behostels.com\/wp-content\/uploads\/2015\/06\/be_reservations_logo.jpg","width":130,"height":130,"caption":"Be Hostels"},"image":{"@id":"https:\/\/behostels.com\/it\/#\/schema\/logo\/image\/"}}]}},"_links":{"self":[{"href":"https:\/\/behostels.com\/it\/wp-json\/wp\/v2\/pages\/262"}],"collection":[{"href":"https:\/\/behostels.com\/it\/wp-json\/wp\/v2\/pages"}],"about":[{"href":"https:\/\/behostels.com\/it\/wp-json\/wp\/v2\/types\/page"}],"author":[{"embeddable":true,"href":"https:\/\/behostels.com\/it\/wp-json\/wp\/v2\/users\/1"}],"replies":[{"embeddable":true,"href":"https:\/\/behostels.com\/it\/wp-json\/wp\/v2\/comments?post=262"}],"version-history":[{"count":0,"href":"https:\/\/behostels.com\/it\/wp-json\/wp\/v2\/pages\/262\/revisions"}],"wp:attachment":[{"href":"https:\/\/behostels.com\/it\/wp-json\/wp\/v2\/media?parent=262"}],"curies":[{"name":"wp","href":"https:\/\/api.w.org\/{rel}","templated":true}]}}