{"id":178,"date":"2015-06-09T16:11:59","date_gmt":"2015-06-09T16:11:59","guid":{"rendered":"https:\/\/behostels.com\/?page_id=178"},"modified":"2015-09-17T15:43:16","modified_gmt":"2015-09-17T15:43:16","slug":"servizi","status":"publish","type":"page","link":"https:\/\/behostels.com\/it\/sound\/servizi\/","title":{"rendered":"Vi offriamo le migliori strutture in Be Sound Hostel Barcelona"},"content":{"rendered":"<h2 class=\"fantasy\">Tutte le attivit\u00e0 perfetto e gratuiti che potete trovare presso <a href=\"http:\/\/www.behostels.com\/sound\">Be Sound Hostel<\/a> per godere il vostro soggiorno a Barcellona! Il check-in include:<\/h2>\r\n<div class=\"uk-grid\">\r\n<div class=\"uk-width-large-1-2 uk-width-medium-1-2 uk-width-small-1-1\">\r\n<ul>\r\n\t<li>Wifi e Accesso a Internet en PC Gratuito<\/li>\r\n\t<li>Armadietto personale dentro la stanza Gratuito<\/li>\r\n\t<li>Tour a piedi Gratuito<\/li>\r\n\t<li>Cartina della citt\u00e0 Gratuita<\/li>\r\n\t<li>Cucina Comunitaria<\/li>\r\n        <li>Staff internazionale e di grande disponibilit\u00e0<\/li>\r\n        <li>Organizziamo attivit\u00e0 tutti i giorni: La notte delle \u201ctapas\u201d, la notte del Flamenco, Pub Crawls, ect..<\/li>\r\n        <li>Reception open 24 hours<\/li>\r\n<\/ul>\r\n<\/div>\r\n<div class=\"uk-width-large-1-2 uk-width-medium-1-2 uk-width-small-1-1\">\r\n<ul>\r\n\t<li>Splendida terrazza<\/li>\r\n        <li>Una sala comune fantastica<\/li>\r\n\t<li>Aria condizionata e riscaldamento<\/li>\r\n\t<li>Disponibilit\u00e0 di un posto sicuro all\u2019interno dell\u2019albergo per poter lasciare i bagagli il giorno in cui si lascia la stanza<\/li>\r\n\t<li>Lavatrice e asciugabiancheria self-service a gettoni<\/li>\r\n\t<li>Noleggio di asciugamano o lenzuola a 2,5\u20ac<\/li>\r\n\t<li>Parcheggio di biciclette<\/li>\r\n<\/ul>\r\n<\/div>\r\n<\/div>\r\n<br \/>\r\n<br \/>\r\n<iframe loading=\"lazy\" width=\"920\" height=\"600\" frameborder=\"0\" scrolling=\"no\" marginheight=\"0\" marginwidth=\"0\" src=\"https:\/\/www.google.es\/maps?q=be+sound+hostel&amp;layer=c&amp;sll=41.375885,2.171036&amp;cid=17286067778879946973&amp;panoid=XObqsOZxnYAAAAQIt85OOw&amp;cbp=13,303.51,,0,0.47&amp;ie=UTF8&amp;hq=be+sound+hostel&amp;hnear=&amp;t=m&amp;cbll=41.375784,2.171174&amp;source=embed&amp;ll=41.373,2.171173&amp;spn=0.009661,0.019741&amp;z=16&amp;output=svembed\"><\/iframe>","protected":false},"excerpt":{"rendered":"<p>Tutte le attivit\u00e0 perfetto e gratuiti che potete trovare presso Be Sound Hostel per godere il vostro soggiorno a Barcellona! Il check-in include: Wifi e Accesso a Internet en PC Gratuito Armadietto personale dentro la stanza Gratuito Tour a piedi Gratuito Cartina della citt\u00e0 Gratuita Cucina Comunitaria Staff internazionale e di grande disponibilit\u00e0 Organizziamo attivit\u00e0 [&hellip;]<\/p>\n","protected":false},"author":1,"featured_media":0,"parent":128,"menu_order":0,"comment_status":"closed","ping_status":"open","template":"","meta":{"footnotes":""},"yoast_head":"<!-- This site is optimized with the Yoast SEO plugin v22.7 - https:\/\/yoast.com\/wordpress\/plugins\/seo\/ -->\n<title>Servizi Be Sound Hostel<\/title>\n<meta name=\"description\" content=\"Potete trovare tutto il necessario al Be Sound Hostel a Barcellona!\" \/>\n<meta name=\"robots\" content=\"index, follow, max-snippet:-1, max-image-preview:large, max-video-preview:-1\" \/>\n<link rel=\"canonical\" href=\"https:\/\/behostels.com\/it\/sound\/servizi\/\" \/>\n<meta property=\"og:locale\" content=\"it_IT\" \/>\n<meta property=\"og:type\" content=\"article\" \/>\n<meta property=\"og:title\" content=\"Servizi Be Sound Hostel\" \/>\n<meta property=\"og:description\" content=\"Potete trovare tutto il necessario al Be Sound Hostel a Barcellona!\" \/>\n<meta property=\"og:url\" content=\"https:\/\/behostels.com\/it\/sound\/servizi\/\" \/>\n<meta property=\"og:site_name\" content=\"Be Hostels\" \/>\n<meta property=\"article:modified_time\" content=\"2015-09-17T15:43:16+00:00\" \/>\n<meta name=\"twitter:card\" content=\"summary_large_image\" \/>\n<meta name=\"twitter:label1\" content=\"Tempo di lettura stimato\" \/>\n\t<meta name=\"twitter:data1\" content=\"1 minuto\" \/>\n<script type=\"application\/ld+json\" class=\"yoast-schema-graph\">{\"@context\":\"https:\/\/schema.org\",\"@graph\":[{\"@type\":\"WebPage\",\"@id\":\"https:\/\/behostels.com\/it\/sound\/servizi\/\",\"url\":\"https:\/\/behostels.com\/it\/sound\/servizi\/\",\"name\":\"Servizi Be Sound Hostel\",\"isPartOf\":{\"@id\":\"https:\/\/behostels.com\/it\/#website\"},\"datePublished\":\"2015-06-09T16:11:59+00:00\",\"dateModified\":\"2015-09-17T15:43:16+00:00\",\"description\":\"Potete trovare tutto il necessario al Be Sound Hostel a Barcellona!\",\"breadcrumb\":{\"@id\":\"https:\/\/behostels.com\/it\/sound\/servizi\/#breadcrumb\"},\"inLanguage\":\"it-IT\",\"potentialAction\":[{\"@type\":\"ReadAction\",\"target\":[\"https:\/\/behostels.com\/it\/sound\/servizi\/\"]}]},{\"@type\":\"BreadcrumbList\",\"@id\":\"https:\/\/behostels.com\/it\/sound\/servizi\/#breadcrumb\",\"itemListElement\":[{\"@type\":\"ListItem\",\"position\":1,\"name\":\"Home\",\"item\":\"https:\/\/behostels.com\/it\/\"},{\"@type\":\"ListItem\",\"position\":2,\"name\":\"Be Sound Hostel Barcelona: un economico, comodo e originale ostello in citt\u00e0\",\"item\":\"https:\/\/behostels.com\/it\/sound\/\"},{\"@type\":\"ListItem\",\"position\":3,\"name\":\"Vi offriamo le migliori strutture in Be Sound Hostel Barcelona\"}]},{\"@type\":\"WebSite\",\"@id\":\"https:\/\/behostels.com\/it\/#website\",\"url\":\"https:\/\/behostels.com\/it\/\",\"name\":\"Be Hostels\",\"description\":\"\",\"publisher\":{\"@id\":\"https:\/\/behostels.com\/it\/#organization\"},\"potentialAction\":[{\"@type\":\"SearchAction\",\"target\":{\"@type\":\"EntryPoint\",\"urlTemplate\":\"https:\/\/behostels.com\/it\/?s={search_term_string}\"},\"query-input\":\"required name=search_term_string\"}],\"inLanguage\":\"it-IT\"},{\"@type\":\"Organization\",\"@id\":\"https:\/\/behostels.com\/it\/#organization\",\"name\":\"Be Hostels\",\"url\":\"https:\/\/behostels.com\/it\/\",\"logo\":{\"@type\":\"ImageObject\",\"inLanguage\":\"it-IT\",\"@id\":\"https:\/\/behostels.com\/it\/#\/schema\/logo\/image\/\",\"url\":\"https:\/\/behostels.com\/wp-content\/uploads\/2015\/06\/be_reservations_logo.jpg\",\"contentUrl\":\"https:\/\/behostels.com\/wp-content\/uploads\/2015\/06\/be_reservations_logo.jpg\",\"width\":130,\"height\":130,\"caption\":\"Be Hostels\"},\"image\":{\"@id\":\"https:\/\/behostels.com\/it\/#\/schema\/logo\/image\/\"}}]}<\/script>\n<!-- \/ Yoast SEO plugin. -->","yoast_head_json":{"title":"Servizi Be Sound Hostel","description":"Potete trovare tutto il necessario al Be Sound Hostel a Barcellona!","robots":{"index":"index","follow":"follow","max-snippet":"max-snippet:-1","max-image-preview":"max-image-preview:large","max-video-preview":"max-video-preview:-1"},"canonical":"https:\/\/behostels.com\/it\/sound\/servizi\/","og_locale":"it_IT","og_type":"article","og_title":"Servizi Be Sound Hostel","og_description":"Potete trovare tutto il necessario al Be Sound Hostel a Barcellona!","og_url":"https:\/\/behostels.com\/it\/sound\/servizi\/","og_site_name":"Be Hostels","article_modified_time":"2015-09-17T15:43:16+00:00","twitter_card":"summary_large_image","twitter_misc":{"Tempo di lettura stimato":"1 minuto"},"schema":{"@context":"https:\/\/schema.org","@graph":[{"@type":"WebPage","@id":"https:\/\/behostels.com\/it\/sound\/servizi\/","url":"https:\/\/behostels.com\/it\/sound\/servizi\/","name":"Servizi Be Sound Hostel","isPartOf":{"@id":"https:\/\/behostels.com\/it\/#website"},"datePublished":"2015-06-09T16:11:59+00:00","dateModified":"2015-09-17T15:43:16+00:00","description":"Potete trovare tutto il necessario al Be Sound Hostel a Barcellona!","breadcrumb":{"@id":"https:\/\/behostels.com\/it\/sound\/servizi\/#breadcrumb"},"inLanguage":"it-IT","potentialAction":[{"@type":"ReadAction","target":["https:\/\/behostels.com\/it\/sound\/servizi\/"]}]},{"@type":"BreadcrumbList","@id":"https:\/\/behostels.com\/it\/sound\/servizi\/#breadcrumb","itemListElement":[{"@type":"ListItem","position":1,"name":"Home","item":"https:\/\/behostels.com\/it\/"},{"@type":"ListItem","position":2,"name":"Be Sound Hostel Barcelona: un economico, comodo e originale ostello in citt\u00e0","item":"https:\/\/behostels.com\/it\/sound\/"},{"@type":"ListItem","position":3,"name":"Vi offriamo le migliori strutture in Be Sound Hostel Barcelona"}]},{"@type":"WebSite","@id":"https:\/\/behostels.com\/it\/#website","url":"https:\/\/behostels.com\/it\/","name":"Be Hostels","description":"","publisher":{"@id":"https:\/\/behostels.com\/it\/#organization"},"potentialAction":[{"@type":"SearchAction","target":{"@type":"EntryPoint","urlTemplate":"https:\/\/behostels.com\/it\/?s={search_term_string}"},"query-input":"required name=search_term_string"}],"inLanguage":"it-IT"},{"@type":"Organization","@id":"https:\/\/behostels.com\/it\/#organization","name":"Be Hostels","url":"https:\/\/behostels.com\/it\/","logo":{"@type":"ImageObject","inLanguage":"it-IT","@id":"https:\/\/behostels.com\/it\/#\/schema\/logo\/image\/","url":"https:\/\/behostels.com\/wp-content\/uploads\/2015\/06\/be_reservations_logo.jpg","contentUrl":"https:\/\/behostels.com\/wp-content\/uploads\/2015\/06\/be_reservations_logo.jpg","width":130,"height":130,"caption":"Be Hostels"},"image":{"@id":"https:\/\/behostels.com\/it\/#\/schema\/logo\/image\/"}}]}},"_links":{"self":[{"href":"https:\/\/behostels.com\/it\/wp-json\/wp\/v2\/pages\/178"}],"collection":[{"href":"https:\/\/behostels.com\/it\/wp-json\/wp\/v2\/pages"}],"about":[{"href":"https:\/\/behostels.com\/it\/wp-json\/wp\/v2\/types\/page"}],"author":[{"embeddable":true,"href":"https:\/\/behostels.com\/it\/wp-json\/wp\/v2\/users\/1"}],"replies":[{"embeddable":true,"href":"https:\/\/behostels.com\/it\/wp-json\/wp\/v2\/comments?post=178"}],"version-history":[{"count":0,"href":"https:\/\/behostels.com\/it\/wp-json\/wp\/v2\/pages\/178\/revisions"}],"up":[{"embeddable":true,"href":"https:\/\/behostels.com\/it\/wp-json\/wp\/v2\/pages\/128"}],"wp:attachment":[{"href":"https:\/\/behostels.com\/it\/wp-json\/wp\/v2\/media?parent=178"}],"curies":[{"name":"wp","href":"https:\/\/api.w.org\/{rel}","templated":true}]}}