{"id":11,"date":"2015-06-08T14:41:22","date_gmt":"2015-06-08T14:41:22","guid":{"rendered":"https:\/\/behostels.com\/?page_id=11"},"modified":"2015-07-15T12:54:09","modified_gmt":"2015-07-15T12:54:09","slug":"alloggio-a-barcelona-perche-scegliere-be-hostels","status":"publish","type":"page","link":"https:\/\/behostels.com\/it\/alloggio-a-barcelona-perche-scegliere-be-hostels\/","title":{"rendered":"Alloggio a Barcelona: Perch\u00e9 scegliere Be Hostels"},"content":{"rendered":"<h3><a title=\"Enjoy Barcelona\u2019s best affordable lodging at Be Hostels!\" href=\"https:\/\/behostels.com\/it\/\">Be Hostels<\/a> mantiene lo spirito autentico degli ostelli: \u00e8 un luogo invitante che ti permette di conoscere altri viaggiatori e tornare a casa avendo condiviso diverse esperienze con dei nuovi amici.<\/h3>\r\n\r\n<h2 class=\"fantasy\">Alloggiati presso <a href=\"https:\/\/behostels.com\/it\/\"><strong>Be Hostels<\/strong><\/a> e vivi un&#8217;esperienza di viaggio unica! <strong>Barcelona<\/strong> \u00e8 un sogno senza fine, vivilo presso <a href=\"https:\/\/behostels.com\/it\/\"><strong>Be Hostels<\/strong><\/a>!<\/h2>\r\n\r\n\r\n<div class=\"uk-grid uk-text-left uk-flex-middle\">\r\n\t<div class=\"uk-width-medium-1-3\">\r\n\t\t<div class=\"uk-overlay uk-overlay-hover uk-border-circle\">\r\n\t\t\t<img decoding=\"async\" src=\"\/wp-content\/uploads\/2015\/06\/why-choose-be-hostels1.jpg\" class=\"uk-border-circle uk-overlay-scale\" alt=\"Why choose Be hostels?\">\r\n\t\t<\/div>\r\n\t<\/div>\r\n\t<div class=\"uk-width-medium-2-3\">\r\n\t<p>Incontra viaggiatori provenienti da ogni parte del mondo nelle zone comuni dell\u2019ostello e durante le attivit\u00e0 organizzate. Inoltre, <a href=\"https:\/\/behostels.com\/it\/\"><strong>Be Hostels<\/strong><\/a> offre i pi\u00f9 moderni strumenti tecnologici a disposizione dei viaggiatori: <strong>wireless<\/strong> e computer con <strong>accesso gratuito a internet<\/strong> nelle aree comuni, il migliore sistema gratuito di <strong>prenotazione on line<\/strong> e gli ultimi aggiornamenti sulle attivit\u00e0 culturali della citt\u00e0, tramite il nostro <a href=\"https:\/\/behostels.com\/barcelona-news\/\"><strong>blog<\/strong><\/a>.<\/p>\r\n\r\n<p><strong><a title=\"Enjoy Barcelona\u2019s best affordable lodging at Be Hostels!\" href=\"https:\/\/behostels.com\/it\/\">Be Hostels<\/a><\/strong> non solo garantisce una sistemazione alternativa al miglior prezzo, ti <strong>offre gratuitamente colazione<\/strong>,<strong> tour a piedi<\/strong> <strong>e in bici<\/strong> della citt\u00e0!<\/p>\r\n\r\n<p>Vuoi di pi\u00f9? Alloggiandoti a <strong>Be Hostels<\/strong>, facendo il check-in potrai goderti un bicchiere di vino o di birra e una tapa nel <strong><a href=\"https:\/\/behostels.com\/it\/ristorante-be-hostels-a-barcelona-meson-david\/\">Be Hostel Restaurant<\/a>: Meson David<\/strong>!<\/p>\r\n\r\n\t<\/div>\r\n<\/div>\r\n\r\n\r\n<p><strong>Barcelona<\/strong> \u00e8 una citt\u00e0 molto vivace e alla reception ti suggeriamo i posti migliori da visitare. Ti daremo i migliori consigli per scoprire la nostra meravigliosa citt\u00e0. <a href=\"https:\/\/behostels.com\/it\/\"><strong>Be Hostels<\/strong><\/a> si trova in una posizione insuperabile: <a href=\"https:\/\/behostels.com\/it\/?page_id=67\"><strong>Be Mar Hostel<\/strong><\/a>, <a href=\"https:\/\/behostels.com\/it\/sound\/\"><strong>Be Sound Hostel<\/strong><\/a> e <a href=\"https:\/\/behostels.com\/it\/ramblas\/\"><strong>Be Ramblas Hotel<\/strong><\/a> sono localizzati nel centro di <strong>Barcelona<\/strong> mentre <a href=\"https:\/\/behostels.com\/it\/dream\/\"><strong>Be Dream Hostel<\/strong><\/a> \u00e8 il nostro <a href=\"https:\/\/behostels.com\/it\/dream\/\"><strong>Be Hostel sulla spiaggia<\/strong><\/a>.\r\n\r\n&nbsp;\r\n<div class=\"destacado\"><strong><a title=\"Enjoy Barcelona\u2019s best affordable lodging at Be Hostels!\" href=\"https:\/\/behostels.com\/it\/\">Be Hostels<\/a><\/strong><\/strong> \u00e8 garanzia di <a href=\"https:\/\/behostels.com\/it\/\"><strong>alloggi di qualit\u00e0<\/strong><\/a>, una <strong>posizione invidiabile<\/strong> e <strong>ottimi prezzi<\/strong>! Alloggiati presso <a href=\"https:\/\/behostels.com\/it\/\"><strong>Be Hostels<\/strong><\/a> e vivi una splendida permanenza a <strong>Barcelona<\/strong>!<\/div>\r\n&nbsp;\r\n<span class=\"frase\"><p>Continua a viaggiare, Continua a sorridere!<p><\/span>","protected":false},"excerpt":{"rendered":"<p>Be Hostels mantiene lo spirito autentico degli ostelli: \u00e8 un luogo invitante che ti permette di conoscere altri viaggiatori e tornare a casa avendo condiviso diverse esperienze con dei nuovi amici. Alloggiati presso Be Hostels e vivi un&#8217;esperienza di viaggio unica! Barcelona \u00e8 un sogno senza fine, vivilo presso Be Hostels! Incontra viaggiatori provenienti da [&hellip;]<\/p>\n","protected":false},"author":1,"featured_media":0,"parent":0,"menu_order":0,"comment_status":"closed","ping_status":"closed","template":"","meta":{"footnotes":""},"yoast_head":"<!-- This site is optimized with the Yoast SEO plugin v22.7 - https:\/\/yoast.com\/wordpress\/plugins\/seo\/ -->\n<title>Alloggiarsi a Barcelona: Perch\u00e9 scegliere Be Hostels<\/title>\n<meta name=\"description\" content=\"Le strutture di Be Hostels attraggono i viaggiatori pi\u00f9 alternativi. Barcelona \u00e8 un sogno senza fine, vivilo presso Be Hostels!\" \/>\n<meta name=\"robots\" content=\"index, follow, max-snippet:-1, max-image-preview:large, max-video-preview:-1\" \/>\n<link rel=\"canonical\" href=\"https:\/\/behostels.com\/it\/alloggio-a-barcelona-perche-scegliere-be-hostels\/\" \/>\n<meta property=\"og:locale\" content=\"it_IT\" \/>\n<meta property=\"og:type\" content=\"article\" \/>\n<meta property=\"og:title\" content=\"Alloggiarsi a Barcelona: Perch\u00e9 scegliere Be Hostels\" \/>\n<meta property=\"og:description\" content=\"Le strutture di Be Hostels attraggono i viaggiatori pi\u00f9 alternativi. Barcelona \u00e8 un sogno senza fine, vivilo presso Be Hostels!\" \/>\n<meta property=\"og:url\" content=\"https:\/\/behostels.com\/it\/alloggio-a-barcelona-perche-scegliere-be-hostels\/\" \/>\n<meta property=\"og:site_name\" content=\"Be Hostels\" \/>\n<meta property=\"article:modified_time\" content=\"2015-07-15T12:54:09+00:00\" \/>\n<meta property=\"og:image\" content=\"https:\/\/behostels.com\/wp-content\/uploads\/2015\/06\/why-choose-be-hostels1.jpg\" \/>\n<meta name=\"twitter:card\" content=\"summary_large_image\" \/>\n<meta name=\"twitter:label1\" content=\"Tempo di lettura stimato\" \/>\n\t<meta name=\"twitter:data1\" content=\"1 minuto\" \/>\n<script type=\"application\/ld+json\" class=\"yoast-schema-graph\">{\"@context\":\"https:\/\/schema.org\",\"@graph\":[{\"@type\":\"WebPage\",\"@id\":\"https:\/\/behostels.com\/it\/alloggio-a-barcelona-perche-scegliere-be-hostels\/\",\"url\":\"https:\/\/behostels.com\/it\/alloggio-a-barcelona-perche-scegliere-be-hostels\/\",\"name\":\"Alloggiarsi a Barcelona: Perch\u00e9 scegliere Be Hostels\",\"isPartOf\":{\"@id\":\"https:\/\/behostels.com\/it\/#website\"},\"datePublished\":\"2015-06-08T14:41:22+00:00\",\"dateModified\":\"2015-07-15T12:54:09+00:00\",\"description\":\"Le strutture di Be Hostels attraggono i viaggiatori pi\u00f9 alternativi. Barcelona \u00e8 un sogno senza fine, vivilo presso Be Hostels!\",\"breadcrumb\":{\"@id\":\"https:\/\/behostels.com\/it\/alloggio-a-barcelona-perche-scegliere-be-hostels\/#breadcrumb\"},\"inLanguage\":\"it-IT\",\"potentialAction\":[{\"@type\":\"ReadAction\",\"target\":[\"https:\/\/behostels.com\/it\/alloggio-a-barcelona-perche-scegliere-be-hostels\/\"]}]},{\"@type\":\"BreadcrumbList\",\"@id\":\"https:\/\/behostels.com\/it\/alloggio-a-barcelona-perche-scegliere-be-hostels\/#breadcrumb\",\"itemListElement\":[{\"@type\":\"ListItem\",\"position\":1,\"name\":\"Home\",\"item\":\"https:\/\/behostels.com\/it\/\"},{\"@type\":\"ListItem\",\"position\":2,\"name\":\"Alloggio a Barcelona: Perch\u00e9 scegliere Be Hostels\"}]},{\"@type\":\"WebSite\",\"@id\":\"https:\/\/behostels.com\/it\/#website\",\"url\":\"https:\/\/behostels.com\/it\/\",\"name\":\"Be Hostels\",\"description\":\"\",\"publisher\":{\"@id\":\"https:\/\/behostels.com\/it\/#organization\"},\"potentialAction\":[{\"@type\":\"SearchAction\",\"target\":{\"@type\":\"EntryPoint\",\"urlTemplate\":\"https:\/\/behostels.com\/it\/?s={search_term_string}\"},\"query-input\":\"required name=search_term_string\"}],\"inLanguage\":\"it-IT\"},{\"@type\":\"Organization\",\"@id\":\"https:\/\/behostels.com\/it\/#organization\",\"name\":\"Be Hostels\",\"url\":\"https:\/\/behostels.com\/it\/\",\"logo\":{\"@type\":\"ImageObject\",\"inLanguage\":\"it-IT\",\"@id\":\"https:\/\/behostels.com\/it\/#\/schema\/logo\/image\/\",\"url\":\"https:\/\/behostels.com\/wp-content\/uploads\/2015\/06\/be_reservations_logo.jpg\",\"contentUrl\":\"https:\/\/behostels.com\/wp-content\/uploads\/2015\/06\/be_reservations_logo.jpg\",\"width\":130,\"height\":130,\"caption\":\"Be Hostels\"},\"image\":{\"@id\":\"https:\/\/behostels.com\/it\/#\/schema\/logo\/image\/\"}}]}<\/script>\n<!-- \/ Yoast SEO plugin. -->","yoast_head_json":{"title":"Alloggiarsi a Barcelona: Perch\u00e9 scegliere Be Hostels","description":"Le strutture di Be Hostels attraggono i viaggiatori pi\u00f9 alternativi. Barcelona \u00e8 un sogno senza fine, vivilo presso Be Hostels!","robots":{"index":"index","follow":"follow","max-snippet":"max-snippet:-1","max-image-preview":"max-image-preview:large","max-video-preview":"max-video-preview:-1"},"canonical":"https:\/\/behostels.com\/it\/alloggio-a-barcelona-perche-scegliere-be-hostels\/","og_locale":"it_IT","og_type":"article","og_title":"Alloggiarsi a Barcelona: Perch\u00e9 scegliere Be Hostels","og_description":"Le strutture di Be Hostels attraggono i viaggiatori pi\u00f9 alternativi. Barcelona \u00e8 un sogno senza fine, vivilo presso Be Hostels!","og_url":"https:\/\/behostels.com\/it\/alloggio-a-barcelona-perche-scegliere-be-hostels\/","og_site_name":"Be Hostels","article_modified_time":"2015-07-15T12:54:09+00:00","og_image":[{"url":"https:\/\/behostels.com\/wp-content\/uploads\/2015\/06\/why-choose-be-hostels1.jpg"}],"twitter_card":"summary_large_image","twitter_misc":{"Tempo di lettura stimato":"1 minuto"},"schema":{"@context":"https:\/\/schema.org","@graph":[{"@type":"WebPage","@id":"https:\/\/behostels.com\/it\/alloggio-a-barcelona-perche-scegliere-be-hostels\/","url":"https:\/\/behostels.com\/it\/alloggio-a-barcelona-perche-scegliere-be-hostels\/","name":"Alloggiarsi a Barcelona: Perch\u00e9 scegliere Be Hostels","isPartOf":{"@id":"https:\/\/behostels.com\/it\/#website"},"datePublished":"2015-06-08T14:41:22+00:00","dateModified":"2015-07-15T12:54:09+00:00","description":"Le strutture di Be Hostels attraggono i viaggiatori pi\u00f9 alternativi. Barcelona \u00e8 un sogno senza fine, vivilo presso Be Hostels!","breadcrumb":{"@id":"https:\/\/behostels.com\/it\/alloggio-a-barcelona-perche-scegliere-be-hostels\/#breadcrumb"},"inLanguage":"it-IT","potentialAction":[{"@type":"ReadAction","target":["https:\/\/behostels.com\/it\/alloggio-a-barcelona-perche-scegliere-be-hostels\/"]}]},{"@type":"BreadcrumbList","@id":"https:\/\/behostels.com\/it\/alloggio-a-barcelona-perche-scegliere-be-hostels\/#breadcrumb","itemListElement":[{"@type":"ListItem","position":1,"name":"Home","item":"https:\/\/behostels.com\/it\/"},{"@type":"ListItem","position":2,"name":"Alloggio a Barcelona: Perch\u00e9 scegliere Be Hostels"}]},{"@type":"WebSite","@id":"https:\/\/behostels.com\/it\/#website","url":"https:\/\/behostels.com\/it\/","name":"Be Hostels","description":"","publisher":{"@id":"https:\/\/behostels.com\/it\/#organization"},"potentialAction":[{"@type":"SearchAction","target":{"@type":"EntryPoint","urlTemplate":"https:\/\/behostels.com\/it\/?s={search_term_string}"},"query-input":"required name=search_term_string"}],"inLanguage":"it-IT"},{"@type":"Organization","@id":"https:\/\/behostels.com\/it\/#organization","name":"Be Hostels","url":"https:\/\/behostels.com\/it\/","logo":{"@type":"ImageObject","inLanguage":"it-IT","@id":"https:\/\/behostels.com\/it\/#\/schema\/logo\/image\/","url":"https:\/\/behostels.com\/wp-content\/uploads\/2015\/06\/be_reservations_logo.jpg","contentUrl":"https:\/\/behostels.com\/wp-content\/uploads\/2015\/06\/be_reservations_logo.jpg","width":130,"height":130,"caption":"Be Hostels"},"image":{"@id":"https:\/\/behostels.com\/it\/#\/schema\/logo\/image\/"}}]}},"_links":{"self":[{"href":"https:\/\/behostels.com\/it\/wp-json\/wp\/v2\/pages\/11"}],"collection":[{"href":"https:\/\/behostels.com\/it\/wp-json\/wp\/v2\/pages"}],"about":[{"href":"https:\/\/behostels.com\/it\/wp-json\/wp\/v2\/types\/page"}],"author":[{"embeddable":true,"href":"https:\/\/behostels.com\/it\/wp-json\/wp\/v2\/users\/1"}],"replies":[{"embeddable":true,"href":"https:\/\/behostels.com\/it\/wp-json\/wp\/v2\/comments?post=11"}],"version-history":[{"count":0,"href":"https:\/\/behostels.com\/it\/wp-json\/wp\/v2\/pages\/11\/revisions"}],"wp:attachment":[{"href":"https:\/\/behostels.com\/it\/wp-json\/wp\/v2\/media?parent=11"}],"curies":[{"name":"wp","href":"https:\/\/api.w.org\/{rel}","templated":true}]}}