{"id":995,"date":"2015-06-22T15:59:54","date_gmt":"2015-06-22T15:59:54","guid":{"rendered":"https:\/\/behostels.com\/?page_id=995"},"modified":"2015-07-21T11:39:06","modified_gmt":"2015-07-21T11:39:06","slug":"free-walking-tour","status":"publish","type":"page","link":"https:\/\/behostels.com\/fr\/free-walking-tour\/","title":{"rendered":"Tour au centre de Barcelone Gratuit!"},"content":{"rendered":"<div class=\"uk-grid uk-text-left uk-flex-middle\">\r\n<div class=\"uk-width-medium-1-3\">\r\n<div class=\"uk-overlay uk-overlay-hover uk-border-circle\">\r\n\t\t\t<img loading=\"lazy\" decoding=\"async\" src=\"https:\/\/behostels.com\/wp-content\/uploads\/2015\/07\/be-apartments-barcelona-next-ramblas.jpg\" alt=\"Be Apartments Barcelona next Las Ramblas\" width=\"600\" height=\"600\" class=\"uk-border-circle uk-overlay-scale\" \/>\r\n\t\t<\/div>\r\n<\/div>\r\n<div class=\"uk-width-medium-2-3\">\r\n<h2><a href=\"https:\/\/behostels.com\/free-walking-tour-barcelona-with-be-hostels\/\" title=\"Hostels Barcelona | Free walking tour around Barcelona offered at check-in at Be Hostels\">Tour au centre de Barcelone Gratuit!<\/a><\/h2>\r\n<p>Lorsque vous entrez dans un de nos <strong>auberges \u00e0 Barcelone<\/strong>, nous vous offrons un <strong>tour<\/strong> \u00e0 pied \u00e0 travers le <strong>centre de Barcelone<\/strong>. D\u00e9couvrez les coins les plus fascinants du <strong>quartier gothique<\/strong> de <strong>Barcelone<\/strong> et de son histoire gr\u00e2ce \u00e0 nos guides.\r\n<\/p><\/div>\r\n","protected":false},"excerpt":{"rendered":"<p>Tour au centre de Barcelone Gratuit! Lorsque vous entrez dans un de nos auberges \u00e0 Barcelone, nous vous offrons un tour \u00e0 pied \u00e0 travers le centre de Barcelone. D\u00e9couvrez les coins les plus fascinants du quartier gothique de Barcelone et de son histoire gr\u00e2ce \u00e0 nos guides.<\/p>\n","protected":false},"author":1,"featured_media":0,"parent":0,"menu_order":0,"comment_status":"closed","ping_status":"closed","template":"","meta":{"footnotes":""},"yoast_head":"<!-- This site is optimized with the Yoast SEO plugin v22.7 - https:\/\/yoast.com\/wordpress\/plugins\/seo\/ -->\n<title>Free walking tour<\/title>\n<meta name=\"description\" content=\"Free walking tour\" \/>\n<meta name=\"robots\" content=\"index, follow, max-snippet:-1, max-image-preview:large, max-video-preview:-1\" \/>\n<link rel=\"canonical\" href=\"https:\/\/behostels.com\/fr\/free-walking-tour\/\" \/>\n<meta property=\"og:locale\" content=\"fr_FR\" \/>\n<meta property=\"og:type\" content=\"article\" \/>\n<meta property=\"og:title\" content=\"Free walking tour\" \/>\n<meta property=\"og:description\" content=\"Free walking tour\" \/>\n<meta property=\"og:url\" content=\"https:\/\/behostels.com\/fr\/free-walking-tour\/\" \/>\n<meta property=\"og:site_name\" content=\"Be Hostels\" \/>\n<meta property=\"article:modified_time\" content=\"2015-07-21T11:39:06+00:00\" \/>\n<meta property=\"og:image\" content=\"https:\/\/behostels.com\/wp-content\/uploads\/2015\/07\/be-apartments-barcelona-next-ramblas.jpg\" \/>\n<meta name=\"twitter:card\" content=\"summary_large_image\" \/>\n<script type=\"application\/ld+json\" class=\"yoast-schema-graph\">{\"@context\":\"https:\/\/schema.org\",\"@graph\":[{\"@type\":\"WebPage\",\"@id\":\"https:\/\/behostels.com\/fr\/free-walking-tour\/\",\"url\":\"https:\/\/behostels.com\/fr\/free-walking-tour\/\",\"name\":\"Free walking tour\",\"isPartOf\":{\"@id\":\"https:\/\/behostels.com\/fr\/#website\"},\"primaryImageOfPage\":{\"@id\":\"https:\/\/behostels.com\/fr\/free-walking-tour\/#primaryimage\"},\"image\":{\"@id\":\"https:\/\/behostels.com\/fr\/free-walking-tour\/#primaryimage\"},\"thumbnailUrl\":\"https:\/\/behostels.com\/wp-content\/uploads\/2015\/07\/be-apartments-barcelona-next-ramblas.jpg\",\"datePublished\":\"2015-06-22T15:59:54+00:00\",\"dateModified\":\"2015-07-21T11:39:06+00:00\",\"description\":\"Free walking tour\",\"breadcrumb\":{\"@id\":\"https:\/\/behostels.com\/fr\/free-walking-tour\/#breadcrumb\"},\"inLanguage\":\"fr-FR\",\"potentialAction\":[{\"@type\":\"ReadAction\",\"target\":[\"https:\/\/behostels.com\/fr\/free-walking-tour\/\"]}]},{\"@type\":\"ImageObject\",\"inLanguage\":\"fr-FR\",\"@id\":\"https:\/\/behostels.com\/fr\/free-walking-tour\/#primaryimage\",\"url\":\"https:\/\/behostels.com\/wp-content\/uploads\/2015\/07\/be-apartments-barcelona-next-ramblas.jpg\",\"contentUrl\":\"https:\/\/behostels.com\/wp-content\/uploads\/2015\/07\/be-apartments-barcelona-next-ramblas.jpg\"},{\"@type\":\"BreadcrumbList\",\"@id\":\"https:\/\/behostels.com\/fr\/free-walking-tour\/#breadcrumb\",\"itemListElement\":[{\"@type\":\"ListItem\",\"position\":1,\"name\":\"Home\",\"item\":\"https:\/\/behostels.com\/fr\/\"},{\"@type\":\"ListItem\",\"position\":2,\"name\":\"Tour au centre de Barcelone Gratuit!\"}]},{\"@type\":\"WebSite\",\"@id\":\"https:\/\/behostels.com\/fr\/#website\",\"url\":\"https:\/\/behostels.com\/fr\/\",\"name\":\"Be Hostels\",\"description\":\"\",\"publisher\":{\"@id\":\"https:\/\/behostels.com\/fr\/#organization\"},\"potentialAction\":[{\"@type\":\"SearchAction\",\"target\":{\"@type\":\"EntryPoint\",\"urlTemplate\":\"https:\/\/behostels.com\/fr\/?s={search_term_string}\"},\"query-input\":\"required name=search_term_string\"}],\"inLanguage\":\"fr-FR\"},{\"@type\":\"Organization\",\"@id\":\"https:\/\/behostels.com\/fr\/#organization\",\"name\":\"Be Hostels\",\"url\":\"https:\/\/behostels.com\/fr\/\",\"logo\":{\"@type\":\"ImageObject\",\"inLanguage\":\"fr-FR\",\"@id\":\"https:\/\/behostels.com\/fr\/#\/schema\/logo\/image\/\",\"url\":\"https:\/\/behostels.com\/wp-content\/uploads\/2015\/06\/be_reservations_logo.jpg\",\"contentUrl\":\"https:\/\/behostels.com\/wp-content\/uploads\/2015\/06\/be_reservations_logo.jpg\",\"width\":130,\"height\":130,\"caption\":\"Be Hostels\"},\"image\":{\"@id\":\"https:\/\/behostels.com\/fr\/#\/schema\/logo\/image\/\"}}]}<\/script>\n<!-- \/ Yoast SEO plugin. -->","yoast_head_json":{"title":"Free walking tour","description":"Free walking tour","robots":{"index":"index","follow":"follow","max-snippet":"max-snippet:-1","max-image-preview":"max-image-preview:large","max-video-preview":"max-video-preview:-1"},"canonical":"https:\/\/behostels.com\/fr\/free-walking-tour\/","og_locale":"fr_FR","og_type":"article","og_title":"Free walking tour","og_description":"Free walking tour","og_url":"https:\/\/behostels.com\/fr\/free-walking-tour\/","og_site_name":"Be Hostels","article_modified_time":"2015-07-21T11:39:06+00:00","og_image":[{"url":"https:\/\/behostels.com\/wp-content\/uploads\/2015\/07\/be-apartments-barcelona-next-ramblas.jpg"}],"twitter_card":"summary_large_image","schema":{"@context":"https:\/\/schema.org","@graph":[{"@type":"WebPage","@id":"https:\/\/behostels.com\/fr\/free-walking-tour\/","url":"https:\/\/behostels.com\/fr\/free-walking-tour\/","name":"Free walking tour","isPartOf":{"@id":"https:\/\/behostels.com\/fr\/#website"},"primaryImageOfPage":{"@id":"https:\/\/behostels.com\/fr\/free-walking-tour\/#primaryimage"},"image":{"@id":"https:\/\/behostels.com\/fr\/free-walking-tour\/#primaryimage"},"thumbnailUrl":"https:\/\/behostels.com\/wp-content\/uploads\/2015\/07\/be-apartments-barcelona-next-ramblas.jpg","datePublished":"2015-06-22T15:59:54+00:00","dateModified":"2015-07-21T11:39:06+00:00","description":"Free walking tour","breadcrumb":{"@id":"https:\/\/behostels.com\/fr\/free-walking-tour\/#breadcrumb"},"inLanguage":"fr-FR","potentialAction":[{"@type":"ReadAction","target":["https:\/\/behostels.com\/fr\/free-walking-tour\/"]}]},{"@type":"ImageObject","inLanguage":"fr-FR","@id":"https:\/\/behostels.com\/fr\/free-walking-tour\/#primaryimage","url":"https:\/\/behostels.com\/wp-content\/uploads\/2015\/07\/be-apartments-barcelona-next-ramblas.jpg","contentUrl":"https:\/\/behostels.com\/wp-content\/uploads\/2015\/07\/be-apartments-barcelona-next-ramblas.jpg"},{"@type":"BreadcrumbList","@id":"https:\/\/behostels.com\/fr\/free-walking-tour\/#breadcrumb","itemListElement":[{"@type":"ListItem","position":1,"name":"Home","item":"https:\/\/behostels.com\/fr\/"},{"@type":"ListItem","position":2,"name":"Tour au centre de Barcelone Gratuit!"}]},{"@type":"WebSite","@id":"https:\/\/behostels.com\/fr\/#website","url":"https:\/\/behostels.com\/fr\/","name":"Be Hostels","description":"","publisher":{"@id":"https:\/\/behostels.com\/fr\/#organization"},"potentialAction":[{"@type":"SearchAction","target":{"@type":"EntryPoint","urlTemplate":"https:\/\/behostels.com\/fr\/?s={search_term_string}"},"query-input":"required name=search_term_string"}],"inLanguage":"fr-FR"},{"@type":"Organization","@id":"https:\/\/behostels.com\/fr\/#organization","name":"Be Hostels","url":"https:\/\/behostels.com\/fr\/","logo":{"@type":"ImageObject","inLanguage":"fr-FR","@id":"https:\/\/behostels.com\/fr\/#\/schema\/logo\/image\/","url":"https:\/\/behostels.com\/wp-content\/uploads\/2015\/06\/be_reservations_logo.jpg","contentUrl":"https:\/\/behostels.com\/wp-content\/uploads\/2015\/06\/be_reservations_logo.jpg","width":130,"height":130,"caption":"Be Hostels"},"image":{"@id":"https:\/\/behostels.com\/fr\/#\/schema\/logo\/image\/"}}]}},"_links":{"self":[{"href":"https:\/\/behostels.com\/fr\/wp-json\/wp\/v2\/pages\/995"}],"collection":[{"href":"https:\/\/behostels.com\/fr\/wp-json\/wp\/v2\/pages"}],"about":[{"href":"https:\/\/behostels.com\/fr\/wp-json\/wp\/v2\/types\/page"}],"author":[{"embeddable":true,"href":"https:\/\/behostels.com\/fr\/wp-json\/wp\/v2\/users\/1"}],"replies":[{"embeddable":true,"href":"https:\/\/behostels.com\/fr\/wp-json\/wp\/v2\/comments?post=995"}],"version-history":[{"count":0,"href":"https:\/\/behostels.com\/fr\/wp-json\/wp\/v2\/pages\/995\/revisions"}],"wp:attachment":[{"href":"https:\/\/behostels.com\/fr\/wp-json\/wp\/v2\/media?parent=995"}],"curies":[{"name":"wp","href":"https:\/\/api.w.org\/{rel}","templated":true}]}}