{"id":980,"date":"2015-06-22T15:42:04","date_gmt":"2015-06-22T15:42:04","guid":{"rendered":"https:\/\/behostels.com\/?page_id=980"},"modified":"2015-11-30T11:44:26","modified_gmt":"2015-11-30T11:44:26","slug":"free-drink-and-tapa","status":"publish","type":"page","link":"https:\/\/behostels.com\/fr\/free-drink-and-tapa\/","title":{"rendered":"Boisson gratuite et Tapa"},"content":{"rendered":"<div class=\"uk-grid uk-text-left uk-flex-middle\">\r\n\t<div class=\"uk-width-medium-1-3\">\r\n\t\t<div class=\"uk-overlay uk-overlay-hover uk-border-circle\">\r\n\t\t\r\n\t\t\t<img loading=\"lazy\" decoding=\"async\" src=\"https:\/\/behostels.com\/wp-content\/uploads\/2015\/07\/free-drink.jpg\" alt=\"Free drink and tapa with check in\" width=\"600\" height=\"600\" class=\"uk-border-circle uk-overlay-scale\" \/>\r\n\t\t<\/div>\r\n\t<\/div>\r\n\t<div class=\"uk-width-medium-2-3\">\r\n<h2>Boisson + Tapa gratuite<\/h2>\r\n<p>Lorsque vous arrivez \u00e0 <strong>Be Hostels<\/strong> on vous <strong>offre<\/strong> une <strong>boisson gratuite<\/strong> et une <strong>tapa<\/strong> au <strong>Mes\u00f3n David<\/strong>. Suit la <strong>tradition espagnole<\/strong> et essayez les <strong>sp\u00e9cialit\u00e9s culinaires<\/strong> locales de <strong>Barcelone<\/strong>.<p>\r\n\t<\/div>\r\n<\/div>\r\n<h3>Nous sommes heureux de vous aider \u00e0 profiter de votre voyage \u00e0 Barcelone<\/h3>\r\n\r\n<p>Nous sommes heureux de vous aider \u00e0 profiter de votre voyage \u00e0 <strong>Barcelone<\/strong>. Alors, comme bienvenue, nous vous donnons une <strong>offre<\/strong> app\u00e9tissante compl\u00eatement gratuite dans l\u00b4embl\u00e9matique <strong>restaurant Mes\u00f3n David<\/strong>. De m\u00eame, nous vous encourageons \u00e0 poser pour toute <strong>offre<\/strong> que nous avons \u00e0 l&rsquo;heure de votre visite.<\/p>\r\n\n\n<div id=\"wk-grid156\" class=\"uk-grid-width-1-1 uk-grid-width-small-1-2 uk-grid-width-medium-1-5 uk-grid uk-grid-match uk-grid-collapse \" data-uk-grid-match=\"{target:'> div > .uk-panel', row:true}\" data-uk-grid-margin  data-uk-scrollspy=\"{cls:'uk-animation-fade uk-invisible', target:'> div > .uk-panel', delay:300}\">\n\n    \n    <div>\n    \n<div class=\"uk-panel uk-invisible\">\n\n    <div class=\"uk-panel-teaser\">\n\n        <figure class=\"uk-overlay uk-overlay-hover \">\n\n            <img loading=\"lazy\" decoding=\"async\" src=\"\/wp-content\/plugins\/widgetkit\/cache\/Meson-david-02-f8cdfe406ec17c2e724c5fa939a4b9f5.jpg\" class=\"uk-overlay-scale\" alt=\"Meson-david-\" width=\"317\" height=\"211\">\n            \n                        <div class=\"uk-overlay-panel uk-overlay-background uk-overlay-fade\"><\/div>\n            \n                            <div class=\"uk-overlay-panel uk-overlay-icon uk-overlay-fade\"><\/div>\n            \n                                                                        <a class=\"uk-position-cover\" href=\"\/wp-content\/uploads\/meson-david-gallery\/Meson-david-02.jpg\" data-lightbox-type=\"image\" data-uk-lightbox=\"{group:'.wk-1156'}\" ><\/a>\n                                                \n        <\/figure>\n\n    <\/div>\n\n    \n        \n        \n    \n<\/div>\n    <\/div>\n\n        \n    <div>\n    \n<div class=\"uk-panel uk-invisible\">\n\n    <div class=\"uk-panel-teaser\">\n\n        <figure class=\"uk-overlay uk-overlay-hover \">\n\n            <img loading=\"lazy\" decoding=\"async\" src=\"\/wp-content\/plugins\/widgetkit\/cache\/Meson-david-03-d52862420b355c91cd498ed4e7d06914.jpg\" class=\"uk-overlay-scale\" alt=\"Meson-david-\" width=\"317\" height=\"211\">\n            \n                        <div class=\"uk-overlay-panel uk-overlay-background uk-overlay-fade\"><\/div>\n            \n                            <div class=\"uk-overlay-panel uk-overlay-icon uk-overlay-fade\"><\/div>\n            \n                                                                        <a class=\"uk-position-cover\" href=\"\/wp-content\/uploads\/meson-david-gallery\/Meson-david-03.jpg\" data-lightbox-type=\"image\" data-uk-lightbox=\"{group:'.wk-1156'}\" ><\/a>\n                                                \n        <\/figure>\n\n    <\/div>\n\n    \n        \n        \n    \n<\/div>\n    <\/div>\n\n        \n    <div>\n    \n<div class=\"uk-panel uk-invisible\">\n\n    <div class=\"uk-panel-teaser\">\n\n        <figure class=\"uk-overlay uk-overlay-hover \">\n\n            <img loading=\"lazy\" decoding=\"async\" src=\"\/wp-content\/plugins\/widgetkit\/cache\/Meson-david-05-c1944957eba91bc9cf29d2c65f006e57.jpg\" class=\"uk-overlay-scale\" alt=\"Meson-david-\" width=\"317\" height=\"211\">\n            \n                        <div class=\"uk-overlay-panel uk-overlay-background uk-overlay-fade\"><\/div>\n            \n                            <div class=\"uk-overlay-panel uk-overlay-icon uk-overlay-fade\"><\/div>\n            \n                                                                        <a class=\"uk-position-cover\" href=\"\/wp-content\/uploads\/meson-david-gallery\/Meson-david-05.jpg\" data-lightbox-type=\"image\" data-uk-lightbox=\"{group:'.wk-1156'}\" ><\/a>\n                                                \n        <\/figure>\n\n    <\/div>\n\n    \n        \n        \n    \n<\/div>\n    <\/div>\n\n        \n    <div>\n    \n<div class=\"uk-panel uk-invisible\">\n\n    <div class=\"uk-panel-teaser\">\n\n        <figure class=\"uk-overlay uk-overlay-hover \">\n\n            <img loading=\"lazy\" decoding=\"async\" src=\"\/wp-content\/plugins\/widgetkit\/cache\/Meson-david-06-5e2b715ee28532170e4ba81dcf827f17.jpg\" class=\"uk-overlay-scale\" alt=\"Meson-david-\" width=\"317\" height=\"211\">\n            \n                        <div class=\"uk-overlay-panel uk-overlay-background uk-overlay-fade\"><\/div>\n            \n                            <div class=\"uk-overlay-panel uk-overlay-icon uk-overlay-fade\"><\/div>\n            \n                                                                        <a class=\"uk-position-cover\" href=\"\/wp-content\/uploads\/meson-david-gallery\/Meson-david-06.jpg\" data-lightbox-type=\"image\" data-uk-lightbox=\"{group:'.wk-1156'}\" ><\/a>\n                                                \n        <\/figure>\n\n    <\/div>\n\n    \n        \n        \n    \n<\/div>\n    <\/div>\n\n        \n    <div>\n    \n<div class=\"uk-panel uk-invisible\">\n\n    <div class=\"uk-panel-teaser\">\n\n        <figure class=\"uk-overlay uk-overlay-hover \">\n\n            <img loading=\"lazy\" decoding=\"async\" src=\"\/wp-content\/plugins\/widgetkit\/cache\/Meson-david-07-6fd2aff04bed30a40a677e234572adc7.jpg\" class=\"uk-overlay-scale\" alt=\"Meson-david-\" width=\"317\" height=\"211\">\n            \n                        <div class=\"uk-overlay-panel uk-overlay-background uk-overlay-fade\"><\/div>\n            \n                            <div class=\"uk-overlay-panel uk-overlay-icon uk-overlay-fade\"><\/div>\n            \n                                                                        <a class=\"uk-position-cover\" href=\"\/wp-content\/uploads\/meson-david-gallery\/Meson-david-07.jpg\" data-lightbox-type=\"image\" data-uk-lightbox=\"{group:'.wk-1156'}\" ><\/a>\n                                                \n        <\/figure>\n\n    <\/div>\n\n    \n        \n        \n    \n<\/div>\n    <\/div>\n\n        \n    <div>\n    \n<div class=\"uk-panel uk-invisible\">\n\n    <div class=\"uk-panel-teaser\">\n\n        <figure class=\"uk-overlay uk-overlay-hover \">\n\n            <img loading=\"lazy\" decoding=\"async\" src=\"\/wp-content\/plugins\/widgetkit\/cache\/Meson-david-08-db6cdd24fae07132a4f00dd99b0f4056.jpg\" class=\"uk-overlay-scale\" alt=\"Meson-david-\" width=\"317\" height=\"211\">\n            \n                        <div class=\"uk-overlay-panel uk-overlay-background uk-overlay-fade\"><\/div>\n            \n                            <div class=\"uk-overlay-panel uk-overlay-icon uk-overlay-fade\"><\/div>\n            \n                                                                        <a class=\"uk-position-cover\" href=\"\/wp-content\/uploads\/meson-david-gallery\/Meson-david-08.jpg\" data-lightbox-type=\"image\" data-uk-lightbox=\"{group:'.wk-1156'}\" ><\/a>\n                                                \n        <\/figure>\n\n    <\/div>\n\n    \n        \n        \n    \n<\/div>\n    <\/div>\n\n        \n    <div>\n    \n<div class=\"uk-panel uk-invisible\">\n\n    <div class=\"uk-panel-teaser\">\n\n        <figure class=\"uk-overlay uk-overlay-hover \">\n\n            <img loading=\"lazy\" decoding=\"async\" src=\"\/wp-content\/plugins\/widgetkit\/cache\/Meson-david-09-4621b1a980c3649c3176aef12ea47227.jpg\" class=\"uk-overlay-scale\" alt=\"Meson-david-\" width=\"317\" height=\"211\">\n            \n                        <div class=\"uk-overlay-panel uk-overlay-background uk-overlay-fade\"><\/div>\n            \n                            <div class=\"uk-overlay-panel uk-overlay-icon uk-overlay-fade\"><\/div>\n            \n                                                                        <a class=\"uk-position-cover\" href=\"\/wp-content\/uploads\/meson-david-gallery\/Meson-david-09.jpg\" data-lightbox-type=\"image\" data-uk-lightbox=\"{group:'.wk-1156'}\" ><\/a>\n                                                \n        <\/figure>\n\n    <\/div>\n\n    \n        \n        \n    \n<\/div>\n    <\/div>\n\n        \n    <div>\n    \n<div class=\"uk-panel uk-invisible\">\n\n    <div class=\"uk-panel-teaser\">\n\n        <figure class=\"uk-overlay uk-overlay-hover \">\n\n            <img loading=\"lazy\" decoding=\"async\" src=\"\/wp-content\/plugins\/widgetkit\/cache\/Meson-david-10-3bf6c3251100088f301c1f055be26275.jpg\" class=\"uk-overlay-scale\" alt=\"Meson-david-\" width=\"317\" height=\"211\">\n            \n                        <div class=\"uk-overlay-panel uk-overlay-background uk-overlay-fade\"><\/div>\n            \n                            <div class=\"uk-overlay-panel uk-overlay-icon uk-overlay-fade\"><\/div>\n            \n                                                                        <a class=\"uk-position-cover\" href=\"\/wp-content\/uploads\/meson-david-gallery\/Meson-david-10.jpg\" data-lightbox-type=\"image\" data-uk-lightbox=\"{group:'.wk-1156'}\" ><\/a>\n                                                \n        <\/figure>\n\n    <\/div>\n\n    \n        \n        \n    \n<\/div>\n    <\/div>\n\n        \n    <div>\n    \n<div class=\"uk-panel uk-invisible\">\n\n    <div class=\"uk-panel-teaser\">\n\n        <figure class=\"uk-overlay uk-overlay-hover \">\n\n            <img loading=\"lazy\" decoding=\"async\" src=\"\/wp-content\/plugins\/widgetkit\/cache\/Meson-david-11-a9c3b130f76412112c704019927c6708.jpg\" class=\"uk-overlay-scale\" alt=\"Meson-david-\" width=\"317\" height=\"211\">\n            \n                        <div class=\"uk-overlay-panel uk-overlay-background uk-overlay-fade\"><\/div>\n            \n                            <div class=\"uk-overlay-panel uk-overlay-icon uk-overlay-fade\"><\/div>\n            \n                                                                        <a class=\"uk-position-cover\" href=\"\/wp-content\/uploads\/meson-david-gallery\/Meson-david-11.jpg\" data-lightbox-type=\"image\" data-uk-lightbox=\"{group:'.wk-1156'}\" ><\/a>\n                                                \n        <\/figure>\n\n    <\/div>\n\n    \n        \n        \n    \n<\/div>\n    <\/div>\n\n        \n    <div>\n    \n<div class=\"uk-panel uk-invisible\">\n\n    <div class=\"uk-panel-teaser\">\n\n        <figure class=\"uk-overlay uk-overlay-hover \">\n\n            <img loading=\"lazy\" decoding=\"async\" src=\"\/wp-content\/plugins\/widgetkit\/cache\/Meson-david-12-6bb5254aa90f345851a671c110bf1a69.jpg\" class=\"uk-overlay-scale\" alt=\"Meson-david-\" width=\"317\" height=\"211\">\n            \n                        <div class=\"uk-overlay-panel uk-overlay-background uk-overlay-fade\"><\/div>\n            \n                            <div class=\"uk-overlay-panel uk-overlay-icon uk-overlay-fade\"><\/div>\n            \n                                                                        <a class=\"uk-position-cover\" href=\"\/wp-content\/uploads\/meson-david-gallery\/Meson-david-12.jpg\" data-lightbox-type=\"image\" data-uk-lightbox=\"{group:'.wk-1156'}\" ><\/a>\n                                                \n        <\/figure>\n\n    <\/div>\n\n    \n        \n        \n    \n<\/div>\n    <\/div>\n\n    \n<\/div>\n\n\n<script>\n(function($){\n\n    \/\/ get the images of the gallery and replace it by a canvas of the same size to fix the problem with overlapping images on load.\n    $('img[width][height]:not(.uk-overlay-panel)', $('#wk-grid156')).each(function() {\n\n        var $img = $(this);\n\n        if (this.width == 'auto' || this.height == 'auto' || !$img.is(':visible')) {\n            return;\n        }\n\n        var $canvas = $('<canvas class=\"uk-responsive-width\"><\/canvas>').attr({width:$img.attr('width'), height:$img.attr('height')}),\n            img = new Image,\n            release = function() {\n                $canvas.remove();\n                $img.css('display', '');\n                release = function(){};\n            };\n\n        $img.css('display', 'none').after($canvas);\n\n        $(img).on('load', function(){ release(); });\n        setTimeout(function(){ release(); }, 1000);\n\n        img.src = this.src;\n\n    });\n\n})(jQuery);\n<\/script>\n","protected":false},"excerpt":{"rendered":"<p>Boisson + Tapa gratuite Lorsque vous arrivez \u00e0 Be Hostels on vous offre une boisson gratuite et une tapa au Mes\u00f3n David. Suit la tradition espagnole et essayez les sp\u00e9cialit\u00e9s culinaires locales de Barcelone. Nous sommes heureux de vous aider \u00e0 profiter de votre voyage \u00e0 Barcelone Nous sommes heureux de vous aider \u00e0 profiter [&hellip;]<\/p>\n","protected":false},"author":1,"featured_media":0,"parent":0,"menu_order":0,"comment_status":"closed","ping_status":"closed","template":"","meta":{"footnotes":""},"yoast_head":"<!-- This site is optimized with the Yoast SEO plugin v22.7 - https:\/\/yoast.com\/wordpress\/plugins\/seo\/ -->\n<title>Free Drink and Tapa<\/title>\n<meta name=\"description\" content=\"Free Drink and Tapa\" \/>\n<meta name=\"robots\" content=\"index, follow, max-snippet:-1, max-image-preview:large, max-video-preview:-1\" \/>\n<link rel=\"canonical\" href=\"https:\/\/behostels.com\/fr\/free-drink-and-tapa\/\" \/>\n<meta property=\"og:locale\" content=\"fr_FR\" \/>\n<meta property=\"og:type\" content=\"article\" \/>\n<meta property=\"og:title\" content=\"Free Drink and Tapa\" \/>\n<meta property=\"og:description\" content=\"Free Drink and Tapa\" \/>\n<meta property=\"og:url\" content=\"https:\/\/behostels.com\/fr\/free-drink-and-tapa\/\" \/>\n<meta property=\"og:site_name\" content=\"Be Hostels\" \/>\n<meta property=\"article:modified_time\" content=\"2015-11-30T11:44:26+00:00\" \/>\n<meta property=\"og:image\" content=\"https:\/\/behostels.com\/wp-content\/uploads\/2015\/07\/free-drink.jpg\" \/>\n<meta name=\"twitter:card\" content=\"summary_large_image\" \/>\n<script type=\"application\/ld+json\" class=\"yoast-schema-graph\">{\"@context\":\"https:\/\/schema.org\",\"@graph\":[{\"@type\":\"WebPage\",\"@id\":\"https:\/\/behostels.com\/fr\/free-drink-and-tapa\/\",\"url\":\"https:\/\/behostels.com\/fr\/free-drink-and-tapa\/\",\"name\":\"Free Drink and Tapa\",\"isPartOf\":{\"@id\":\"https:\/\/behostels.com\/fr\/#website\"},\"primaryImageOfPage\":{\"@id\":\"https:\/\/behostels.com\/fr\/free-drink-and-tapa\/#primaryimage\"},\"image\":{\"@id\":\"https:\/\/behostels.com\/fr\/free-drink-and-tapa\/#primaryimage\"},\"thumbnailUrl\":\"https:\/\/behostels.com\/wp-content\/uploads\/2015\/07\/free-drink.jpg\",\"datePublished\":\"2015-06-22T15:42:04+00:00\",\"dateModified\":\"2015-11-30T11:44:26+00:00\",\"description\":\"Free Drink and Tapa\",\"breadcrumb\":{\"@id\":\"https:\/\/behostels.com\/fr\/free-drink-and-tapa\/#breadcrumb\"},\"inLanguage\":\"fr-FR\",\"potentialAction\":[{\"@type\":\"ReadAction\",\"target\":[\"https:\/\/behostels.com\/fr\/free-drink-and-tapa\/\"]}]},{\"@type\":\"ImageObject\",\"inLanguage\":\"fr-FR\",\"@id\":\"https:\/\/behostels.com\/fr\/free-drink-and-tapa\/#primaryimage\",\"url\":\"https:\/\/behostels.com\/wp-content\/uploads\/2015\/07\/free-drink.jpg\",\"contentUrl\":\"https:\/\/behostels.com\/wp-content\/uploads\/2015\/07\/free-drink.jpg\"},{\"@type\":\"BreadcrumbList\",\"@id\":\"https:\/\/behostels.com\/fr\/free-drink-and-tapa\/#breadcrumb\",\"itemListElement\":[{\"@type\":\"ListItem\",\"position\":1,\"name\":\"Home\",\"item\":\"https:\/\/behostels.com\/fr\/\"},{\"@type\":\"ListItem\",\"position\":2,\"name\":\"Boisson gratuite et Tapa\"}]},{\"@type\":\"WebSite\",\"@id\":\"https:\/\/behostels.com\/fr\/#website\",\"url\":\"https:\/\/behostels.com\/fr\/\",\"name\":\"Be Hostels\",\"description\":\"\",\"publisher\":{\"@id\":\"https:\/\/behostels.com\/fr\/#organization\"},\"potentialAction\":[{\"@type\":\"SearchAction\",\"target\":{\"@type\":\"EntryPoint\",\"urlTemplate\":\"https:\/\/behostels.com\/fr\/?s={search_term_string}\"},\"query-input\":\"required name=search_term_string\"}],\"inLanguage\":\"fr-FR\"},{\"@type\":\"Organization\",\"@id\":\"https:\/\/behostels.com\/fr\/#organization\",\"name\":\"Be Hostels\",\"url\":\"https:\/\/behostels.com\/fr\/\",\"logo\":{\"@type\":\"ImageObject\",\"inLanguage\":\"fr-FR\",\"@id\":\"https:\/\/behostels.com\/fr\/#\/schema\/logo\/image\/\",\"url\":\"https:\/\/behostels.com\/wp-content\/uploads\/2015\/06\/be_reservations_logo.jpg\",\"contentUrl\":\"https:\/\/behostels.com\/wp-content\/uploads\/2015\/06\/be_reservations_logo.jpg\",\"width\":130,\"height\":130,\"caption\":\"Be Hostels\"},\"image\":{\"@id\":\"https:\/\/behostels.com\/fr\/#\/schema\/logo\/image\/\"}}]}<\/script>\n<!-- \/ Yoast SEO plugin. -->","yoast_head_json":{"title":"Free Drink and Tapa","description":"Free Drink and Tapa","robots":{"index":"index","follow":"follow","max-snippet":"max-snippet:-1","max-image-preview":"max-image-preview:large","max-video-preview":"max-video-preview:-1"},"canonical":"https:\/\/behostels.com\/fr\/free-drink-and-tapa\/","og_locale":"fr_FR","og_type":"article","og_title":"Free Drink and Tapa","og_description":"Free Drink and Tapa","og_url":"https:\/\/behostels.com\/fr\/free-drink-and-tapa\/","og_site_name":"Be Hostels","article_modified_time":"2015-11-30T11:44:26+00:00","og_image":[{"url":"https:\/\/behostels.com\/wp-content\/uploads\/2015\/07\/free-drink.jpg"}],"twitter_card":"summary_large_image","schema":{"@context":"https:\/\/schema.org","@graph":[{"@type":"WebPage","@id":"https:\/\/behostels.com\/fr\/free-drink-and-tapa\/","url":"https:\/\/behostels.com\/fr\/free-drink-and-tapa\/","name":"Free Drink and Tapa","isPartOf":{"@id":"https:\/\/behostels.com\/fr\/#website"},"primaryImageOfPage":{"@id":"https:\/\/behostels.com\/fr\/free-drink-and-tapa\/#primaryimage"},"image":{"@id":"https:\/\/behostels.com\/fr\/free-drink-and-tapa\/#primaryimage"},"thumbnailUrl":"https:\/\/behostels.com\/wp-content\/uploads\/2015\/07\/free-drink.jpg","datePublished":"2015-06-22T15:42:04+00:00","dateModified":"2015-11-30T11:44:26+00:00","description":"Free Drink and Tapa","breadcrumb":{"@id":"https:\/\/behostels.com\/fr\/free-drink-and-tapa\/#breadcrumb"},"inLanguage":"fr-FR","potentialAction":[{"@type":"ReadAction","target":["https:\/\/behostels.com\/fr\/free-drink-and-tapa\/"]}]},{"@type":"ImageObject","inLanguage":"fr-FR","@id":"https:\/\/behostels.com\/fr\/free-drink-and-tapa\/#primaryimage","url":"https:\/\/behostels.com\/wp-content\/uploads\/2015\/07\/free-drink.jpg","contentUrl":"https:\/\/behostels.com\/wp-content\/uploads\/2015\/07\/free-drink.jpg"},{"@type":"BreadcrumbList","@id":"https:\/\/behostels.com\/fr\/free-drink-and-tapa\/#breadcrumb","itemListElement":[{"@type":"ListItem","position":1,"name":"Home","item":"https:\/\/behostels.com\/fr\/"},{"@type":"ListItem","position":2,"name":"Boisson gratuite et Tapa"}]},{"@type":"WebSite","@id":"https:\/\/behostels.com\/fr\/#website","url":"https:\/\/behostels.com\/fr\/","name":"Be Hostels","description":"","publisher":{"@id":"https:\/\/behostels.com\/fr\/#organization"},"potentialAction":[{"@type":"SearchAction","target":{"@type":"EntryPoint","urlTemplate":"https:\/\/behostels.com\/fr\/?s={search_term_string}"},"query-input":"required name=search_term_string"}],"inLanguage":"fr-FR"},{"@type":"Organization","@id":"https:\/\/behostels.com\/fr\/#organization","name":"Be Hostels","url":"https:\/\/behostels.com\/fr\/","logo":{"@type":"ImageObject","inLanguage":"fr-FR","@id":"https:\/\/behostels.com\/fr\/#\/schema\/logo\/image\/","url":"https:\/\/behostels.com\/wp-content\/uploads\/2015\/06\/be_reservations_logo.jpg","contentUrl":"https:\/\/behostels.com\/wp-content\/uploads\/2015\/06\/be_reservations_logo.jpg","width":130,"height":130,"caption":"Be Hostels"},"image":{"@id":"https:\/\/behostels.com\/fr\/#\/schema\/logo\/image\/"}}]}},"_links":{"self":[{"href":"https:\/\/behostels.com\/fr\/wp-json\/wp\/v2\/pages\/980"}],"collection":[{"href":"https:\/\/behostels.com\/fr\/wp-json\/wp\/v2\/pages"}],"about":[{"href":"https:\/\/behostels.com\/fr\/wp-json\/wp\/v2\/types\/page"}],"author":[{"embeddable":true,"href":"https:\/\/behostels.com\/fr\/wp-json\/wp\/v2\/users\/1"}],"replies":[{"embeddable":true,"href":"https:\/\/behostels.com\/fr\/wp-json\/wp\/v2\/comments?post=980"}],"version-history":[{"count":0,"href":"https:\/\/behostels.com\/fr\/wp-json\/wp\/v2\/pages\/980\/revisions"}],"wp:attachment":[{"href":"https:\/\/behostels.com\/fr\/wp-json\/wp\/v2\/media?parent=980"}],"curies":[{"name":"wp","href":"https:\/\/api.w.org\/{rel}","templated":true}]}}