{"id":926,"date":"2015-06-22T14:42:21","date_gmt":"2015-06-22T14:42:21","guid":{"rendered":"https:\/\/behostels.com\/?page_id=926"},"modified":"2015-11-26T12:57:23","modified_gmt":"2015-11-26T12:57:23","slug":"groupes-a-be-hostels-barcelona-et-zaragoza","status":"publish","type":"page","link":"https:\/\/behostels.com\/fr\/groupes-a-be-hostels-barcelona-et-zaragoza\/","title":{"rendered":"Groupes \u00e0 Be Hostels Barcelona et Zaragoza"},"content":{"rendered":"<h2>Si vous voyagez \u00e0 Barcelone ou Saragosse en groupe, \u00e0 Be Hostels nous vous faisons un escompte sp\u00e9cial de groupe.<\/h2>\r\n\r\n<h3>S&rsquo;il vous pla\u00eet noter que les groupes les r\u00e9servations sont consid\u00e9r\u00e9s comme tels pour un groupe de 15 personnes ou plus.<\/h3>\r\n\r\n<p>Si vous avez besoin de plus amples informations sur <strong>les tarifs et<\/strong> les <strong>conditions de groupes<\/strong>, <a href=\"https:\/\/behostels.com\/fr\/945-2\/\" title=\"undefined\" target=\"\">remplissez l&rsquo;application<\/a> or send an email to <a href=\"mailto:groups@behostels.com\"><strong>groups@behostels.com<\/strong><\/a><\/p>\r\n\r\n<p><strong><a href=\"http:\/\/www.behostels.com\" title=\"Hostels Barcelona | Be Hostels\" target=\"_blank\">Be Hostels<\/a><\/strong> a plus de 9 ans d&rsquo;exp\u00e9rience accueillant des groupes. Nous comprenons que <strong>les groupes ont des besoins particuliers<\/strong>, nous cherchons \u00e0 r\u00e9soudre, tels que: les pique-niques, repas, activit\u00e9s, les horaires sp\u00e9ciaux, etc &#8230;<\/p>\r\n\r\n<div class=\"uk-grid uk-text-left uk-flex-middle\">\r\n\t<div class=\"uk-width-medium-1-3\">\r\n\t\t<div class=\"uk-overlay uk-overlay-hover uk-border-circle\">\r\n\t\t\t<img loading=\"lazy\" decoding=\"async\" src=\"https:\/\/behostels.com\/wp-content\/uploads\/2015\/07\/be-hostels-groups-contact.jpg\" alt=\"Behostels groups resrvationcontact\" width=\"600\" height=\"600\" class=\"uk-border-circle uk-overlay-scale\"  \/>\r\n\t\t<\/div>\r\n\t<\/div>\r\n\t<div class=\"uk-width-medium-2-3\">\r\n\r\n<h3><a href=\"http:\/\/www.behostels.com\" title=\"Hostels Barcelona | Be Hostels\" target=\"_blank\" class=\"invisible\" >Be Hostels<\/a> Be Hostels vous offre un h\u00e9bergement pour groupes tels que:<\/h3>\r\n   \r\n<ul class=\"rooms\">\r\n    <li>Ecoles<\/li>  \r\n    <li>Universit\u00e9s<\/li>  \r\n    <li>Instituts<\/li>  \r\n    <li>\u00c9quips sportifs<\/li> \r\n    <li>Cours d\u00e9t\u00e9<\/li>  \r\n    <li>Collectifs<\/li>   \r\n<\/ul>\r\n<p>\r\n<strong>Be Hostels<\/strong> offre une grande vari\u00e9t\u00e9 de formats de chambres adapt\u00e9es aux besoins de groupe: chambres pour 4, 6, 8, 10, 12, 14 et 16 personnes en plus de simples et doubles. Aussi, vous pouvez r\u00e9server des chambres seulement pour <strong>gar\u00e7ons, des filles ou mixtes<\/strong>. Il facilite \u00e9galement le travail des enseignants, des guides et des conducteurs en offrant des chambres simples \u00e0 sa disposition.\r\n<\/p>\r\n\t<\/div>\r\n<\/div>\r\n<p>\r\nNous travaillons beaucoup pour r\u00e9pondre les groupes qui nous rendent visite et pour cela nous avons Ana, notre coordinateur de groupes.\r\n<\/p>\r\n\r\n<h3>Contactez <strong>Be Hostels<\/strong> pour vous <strong> organiser votre voyage de groupe!<\/strong>!<\/h3>","protected":false},"excerpt":{"rendered":"<p>Si vous voyagez \u00e0 Barcelone ou Saragosse en groupe, \u00e0 Be Hostels nous vous faisons un escompte sp\u00e9cial de groupe. S&rsquo;il vous pla\u00eet noter que les groupes les r\u00e9servations sont consid\u00e9r\u00e9s comme tels pour un groupe de 15 personnes ou plus. Si vous avez besoin de plus amples informations sur les tarifs et les conditions [&hellip;]<\/p>\n","protected":false},"author":1,"featured_media":0,"parent":0,"menu_order":0,"comment_status":"closed","ping_status":"closed","template":"","meta":{"footnotes":""},"yoast_head":"<!-- This site is optimized with the Yoast SEO plugin v22.7 - https:\/\/yoast.com\/wordpress\/plugins\/seo\/ -->\n<title>Groups \u00e0 Be Hostels Barcelone and Saragosse<\/title>\n<meta name=\"description\" content=\"Be Hostels offre une grande vari\u00e9t\u00e9 de formats de chambres r\u00e9glables pour les besoins du groupe\" \/>\n<meta name=\"robots\" content=\"index, follow, max-snippet:-1, max-image-preview:large, max-video-preview:-1\" \/>\n<link rel=\"canonical\" href=\"https:\/\/behostels.com\/fr\/groupes-a-be-hostels-barcelona-et-zaragoza\/\" \/>\n<meta property=\"og:locale\" content=\"fr_FR\" \/>\n<meta property=\"og:type\" content=\"article\" \/>\n<meta property=\"og:title\" content=\"Groups \u00e0 Be Hostels Barcelone and Saragosse\" \/>\n<meta property=\"og:description\" content=\"Be Hostels offre une grande vari\u00e9t\u00e9 de formats de chambres r\u00e9glables pour les besoins du groupe\" \/>\n<meta property=\"og:url\" content=\"https:\/\/behostels.com\/fr\/groupes-a-be-hostels-barcelona-et-zaragoza\/\" \/>\n<meta property=\"og:site_name\" content=\"Be Hostels\" \/>\n<meta property=\"article:modified_time\" content=\"2015-11-26T12:57:23+00:00\" \/>\n<meta property=\"og:image\" content=\"https:\/\/behostels.com\/wp-content\/uploads\/2015\/07\/be-hostels-groups-contact.jpg\" \/>\n<meta name=\"twitter:card\" content=\"summary_large_image\" \/>\n<meta name=\"twitter:label1\" content=\"Dur\u00e9e de lecture estim\u00e9e\" \/>\n\t<meta name=\"twitter:data1\" content=\"1 minute\" \/>\n<script type=\"application\/ld+json\" class=\"yoast-schema-graph\">{\"@context\":\"https:\/\/schema.org\",\"@graph\":[{\"@type\":\"WebPage\",\"@id\":\"https:\/\/behostels.com\/fr\/groupes-a-be-hostels-barcelona-et-zaragoza\/\",\"url\":\"https:\/\/behostels.com\/fr\/groupes-a-be-hostels-barcelona-et-zaragoza\/\",\"name\":\"Groups \u00e0 Be Hostels Barcelone and Saragosse\",\"isPartOf\":{\"@id\":\"https:\/\/behostels.com\/fr\/#website\"},\"primaryImageOfPage\":{\"@id\":\"https:\/\/behostels.com\/fr\/groupes-a-be-hostels-barcelona-et-zaragoza\/#primaryimage\"},\"image\":{\"@id\":\"https:\/\/behostels.com\/fr\/groupes-a-be-hostels-barcelona-et-zaragoza\/#primaryimage\"},\"thumbnailUrl\":\"https:\/\/behostels.com\/wp-content\/uploads\/2015\/07\/be-hostels-groups-contact.jpg\",\"datePublished\":\"2015-06-22T14:42:21+00:00\",\"dateModified\":\"2015-11-26T12:57:23+00:00\",\"description\":\"Be Hostels offre une grande vari\u00e9t\u00e9 de formats de chambres r\u00e9glables pour les besoins du groupe\",\"breadcrumb\":{\"@id\":\"https:\/\/behostels.com\/fr\/groupes-a-be-hostels-barcelona-et-zaragoza\/#breadcrumb\"},\"inLanguage\":\"fr-FR\",\"potentialAction\":[{\"@type\":\"ReadAction\",\"target\":[\"https:\/\/behostels.com\/fr\/groupes-a-be-hostels-barcelona-et-zaragoza\/\"]}]},{\"@type\":\"ImageObject\",\"inLanguage\":\"fr-FR\",\"@id\":\"https:\/\/behostels.com\/fr\/groupes-a-be-hostels-barcelona-et-zaragoza\/#primaryimage\",\"url\":\"https:\/\/behostels.com\/wp-content\/uploads\/2015\/07\/be-hostels-groups-contact.jpg\",\"contentUrl\":\"https:\/\/behostels.com\/wp-content\/uploads\/2015\/07\/be-hostels-groups-contact.jpg\"},{\"@type\":\"BreadcrumbList\",\"@id\":\"https:\/\/behostels.com\/fr\/groupes-a-be-hostels-barcelona-et-zaragoza\/#breadcrumb\",\"itemListElement\":[{\"@type\":\"ListItem\",\"position\":1,\"name\":\"Home\",\"item\":\"https:\/\/behostels.com\/fr\/\"},{\"@type\":\"ListItem\",\"position\":2,\"name\":\"Groupes \u00e0 Be Hostels Barcelona et Zaragoza\"}]},{\"@type\":\"WebSite\",\"@id\":\"https:\/\/behostels.com\/fr\/#website\",\"url\":\"https:\/\/behostels.com\/fr\/\",\"name\":\"Be Hostels\",\"description\":\"\",\"publisher\":{\"@id\":\"https:\/\/behostels.com\/fr\/#organization\"},\"potentialAction\":[{\"@type\":\"SearchAction\",\"target\":{\"@type\":\"EntryPoint\",\"urlTemplate\":\"https:\/\/behostels.com\/fr\/?s={search_term_string}\"},\"query-input\":\"required name=search_term_string\"}],\"inLanguage\":\"fr-FR\"},{\"@type\":\"Organization\",\"@id\":\"https:\/\/behostels.com\/fr\/#organization\",\"name\":\"Be Hostels\",\"url\":\"https:\/\/behostels.com\/fr\/\",\"logo\":{\"@type\":\"ImageObject\",\"inLanguage\":\"fr-FR\",\"@id\":\"https:\/\/behostels.com\/fr\/#\/schema\/logo\/image\/\",\"url\":\"https:\/\/behostels.com\/wp-content\/uploads\/2015\/06\/be_reservations_logo.jpg\",\"contentUrl\":\"https:\/\/behostels.com\/wp-content\/uploads\/2015\/06\/be_reservations_logo.jpg\",\"width\":130,\"height\":130,\"caption\":\"Be Hostels\"},\"image\":{\"@id\":\"https:\/\/behostels.com\/fr\/#\/schema\/logo\/image\/\"}}]}<\/script>\n<!-- \/ Yoast SEO plugin. -->","yoast_head_json":{"title":"Groups \u00e0 Be Hostels Barcelone and Saragosse","description":"Be Hostels offre une grande vari\u00e9t\u00e9 de formats de chambres r\u00e9glables pour les besoins du groupe","robots":{"index":"index","follow":"follow","max-snippet":"max-snippet:-1","max-image-preview":"max-image-preview:large","max-video-preview":"max-video-preview:-1"},"canonical":"https:\/\/behostels.com\/fr\/groupes-a-be-hostels-barcelona-et-zaragoza\/","og_locale":"fr_FR","og_type":"article","og_title":"Groups \u00e0 Be Hostels Barcelone and Saragosse","og_description":"Be Hostels offre une grande vari\u00e9t\u00e9 de formats de chambres r\u00e9glables pour les besoins du groupe","og_url":"https:\/\/behostels.com\/fr\/groupes-a-be-hostels-barcelona-et-zaragoza\/","og_site_name":"Be Hostels","article_modified_time":"2015-11-26T12:57:23+00:00","og_image":[{"url":"https:\/\/behostels.com\/wp-content\/uploads\/2015\/07\/be-hostels-groups-contact.jpg"}],"twitter_card":"summary_large_image","twitter_misc":{"Dur\u00e9e de lecture estim\u00e9e":"1 minute"},"schema":{"@context":"https:\/\/schema.org","@graph":[{"@type":"WebPage","@id":"https:\/\/behostels.com\/fr\/groupes-a-be-hostels-barcelona-et-zaragoza\/","url":"https:\/\/behostels.com\/fr\/groupes-a-be-hostels-barcelona-et-zaragoza\/","name":"Groups \u00e0 Be Hostels Barcelone and Saragosse","isPartOf":{"@id":"https:\/\/behostels.com\/fr\/#website"},"primaryImageOfPage":{"@id":"https:\/\/behostels.com\/fr\/groupes-a-be-hostels-barcelona-et-zaragoza\/#primaryimage"},"image":{"@id":"https:\/\/behostels.com\/fr\/groupes-a-be-hostels-barcelona-et-zaragoza\/#primaryimage"},"thumbnailUrl":"https:\/\/behostels.com\/wp-content\/uploads\/2015\/07\/be-hostels-groups-contact.jpg","datePublished":"2015-06-22T14:42:21+00:00","dateModified":"2015-11-26T12:57:23+00:00","description":"Be Hostels offre une grande vari\u00e9t\u00e9 de formats de chambres r\u00e9glables pour les besoins du groupe","breadcrumb":{"@id":"https:\/\/behostels.com\/fr\/groupes-a-be-hostels-barcelona-et-zaragoza\/#breadcrumb"},"inLanguage":"fr-FR","potentialAction":[{"@type":"ReadAction","target":["https:\/\/behostels.com\/fr\/groupes-a-be-hostels-barcelona-et-zaragoza\/"]}]},{"@type":"ImageObject","inLanguage":"fr-FR","@id":"https:\/\/behostels.com\/fr\/groupes-a-be-hostels-barcelona-et-zaragoza\/#primaryimage","url":"https:\/\/behostels.com\/wp-content\/uploads\/2015\/07\/be-hostels-groups-contact.jpg","contentUrl":"https:\/\/behostels.com\/wp-content\/uploads\/2015\/07\/be-hostels-groups-contact.jpg"},{"@type":"BreadcrumbList","@id":"https:\/\/behostels.com\/fr\/groupes-a-be-hostels-barcelona-et-zaragoza\/#breadcrumb","itemListElement":[{"@type":"ListItem","position":1,"name":"Home","item":"https:\/\/behostels.com\/fr\/"},{"@type":"ListItem","position":2,"name":"Groupes \u00e0 Be Hostels Barcelona et Zaragoza"}]},{"@type":"WebSite","@id":"https:\/\/behostels.com\/fr\/#website","url":"https:\/\/behostels.com\/fr\/","name":"Be Hostels","description":"","publisher":{"@id":"https:\/\/behostels.com\/fr\/#organization"},"potentialAction":[{"@type":"SearchAction","target":{"@type":"EntryPoint","urlTemplate":"https:\/\/behostels.com\/fr\/?s={search_term_string}"},"query-input":"required name=search_term_string"}],"inLanguage":"fr-FR"},{"@type":"Organization","@id":"https:\/\/behostels.com\/fr\/#organization","name":"Be Hostels","url":"https:\/\/behostels.com\/fr\/","logo":{"@type":"ImageObject","inLanguage":"fr-FR","@id":"https:\/\/behostels.com\/fr\/#\/schema\/logo\/image\/","url":"https:\/\/behostels.com\/wp-content\/uploads\/2015\/06\/be_reservations_logo.jpg","contentUrl":"https:\/\/behostels.com\/wp-content\/uploads\/2015\/06\/be_reservations_logo.jpg","width":130,"height":130,"caption":"Be Hostels"},"image":{"@id":"https:\/\/behostels.com\/fr\/#\/schema\/logo\/image\/"}}]}},"_links":{"self":[{"href":"https:\/\/behostels.com\/fr\/wp-json\/wp\/v2\/pages\/926"}],"collection":[{"href":"https:\/\/behostels.com\/fr\/wp-json\/wp\/v2\/pages"}],"about":[{"href":"https:\/\/behostels.com\/fr\/wp-json\/wp\/v2\/types\/page"}],"author":[{"embeddable":true,"href":"https:\/\/behostels.com\/fr\/wp-json\/wp\/v2\/users\/1"}],"replies":[{"embeddable":true,"href":"https:\/\/behostels.com\/fr\/wp-json\/wp\/v2\/comments?post=926"}],"version-history":[{"count":0,"href":"https:\/\/behostels.com\/fr\/wp-json\/wp\/v2\/pages\/926\/revisions"}],"wp:attachment":[{"href":"https:\/\/behostels.com\/fr\/wp-json\/wp\/v2\/media?parent=926"}],"curies":[{"name":"wp","href":"https:\/\/api.w.org\/{rel}","templated":true}]}}