{"id":855,"date":"2015-06-22T14:05:29","date_gmt":"2015-06-22T14:05:29","guid":{"rendered":"https:\/\/behostels.com\/?page_id=855"},"modified":"2015-07-07T10:43:45","modified_gmt":"2015-07-07T10:43:45","slug":"services-de-transports-publics-qui-alimentent-la-ville-de-barcelone-depuis-les-principaux-aeroports","status":"publish","type":"page","link":"https:\/\/behostels.com\/fr\/services-de-transports-publics-qui-alimentent-la-ville-de-barcelone-depuis-les-principaux-aeroports\/","title":{"rendered":"Services de transports publics qui alimentent la ville de Barcelone depuis les principaux a\u00e9roports."},"content":{"rendered":"<h3>Be Hostels vous offre l&rsquo;information plus importante du r\u00e9seau de transport public \u00e0 Barcelone pour faire de votre arriv\u00e9e et de d\u00e9part \u00e0 Be Hostels et \u00e0 Barcelone comme un sifflet.<\/h3>\r\n&nbsp;\r\n<h2 class=\"fantasy\">Aerobus de\/\u00e0 l\u00b4a\u00e9roport de Barcelone<\/h2>\r\nC&rsquo;est un service express entre l&rsquo;a\u00e9roport et le centre-ville. Il a plusieurs arr\u00eats dans la ville, les plus importants, la Plaza Espagne et la Pla\u00e7a Catalunya, o\u00f9 vous pouvez vous connecter avec le m\u00e9tro ou le bus pour atteindre plus de destinations \u00e0 Barcelone. L&rsquo;A\u00e9robus d\u00e9part de tous les terminaux de l&rsquo;a\u00e9roport toutes les 15 minutes pendant la journ\u00e9e.\r\n\r\n<strong>Il ya deux lignes de bus.<\/strong>\r\n\r\n\r\n\r\n<strong>A1: De \/ \u00e0 T1 terminal de l&rsquo;a\u00e9roport<\/strong>, qui s&rsquo;arr\u00eate \u00e0 Pla\u00e7a Catalunya, Sep\u00falveda &#8211; Urgell, la Pla\u00e7a Espanya, Terminal 1, la Pla\u00e7a Espanya, Gran V\u00eda Urgell, Pla\u00e7a Universitat, et se termine \u00e0 nouveau \u00e0 la Pla\u00e7a Catalunya.\r\n\r\nVous pouvez prendre ce bus <strong>toutes les 5-10 minutes<\/strong>, et le prix du billet est<strong> 5,90 \u20ac par personne<\/strong> pour une fa\u00e7on de voyager, et <strong>10,20\u20ac par personne<\/strong> aller et retour (retour valable jusqu&rsquo;\u00e0 9 jours apr\u00e8s l&rsquo;achat)\r\n\r\n<strong>A2: De \/ \u00e0 T2 terminal de l&rsquo;a\u00e9roport<\/strong>, qui s&rsquo;arr\u00eate \u00e0 Pla\u00e7a Catalunya, Sep\u00falveda &#8211; Urgell, la Pla\u00e7a Espanya, Terminal 2B, 2C Terminal, la Pla\u00e7a Espanya, Gran V\u00eda Urgell, et se termine \u00e0 nouveau \u00e0 la Pla\u00e7a Catalunya.\r\n\r\nVous pouvez prendre ce bus <strong>toutes les 10-20 minutes<\/strong>, et le prix du billet est <strong>5,90 \u20ac par personne<\/strong> pour une fa\u00e7on de voyager, et <strong>10,20 \u20ac par personne<\/strong> aller et retour. (Retour valables jusqu&rsquo;\u00e0 9 jours apr\u00e8s l&rsquo;achat)\r\n\r\n<ul class=\"rooms\">\r\n\t<li>Billets de voyage int\u00e9gr\u00e9s (T-10, T-Mes, T-50\/30, T-Trimestre T-Jupiter, T-familier, T-Dia) ne sont pas valide pour ce service.<\/li>\r\n\t<li>Tous les enfants de moins de 4 ans Entr\u00e9e libre.<\/li>\r\n\t<li>Vous ne pouvez pas r\u00e9server des billets \u00e0 l&rsquo;avance.<\/li>\r\n<\/ul>\r\n\r\n<h3 class=\"fantasy\">M\u00e9tro et bus tickets<\/h3>\r\nVous pouvez acheter des billets pour voyager pour 2,15 euros, billet simple. Mais, si vous voulez vous bouger autour de la ville et ce profiter de ce mode de transport, il faut acheter le T10. Cela vous permet de voyager 10 fois et se connecter avec d&rsquo;autres syst\u00e8mes de transport urbain de trains, bus, tramways, etc. dans la zone 1 du reseau. Le T10 co\u00fbte 10,30\u20ac  et vous permettra d&rsquo;\u00e9conomiser de l&rsquo;argent et des retards de l&rsquo;achat du billet \u00e0 chaque fois que vous voyagez.\r\n\r\n<ul class=\"rooms\">\r\n\t<li><a title=\"T-10 Metro Info\" href=\"http:\/\/www.tmb.cat\/en\/bitllets-i-tarifes\/-\/bitllet\/402\" target=\"_blank\">T-10 Info Ici!<\/a><\/li>\r\n<\/ul>\r\n\r\nVous pouvez \u00e9galement acheter un billet d&rsquo;une journ\u00e9e, et vous pouvez l&rsquo;utiliser dans tous les transports de Barcelone (bus, m\u00e9tro ou FCG). Le prix du billet est de 7,60 \u20ac\r\n<ul class=\"rooms\">\r\n\t<li><a title=\"T-10 Metro Info\" href=\"http:\/\/www.tmb.cat\/en\/bitllets-i-tarifes\/-\/bitllet\/402\" target=\"_blank\">T-Dia Info Ici!<\/a><\/li>\r\n<\/ul>\r\n\r\n<h3 class=\"fantasy\">Nit Bus a\u00e9roport: N17<\/h3>\r\nC&rsquo;est le service de transport entre l&rsquo;a\u00e9roport de Barcelone et la ville qui couvre les heures \u00e0 partir de 23 h \u00e0 04h40. Le prix d&rsquo;un voyage est 2,15 euros et peut \u00e9galement utiliser le T10.\r\n\r\n\r\n<h3 class=\"fantasy\">Les trains de\/\u00e0 l\u2019a\u00e9roport de Barcelone<\/h3>\r\nLe syst\u00e8me ferroviaire RENFE a un service toutes les 30 minutes vers et depuis l&rsquo;a\u00e9roport jusqu&rsquo;au centre-ville. Le trajet dur environ 25 minutes.\ue801\r\nUn billet \u00e0 Estaci\u00f3 de Sants co\u00fbte 4,10 Euros, mais vous pouvez utiliser le T10.\r\n\r\n<h3 class=\"fantasy\">A\u00e9roport de Girona \u00e0 Barcelone<\/h3>\r\nLe bus de Barcelone est le moyen le plus commode pour faire le trajet de l&rsquo;a\u00e9roport de G\u00e9rone vers le centre de Barcelone. Le bus s&rsquo;arr\u00eate juste devant l&rsquo;a\u00e9roport de G\u00e9rone et arrive jusqu\u2019\u00e0 la gare du Nord de Barcelone (arr\u00eat principal) dans le centre de la ville. De la gare vous pouvez prendre le m\u00e9tro pour vous emmener \u00e0 votre destination. La station de m\u00e9tro la plus proche est Arc de Triomf m\u00e9tro (ligne 1-rouge). Ce n\u2019est pas possible r\u00e9server les billets du bus en avance, et le prix est 14 euros billet simple et 23 euros aller et retour.\r\n<strong>\r\n\r\n<a href=\"http:\/\/www.behostels.com\/wp-content\/uploads\/girona-barcelona.pdf\" title=\"Calendrier Girona-Barcelona\" target=\"_blank\">Vous pouvez t\u00e9l\u00e9charger le calendrier ici!<\/a>\r\n\r\n<ul class=\"rooms\">\r\n\t<li>Les billets ne peuvent \u00eatre r\u00e9serv\u00e9s \u00e0 l&rsquo;avance et le co\u00fbt \u20ac 16,00 pour un seul et 25,00 \u20ac pour un retour.<\/li>\r\n\r\n<\/ul>\r\n\r\n&nbsp;\r\n<h3>S&rsquo;il vous pla\u00eet examiner les informations de \u00abComment Arriver\u00bb \u00e0 l&rsquo;auberge que vous avez r\u00e9serv\u00e9<\/h3>\r\n\r\n<a href=\"https:\/\/behostels.com\/mar\/location\"><img loading=\"lazy\" decoding=\"async\" class=\"alignleft size-full wp-image-7610\" title=\"Be mar Hostel\" alt=\"be-hostels-mar-barcelona\" src=\"https:\/\/behostels.com\/wp-content\/uploads\/be-hostels-mar-barcelona1.jpg\" width=\"53\" height=\"53\" \/><\/a><a href=\"https:\/\/behostels.com\/sound\/location\/\"><img loading=\"lazy\" decoding=\"async\" class=\"alignleft size-full wp-image-7609\" title=\"Be Sound Hostel\" alt=\"be-hostels-sound-barcelona\" src=\"https:\/\/behostels.com\/wp-content\/uploads\/be-hostels-sound-barcelona.jpg\" width=\"53\" height=\"53\" \/><\/a><a href=\"https:\/\/behostels.com\/ramblas\/location\/\"><img loading=\"lazy\" decoding=\"async\" class=\"alignleft size-full wp-image-7608\" title=\"Be Ramblas Hotel\" alt=\"be-hostels-ramblas-barcelona\" src=\"https:\/\/behostels.com\/wp-content\/uploads\/be-hostels-ramblas-barcelona.jpg\" width=\"53\" height=\"53\" \/><\/a><a href=\"https:\/\/behostels.com\/dream\/location\/\"><img loading=\"lazy\" decoding=\"async\" class=\"alignleft size-full wp-image-7611\" title=\"Be Dream Hostel\" alt=\"be-hostels-dreams-barcelona\" src=\"https:\/\/behostels.com\/wp-content\/uploads\/be-hostels-dreams-barcelona.jpg\" width=\"53\" height=\"53\" \/><\/a>\r\n\r\n\r\n","protected":false},"excerpt":{"rendered":"<p>Be Hostels vous offre l&rsquo;information plus importante du r\u00e9seau de transport public \u00e0 Barcelone pour faire de votre arriv\u00e9e et de d\u00e9part \u00e0 Be Hostels et \u00e0 Barcelone comme un sifflet. &nbsp; Aerobus de\/\u00e0 l\u00b4a\u00e9roport de Barcelone C&rsquo;est un service express entre l&rsquo;a\u00e9roport et le centre-ville. Il a plusieurs arr\u00eats dans la ville, les plus [&hellip;]<\/p>\n","protected":false},"author":1,"featured_media":0,"parent":0,"menu_order":0,"comment_status":"closed","ping_status":"closed","template":"","meta":{"footnotes":""},"yoast_head":"<!-- This site is optimized with the Yoast SEO plugin v22.7 - https:\/\/yoast.com\/wordpress\/plugins\/seo\/ -->\n<title>Transports de et vers l&#039;a\u00e9roport de Barcelone<\/title>\n<meta name=\"description\" content=\"Be Hostels offre \u00e0 ses visiteurs des informations utiles de transport depuis l&#039;a\u00e9roport vers Barcelone.\" \/>\n<meta name=\"robots\" content=\"index, follow, max-snippet:-1, max-image-preview:large, max-video-preview:-1\" \/>\n<link rel=\"canonical\" href=\"https:\/\/behostels.com\/fr\/services-de-transports-publics-qui-alimentent-la-ville-de-barcelone-depuis-les-principaux-aeroports\/\" \/>\n<meta property=\"og:locale\" content=\"fr_FR\" \/>\n<meta property=\"og:type\" content=\"article\" \/>\n<meta property=\"og:title\" content=\"Transports de et vers l&#039;a\u00e9roport de Barcelone\" \/>\n<meta property=\"og:description\" content=\"Be Hostels offre \u00e0 ses visiteurs des informations utiles de transport depuis l&#039;a\u00e9roport vers Barcelone.\" \/>\n<meta property=\"og:url\" content=\"https:\/\/behostels.com\/fr\/services-de-transports-publics-qui-alimentent-la-ville-de-barcelone-depuis-les-principaux-aeroports\/\" \/>\n<meta property=\"og:site_name\" content=\"Be Hostels\" \/>\n<meta property=\"article:modified_time\" content=\"2015-07-07T10:43:45+00:00\" \/>\n<meta property=\"og:image\" content=\"https:\/\/behostels.com\/wp-content\/uploads\/be-hostels-mar-barcelona1.jpg\" \/>\n<meta name=\"twitter:card\" content=\"summary_large_image\" \/>\n<meta name=\"twitter:label1\" content=\"Dur\u00e9e de lecture estim\u00e9e\" \/>\n\t<meta name=\"twitter:data1\" content=\"3 minutes\" \/>\n<script type=\"application\/ld+json\" class=\"yoast-schema-graph\">{\"@context\":\"https:\/\/schema.org\",\"@graph\":[{\"@type\":\"WebPage\",\"@id\":\"https:\/\/behostels.com\/fr\/services-de-transports-publics-qui-alimentent-la-ville-de-barcelone-depuis-les-principaux-aeroports\/\",\"url\":\"https:\/\/behostels.com\/fr\/services-de-transports-publics-qui-alimentent-la-ville-de-barcelone-depuis-les-principaux-aeroports\/\",\"name\":\"Transports de et vers l'a\u00e9roport de Barcelone\",\"isPartOf\":{\"@id\":\"https:\/\/behostels.com\/fr\/#website\"},\"primaryImageOfPage\":{\"@id\":\"https:\/\/behostels.com\/fr\/services-de-transports-publics-qui-alimentent-la-ville-de-barcelone-depuis-les-principaux-aeroports\/#primaryimage\"},\"image\":{\"@id\":\"https:\/\/behostels.com\/fr\/services-de-transports-publics-qui-alimentent-la-ville-de-barcelone-depuis-les-principaux-aeroports\/#primaryimage\"},\"thumbnailUrl\":\"https:\/\/behostels.com\/wp-content\/uploads\/be-hostels-mar-barcelona1.jpg\",\"datePublished\":\"2015-06-22T14:05:29+00:00\",\"dateModified\":\"2015-07-07T10:43:45+00:00\",\"description\":\"Be Hostels offre \u00e0 ses visiteurs des informations utiles de transport depuis l'a\u00e9roport vers Barcelone.\",\"breadcrumb\":{\"@id\":\"https:\/\/behostels.com\/fr\/services-de-transports-publics-qui-alimentent-la-ville-de-barcelone-depuis-les-principaux-aeroports\/#breadcrumb\"},\"inLanguage\":\"fr-FR\",\"potentialAction\":[{\"@type\":\"ReadAction\",\"target\":[\"https:\/\/behostels.com\/fr\/services-de-transports-publics-qui-alimentent-la-ville-de-barcelone-depuis-les-principaux-aeroports\/\"]}]},{\"@type\":\"ImageObject\",\"inLanguage\":\"fr-FR\",\"@id\":\"https:\/\/behostels.com\/fr\/services-de-transports-publics-qui-alimentent-la-ville-de-barcelone-depuis-les-principaux-aeroports\/#primaryimage\",\"url\":\"https:\/\/behostels.com\/wp-content\/uploads\/be-hostels-mar-barcelona1.jpg\",\"contentUrl\":\"https:\/\/behostels.com\/wp-content\/uploads\/be-hostels-mar-barcelona1.jpg\"},{\"@type\":\"BreadcrumbList\",\"@id\":\"https:\/\/behostels.com\/fr\/services-de-transports-publics-qui-alimentent-la-ville-de-barcelone-depuis-les-principaux-aeroports\/#breadcrumb\",\"itemListElement\":[{\"@type\":\"ListItem\",\"position\":1,\"name\":\"Home\",\"item\":\"https:\/\/behostels.com\/fr\/\"},{\"@type\":\"ListItem\",\"position\":2,\"name\":\"Services de transports publics qui alimentent la ville de Barcelone depuis les principaux a\u00e9roports.\"}]},{\"@type\":\"WebSite\",\"@id\":\"https:\/\/behostels.com\/fr\/#website\",\"url\":\"https:\/\/behostels.com\/fr\/\",\"name\":\"Be Hostels\",\"description\":\"\",\"publisher\":{\"@id\":\"https:\/\/behostels.com\/fr\/#organization\"},\"potentialAction\":[{\"@type\":\"SearchAction\",\"target\":{\"@type\":\"EntryPoint\",\"urlTemplate\":\"https:\/\/behostels.com\/fr\/?s={search_term_string}\"},\"query-input\":\"required name=search_term_string\"}],\"inLanguage\":\"fr-FR\"},{\"@type\":\"Organization\",\"@id\":\"https:\/\/behostels.com\/fr\/#organization\",\"name\":\"Be Hostels\",\"url\":\"https:\/\/behostels.com\/fr\/\",\"logo\":{\"@type\":\"ImageObject\",\"inLanguage\":\"fr-FR\",\"@id\":\"https:\/\/behostels.com\/fr\/#\/schema\/logo\/image\/\",\"url\":\"https:\/\/behostels.com\/wp-content\/uploads\/2015\/06\/be_reservations_logo.jpg\",\"contentUrl\":\"https:\/\/behostels.com\/wp-content\/uploads\/2015\/06\/be_reservations_logo.jpg\",\"width\":130,\"height\":130,\"caption\":\"Be Hostels\"},\"image\":{\"@id\":\"https:\/\/behostels.com\/fr\/#\/schema\/logo\/image\/\"}}]}<\/script>\n<!-- \/ Yoast SEO plugin. -->","yoast_head_json":{"title":"Transports de et vers l'a\u00e9roport de Barcelone","description":"Be Hostels offre \u00e0 ses visiteurs des informations utiles de transport depuis l'a\u00e9roport vers Barcelone.","robots":{"index":"index","follow":"follow","max-snippet":"max-snippet:-1","max-image-preview":"max-image-preview:large","max-video-preview":"max-video-preview:-1"},"canonical":"https:\/\/behostels.com\/fr\/services-de-transports-publics-qui-alimentent-la-ville-de-barcelone-depuis-les-principaux-aeroports\/","og_locale":"fr_FR","og_type":"article","og_title":"Transports de et vers l'a\u00e9roport de Barcelone","og_description":"Be Hostels offre \u00e0 ses visiteurs des informations utiles de transport depuis l'a\u00e9roport vers Barcelone.","og_url":"https:\/\/behostels.com\/fr\/services-de-transports-publics-qui-alimentent-la-ville-de-barcelone-depuis-les-principaux-aeroports\/","og_site_name":"Be Hostels","article_modified_time":"2015-07-07T10:43:45+00:00","og_image":[{"url":"https:\/\/behostels.com\/wp-content\/uploads\/be-hostels-mar-barcelona1.jpg"}],"twitter_card":"summary_large_image","twitter_misc":{"Dur\u00e9e de lecture estim\u00e9e":"3 minutes"},"schema":{"@context":"https:\/\/schema.org","@graph":[{"@type":"WebPage","@id":"https:\/\/behostels.com\/fr\/services-de-transports-publics-qui-alimentent-la-ville-de-barcelone-depuis-les-principaux-aeroports\/","url":"https:\/\/behostels.com\/fr\/services-de-transports-publics-qui-alimentent-la-ville-de-barcelone-depuis-les-principaux-aeroports\/","name":"Transports de et vers l'a\u00e9roport de Barcelone","isPartOf":{"@id":"https:\/\/behostels.com\/fr\/#website"},"primaryImageOfPage":{"@id":"https:\/\/behostels.com\/fr\/services-de-transports-publics-qui-alimentent-la-ville-de-barcelone-depuis-les-principaux-aeroports\/#primaryimage"},"image":{"@id":"https:\/\/behostels.com\/fr\/services-de-transports-publics-qui-alimentent-la-ville-de-barcelone-depuis-les-principaux-aeroports\/#primaryimage"},"thumbnailUrl":"https:\/\/behostels.com\/wp-content\/uploads\/be-hostels-mar-barcelona1.jpg","datePublished":"2015-06-22T14:05:29+00:00","dateModified":"2015-07-07T10:43:45+00:00","description":"Be Hostels offre \u00e0 ses visiteurs des informations utiles de transport depuis l'a\u00e9roport vers Barcelone.","breadcrumb":{"@id":"https:\/\/behostels.com\/fr\/services-de-transports-publics-qui-alimentent-la-ville-de-barcelone-depuis-les-principaux-aeroports\/#breadcrumb"},"inLanguage":"fr-FR","potentialAction":[{"@type":"ReadAction","target":["https:\/\/behostels.com\/fr\/services-de-transports-publics-qui-alimentent-la-ville-de-barcelone-depuis-les-principaux-aeroports\/"]}]},{"@type":"ImageObject","inLanguage":"fr-FR","@id":"https:\/\/behostels.com\/fr\/services-de-transports-publics-qui-alimentent-la-ville-de-barcelone-depuis-les-principaux-aeroports\/#primaryimage","url":"https:\/\/behostels.com\/wp-content\/uploads\/be-hostels-mar-barcelona1.jpg","contentUrl":"https:\/\/behostels.com\/wp-content\/uploads\/be-hostels-mar-barcelona1.jpg"},{"@type":"BreadcrumbList","@id":"https:\/\/behostels.com\/fr\/services-de-transports-publics-qui-alimentent-la-ville-de-barcelone-depuis-les-principaux-aeroports\/#breadcrumb","itemListElement":[{"@type":"ListItem","position":1,"name":"Home","item":"https:\/\/behostels.com\/fr\/"},{"@type":"ListItem","position":2,"name":"Services de transports publics qui alimentent la ville de Barcelone depuis les principaux a\u00e9roports."}]},{"@type":"WebSite","@id":"https:\/\/behostels.com\/fr\/#website","url":"https:\/\/behostels.com\/fr\/","name":"Be Hostels","description":"","publisher":{"@id":"https:\/\/behostels.com\/fr\/#organization"},"potentialAction":[{"@type":"SearchAction","target":{"@type":"EntryPoint","urlTemplate":"https:\/\/behostels.com\/fr\/?s={search_term_string}"},"query-input":"required name=search_term_string"}],"inLanguage":"fr-FR"},{"@type":"Organization","@id":"https:\/\/behostels.com\/fr\/#organization","name":"Be Hostels","url":"https:\/\/behostels.com\/fr\/","logo":{"@type":"ImageObject","inLanguage":"fr-FR","@id":"https:\/\/behostels.com\/fr\/#\/schema\/logo\/image\/","url":"https:\/\/behostels.com\/wp-content\/uploads\/2015\/06\/be_reservations_logo.jpg","contentUrl":"https:\/\/behostels.com\/wp-content\/uploads\/2015\/06\/be_reservations_logo.jpg","width":130,"height":130,"caption":"Be Hostels"},"image":{"@id":"https:\/\/behostels.com\/fr\/#\/schema\/logo\/image\/"}}]}},"_links":{"self":[{"href":"https:\/\/behostels.com\/fr\/wp-json\/wp\/v2\/pages\/855"}],"collection":[{"href":"https:\/\/behostels.com\/fr\/wp-json\/wp\/v2\/pages"}],"about":[{"href":"https:\/\/behostels.com\/fr\/wp-json\/wp\/v2\/types\/page"}],"author":[{"embeddable":true,"href":"https:\/\/behostels.com\/fr\/wp-json\/wp\/v2\/users\/1"}],"replies":[{"embeddable":true,"href":"https:\/\/behostels.com\/fr\/wp-json\/wp\/v2\/comments?post=855"}],"version-history":[{"count":0,"href":"https:\/\/behostels.com\/fr\/wp-json\/wp\/v2\/pages\/855\/revisions"}],"wp:attachment":[{"href":"https:\/\/behostels.com\/fr\/wp-json\/wp\/v2\/media?parent=855"}],"curies":[{"name":"wp","href":"https:\/\/api.w.org\/{rel}","templated":true}]}}