{"id":794,"date":"2015-06-22T13:30:42","date_gmt":"2015-06-22T13:30:42","guid":{"rendered":"https:\/\/behostels.com\/?page_id=794"},"modified":"2015-07-16T09:46:18","modified_gmt":"2015-07-16T09:46:18","slug":"travaille-a-be-hostels-dans-nos-auberges-de-barcelone-et-saragosse","status":"publish","type":"page","link":"https:\/\/behostels.com\/fr\/travaille-a-be-hostels-dans-nos-auberges-de-barcelone-et-saragosse\/","title":{"rendered":"Travaille \u00e0 Be Hostels dans nos auberges de Barcelone et Saragosse"},"content":{"rendered":"<h3>Nous sommes tr\u00e8s fiers de l&rsquo;\u00e9quipe de Be Hostels! <a title=\"Hostels Barcelona | Enjoy Barcelona\u2019s best affordable lodging at Be Hostels!\" href=\"https:\/\/behostels.com\/\">Be Hostels<\/a>!<\/h3>\r\n<p>\r\nBe Hostels est form\u00e9 par ses gens, leurs sourires, de la patience et d&rsquo;id\u00e9es. L&rsquo;environnement de travail est un plaisir et nous voulons que vous fassiez partie. <strong>Profitez de cette occasion pour travailler<\/strong>!\r\n<\/p>\r\n<p>\r\nPour faire partie d&rsquo;une \u00e9quipe de <a href=\"https:\/\/behostels.com\/fr\/\"><strong>Be Hostels Barcelone et Saragosse<\/strong><\/a>, nous sommes constamment \u00e0 la recherche de personnel ayant les comp\u00e9tences suivantes:\r\n<\/p>\r\n<div class=\"uk-grid uk-text-left uk-flex-middle\">\r\n\t<div class=\"uk-width-medium-1-3\">\r\n\t\t<div class=\"uk-overlay uk-overlay-hover uk-border-circle\">\r\n\t\t\t<img loading=\"lazy\" decoding=\"async\" src=\"https:\/\/behostels.com\/wp-content\/uploads\/2015\/07\/work-with-us.jpg\" class=\"uk-border-circle uk-overlay-scale\"  alt=\"Work with us at Be Hostels Barcelona\" width=\"600\" height=\"600\" class=\"alignnone size-full wp-image-2557\" srcset=\"https:\/\/behostels.com\/wp-content\/uploads\/2015\/07\/work-with-us.jpg 600w, https:\/\/behostels.com\/wp-content\/uploads\/2015\/07\/work-with-us-150x150.jpg 150w, https:\/\/behostels.com\/wp-content\/uploads\/2015\/07\/work-with-us-300x300.jpg 300w\" sizes=\"(max-width: 600px) 100vw, 600px\" \/>\r\n\t\t<\/div>\r\n\t<\/div>\r\n\t<div class=\"uk-width-medium-2-3\">\r\n<p>Nous recherchons des personnes:<\/p>\r\n\t\t<ul>\r\n\t<li><strong><strong>Motivation<\/strong><\/strong><\/li>\r\n\t<li><strong><strong>Enthousiaste et convivial<\/strong><\/strong><\/li>\r\n\t<li><strong><strong>Organis\u00e9 et responsable<\/strong><\/strong><\/li>\r\n\t<li><strong><strong>Proactif et cr\u00e9atif<\/strong><\/strong><\/li>\r\n\t<li><strong><strong>Parler au moins 2 langues (anglais et espagnol de pr\u00e9f\u00e9rence)<\/strong><\/strong><\/li>\r\n\t<li><strong><strong>Communicatif<\/strong><\/strong><\/li>\r\n\t<li><strong><strong>D\u00e9sireux d&rsquo;apprendre<\/strong><\/strong><\/li>\r\n\t<li><strong><strong>Travail d&rsquo;\u00e9quipe<\/strong><\/strong><\/li>\r\n<\/ul>\r\n<p>\r\nEnvoyez-nous vos <strong>C.V.<\/strong> <strong>avec photo actuelle<\/strong> \u00e0 <strong><a href=\"mailto:manager@behostels.com\">manager@behostels.com <\/a><\/strong>\r\n\t<\/p>\r\n\t<\/div>\r\n<\/div>","protected":false},"excerpt":{"rendered":"<p>Nous sommes tr\u00e8s fiers de l&rsquo;\u00e9quipe de Be Hostels! Be Hostels! Be Hostels est form\u00e9 par ses gens, leurs sourires, de la patience et d&rsquo;id\u00e9es. L&rsquo;environnement de travail est un plaisir et nous voulons que vous fassiez partie. Profitez de cette occasion pour travailler! Pour faire partie d&rsquo;une \u00e9quipe de Be Hostels Barcelone et Saragosse, [&hellip;]<\/p>\n","protected":false},"author":1,"featured_media":0,"parent":0,"menu_order":0,"comment_status":"closed","ping_status":"closed","template":"","meta":{"footnotes":""},"yoast_head":"<!-- This site is optimized with the Yoast SEO plugin v22.7 - https:\/\/yoast.com\/wordpress\/plugins\/seo\/ -->\n<title>Travaillez \u00e0 Be Hostels dans nos auberges de Barcelone et Saragosse<\/title>\n<meta name=\"description\" content=\"Possibilit\u00e9s d&#039;emploi \u00e0 Be Hostels Barcelone et Saragosse. Nous sommes constamment \u00e0 la s\u00e9lection du personnel.\" \/>\n<meta name=\"robots\" content=\"index, follow, max-snippet:-1, max-image-preview:large, max-video-preview:-1\" \/>\n<link rel=\"canonical\" href=\"https:\/\/behostels.com\/fr\/travaille-a-be-hostels-dans-nos-auberges-de-barcelone-et-saragosse\/\" \/>\n<meta property=\"og:locale\" content=\"fr_FR\" \/>\n<meta property=\"og:type\" content=\"article\" \/>\n<meta property=\"og:title\" content=\"Travaillez \u00e0 Be Hostels dans nos auberges de Barcelone et Saragosse\" \/>\n<meta property=\"og:description\" content=\"Possibilit\u00e9s d&#039;emploi \u00e0 Be Hostels Barcelone et Saragosse. Nous sommes constamment \u00e0 la s\u00e9lection du personnel.\" \/>\n<meta property=\"og:url\" content=\"https:\/\/behostels.com\/fr\/travaille-a-be-hostels-dans-nos-auberges-de-barcelone-et-saragosse\/\" \/>\n<meta property=\"og:site_name\" content=\"Be Hostels\" \/>\n<meta property=\"article:modified_time\" content=\"2015-07-16T09:46:18+00:00\" \/>\n<meta property=\"og:image\" content=\"https:\/\/behostels.com\/wp-content\/uploads\/2015\/07\/work-with-us.jpg\" \/>\n<meta name=\"twitter:card\" content=\"summary_large_image\" \/>\n<meta name=\"twitter:label1\" content=\"Dur\u00e9e de lecture estim\u00e9e\" \/>\n\t<meta name=\"twitter:data1\" content=\"1 minute\" \/>\n<script type=\"application\/ld+json\" class=\"yoast-schema-graph\">{\"@context\":\"https:\/\/schema.org\",\"@graph\":[{\"@type\":\"WebPage\",\"@id\":\"https:\/\/behostels.com\/fr\/travaille-a-be-hostels-dans-nos-auberges-de-barcelone-et-saragosse\/\",\"url\":\"https:\/\/behostels.com\/fr\/travaille-a-be-hostels-dans-nos-auberges-de-barcelone-et-saragosse\/\",\"name\":\"Travaillez \u00e0 Be Hostels dans nos auberges de Barcelone et Saragosse\",\"isPartOf\":{\"@id\":\"https:\/\/behostels.com\/fr\/#website\"},\"primaryImageOfPage\":{\"@id\":\"https:\/\/behostels.com\/fr\/travaille-a-be-hostels-dans-nos-auberges-de-barcelone-et-saragosse\/#primaryimage\"},\"image\":{\"@id\":\"https:\/\/behostels.com\/fr\/travaille-a-be-hostels-dans-nos-auberges-de-barcelone-et-saragosse\/#primaryimage\"},\"thumbnailUrl\":\"https:\/\/behostels.com\/wp-content\/uploads\/2015\/07\/work-with-us.jpg\",\"datePublished\":\"2015-06-22T13:30:42+00:00\",\"dateModified\":\"2015-07-16T09:46:18+00:00\",\"description\":\"Possibilit\u00e9s d'emploi \u00e0 Be Hostels Barcelone et Saragosse. Nous sommes constamment \u00e0 la s\u00e9lection du personnel.\",\"breadcrumb\":{\"@id\":\"https:\/\/behostels.com\/fr\/travaille-a-be-hostels-dans-nos-auberges-de-barcelone-et-saragosse\/#breadcrumb\"},\"inLanguage\":\"fr-FR\",\"potentialAction\":[{\"@type\":\"ReadAction\",\"target\":[\"https:\/\/behostels.com\/fr\/travaille-a-be-hostels-dans-nos-auberges-de-barcelone-et-saragosse\/\"]}]},{\"@type\":\"ImageObject\",\"inLanguage\":\"fr-FR\",\"@id\":\"https:\/\/behostels.com\/fr\/travaille-a-be-hostels-dans-nos-auberges-de-barcelone-et-saragosse\/#primaryimage\",\"url\":\"https:\/\/behostels.com\/wp-content\/uploads\/2015\/07\/work-with-us.jpg\",\"contentUrl\":\"https:\/\/behostels.com\/wp-content\/uploads\/2015\/07\/work-with-us.jpg\"},{\"@type\":\"BreadcrumbList\",\"@id\":\"https:\/\/behostels.com\/fr\/travaille-a-be-hostels-dans-nos-auberges-de-barcelone-et-saragosse\/#breadcrumb\",\"itemListElement\":[{\"@type\":\"ListItem\",\"position\":1,\"name\":\"Home\",\"item\":\"https:\/\/behostels.com\/fr\/\"},{\"@type\":\"ListItem\",\"position\":2,\"name\":\"Travaille \u00e0 Be Hostels dans nos auberges de Barcelone et Saragosse\"}]},{\"@type\":\"WebSite\",\"@id\":\"https:\/\/behostels.com\/fr\/#website\",\"url\":\"https:\/\/behostels.com\/fr\/\",\"name\":\"Be Hostels\",\"description\":\"\",\"publisher\":{\"@id\":\"https:\/\/behostels.com\/fr\/#organization\"},\"potentialAction\":[{\"@type\":\"SearchAction\",\"target\":{\"@type\":\"EntryPoint\",\"urlTemplate\":\"https:\/\/behostels.com\/fr\/?s={search_term_string}\"},\"query-input\":\"required name=search_term_string\"}],\"inLanguage\":\"fr-FR\"},{\"@type\":\"Organization\",\"@id\":\"https:\/\/behostels.com\/fr\/#organization\",\"name\":\"Be Hostels\",\"url\":\"https:\/\/behostels.com\/fr\/\",\"logo\":{\"@type\":\"ImageObject\",\"inLanguage\":\"fr-FR\",\"@id\":\"https:\/\/behostels.com\/fr\/#\/schema\/logo\/image\/\",\"url\":\"https:\/\/behostels.com\/wp-content\/uploads\/2015\/06\/be_reservations_logo.jpg\",\"contentUrl\":\"https:\/\/behostels.com\/wp-content\/uploads\/2015\/06\/be_reservations_logo.jpg\",\"width\":130,\"height\":130,\"caption\":\"Be Hostels\"},\"image\":{\"@id\":\"https:\/\/behostels.com\/fr\/#\/schema\/logo\/image\/\"}}]}<\/script>\n<!-- \/ Yoast SEO plugin. -->","yoast_head_json":{"title":"Travaillez \u00e0 Be Hostels dans nos auberges de Barcelone et Saragosse","description":"Possibilit\u00e9s d'emploi \u00e0 Be Hostels Barcelone et Saragosse. Nous sommes constamment \u00e0 la s\u00e9lection du personnel.","robots":{"index":"index","follow":"follow","max-snippet":"max-snippet:-1","max-image-preview":"max-image-preview:large","max-video-preview":"max-video-preview:-1"},"canonical":"https:\/\/behostels.com\/fr\/travaille-a-be-hostels-dans-nos-auberges-de-barcelone-et-saragosse\/","og_locale":"fr_FR","og_type":"article","og_title":"Travaillez \u00e0 Be Hostels dans nos auberges de Barcelone et Saragosse","og_description":"Possibilit\u00e9s d'emploi \u00e0 Be Hostels Barcelone et Saragosse. Nous sommes constamment \u00e0 la s\u00e9lection du personnel.","og_url":"https:\/\/behostels.com\/fr\/travaille-a-be-hostels-dans-nos-auberges-de-barcelone-et-saragosse\/","og_site_name":"Be Hostels","article_modified_time":"2015-07-16T09:46:18+00:00","og_image":[{"url":"https:\/\/behostels.com\/wp-content\/uploads\/2015\/07\/work-with-us.jpg"}],"twitter_card":"summary_large_image","twitter_misc":{"Dur\u00e9e de lecture estim\u00e9e":"1 minute"},"schema":{"@context":"https:\/\/schema.org","@graph":[{"@type":"WebPage","@id":"https:\/\/behostels.com\/fr\/travaille-a-be-hostels-dans-nos-auberges-de-barcelone-et-saragosse\/","url":"https:\/\/behostels.com\/fr\/travaille-a-be-hostels-dans-nos-auberges-de-barcelone-et-saragosse\/","name":"Travaillez \u00e0 Be Hostels dans nos auberges de Barcelone et Saragosse","isPartOf":{"@id":"https:\/\/behostels.com\/fr\/#website"},"primaryImageOfPage":{"@id":"https:\/\/behostels.com\/fr\/travaille-a-be-hostels-dans-nos-auberges-de-barcelone-et-saragosse\/#primaryimage"},"image":{"@id":"https:\/\/behostels.com\/fr\/travaille-a-be-hostels-dans-nos-auberges-de-barcelone-et-saragosse\/#primaryimage"},"thumbnailUrl":"https:\/\/behostels.com\/wp-content\/uploads\/2015\/07\/work-with-us.jpg","datePublished":"2015-06-22T13:30:42+00:00","dateModified":"2015-07-16T09:46:18+00:00","description":"Possibilit\u00e9s d'emploi \u00e0 Be Hostels Barcelone et Saragosse. Nous sommes constamment \u00e0 la s\u00e9lection du personnel.","breadcrumb":{"@id":"https:\/\/behostels.com\/fr\/travaille-a-be-hostels-dans-nos-auberges-de-barcelone-et-saragosse\/#breadcrumb"},"inLanguage":"fr-FR","potentialAction":[{"@type":"ReadAction","target":["https:\/\/behostels.com\/fr\/travaille-a-be-hostels-dans-nos-auberges-de-barcelone-et-saragosse\/"]}]},{"@type":"ImageObject","inLanguage":"fr-FR","@id":"https:\/\/behostels.com\/fr\/travaille-a-be-hostels-dans-nos-auberges-de-barcelone-et-saragosse\/#primaryimage","url":"https:\/\/behostels.com\/wp-content\/uploads\/2015\/07\/work-with-us.jpg","contentUrl":"https:\/\/behostels.com\/wp-content\/uploads\/2015\/07\/work-with-us.jpg"},{"@type":"BreadcrumbList","@id":"https:\/\/behostels.com\/fr\/travaille-a-be-hostels-dans-nos-auberges-de-barcelone-et-saragosse\/#breadcrumb","itemListElement":[{"@type":"ListItem","position":1,"name":"Home","item":"https:\/\/behostels.com\/fr\/"},{"@type":"ListItem","position":2,"name":"Travaille \u00e0 Be Hostels dans nos auberges de Barcelone et Saragosse"}]},{"@type":"WebSite","@id":"https:\/\/behostels.com\/fr\/#website","url":"https:\/\/behostels.com\/fr\/","name":"Be Hostels","description":"","publisher":{"@id":"https:\/\/behostels.com\/fr\/#organization"},"potentialAction":[{"@type":"SearchAction","target":{"@type":"EntryPoint","urlTemplate":"https:\/\/behostels.com\/fr\/?s={search_term_string}"},"query-input":"required name=search_term_string"}],"inLanguage":"fr-FR"},{"@type":"Organization","@id":"https:\/\/behostels.com\/fr\/#organization","name":"Be Hostels","url":"https:\/\/behostels.com\/fr\/","logo":{"@type":"ImageObject","inLanguage":"fr-FR","@id":"https:\/\/behostels.com\/fr\/#\/schema\/logo\/image\/","url":"https:\/\/behostels.com\/wp-content\/uploads\/2015\/06\/be_reservations_logo.jpg","contentUrl":"https:\/\/behostels.com\/wp-content\/uploads\/2015\/06\/be_reservations_logo.jpg","width":130,"height":130,"caption":"Be Hostels"},"image":{"@id":"https:\/\/behostels.com\/fr\/#\/schema\/logo\/image\/"}}]}},"_links":{"self":[{"href":"https:\/\/behostels.com\/fr\/wp-json\/wp\/v2\/pages\/794"}],"collection":[{"href":"https:\/\/behostels.com\/fr\/wp-json\/wp\/v2\/pages"}],"about":[{"href":"https:\/\/behostels.com\/fr\/wp-json\/wp\/v2\/types\/page"}],"author":[{"embeddable":true,"href":"https:\/\/behostels.com\/fr\/wp-json\/wp\/v2\/users\/1"}],"replies":[{"embeddable":true,"href":"https:\/\/behostels.com\/fr\/wp-json\/wp\/v2\/comments?post=794"}],"version-history":[{"count":0,"href":"https:\/\/behostels.com\/fr\/wp-json\/wp\/v2\/pages\/794\/revisions"}],"wp:attachment":[{"href":"https:\/\/behostels.com\/fr\/wp-json\/wp\/v2\/media?parent=794"}],"curies":[{"name":"wp","href":"https:\/\/api.w.org\/{rel}","templated":true}]}}