{"id":7,"date":"2015-06-08T14:28:50","date_gmt":"2015-06-08T14:28:50","guid":{"rendered":"https:\/\/behostels.com\/?page_id=7"},"modified":"2015-07-15T12:12:28","modified_gmt":"2015-07-15T12:12:28","slug":"hebergement-a-barcelone-pourquoi-be-hostels","status":"publish","type":"page","link":"https:\/\/behostels.com\/fr\/hebergement-a-barcelone-pourquoi-be-hostels\/","title":{"rendered":"H\u00e9bergement \u00e0 Barcelone: Pourquoi Be Hostels?"},"content":{"rendered":"<h3><a title=\"Enjoy Barcelona\u2019s best affordable lodging at Be Hostels!\" href=\"https:\/\/behostels.com\/\">Be Hostels maintient le sens traditionnel des auberges, cr\u00e9ant ainsi un site qui vous invite \u00e0 rencontrer d&rsquo;autres voyageurs.<\/a><\/h3>\r\n<h2 class=\"fantasy\">Be Hostels Barcelona: Meilleures installations, les prix les moins chers<\/h2>\r\n<div class=\"uk-grid uk-text-left uk-flex-middle\">\r\n\t<div class=\"uk-width-medium-1-3\">\r\n\t\t<div class=\"uk-overlay uk-overlay-hover uk-border-circle\">\r\n\t\t\t<img decoding=\"async\" src=\"\/wp-content\/uploads\/2015\/06\/why-choose-be-hostels1.jpg\" class=\"uk-border-circle uk-overlay-scale\" alt=\"Why choose Be hostels?\">\r\n\t\t<\/div>\r\n\t<\/div>\r\n\t<div class=\"uk-width-medium-2-3\">\r\n\t<p>Vous rentrerez chez vous et vous aurez des nouveaux amis! Rencontrer des gens venus du monde entier dans les aires communes et dans les diverses <strong>activit\u00e9s<\/strong>.<\/p>\r\n<p>Restez \u00e0 <a title=\"Enjoy Barcelona\u2019s best affordable lodging at Be Hostels!\" href=\"https:\/\/behostels.com\/\"><strong>Be Hostels<\/strong> <\/a>et profitez d&rsquo;un voyage unique. <strong>Barcelone<\/strong> est un r\u00eave sans fin.<\/blockquote>En outre, <strong>Be Hostels<\/strong> vous offre les meilleurs outils technologiques pour le voyage: <strong>internet wi-fi gratuit<\/strong>, ordinateurs avec <strong>acc\u00e8s \u00e0 internet dans les espaces publics<\/strong>, le meilleur syst\u00e8me de r\u00e9servations et les informations pertinentes \u00e0 ce qui arrive \u00e0 <strong>Barcelone<\/strong> gr\u00e2ce \u00e0 notre <strong> <a title=\"Be Hostels Blog and News about Barcelona lifestyle!\" href=\"https:\/\/behostels.com\/barcelona-news\/\">blog.<\/a><\/strong><\/p>\r\n\r\n<p>Dans <a title=\"Enjoy Barcelona\u2019s best affordable lodging at Be Hostels!\" href=\"https:\/\/behostels.com\/\"><strong>Be Hostels<\/strong><\/a> vous trouverez non seulement les <strong>meilleurs prix<\/strong> de <strong>h\u00e9bergement<\/strong> alternatif, il offre \u00e9galement un <strong>petit d\u00e9jeuner gratuit, tours en v\u00e9lo et \u00e0 pied<\/strong>.<\/p>\r\n\r\nLorsque vous arrivez \u00e0<strong> Be Hostels<\/strong> on vous offre un verre de <strong>vin<\/strong> ou une <strong>bi\u00e8re<\/strong> avec une \u201c<strong>tapa<\/strong>\u201d dans le restaurant de <a title=\"Be Hostels Restaurant in Barcelona: Mes\u00f3n David\" href=\"https:\/\/behostels.com\/be-hostels-restaurant-2\/\"> <strong>Be Hostels<\/a>: Meson David<\/strong>.\r\n\r\n\r\n\t<\/div>\r\n<\/div>\r\n\r\n\r\n<p><strong>Barcelone<\/strong> est une ville tr\u00e8s active, donc sur les sites de r\u00e9ception, nous vous recommandons les places qu&rsquo;on ne faut pas manquer. Nous vous proposons les meilleures options pour vous permettre de d\u00e9couvrir la ville. <strong><a title=\"Enjoy Barcelona\u2019s best affordable lodging at Be Hostels!\" href=\"https:\/\/behostels.com\/\">Be Hostels<\/a><\/strong> a les meilleurs emplacements; <strong><a title=\"Be Mar Hostel Barcelona\" href=\"https:\/\/behostels.com\/mar\">Be Mar Hostel<\/a><\/strong>, <strong><a title=\"Be Sound Hostel in Barcelona\" href=\"https:\/\/behostels.com\/sound\">Be Sound Hostel<\/a><\/strong> et <strong><a title=\"Be Ramblas Hotel in Barcelona\" href=\"https:\/\/behostels.com\/ramblas\">Be Ramblas Hotel<\/a><\/strong> sont au centre, et <strong><a title=\"Be Dream Hostel in Barcelona next to the beach\" href=\"https:\/\/behostels.com\/dream\">Be Dream Hostel<\/a><\/strong> est notre auberge \u00e0 Barcelone \u00e0 c\u00f4t\u00e9 de la plage.<\/p>\r\n<div class=\"destacado\"><strong><a title=\"Enjoy Barcelona\u2019s best affordable lodging at Be Hostels!\" href=\"https:\/\/behostels.com\/\">Be Hostel<\/a><\/strong> est une garantie d&rsquo;<strong>h\u00e9bergement de qualit\u00e9<\/strong>, propre et s\u00fbr, bien situ\u00e9 et avec les meilleurs prix. Restez \u00e0 Be Hostels et avez un s\u00e9jour unique \u00e0 <strong>Barcelone<\/strong>.<\/div>\r\n<span class=\"frase\">Continue de voyager, continue de sourire!<\/span>\r\n","protected":false},"excerpt":{"rendered":"<p>Be Hostels maintient le sens traditionnel des auberges, cr\u00e9ant ainsi un site qui vous invite \u00e0 rencontrer d&rsquo;autres voyageurs. Be Hostels Barcelona: Meilleures installations, les prix les moins chers Vous rentrerez chez vous et vous aurez des nouveaux amis! Rencontrer des gens venus du monde entier dans les aires communes et dans les diverses activit\u00e9s. [&hellip;]<\/p>\n","protected":false},"author":1,"featured_media":0,"parent":0,"menu_order":0,"comment_status":"closed","ping_status":"closed","template":"","meta":{"footnotes":""},"yoast_head":"<!-- This site is optimized with the Yoast SEO plugin v22.7 - https:\/\/yoast.com\/wordpress\/plugins\/seo\/ -->\n<title>H\u00e9bergement \u00e0 Barcelone: Pourquoi Be Hostels ?<\/title>\n<meta name=\"description\" content=\"Be Hostels offre les meilleurs services pour le voyageur alternatif. Barcelone est un r\u00eave sans fin, venez le vivre \u00e0 Be Hostels !\" \/>\n<meta name=\"robots\" content=\"index, follow, max-snippet:-1, max-image-preview:large, max-video-preview:-1\" \/>\n<link rel=\"canonical\" href=\"https:\/\/behostels.com\/fr\/hebergement-a-barcelone-pourquoi-be-hostels\/\" \/>\n<meta property=\"og:locale\" content=\"fr_FR\" \/>\n<meta property=\"og:type\" content=\"article\" \/>\n<meta property=\"og:title\" content=\"H\u00e9bergement \u00e0 Barcelone: Pourquoi Be Hostels ?\" \/>\n<meta property=\"og:description\" content=\"Be Hostels offre les meilleurs services pour le voyageur alternatif. Barcelone est un r\u00eave sans fin, venez le vivre \u00e0 Be Hostels !\" \/>\n<meta property=\"og:url\" content=\"https:\/\/behostels.com\/fr\/hebergement-a-barcelone-pourquoi-be-hostels\/\" \/>\n<meta property=\"og:site_name\" content=\"Be Hostels\" \/>\n<meta property=\"article:modified_time\" content=\"2015-07-15T12:12:28+00:00\" \/>\n<meta property=\"og:image\" content=\"https:\/\/behostels.com\/wp-content\/uploads\/2015\/06\/why-choose-be-hostels1.jpg\" \/>\n<meta name=\"twitter:card\" content=\"summary_large_image\" \/>\n<meta name=\"twitter:label1\" content=\"Dur\u00e9e de lecture estim\u00e9e\" \/>\n\t<meta name=\"twitter:data1\" content=\"1 minute\" \/>\n<script type=\"application\/ld+json\" class=\"yoast-schema-graph\">{\"@context\":\"https:\/\/schema.org\",\"@graph\":[{\"@type\":\"WebPage\",\"@id\":\"https:\/\/behostels.com\/fr\/hebergement-a-barcelone-pourquoi-be-hostels\/\",\"url\":\"https:\/\/behostels.com\/fr\/hebergement-a-barcelone-pourquoi-be-hostels\/\",\"name\":\"H\u00e9bergement \u00e0 Barcelone: Pourquoi Be Hostels ?\",\"isPartOf\":{\"@id\":\"https:\/\/behostels.com\/fr\/#website\"},\"datePublished\":\"2015-06-08T14:28:50+00:00\",\"dateModified\":\"2015-07-15T12:12:28+00:00\",\"description\":\"Be Hostels offre les meilleurs services pour le voyageur alternatif. Barcelone est un r\u00eave sans fin, venez le vivre \u00e0 Be Hostels !\",\"breadcrumb\":{\"@id\":\"https:\/\/behostels.com\/fr\/hebergement-a-barcelone-pourquoi-be-hostels\/#breadcrumb\"},\"inLanguage\":\"fr-FR\",\"potentialAction\":[{\"@type\":\"ReadAction\",\"target\":[\"https:\/\/behostels.com\/fr\/hebergement-a-barcelone-pourquoi-be-hostels\/\"]}]},{\"@type\":\"BreadcrumbList\",\"@id\":\"https:\/\/behostels.com\/fr\/hebergement-a-barcelone-pourquoi-be-hostels\/#breadcrumb\",\"itemListElement\":[{\"@type\":\"ListItem\",\"position\":1,\"name\":\"Home\",\"item\":\"https:\/\/behostels.com\/fr\/\"},{\"@type\":\"ListItem\",\"position\":2,\"name\":\"H\u00e9bergement \u00e0 Barcelone: Pourquoi Be Hostels?\"}]},{\"@type\":\"WebSite\",\"@id\":\"https:\/\/behostels.com\/fr\/#website\",\"url\":\"https:\/\/behostels.com\/fr\/\",\"name\":\"Be Hostels\",\"description\":\"\",\"publisher\":{\"@id\":\"https:\/\/behostels.com\/fr\/#organization\"},\"potentialAction\":[{\"@type\":\"SearchAction\",\"target\":{\"@type\":\"EntryPoint\",\"urlTemplate\":\"https:\/\/behostels.com\/fr\/?s={search_term_string}\"},\"query-input\":\"required name=search_term_string\"}],\"inLanguage\":\"fr-FR\"},{\"@type\":\"Organization\",\"@id\":\"https:\/\/behostels.com\/fr\/#organization\",\"name\":\"Be Hostels\",\"url\":\"https:\/\/behostels.com\/fr\/\",\"logo\":{\"@type\":\"ImageObject\",\"inLanguage\":\"fr-FR\",\"@id\":\"https:\/\/behostels.com\/fr\/#\/schema\/logo\/image\/\",\"url\":\"https:\/\/behostels.com\/wp-content\/uploads\/2015\/06\/be_reservations_logo.jpg\",\"contentUrl\":\"https:\/\/behostels.com\/wp-content\/uploads\/2015\/06\/be_reservations_logo.jpg\",\"width\":130,\"height\":130,\"caption\":\"Be Hostels\"},\"image\":{\"@id\":\"https:\/\/behostels.com\/fr\/#\/schema\/logo\/image\/\"}}]}<\/script>\n<!-- \/ Yoast SEO plugin. -->","yoast_head_json":{"title":"H\u00e9bergement \u00e0 Barcelone: Pourquoi Be Hostels ?","description":"Be Hostels offre les meilleurs services pour le voyageur alternatif. Barcelone est un r\u00eave sans fin, venez le vivre \u00e0 Be Hostels !","robots":{"index":"index","follow":"follow","max-snippet":"max-snippet:-1","max-image-preview":"max-image-preview:large","max-video-preview":"max-video-preview:-1"},"canonical":"https:\/\/behostels.com\/fr\/hebergement-a-barcelone-pourquoi-be-hostels\/","og_locale":"fr_FR","og_type":"article","og_title":"H\u00e9bergement \u00e0 Barcelone: Pourquoi Be Hostels ?","og_description":"Be Hostels offre les meilleurs services pour le voyageur alternatif. Barcelone est un r\u00eave sans fin, venez le vivre \u00e0 Be Hostels !","og_url":"https:\/\/behostels.com\/fr\/hebergement-a-barcelone-pourquoi-be-hostels\/","og_site_name":"Be Hostels","article_modified_time":"2015-07-15T12:12:28+00:00","og_image":[{"url":"https:\/\/behostels.com\/wp-content\/uploads\/2015\/06\/why-choose-be-hostels1.jpg"}],"twitter_card":"summary_large_image","twitter_misc":{"Dur\u00e9e de lecture estim\u00e9e":"1 minute"},"schema":{"@context":"https:\/\/schema.org","@graph":[{"@type":"WebPage","@id":"https:\/\/behostels.com\/fr\/hebergement-a-barcelone-pourquoi-be-hostels\/","url":"https:\/\/behostels.com\/fr\/hebergement-a-barcelone-pourquoi-be-hostels\/","name":"H\u00e9bergement \u00e0 Barcelone: Pourquoi Be Hostels ?","isPartOf":{"@id":"https:\/\/behostels.com\/fr\/#website"},"datePublished":"2015-06-08T14:28:50+00:00","dateModified":"2015-07-15T12:12:28+00:00","description":"Be Hostels offre les meilleurs services pour le voyageur alternatif. Barcelone est un r\u00eave sans fin, venez le vivre \u00e0 Be Hostels !","breadcrumb":{"@id":"https:\/\/behostels.com\/fr\/hebergement-a-barcelone-pourquoi-be-hostels\/#breadcrumb"},"inLanguage":"fr-FR","potentialAction":[{"@type":"ReadAction","target":["https:\/\/behostels.com\/fr\/hebergement-a-barcelone-pourquoi-be-hostels\/"]}]},{"@type":"BreadcrumbList","@id":"https:\/\/behostels.com\/fr\/hebergement-a-barcelone-pourquoi-be-hostels\/#breadcrumb","itemListElement":[{"@type":"ListItem","position":1,"name":"Home","item":"https:\/\/behostels.com\/fr\/"},{"@type":"ListItem","position":2,"name":"H\u00e9bergement \u00e0 Barcelone: Pourquoi Be Hostels?"}]},{"@type":"WebSite","@id":"https:\/\/behostels.com\/fr\/#website","url":"https:\/\/behostels.com\/fr\/","name":"Be Hostels","description":"","publisher":{"@id":"https:\/\/behostels.com\/fr\/#organization"},"potentialAction":[{"@type":"SearchAction","target":{"@type":"EntryPoint","urlTemplate":"https:\/\/behostels.com\/fr\/?s={search_term_string}"},"query-input":"required name=search_term_string"}],"inLanguage":"fr-FR"},{"@type":"Organization","@id":"https:\/\/behostels.com\/fr\/#organization","name":"Be Hostels","url":"https:\/\/behostels.com\/fr\/","logo":{"@type":"ImageObject","inLanguage":"fr-FR","@id":"https:\/\/behostels.com\/fr\/#\/schema\/logo\/image\/","url":"https:\/\/behostels.com\/wp-content\/uploads\/2015\/06\/be_reservations_logo.jpg","contentUrl":"https:\/\/behostels.com\/wp-content\/uploads\/2015\/06\/be_reservations_logo.jpg","width":130,"height":130,"caption":"Be Hostels"},"image":{"@id":"https:\/\/behostels.com\/fr\/#\/schema\/logo\/image\/"}}]}},"_links":{"self":[{"href":"https:\/\/behostels.com\/fr\/wp-json\/wp\/v2\/pages\/7"}],"collection":[{"href":"https:\/\/behostels.com\/fr\/wp-json\/wp\/v2\/pages"}],"about":[{"href":"https:\/\/behostels.com\/fr\/wp-json\/wp\/v2\/types\/page"}],"author":[{"embeddable":true,"href":"https:\/\/behostels.com\/fr\/wp-json\/wp\/v2\/users\/1"}],"replies":[{"embeddable":true,"href":"https:\/\/behostels.com\/fr\/wp-json\/wp\/v2\/comments?post=7"}],"version-history":[{"count":0,"href":"https:\/\/behostels.com\/fr\/wp-json\/wp\/v2\/pages\/7\/revisions"}],"wp:attachment":[{"href":"https:\/\/behostels.com\/fr\/wp-json\/wp\/v2\/media?parent=7"}],"curies":[{"name":"wp","href":"https:\/\/api.w.org\/{rel}","templated":true}]}}