{"id":615,"date":"2015-06-18T13:12:22","date_gmt":"2015-06-18T13:12:22","guid":{"rendered":"https:\/\/behostels.com\/?page_id=615"},"modified":"2019-12-12T10:24:27","modified_gmt":"2019-12-12T10:24:27","slug":"apartments-equipements","status":"publish","type":"page","link":"https:\/\/behostels.com\/fr\/be-apartments\/apartments-equipements\/","title":{"rendered":"Ce sont les services que nous offrons \u00e0 Be Apartments"},"content":{"rendered":"<div class=\"uk-grid\">\r\n<div class=\"uk-width-large-1-2 uk-width-medium-1-2 uk-width-small-1-1\">\r\n<ul>\r\n    <li>Wifi gratuit dans les chambres<\/li>\r\n    <li>Tour de Barcelone gratuit<\/li>\r\n    <li>Cartes de Barcelone gratuit<\/li>\r\n    <li>Les frais de stationnement de voiture<\/li>\r\n<\/ul>\r\n<\/div>\r\n<div class=\"uk-width-large-1-2 uk-width-medium-1-2 uk-width-small-1-1\">\r\n<ul>\r\n    <li>R\u00e9ception ouverte de 9:00 \u00e0 14:00<\/li>\r\n    <li>L&rsquo;entr\u00e9e \u00e0 partir de 14h00 est \u00e0 Be Sound Hostel<\/li>\r\n    <li>Salles communes agr\u00e9ables et confortables<\/li>\r\n    <li>Air conditionn\u00e9 et chauffage<\/li>\r\n    <li>Des activit\u00e9s telles que des visites \u00e0 pied, le Tour de tapas et flamenco, etc<\/li>\r\n    <li>Un service de stockage de bagages<\/li>\r\n<\/ul>\r\n<\/div>\r\n<\/div>","protected":false},"excerpt":{"rendered":"<p>Wifi gratuit dans les chambres Tour de Barcelone gratuit Cartes de Barcelone gratuit Les frais de stationnement de voiture R\u00e9ception ouverte de 9:00 \u00e0 14:00 L&rsquo;entr\u00e9e \u00e0 partir de 14h00 est \u00e0 Be Sound Hostel Salles communes agr\u00e9ables et confortables Air conditionn\u00e9 et chauffage Des activit\u00e9s telles que des visites \u00e0 pied, le Tour de [&hellip;]<\/p>\n","protected":false},"author":1,"featured_media":0,"parent":418,"menu_order":0,"comment_status":"closed","ping_status":"closed","template":"","meta":{"footnotes":""},"yoast_head":"<!-- This site is optimized with the Yoast SEO plugin v22.7 - https:\/\/yoast.com\/wordpress\/plugins\/seo\/ -->\n<title>Apartments \u00c8quipements<\/title>\n<meta name=\"description\" content=\"Apartments \u00c8quipements\" \/>\n<meta name=\"robots\" content=\"index, follow, max-snippet:-1, max-image-preview:large, max-video-preview:-1\" \/>\n<link rel=\"canonical\" href=\"https:\/\/behostels.com\/fr\/be-apartments\/apartments-equipements\/\" \/>\n<meta property=\"og:locale\" content=\"fr_FR\" \/>\n<meta property=\"og:type\" content=\"article\" \/>\n<meta property=\"og:title\" content=\"Apartments \u00c8quipements\" \/>\n<meta property=\"og:description\" content=\"Apartments \u00c8quipements\" \/>\n<meta property=\"og:url\" content=\"https:\/\/behostels.com\/fr\/be-apartments\/apartments-equipements\/\" \/>\n<meta property=\"og:site_name\" content=\"Be Hostels\" \/>\n<meta property=\"article:modified_time\" content=\"2019-12-12T10:24:27+00:00\" \/>\n<meta name=\"twitter:card\" content=\"summary_large_image\" \/>\n<script type=\"application\/ld+json\" class=\"yoast-schema-graph\">{\"@context\":\"https:\/\/schema.org\",\"@graph\":[{\"@type\":\"WebPage\",\"@id\":\"https:\/\/behostels.com\/fr\/be-apartments\/apartments-equipements\/\",\"url\":\"https:\/\/behostels.com\/fr\/be-apartments\/apartments-equipements\/\",\"name\":\"Apartments \u00c8quipements\",\"isPartOf\":{\"@id\":\"https:\/\/behostels.com\/fr\/#website\"},\"datePublished\":\"2015-06-18T13:12:22+00:00\",\"dateModified\":\"2019-12-12T10:24:27+00:00\",\"description\":\"Apartments \u00c8quipements\",\"breadcrumb\":{\"@id\":\"https:\/\/behostels.com\/fr\/be-apartments\/apartments-equipements\/#breadcrumb\"},\"inLanguage\":\"fr-FR\",\"potentialAction\":[{\"@type\":\"ReadAction\",\"target\":[\"https:\/\/behostels.com\/fr\/be-apartments\/apartments-equipements\/\"]}]},{\"@type\":\"BreadcrumbList\",\"@id\":\"https:\/\/behostels.com\/fr\/be-apartments\/apartments-equipements\/#breadcrumb\",\"itemListElement\":[{\"@type\":\"ListItem\",\"position\":1,\"name\":\"Home\",\"item\":\"https:\/\/behostels.com\/fr\/\"},{\"@type\":\"ListItem\",\"position\":2,\"name\":\"Be Apartments\",\"item\":\"https:\/\/behostels.com\/fr\/be-apartments\/\"},{\"@type\":\"ListItem\",\"position\":3,\"name\":\"Ce sont les services que nous offrons \u00e0 Be Apartments\"}]},{\"@type\":\"WebSite\",\"@id\":\"https:\/\/behostels.com\/fr\/#website\",\"url\":\"https:\/\/behostels.com\/fr\/\",\"name\":\"Be Hostels\",\"description\":\"\",\"publisher\":{\"@id\":\"https:\/\/behostels.com\/fr\/#organization\"},\"potentialAction\":[{\"@type\":\"SearchAction\",\"target\":{\"@type\":\"EntryPoint\",\"urlTemplate\":\"https:\/\/behostels.com\/fr\/?s={search_term_string}\"},\"query-input\":\"required name=search_term_string\"}],\"inLanguage\":\"fr-FR\"},{\"@type\":\"Organization\",\"@id\":\"https:\/\/behostels.com\/fr\/#organization\",\"name\":\"Be Hostels\",\"url\":\"https:\/\/behostels.com\/fr\/\",\"logo\":{\"@type\":\"ImageObject\",\"inLanguage\":\"fr-FR\",\"@id\":\"https:\/\/behostels.com\/fr\/#\/schema\/logo\/image\/\",\"url\":\"https:\/\/behostels.com\/wp-content\/uploads\/2015\/06\/be_reservations_logo.jpg\",\"contentUrl\":\"https:\/\/behostels.com\/wp-content\/uploads\/2015\/06\/be_reservations_logo.jpg\",\"width\":130,\"height\":130,\"caption\":\"Be Hostels\"},\"image\":{\"@id\":\"https:\/\/behostels.com\/fr\/#\/schema\/logo\/image\/\"}}]}<\/script>\n<!-- \/ Yoast SEO plugin. -->","yoast_head_json":{"title":"Apartments \u00c8quipements","description":"Apartments \u00c8quipements","robots":{"index":"index","follow":"follow","max-snippet":"max-snippet:-1","max-image-preview":"max-image-preview:large","max-video-preview":"max-video-preview:-1"},"canonical":"https:\/\/behostels.com\/fr\/be-apartments\/apartments-equipements\/","og_locale":"fr_FR","og_type":"article","og_title":"Apartments \u00c8quipements","og_description":"Apartments \u00c8quipements","og_url":"https:\/\/behostels.com\/fr\/be-apartments\/apartments-equipements\/","og_site_name":"Be Hostels","article_modified_time":"2019-12-12T10:24:27+00:00","twitter_card":"summary_large_image","schema":{"@context":"https:\/\/schema.org","@graph":[{"@type":"WebPage","@id":"https:\/\/behostels.com\/fr\/be-apartments\/apartments-equipements\/","url":"https:\/\/behostels.com\/fr\/be-apartments\/apartments-equipements\/","name":"Apartments \u00c8quipements","isPartOf":{"@id":"https:\/\/behostels.com\/fr\/#website"},"datePublished":"2015-06-18T13:12:22+00:00","dateModified":"2019-12-12T10:24:27+00:00","description":"Apartments \u00c8quipements","breadcrumb":{"@id":"https:\/\/behostels.com\/fr\/be-apartments\/apartments-equipements\/#breadcrumb"},"inLanguage":"fr-FR","potentialAction":[{"@type":"ReadAction","target":["https:\/\/behostels.com\/fr\/be-apartments\/apartments-equipements\/"]}]},{"@type":"BreadcrumbList","@id":"https:\/\/behostels.com\/fr\/be-apartments\/apartments-equipements\/#breadcrumb","itemListElement":[{"@type":"ListItem","position":1,"name":"Home","item":"https:\/\/behostels.com\/fr\/"},{"@type":"ListItem","position":2,"name":"Be Apartments","item":"https:\/\/behostels.com\/fr\/be-apartments\/"},{"@type":"ListItem","position":3,"name":"Ce sont les services que nous offrons \u00e0 Be Apartments"}]},{"@type":"WebSite","@id":"https:\/\/behostels.com\/fr\/#website","url":"https:\/\/behostels.com\/fr\/","name":"Be Hostels","description":"","publisher":{"@id":"https:\/\/behostels.com\/fr\/#organization"},"potentialAction":[{"@type":"SearchAction","target":{"@type":"EntryPoint","urlTemplate":"https:\/\/behostels.com\/fr\/?s={search_term_string}"},"query-input":"required name=search_term_string"}],"inLanguage":"fr-FR"},{"@type":"Organization","@id":"https:\/\/behostels.com\/fr\/#organization","name":"Be Hostels","url":"https:\/\/behostels.com\/fr\/","logo":{"@type":"ImageObject","inLanguage":"fr-FR","@id":"https:\/\/behostels.com\/fr\/#\/schema\/logo\/image\/","url":"https:\/\/behostels.com\/wp-content\/uploads\/2015\/06\/be_reservations_logo.jpg","contentUrl":"https:\/\/behostels.com\/wp-content\/uploads\/2015\/06\/be_reservations_logo.jpg","width":130,"height":130,"caption":"Be Hostels"},"image":{"@id":"https:\/\/behostels.com\/fr\/#\/schema\/logo\/image\/"}}]}},"_links":{"self":[{"href":"https:\/\/behostels.com\/fr\/wp-json\/wp\/v2\/pages\/615"}],"collection":[{"href":"https:\/\/behostels.com\/fr\/wp-json\/wp\/v2\/pages"}],"about":[{"href":"https:\/\/behostels.com\/fr\/wp-json\/wp\/v2\/types\/page"}],"author":[{"embeddable":true,"href":"https:\/\/behostels.com\/fr\/wp-json\/wp\/v2\/users\/1"}],"replies":[{"embeddable":true,"href":"https:\/\/behostels.com\/fr\/wp-json\/wp\/v2\/comments?post=615"}],"version-history":[{"count":0,"href":"https:\/\/behostels.com\/fr\/wp-json\/wp\/v2\/pages\/615\/revisions"}],"up":[{"embeddable":true,"href":"https:\/\/behostels.com\/fr\/wp-json\/wp\/v2\/pages\/418"}],"wp:attachment":[{"href":"https:\/\/behostels.com\/fr\/wp-json\/wp\/v2\/media?parent=615"}],"curies":[{"name":"wp","href":"https:\/\/api.w.org\/{rel}","templated":true}]}}