{"id":529,"date":"2015-06-17T15:45:46","date_gmt":"2015-06-17T15:45:46","guid":{"rendered":"https:\/\/behostels.com\/?page_id=529"},"modified":"2015-06-25T13:29:46","modified_gmt":"2015-06-25T13:29:46","slug":"information-utile-de-be-hostels-contactez-avec-nos-auberges-de-barcelone-et-saragosse","status":"publish","type":"page","link":"https:\/\/behostels.com\/fr\/information-utile-de-be-hostels-contactez-avec-nos-auberges-de-barcelone-et-saragosse\/","title":{"rendered":"Information utile de Be Hostels : contactez avec nos auberges de Barcelone et Saragosse"},"content":{"rendered":"Notre personnel est heureux de vous aider \u00e0 tout moment. Si vous avez des questions concernant les <strong><a href=\"https:\/\/behostels.com\/fr\/reservations-a-be-hostels\/\">r\u00e9servations<\/a><\/strong> par t\u00e9l\u00e9phone ou les r\u00e9servations on-line, questions sur <strong>Barcelone<\/strong> ou si vous avez besoin d&rsquo;informations concernant <a href=\"https:\/\/behostels.com\/fr\/\"><strong>Be Hostels<\/strong><\/a>, vous aurez la r\u00e9ponse rapidement. La r\u00e9ception est <strong>ouverte 24 heures<\/strong> par jour et peut \u00eatre contact\u00e9 directement par t\u00e9l\u00e9phone ou email.\r\n\n<div  data-uk-scrollspy=\"{target:'> div > [data-uk-scrollspy-cls]', delay:300}\">\n\n\n    \n    <div class=\"uk-grid uk-text-left uk-flex-middle\" data-uk-grid-match data-uk-margin=\"{cls:'uk-margin-top'}\">\n\n                <div class=\"uk-width-medium-3-10 uk-text-center uk-invisible\"  data-uk-scrollspy-cls=\"uk-animation-fade uk-invisible\">\n            <div class=\"uk-overlay uk-overlay-hover uk-border-circle\"><img decoding=\"async\" src=\"\/wp-content\/uploads\/2015\/07\/be-hostels-groups-contact.jpg\" class=\"uk-border-circle uk-overlay-scale\" alt=\"Groups Reservations\"><div class=\"uk-overlay-panel uk-overlay-background uk-overlay-icon uk-overlay-fade\"><\/div><\/div>        <\/div>\n        \n                <div class=\"uk-width-medium-7-10 uk-invisible\"  data-uk-scrollspy-cls=\"uk-animation-slide-right uk-invisible\">\n            <div class=\"uk-panel uk-panel-space uk-width-1-1\">\n\n                \n                \n                                <div class=\"uk-margin\"><h2><a title=\"Groups Reservations\" href=\"http:\/\/behostels.com\/groups-2\/\"><strong>Groups Reservations<\/strong><\/a><\/h2>\n<ul>\n\t<li>Srta. Ana<\/li>\n\t<li>Phone: (+34) 93 324 85 30<\/li>\n\t<li>Fax: (+34) 93 324 85 31<\/li>\n\t<li>Carrer Sant Pau 80<\/li>\n\t<li>08001 Barcelona-Spain<\/li>\n\t<li><a href=\"mailto:groups@behostels.com\">groups@behostels.com<\/a><\/li>\n\t<li><a href=\"http:\/\/behostels.com\/groups-2\/\">www.behostels.com\/groups<\/a><\/li>\n<\/ul><\/div>\n                \n                \n                \n            <\/div>\n        <\/div>\n        \n    <\/div>\n\n    \n\n    \n    <div class=\"uk-grid uk-text-left uk-flex-middle\" data-uk-grid-match data-uk-margin=\"{cls:'uk-margin-top'}\">\n\n                <div class=\"uk-width-medium-3-10 uk-text-center uk-invisible\"  data-uk-scrollspy-cls=\"uk-animation-fade uk-invisible\">\n            <div class=\"uk-overlay uk-overlay-hover uk-border-circle\"><img decoding=\"async\" src=\"\/wp-content\/uploads\/2015\/06\/barcelona-be-dream-01.jpg\" class=\"uk-border-circle uk-overlay-scale\" alt=\"Be Dream Hostel\"><div class=\"uk-overlay-panel uk-overlay-background uk-overlay-icon uk-overlay-fade\"><\/div><\/div>        <\/div>\n        \n                <div class=\"uk-width-medium-7-10 uk-invisible\"  data-uk-scrollspy-cls=\"uk-animation-slide-right uk-invisible\">\n            <div class=\"uk-panel uk-panel-space uk-width-1-1\">\n\n                \n                \n                                <div class=\"uk-margin\"><div itemscope itemtype=\"http:\/\/schema.org\/Hostel\" id=\"content\" class=\"\">\n<h2 itemprop=\"name\"><a href=\"http:\/\/behostels.com\/dream\/\"><strong>Be Dream Hostel<\/strong><\/a><\/h2>\n<ul>\n\t<li itemprop=\"address\">Ave. Alfonso XIII &#8211; 28 B<\/li>\n\t<li>08912 Badalona<\/li>\n\t<li>Barcelona &#8211; Spain<\/li>\n\t<li itemprop=\"telephone\">Tel:(+34) 93 399 14 20<\/li>\n\t<li itemprop=\"faxNumber\">Fax:(+34) 93 398 28 02<\/li>\n\t<li itemprop=\"email\"><a href=\"mailto:dream@behostels.com\">dream@behostels.com<\/a><\/li>\n\t<li itemprop=\" url \"><a href=\"http:\/\/behostels.com\/dream\/\">www.behostels.com\/dream<\/a><\/li>\n<\/ul>\n<\/div><\/div>\n                \n                \n                \n            <\/div>\n        <\/div>\n        \n    <\/div>\n\n    \n\n    \n    <div class=\"uk-grid uk-text-left uk-flex-middle\" data-uk-grid-match data-uk-margin=\"{cls:'uk-margin-top'}\">\n\n                <div class=\"uk-width-medium-3-10 uk-text-center uk-invisible\"  data-uk-scrollspy-cls=\"uk-animation-fade uk-invisible\">\n            <div class=\"uk-overlay uk-overlay-hover uk-border-circle\"><img decoding=\"async\" src=\"\/wp-content\/uploads\/2015\/06\/barcelona-be-sound-01.jpg\" class=\"uk-border-circle uk-overlay-scale\" alt=\"Be Sound Hostel\"><div class=\"uk-overlay-panel uk-overlay-background uk-overlay-icon uk-overlay-fade\"><\/div><\/div>        <\/div>\n        \n                <div class=\"uk-width-medium-7-10 uk-invisible\"  data-uk-scrollspy-cls=\"uk-animation-slide-right uk-invisible\">\n            <div class=\"uk-panel uk-panel-space uk-width-1-1\">\n\n                \n                \n                                <div class=\"uk-margin\"><div itemscope itemtype=\"http:\/\/schema.org\/Hostel\" id=\"content\" class=\"\">\n<h2 itemprop=\"name\"><a href=\"http:\/\/behostels.com\/sound\/\"><strong>Be Sound Hostel<\/strong><\/a><\/h2>\n<ul>\n\t<li itemprop=\"address\">Carrer Nou de La Rambla 91<\/li>\n\t<li>08001 Barcelona-Spain<\/li>\n\t<li itemprop=\"telephone\">Tel:(+34) 93 185 0800<\/li>\n\t<li itemprop=\"faxNumber\">Fax:(+34) 93 185 0803<\/li>\n\t<li itemprop=\"email\"><a href=\"mailto:sound@behostels.com\">sound@behostels.com<\/a><\/li>\n\t<li itemprop=\" url \"><a href=\"http:\/\/behostels.com\/sound\/\">www.behostels.com\/sound<\/a><\/li>\n<\/ul>\n<\/div><\/div>\n                \n                \n                \n            <\/div>\n        <\/div>\n        \n    <\/div>\n\n    \n\n    \n    <div class=\"uk-grid uk-text-left uk-flex-middle\" data-uk-grid-match data-uk-margin=\"{cls:'uk-margin-top'}\">\n\n                <div class=\"uk-width-medium-3-10 uk-text-center uk-invisible\"  data-uk-scrollspy-cls=\"uk-animation-fade uk-invisible\">\n            <div class=\"uk-overlay uk-overlay-hover uk-border-circle\"><img decoding=\"async\" src=\"\/wp-content\/uploads\/2015\/06\/barcelona-be-ramblas-01.jpg\" class=\"uk-border-circle uk-overlay-scale\" alt=\"Be Ramblas Hotel\"><div class=\"uk-overlay-panel uk-overlay-background uk-overlay-icon uk-overlay-fade\"><\/div><\/div>        <\/div>\n        \n                <div class=\"uk-width-medium-7-10 uk-invisible\"  data-uk-scrollspy-cls=\"uk-animation-slide-right uk-invisible\">\n            <div class=\"uk-panel uk-panel-space uk-width-1-1\">\n\n                \n                \n                                <div class=\"uk-margin\"><div itemscope itemtype=\"http:\/\/schema.org\/Hostel\" id=\"content\" class=\"\">\n<h2 itemprop=\"name\"><a href=\"http:\/\/behostels.com\/ramblas\/\"><strong>Be Ramblas Hotel<\/strong><\/a><\/h2>\n<ul>\n\t<li itemprop=\"address\">Carrer Nou de La Rambla 50<\/li>\n\t<li>08001 Barcelona-Spain<\/li>\n\t<li itemprop=\"telephone\">Tel:(+34) 93 442 3669<\/li>\n\t<li itemprop=\"faxNumber\">Fax:(+34) 93 324 8269<\/li>\n\t<li itemprop=\"email\"><a href=\"mailto:ramblas@behostels.com\">ramblas@behostels.com<\/a><\/li>\n\t<li itemprop=\" url \"><a href=\"http:\/\/behostels.com\/ramblas\/\">www.behostels.com\/ramblas<\/a><\/li>\n<\/ul>\n<\/div><\/div>\n                \n                \n                \n            <\/div>\n        <\/div>\n        \n    <\/div>\n\n    \n\n    \n    <div class=\"uk-grid uk-text-left uk-flex-middle\" data-uk-grid-match data-uk-margin=\"{cls:'uk-margin-top'}\">\n\n                <div class=\"uk-width-medium-3-10 uk-text-center uk-invisible\"  data-uk-scrollspy-cls=\"uk-animation-fade uk-invisible\">\n            <div class=\"uk-overlay uk-overlay-hover uk-border-circle\"><img decoding=\"async\" src=\"\/wp-content\/uploads\/2015\/06\/barcelona-be-be-zaragoza-01.jpg\" class=\"uk-border-circle uk-overlay-scale\" alt=\"Be Hostel Zaragoza\"><div class=\"uk-overlay-panel uk-overlay-background uk-overlay-icon uk-overlay-fade\"><\/div><\/div>        <\/div>\n        \n                <div class=\"uk-width-medium-7-10 uk-invisible\"  data-uk-scrollspy-cls=\"uk-animation-slide-right uk-invisible\">\n            <div class=\"uk-panel uk-panel-space uk-width-1-1\">\n\n                \n                \n                                <div class=\"uk-margin\"><div itemscope itemtype=\"http:\/\/schema.org\/Hostel\" id=\"content\" class=\"\">\n<h2 itemprop=\"name\"><a href=\"http:\/\/behostels.com\/zaragoza\/\"><strong>Zaragoza Hostel<\/strong><\/a><\/h2>\n<ul>\n\t<li itemprop=\"address\">Calle Predicadores 70<\/li>\n\t<li>50003 &#8211; Zaragoza, Spain<\/li>\n\t<li itemprop=\"telephone\">Tel: (+34) 976 282 043<\/li>\n\t<li itemprop=\"email\"><a href=\"mailto:info@alberguezaragoza.com\">info@alberguezaragoza.com<\/a><\/li>\n\t<li itemprop=\" url \"><a href=\"http:\/\/behostels.com\/zaragoza\/\">www.behostels.com\/zaragoza<\/a><\/li>\n<\/ul>\n<\/div><\/div>\n                \n                \n                \n            <\/div>\n        <\/div>\n        \n    <\/div>\n\n    \n\n    \n    <div class=\"uk-grid uk-text-left uk-flex-middle\" data-uk-grid-match data-uk-margin=\"{cls:'uk-margin-top'}\">\n\n                <div class=\"uk-width-medium-3-10 uk-text-center uk-invisible\"  data-uk-scrollspy-cls=\"uk-animation-fade uk-invisible\">\n            <div class=\"uk-overlay uk-overlay-hover uk-border-circle\"><img decoding=\"async\" src=\"\/wp-content\/uploads\/2015\/07\/be-apartments-1.jpg\" class=\"uk-border-circle uk-overlay-scale\" alt=\"Be Apartments  Barcelona\"><div class=\"uk-overlay-panel uk-overlay-background uk-overlay-icon uk-overlay-fade\"><\/div><\/div>        <\/div>\n        \n                <div class=\"uk-width-medium-7-10 uk-invisible\"  data-uk-scrollspy-cls=\"uk-animation-slide-right uk-invisible\">\n            <div class=\"uk-panel uk-panel-space uk-width-1-1\">\n\n                \n                \n                                <div class=\"uk-margin\"><div itemscope itemtype=\"http:\/\/schema.org\/Hostel\" id=\"content\" class=\"\">\n<h2 itemprop=\"name\"><a href=\"http:\/\/behostels.com\/apartments\/\"><strong>Be Apartments<\/strong><\/a><\/h2>\n<ul>\n\t<li>Check in at Be Mar Hostel<\/li> \n\t<li itemprop=\"address\">Carrer Sant Pau 80<\/li>\n        <li>08001 Barcelona &#8211; Spain<\/li>\n\t<li itemprop=\"telephone\">Tel:(+34) 93 324 85 30<\/li>\n        <li itemprop=\"faxNumber\">Fax:(+34) 93 324 85 31<\/li>\n\t<li itemprop=\"email\"><a href=\"mailto:ramblas@behostels.com\">ramblas@behostels.com<\/a><\/li>\n\t<li itemprop=\" url \"><a href=\"http:\/\/behostels.com\/apartments\/\">www.behostels.com\/apartments<\/a><\/li>\n<\/div>\n<\/ul><\/div>\n                \n                \n                \n            <\/div>\n        <\/div>\n        \n    <\/div>\n\n    \n\n<\/div>\n","protected":false},"excerpt":{"rendered":"<p>Notre personnel est heureux de vous aider \u00e0 tout moment. Si vous avez des questions concernant les r\u00e9servations par t\u00e9l\u00e9phone ou les r\u00e9servations on-line, questions sur Barcelone ou si vous avez besoin d&rsquo;informations concernant Be Hostels, vous aurez la r\u00e9ponse rapidement. La r\u00e9ception est ouverte 24 heures par jour et peut \u00eatre contact\u00e9 directement par [&hellip;]<\/p>\n","protected":false},"author":1,"featured_media":0,"parent":0,"menu_order":0,"comment_status":"closed","ping_status":"closed","template":"","meta":{"footnotes":""},"yoast_head":"<!-- This site is optimized with the Yoast SEO plugin v22.7 - https:\/\/yoast.com\/wordpress\/plugins\/seo\/ -->\n<title>Information utile sur les auberges \u00e0 Barcelone et Saragosse de Be Hostels<\/title>\n<meta name=\"description\" content=\"Notre personnel est heureux de vous aider \u00e0 tout moment. T\u00e9l: (+34) 93 324 85 30. Vous trouverez ici l\u00b4information de contact de Be Hostels Barcelone et Saragosse.\" \/>\n<meta name=\"robots\" content=\"index, follow, max-snippet:-1, max-image-preview:large, max-video-preview:-1\" \/>\n<link rel=\"canonical\" href=\"https:\/\/behostels.com\/fr\/information-utile-de-be-hostels-contactez-avec-nos-auberges-de-barcelone-et-saragosse\/\" \/>\n<meta property=\"og:locale\" content=\"fr_FR\" \/>\n<meta property=\"og:type\" content=\"article\" \/>\n<meta property=\"og:title\" content=\"Information utile sur les auberges \u00e0 Barcelone et Saragosse de Be Hostels\" \/>\n<meta property=\"og:description\" content=\"Notre personnel est heureux de vous aider \u00e0 tout moment. T\u00e9l: (+34) 93 324 85 30. Vous trouverez ici l\u00b4information de contact de Be Hostels Barcelone et Saragosse.\" \/>\n<meta property=\"og:url\" content=\"https:\/\/behostels.com\/fr\/information-utile-de-be-hostels-contactez-avec-nos-auberges-de-barcelone-et-saragosse\/\" \/>\n<meta property=\"og:site_name\" content=\"Be Hostels\" \/>\n<meta property=\"article:modified_time\" content=\"2015-06-25T13:29:46+00:00\" \/>\n<meta name=\"twitter:card\" content=\"summary_large_image\" \/>\n<script type=\"application\/ld+json\" class=\"yoast-schema-graph\">{\"@context\":\"https:\/\/schema.org\",\"@graph\":[{\"@type\":\"WebPage\",\"@id\":\"https:\/\/behostels.com\/fr\/information-utile-de-be-hostels-contactez-avec-nos-auberges-de-barcelone-et-saragosse\/\",\"url\":\"https:\/\/behostels.com\/fr\/information-utile-de-be-hostels-contactez-avec-nos-auberges-de-barcelone-et-saragosse\/\",\"name\":\"Information utile sur les auberges \u00e0 Barcelone et Saragosse de Be Hostels\",\"isPartOf\":{\"@id\":\"https:\/\/behostels.com\/fr\/#website\"},\"datePublished\":\"2015-06-17T15:45:46+00:00\",\"dateModified\":\"2015-06-25T13:29:46+00:00\",\"description\":\"Notre personnel est heureux de vous aider \u00e0 tout moment. T\u00e9l: (+34) 93 324 85 30. Vous trouverez ici l\u00b4information de contact de Be Hostels Barcelone et Saragosse.\",\"breadcrumb\":{\"@id\":\"https:\/\/behostels.com\/fr\/information-utile-de-be-hostels-contactez-avec-nos-auberges-de-barcelone-et-saragosse\/#breadcrumb\"},\"inLanguage\":\"fr-FR\",\"potentialAction\":[{\"@type\":\"ReadAction\",\"target\":[\"https:\/\/behostels.com\/fr\/information-utile-de-be-hostels-contactez-avec-nos-auberges-de-barcelone-et-saragosse\/\"]}]},{\"@type\":\"BreadcrumbList\",\"@id\":\"https:\/\/behostels.com\/fr\/information-utile-de-be-hostels-contactez-avec-nos-auberges-de-barcelone-et-saragosse\/#breadcrumb\",\"itemListElement\":[{\"@type\":\"ListItem\",\"position\":1,\"name\":\"Home\",\"item\":\"https:\/\/behostels.com\/fr\/\"},{\"@type\":\"ListItem\",\"position\":2,\"name\":\"Information utile de Be Hostels : contactez avec nos auberges de Barcelone et Saragosse\"}]},{\"@type\":\"WebSite\",\"@id\":\"https:\/\/behostels.com\/fr\/#website\",\"url\":\"https:\/\/behostels.com\/fr\/\",\"name\":\"Be Hostels\",\"description\":\"\",\"publisher\":{\"@id\":\"https:\/\/behostels.com\/fr\/#organization\"},\"potentialAction\":[{\"@type\":\"SearchAction\",\"target\":{\"@type\":\"EntryPoint\",\"urlTemplate\":\"https:\/\/behostels.com\/fr\/?s={search_term_string}\"},\"query-input\":\"required name=search_term_string\"}],\"inLanguage\":\"fr-FR\"},{\"@type\":\"Organization\",\"@id\":\"https:\/\/behostels.com\/fr\/#organization\",\"name\":\"Be Hostels\",\"url\":\"https:\/\/behostels.com\/fr\/\",\"logo\":{\"@type\":\"ImageObject\",\"inLanguage\":\"fr-FR\",\"@id\":\"https:\/\/behostels.com\/fr\/#\/schema\/logo\/image\/\",\"url\":\"https:\/\/behostels.com\/wp-content\/uploads\/2015\/06\/be_reservations_logo.jpg\",\"contentUrl\":\"https:\/\/behostels.com\/wp-content\/uploads\/2015\/06\/be_reservations_logo.jpg\",\"width\":130,\"height\":130,\"caption\":\"Be Hostels\"},\"image\":{\"@id\":\"https:\/\/behostels.com\/fr\/#\/schema\/logo\/image\/\"}}]}<\/script>\n<!-- \/ Yoast SEO plugin. -->","yoast_head_json":{"title":"Information utile sur les auberges \u00e0 Barcelone et Saragosse de Be Hostels","description":"Notre personnel est heureux de vous aider \u00e0 tout moment. T\u00e9l: (+34) 93 324 85 30. Vous trouverez ici l\u00b4information de contact de Be Hostels Barcelone et Saragosse.","robots":{"index":"index","follow":"follow","max-snippet":"max-snippet:-1","max-image-preview":"max-image-preview:large","max-video-preview":"max-video-preview:-1"},"canonical":"https:\/\/behostels.com\/fr\/information-utile-de-be-hostels-contactez-avec-nos-auberges-de-barcelone-et-saragosse\/","og_locale":"fr_FR","og_type":"article","og_title":"Information utile sur les auberges \u00e0 Barcelone et Saragosse de Be Hostels","og_description":"Notre personnel est heureux de vous aider \u00e0 tout moment. T\u00e9l: (+34) 93 324 85 30. Vous trouverez ici l\u00b4information de contact de Be Hostels Barcelone et Saragosse.","og_url":"https:\/\/behostels.com\/fr\/information-utile-de-be-hostels-contactez-avec-nos-auberges-de-barcelone-et-saragosse\/","og_site_name":"Be Hostels","article_modified_time":"2015-06-25T13:29:46+00:00","twitter_card":"summary_large_image","schema":{"@context":"https:\/\/schema.org","@graph":[{"@type":"WebPage","@id":"https:\/\/behostels.com\/fr\/information-utile-de-be-hostels-contactez-avec-nos-auberges-de-barcelone-et-saragosse\/","url":"https:\/\/behostels.com\/fr\/information-utile-de-be-hostels-contactez-avec-nos-auberges-de-barcelone-et-saragosse\/","name":"Information utile sur les auberges \u00e0 Barcelone et Saragosse de Be Hostels","isPartOf":{"@id":"https:\/\/behostels.com\/fr\/#website"},"datePublished":"2015-06-17T15:45:46+00:00","dateModified":"2015-06-25T13:29:46+00:00","description":"Notre personnel est heureux de vous aider \u00e0 tout moment. T\u00e9l: (+34) 93 324 85 30. Vous trouverez ici l\u00b4information de contact de Be Hostels Barcelone et Saragosse.","breadcrumb":{"@id":"https:\/\/behostels.com\/fr\/information-utile-de-be-hostels-contactez-avec-nos-auberges-de-barcelone-et-saragosse\/#breadcrumb"},"inLanguage":"fr-FR","potentialAction":[{"@type":"ReadAction","target":["https:\/\/behostels.com\/fr\/information-utile-de-be-hostels-contactez-avec-nos-auberges-de-barcelone-et-saragosse\/"]}]},{"@type":"BreadcrumbList","@id":"https:\/\/behostels.com\/fr\/information-utile-de-be-hostels-contactez-avec-nos-auberges-de-barcelone-et-saragosse\/#breadcrumb","itemListElement":[{"@type":"ListItem","position":1,"name":"Home","item":"https:\/\/behostels.com\/fr\/"},{"@type":"ListItem","position":2,"name":"Information utile de Be Hostels : contactez avec nos auberges de Barcelone et Saragosse"}]},{"@type":"WebSite","@id":"https:\/\/behostels.com\/fr\/#website","url":"https:\/\/behostels.com\/fr\/","name":"Be Hostels","description":"","publisher":{"@id":"https:\/\/behostels.com\/fr\/#organization"},"potentialAction":[{"@type":"SearchAction","target":{"@type":"EntryPoint","urlTemplate":"https:\/\/behostels.com\/fr\/?s={search_term_string}"},"query-input":"required name=search_term_string"}],"inLanguage":"fr-FR"},{"@type":"Organization","@id":"https:\/\/behostels.com\/fr\/#organization","name":"Be Hostels","url":"https:\/\/behostels.com\/fr\/","logo":{"@type":"ImageObject","inLanguage":"fr-FR","@id":"https:\/\/behostels.com\/fr\/#\/schema\/logo\/image\/","url":"https:\/\/behostels.com\/wp-content\/uploads\/2015\/06\/be_reservations_logo.jpg","contentUrl":"https:\/\/behostels.com\/wp-content\/uploads\/2015\/06\/be_reservations_logo.jpg","width":130,"height":130,"caption":"Be Hostels"},"image":{"@id":"https:\/\/behostels.com\/fr\/#\/schema\/logo\/image\/"}}]}},"_links":{"self":[{"href":"https:\/\/behostels.com\/fr\/wp-json\/wp\/v2\/pages\/529"}],"collection":[{"href":"https:\/\/behostels.com\/fr\/wp-json\/wp\/v2\/pages"}],"about":[{"href":"https:\/\/behostels.com\/fr\/wp-json\/wp\/v2\/types\/page"}],"author":[{"embeddable":true,"href":"https:\/\/behostels.com\/fr\/wp-json\/wp\/v2\/users\/1"}],"replies":[{"embeddable":true,"href":"https:\/\/behostels.com\/fr\/wp-json\/wp\/v2\/comments?post=529"}],"version-history":[{"count":0,"href":"https:\/\/behostels.com\/fr\/wp-json\/wp\/v2\/pages\/529\/revisions"}],"wp:attachment":[{"href":"https:\/\/behostels.com\/fr\/wp-json\/wp\/v2\/media?parent=529"}],"curies":[{"name":"wp","href":"https:\/\/api.w.org\/{rel}","templated":true}]}}