{"id":507,"date":"2015-06-17T14:45:42","date_gmt":"2015-06-17T14:45:42","guid":{"rendered":"https:\/\/behostels.com\/?page_id=507"},"modified":"2015-06-17T15:20:25","modified_gmt":"2015-06-17T15:20:25","slug":"be-hostels-questions-frequentes","status":"publish","type":"page","link":"https:\/\/behostels.com\/fr\/be-hostels-questions-frequentes\/","title":{"rendered":"Be Hostels: Questions fr\u00e9quentes"},"content":{"rendered":"Voici un r\u00e9sum\u00e9 des questions fr\u00e9quemment pos\u00e9es sur les invit\u00e9s \u00e0 <a href=\"https:\/\/behostels.com\/fr\/\"><strong>Be Hostels<\/strong><\/a>.\r\n\r\nSi vous avez des questions, s&rsquo;il vous pla\u00eet contacter. Nous serions ravis de vous aider avec toute information sur <strong>Barcelone<\/strong> ou sur nos auberges \u00e0 <strong>Barcelone<\/strong> et<strong> Saragosse<\/strong>.\r\n\n<div class=\"uk-accordion uk-text-left \" data-uk-accordion=\"{collapse: false,showfirst: false}\">\n\n\n    <h3 class=\"uk-accordion-title\">Quel est le moment de l\u2019entr\u00e9e?<\/h3>\n\n    <div class=\"uk-accordion-content\">\n\n        \n        \n        \n                <div class=\"uk-margin\"><p>12:00 PM.<\/p><\/div>\n        \n        \n        \n        \n    <\/div>\n\n\n    <h3 class=\"uk-accordion-title\">Quelle est l\u2019heure de d\u00e9part?<\/h3>\n\n    <div class=\"uk-accordion-content\">\n\n        \n        \n        \n                <div class=\"uk-margin\"><p>11:00 AM.<\/p><\/div>\n        \n        \n        \n        \n    <\/div>\n\n\n    <h3 class=\"uk-accordion-title\">Quelles sont les heures de la r\u00e9ception?<\/h3>\n\n    <div class=\"uk-accordion-content\">\n\n        \n        \n        \n                <div class=\"uk-margin\"><p>La r\u00e9ception dans touts les auberges de <a href=\"http:\/\/behostels.com\/fr\/\"><strong>Be Hostels<\/strong><\/a> est ouverte 24 heures par jour.<\/p><\/div>\n        \n        \n        \n        \n    <\/div>\n\n\n    <h3 class=\"uk-accordion-title\">Hi ha t\u00b4il un temps de cl\u00f4ture de porte \u00e0 l\u2019auberge?<\/h3>\n\n    <div class=\"uk-accordion-content\">\n\n        \n        \n        \n                <div class=\"uk-margin\"><p>Aucune heure de cl\u00f4ture et on peut acc\u00e9der aux salles \u00e0 tout moment.<\/p><\/div>\n        \n        \n        \n        \n    <\/div>\n\n\n    <h3 class=\"uk-accordion-title\">Acceptez-vous les cartes de cr\u00e9dit?<\/h3>\n\n    <div class=\"uk-accordion-content\">\n\n        \n        \n        \n                <div class=\"uk-margin\"><p>Oui, nous acceptons les cartes de cr\u00e9dit.<\/p><\/div>\n        \n        \n        \n        \n    <\/div>\n\n\n    <h3 class=\"uk-accordion-title\">Est-ce qu\u00b4il existe un magasin de bagages?<\/h3>\n\n    <div class=\"uk-accordion-content\">\n\n        \n        \n        \n                <div class=\"uk-margin\"><p>Oui, nous avons des casiers de s\u00e9curit\u00e9 pour les clients qui viennent plus tard, apr\u00e8s l\u2019heure de d\u00e9part de la chambre.<\/p><\/div>\n        \n        \n        \n        \n    <\/div>\n\n\n    <h3 class=\"uk-accordion-title\">Comment est votre politique d\u2019annulations?<\/h3>\n\n    <div class=\"uk-accordion-content\">\n\n        \n        \n        \n                <div class=\"uk-margin\"><p>Les annulations doivent \u00eatre faites par e-mail. Nous n\u2019acceptons pas les annulations par t\u00e9l\u00e9phone. Les annulations effectu\u00e9es un jour avant l\u2019arriv\u00e9e (avant 12h) ne seront pas p\u00e9nalis\u00e9es ou inculp\u00e9s. Les annulations effectu\u00e9es apr\u00e8s 12 heures le jour avant l\u2019arriv\u00e9e seront p\u00e9nalis\u00e9es \u00e0 la collecte de la premi\u00e8re nuit sur \u200b\u200bla carte de cr\u00e9dit fournie.<\/p><\/div>\n        \n        \n        \n        \n    <\/div>\n\n\n    <h3 class=\"uk-accordion-title\">Acceptez-vous des modifications \u00e0 ma r\u00e9servation?<\/h3>\n\n    <div class=\"uk-accordion-content\">\n\n        \n        \n        \n                <div class=\"uk-margin\"><p>Oui, nous acceptons des modifications aux r\u00e9servations jusqu\u2019\u00e0 24 heures avant l\u2019arriv\u00e9e. Les conditions d\u2019annulation s\u2019appliquent aussi aux changements. Les changements dans les r\u00e9servations et annulations doivent \u00eatre faites par e-mail. Nous n\u2019acceptons pas les annulations par des changements de t\u00e9l\u00e9phone.<\/p><\/div>\n        \n        \n        \n        \n    <\/div>\n\n\n    <h3 class=\"uk-accordion-title\">Est ce qu\u00b4il hi a des restrictions d\u2019\u00e2ge?<\/h3>\n\n    <div class=\"uk-accordion-content\">\n\n        \n        \n        \n                <div class=\"uk-margin\"><p>Il n\u2019hi a aucune restriction d\u2019\u00e2ge.<\/p><\/div>\n        \n        \n        \n        \n    <\/div>\n\n\n    <h3 class=\"uk-accordion-title\">Est-ce que vous offrez du service de petit-d\u00e9jeuner?<\/h3>\n\n    <div class=\"uk-accordion-content\">\n\n        \n        \n        \n                <div class=\"uk-margin\"><p><span id=\"result_box\" class=\"\" lang=\"fr\"> <span class=\"hps\">Non,<\/span> <span class=\"hps\">Be Hostels<\/span> <span class=\"hps\">ne propose<\/span> <span class=\"hps\">pas de petit d\u00e9jeuner<\/span><span>.<\/span><\/span><\/p><\/div>\n        \n        \n        \n        \n    <\/div>\n\n\n    <h3 class=\"uk-accordion-title\">Les chambres ont un lavabo, des toilettes?<\/h3>\n\n    <div class=\"uk-accordion-content\">\n\n        \n        \n        \n                <div class=\"uk-margin\"><p>D\u00e9pend du type de chambre et de l\u2019auberge. Toutes les chambres ont salles de bain partag\u00e9es et quelques chambres twin ou doubles ont une salle bain priv\u00e9, compl\u00e8tement \u00e9quip\u00e9es avec douche, lavabo, s\u00e8che-cheveux, etc.<br \/> <strong>Quels types de chambres avez-vous?<\/strong><br \/> <a href=\"http:\/\/behostels.com\/mar\/fr\/\"><strong>Be Mar Hostel<\/strong><\/a>: chambres de 6, 8, 10, 14 ou 16 lits avec salle de bain partag\u00e9e.<br \/> <a href=\"http:\/\/behostels.com\/sound\/fr\/\"><strong>Be Sound Hostel<\/strong><\/a>: chambres de 6 ou 8 lits avec salle de bain partag\u00e9e.<br \/> <a href=\"http:\/\/behostels.com\/dream\/fr\/\"><strong>Be Dream Hostel<\/strong><\/a>: chambres de 4, 6, 8 ou 12 lits avec salle de bain partag\u00e9e. Et des chambres doubles avec salle de bain.<br \/> <a href=\"http:\/\/behostels.com\/ramblas\/fr\/\"><strong>Be Ramblas Hotel<\/strong><\/a>: chambres simples, doubles et triples, avec ou sans salle de bains.<br \/> <a href=\"http:\/\/behostels.com\/zaragoza\/fr\/\"><strong>Be Zaragoza Hostel<\/strong><\/a>: chambres de 4, 6, 8 ou 12 lits avec salle de bain partag\u00e9e. Et des chambres doubles avec salle de bain.<\/p><\/div>\n        \n        \n        \n        \n    <\/div>\n\n\n    <h3 class=\"uk-accordion-title\">Devrais-je apporter ma propre literie ou sac de couchage?<\/h3>\n\n    <div class=\"uk-accordion-content\">\n\n        \n        \n        \n                <div class=\"uk-margin\"><p>La literie n\u2019est pas incluse dans les chambres. Les lits ont oreiller, couette et une couverture. \u00c0 la r\u00e9ception vous pouvez louer: linge de lit \u20ac 2,50, \u20ac 2,50 serviettes ou les deux pour 3,50 \u20ac. Les chambres doubles et lits jumeaux ont linge inclus.<\/p><\/div>\n        \n        \n        \n        \n    <\/div>\n\n\n    <h3 class=\"uk-accordion-title\">Comment je peux faire une r\u00e9servation?<\/h3>\n\n    <div class=\"uk-accordion-content\">\n\n        \n        \n        \n                <div class=\"uk-margin\"><p>Sur notre site Web \u00e0 la demande par e-mail, par t\u00e9l\u00e9phone ou venir \u00e0 l\u2019auberge directement \u00e0 la r\u00e9ception.<\/p><\/div>\n        \n        \n        \n        \n    <\/div>\n\n\n    <h3 class=\"uk-accordion-title\">Acceptez-vous les r\u00e9servations de groupes grands?<\/h3>\n\n    <div class=\"uk-accordion-content\">\n\n        \n        \n        \n                <div class=\"uk-margin\"><p>Oui, nous acceptons les<strong> <a target=\"_blank\" title=\"Groupes\" href=\"http:\/\/behostels.com\/fr\/groupes-a-be-hostels-barcelona-et-zaragoza\/\">r\u00e9servations pour les groupes<\/a><\/strong>. Pour ce type de r\u00e9servation s\u2019il vous pla\u00eet utilisez l\u2019option de demande de r\u00e9servation de groupe sur notre site. Vous pouvez \u00e9galement t\u00e9l\u00e9phoner ou envoyer un e-mail \u00e0 <strong><a href=\"mailto:groups@behostels.com\">groups@behostels.com<\/a>.<\/strong><\/p><\/div>\n        \n        \n        \n        \n    <\/div>\n\n\n<\/div>\n","protected":false},"excerpt":{"rendered":"<p>Voici un r\u00e9sum\u00e9 des questions fr\u00e9quemment pos\u00e9es sur les invit\u00e9s \u00e0 Be Hostels. Si vous avez des questions, s&rsquo;il vous pla\u00eet contacter. Nous serions ravis de vous aider avec toute information sur Barcelone ou sur nos auberges \u00e0 Barcelone et Saragosse.<\/p>\n","protected":false},"author":1,"featured_media":0,"parent":0,"menu_order":0,"comment_status":"closed","ping_status":"closed","template":"","meta":{"footnotes":""},"yoast_head":"<!-- This site is optimized with the Yoast SEO plugin v22.7 - https:\/\/yoast.com\/wordpress\/plugins\/seo\/ -->\n<title>Questions fr\u00e9quentes. Auberges \u00e0 Barcelone et Saragosse de Be Hostels<\/title>\n<meta name=\"description\" content=\"Connaissez nos auberges \u00e0 travers des questions fr\u00e9quemment pos\u00e9es \u00e0 Be Hostels\" \/>\n<meta name=\"robots\" content=\"index, follow, max-snippet:-1, max-image-preview:large, max-video-preview:-1\" \/>\n<link rel=\"canonical\" href=\"https:\/\/behostels.com\/fr\/be-hostels-questions-frequentes\/\" \/>\n<meta property=\"og:locale\" content=\"fr_FR\" \/>\n<meta property=\"og:type\" content=\"article\" \/>\n<meta property=\"og:title\" content=\"Questions fr\u00e9quentes. Auberges \u00e0 Barcelone et Saragosse de Be Hostels\" \/>\n<meta property=\"og:description\" content=\"Connaissez nos auberges \u00e0 travers des questions fr\u00e9quemment pos\u00e9es \u00e0 Be Hostels\" \/>\n<meta property=\"og:url\" content=\"https:\/\/behostels.com\/fr\/be-hostels-questions-frequentes\/\" \/>\n<meta property=\"og:site_name\" content=\"Be Hostels\" \/>\n<meta property=\"article:modified_time\" content=\"2015-06-17T15:20:25+00:00\" \/>\n<meta name=\"twitter:card\" content=\"summary_large_image\" \/>\n<script type=\"application\/ld+json\" class=\"yoast-schema-graph\">{\"@context\":\"https:\/\/schema.org\",\"@graph\":[{\"@type\":\"WebPage\",\"@id\":\"https:\/\/behostels.com\/fr\/be-hostels-questions-frequentes\/\",\"url\":\"https:\/\/behostels.com\/fr\/be-hostels-questions-frequentes\/\",\"name\":\"Questions fr\u00e9quentes. Auberges \u00e0 Barcelone et Saragosse de Be Hostels\",\"isPartOf\":{\"@id\":\"https:\/\/behostels.com\/fr\/#website\"},\"datePublished\":\"2015-06-17T14:45:42+00:00\",\"dateModified\":\"2015-06-17T15:20:25+00:00\",\"description\":\"Connaissez nos auberges \u00e0 travers des questions fr\u00e9quemment pos\u00e9es \u00e0 Be Hostels\",\"breadcrumb\":{\"@id\":\"https:\/\/behostels.com\/fr\/be-hostels-questions-frequentes\/#breadcrumb\"},\"inLanguage\":\"fr-FR\",\"potentialAction\":[{\"@type\":\"ReadAction\",\"target\":[\"https:\/\/behostels.com\/fr\/be-hostels-questions-frequentes\/\"]}]},{\"@type\":\"BreadcrumbList\",\"@id\":\"https:\/\/behostels.com\/fr\/be-hostels-questions-frequentes\/#breadcrumb\",\"itemListElement\":[{\"@type\":\"ListItem\",\"position\":1,\"name\":\"Home\",\"item\":\"https:\/\/behostels.com\/fr\/\"},{\"@type\":\"ListItem\",\"position\":2,\"name\":\"Be Hostels: Questions fr\u00e9quentes\"}]},{\"@type\":\"WebSite\",\"@id\":\"https:\/\/behostels.com\/fr\/#website\",\"url\":\"https:\/\/behostels.com\/fr\/\",\"name\":\"Be Hostels\",\"description\":\"\",\"publisher\":{\"@id\":\"https:\/\/behostels.com\/fr\/#organization\"},\"potentialAction\":[{\"@type\":\"SearchAction\",\"target\":{\"@type\":\"EntryPoint\",\"urlTemplate\":\"https:\/\/behostels.com\/fr\/?s={search_term_string}\"},\"query-input\":\"required name=search_term_string\"}],\"inLanguage\":\"fr-FR\"},{\"@type\":\"Organization\",\"@id\":\"https:\/\/behostels.com\/fr\/#organization\",\"name\":\"Be Hostels\",\"url\":\"https:\/\/behostels.com\/fr\/\",\"logo\":{\"@type\":\"ImageObject\",\"inLanguage\":\"fr-FR\",\"@id\":\"https:\/\/behostels.com\/fr\/#\/schema\/logo\/image\/\",\"url\":\"https:\/\/behostels.com\/wp-content\/uploads\/2015\/06\/be_reservations_logo.jpg\",\"contentUrl\":\"https:\/\/behostels.com\/wp-content\/uploads\/2015\/06\/be_reservations_logo.jpg\",\"width\":130,\"height\":130,\"caption\":\"Be Hostels\"},\"image\":{\"@id\":\"https:\/\/behostels.com\/fr\/#\/schema\/logo\/image\/\"}}]}<\/script>\n<!-- \/ Yoast SEO plugin. -->","yoast_head_json":{"title":"Questions fr\u00e9quentes. Auberges \u00e0 Barcelone et Saragosse de Be Hostels","description":"Connaissez nos auberges \u00e0 travers des questions fr\u00e9quemment pos\u00e9es \u00e0 Be Hostels","robots":{"index":"index","follow":"follow","max-snippet":"max-snippet:-1","max-image-preview":"max-image-preview:large","max-video-preview":"max-video-preview:-1"},"canonical":"https:\/\/behostels.com\/fr\/be-hostels-questions-frequentes\/","og_locale":"fr_FR","og_type":"article","og_title":"Questions fr\u00e9quentes. Auberges \u00e0 Barcelone et Saragosse de Be Hostels","og_description":"Connaissez nos auberges \u00e0 travers des questions fr\u00e9quemment pos\u00e9es \u00e0 Be Hostels","og_url":"https:\/\/behostels.com\/fr\/be-hostels-questions-frequentes\/","og_site_name":"Be Hostels","article_modified_time":"2015-06-17T15:20:25+00:00","twitter_card":"summary_large_image","schema":{"@context":"https:\/\/schema.org","@graph":[{"@type":"WebPage","@id":"https:\/\/behostels.com\/fr\/be-hostels-questions-frequentes\/","url":"https:\/\/behostels.com\/fr\/be-hostels-questions-frequentes\/","name":"Questions fr\u00e9quentes. Auberges \u00e0 Barcelone et Saragosse de Be Hostels","isPartOf":{"@id":"https:\/\/behostels.com\/fr\/#website"},"datePublished":"2015-06-17T14:45:42+00:00","dateModified":"2015-06-17T15:20:25+00:00","description":"Connaissez nos auberges \u00e0 travers des questions fr\u00e9quemment pos\u00e9es \u00e0 Be Hostels","breadcrumb":{"@id":"https:\/\/behostels.com\/fr\/be-hostels-questions-frequentes\/#breadcrumb"},"inLanguage":"fr-FR","potentialAction":[{"@type":"ReadAction","target":["https:\/\/behostels.com\/fr\/be-hostels-questions-frequentes\/"]}]},{"@type":"BreadcrumbList","@id":"https:\/\/behostels.com\/fr\/be-hostels-questions-frequentes\/#breadcrumb","itemListElement":[{"@type":"ListItem","position":1,"name":"Home","item":"https:\/\/behostels.com\/fr\/"},{"@type":"ListItem","position":2,"name":"Be Hostels: Questions fr\u00e9quentes"}]},{"@type":"WebSite","@id":"https:\/\/behostels.com\/fr\/#website","url":"https:\/\/behostels.com\/fr\/","name":"Be Hostels","description":"","publisher":{"@id":"https:\/\/behostels.com\/fr\/#organization"},"potentialAction":[{"@type":"SearchAction","target":{"@type":"EntryPoint","urlTemplate":"https:\/\/behostels.com\/fr\/?s={search_term_string}"},"query-input":"required name=search_term_string"}],"inLanguage":"fr-FR"},{"@type":"Organization","@id":"https:\/\/behostels.com\/fr\/#organization","name":"Be Hostels","url":"https:\/\/behostels.com\/fr\/","logo":{"@type":"ImageObject","inLanguage":"fr-FR","@id":"https:\/\/behostels.com\/fr\/#\/schema\/logo\/image\/","url":"https:\/\/behostels.com\/wp-content\/uploads\/2015\/06\/be_reservations_logo.jpg","contentUrl":"https:\/\/behostels.com\/wp-content\/uploads\/2015\/06\/be_reservations_logo.jpg","width":130,"height":130,"caption":"Be Hostels"},"image":{"@id":"https:\/\/behostels.com\/fr\/#\/schema\/logo\/image\/"}}]}},"_links":{"self":[{"href":"https:\/\/behostels.com\/fr\/wp-json\/wp\/v2\/pages\/507"}],"collection":[{"href":"https:\/\/behostels.com\/fr\/wp-json\/wp\/v2\/pages"}],"about":[{"href":"https:\/\/behostels.com\/fr\/wp-json\/wp\/v2\/types\/page"}],"author":[{"embeddable":true,"href":"https:\/\/behostels.com\/fr\/wp-json\/wp\/v2\/users\/1"}],"replies":[{"embeddable":true,"href":"https:\/\/behostels.com\/fr\/wp-json\/wp\/v2\/comments?post=507"}],"version-history":[{"count":0,"href":"https:\/\/behostels.com\/fr\/wp-json\/wp\/v2\/pages\/507\/revisions"}],"wp:attachment":[{"href":"https:\/\/behostels.com\/fr\/wp-json\/wp\/v2\/media?parent=507"}],"curies":[{"name":"wp","href":"https:\/\/api.w.org\/{rel}","templated":true}]}}