{"id":458,"date":"2015-06-15T15:48:59","date_gmt":"2015-06-15T15:48:59","guid":{"rendered":"https:\/\/behostels.com\/?page_id=458"},"modified":"2017-06-20T10:11:10","modified_gmt":"2017-06-20T10:11:10","slug":"activites-gratuites-de-hostels-barcelone","status":"publish","type":"page","link":"https:\/\/behostels.com\/fr\/activites-gratuites-de-hostels-barcelone\/","title":{"rendered":"Activit\u00e9s gratuites de Be Hostels \u00e0 Barcelone"},"content":{"rendered":"<h3>Tu veux bien t\u00b4amuser? Abonne toi aux activit\u00e9s que Be Hostels organise pour vous.<\/h3>\r\n\r\n<h3>Tout d&rsquo;abord, nous voulons vous faire profiter de votre s\u00e9jour nous voulons que vous n&rsquo;avez rien \u00e0 craindre, apr\u00e8s tout, vous \u00eates en vacances. Dans cet esprit, nous proposons diverses excursions et activit\u00e9s. Laissez-nous savoir quelle activit\u00e9 vous int\u00e9resse plus et on t\u00b4organise les d\u00e9tails.<\/h3>\r\n\n<div  data-uk-scrollspy=\"{target:'> div > [data-uk-scrollspy-cls]', delay:300}\">\n\n\n    \n    <div class=\"uk-grid uk-text-left uk-flex-middle\" data-uk-grid-match data-uk-margin=\"{cls:'uk-margin-top'}\">\n\n                <div class=\"uk-width-medium-3-10 uk-text-center uk-invisible\"  data-uk-scrollspy-cls=\"uk-animation-fade uk-invisible\">\n            <div class=\"uk-overlay uk-overlay-hover uk-border-circle\"><img decoding=\"async\" src=\"\/wp-content\/uploads\/2015\/07\/historic-city-barcelona.jpg\" class=\"uk-border-circle uk-overlay-scale\" alt=\"Tour \u00e0 pied gratuit par le centre de Barcelone\"><div class=\"uk-overlay-panel uk-overlay-background uk-overlay-icon uk-overlay-fade\"><\/div><\/div>        <\/div>\n        \n                <div class=\"uk-width-medium-7-10 uk-invisible\"  data-uk-scrollspy-cls=\"uk-animation-slide-right uk-invisible\">\n            <div class=\"uk-panel uk-panel-space uk-width-1-1\">\n\n                \n                                <h3 class=\"uk-panel-title\">\n\n                                            Tour \u00e0 pied gratuit par le centre de Barcelone                    \n                    \n                <\/h3>\n                \n                                <div class=\"uk-margin\">Profitez de la ville de Barcelone et ses curiosit\u00e9s tandis que vous voyagez avec l&rsquo;aide de nos guides.\n\nHeure: Tous les jours \u00e0 11:45 (tour de 2 heures)\nLieu de rencontre: r\u00e9ception de Be Mar Hostel, Be Sound Hostel ou Be Ramblas Hotel.<\/div>\n                \n                \n                \n            <\/div>\n        <\/div>\n        \n    <\/div>\n\n    \n\n    \n    <div class=\"uk-grid uk-text-left uk-flex-middle\" data-uk-grid-match data-uk-margin=\"{cls:'uk-margin-top'}\">\n\n                <div class=\"uk-width-medium-3-10 uk-text-center uk-float-right uk-flex-order-last-medium uk-invisible\"  data-uk-scrollspy-cls=\"uk-animation-fade uk-invisible\">\n            <div class=\"uk-overlay uk-overlay-hover uk-border-circle\"><img decoding=\"async\" src=\"\/wp-content\/uploads\/2015\/07\/activities-gaudi-tour-barcelona.jpg\" class=\"uk-border-circle uk-overlay-scale\" alt=\"Tour Gaud\u00ed gratuit\"><div class=\"uk-overlay-panel uk-overlay-background uk-overlay-icon uk-overlay-fade\"><\/div><\/div>        <\/div>\n        \n                <div class=\"uk-width-medium-7-10 uk-invisible\"  data-uk-scrollspy-cls=\"uk-animation-slide-left uk-invisible\">\n            <div class=\"uk-panel uk-panel-space uk-width-1-1\">\n\n                \n                                <h3 class=\"uk-panel-title\">\n\n                                            Tour Gaud\u00ed gratuit                    \n                    \n                <\/h3>\n                \n                                <div class=\"uk-margin\">Un tour gratuit par les sites plus embl\u00e9matiques o\u00f9 le g\u00e9nial architecte de Barcelone, Antoni Gaud\u00ed, a laiss\u00e9 son excellent travail.\n\nHeure: Tous les jours \u00e0 11:45 (tour de 2 heures)\nLieu de rencontre: r\u00e9ception de Be Mar Hostel, Be Sound Hostel ou Be Ramblas Hotel.<\/div>\n                \n                \n                \n            <\/div>\n        <\/div>\n        \n    <\/div>\n\n    \n\n    \n    <div class=\"uk-grid uk-text-left uk-flex-middle\" data-uk-grid-match data-uk-margin=\"{cls:'uk-margin-top'}\">\n\n                <div class=\"uk-width-medium-3-10 uk-text-center uk-invisible\"  data-uk-scrollspy-cls=\"uk-animation-fade uk-invisible\">\n            <div class=\"uk-overlay uk-overlay-hover uk-border-circle\"><img decoding=\"async\" src=\"\/wp-content\/uploads\/2015\/07\/activities-tapas-barcelona.jpg\" class=\"uk-border-circle uk-overlay-scale\" alt=\"Tapas et Flamenco\"><div class=\"uk-overlay-panel uk-overlay-background uk-overlay-icon uk-overlay-fade\"><\/div><\/div>        <\/div>\n        \n                <div class=\"uk-width-medium-7-10 uk-invisible\"  data-uk-scrollspy-cls=\"uk-animation-slide-right uk-invisible\">\n            <div class=\"uk-panel uk-panel-space uk-width-1-1\">\n\n                \n                                <h3 class=\"uk-panel-title\">\n\n                                            Tapas et Flamenco                    \n                    \n                <\/h3>\n                \n                                <div class=\"uk-margin\">Soyez s\u00fbr de ne pas venir en Espagne sans profiter du Flamenco. Alors, venez d\u00e9guster les d\u00e9licieuses tapas (5 tapas et sangria) et profitez du spectacle en direct de flamenco dans le c\u0153ur de la ville.\n\nPrix\u200b\u200b: 20 \u20ac\nHeure, le jour: jeudi, vendredi et dimanche \u00e0 21h00\nLieu de rencontre: Monument \u00e0 Christophe Colomb.<\/div>\n                \n                \n                \n            <\/div>\n        <\/div>\n        \n    <\/div>\n\n    \n\n    \n    <div class=\"uk-grid uk-text-left uk-flex-middle\" data-uk-grid-match data-uk-margin=\"{cls:'uk-margin-top'}\">\n\n                <div class=\"uk-width-medium-3-10 uk-text-center uk-float-right uk-flex-order-last-medium uk-invisible\"  data-uk-scrollspy-cls=\"uk-animation-fade uk-invisible\">\n            <div class=\"uk-overlay uk-overlay-hover uk-border-circle\"><img decoding=\"async\" src=\"\/wp-content\/uploads\/2015\/07\/activities-pubcrawl-barcelona.jpg\" class=\"uk-border-circle uk-overlay-scale\" alt=\"Tour Party \/ Pub Crawl\"><div class=\"uk-overlay-panel uk-overlay-background uk-overlay-icon uk-overlay-fade\"><\/div><\/div>        <\/div>\n        \n                <div class=\"uk-width-medium-7-10 uk-invisible\"  data-uk-scrollspy-cls=\"uk-animation-slide-left uk-invisible\">\n            <div class=\"uk-panel uk-panel-space uk-width-1-1\">\n\n                \n                                <h3 class=\"uk-panel-title\">\n\n                                            Tour Party \/ Pub Crawl                    \n                    \n                <\/h3>\n                \n                                <div class=\"uk-margin\">Rencontrez la vie nocturne de l&rsquo;une des villes avec le plus de f\u00eate de l&rsquo;Europe. Profitez d&rsquo;un tour par les bars plus fr\u00e9quent\u00e9s et avec des propositions int\u00e9ressantes, accompagn\u00e9 par les meilleurs gens. Il comprend une boisson gratuite \u00e0 chaque bar (3 bars), l&rsquo;entr\u00e9e \u00e0 un club, photos et jeux.\n\nPrix\u200b\u200b: 12 \u20ac\nHeure, le jour: tous les jours 23:00 h\nLieu de rencontre: R\u00e9ception de Be Mar Hostel ou Be Sound Hostel.<\/div>\n                \n                \n                \n            <\/div>\n        <\/div>\n        \n    <\/div>\n\n    \n\n<\/div>\n\r\n","protected":false},"excerpt":{"rendered":"<p>Tu veux bien t\u00b4amuser? Abonne toi aux activit\u00e9s que Be Hostels organise pour vous. Tout d&rsquo;abord, nous voulons vous faire profiter de votre s\u00e9jour nous voulons que vous n&rsquo;avez rien \u00e0 craindre, apr\u00e8s tout, vous \u00eates en vacances. Dans cet esprit, nous proposons diverses excursions et activit\u00e9s. Laissez-nous savoir quelle activit\u00e9 vous int\u00e9resse plus et [&hellip;]<\/p>\n","protected":false},"author":1,"featured_media":0,"parent":0,"menu_order":0,"comment_status":"closed","ping_status":"closed","template":"","meta":{"footnotes":""},"yoast_head":"<!-- This site is optimized with the Yoast SEO plugin v22.7 - https:\/\/yoast.com\/wordpress\/plugins\/seo\/ -->\n<title>Activit\u00e9s gratuites de Be Hostels \u00e0 Barcelone - Be Hostels<\/title>\n<meta name=\"robots\" content=\"index, follow, max-snippet:-1, max-image-preview:large, max-video-preview:-1\" \/>\n<link rel=\"canonical\" href=\"https:\/\/behostels.com\/fr\/activites-gratuites-de-hostels-barcelone\/\" \/>\n<meta property=\"og:locale\" content=\"fr_FR\" \/>\n<meta property=\"og:type\" content=\"article\" \/>\n<meta property=\"og:title\" content=\"Activit\u00e9s gratuites de Be Hostels \u00e0 Barcelone - Be Hostels\" \/>\n<meta property=\"og:description\" content=\"Tu veux bien t\u00b4amuser? Abonne toi aux activit\u00e9s que Be Hostels organise pour vous. Tout d&rsquo;abord, nous voulons vous faire profiter de votre s\u00e9jour nous voulons que vous n&rsquo;avez rien \u00e0 craindre, apr\u00e8s tout, vous \u00eates en vacances. Dans cet esprit, nous proposons diverses excursions et activit\u00e9s. Laissez-nous savoir quelle activit\u00e9 vous int\u00e9resse plus et [&hellip;]\" \/>\n<meta property=\"og:url\" content=\"https:\/\/behostels.com\/fr\/activites-gratuites-de-hostels-barcelone\/\" \/>\n<meta property=\"og:site_name\" content=\"Be Hostels\" \/>\n<meta property=\"article:modified_time\" content=\"2017-06-20T10:11:10+00:00\" \/>\n<meta name=\"twitter:card\" content=\"summary_large_image\" \/>\n<script type=\"application\/ld+json\" class=\"yoast-schema-graph\">{\"@context\":\"https:\/\/schema.org\",\"@graph\":[{\"@type\":\"WebPage\",\"@id\":\"https:\/\/behostels.com\/fr\/activites-gratuites-de-hostels-barcelone\/\",\"url\":\"https:\/\/behostels.com\/fr\/activites-gratuites-de-hostels-barcelone\/\",\"name\":\"Activit\u00e9s gratuites de Be Hostels \u00e0 Barcelone - Be Hostels\",\"isPartOf\":{\"@id\":\"https:\/\/behostels.com\/fr\/#website\"},\"datePublished\":\"2015-06-15T15:48:59+00:00\",\"dateModified\":\"2017-06-20T10:11:10+00:00\",\"breadcrumb\":{\"@id\":\"https:\/\/behostels.com\/fr\/activites-gratuites-de-hostels-barcelone\/#breadcrumb\"},\"inLanguage\":\"fr-FR\",\"potentialAction\":[{\"@type\":\"ReadAction\",\"target\":[\"https:\/\/behostels.com\/fr\/activites-gratuites-de-hostels-barcelone\/\"]}]},{\"@type\":\"BreadcrumbList\",\"@id\":\"https:\/\/behostels.com\/fr\/activites-gratuites-de-hostels-barcelone\/#breadcrumb\",\"itemListElement\":[{\"@type\":\"ListItem\",\"position\":1,\"name\":\"Home\",\"item\":\"https:\/\/behostels.com\/fr\/\"},{\"@type\":\"ListItem\",\"position\":2,\"name\":\"Activit\u00e9s gratuites de Be Hostels \u00e0 Barcelone\"}]},{\"@type\":\"WebSite\",\"@id\":\"https:\/\/behostels.com\/fr\/#website\",\"url\":\"https:\/\/behostels.com\/fr\/\",\"name\":\"Be Hostels\",\"description\":\"\",\"publisher\":{\"@id\":\"https:\/\/behostels.com\/fr\/#organization\"},\"potentialAction\":[{\"@type\":\"SearchAction\",\"target\":{\"@type\":\"EntryPoint\",\"urlTemplate\":\"https:\/\/behostels.com\/fr\/?s={search_term_string}\"},\"query-input\":\"required name=search_term_string\"}],\"inLanguage\":\"fr-FR\"},{\"@type\":\"Organization\",\"@id\":\"https:\/\/behostels.com\/fr\/#organization\",\"name\":\"Be Hostels\",\"url\":\"https:\/\/behostels.com\/fr\/\",\"logo\":{\"@type\":\"ImageObject\",\"inLanguage\":\"fr-FR\",\"@id\":\"https:\/\/behostels.com\/fr\/#\/schema\/logo\/image\/\",\"url\":\"https:\/\/behostels.com\/wp-content\/uploads\/2015\/06\/be_reservations_logo.jpg\",\"contentUrl\":\"https:\/\/behostels.com\/wp-content\/uploads\/2015\/06\/be_reservations_logo.jpg\",\"width\":130,\"height\":130,\"caption\":\"Be Hostels\"},\"image\":{\"@id\":\"https:\/\/behostels.com\/fr\/#\/schema\/logo\/image\/\"}}]}<\/script>\n<!-- \/ Yoast SEO plugin. -->","yoast_head_json":{"title":"Activit\u00e9s gratuites de Be Hostels \u00e0 Barcelone - Be Hostels","robots":{"index":"index","follow":"follow","max-snippet":"max-snippet:-1","max-image-preview":"max-image-preview:large","max-video-preview":"max-video-preview:-1"},"canonical":"https:\/\/behostels.com\/fr\/activites-gratuites-de-hostels-barcelone\/","og_locale":"fr_FR","og_type":"article","og_title":"Activit\u00e9s gratuites de Be Hostels \u00e0 Barcelone - Be Hostels","og_description":"Tu veux bien t\u00b4amuser? Abonne toi aux activit\u00e9s que Be Hostels organise pour vous. Tout d&rsquo;abord, nous voulons vous faire profiter de votre s\u00e9jour nous voulons que vous n&rsquo;avez rien \u00e0 craindre, apr\u00e8s tout, vous \u00eates en vacances. Dans cet esprit, nous proposons diverses excursions et activit\u00e9s. Laissez-nous savoir quelle activit\u00e9 vous int\u00e9resse plus et [&hellip;]","og_url":"https:\/\/behostels.com\/fr\/activites-gratuites-de-hostels-barcelone\/","og_site_name":"Be Hostels","article_modified_time":"2017-06-20T10:11:10+00:00","twitter_card":"summary_large_image","schema":{"@context":"https:\/\/schema.org","@graph":[{"@type":"WebPage","@id":"https:\/\/behostels.com\/fr\/activites-gratuites-de-hostels-barcelone\/","url":"https:\/\/behostels.com\/fr\/activites-gratuites-de-hostels-barcelone\/","name":"Activit\u00e9s gratuites de Be Hostels \u00e0 Barcelone - Be Hostels","isPartOf":{"@id":"https:\/\/behostels.com\/fr\/#website"},"datePublished":"2015-06-15T15:48:59+00:00","dateModified":"2017-06-20T10:11:10+00:00","breadcrumb":{"@id":"https:\/\/behostels.com\/fr\/activites-gratuites-de-hostels-barcelone\/#breadcrumb"},"inLanguage":"fr-FR","potentialAction":[{"@type":"ReadAction","target":["https:\/\/behostels.com\/fr\/activites-gratuites-de-hostels-barcelone\/"]}]},{"@type":"BreadcrumbList","@id":"https:\/\/behostels.com\/fr\/activites-gratuites-de-hostels-barcelone\/#breadcrumb","itemListElement":[{"@type":"ListItem","position":1,"name":"Home","item":"https:\/\/behostels.com\/fr\/"},{"@type":"ListItem","position":2,"name":"Activit\u00e9s gratuites de Be Hostels \u00e0 Barcelone"}]},{"@type":"WebSite","@id":"https:\/\/behostels.com\/fr\/#website","url":"https:\/\/behostels.com\/fr\/","name":"Be Hostels","description":"","publisher":{"@id":"https:\/\/behostels.com\/fr\/#organization"},"potentialAction":[{"@type":"SearchAction","target":{"@type":"EntryPoint","urlTemplate":"https:\/\/behostels.com\/fr\/?s={search_term_string}"},"query-input":"required name=search_term_string"}],"inLanguage":"fr-FR"},{"@type":"Organization","@id":"https:\/\/behostels.com\/fr\/#organization","name":"Be Hostels","url":"https:\/\/behostels.com\/fr\/","logo":{"@type":"ImageObject","inLanguage":"fr-FR","@id":"https:\/\/behostels.com\/fr\/#\/schema\/logo\/image\/","url":"https:\/\/behostels.com\/wp-content\/uploads\/2015\/06\/be_reservations_logo.jpg","contentUrl":"https:\/\/behostels.com\/wp-content\/uploads\/2015\/06\/be_reservations_logo.jpg","width":130,"height":130,"caption":"Be Hostels"},"image":{"@id":"https:\/\/behostels.com\/fr\/#\/schema\/logo\/image\/"}}]}},"_links":{"self":[{"href":"https:\/\/behostels.com\/fr\/wp-json\/wp\/v2\/pages\/458"}],"collection":[{"href":"https:\/\/behostels.com\/fr\/wp-json\/wp\/v2\/pages"}],"about":[{"href":"https:\/\/behostels.com\/fr\/wp-json\/wp\/v2\/types\/page"}],"author":[{"embeddable":true,"href":"https:\/\/behostels.com\/fr\/wp-json\/wp\/v2\/users\/1"}],"replies":[{"embeddable":true,"href":"https:\/\/behostels.com\/fr\/wp-json\/wp\/v2\/comments?post=458"}],"version-history":[{"count":0,"href":"https:\/\/behostels.com\/fr\/wp-json\/wp\/v2\/pages\/458\/revisions"}],"wp:attachment":[{"href":"https:\/\/behostels.com\/fr\/wp-json\/wp\/v2\/media?parent=458"}],"curies":[{"name":"wp","href":"https:\/\/api.w.org\/{rel}","templated":true}]}}