{"id":45,"date":"2015-06-08T15:21:36","date_gmt":"2015-06-08T15:21:36","guid":{"rendered":"https:\/\/behostels.com\/?page_id=45"},"modified":"2015-07-16T08:51:14","modified_gmt":"2015-07-16T08:51:14","slug":"l-histoire-de-be-hostels-un-nouveau-style-d-hebergement-a-barcelone","status":"publish","type":"page","link":"https:\/\/behostels.com\/fr\/l-histoire-de-be-hostels-un-nouveau-style-d-hebergement-a-barcelone\/","title":{"rendered":"L&rsquo;histoire de Be Hostels: Un nouveau style d&rsquo;h\u00e9bergement \u00e0 Barcelone"},"content":{"rendered":"<h2><a title=\"Barcelona Hostels | Hostels in Barcelona\" href=\"https:\/\/behostels.com\">Be Hostels<\/a> est aujourd&rsquo;hui un groupe c\u00e9l\u00e8bre et consid\u00e9r\u00e9 des <a title=\"Barcelona Hostels | Hostels in Barcelona\" href=\"https:\/\/behostels.com\">Auberges de jeunesse \u00e0 Barcelone<\/a>.<\/h2>\r\n<p><\/p>\r\n\r\n<h3><a title=\"Barcelona Hostels | Hostels in Barcelona\" href=\"https:\/\/behostels.com\">Be Hostels<\/a> a conserv\u00e9 pendant des ann\u00e9es, le sens traditionnel d&rsquo;une auberge de jeunesse, ces derniers temps, de le fusionner avec les nouveaux outils de voyage! Offrant toujours le meilleur emplacement, prix abordables et de meilleure qualit\u00e9!<\/h3>\r\n\r\n<p><a href=\"https:\/\/behostels.com\/fr\/\"><strong>Be Hostels<\/strong><\/a> a commenc\u00e9 en 1999 comme un petit <strong>h\u00f4tel \u00e0 c\u00f4t\u00e9 de Las Ramblas<\/strong>, en plein centre de <strong>Barcelone<\/strong>. Il a \u00e9t\u00e9 fond\u00e9 par <strong>Josep Maria Farr\u00e9<\/strong> dans sa mission de recevoir les touristes dans les meilleures conditions possibles. Des ann\u00e9es plus tard, ses fils <strong>Adri\u00e0 et V\u00e0lia<\/strong> ce sont joint \u00e0 lui dans sa pr\u00e9occupation. Sa jeunesse et son enthousiasme \u00e0 conna\u00eetre le monde leur a donn\u00e9 de <strong>nouvelles id\u00e9es sur<\/strong> les options de <strong>h\u00e9bergement<\/strong>.<\/p>\r\n\r\n\r\n<div class=\"uk-grid uk-text-left uk-flex-middle\">\r\n\t<div class=\"uk-width-medium-1-3\">\r\n\t\t<div class=\"uk-overlay uk-overlay-hover uk-border-circle\">\r\n\t\t\t<img loading=\"lazy\" decoding=\"async\" src=\"https:\/\/behostels.com\/wp-content\/uploads\/2015\/07\/be-mar-hostel-barcelona-entrance.jpg\" class=\"uk-border-circle uk-overlay-scale\" alt=\"Be Mar Hostel Barcelona Best Location\" width=\"900\" height=\"900\" class=\"alignnone size-full wp-image-1795\" srcset=\"https:\/\/behostels.com\/wp-content\/uploads\/2015\/07\/be-mar-hostel-barcelona-entrance.jpg 900w, https:\/\/behostels.com\/wp-content\/uploads\/2015\/07\/be-mar-hostel-barcelona-entrance-150x150.jpg 150w, https:\/\/behostels.com\/wp-content\/uploads\/2015\/07\/be-mar-hostel-barcelona-entrance-300x300.jpg 300w\" sizes=\"(max-width: 900px) 100vw, 900px\" \/>\r\n\t\t<\/div>\r\n\t<\/div>\r\n\t<div class=\"uk-width-medium-2-3\">\r\n\t<p>\r\n\t<a href=\"https:\/\/behostels.com\/fr\/?page_id=63\"><strong>Be Mar Hostel<\/strong><\/a> ouvre en 2002, l&rsquo;un des peu auberges de <strong>Barcelone<\/strong>, \u00e0 l&rsquo;\u00e9poque, avec l\u00b4introduction de nouvelles id\u00e9es dans une industrie touristique qui est archa\u00efque \u00e0 l&rsquo;\u00e9poque en Espagne. Ils ont pass\u00e9 de nombreuses heures \u00e0 la r\u00e9ception, faisant des nouveaux amis et de voyant grandir <a href=\"https:\/\/behostels.com\/mar\/fr\/\"><strong>Be Mar Hostel<\/strong><\/a>\r\n\r\nEn 2005, <a href=\"https:\/\/behostels.com\/fr\/\"><strong>Be Hostels<\/strong><\/a> ouvre <a href=\"https:\/\/behostels.com\/fr\/sound\/\"><strong>Be Sound Hostel<\/strong><\/a> juste \u00e0 c\u00f4t\u00e9. Il a \u00e9t\u00e9 construit dans un magasin de musique ancienne. <a href=\"https:\/\/behostels.com\/fr\/sound\/\"><strong>Be Sound Hostel<\/strong><\/a> est un hommage \u00e0 ce site, donc nous avons organis\u00e9 des concerts et promotion de la musique \u00e0 <strong>Barcelone<\/strong>.\r\n\t<\/p>\r\n<p>Puis, en 2007, <a href=\"https:\/\/behostels.com\/dream\/fr\/\"><strong>Be Dream Hostel<\/strong><\/a> s&rsquo;ouvre dans une tentative de partager la plage de <strong>Barcelone<\/strong> et <strong>Badalone<\/strong> (d\u00b4o\u00f9 est la famillle Farr\u00e9 ) avec des voyageurs alternatifs<\/p>\r\n\r\n<p>Finalement <a href=\"https:\/\/behostels.com\/fr\/\"><strong>Be Hostels<\/strong><\/a> ouvre une <a href=\"https:\/\/behostels.com\/zaragoza\/fr\/\">auberge dans la ville de <strong>Saragosse<\/strong><\/a>, une ville magnifique situ\u00e9e dans au milieux de <strong>Barcelone<\/strong> et Madrid. Cette ville m\u00e9rite une visite dans laquelle vous pouvez d\u00e9couvrir le mode de vie authentique espagnol.<\/p>\r\n\t<\/div>\r\n<\/div>\r\n\r\n\r\n<h3>Nous n&rsquo;arr\u00eatons jamais de voyager \u00e0 travers le monde.<\/h3>\r\n\r\n<div class=\"destacado\">Nous esp\u00e9rons que vous vous sentez comme chez vous, et que vous passez un agr\u00e9able s\u00e9jour!<\/div>","protected":false},"excerpt":{"rendered":"<p>Be Hostels est aujourd&rsquo;hui un groupe c\u00e9l\u00e8bre et consid\u00e9r\u00e9 des Auberges de jeunesse \u00e0 Barcelone. Be Hostels a conserv\u00e9 pendant des ann\u00e9es, le sens traditionnel d&rsquo;une auberge de jeunesse, ces derniers temps, de le fusionner avec les nouveaux outils de voyage! Offrant toujours le meilleur emplacement, prix abordables et de meilleure qualit\u00e9! Be Hostels a [&hellip;]<\/p>\n","protected":false},"author":1,"featured_media":0,"parent":0,"menu_order":0,"comment_status":"closed","ping_status":"closed","template":"","meta":{"footnotes":""},"yoast_head":"<!-- This site is optimized with the Yoast SEO plugin v22.7 - https:\/\/yoast.com\/wordpress\/plugins\/seo\/ -->\n<title>Un nouveau style d&#039;h\u00e9bergement \u00e0 Barcelone. L&#039;histoire de Be Hostels<\/title>\n<meta name=\"description\" content=\"Nous sommes toujours attentifs \u00e0 am\u00e9liorer le s\u00e9jour de nos invit\u00e9s dans nos auberges de Barcelone et Saragosse\" \/>\n<meta name=\"robots\" content=\"index, follow, max-snippet:-1, max-image-preview:large, max-video-preview:-1\" \/>\n<link rel=\"canonical\" href=\"https:\/\/behostels.com\/fr\/l-histoire-de-be-hostels-un-nouveau-style-d-hebergement-a-barcelone\/\" \/>\n<meta property=\"og:locale\" content=\"fr_FR\" \/>\n<meta property=\"og:type\" content=\"article\" \/>\n<meta property=\"og:title\" content=\"Un nouveau style d&#039;h\u00e9bergement \u00e0 Barcelone. L&#039;histoire de Be Hostels\" \/>\n<meta property=\"og:description\" content=\"Nous sommes toujours attentifs \u00e0 am\u00e9liorer le s\u00e9jour de nos invit\u00e9s dans nos auberges de Barcelone et Saragosse\" \/>\n<meta property=\"og:url\" content=\"https:\/\/behostels.com\/fr\/l-histoire-de-be-hostels-un-nouveau-style-d-hebergement-a-barcelone\/\" \/>\n<meta property=\"og:site_name\" content=\"Be Hostels\" \/>\n<meta property=\"article:modified_time\" content=\"2015-07-16T08:51:14+00:00\" \/>\n<meta property=\"og:image\" content=\"https:\/\/behostels.com\/wp-content\/uploads\/2015\/07\/be-mar-hostel-barcelona-entrance.jpg\" \/>\n<meta name=\"twitter:card\" content=\"summary_large_image\" \/>\n<meta name=\"twitter:label1\" content=\"Dur\u00e9e de lecture estim\u00e9e\" \/>\n\t<meta name=\"twitter:data1\" content=\"2 minutes\" \/>\n<script type=\"application\/ld+json\" class=\"yoast-schema-graph\">{\"@context\":\"https:\/\/schema.org\",\"@graph\":[{\"@type\":\"WebPage\",\"@id\":\"https:\/\/behostels.com\/fr\/l-histoire-de-be-hostels-un-nouveau-style-d-hebergement-a-barcelone\/\",\"url\":\"https:\/\/behostels.com\/fr\/l-histoire-de-be-hostels-un-nouveau-style-d-hebergement-a-barcelone\/\",\"name\":\"Un nouveau style d'h\u00e9bergement \u00e0 Barcelone. L'histoire de Be Hostels\",\"isPartOf\":{\"@id\":\"https:\/\/behostels.com\/fr\/#website\"},\"primaryImageOfPage\":{\"@id\":\"https:\/\/behostels.com\/fr\/l-histoire-de-be-hostels-un-nouveau-style-d-hebergement-a-barcelone\/#primaryimage\"},\"image\":{\"@id\":\"https:\/\/behostels.com\/fr\/l-histoire-de-be-hostels-un-nouveau-style-d-hebergement-a-barcelone\/#primaryimage\"},\"thumbnailUrl\":\"https:\/\/behostels.com\/wp-content\/uploads\/2015\/07\/be-mar-hostel-barcelona-entrance.jpg\",\"datePublished\":\"2015-06-08T15:21:36+00:00\",\"dateModified\":\"2015-07-16T08:51:14+00:00\",\"description\":\"Nous sommes toujours attentifs \u00e0 am\u00e9liorer le s\u00e9jour de nos invit\u00e9s dans nos auberges de Barcelone et Saragosse\",\"breadcrumb\":{\"@id\":\"https:\/\/behostels.com\/fr\/l-histoire-de-be-hostels-un-nouveau-style-d-hebergement-a-barcelone\/#breadcrumb\"},\"inLanguage\":\"fr-FR\",\"potentialAction\":[{\"@type\":\"ReadAction\",\"target\":[\"https:\/\/behostels.com\/fr\/l-histoire-de-be-hostels-un-nouveau-style-d-hebergement-a-barcelone\/\"]}]},{\"@type\":\"ImageObject\",\"inLanguage\":\"fr-FR\",\"@id\":\"https:\/\/behostels.com\/fr\/l-histoire-de-be-hostels-un-nouveau-style-d-hebergement-a-barcelone\/#primaryimage\",\"url\":\"https:\/\/behostels.com\/wp-content\/uploads\/2015\/07\/be-mar-hostel-barcelona-entrance.jpg\",\"contentUrl\":\"https:\/\/behostels.com\/wp-content\/uploads\/2015\/07\/be-mar-hostel-barcelona-entrance.jpg\"},{\"@type\":\"BreadcrumbList\",\"@id\":\"https:\/\/behostels.com\/fr\/l-histoire-de-be-hostels-un-nouveau-style-d-hebergement-a-barcelone\/#breadcrumb\",\"itemListElement\":[{\"@type\":\"ListItem\",\"position\":1,\"name\":\"Home\",\"item\":\"https:\/\/behostels.com\/fr\/\"},{\"@type\":\"ListItem\",\"position\":2,\"name\":\"L&rsquo;histoire de Be Hostels: Un nouveau style d&rsquo;h\u00e9bergement \u00e0 Barcelone\"}]},{\"@type\":\"WebSite\",\"@id\":\"https:\/\/behostels.com\/fr\/#website\",\"url\":\"https:\/\/behostels.com\/fr\/\",\"name\":\"Be Hostels\",\"description\":\"\",\"publisher\":{\"@id\":\"https:\/\/behostels.com\/fr\/#organization\"},\"potentialAction\":[{\"@type\":\"SearchAction\",\"target\":{\"@type\":\"EntryPoint\",\"urlTemplate\":\"https:\/\/behostels.com\/fr\/?s={search_term_string}\"},\"query-input\":\"required name=search_term_string\"}],\"inLanguage\":\"fr-FR\"},{\"@type\":\"Organization\",\"@id\":\"https:\/\/behostels.com\/fr\/#organization\",\"name\":\"Be Hostels\",\"url\":\"https:\/\/behostels.com\/fr\/\",\"logo\":{\"@type\":\"ImageObject\",\"inLanguage\":\"fr-FR\",\"@id\":\"https:\/\/behostels.com\/fr\/#\/schema\/logo\/image\/\",\"url\":\"https:\/\/behostels.com\/wp-content\/uploads\/2015\/06\/be_reservations_logo.jpg\",\"contentUrl\":\"https:\/\/behostels.com\/wp-content\/uploads\/2015\/06\/be_reservations_logo.jpg\",\"width\":130,\"height\":130,\"caption\":\"Be Hostels\"},\"image\":{\"@id\":\"https:\/\/behostels.com\/fr\/#\/schema\/logo\/image\/\"}}]}<\/script>\n<!-- \/ Yoast SEO plugin. -->","yoast_head_json":{"title":"Un nouveau style d'h\u00e9bergement \u00e0 Barcelone. L'histoire de Be Hostels","description":"Nous sommes toujours attentifs \u00e0 am\u00e9liorer le s\u00e9jour de nos invit\u00e9s dans nos auberges de Barcelone et Saragosse","robots":{"index":"index","follow":"follow","max-snippet":"max-snippet:-1","max-image-preview":"max-image-preview:large","max-video-preview":"max-video-preview:-1"},"canonical":"https:\/\/behostels.com\/fr\/l-histoire-de-be-hostels-un-nouveau-style-d-hebergement-a-barcelone\/","og_locale":"fr_FR","og_type":"article","og_title":"Un nouveau style d'h\u00e9bergement \u00e0 Barcelone. L'histoire de Be Hostels","og_description":"Nous sommes toujours attentifs \u00e0 am\u00e9liorer le s\u00e9jour de nos invit\u00e9s dans nos auberges de Barcelone et Saragosse","og_url":"https:\/\/behostels.com\/fr\/l-histoire-de-be-hostels-un-nouveau-style-d-hebergement-a-barcelone\/","og_site_name":"Be Hostels","article_modified_time":"2015-07-16T08:51:14+00:00","og_image":[{"url":"https:\/\/behostels.com\/wp-content\/uploads\/2015\/07\/be-mar-hostel-barcelona-entrance.jpg"}],"twitter_card":"summary_large_image","twitter_misc":{"Dur\u00e9e de lecture estim\u00e9e":"2 minutes"},"schema":{"@context":"https:\/\/schema.org","@graph":[{"@type":"WebPage","@id":"https:\/\/behostels.com\/fr\/l-histoire-de-be-hostels-un-nouveau-style-d-hebergement-a-barcelone\/","url":"https:\/\/behostels.com\/fr\/l-histoire-de-be-hostels-un-nouveau-style-d-hebergement-a-barcelone\/","name":"Un nouveau style d'h\u00e9bergement \u00e0 Barcelone. L'histoire de Be Hostels","isPartOf":{"@id":"https:\/\/behostels.com\/fr\/#website"},"primaryImageOfPage":{"@id":"https:\/\/behostels.com\/fr\/l-histoire-de-be-hostels-un-nouveau-style-d-hebergement-a-barcelone\/#primaryimage"},"image":{"@id":"https:\/\/behostels.com\/fr\/l-histoire-de-be-hostels-un-nouveau-style-d-hebergement-a-barcelone\/#primaryimage"},"thumbnailUrl":"https:\/\/behostels.com\/wp-content\/uploads\/2015\/07\/be-mar-hostel-barcelona-entrance.jpg","datePublished":"2015-06-08T15:21:36+00:00","dateModified":"2015-07-16T08:51:14+00:00","description":"Nous sommes toujours attentifs \u00e0 am\u00e9liorer le s\u00e9jour de nos invit\u00e9s dans nos auberges de Barcelone et Saragosse","breadcrumb":{"@id":"https:\/\/behostels.com\/fr\/l-histoire-de-be-hostels-un-nouveau-style-d-hebergement-a-barcelone\/#breadcrumb"},"inLanguage":"fr-FR","potentialAction":[{"@type":"ReadAction","target":["https:\/\/behostels.com\/fr\/l-histoire-de-be-hostels-un-nouveau-style-d-hebergement-a-barcelone\/"]}]},{"@type":"ImageObject","inLanguage":"fr-FR","@id":"https:\/\/behostels.com\/fr\/l-histoire-de-be-hostels-un-nouveau-style-d-hebergement-a-barcelone\/#primaryimage","url":"https:\/\/behostels.com\/wp-content\/uploads\/2015\/07\/be-mar-hostel-barcelona-entrance.jpg","contentUrl":"https:\/\/behostels.com\/wp-content\/uploads\/2015\/07\/be-mar-hostel-barcelona-entrance.jpg"},{"@type":"BreadcrumbList","@id":"https:\/\/behostels.com\/fr\/l-histoire-de-be-hostels-un-nouveau-style-d-hebergement-a-barcelone\/#breadcrumb","itemListElement":[{"@type":"ListItem","position":1,"name":"Home","item":"https:\/\/behostels.com\/fr\/"},{"@type":"ListItem","position":2,"name":"L&rsquo;histoire de Be Hostels: Un nouveau style d&rsquo;h\u00e9bergement \u00e0 Barcelone"}]},{"@type":"WebSite","@id":"https:\/\/behostels.com\/fr\/#website","url":"https:\/\/behostels.com\/fr\/","name":"Be Hostels","description":"","publisher":{"@id":"https:\/\/behostels.com\/fr\/#organization"},"potentialAction":[{"@type":"SearchAction","target":{"@type":"EntryPoint","urlTemplate":"https:\/\/behostels.com\/fr\/?s={search_term_string}"},"query-input":"required name=search_term_string"}],"inLanguage":"fr-FR"},{"@type":"Organization","@id":"https:\/\/behostels.com\/fr\/#organization","name":"Be Hostels","url":"https:\/\/behostels.com\/fr\/","logo":{"@type":"ImageObject","inLanguage":"fr-FR","@id":"https:\/\/behostels.com\/fr\/#\/schema\/logo\/image\/","url":"https:\/\/behostels.com\/wp-content\/uploads\/2015\/06\/be_reservations_logo.jpg","contentUrl":"https:\/\/behostels.com\/wp-content\/uploads\/2015\/06\/be_reservations_logo.jpg","width":130,"height":130,"caption":"Be Hostels"},"image":{"@id":"https:\/\/behostels.com\/fr\/#\/schema\/logo\/image\/"}}]}},"_links":{"self":[{"href":"https:\/\/behostels.com\/fr\/wp-json\/wp\/v2\/pages\/45"}],"collection":[{"href":"https:\/\/behostels.com\/fr\/wp-json\/wp\/v2\/pages"}],"about":[{"href":"https:\/\/behostels.com\/fr\/wp-json\/wp\/v2\/types\/page"}],"author":[{"embeddable":true,"href":"https:\/\/behostels.com\/fr\/wp-json\/wp\/v2\/users\/1"}],"replies":[{"embeddable":true,"href":"https:\/\/behostels.com\/fr\/wp-json\/wp\/v2\/comments?post=45"}],"version-history":[{"count":0,"href":"https:\/\/behostels.com\/fr\/wp-json\/wp\/v2\/pages\/45\/revisions"}],"wp:attachment":[{"href":"https:\/\/behostels.com\/fr\/wp-json\/wp\/v2\/media?parent=45"}],"curies":[{"name":"wp","href":"https:\/\/api.w.org\/{rel}","templated":true}]}}