{"id":418,"date":"2015-06-15T15:36:29","date_gmt":"2015-06-15T15:36:29","guid":{"rendered":"https:\/\/behostels.com\/?page_id=418"},"modified":"2019-12-12T10:44:08","modified_gmt":"2019-12-12T10:44:08","slug":"be-apartments","status":"publish","type":"page","link":"https:\/\/behostels.com\/fr\/be-apartments\/","title":{"rendered":"Be Apartments"},"content":{"rendered":"<h2>Soyez appartements sont situ\u00e9s en plein centre de Barcelone, \u00e0 seulement une minute de la Rambla, juste l\u00e0 o\u00f9 vous voulez \u00eatre.<\/h2>\r\n\n\n<div id=\"wk-grid87b\" class=\"uk-grid-width-1-1 uk-grid-width-medium-1-3 uk-grid uk-grid-match uk-grid-medium uk-text-center \" data-uk-grid-match=\"{target:'> div > .uk-panel', row:true}\" data-uk-grid-margin  data-uk-scrollspy=\"{cls:'uk-animation-fade uk-invisible', target:'> div > .uk-panel', delay:300}\">\n\n\n    <div>\n        <div class=\"uk-panel uk-invisible\">\n\n            \n            \n                        <div class=\"uk-text-center uk-panel-teaser\"><div class=\"uk-overlay uk-overlay-hover uk-border-circle\"><img loading=\"lazy\" decoding=\"async\" src=\"\/wp-content\/uploads\/2015\/07\/be-apartments-barcelona-next-ramblas.jpg\" class=\"uk-border-circle uk-overlay-scale\" alt=\"\u00c0 c\u00f4t\u00e9 de Las Ramblas\" width=\"600\" height=\"600\"><div class=\"uk-overlay-panel uk-overlay-background uk-overlay-icon uk-overlay-fade\"><\/div><a class=\"uk-position-cover\" href=\"http:\/\/behostels.com\/fr\/be-apartments\/apartments-situation\/\" title=\"\u00c0 c\u00f4t\u00e9 de Las Ramblas\"><\/a><\/div><\/div>\n            \n            \n            \n            \n            \n                        <div class=\"uk-margin\">\u00c0 c\u00f4t\u00e9 de Las Ramblas<\/div>\n            \n            \n            \n            \n        <\/div>\n    <\/div>\n\n\n    <div>\n        <div class=\"uk-panel uk-invisible\">\n\n            \n            \n                        <div class=\"uk-text-center uk-panel-teaser\"><div class=\"uk-overlay uk-overlay-hover uk-border-circle\"><img loading=\"lazy\" decoding=\"async\" src=\"\/wp-content\/uploads\/2015\/07\/be-apartments-barcelona-next-ramblas-double-rooms.jpg\" class=\"uk-border-circle uk-overlay-scale\" alt=\"Choisissez votre Chambre Double\" width=\"600\" height=\"600\"><div class=\"uk-overlay-panel uk-overlay-background uk-overlay-icon uk-overlay-fade\"><\/div><a class=\"uk-position-cover\" href=\"http:\/\/behostels.com\/fr\/be-apartments\/apartments-chambres\/\" title=\"Choisissez votre Chambre Double\"><\/a><\/div><\/div>\n            \n            \n            \n            \n            \n                        <div class=\"uk-margin\">Choisissez votre Chambre Double<\/div>\n            \n            \n            \n            \n        <\/div>\n    <\/div>\n\n\n    <div>\n        <div class=\"uk-panel uk-invisible\">\n\n            \n            \n                        <div class=\"uk-text-center uk-panel-teaser\"><div class=\"uk-overlay uk-overlay-hover uk-border-circle\"><img loading=\"lazy\" decoding=\"async\" src=\"\/wp-content\/uploads\/2015\/07\/be-apartments-barcelona-next-ramblas-double-rooms-choose-apartment.jpg\" class=\"uk-border-circle uk-overlay-scale\" alt=\"Choisissez votre Appartement\" width=\"450\" height=\"450\"><div class=\"uk-overlay-panel uk-overlay-background uk-overlay-icon uk-overlay-fade\"><\/div><a class=\"uk-position-cover\" href=\"http:\/\/behostels.com\/fr\/be-apartments\/apartments-chambres\/\" title=\"Choisissez votre Appartement\"><\/a><\/div><\/div>\n            \n            \n            \n            \n            \n                        <div class=\"uk-margin\">Choisissez votre Appartement<\/div>\n            \n            \n            \n            \n        <\/div>\n    <\/div>\n\n\n<\/div>\n\n<script>\n(function($){\n\n    \/\/ get the images of the gallery and replace it by a canvas of the same size to fix the problem with overlapping images on load.\n    $('img[width][height]:not(.uk-overlay-panel)', $('#wk-grid87b')).each(function() {\n\n        var $img = $(this);\n\n        if (this.width == 'auto' || this.height == 'auto' || !$img.is(':visible')) {\n            return;\n        }\n\n        var $canvas = $('<canvas class=\"uk-responsive-width\"><\/canvas>').attr({width:$img.attr('width'), height:$img.attr('height')}),\n            img = new Image,\n            release = function() {\n                $canvas.remove();\n                $img.css('display', '');\n                release = function(){};\n            };\n\n        $img.css('display', 'none').after($canvas);\n\n        $(img).on('load', function(){ release(); });\n        setTimeout(function(){ release(); }, 1000);\n\n        img.src = this.src;\n\n    });\n\n})(jQuery);\n<\/script>\n\r\n<p>Un ensemble du b\u00e2timent, enti\u00e8rement r\u00e9nov\u00e9 avec 10 appartements situ\u00e9s dans le neightbourghood historique de Barcelone. Appartements confortables, \u00e9quip\u00e9es de tout ce dont vous avez besoin: cuisine, r\u00e9frig\u00e9rateur, air conditionn\u00e9, TV et un ascenseur.<\/p>\r\n<p>Soyez apartents vous offre une r\u00e9ception ouverte de vous accueillir et vous aider avec tout ce dont vous avez besoin pendant votre s\u00e9jour. Le personnel soit Apartments vous asist et vous donner toutes les informations que vous voulez \u00e0 propos de Barcelone et vous aider \u00e0 organiser votre visite dans notre belle ville.<\/p>\r\n<h3>Ce sont les services que nous offrons \u00e0 Be Apartments<\/h3> \r\n<div class=\"uk-grid\">\r\n<div class=\"uk-width-large-1-2 uk-width-medium-1-2 uk-width-small-1-1\">\r\n<ul>\r\n    <li>Wifi gratuit dans les chambres<\/li>\r\n    <li>Tour de Barcelone gratuit<\/li>\r\n    <li>Cartes de Barcelone gratuit<\/li>\r\n    <li>Les frais de stationnement de voiture<\/li>\r\n<\/ul>\r\n<\/div>\r\n<div class=\"uk-width-large-1-2 uk-width-medium-1-2 uk-width-small-1-1\">\r\n<ul>\r\n    <li>R\u00e9ception ouverte de 9:00 \u00e0 14:00<\/li>\r\n    <li>L&rsquo;entr\u00e9e \u00e0 partir de 14h00 est \u00e0 Be Sound Hostel<\/li>\r\n    <li>Salles communes agr\u00e9ables et confortables<\/li>\r\n    <li>Air conditionn\u00e9 et chauffage<\/li>\r\n    <li>Des activit\u00e9s telles que des visites \u00e0 pied, le Tour de tapas et flamenco, etc<\/li>\r\n    <li>Un service de stockage de bagages<\/li>\r\n<\/ul>\r\n<\/div>\r\n<\/div>","protected":false},"excerpt":{"rendered":"<p>Soyez appartements sont situ\u00e9s en plein centre de Barcelone, \u00e0 seulement une minute de la Rambla, juste l\u00e0 o\u00f9 vous voulez \u00eatre. Un ensemble du b\u00e2timent, enti\u00e8rement r\u00e9nov\u00e9 avec 10 appartements situ\u00e9s dans le neightbourghood historique de Barcelone. Appartements confortables, \u00e9quip\u00e9es de tout ce dont vous avez besoin: cuisine, r\u00e9frig\u00e9rateur, air conditionn\u00e9, TV et un [&hellip;]<\/p>\n","protected":false},"author":1,"featured_media":0,"parent":0,"menu_order":0,"comment_status":"closed","ping_status":"closed","template":"","meta":{"footnotes":""},"yoast_head":"<!-- This site is optimized with the Yoast SEO plugin v22.7 - https:\/\/yoast.com\/wordpress\/plugins\/seo\/ -->\n<title>Be Apartments<\/title>\n<meta name=\"robots\" content=\"index, follow, max-snippet:-1, max-image-preview:large, max-video-preview:-1\" \/>\n<link rel=\"canonical\" href=\"https:\/\/behostels.com\/fr\/be-apartments\/\" \/>\n<meta property=\"og:locale\" content=\"fr_FR\" \/>\n<meta property=\"og:type\" content=\"article\" \/>\n<meta property=\"og:title\" content=\"Be Apartments\" \/>\n<meta property=\"og:description\" content=\"Soyez appartements sont situ\u00e9s en plein centre de Barcelone, \u00e0 seulement une minute de la Rambla, juste l\u00e0 o\u00f9 vous voulez \u00eatre. Un ensemble du b\u00e2timent, enti\u00e8rement r\u00e9nov\u00e9 avec 10 appartements situ\u00e9s dans le neightbourghood historique de Barcelone. Appartements confortables, \u00e9quip\u00e9es de tout ce dont vous avez besoin: cuisine, r\u00e9frig\u00e9rateur, air conditionn\u00e9, TV et un [&hellip;]\" \/>\n<meta property=\"og:url\" content=\"https:\/\/behostels.com\/fr\/be-apartments\/\" \/>\n<meta property=\"og:site_name\" content=\"Be Hostels\" \/>\n<meta property=\"article:modified_time\" content=\"2019-12-12T10:44:08+00:00\" \/>\n<meta name=\"twitter:card\" content=\"summary_large_image\" \/>\n<meta name=\"twitter:label1\" content=\"Dur\u00e9e de lecture estim\u00e9e\" \/>\n\t<meta name=\"twitter:data1\" content=\"1 minute\" \/>\n<script type=\"application\/ld+json\" class=\"yoast-schema-graph\">{\"@context\":\"https:\/\/schema.org\",\"@graph\":[{\"@type\":\"WebPage\",\"@id\":\"https:\/\/behostels.com\/fr\/be-apartments\/\",\"url\":\"https:\/\/behostels.com\/fr\/be-apartments\/\",\"name\":\"Be Apartments\",\"isPartOf\":{\"@id\":\"https:\/\/behostels.com\/fr\/#website\"},\"datePublished\":\"2015-06-15T15:36:29+00:00\",\"dateModified\":\"2019-12-12T10:44:08+00:00\",\"breadcrumb\":{\"@id\":\"https:\/\/behostels.com\/fr\/be-apartments\/#breadcrumb\"},\"inLanguage\":\"fr-FR\",\"potentialAction\":[{\"@type\":\"ReadAction\",\"target\":[\"https:\/\/behostels.com\/fr\/be-apartments\/\"]}]},{\"@type\":\"BreadcrumbList\",\"@id\":\"https:\/\/behostels.com\/fr\/be-apartments\/#breadcrumb\",\"itemListElement\":[{\"@type\":\"ListItem\",\"position\":1,\"name\":\"Home\",\"item\":\"https:\/\/behostels.com\/fr\/\"},{\"@type\":\"ListItem\",\"position\":2,\"name\":\"Be Apartments\"}]},{\"@type\":\"WebSite\",\"@id\":\"https:\/\/behostels.com\/fr\/#website\",\"url\":\"https:\/\/behostels.com\/fr\/\",\"name\":\"Be Hostels\",\"description\":\"\",\"publisher\":{\"@id\":\"https:\/\/behostels.com\/fr\/#organization\"},\"potentialAction\":[{\"@type\":\"SearchAction\",\"target\":{\"@type\":\"EntryPoint\",\"urlTemplate\":\"https:\/\/behostels.com\/fr\/?s={search_term_string}\"},\"query-input\":\"required name=search_term_string\"}],\"inLanguage\":\"fr-FR\"},{\"@type\":\"Organization\",\"@id\":\"https:\/\/behostels.com\/fr\/#organization\",\"name\":\"Be Hostels\",\"url\":\"https:\/\/behostels.com\/fr\/\",\"logo\":{\"@type\":\"ImageObject\",\"inLanguage\":\"fr-FR\",\"@id\":\"https:\/\/behostels.com\/fr\/#\/schema\/logo\/image\/\",\"url\":\"https:\/\/behostels.com\/wp-content\/uploads\/2015\/06\/be_reservations_logo.jpg\",\"contentUrl\":\"https:\/\/behostels.com\/wp-content\/uploads\/2015\/06\/be_reservations_logo.jpg\",\"width\":130,\"height\":130,\"caption\":\"Be Hostels\"},\"image\":{\"@id\":\"https:\/\/behostels.com\/fr\/#\/schema\/logo\/image\/\"}}]}<\/script>\n<!-- \/ Yoast SEO plugin. -->","yoast_head_json":{"title":"Be Apartments","robots":{"index":"index","follow":"follow","max-snippet":"max-snippet:-1","max-image-preview":"max-image-preview:large","max-video-preview":"max-video-preview:-1"},"canonical":"https:\/\/behostels.com\/fr\/be-apartments\/","og_locale":"fr_FR","og_type":"article","og_title":"Be Apartments","og_description":"Soyez appartements sont situ\u00e9s en plein centre de Barcelone, \u00e0 seulement une minute de la Rambla, juste l\u00e0 o\u00f9 vous voulez \u00eatre. Un ensemble du b\u00e2timent, enti\u00e8rement r\u00e9nov\u00e9 avec 10 appartements situ\u00e9s dans le neightbourghood historique de Barcelone. Appartements confortables, \u00e9quip\u00e9es de tout ce dont vous avez besoin: cuisine, r\u00e9frig\u00e9rateur, air conditionn\u00e9, TV et un [&hellip;]","og_url":"https:\/\/behostels.com\/fr\/be-apartments\/","og_site_name":"Be Hostels","article_modified_time":"2019-12-12T10:44:08+00:00","twitter_card":"summary_large_image","twitter_misc":{"Dur\u00e9e de lecture estim\u00e9e":"1 minute"},"schema":{"@context":"https:\/\/schema.org","@graph":[{"@type":"WebPage","@id":"https:\/\/behostels.com\/fr\/be-apartments\/","url":"https:\/\/behostels.com\/fr\/be-apartments\/","name":"Be Apartments","isPartOf":{"@id":"https:\/\/behostels.com\/fr\/#website"},"datePublished":"2015-06-15T15:36:29+00:00","dateModified":"2019-12-12T10:44:08+00:00","breadcrumb":{"@id":"https:\/\/behostels.com\/fr\/be-apartments\/#breadcrumb"},"inLanguage":"fr-FR","potentialAction":[{"@type":"ReadAction","target":["https:\/\/behostels.com\/fr\/be-apartments\/"]}]},{"@type":"BreadcrumbList","@id":"https:\/\/behostels.com\/fr\/be-apartments\/#breadcrumb","itemListElement":[{"@type":"ListItem","position":1,"name":"Home","item":"https:\/\/behostels.com\/fr\/"},{"@type":"ListItem","position":2,"name":"Be Apartments"}]},{"@type":"WebSite","@id":"https:\/\/behostels.com\/fr\/#website","url":"https:\/\/behostels.com\/fr\/","name":"Be Hostels","description":"","publisher":{"@id":"https:\/\/behostels.com\/fr\/#organization"},"potentialAction":[{"@type":"SearchAction","target":{"@type":"EntryPoint","urlTemplate":"https:\/\/behostels.com\/fr\/?s={search_term_string}"},"query-input":"required name=search_term_string"}],"inLanguage":"fr-FR"},{"@type":"Organization","@id":"https:\/\/behostels.com\/fr\/#organization","name":"Be Hostels","url":"https:\/\/behostels.com\/fr\/","logo":{"@type":"ImageObject","inLanguage":"fr-FR","@id":"https:\/\/behostels.com\/fr\/#\/schema\/logo\/image\/","url":"https:\/\/behostels.com\/wp-content\/uploads\/2015\/06\/be_reservations_logo.jpg","contentUrl":"https:\/\/behostels.com\/wp-content\/uploads\/2015\/06\/be_reservations_logo.jpg","width":130,"height":130,"caption":"Be Hostels"},"image":{"@id":"https:\/\/behostels.com\/fr\/#\/schema\/logo\/image\/"}}]}},"_links":{"self":[{"href":"https:\/\/behostels.com\/fr\/wp-json\/wp\/v2\/pages\/418"}],"collection":[{"href":"https:\/\/behostels.com\/fr\/wp-json\/wp\/v2\/pages"}],"about":[{"href":"https:\/\/behostels.com\/fr\/wp-json\/wp\/v2\/types\/page"}],"author":[{"embeddable":true,"href":"https:\/\/behostels.com\/fr\/wp-json\/wp\/v2\/users\/1"}],"replies":[{"embeddable":true,"href":"https:\/\/behostels.com\/fr\/wp-json\/wp\/v2\/comments?post=418"}],"version-history":[{"count":0,"href":"https:\/\/behostels.com\/fr\/wp-json\/wp\/v2\/pages\/418\/revisions"}],"wp:attachment":[{"href":"https:\/\/behostels.com\/fr\/wp-json\/wp\/v2\/media?parent=418"}],"curies":[{"name":"wp","href":"https:\/\/api.w.org\/{rel}","templated":true}]}}