{"id":362,"date":"2015-06-11T11:04:40","date_gmt":"2015-06-11T11:04:40","guid":{"rendered":"https:\/\/behostels.com\/?page_id=362"},"modified":"2015-07-07T23:43:32","modified_gmt":"2015-07-07T23:43:32","slug":"equipements","status":"publish","type":"page","link":"https:\/\/behostels.com\/fr\/zaragoza\/equipements\/","title":{"rendered":"Be Hostels Zaragoza \u00c8quipements"},"content":{"rendered":"<h2 class=\"fantasy\">\u00c0 l&rsquo;arriv\u00e9e a <a href=\"http:\/\/www.behostels.com\/zaragoza\">Be Hostels Zaragoza<\/a>, les clients ou les meilleurs amis ont:<\/h2>\r\n<div class=\"uk-grid\">\r\n<div class=\"uk-width-large-1-2 uk-width-medium-1-2 uk-width-small-1-1\">\r\n<ul>\r\n   <li>le personnel du Cabinet avec serrure magn\u00e9tique gratuitement.<\/li>\r\n   <li>couette libre.<\/li>\r\n   <li>Internet gratuit<\/li>\r\n   <li>Wifi gratuit<\/li>\r\n   <li>Cuisine libre.<\/li>\r\n   <li>Des cartes de la ville.<\/li>\r\n   <li>S\u00e9jour avec TV et DVD.<\/li>\r\n   <li>Jeux de soci\u00e9t\u00e9.<\/li>\r\n   <li>les amis de partout dans le monde.<\/li>\r\n\r\n<\/ul>\r\n<\/div>\r\n<div class=\"uk-width-large-1-2 uk-width-medium-1-2 uk-width-small-1-1\">\r\n<ul>\r\n   <li>Location de draps et serviettes.<\/li>\r\n   <li>Lave-linge.<\/li>\r\n   <li>Toutes sortes de machines alimentaires et des boissons.<\/li>\r\n   <li>Toutes sortes d&rsquo;activit\u00e9s d&rsquo;aventure et de loisirs<\/li>\r\n   <li>R\u00e9duction sur les th\u00e9\u00e2tres Saragosse<\/li>\r\n   <li>Concerts et rencontres litt\u00e9raires<\/li>\r\n   <li>Expositions<\/li>\r\n   <li>D\u00eener Dramatisation<\/li>\r\n   <li>R\u00e9duction sur Party DJ&rsquo;s<\/li>\r\n   <li>Jam session<\/li>\r\n<\/ul>\r\n<\/div>\r\n<\/div>","protected":false},"excerpt":{"rendered":"<p>\u00c0 l&rsquo;arriv\u00e9e a Be Hostels Zaragoza, les clients ou les meilleurs amis ont: le personnel du Cabinet avec serrure magn\u00e9tique gratuitement. couette libre. Internet gratuit Wifi gratuit Cuisine libre. Des cartes de la ville. S\u00e9jour avec TV et DVD. Jeux de soci\u00e9t\u00e9. les amis de partout dans le monde. Location de draps et serviettes. Lave-linge. [&hellip;]<\/p>\n","protected":false},"author":1,"featured_media":0,"parent":320,"menu_order":0,"comment_status":"closed","ping_status":"open","template":"","meta":{"footnotes":""},"yoast_head":"<!-- This site is optimized with the Yoast SEO plugin v22.7 - https:\/\/yoast.com\/wordpress\/plugins\/seo\/ -->\n<title>\u00c8quipements<\/title>\n<meta name=\"robots\" content=\"index, follow, max-snippet:-1, max-image-preview:large, max-video-preview:-1\" \/>\n<link rel=\"canonical\" href=\"https:\/\/behostels.com\/fr\/zaragoza\/equipements\/\" \/>\n<meta property=\"og:locale\" content=\"fr_FR\" \/>\n<meta property=\"og:type\" content=\"article\" \/>\n<meta property=\"og:title\" content=\"\u00c8quipements\" \/>\n<meta property=\"og:description\" content=\"\u00c0 l&rsquo;arriv\u00e9e a Be Hostels Zaragoza, les clients ou les meilleurs amis ont: le personnel du Cabinet avec serrure magn\u00e9tique gratuitement. couette libre. Internet gratuit Wifi gratuit Cuisine libre. Des cartes de la ville. S\u00e9jour avec TV et DVD. Jeux de soci\u00e9t\u00e9. les amis de partout dans le monde. Location de draps et serviettes. Lave-linge. [&hellip;]\" \/>\n<meta property=\"og:url\" content=\"https:\/\/behostels.com\/fr\/zaragoza\/equipements\/\" \/>\n<meta property=\"og:site_name\" content=\"Be Hostels\" \/>\n<meta property=\"article:modified_time\" content=\"2015-07-07T23:43:32+00:00\" \/>\n<meta name=\"twitter:card\" content=\"summary_large_image\" \/>\n<script type=\"application\/ld+json\" class=\"yoast-schema-graph\">{\"@context\":\"https:\/\/schema.org\",\"@graph\":[{\"@type\":\"WebPage\",\"@id\":\"https:\/\/behostels.com\/fr\/zaragoza\/equipements\/\",\"url\":\"https:\/\/behostels.com\/fr\/zaragoza\/equipements\/\",\"name\":\"\u00c8quipements\",\"isPartOf\":{\"@id\":\"https:\/\/behostels.com\/fr\/#website\"},\"datePublished\":\"2015-06-11T11:04:40+00:00\",\"dateModified\":\"2015-07-07T23:43:32+00:00\",\"breadcrumb\":{\"@id\":\"https:\/\/behostels.com\/fr\/zaragoza\/equipements\/#breadcrumb\"},\"inLanguage\":\"fr-FR\",\"potentialAction\":[{\"@type\":\"ReadAction\",\"target\":[\"https:\/\/behostels.com\/fr\/zaragoza\/equipements\/\"]}]},{\"@type\":\"BreadcrumbList\",\"@id\":\"https:\/\/behostels.com\/fr\/zaragoza\/equipements\/#breadcrumb\",\"itemListElement\":[{\"@type\":\"ListItem\",\"position\":1,\"name\":\"Home\",\"item\":\"https:\/\/behostels.com\/fr\/\"},{\"@type\":\"ListItem\",\"position\":2,\"name\":\"Be Hostels Zaragoza, votre auberge de jeunesse pr\u00e8s de la Plaza del Pilar\",\"item\":\"https:\/\/behostels.com\/fr\/zaragoza\/\"},{\"@type\":\"ListItem\",\"position\":3,\"name\":\"Be Hostels Zaragoza \u00c8quipements\"}]},{\"@type\":\"WebSite\",\"@id\":\"https:\/\/behostels.com\/fr\/#website\",\"url\":\"https:\/\/behostels.com\/fr\/\",\"name\":\"Be Hostels\",\"description\":\"\",\"publisher\":{\"@id\":\"https:\/\/behostels.com\/fr\/#organization\"},\"potentialAction\":[{\"@type\":\"SearchAction\",\"target\":{\"@type\":\"EntryPoint\",\"urlTemplate\":\"https:\/\/behostels.com\/fr\/?s={search_term_string}\"},\"query-input\":\"required name=search_term_string\"}],\"inLanguage\":\"fr-FR\"},{\"@type\":\"Organization\",\"@id\":\"https:\/\/behostels.com\/fr\/#organization\",\"name\":\"Be Hostels\",\"url\":\"https:\/\/behostels.com\/fr\/\",\"logo\":{\"@type\":\"ImageObject\",\"inLanguage\":\"fr-FR\",\"@id\":\"https:\/\/behostels.com\/fr\/#\/schema\/logo\/image\/\",\"url\":\"https:\/\/behostels.com\/wp-content\/uploads\/2015\/06\/be_reservations_logo.jpg\",\"contentUrl\":\"https:\/\/behostels.com\/wp-content\/uploads\/2015\/06\/be_reservations_logo.jpg\",\"width\":130,\"height\":130,\"caption\":\"Be Hostels\"},\"image\":{\"@id\":\"https:\/\/behostels.com\/fr\/#\/schema\/logo\/image\/\"}}]}<\/script>\n<!-- \/ Yoast SEO plugin. -->","yoast_head_json":{"title":"\u00c8quipements","robots":{"index":"index","follow":"follow","max-snippet":"max-snippet:-1","max-image-preview":"max-image-preview:large","max-video-preview":"max-video-preview:-1"},"canonical":"https:\/\/behostels.com\/fr\/zaragoza\/equipements\/","og_locale":"fr_FR","og_type":"article","og_title":"\u00c8quipements","og_description":"\u00c0 l&rsquo;arriv\u00e9e a Be Hostels Zaragoza, les clients ou les meilleurs amis ont: le personnel du Cabinet avec serrure magn\u00e9tique gratuitement. couette libre. Internet gratuit Wifi gratuit Cuisine libre. Des cartes de la ville. S\u00e9jour avec TV et DVD. Jeux de soci\u00e9t\u00e9. les amis de partout dans le monde. Location de draps et serviettes. Lave-linge. [&hellip;]","og_url":"https:\/\/behostels.com\/fr\/zaragoza\/equipements\/","og_site_name":"Be Hostels","article_modified_time":"2015-07-07T23:43:32+00:00","twitter_card":"summary_large_image","schema":{"@context":"https:\/\/schema.org","@graph":[{"@type":"WebPage","@id":"https:\/\/behostels.com\/fr\/zaragoza\/equipements\/","url":"https:\/\/behostels.com\/fr\/zaragoza\/equipements\/","name":"\u00c8quipements","isPartOf":{"@id":"https:\/\/behostels.com\/fr\/#website"},"datePublished":"2015-06-11T11:04:40+00:00","dateModified":"2015-07-07T23:43:32+00:00","breadcrumb":{"@id":"https:\/\/behostels.com\/fr\/zaragoza\/equipements\/#breadcrumb"},"inLanguage":"fr-FR","potentialAction":[{"@type":"ReadAction","target":["https:\/\/behostels.com\/fr\/zaragoza\/equipements\/"]}]},{"@type":"BreadcrumbList","@id":"https:\/\/behostels.com\/fr\/zaragoza\/equipements\/#breadcrumb","itemListElement":[{"@type":"ListItem","position":1,"name":"Home","item":"https:\/\/behostels.com\/fr\/"},{"@type":"ListItem","position":2,"name":"Be Hostels Zaragoza, votre auberge de jeunesse pr\u00e8s de la Plaza del Pilar","item":"https:\/\/behostels.com\/fr\/zaragoza\/"},{"@type":"ListItem","position":3,"name":"Be Hostels Zaragoza \u00c8quipements"}]},{"@type":"WebSite","@id":"https:\/\/behostels.com\/fr\/#website","url":"https:\/\/behostels.com\/fr\/","name":"Be Hostels","description":"","publisher":{"@id":"https:\/\/behostels.com\/fr\/#organization"},"potentialAction":[{"@type":"SearchAction","target":{"@type":"EntryPoint","urlTemplate":"https:\/\/behostels.com\/fr\/?s={search_term_string}"},"query-input":"required name=search_term_string"}],"inLanguage":"fr-FR"},{"@type":"Organization","@id":"https:\/\/behostels.com\/fr\/#organization","name":"Be Hostels","url":"https:\/\/behostels.com\/fr\/","logo":{"@type":"ImageObject","inLanguage":"fr-FR","@id":"https:\/\/behostels.com\/fr\/#\/schema\/logo\/image\/","url":"https:\/\/behostels.com\/wp-content\/uploads\/2015\/06\/be_reservations_logo.jpg","contentUrl":"https:\/\/behostels.com\/wp-content\/uploads\/2015\/06\/be_reservations_logo.jpg","width":130,"height":130,"caption":"Be Hostels"},"image":{"@id":"https:\/\/behostels.com\/fr\/#\/schema\/logo\/image\/"}}]}},"_links":{"self":[{"href":"https:\/\/behostels.com\/fr\/wp-json\/wp\/v2\/pages\/362"}],"collection":[{"href":"https:\/\/behostels.com\/fr\/wp-json\/wp\/v2\/pages"}],"about":[{"href":"https:\/\/behostels.com\/fr\/wp-json\/wp\/v2\/types\/page"}],"author":[{"embeddable":true,"href":"https:\/\/behostels.com\/fr\/wp-json\/wp\/v2\/users\/1"}],"replies":[{"embeddable":true,"href":"https:\/\/behostels.com\/fr\/wp-json\/wp\/v2\/comments?post=362"}],"version-history":[{"count":0,"href":"https:\/\/behostels.com\/fr\/wp-json\/wp\/v2\/pages\/362\/revisions"}],"up":[{"embeddable":true,"href":"https:\/\/behostels.com\/fr\/wp-json\/wp\/v2\/pages\/320"}],"wp:attachment":[{"href":"https:\/\/behostels.com\/fr\/wp-json\/wp\/v2\/media?parent=362"}],"curies":[{"name":"wp","href":"https:\/\/api.w.org\/{rel}","templated":true}]}}