{"id":347,"date":"2015-06-11T10:52:40","date_gmt":"2015-06-11T10:52:40","guid":{"rendered":"https:\/\/behostels.com\/?page_id=347"},"modified":"2015-07-07T23:46:28","modified_gmt":"2015-07-07T23:46:28","slug":"chambres","status":"publish","type":"page","link":"https:\/\/behostels.com\/fr\/zaragoza\/chambres\/","title":{"rendered":"Be Hostel Zaragoza Chambres"},"content":{"rendered":"<div class=\"destacado\">\r\n<h2 class=\"fantasy\"> Les chambres de <a href=\"http:\/\/www.behostels.com\/zaragoza\" class=\"invisible\"> l&rsquo;auberge de Saragosse:<\/a><\/h2>\r\n<ul>\r\n\t<li><strong>Les chambres peuvent \u00eatre places 4, 6, 8, 10 et 12,<\/strong> avec salle de bain partag\u00e9e<\/li>\r\n\t<li><strong>Les chambres doubles<\/strong> avec salle de bain partag\u00e9e<\/li>\r\n<\/ul>\r\n<\/div>\r\n<h2 class=\"fantasy\">Chambre partag\u00e9e<\/h2>\r\n\r\n<h2 class=\"fantasy\">Les agr\u00e9ments de pi\u00e8ce sont les suivantes:<\/h2>\r\n<ul class=\"rooms\">\r\n\t<li><strong>Wi-fi<\/strong> Gratuit<\/li>\r\n\t<li><strong>L&rsquo;acc\u00e8s \u00e0 la porte principale 24 heures \u00e0 clef magn\u00e9tique, les m\u00eames que pour les casiers et des salles.<\/strong><\/li>\r\n\t<li><strong>Climatisation \/ chauffage dans les chambres.<\/strong><\/li>\r\n\t<li><strong>Air conditioning<\/strong> and <strong>heating<\/strong> in all rooms.<\/li>\r\n\t<li><strong>Lits, 2 mts.<\/strong><\/li>\r\n\t<li><strong>Chambre avec acc\u00e8s \u00e0 clef magn\u00e9tique<\/strong> personnelle.<\/li>\r\n\t<li><strong>Box Office avec fermeture magn\u00e9tique<\/strong> \u00e0 c\u00f4t\u00e9 de chaque lit gratuitement.<\/li>\r\n\t<li><strong>Serviettes et couvertures peuvent \u00eatre lou\u00e9s pour 3 \u20ac.<\/strong><\/li>\r\n\t<li><strong>Crochets personnels.<\/strong><\/li>\r\n\t<li><strong>La fum\u00e9e sans tabac \u00e0 priser chambres<\/strong><\/li>\r\n\r\n<\/ul>\r\n&nbsp;\r\n<div class=\"clr\"><\/div>\r\n","protected":false},"excerpt":{"rendered":"<p>Les chambres de l&rsquo;auberge de Saragosse: Les chambres peuvent \u00eatre places 4, 6, 8, 10 et 12, avec salle de bain partag\u00e9e Les chambres doubles avec salle de bain partag\u00e9e Chambre partag\u00e9e Les agr\u00e9ments de pi\u00e8ce sont les suivantes: Wi-fi Gratuit L&rsquo;acc\u00e8s \u00e0 la porte principale 24 heures \u00e0 clef magn\u00e9tique, les m\u00eames que pour [&hellip;]<\/p>\n","protected":false},"author":1,"featured_media":0,"parent":320,"menu_order":0,"comment_status":"closed","ping_status":"open","template":"","meta":{"footnotes":""},"yoast_head":"<!-- This site is optimized with the Yoast SEO plugin v22.7 - https:\/\/yoast.com\/wordpress\/plugins\/seo\/ -->\n<title>Chambres<\/title>\n<meta name=\"description\" content=\"Regardez nos chambres agr\u00e9ables et confortables \u00e0 Be Zaragoza Hostel \u00e0 Zaragoza.\" \/>\n<meta name=\"robots\" content=\"index, follow, max-snippet:-1, max-image-preview:large, max-video-preview:-1\" \/>\n<link rel=\"canonical\" href=\"https:\/\/behostels.com\/fr\/zaragoza\/chambres\/\" \/>\n<meta property=\"og:locale\" content=\"fr_FR\" \/>\n<meta property=\"og:type\" content=\"article\" \/>\n<meta property=\"og:title\" content=\"Chambres\" \/>\n<meta property=\"og:description\" content=\"Regardez nos chambres agr\u00e9ables et confortables \u00e0 Be Zaragoza Hostel \u00e0 Zaragoza.\" \/>\n<meta property=\"og:url\" content=\"https:\/\/behostels.com\/fr\/zaragoza\/chambres\/\" \/>\n<meta property=\"og:site_name\" content=\"Be Hostels\" \/>\n<meta property=\"article:modified_time\" content=\"2015-07-07T23:46:28+00:00\" \/>\n<meta name=\"twitter:card\" content=\"summary_large_image\" \/>\n<meta name=\"twitter:label1\" content=\"Dur\u00e9e de lecture estim\u00e9e\" \/>\n\t<meta name=\"twitter:data1\" content=\"1 minute\" \/>\n<script type=\"application\/ld+json\" class=\"yoast-schema-graph\">{\"@context\":\"https:\/\/schema.org\",\"@graph\":[{\"@type\":\"WebPage\",\"@id\":\"https:\/\/behostels.com\/fr\/zaragoza\/chambres\/\",\"url\":\"https:\/\/behostels.com\/fr\/zaragoza\/chambres\/\",\"name\":\"Chambres\",\"isPartOf\":{\"@id\":\"https:\/\/behostels.com\/fr\/#website\"},\"datePublished\":\"2015-06-11T10:52:40+00:00\",\"dateModified\":\"2015-07-07T23:46:28+00:00\",\"description\":\"Regardez nos chambres agr\u00e9ables et confortables \u00e0 Be Zaragoza Hostel \u00e0 Zaragoza.\",\"breadcrumb\":{\"@id\":\"https:\/\/behostels.com\/fr\/zaragoza\/chambres\/#breadcrumb\"},\"inLanguage\":\"fr-FR\",\"potentialAction\":[{\"@type\":\"ReadAction\",\"target\":[\"https:\/\/behostels.com\/fr\/zaragoza\/chambres\/\"]}]},{\"@type\":\"BreadcrumbList\",\"@id\":\"https:\/\/behostels.com\/fr\/zaragoza\/chambres\/#breadcrumb\",\"itemListElement\":[{\"@type\":\"ListItem\",\"position\":1,\"name\":\"Home\",\"item\":\"https:\/\/behostels.com\/fr\/\"},{\"@type\":\"ListItem\",\"position\":2,\"name\":\"Be Hostels Zaragoza, votre auberge de jeunesse pr\u00e8s de la Plaza del Pilar\",\"item\":\"https:\/\/behostels.com\/fr\/zaragoza\/\"},{\"@type\":\"ListItem\",\"position\":3,\"name\":\"Be Hostel Zaragoza Chambres\"}]},{\"@type\":\"WebSite\",\"@id\":\"https:\/\/behostels.com\/fr\/#website\",\"url\":\"https:\/\/behostels.com\/fr\/\",\"name\":\"Be Hostels\",\"description\":\"\",\"publisher\":{\"@id\":\"https:\/\/behostels.com\/fr\/#organization\"},\"potentialAction\":[{\"@type\":\"SearchAction\",\"target\":{\"@type\":\"EntryPoint\",\"urlTemplate\":\"https:\/\/behostels.com\/fr\/?s={search_term_string}\"},\"query-input\":\"required name=search_term_string\"}],\"inLanguage\":\"fr-FR\"},{\"@type\":\"Organization\",\"@id\":\"https:\/\/behostels.com\/fr\/#organization\",\"name\":\"Be Hostels\",\"url\":\"https:\/\/behostels.com\/fr\/\",\"logo\":{\"@type\":\"ImageObject\",\"inLanguage\":\"fr-FR\",\"@id\":\"https:\/\/behostels.com\/fr\/#\/schema\/logo\/image\/\",\"url\":\"https:\/\/behostels.com\/wp-content\/uploads\/2015\/06\/be_reservations_logo.jpg\",\"contentUrl\":\"https:\/\/behostels.com\/wp-content\/uploads\/2015\/06\/be_reservations_logo.jpg\",\"width\":130,\"height\":130,\"caption\":\"Be Hostels\"},\"image\":{\"@id\":\"https:\/\/behostels.com\/fr\/#\/schema\/logo\/image\/\"}}]}<\/script>\n<!-- \/ Yoast SEO plugin. -->","yoast_head_json":{"title":"Chambres","description":"Regardez nos chambres agr\u00e9ables et confortables \u00e0 Be Zaragoza Hostel \u00e0 Zaragoza.","robots":{"index":"index","follow":"follow","max-snippet":"max-snippet:-1","max-image-preview":"max-image-preview:large","max-video-preview":"max-video-preview:-1"},"canonical":"https:\/\/behostels.com\/fr\/zaragoza\/chambres\/","og_locale":"fr_FR","og_type":"article","og_title":"Chambres","og_description":"Regardez nos chambres agr\u00e9ables et confortables \u00e0 Be Zaragoza Hostel \u00e0 Zaragoza.","og_url":"https:\/\/behostels.com\/fr\/zaragoza\/chambres\/","og_site_name":"Be Hostels","article_modified_time":"2015-07-07T23:46:28+00:00","twitter_card":"summary_large_image","twitter_misc":{"Dur\u00e9e de lecture estim\u00e9e":"1 minute"},"schema":{"@context":"https:\/\/schema.org","@graph":[{"@type":"WebPage","@id":"https:\/\/behostels.com\/fr\/zaragoza\/chambres\/","url":"https:\/\/behostels.com\/fr\/zaragoza\/chambres\/","name":"Chambres","isPartOf":{"@id":"https:\/\/behostels.com\/fr\/#website"},"datePublished":"2015-06-11T10:52:40+00:00","dateModified":"2015-07-07T23:46:28+00:00","description":"Regardez nos chambres agr\u00e9ables et confortables \u00e0 Be Zaragoza Hostel \u00e0 Zaragoza.","breadcrumb":{"@id":"https:\/\/behostels.com\/fr\/zaragoza\/chambres\/#breadcrumb"},"inLanguage":"fr-FR","potentialAction":[{"@type":"ReadAction","target":["https:\/\/behostels.com\/fr\/zaragoza\/chambres\/"]}]},{"@type":"BreadcrumbList","@id":"https:\/\/behostels.com\/fr\/zaragoza\/chambres\/#breadcrumb","itemListElement":[{"@type":"ListItem","position":1,"name":"Home","item":"https:\/\/behostels.com\/fr\/"},{"@type":"ListItem","position":2,"name":"Be Hostels Zaragoza, votre auberge de jeunesse pr\u00e8s de la Plaza del Pilar","item":"https:\/\/behostels.com\/fr\/zaragoza\/"},{"@type":"ListItem","position":3,"name":"Be Hostel Zaragoza Chambres"}]},{"@type":"WebSite","@id":"https:\/\/behostels.com\/fr\/#website","url":"https:\/\/behostels.com\/fr\/","name":"Be Hostels","description":"","publisher":{"@id":"https:\/\/behostels.com\/fr\/#organization"},"potentialAction":[{"@type":"SearchAction","target":{"@type":"EntryPoint","urlTemplate":"https:\/\/behostels.com\/fr\/?s={search_term_string}"},"query-input":"required name=search_term_string"}],"inLanguage":"fr-FR"},{"@type":"Organization","@id":"https:\/\/behostels.com\/fr\/#organization","name":"Be Hostels","url":"https:\/\/behostels.com\/fr\/","logo":{"@type":"ImageObject","inLanguage":"fr-FR","@id":"https:\/\/behostels.com\/fr\/#\/schema\/logo\/image\/","url":"https:\/\/behostels.com\/wp-content\/uploads\/2015\/06\/be_reservations_logo.jpg","contentUrl":"https:\/\/behostels.com\/wp-content\/uploads\/2015\/06\/be_reservations_logo.jpg","width":130,"height":130,"caption":"Be Hostels"},"image":{"@id":"https:\/\/behostels.com\/fr\/#\/schema\/logo\/image\/"}}]}},"_links":{"self":[{"href":"https:\/\/behostels.com\/fr\/wp-json\/wp\/v2\/pages\/347"}],"collection":[{"href":"https:\/\/behostels.com\/fr\/wp-json\/wp\/v2\/pages"}],"about":[{"href":"https:\/\/behostels.com\/fr\/wp-json\/wp\/v2\/types\/page"}],"author":[{"embeddable":true,"href":"https:\/\/behostels.com\/fr\/wp-json\/wp\/v2\/users\/1"}],"replies":[{"embeddable":true,"href":"https:\/\/behostels.com\/fr\/wp-json\/wp\/v2\/comments?post=347"}],"version-history":[{"count":0,"href":"https:\/\/behostels.com\/fr\/wp-json\/wp\/v2\/pages\/347\/revisions"}],"up":[{"embeddable":true,"href":"https:\/\/behostels.com\/fr\/wp-json\/wp\/v2\/pages\/320"}],"wp:attachment":[{"href":"https:\/\/behostels.com\/fr\/wp-json\/wp\/v2\/media?parent=347"}],"curies":[{"name":"wp","href":"https:\/\/api.w.org\/{rel}","templated":true}]}}